{"id":7220,"date":"2020-09-22T17:28:14","date_gmt":"2020-09-22T15:28:14","guid":{"rendered":"https:\/\/www.dulces-laponderosa.com\/producto\/polvoron-with-extra-virgin-olive-oil-and-almonds-350g-bag\/"},"modified":"2026-01-01T11:18:01","modified_gmt":"2026-01-01T10:18:01","slug":"polvoron-with-extra-virgin-olive-oil-and-almonds-350g-bag","status":"publish","type":"product","link":"https:\/\/www.dulces-laponderosa.com\/en\/buy-estepa\/polvoron-with-extra-virgin-olive-oil-and-almonds-350g-bag\/","title":{"rendered":"Polvor\u00f3n with extra virgin olive oil and almonds. 350G bag"},"content":{"rendered":"<section class=\"l-section wpb_row height_custom\"><div class=\"l-section-h i-cf\"><div class=\"g-cols vc_row via_flex valign_top type_default stacking_default\"><div class=\"vc_col-sm-12 wpb_column vc_column_container\"><div class=\"vc_column-inner\"><div class=\"wpb_wrapper\"><div class=\"wpb_text_column\"><div class=\"wpb_wrapper\"><h2>Ingredients<\/h2>\n<p>Pastry product, Ingredients: Flour<strong> wheat<\/strong> , sugar, extra virgin olive oil (22%),<strong> almond<\/strong> (6%), seeds of<strong> sesame<\/strong> and cinnamon.<\/p>\n<\/div><\/div><div class=\"w-separator size_medium\"><\/div><div class=\"wpb_text_column\"><div class=\"wpb_wrapper\"><h2>Allergens<\/h2>\n<p><strong>May contain traces of other nuts, peanuts and sulphites.<\/strong><\/p>\n<\/div><\/div><div class=\"w-separator size_medium\"><\/div><div class=\"wpb_text_column\"><div class=\"wpb_wrapper\"><h2>Nutritional table<\/h2>\n<\/div><\/div><\/div><\/div><\/div><\/div><\/div><\/section>\n","protected":false},"excerpt":{"rendered":"<p>Exquisite extra olive oil polvor\u00f3n. Made with the highest quality natural raw materials. If you want to bring the best gourmet sweets to your table this Christmas, Dulces La Ponderosa is the best choice. Now with sustainable packaging to reduce the pollution footprint and take care of our environment.<\/p>\n","protected":false},"featured_media":6212,"comment_status":"closed","ping_status":"closed","template":"","meta":{"_joinchat":[]},"product_brand":[],"product_cat":[876],"product_tag":[],"class_list":{"0":"post-7220","1":"product","2":"type-product","3":"status-publish","4":"has-post-thumbnail","6":"product_cat-special-selection","8":"first","9":"instock","10":"taxable","11":"shipping-taxable","12":"purchasable","13":"product-type-simple"},"yoast_head":"<!-- This site is optimized with the Yoast SEO plugin v27.2 - https:\/\/yoast.com\/product\/yoast-seo-wordpress\/ -->\n<title>Polvor\u00f3n with olive oil and almonds. 350G bag. Ponderosa sweets<\/title>\n<meta name=\"description\" content=\"Polvor\u00f3n with extra virgin olive oil and almonds. 350G bag. Exquisite polvor\u00f3n from our &quot;Special Selection&quot;.\" \/>\n<meta name=\"robots\" content=\"index, follow, max-snippet:-1, max-image-preview:large, max-video-preview:-1\" \/>\n<link rel=\"canonical\" href=\"https:\/\/www.dulces-laponderosa.com\/en\/buy-estepa\/polvoron-with-extra-virgin-olive-oil-and-almonds-350g-bag\/\" \/>\n<meta property=\"og:locale\" content=\"en_US\" \/>\n<meta property=\"og:type\" content=\"article\" \/>\n<meta property=\"og:title\" content=\"Polvor\u00f3n with olive oil and almonds. 350G bag. Ponderosa sweets\" \/>\n<meta property=\"og:description\" content=\"Polvor\u00f3n with extra virgin olive oil and almonds. 350G bag. Exquisite polvor\u00f3n from our &quot;Special Selection&quot;.\" \/>\n<meta property=\"og:url\" content=\"https:\/\/www.dulces-laponderosa.com\/en\/buy-estepa\/polvoron-with-extra-virgin-olive-oil-and-almonds-350g-bag\/\" \/>\n<meta property=\"og:site_name\" content=\"Dulces La Ponderosa\" \/>\n<meta property=\"article:modified_time\" content=\"2026-01-01T10:18:01+00:00\" \/>\n<meta property=\"og:image\" content=\"https:\/\/www.dulces-laponderosa.com\/wp-content\/uploads\/2020\/09\/Dulces-La-Ponderosa.-Polvoron-con-aceite-de-oliva-virgen-extra-y-almendra.-Bolsa-350G.Seleccion-especial.png\" \/>\n\t<meta property=\"og:image:width\" content=\"600\" \/>\n\t<meta property=\"og:image:height\" content=\"1060\" \/>\n\t<meta property=\"og:image:type\" content=\"image\/png\" \/>\n<meta name=\"twitter:card\" content=\"summary_large_image\" \/>\n<script type=\"application\/ld+json\" class=\"yoast-schema-graph\">{\"@context\":\"https:\/\/schema.org\",\"@graph\":[{\"@type\":\"WebPage\",\"@id\":\"https:\/\/www.dulces-laponderosa.com\/en\/buy-estepa\/polvoron-with-extra-virgin-olive-oil-and-almonds-350g-bag\/\",\"url\":\"https:\/\/www.dulces-laponderosa.com\/en\/buy-estepa\/polvoron-with-extra-virgin-olive-oil-and-almonds-350g-bag\/\",\"name\":\"Polvor\u00f3n with olive oil and almonds. 350G bag. Ponderosa sweets\",\"isPartOf\":{\"@id\":\"https:\/\/www.dulces-laponderosa.com\/en\/#website\"},\"primaryImageOfPage\":{\"@id\":\"https:\/\/www.dulces-laponderosa.com\/en\/buy-estepa\/polvoron-with-extra-virgin-olive-oil-and-almonds-350g-bag\/#primaryimage\"},\"image\":{\"@id\":\"https:\/\/www.dulces-laponderosa.com\/en\/buy-estepa\/polvoron-with-extra-virgin-olive-oil-and-almonds-350g-bag\/#primaryimage\"},\"thumbnailUrl\":\"https:\/\/www.dulces-laponderosa.com\/wp-content\/uploads\/2020\/09\/Dulces-La-Ponderosa.-Polvoron-con-aceite-de-oliva-virgen-extra-y-almendra.-Bolsa-350G.Seleccion-especial.png\",\"datePublished\":\"2020-09-22T15:28:14+00:00\",\"dateModified\":\"2026-01-01T10:18:01+00:00\",\"description\":\"Polvor\u00f3n with extra virgin olive oil and almonds. 350G bag. Exquisite polvor\u00f3n from our \\\"Special Selection\\\".\",\"breadcrumb\":{\"@id\":\"https:\/\/www.dulces-laponderosa.com\/en\/buy-estepa\/polvoron-with-extra-virgin-olive-oil-and-almonds-350g-bag\/#breadcrumb\"},\"inLanguage\":\"en-US\",\"potentialAction\":[{\"@type\":\"ReadAction\",\"target\":[\"https:\/\/www.dulces-laponderosa.com\/en\/buy-estepa\/polvoron-with-extra-virgin-olive-oil-and-almonds-350g-bag\/\"]}]},{\"@type\":\"ImageObject\",\"inLanguage\":\"en-US\",\"@id\":\"https:\/\/www.dulces-laponderosa.com\/en\/buy-estepa\/polvoron-with-extra-virgin-olive-oil-and-almonds-350g-bag\/#primaryimage\",\"url\":\"https:\/\/www.dulces-laponderosa.com\/wp-content\/uploads\/2020\/09\/Dulces-La-Ponderosa.-Polvoron-con-aceite-de-oliva-virgen-extra-y-almendra.-Bolsa-350G.Seleccion-especial.png\",\"contentUrl\":\"https:\/\/www.dulces-laponderosa.com\/wp-content\/uploads\/2020\/09\/Dulces-La-Ponderosa.-Polvoron-con-aceite-de-oliva-virgen-extra-y-almendra.-Bolsa-350G.Seleccion-especial.png\",\"width\":600,\"height\":1060,\"caption\":\"Polvor\u00f3n with extra virgin olive oil and almonds\"},{\"@type\":\"BreadcrumbList\",\"@id\":\"https:\/\/www.dulces-laponderosa.com\/en\/buy-estepa\/polvoron-with-extra-virgin-olive-oil-and-almonds-350g-bag\/#breadcrumb\",\"itemListElement\":[{\"@type\":\"ListItem\",\"position\":1,\"name\":\"Portada\",\"item\":\"https:\/\/www.dulces-laponderosa.com\/en\/\"},{\"@type\":\"ListItem\",\"position\":2,\"name\":\"Store\",\"item\":\"https:\/\/www.dulces-laponderosa.com\/en\/store\/\"},{\"@type\":\"ListItem\",\"position\":3,\"name\":\"Polvor\u00f3n with extra virgin olive oil and almonds. 350G bag\"}]},{\"@type\":\"WebSite\",\"@id\":\"https:\/\/www.dulces-laponderosa.com\/en\/#website\",\"url\":\"https:\/\/www.dulces-laponderosa.com\/en\/\",\"name\":\"Dulces La Ponderosa\",\"description\":\"Dulces de Navidad desde 1955\",\"potentialAction\":[{\"@type\":\"SearchAction\",\"target\":{\"@type\":\"EntryPoint\",\"urlTemplate\":\"https:\/\/www.dulces-laponderosa.com\/en\/?s={search_term_string}\"},\"query-input\":{\"@type\":\"PropertyValueSpecification\",\"valueRequired\":true,\"valueName\":\"search_term_string\"}}],\"inLanguage\":\"en-US\"}]}<\/script>\n<!-- \/ Yoast SEO plugin. -->","yoast_head_json":{"title":"Polvor\u00f3n with olive oil and almonds. 350G bag. Ponderosa sweets","description":"Polvor\u00f3n with extra virgin olive oil and almonds. 350G bag. Exquisite polvor\u00f3n from our \"Special Selection\".","robots":{"index":"index","follow":"follow","max-snippet":"max-snippet:-1","max-image-preview":"max-image-preview:large","max-video-preview":"max-video-preview:-1"},"canonical":"https:\/\/www.dulces-laponderosa.com\/en\/buy-estepa\/polvoron-with-extra-virgin-olive-oil-and-almonds-350g-bag\/","og_locale":"en_US","og_type":"article","og_title":"Polvor\u00f3n with olive oil and almonds. 350G bag. Ponderosa sweets","og_description":"Polvor\u00f3n with extra virgin olive oil and almonds. 350G bag. Exquisite polvor\u00f3n from our \"Special Selection\".","og_url":"https:\/\/www.dulces-laponderosa.com\/en\/buy-estepa\/polvoron-with-extra-virgin-olive-oil-and-almonds-350g-bag\/","og_site_name":"Dulces La Ponderosa","article_modified_time":"2026-01-01T10:18:01+00:00","og_image":[{"width":600,"height":1060,"url":"https:\/\/www.dulces-laponderosa.com\/wp-content\/uploads\/2020\/09\/Dulces-La-Ponderosa.-Polvoron-con-aceite-de-oliva-virgen-extra-y-almendra.-Bolsa-350G.Seleccion-especial.png","type":"image\/png"}],"twitter_card":"summary_large_image","schema":{"@context":"https:\/\/schema.org","@graph":[{"@type":"WebPage","@id":"https:\/\/www.dulces-laponderosa.com\/en\/buy-estepa\/polvoron-with-extra-virgin-olive-oil-and-almonds-350g-bag\/","url":"https:\/\/www.dulces-laponderosa.com\/en\/buy-estepa\/polvoron-with-extra-virgin-olive-oil-and-almonds-350g-bag\/","name":"Polvor\u00f3n with olive oil and almonds. 350G bag. Ponderosa sweets","isPartOf":{"@id":"https:\/\/www.dulces-laponderosa.com\/en\/#website"},"primaryImageOfPage":{"@id":"https:\/\/www.dulces-laponderosa.com\/en\/buy-estepa\/polvoron-with-extra-virgin-olive-oil-and-almonds-350g-bag\/#primaryimage"},"image":{"@id":"https:\/\/www.dulces-laponderosa.com\/en\/buy-estepa\/polvoron-with-extra-virgin-olive-oil-and-almonds-350g-bag\/#primaryimage"},"thumbnailUrl":"https:\/\/www.dulces-laponderosa.com\/wp-content\/uploads\/2020\/09\/Dulces-La-Ponderosa.-Polvoron-con-aceite-de-oliva-virgen-extra-y-almendra.-Bolsa-350G.Seleccion-especial.png","datePublished":"2020-09-22T15:28:14+00:00","dateModified":"2026-01-01T10:18:01+00:00","description":"Polvor\u00f3n with extra virgin olive oil and almonds. 350G bag. Exquisite polvor\u00f3n from our \"Special Selection\".","breadcrumb":{"@id":"https:\/\/www.dulces-laponderosa.com\/en\/buy-estepa\/polvoron-with-extra-virgin-olive-oil-and-almonds-350g-bag\/#breadcrumb"},"inLanguage":"en-US","potentialAction":[{"@type":"ReadAction","target":["https:\/\/www.dulces-laponderosa.com\/en\/buy-estepa\/polvoron-with-extra-virgin-olive-oil-and-almonds-350g-bag\/"]}]},{"@type":"ImageObject","inLanguage":"en-US","@id":"https:\/\/www.dulces-laponderosa.com\/en\/buy-estepa\/polvoron-with-extra-virgin-olive-oil-and-almonds-350g-bag\/#primaryimage","url":"https:\/\/www.dulces-laponderosa.com\/wp-content\/uploads\/2020\/09\/Dulces-La-Ponderosa.-Polvoron-con-aceite-de-oliva-virgen-extra-y-almendra.-Bolsa-350G.Seleccion-especial.png","contentUrl":"https:\/\/www.dulces-laponderosa.com\/wp-content\/uploads\/2020\/09\/Dulces-La-Ponderosa.-Polvoron-con-aceite-de-oliva-virgen-extra-y-almendra.-Bolsa-350G.Seleccion-especial.png","width":600,"height":1060,"caption":"Polvor\u00f3n with extra virgin olive oil and almonds"},{"@type":"BreadcrumbList","@id":"https:\/\/www.dulces-laponderosa.com\/en\/buy-estepa\/polvoron-with-extra-virgin-olive-oil-and-almonds-350g-bag\/#breadcrumb","itemListElement":[{"@type":"ListItem","position":1,"name":"Portada","item":"https:\/\/www.dulces-laponderosa.com\/en\/"},{"@type":"ListItem","position":2,"name":"Store","item":"https:\/\/www.dulces-laponderosa.com\/en\/store\/"},{"@type":"ListItem","position":3,"name":"Polvor\u00f3n with extra virgin olive oil and almonds. 350G bag"}]},{"@type":"WebSite","@id":"https:\/\/www.dulces-laponderosa.com\/en\/#website","url":"https:\/\/www.dulces-laponderosa.com\/en\/","name":"Dulces La Ponderosa","description":"Dulces de Navidad desde 1955","potentialAction":[{"@type":"SearchAction","target":{"@type":"EntryPoint","urlTemplate":"https:\/\/www.dulces-laponderosa.com\/en\/?s={search_term_string}"},"query-input":{"@type":"PropertyValueSpecification","valueRequired":true,"valueName":"search_term_string"}}],"inLanguage":"en-US"}]}},"_links":{"self":[{"href":"https:\/\/www.dulces-laponderosa.com\/en\/wp-json\/wp\/v2\/product\/7220","targetHints":{"allow":["GET"]}}],"collection":[{"href":"https:\/\/www.dulces-laponderosa.com\/en\/wp-json\/wp\/v2\/product"}],"about":[{"href":"https:\/\/www.dulces-laponderosa.com\/en\/wp-json\/wp\/v2\/types\/product"}],"replies":[{"embeddable":true,"href":"https:\/\/www.dulces-laponderosa.com\/en\/wp-json\/wp\/v2\/comments?post=7220"}],"wp:featuredmedia":[{"embeddable":true,"href":"https:\/\/www.dulces-laponderosa.com\/en\/wp-json\/wp\/v2\/media\/6212"}],"wp:attachment":[{"href":"https:\/\/www.dulces-laponderosa.com\/en\/wp-json\/wp\/v2\/media?parent=7220"}],"wp:term":[{"taxonomy":"product_brand","embeddable":true,"href":"https:\/\/www.dulces-laponderosa.com\/en\/wp-json\/wp\/v2\/product_brand?post=7220"},{"taxonomy":"product_cat","embeddable":true,"href":"https:\/\/www.dulces-laponderosa.com\/en\/wp-json\/wp\/v2\/product_cat?post=7220"},{"taxonomy":"product_tag","embeddable":true,"href":"https:\/\/www.dulces-laponderosa.com\/en\/wp-json\/wp\/v2\/product_tag?post=7220"}],"curies":[{"name":"wp","href":"https:\/\/api.w.org\/{rel}","templated":true}]}}