{"id":7222,"date":"2020-09-22T15:58:42","date_gmt":"2020-09-22T13:58:42","guid":{"rendered":"https:\/\/www.dulces-laponderosa.com\/producto\/polvoron-with-whole-almonds-350g-bag\/"},"modified":"2025-09-18T12:41:10","modified_gmt":"2025-09-18T10:41:10","slug":"polvoron-with-whole-almonds-350g-bag","status":"publish","type":"product","link":"https:\/\/www.dulces-laponderosa.com\/en\/buy-estepa\/polvoron-with-whole-almonds-350g-bag\/","title":{"rendered":"Polvor\u00f3n with whole almonds. 350G bag"},"content":{"rendered":"<section class=\"l-section wpb_row height_custom\"><div class=\"l-section-h i-cf\"><div class=\"g-cols vc_row via_flex valign_top type_default stacking_default\"><div class=\"vc_col-sm-12 wpb_column vc_column_container\"><div class=\"vc_column-inner\"><div class=\"wpb_wrapper\"><div class=\"wpb_text_column\"><div class=\"wpb_wrapper\"><h2>Ingredients<\/h2>\n<p>Pastry product. Ingredients: Flour<strong> wheat<\/strong> , sugar, Iberian lard (antioxidant: E-320),<strong> almond<\/strong> (15%) cinnamon and cloves.<\/p>\n<\/div><\/div><div class=\"w-separator size_medium\"><\/div><div class=\"wpb_text_column\"><div class=\"wpb_wrapper\"><h2>Allergens<\/h2>\n<p><strong>May contain traces of other nuts, peanuts, sesame and sulphites. <\/strong><\/p>\n<\/div><\/div><div class=\"w-separator size_medium\"><\/div><div class=\"wpb_text_column\"><div class=\"wpb_wrapper\"><h2>Nutritional table<\/h2>\n<p><iframe src=\"https:\/\/docs.google.com\/spreadsheets\/d\/e\/2PACX-1vT9OdDAmz161xIxgc0bPRZvx02DMV0YHSghnO7dcm6ZjO1CyzGy0EZWYn1pcw_J1hodyfgYlLOWuSd8\/pubhtml?gid=2064509485&amp;single=true&amp;widget=true&amp;headers=false\" width=\"100%\" height=\"350\"><\/iframe><\/p>\n<\/div><\/div><\/div><\/div><\/div><\/div><\/div><\/section>\n","protected":false},"excerpt":{"rendered":"<p>Exquisite polvor\u00f3n with whole almonds. Made in an artisanal way and following the recipes of our ancestors. This typical Christmas sweet cannot be missing from our tables during these special dates. Ideal to taste alone or with a tea or coffee, it will not leave anyone indifferent since in each bite you can notice whole almonds of the best quality, giving it an unmistakable flavor.<\/p>\n<p>Our polvor\u00f3n with almonds from our special selection is presented in a sustainable container because at Dulces La Ponderosa we are aware of minimizing our footprint of contamination.<\/p>\n","protected":false},"featured_media":6199,"comment_status":"closed","ping_status":"closed","template":"","meta":{"_joinchat":[]},"product_brand":[],"product_cat":[876],"product_tag":[],"class_list":{"0":"post-7222","1":"product","2":"type-product","3":"status-publish","4":"has-post-thumbnail","6":"product_cat-special-selection","8":"first","9":"instock","10":"taxable","11":"shipping-taxable","12":"purchasable","13":"product-type-simple"},"yoast_head":"<!-- This site is optimized with the Yoast SEO plugin v27.2 - https:\/\/yoast.com\/product\/yoast-seo-wordpress\/ -->\n<title>Polvor\u00f3n with whole almonds. 350G bag - Dulces La Ponderosa<\/title>\n<meta name=\"description\" content=\"Polvor\u00f3n with whole almonds. 350G bag. Traditional almond polvor\u00f3n with top quality ingredients.\" \/>\n<meta name=\"robots\" content=\"index, follow, max-snippet:-1, max-image-preview:large, max-video-preview:-1\" \/>\n<link rel=\"canonical\" href=\"https:\/\/www.dulces-laponderosa.com\/en\/buy-estepa\/polvoron-with-whole-almonds-350g-bag\/\" \/>\n<meta property=\"og:locale\" content=\"en_US\" \/>\n<meta property=\"og:type\" content=\"article\" \/>\n<meta property=\"og:title\" content=\"Polvor\u00f3n with whole almonds. 350G bag - Dulces La Ponderosa\" \/>\n<meta property=\"og:description\" content=\"Polvor\u00f3n with whole almonds. 350G bag. Traditional almond polvor\u00f3n with top quality ingredients.\" \/>\n<meta property=\"og:url\" content=\"https:\/\/www.dulces-laponderosa.com\/en\/buy-estepa\/polvoron-with-whole-almonds-350g-bag\/\" \/>\n<meta property=\"og:site_name\" content=\"Dulces La Ponderosa\" \/>\n<meta property=\"article:modified_time\" content=\"2025-09-18T10:41:10+00:00\" \/>\n<meta property=\"og:image\" content=\"https:\/\/www.dulces-laponderosa.com\/wp-content\/uploads\/2020\/09\/Dulces-La-Ponderosa.-Polvoron-con-almendra-entera.-Bolsa-350G.Seleccion-especial.png\" \/>\n\t<meta property=\"og:image:width\" content=\"600\" \/>\n\t<meta property=\"og:image:height\" content=\"1060\" \/>\n\t<meta property=\"og:image:type\" content=\"image\/png\" \/>\n<meta name=\"twitter:card\" content=\"summary_large_image\" \/>\n<script type=\"application\/ld+json\" class=\"yoast-schema-graph\">{\"@context\":\"https:\/\/schema.org\",\"@graph\":[{\"@type\":\"WebPage\",\"@id\":\"https:\/\/www.dulces-laponderosa.com\/en\/buy-estepa\/polvoron-with-whole-almonds-350g-bag\/\",\"url\":\"https:\/\/www.dulces-laponderosa.com\/en\/buy-estepa\/polvoron-with-whole-almonds-350g-bag\/\",\"name\":\"Polvor\u00f3n with whole almonds. 350G bag - Dulces La Ponderosa\",\"isPartOf\":{\"@id\":\"https:\/\/www.dulces-laponderosa.com\/en\/#website\"},\"primaryImageOfPage\":{\"@id\":\"https:\/\/www.dulces-laponderosa.com\/en\/buy-estepa\/polvoron-with-whole-almonds-350g-bag\/#primaryimage\"},\"image\":{\"@id\":\"https:\/\/www.dulces-laponderosa.com\/en\/buy-estepa\/polvoron-with-whole-almonds-350g-bag\/#primaryimage\"},\"thumbnailUrl\":\"https:\/\/www.dulces-laponderosa.com\/wp-content\/uploads\/2020\/09\/Dulces-La-Ponderosa.-Polvoron-con-almendra-entera.-Bolsa-350G.Seleccion-especial.png\",\"datePublished\":\"2020-09-22T13:58:42+00:00\",\"dateModified\":\"2025-09-18T10:41:10+00:00\",\"description\":\"Polvor\u00f3n with whole almonds. 350G bag. Traditional almond polvor\u00f3n with top quality ingredients.\",\"breadcrumb\":{\"@id\":\"https:\/\/www.dulces-laponderosa.com\/en\/buy-estepa\/polvoron-with-whole-almonds-350g-bag\/#breadcrumb\"},\"inLanguage\":\"en-US\",\"potentialAction\":[{\"@type\":\"ReadAction\",\"target\":[\"https:\/\/www.dulces-laponderosa.com\/en\/buy-estepa\/polvoron-with-whole-almonds-350g-bag\/\"]}]},{\"@type\":\"ImageObject\",\"inLanguage\":\"en-US\",\"@id\":\"https:\/\/www.dulces-laponderosa.com\/en\/buy-estepa\/polvoron-with-whole-almonds-350g-bag\/#primaryimage\",\"url\":\"https:\/\/www.dulces-laponderosa.com\/wp-content\/uploads\/2020\/09\/Dulces-La-Ponderosa.-Polvoron-con-almendra-entera.-Bolsa-350G.Seleccion-especial.png\",\"contentUrl\":\"https:\/\/www.dulces-laponderosa.com\/wp-content\/uploads\/2020\/09\/Dulces-La-Ponderosa.-Polvoron-con-almendra-entera.-Bolsa-350G.Seleccion-especial.png\",\"width\":600,\"height\":1060,\"caption\":\"Polvor\u00f3n with whole almond\"},{\"@type\":\"BreadcrumbList\",\"@id\":\"https:\/\/www.dulces-laponderosa.com\/en\/buy-estepa\/polvoron-with-whole-almonds-350g-bag\/#breadcrumb\",\"itemListElement\":[{\"@type\":\"ListItem\",\"position\":1,\"name\":\"Portada\",\"item\":\"https:\/\/www.dulces-laponderosa.com\/en\/\"},{\"@type\":\"ListItem\",\"position\":2,\"name\":\"Store\",\"item\":\"https:\/\/www.dulces-laponderosa.com\/en\/store\/\"},{\"@type\":\"ListItem\",\"position\":3,\"name\":\"Polvor\u00f3n with whole almonds. 350G bag\"}]},{\"@type\":\"WebSite\",\"@id\":\"https:\/\/www.dulces-laponderosa.com\/en\/#website\",\"url\":\"https:\/\/www.dulces-laponderosa.com\/en\/\",\"name\":\"Dulces La Ponderosa\",\"description\":\"Dulces de Navidad desde 1955\",\"potentialAction\":[{\"@type\":\"SearchAction\",\"target\":{\"@type\":\"EntryPoint\",\"urlTemplate\":\"https:\/\/www.dulces-laponderosa.com\/en\/?s={search_term_string}\"},\"query-input\":{\"@type\":\"PropertyValueSpecification\",\"valueRequired\":true,\"valueName\":\"search_term_string\"}}],\"inLanguage\":\"en-US\"}]}<\/script>\n<!-- \/ Yoast SEO plugin. -->","yoast_head_json":{"title":"Polvor\u00f3n with whole almonds. 350G bag - Dulces La Ponderosa","description":"Polvor\u00f3n with whole almonds. 350G bag. Traditional almond polvor\u00f3n with top quality ingredients.","robots":{"index":"index","follow":"follow","max-snippet":"max-snippet:-1","max-image-preview":"max-image-preview:large","max-video-preview":"max-video-preview:-1"},"canonical":"https:\/\/www.dulces-laponderosa.com\/en\/buy-estepa\/polvoron-with-whole-almonds-350g-bag\/","og_locale":"en_US","og_type":"article","og_title":"Polvor\u00f3n with whole almonds. 350G bag - Dulces La Ponderosa","og_description":"Polvor\u00f3n with whole almonds. 350G bag. Traditional almond polvor\u00f3n with top quality ingredients.","og_url":"https:\/\/www.dulces-laponderosa.com\/en\/buy-estepa\/polvoron-with-whole-almonds-350g-bag\/","og_site_name":"Dulces La Ponderosa","article_modified_time":"2025-09-18T10:41:10+00:00","og_image":[{"width":600,"height":1060,"url":"https:\/\/www.dulces-laponderosa.com\/wp-content\/uploads\/2020\/09\/Dulces-La-Ponderosa.-Polvoron-con-almendra-entera.-Bolsa-350G.Seleccion-especial.png","type":"image\/png"}],"twitter_card":"summary_large_image","schema":{"@context":"https:\/\/schema.org","@graph":[{"@type":"WebPage","@id":"https:\/\/www.dulces-laponderosa.com\/en\/buy-estepa\/polvoron-with-whole-almonds-350g-bag\/","url":"https:\/\/www.dulces-laponderosa.com\/en\/buy-estepa\/polvoron-with-whole-almonds-350g-bag\/","name":"Polvor\u00f3n with whole almonds. 350G bag - Dulces La Ponderosa","isPartOf":{"@id":"https:\/\/www.dulces-laponderosa.com\/en\/#website"},"primaryImageOfPage":{"@id":"https:\/\/www.dulces-laponderosa.com\/en\/buy-estepa\/polvoron-with-whole-almonds-350g-bag\/#primaryimage"},"image":{"@id":"https:\/\/www.dulces-laponderosa.com\/en\/buy-estepa\/polvoron-with-whole-almonds-350g-bag\/#primaryimage"},"thumbnailUrl":"https:\/\/www.dulces-laponderosa.com\/wp-content\/uploads\/2020\/09\/Dulces-La-Ponderosa.-Polvoron-con-almendra-entera.-Bolsa-350G.Seleccion-especial.png","datePublished":"2020-09-22T13:58:42+00:00","dateModified":"2025-09-18T10:41:10+00:00","description":"Polvor\u00f3n with whole almonds. 350G bag. Traditional almond polvor\u00f3n with top quality ingredients.","breadcrumb":{"@id":"https:\/\/www.dulces-laponderosa.com\/en\/buy-estepa\/polvoron-with-whole-almonds-350g-bag\/#breadcrumb"},"inLanguage":"en-US","potentialAction":[{"@type":"ReadAction","target":["https:\/\/www.dulces-laponderosa.com\/en\/buy-estepa\/polvoron-with-whole-almonds-350g-bag\/"]}]},{"@type":"ImageObject","inLanguage":"en-US","@id":"https:\/\/www.dulces-laponderosa.com\/en\/buy-estepa\/polvoron-with-whole-almonds-350g-bag\/#primaryimage","url":"https:\/\/www.dulces-laponderosa.com\/wp-content\/uploads\/2020\/09\/Dulces-La-Ponderosa.-Polvoron-con-almendra-entera.-Bolsa-350G.Seleccion-especial.png","contentUrl":"https:\/\/www.dulces-laponderosa.com\/wp-content\/uploads\/2020\/09\/Dulces-La-Ponderosa.-Polvoron-con-almendra-entera.-Bolsa-350G.Seleccion-especial.png","width":600,"height":1060,"caption":"Polvor\u00f3n with whole almond"},{"@type":"BreadcrumbList","@id":"https:\/\/www.dulces-laponderosa.com\/en\/buy-estepa\/polvoron-with-whole-almonds-350g-bag\/#breadcrumb","itemListElement":[{"@type":"ListItem","position":1,"name":"Portada","item":"https:\/\/www.dulces-laponderosa.com\/en\/"},{"@type":"ListItem","position":2,"name":"Store","item":"https:\/\/www.dulces-laponderosa.com\/en\/store\/"},{"@type":"ListItem","position":3,"name":"Polvor\u00f3n with whole almonds. 350G bag"}]},{"@type":"WebSite","@id":"https:\/\/www.dulces-laponderosa.com\/en\/#website","url":"https:\/\/www.dulces-laponderosa.com\/en\/","name":"Dulces La Ponderosa","description":"Dulces de Navidad desde 1955","potentialAction":[{"@type":"SearchAction","target":{"@type":"EntryPoint","urlTemplate":"https:\/\/www.dulces-laponderosa.com\/en\/?s={search_term_string}"},"query-input":{"@type":"PropertyValueSpecification","valueRequired":true,"valueName":"search_term_string"}}],"inLanguage":"en-US"}]}},"_links":{"self":[{"href":"https:\/\/www.dulces-laponderosa.com\/en\/wp-json\/wp\/v2\/product\/7222","targetHints":{"allow":["GET"]}}],"collection":[{"href":"https:\/\/www.dulces-laponderosa.com\/en\/wp-json\/wp\/v2\/product"}],"about":[{"href":"https:\/\/www.dulces-laponderosa.com\/en\/wp-json\/wp\/v2\/types\/product"}],"replies":[{"embeddable":true,"href":"https:\/\/www.dulces-laponderosa.com\/en\/wp-json\/wp\/v2\/comments?post=7222"}],"wp:featuredmedia":[{"embeddable":true,"href":"https:\/\/www.dulces-laponderosa.com\/en\/wp-json\/wp\/v2\/media\/6199"}],"wp:attachment":[{"href":"https:\/\/www.dulces-laponderosa.com\/en\/wp-json\/wp\/v2\/media?parent=7222"}],"wp:term":[{"taxonomy":"product_brand","embeddable":true,"href":"https:\/\/www.dulces-laponderosa.com\/en\/wp-json\/wp\/v2\/product_brand?post=7222"},{"taxonomy":"product_cat","embeddable":true,"href":"https:\/\/www.dulces-laponderosa.com\/en\/wp-json\/wp\/v2\/product_cat?post=7222"},{"taxonomy":"product_tag","embeddable":true,"href":"https:\/\/www.dulces-laponderosa.com\/en\/wp-json\/wp\/v2\/product_tag?post=7222"}],"curies":[{"name":"wp","href":"https:\/\/api.w.org\/{rel}","templated":true}]}}