{"id":6878,"date":"2021-07-27T17:55:23","date_gmt":"2021-07-27T15:55:23","guid":{"rendered":"https:\/\/www.dulces-laponderosa.com\/catalogue\/"},"modified":"2021-07-28T10:58:03","modified_gmt":"2021-07-28T08:58:03","slug":"catalogue","status":"publish","type":"page","link":"https:\/\/www.dulces-laponderosa.com\/fr\/catalogue\/","title":{"rendered":"Catalogue"},"content":{"rendered":"<section class=\"l-section wpb_row height_custom\"><div class=\"l-section-h i-cf\"><div class=\"g-cols vc_row via_flex valign_top type_default stacking_default\"><div class=\"vc_col-sm-12 wpb_column vc_column_container\"><div class=\"vc_column-inner\"><div class=\"wpb_wrapper\"><div class=\"w-btn-wrapper align_center\"><a class=\"w-btn us-btn-style_1 us_custom_eb849559\" title=\"Catalogue\" target=\"_blank\" rel=\"nofollow\" href=\"https:\/\/www.dulces-laponderosa.com\/wp-content\/uploads\/2017\/09\/Catalogo-LaPonderosa_2017.pdf\"><span class=\"w-btn-label\">T\u00e9l\u00e9charger le catalogue<\/span><\/a><\/div><\/div><\/div><\/div><\/div><\/div><\/section><section class=\"l-section wpb_row height_custom\"><div class=\"l-section-h i-cf\"><div class=\"g-cols vc_row via_flex valign_top type_default stacking_default\"><div class=\"vc_col-sm-12 wpb_column vc_column_container\"><div class=\"vc_column-inner\"><div class=\"wpb_wrapper\"><div class=\"wpb_text_column\"><div class=\"wpb_wrapper\"><div class=\"issuuembed\" style=\"width: 100%; height: 900px;\" data-configid=\"33238829\/60357729\"><\/div>\n<p><script type=\"text\/javascript\" src=\"\/\/e.issuu.com\/embed.js\" async=\"true\"><\/script><\/p>\n<\/div><\/div><\/div><\/div><\/div><\/div><\/div><\/section>\n","protected":false},"excerpt":{"rendered":"T\u00e9l\u00e9charger le catalogue","protected":false},"author":3,"featured_media":0,"parent":0,"menu_order":0,"comment_status":"closed","ping_status":"closed","template":"","meta":{"_joinchat":[],"footnotes":""},"class_list":["post-6878","page","type-page","status-publish","hentry"],"yoast_head":"<!-- This site is optimized with the Yoast SEO plugin v27.2 - https:\/\/yoast.com\/product\/yoast-seo-wordpress\/ -->\n<title>Catalogue - Dulces La Ponderosa<\/title>\n<meta name=\"description\" content=\"D\u00e9couvrez le catalogue que La Ponderosa a pr\u00e9par\u00e9 pour cette ann\u00e9e. La Ponderosa rapporte \u00e0 la maison les meilleurs bonbons de No\u00ebl !\" \/>\n<meta name=\"robots\" content=\"index, follow, max-snippet:-1, max-image-preview:large, max-video-preview:-1\" \/>\n<link rel=\"canonical\" href=\"https:\/\/www.dulces-laponderosa.com\/fr\/catalogue\/\" \/>\n<meta property=\"og:locale\" content=\"fr_FR\" \/>\n<meta property=\"og:type\" content=\"article\" \/>\n<meta property=\"og:title\" content=\"Catalogue - Dulces La Ponderosa\" \/>\n<meta property=\"og:description\" content=\"D\u00e9couvrez le catalogue que La Ponderosa a pr\u00e9par\u00e9 pour cette ann\u00e9e. La Ponderosa rapporte \u00e0 la maison les meilleurs bonbons de No\u00ebl !\" \/>\n<meta property=\"og:url\" content=\"https:\/\/www.dulces-laponderosa.com\/fr\/catalogue\/\" \/>\n<meta property=\"og:site_name\" content=\"Dulces La Ponderosa\" \/>\n<meta property=\"article:modified_time\" content=\"2021-07-28T08:58:03+00:00\" \/>\n<meta name=\"twitter:card\" content=\"summary_large_image\" \/>\n<script type=\"application\/ld+json\" class=\"yoast-schema-graph\">{\"@context\":\"https:\/\/schema.org\",\"@graph\":[{\"@type\":\"WebPage\",\"@id\":\"https:\/\/www.dulces-laponderosa.com\/fr\/catalogue\/\",\"url\":\"https:\/\/www.dulces-laponderosa.com\/fr\/catalogue\/\",\"name\":\"Catalogue - Dulces La Ponderosa\",\"isPartOf\":{\"@id\":\"https:\/\/www.dulces-laponderosa.com\/fr\/#website\"},\"datePublished\":\"2021-07-27T15:55:23+00:00\",\"dateModified\":\"2021-07-28T08:58:03+00:00\",\"description\":\"D\u00e9couvrez le catalogue que La Ponderosa a pr\u00e9par\u00e9 pour cette ann\u00e9e. La Ponderosa rapporte \u00e0 la maison les meilleurs bonbons de No\u00ebl !\",\"breadcrumb\":{\"@id\":\"https:\/\/www.dulces-laponderosa.com\/fr\/catalogue\/#breadcrumb\"},\"inLanguage\":\"fr-FR\",\"potentialAction\":[{\"@type\":\"ReadAction\",\"target\":[\"https:\/\/www.dulces-laponderosa.com\/fr\/catalogue\/\"]}]},{\"@type\":\"BreadcrumbList\",\"@id\":\"https:\/\/www.dulces-laponderosa.com\/fr\/catalogue\/#breadcrumb\",\"itemListElement\":[{\"@type\":\"ListItem\",\"position\":1,\"name\":\"Portada\",\"item\":\"https:\/\/www.dulces-laponderosa.com\/fr\/\"},{\"@type\":\"ListItem\",\"position\":2,\"name\":\"Catalogue\"}]},{\"@type\":\"WebSite\",\"@id\":\"https:\/\/www.dulces-laponderosa.com\/fr\/#website\",\"url\":\"https:\/\/www.dulces-laponderosa.com\/fr\/\",\"name\":\"Dulces La Ponderosa\",\"description\":\"Dulces de Navidad desde 1955\",\"potentialAction\":[{\"@type\":\"SearchAction\",\"target\":{\"@type\":\"EntryPoint\",\"urlTemplate\":\"https:\/\/www.dulces-laponderosa.com\/fr\/?s={search_term_string}\"},\"query-input\":{\"@type\":\"PropertyValueSpecification\",\"valueRequired\":true,\"valueName\":\"search_term_string\"}}],\"inLanguage\":\"fr-FR\"}]}<\/script>\n<!-- \/ Yoast SEO plugin. -->","yoast_head_json":{"title":"Catalogue - Dulces La Ponderosa","description":"D\u00e9couvrez le catalogue que La Ponderosa a pr\u00e9par\u00e9 pour cette ann\u00e9e. La Ponderosa rapporte \u00e0 la maison les meilleurs bonbons de No\u00ebl !","robots":{"index":"index","follow":"follow","max-snippet":"max-snippet:-1","max-image-preview":"max-image-preview:large","max-video-preview":"max-video-preview:-1"},"canonical":"https:\/\/www.dulces-laponderosa.com\/fr\/catalogue\/","og_locale":"fr_FR","og_type":"article","og_title":"Catalogue - Dulces La Ponderosa","og_description":"D\u00e9couvrez le catalogue que La Ponderosa a pr\u00e9par\u00e9 pour cette ann\u00e9e. La Ponderosa rapporte \u00e0 la maison les meilleurs bonbons de No\u00ebl !","og_url":"https:\/\/www.dulces-laponderosa.com\/fr\/catalogue\/","og_site_name":"Dulces La Ponderosa","article_modified_time":"2021-07-28T08:58:03+00:00","twitter_card":"summary_large_image","schema":{"@context":"https:\/\/schema.org","@graph":[{"@type":"WebPage","@id":"https:\/\/www.dulces-laponderosa.com\/fr\/catalogue\/","url":"https:\/\/www.dulces-laponderosa.com\/fr\/catalogue\/","name":"Catalogue - Dulces La Ponderosa","isPartOf":{"@id":"https:\/\/www.dulces-laponderosa.com\/fr\/#website"},"datePublished":"2021-07-27T15:55:23+00:00","dateModified":"2021-07-28T08:58:03+00:00","description":"D\u00e9couvrez le catalogue que La Ponderosa a pr\u00e9par\u00e9 pour cette ann\u00e9e. La Ponderosa rapporte \u00e0 la maison les meilleurs bonbons de No\u00ebl !","breadcrumb":{"@id":"https:\/\/www.dulces-laponderosa.com\/fr\/catalogue\/#breadcrumb"},"inLanguage":"fr-FR","potentialAction":[{"@type":"ReadAction","target":["https:\/\/www.dulces-laponderosa.com\/fr\/catalogue\/"]}]},{"@type":"BreadcrumbList","@id":"https:\/\/www.dulces-laponderosa.com\/fr\/catalogue\/#breadcrumb","itemListElement":[{"@type":"ListItem","position":1,"name":"Portada","item":"https:\/\/www.dulces-laponderosa.com\/fr\/"},{"@type":"ListItem","position":2,"name":"Catalogue"}]},{"@type":"WebSite","@id":"https:\/\/www.dulces-laponderosa.com\/fr\/#website","url":"https:\/\/www.dulces-laponderosa.com\/fr\/","name":"Dulces La Ponderosa","description":"Dulces de Navidad desde 1955","potentialAction":[{"@type":"SearchAction","target":{"@type":"EntryPoint","urlTemplate":"https:\/\/www.dulces-laponderosa.com\/fr\/?s={search_term_string}"},"query-input":{"@type":"PropertyValueSpecification","valueRequired":true,"valueName":"search_term_string"}}],"inLanguage":"fr-FR"}]}},"_links":{"self":[{"href":"https:\/\/www.dulces-laponderosa.com\/fr\/wp-json\/wp\/v2\/pages\/6878","targetHints":{"allow":["GET"]}}],"collection":[{"href":"https:\/\/www.dulces-laponderosa.com\/fr\/wp-json\/wp\/v2\/pages"}],"about":[{"href":"https:\/\/www.dulces-laponderosa.com\/fr\/wp-json\/wp\/v2\/types\/page"}],"author":[{"embeddable":true,"href":"https:\/\/www.dulces-laponderosa.com\/fr\/wp-json\/wp\/v2\/users\/3"}],"replies":[{"embeddable":true,"href":"https:\/\/www.dulces-laponderosa.com\/fr\/wp-json\/wp\/v2\/comments?post=6878"}],"version-history":[{"count":17,"href":"https:\/\/www.dulces-laponderosa.com\/fr\/wp-json\/wp\/v2\/pages\/6878\/revisions"}],"predecessor-version":[{"id":7675,"href":"https:\/\/www.dulces-laponderosa.com\/fr\/wp-json\/wp\/v2\/pages\/6878\/revisions\/7675"}],"wp:attachment":[{"href":"https:\/\/www.dulces-laponderosa.com\/fr\/wp-json\/wp\/v2\/media?parent=6878"}],"curies":[{"name":"wp","href":"https:\/\/api.w.org\/{rel}","templated":true}]}}