{"id":6916,"date":"2021-07-27T17:58:13","date_gmt":"2021-07-27T15:58:13","guid":{"rendered":"https:\/\/www.dulces-laponderosa.com\/entreprise\/"},"modified":"2021-07-27T17:58:15","modified_gmt":"2021-07-27T15:58:15","slug":"entreprise","status":"publish","type":"page","link":"https:\/\/www.dulces-laponderosa.com\/fr\/entreprise\/","title":{"rendered":"Entreprise"},"content":{"rendered":"<section class=\"l-section wpb_row height_custom\"><div class=\"l-section-h i-cf\"><div class=\"g-cols vc_row via_flex valign_top type_default stacking_default\"><div class=\"vc_col-sm-12 wpb_column vc_column_container\"><div class=\"vc_column-inner\"><div class=\"wpb_wrapper\">[vc_custom_heading text=\u00a0\u00bbDoux souvenirs d&rsquo;Estepa\u00a0\u00bb use_theme_fonts=\u00a0\u00bbyes\u00a0\u00bb]<div class=\"wpb_text_column\"><div class=\"wpb_wrapper\"><h3>D\u00e9couvrez toute la tradition et l&rsquo;histoire de notre entreprise<\/h3>\n<\/div><\/div><div class=\"w-separator size_medium\"><\/div><div class=\"g-cols wpb_row via_flex valign_top type_default stacking_default\"><div class=\"vc_col-sm-6 wpb_column vc_column_container\"><div class=\"vc_column-inner\"><div class=\"wpb_wrapper\"><div class=\"wpb_text_column\"><div class=\"wpb_wrapper\"><p align=\"justify\">La Ponderosa est une entreprise familiale \u00e0 Estepa qui fabrique traditionnellement des bonbons de No\u00ebl depuis 1955. Nos produits n&rsquo;ont pas chang\u00e9 au fil du temps, ils conservent toute leur saveur et leur ar\u00f4me, fabriqu\u00e9s comme par le pass\u00e9, avec amour, en conservant les m\u00eames recettes artisanales de nos anc\u00eatres, des recettes soigneusement conserv\u00e9es de g\u00e9n\u00e9ration en g\u00e9n\u00e9ration.<\/p>\n<p align=\"justify\">La vaste gamme de nos produits forment une combinaison harmonieuse. Chacun de nos produits garde toute la saveur de la tradition et l&rsquo;ar\u00f4me de No\u00ebl. Et c&rsquo;est pr\u00e9cis\u00e9ment ce que nous entendons avec nos bonbons qui, \u00e0 chaque bouch\u00e9e, nous imitent des souvenirs du pass\u00e9, ainsi que nous profitons de dates si sp\u00e9ciales avec notre famille et nos amis.<\/p>\n<p align=\"justify\">De plus, l&rsquo;utilisation des meilleures mati\u00e8res premi\u00e8res signifie que le r\u00e9sultat final est un produit de qualit\u00e9 capable de satisfaire les palais les plus exigeants.<\/p>\n<\/div><\/div><\/div><\/div><\/div><div class=\"vc_col-sm-6 wpb_column vc_column_container\"><div class=\"vc_column-inner\"><div class=\"wpb_wrapper\"><div class=\"w-image align_none\"><div class=\"w-image-h\"><img decoding=\"async\" width=\"720\" height=\"495\" src=\"https:\/\/www.dulces-laponderosa.com\/wp-content\/uploads\/2016\/10\/Polvoron-Casero-Almendra_conjunto_IMG_0051-e1490346396863.jpg\" class=\"attachment-large size-large\" alt=\"\" loading=\"lazy\" srcset=\"https:\/\/www.dulces-laponderosa.com\/wp-content\/uploads\/2016\/10\/Polvoron-Casero-Almendra_conjunto_IMG_0051-e1490346396863.jpg 720w, https:\/\/www.dulces-laponderosa.com\/wp-content\/uploads\/2016\/10\/Polvoron-Casero-Almendra_conjunto_IMG_0051-e1490346396863-300x206.jpg 300w, https:\/\/www.dulces-laponderosa.com\/wp-content\/uploads\/2016\/10\/Polvoron-Casero-Almendra_conjunto_IMG_0051-e1490346396863-332x228.jpg 332w, https:\/\/www.dulces-laponderosa.com\/wp-content\/uploads\/2016\/10\/Polvoron-Casero-Almendra_conjunto_IMG_0051-e1490346396863-200x138.jpg 200w, https:\/\/www.dulces-laponderosa.com\/wp-content\/uploads\/2016\/10\/Polvoron-Casero-Almendra_conjunto_IMG_0051-e1490346396863-500x344.jpg 500w, https:\/\/www.dulces-laponderosa.com\/wp-content\/uploads\/2016\/10\/Polvoron-Casero-Almendra_conjunto_IMG_0051-e1490346396863-212x146.jpg 212w, https:\/\/www.dulces-laponderosa.com\/wp-content\/uploads\/2016\/10\/Polvoron-Casero-Almendra_conjunto_IMG_0051-e1490346396863-50x34.jpg 50w, https:\/\/www.dulces-laponderosa.com\/wp-content\/uploads\/2016\/10\/Polvoron-Casero-Almendra_conjunto_IMG_0051-e1490346396863-109x75.jpg 109w\" sizes=\"auto, (max-width: 720px) 100vw, 720px\" \/><\/div><\/div><\/div><\/div><\/div><\/div><\/div><\/div><\/div><\/div><\/div><\/section><section class=\"l-section wpb_row height_custom\"><div class=\"l-section-h i-cf\"><div class=\"g-cols vc_row via_flex valign_top type_default stacking_default\"><div class=\"vc_col-sm-4 wpb_column vc_column_container\"><div class=\"vc_column-inner\"><div class=\"wpb_wrapper\"><div class=\"w-iconbox iconpos_top style_default color_primary align_center\"><div class=\"w-iconbox-icon\" style=\"font-size:2rem;\"><i class=\"fas fa-edit\"><\/i><\/div><div class=\"w-iconbox-meta\"><h4 class=\"w-iconbox-title\">MISSION<\/h4><div class=\"w-iconbox-text\"><div style=\"text-align: left; padding-top: 20px;\">\n<h4 style=\"text-align: center;\">Produits artisanaux avec des ann\u00e9es de tradition<\/h4>\n<p style=\"text-align: center;\">Depuis 1955, Dulces La Ponderosa travaille sur des lignes de produits artisanaux dans lesquels la tradition et les ann\u00e9es de travail de notre entreprise sont mises en \u00e9vidence.<\/p>\n<\/div>\n<\/div><\/div><\/div><\/div><\/div><\/div><div class=\"vc_col-sm-4 wpb_column vc_column_container\"><div class=\"vc_column-inner\"><div class=\"wpb_wrapper\"><div class=\"w-iconbox iconpos_top style_default color_primary align_center\"><div class=\"w-iconbox-icon\" style=\"font-size:2rem;\"><i class=\"fas fa-eye\"><\/i><\/div><div class=\"w-iconbox-meta\"><h4 class=\"w-iconbox-title\">VUE<\/h4><div class=\"w-iconbox-text\"><div style=\"text-align: left; padding-top: 20px;\">\n<h4 style=\"text-align: center;\">Une entreprise leader sur le march\u00e9<\/h4>\n<p style=\"text-align: center;\">Bien que notre entreprise soit d\u00e9j\u00e0 reconnue, en tant qu&rsquo;objectif ou vision pour l&rsquo;avenir, nous entendons devenir une r\u00e9f\u00e9rence sur le march\u00e9 de la production de bonbons de No\u00ebl.<\/p>\n<\/div>\n<\/div><\/div><\/div><\/div><\/div><\/div><div class=\"vc_col-sm-4 wpb_column vc_column_container\"><div class=\"vc_column-inner\"><div class=\"wpb_wrapper\"><div class=\"w-iconbox iconpos_top style_default color_primary align_center\"><div class=\"w-iconbox-icon\" style=\"font-size:2rem;\"><i class=\"fas fa-book-open\"><\/i><\/div><div class=\"w-iconbox-meta\"><h4 class=\"w-iconbox-title\">VALEURS<\/h4><div class=\"w-iconbox-text\"><div style=\"text-align: left; padding-top: 20px;\">\n<h4 style=\"text-align: center;\">Professionnalisme et Qualit\u00e9<\/h4>\n<p style=\"text-align: center;\">Parmi nos valeurs, nous soulignons la constance, la tradition, l&rsquo;effort et beaucoup de travail, mais sans aucun doute nos maximes sont; le professionnalisme de toute l&rsquo;\u00e9quipe ainsi que la qualit\u00e9 de nos produits.<\/p>\n<\/div>\n<\/div><\/div><\/div><\/div><\/div><\/div><\/div><\/div><\/section>\n","protected":false},"excerpt":{"rendered":"[vc_custom_heading text=\"Doux souvenirs d'Estepa\" use_theme_fonts=\"yes\"]D\u00e9couvrez toute la tradition et l&rsquo;histoire de notre entreprise La Ponderosa est une entreprise familiale \u00e0 Estepa qui fabrique traditionnellement des bonbons de No\u00ebl depuis 1955. Nos produits n&rsquo;ont pas chang\u00e9 au fil du temps, ils conservent toute leur saveur et leur ar\u00f4me, fabriqu\u00e9s comme par le pass\u00e9, avec amour, en...","protected":false},"author":1,"featured_media":0,"parent":0,"menu_order":0,"comment_status":"closed","ping_status":"closed","template":"","meta":{"_joinchat":[],"footnotes":""},"class_list":["post-6916","page","type-page","status-publish","hentry"],"yoast_head":"<!-- This site is optimized with the Yoast SEO plugin v27.2 - https:\/\/yoast.com\/product\/yoast-seo-wordpress\/ -->\n<title>Entreprise - Dulces la Ponderosa<\/title>\n<meta name=\"description\" content=\"D\u00e9couvrez l&#039;histoire de notre entreprise Dulces la Ponderosa, avec plus de 20 ans de tradition dans le secteur des bonbons de No\u00ebl.\" \/>\n<meta name=\"robots\" content=\"index, follow, max-snippet:-1, max-image-preview:large, max-video-preview:-1\" \/>\n<link rel=\"canonical\" href=\"https:\/\/www.dulces-laponderosa.com\/fr\/entreprise\/\" \/>\n<meta property=\"og:locale\" content=\"fr_FR\" \/>\n<meta property=\"og:type\" content=\"article\" \/>\n<meta property=\"og:title\" content=\"Entreprise - Dulces la Ponderosa\" \/>\n<meta property=\"og:description\" content=\"D\u00e9couvrez l&#039;histoire de notre entreprise Dulces la Ponderosa, avec plus de 20 ans de tradition dans le secteur des bonbons de No\u00ebl.\" \/>\n<meta property=\"og:url\" content=\"https:\/\/www.dulces-laponderosa.com\/fr\/entreprise\/\" \/>\n<meta property=\"og:site_name\" content=\"Dulces La Ponderosa\" \/>\n<meta property=\"article:modified_time\" content=\"2021-07-27T15:58:15+00:00\" \/>\n<meta name=\"twitter:card\" content=\"summary_large_image\" \/>\n<meta name=\"twitter:label1\" content=\"Dur\u00e9e de lecture estim\u00e9e\" \/>\n\t<meta name=\"twitter:data1\" content=\"2 minutes\" \/>\n<script type=\"application\/ld+json\" class=\"yoast-schema-graph\">{\"@context\":\"https:\/\/schema.org\",\"@graph\":[{\"@type\":\"WebPage\",\"@id\":\"https:\/\/www.dulces-laponderosa.com\/fr\/entreprise\/\",\"url\":\"https:\/\/www.dulces-laponderosa.com\/fr\/entreprise\/\",\"name\":\"Entreprise - Dulces la Ponderosa\",\"isPartOf\":{\"@id\":\"https:\/\/www.dulces-laponderosa.com\/fr\/#website\"},\"datePublished\":\"2021-07-27T15:58:13+00:00\",\"dateModified\":\"2021-07-27T15:58:15+00:00\",\"description\":\"D\u00e9couvrez l'histoire de notre entreprise Dulces la Ponderosa, avec plus de 20 ans de tradition dans le secteur des bonbons de No\u00ebl.\",\"breadcrumb\":{\"@id\":\"https:\/\/www.dulces-laponderosa.com\/fr\/entreprise\/#breadcrumb\"},\"inLanguage\":\"fr-FR\",\"potentialAction\":[{\"@type\":\"ReadAction\",\"target\":[\"https:\/\/www.dulces-laponderosa.com\/fr\/entreprise\/\"]}]},{\"@type\":\"BreadcrumbList\",\"@id\":\"https:\/\/www.dulces-laponderosa.com\/fr\/entreprise\/#breadcrumb\",\"itemListElement\":[{\"@type\":\"ListItem\",\"position\":1,\"name\":\"Portada\",\"item\":\"https:\/\/www.dulces-laponderosa.com\/fr\/\"},{\"@type\":\"ListItem\",\"position\":2,\"name\":\"Entreprise\"}]},{\"@type\":\"WebSite\",\"@id\":\"https:\/\/www.dulces-laponderosa.com\/fr\/#website\",\"url\":\"https:\/\/www.dulces-laponderosa.com\/fr\/\",\"name\":\"Dulces La Ponderosa\",\"description\":\"Dulces de Navidad desde 1955\",\"potentialAction\":[{\"@type\":\"SearchAction\",\"target\":{\"@type\":\"EntryPoint\",\"urlTemplate\":\"https:\/\/www.dulces-laponderosa.com\/fr\/?s={search_term_string}\"},\"query-input\":{\"@type\":\"PropertyValueSpecification\",\"valueRequired\":true,\"valueName\":\"search_term_string\"}}],\"inLanguage\":\"fr-FR\"}]}<\/script>\n<!-- \/ Yoast SEO plugin. -->","yoast_head_json":{"title":"Entreprise - Dulces la Ponderosa","description":"D\u00e9couvrez l'histoire de notre entreprise Dulces la Ponderosa, avec plus de 20 ans de tradition dans le secteur des bonbons de No\u00ebl.","robots":{"index":"index","follow":"follow","max-snippet":"max-snippet:-1","max-image-preview":"max-image-preview:large","max-video-preview":"max-video-preview:-1"},"canonical":"https:\/\/www.dulces-laponderosa.com\/fr\/entreprise\/","og_locale":"fr_FR","og_type":"article","og_title":"Entreprise - Dulces la Ponderosa","og_description":"D\u00e9couvrez l'histoire de notre entreprise Dulces la Ponderosa, avec plus de 20 ans de tradition dans le secteur des bonbons de No\u00ebl.","og_url":"https:\/\/www.dulces-laponderosa.com\/fr\/entreprise\/","og_site_name":"Dulces La Ponderosa","article_modified_time":"2021-07-27T15:58:15+00:00","twitter_card":"summary_large_image","twitter_misc":{"Dur\u00e9e de lecture estim\u00e9e":"2 minutes"},"schema":{"@context":"https:\/\/schema.org","@graph":[{"@type":"WebPage","@id":"https:\/\/www.dulces-laponderosa.com\/fr\/entreprise\/","url":"https:\/\/www.dulces-laponderosa.com\/fr\/entreprise\/","name":"Entreprise - Dulces la Ponderosa","isPartOf":{"@id":"https:\/\/www.dulces-laponderosa.com\/fr\/#website"},"datePublished":"2021-07-27T15:58:13+00:00","dateModified":"2021-07-27T15:58:15+00:00","description":"D\u00e9couvrez l'histoire de notre entreprise Dulces la Ponderosa, avec plus de 20 ans de tradition dans le secteur des bonbons de No\u00ebl.","breadcrumb":{"@id":"https:\/\/www.dulces-laponderosa.com\/fr\/entreprise\/#breadcrumb"},"inLanguage":"fr-FR","potentialAction":[{"@type":"ReadAction","target":["https:\/\/www.dulces-laponderosa.com\/fr\/entreprise\/"]}]},{"@type":"BreadcrumbList","@id":"https:\/\/www.dulces-laponderosa.com\/fr\/entreprise\/#breadcrumb","itemListElement":[{"@type":"ListItem","position":1,"name":"Portada","item":"https:\/\/www.dulces-laponderosa.com\/fr\/"},{"@type":"ListItem","position":2,"name":"Entreprise"}]},{"@type":"WebSite","@id":"https:\/\/www.dulces-laponderosa.com\/fr\/#website","url":"https:\/\/www.dulces-laponderosa.com\/fr\/","name":"Dulces La Ponderosa","description":"Dulces de Navidad desde 1955","potentialAction":[{"@type":"SearchAction","target":{"@type":"EntryPoint","urlTemplate":"https:\/\/www.dulces-laponderosa.com\/fr\/?s={search_term_string}"},"query-input":{"@type":"PropertyValueSpecification","valueRequired":true,"valueName":"search_term_string"}}],"inLanguage":"fr-FR"}]}},"_links":{"self":[{"href":"https:\/\/www.dulces-laponderosa.com\/fr\/wp-json\/wp\/v2\/pages\/6916","targetHints":{"allow":["GET"]}}],"collection":[{"href":"https:\/\/www.dulces-laponderosa.com\/fr\/wp-json\/wp\/v2\/pages"}],"about":[{"href":"https:\/\/www.dulces-laponderosa.com\/fr\/wp-json\/wp\/v2\/types\/page"}],"author":[{"embeddable":true,"href":"https:\/\/www.dulces-laponderosa.com\/fr\/wp-json\/wp\/v2\/users\/1"}],"replies":[{"embeddable":true,"href":"https:\/\/www.dulces-laponderosa.com\/fr\/wp-json\/wp\/v2\/comments?post=6916"}],"version-history":[{"count":6,"href":"https:\/\/www.dulces-laponderosa.com\/fr\/wp-json\/wp\/v2\/pages\/6916\/revisions"}],"predecessor-version":[{"id":6922,"href":"https:\/\/www.dulces-laponderosa.com\/fr\/wp-json\/wp\/v2\/pages\/6916\/revisions\/6922"}],"wp:attachment":[{"href":"https:\/\/www.dulces-laponderosa.com\/fr\/wp-json\/wp\/v2\/media?parent=6916"}],"curies":[{"name":"wp","href":"https:\/\/api.w.org\/{rel}","templated":true}]}}