{"id":6927,"date":"2021-07-27T18:01:06","date_gmt":"2021-07-27T16:01:06","guid":{"rendered":"https:\/\/www.dulces-laponderosa.com\/modes-de-paiement\/"},"modified":"2021-07-27T18:04:28","modified_gmt":"2021-07-27T16:04:28","slug":"modes-de-paiement","status":"publish","type":"page","link":"https:\/\/www.dulces-laponderosa.com\/fr\/modes-de-paiement\/","title":{"rendered":"Modes de paiement"},"content":{"rendered":"<section class=\"l-section wpb_row height_custom\"><div class=\"l-section-h i-cf\"><div class=\"g-cols vc_row via_flex valign_top type_default stacking_default\"><div class=\"vc_col-sm-12 wpb_column vc_column_container\"><div class=\"vc_column-inner\"><div class=\"wpb_wrapper\"><div class=\"wpb_text_column\"><div class=\"wpb_wrapper\"><h2 align=\"center\">Comment pouvez-vous payer votre commande?<\/h2>\n<\/div><\/div><div class=\"w-separator size_medium\"><\/div><div class=\"g-cols wpb_row via_flex valign_top type_default stacking_default\"><div class=\"vc_col-sm-4 wpb_column vc_column_container\"><div class=\"vc_column-inner\"><div class=\"wpb_wrapper\"><div class=\"w-iconbox iconpos_top style_default color_primary align_center\"><div class=\"w-iconbox-icon\" style=\"font-size:2rem;\"><i class=\"fas fa-shuttle-van\"><\/i><\/div><div class=\"w-iconbox-meta\"><h4 class=\"w-iconbox-title\">Paiement \u00e0 la livraison<\/h4><div class=\"w-iconbox-text\"><p style=\"text-align: justify\">Dans ce mode, vous paierez votre commande une fois que vous l&rsquo;aurez re\u00e7ue. Le paiement sera vers\u00e9 \u00e0 la soci\u00e9t\u00e9 de livraison de la soci\u00e9t\u00e9 de transport qui facturera la valeur de la commande major\u00e9e de 2 \u20ac sur la valeur de la facture pour les frais de gestion.<\/p>\n<\/div><\/div><\/div><\/div><\/div><\/div><div class=\"vc_col-sm-4 wpb_column vc_column_container\"><div class=\"vc_column-inner\"><div class=\"wpb_wrapper\"><div class=\"w-iconbox iconpos_top style_default color_primary align_center\"><div class=\"w-iconbox-icon\" style=\"font-size:2rem;\"><i class=\"fas fa-money-bill-wave\"><\/i><\/div><div class=\"w-iconbox-meta\"><h4 class=\"w-iconbox-title\">Virement bancaire<\/h4><div class=\"w-iconbox-text\"><p style=\"text-align: center\">Vous pouvez effectuer le paiement par virement :<\/p>\n<p style=\"text-align: center\">Coordonn\u00e9es bancaires<\/p>\n<p style=\"text-align: center\">Banque d&rsquo;Andalousie<br \/>\nPropri\u00e9taire : Dulces La Ponderosa SL<br \/>\nNum\u00e9ro de compte : 0075 3014 48 0500163773<\/p>\n<\/div><\/div><\/div><\/div><\/div><\/div><div class=\"vc_col-sm-4 wpb_column vc_column_container\"><div class=\"vc_column-inner\"><div class=\"wpb_wrapper\"><div class=\"w-iconbox iconpos_top style_default color_primary align_center\"><div class=\"w-iconbox-icon\" style=\"font-size:2rem;\"><i class=\"fas fa-credit-card\"><\/i><\/div><div class=\"w-iconbox-meta\"><h4 class=\"w-iconbox-title\">je paye par carte de cr\u00e9dit<\/h4><div class=\"w-iconbox-text\"><p style=\"text-align: justify\">Nous utilisons le syst\u00e8me Paypal et acceptons les cartes que ce syst\u00e8me accepte. Pour plus d&rsquo;informations sur la plateforme de paiement Paypal, vous pouvez<a href=\"https:\/\/www.paypal.com\/es\/home\" target=\"_blank\" rel=\"noopener noreferrer\"> visitez leur site web<\/a> .<\/p>\n<\/div><\/div><\/div><\/div><\/div><\/div><\/div><\/div><\/div><\/div><\/div><\/div><\/section>\n","protected":false},"excerpt":{"rendered":"Comment pouvez-vous payer votre commande? Paiement \u00e0 la livraisonDans ce mode, vous paierez votre commande une fois que vous l'aurez re\u00e7ue. Le paiement sera vers\u00e9 \u00e0 la soci\u00e9t\u00e9 de livraison de la soci\u00e9t\u00e9 de transport qui facturera la valeur de la commande major\u00e9e de 2 \u20ac sur la valeur de la facture pour les frais...","protected":false},"author":1,"featured_media":0,"parent":0,"menu_order":0,"comment_status":"closed","ping_status":"closed","template":"","meta":{"_joinchat":[],"footnotes":""},"class_list":["post-6927","page","type-page","status-publish","hentry"],"yoast_head":"<!-- This site is optimized with the Yoast SEO plugin v27.2 - https:\/\/yoast.com\/product\/yoast-seo-wordpress\/ -->\n<title>Modes de paiement - La Ponderosa<\/title>\n<meta name=\"description\" content=\"Chez Dulces La Ponderosa, choisissez le mode de paiement qui vous convient le mieux. Vous pouvez payer en esp\u00e8ces \u00e0 la livraison, par virement bancaire ou par carte de cr\u00e9dit.\" \/>\n<meta name=\"robots\" content=\"index, follow, max-snippet:-1, max-image-preview:large, max-video-preview:-1\" \/>\n<link rel=\"canonical\" href=\"https:\/\/www.dulces-laponderosa.com\/fr\/modes-de-paiement\/\" \/>\n<meta property=\"og:locale\" content=\"fr_FR\" \/>\n<meta property=\"og:type\" content=\"article\" \/>\n<meta property=\"og:title\" content=\"Modes de paiement - La Ponderosa\" \/>\n<meta property=\"og:description\" content=\"Chez Dulces La Ponderosa, choisissez le mode de paiement qui vous convient le mieux. Vous pouvez payer en esp\u00e8ces \u00e0 la livraison, par virement bancaire ou par carte de cr\u00e9dit.\" \/>\n<meta property=\"og:url\" content=\"https:\/\/www.dulces-laponderosa.com\/fr\/modes-de-paiement\/\" \/>\n<meta property=\"og:site_name\" content=\"Dulces La Ponderosa\" \/>\n<meta property=\"article:modified_time\" content=\"2021-07-27T16:04:28+00:00\" \/>\n<meta name=\"twitter:card\" content=\"summary_large_image\" \/>\n<meta name=\"twitter:label1\" content=\"Dur\u00e9e de lecture estim\u00e9e\" \/>\n\t<meta name=\"twitter:data1\" content=\"1 minute\" \/>\n<script type=\"application\/ld+json\" class=\"yoast-schema-graph\">{\"@context\":\"https:\/\/schema.org\",\"@graph\":[{\"@type\":\"WebPage\",\"@id\":\"https:\/\/www.dulces-laponderosa.com\/fr\/modes-de-paiement\/\",\"url\":\"https:\/\/www.dulces-laponderosa.com\/fr\/modes-de-paiement\/\",\"name\":\"Modes de paiement - La Ponderosa\",\"isPartOf\":{\"@id\":\"https:\/\/www.dulces-laponderosa.com\/fr\/#website\"},\"datePublished\":\"2021-07-27T16:01:06+00:00\",\"dateModified\":\"2021-07-27T16:04:28+00:00\",\"description\":\"Chez Dulces La Ponderosa, choisissez le mode de paiement qui vous convient le mieux. Vous pouvez payer en esp\u00e8ces \u00e0 la livraison, par virement bancaire ou par carte de cr\u00e9dit.\",\"breadcrumb\":{\"@id\":\"https:\/\/www.dulces-laponderosa.com\/fr\/modes-de-paiement\/#breadcrumb\"},\"inLanguage\":\"fr-FR\",\"potentialAction\":[{\"@type\":\"ReadAction\",\"target\":[\"https:\/\/www.dulces-laponderosa.com\/fr\/modes-de-paiement\/\"]}]},{\"@type\":\"BreadcrumbList\",\"@id\":\"https:\/\/www.dulces-laponderosa.com\/fr\/modes-de-paiement\/#breadcrumb\",\"itemListElement\":[{\"@type\":\"ListItem\",\"position\":1,\"name\":\"Portada\",\"item\":\"https:\/\/www.dulces-laponderosa.com\/fr\/\"},{\"@type\":\"ListItem\",\"position\":2,\"name\":\"Modes de paiement\"}]},{\"@type\":\"WebSite\",\"@id\":\"https:\/\/www.dulces-laponderosa.com\/fr\/#website\",\"url\":\"https:\/\/www.dulces-laponderosa.com\/fr\/\",\"name\":\"Dulces La Ponderosa\",\"description\":\"Dulces de Navidad desde 1955\",\"potentialAction\":[{\"@type\":\"SearchAction\",\"target\":{\"@type\":\"EntryPoint\",\"urlTemplate\":\"https:\/\/www.dulces-laponderosa.com\/fr\/?s={search_term_string}\"},\"query-input\":{\"@type\":\"PropertyValueSpecification\",\"valueRequired\":true,\"valueName\":\"search_term_string\"}}],\"inLanguage\":\"fr-FR\"}]}<\/script>\n<!-- \/ Yoast SEO plugin. -->","yoast_head_json":{"title":"Modes de paiement - La Ponderosa","description":"Chez Dulces La Ponderosa, choisissez le mode de paiement qui vous convient le mieux. Vous pouvez payer en esp\u00e8ces \u00e0 la livraison, par virement bancaire ou par carte de cr\u00e9dit.","robots":{"index":"index","follow":"follow","max-snippet":"max-snippet:-1","max-image-preview":"max-image-preview:large","max-video-preview":"max-video-preview:-1"},"canonical":"https:\/\/www.dulces-laponderosa.com\/fr\/modes-de-paiement\/","og_locale":"fr_FR","og_type":"article","og_title":"Modes de paiement - La Ponderosa","og_description":"Chez Dulces La Ponderosa, choisissez le mode de paiement qui vous convient le mieux. Vous pouvez payer en esp\u00e8ces \u00e0 la livraison, par virement bancaire ou par carte de cr\u00e9dit.","og_url":"https:\/\/www.dulces-laponderosa.com\/fr\/modes-de-paiement\/","og_site_name":"Dulces La Ponderosa","article_modified_time":"2021-07-27T16:04:28+00:00","twitter_card":"summary_large_image","twitter_misc":{"Dur\u00e9e de lecture estim\u00e9e":"1 minute"},"schema":{"@context":"https:\/\/schema.org","@graph":[{"@type":"WebPage","@id":"https:\/\/www.dulces-laponderosa.com\/fr\/modes-de-paiement\/","url":"https:\/\/www.dulces-laponderosa.com\/fr\/modes-de-paiement\/","name":"Modes de paiement - La Ponderosa","isPartOf":{"@id":"https:\/\/www.dulces-laponderosa.com\/fr\/#website"},"datePublished":"2021-07-27T16:01:06+00:00","dateModified":"2021-07-27T16:04:28+00:00","description":"Chez Dulces La Ponderosa, choisissez le mode de paiement qui vous convient le mieux. Vous pouvez payer en esp\u00e8ces \u00e0 la livraison, par virement bancaire ou par carte de cr\u00e9dit.","breadcrumb":{"@id":"https:\/\/www.dulces-laponderosa.com\/fr\/modes-de-paiement\/#breadcrumb"},"inLanguage":"fr-FR","potentialAction":[{"@type":"ReadAction","target":["https:\/\/www.dulces-laponderosa.com\/fr\/modes-de-paiement\/"]}]},{"@type":"BreadcrumbList","@id":"https:\/\/www.dulces-laponderosa.com\/fr\/modes-de-paiement\/#breadcrumb","itemListElement":[{"@type":"ListItem","position":1,"name":"Portada","item":"https:\/\/www.dulces-laponderosa.com\/fr\/"},{"@type":"ListItem","position":2,"name":"Modes de paiement"}]},{"@type":"WebSite","@id":"https:\/\/www.dulces-laponderosa.com\/fr\/#website","url":"https:\/\/www.dulces-laponderosa.com\/fr\/","name":"Dulces La Ponderosa","description":"Dulces de Navidad desde 1955","potentialAction":[{"@type":"SearchAction","target":{"@type":"EntryPoint","urlTemplate":"https:\/\/www.dulces-laponderosa.com\/fr\/?s={search_term_string}"},"query-input":{"@type":"PropertyValueSpecification","valueRequired":true,"valueName":"search_term_string"}}],"inLanguage":"fr-FR"}]}},"_links":{"self":[{"href":"https:\/\/www.dulces-laponderosa.com\/fr\/wp-json\/wp\/v2\/pages\/6927","targetHints":{"allow":["GET"]}}],"collection":[{"href":"https:\/\/www.dulces-laponderosa.com\/fr\/wp-json\/wp\/v2\/pages"}],"about":[{"href":"https:\/\/www.dulces-laponderosa.com\/fr\/wp-json\/wp\/v2\/types\/page"}],"author":[{"embeddable":true,"href":"https:\/\/www.dulces-laponderosa.com\/fr\/wp-json\/wp\/v2\/users\/1"}],"replies":[{"embeddable":true,"href":"https:\/\/www.dulces-laponderosa.com\/fr\/wp-json\/wp\/v2\/comments?post=6927"}],"version-history":[{"count":6,"href":"https:\/\/www.dulces-laponderosa.com\/fr\/wp-json\/wp\/v2\/pages\/6927\/revisions"}],"predecessor-version":[{"id":6939,"href":"https:\/\/www.dulces-laponderosa.com\/fr\/wp-json\/wp\/v2\/pages\/6927\/revisions\/6939"}],"wp:attachment":[{"href":"https:\/\/www.dulces-laponderosa.com\/fr\/wp-json\/wp\/v2\/media?parent=6927"}],"curies":[{"name":"wp","href":"https:\/\/api.w.org\/{rel}","templated":true}]}}