{"id":6984,"date":"2021-07-27T18:08:46","date_gmt":"2021-07-27T16:08:46","guid":{"rendered":"https:\/\/www.dulces-laponderosa.com\/notre-magasin\/"},"modified":"2021-07-27T18:08:54","modified_gmt":"2021-07-27T16:08:54","slug":"notre-magasin","status":"publish","type":"page","link":"https:\/\/www.dulces-laponderosa.com\/fr\/notre-magasin\/","title":{"rendered":"Notre magasin"},"content":{"rendered":"<section class=\"l-section wpb_row height_custom\"><div class=\"l-section-h i-cf\"><div class=\"g-cols vc_row via_flex valign_top type_default stacking_default\"><div class=\"vc_col-sm-12 wpb_column vc_column_container\"><div class=\"vc_column-inner us_custom_b9cf3903\"><div class=\"wpb_wrapper\"><div class=\"w-image align_center\"><div class=\"w-image-h\"><img decoding=\"async\" width=\"985\" height=\"568\" src=\"https:\/\/www.dulces-laponderosa.com\/wp-content\/uploads\/2020\/09\/120085061_3320803697988636_8427332320353483785_o.jpg\" class=\"attachment-large size-large\" alt=\"\" loading=\"lazy\" srcset=\"https:\/\/www.dulces-laponderosa.com\/wp-content\/uploads\/2020\/09\/120085061_3320803697988636_8427332320353483785_o.jpg 985w, https:\/\/www.dulces-laponderosa.com\/wp-content\/uploads\/2020\/09\/120085061_3320803697988636_8427332320353483785_o-300x173.jpg 300w, https:\/\/www.dulces-laponderosa.com\/wp-content\/uploads\/2020\/09\/120085061_3320803697988636_8427332320353483785_o-500x288.jpg 500w\" sizes=\"auto, (max-width: 985px) 100vw, 985px\" \/><\/div><\/div><\/div><\/div><\/div><\/div><\/div><\/section><section class=\"l-section wpb_row height_custom\"><div class=\"l-section-h i-cf\"><div class=\"g-cols vc_row via_flex valign_top type_default stacking_default\"><div class=\"vc_col-sm-12 wpb_column vc_column_container\"><div class=\"vc_column-inner\"><div class=\"wpb_wrapper\"><div class=\"wpb_text_column\"><div class=\"wpb_wrapper\"><h2 style=\"text-align: center\">Visitez notre magasin<\/h2>\n<h3 align=\"center\">Une large s\u00e9lection de produits de No\u00ebl pour adoucir les f\u00eates<\/h3>\n<p align=\"justify\">Nous vous pr\u00e9sentons le Sweet Shop La Ponderosa, un espace confortable et charmant, inspir\u00e9 par la tradition et l&rsquo;origine de nos produits. Dans notre magasin, vous trouverez une large gamme de bonbons de No\u00ebl : Mantecados, polvorones, massepains, nougat, chocolats&#8230;, fabriqu\u00e9s \u00e0 la main par les mains de nos experts et respectant les recettes traditionnelles de nos anc\u00eatres, conservant ainsi la saveur authentique de No\u00ebl.<\/p>\n<p align=\"justify\">Chez Dulces la Ponderosa, nos clients sont importants, c&rsquo;est pourquoi nous prenons soin de chaque \u00e9tape, de la s\u00e9lection des mati\u00e8res premi\u00e8res, en passant par la production et l&#8217;emballage, jusqu&rsquo;\u00e0 la vente de nos produits, pour garantir la meilleure qualit\u00e9 et un traitement \u00e9troit et personnalis\u00e9. .<\/p>\n<p align=\"justify\">Pour satisfaire les go\u00fbts de nos clients, nous avons diff\u00e9rents assortiments soigneusement s\u00e9lectionn\u00e9s avec des emballages \u00e9l\u00e9gants, ainsi que la vente de produits en vrac pour les combiner \u00e0 volont\u00e9. Au magasin Dulces La Ponderosa, nous serons heureux de vous aider.<\/p>\n<\/div><\/div><\/div><\/div><\/div><\/div><\/div><\/section>\n","protected":false},"excerpt":{"rendered":"Visitez notre magasin Une large s\u00e9lection de produits de No\u00ebl pour adoucir les f\u00eates Nous vous pr\u00e9sentons le Sweet Shop La Ponderosa, un espace confortable et charmant, inspir\u00e9 par la tradition et l&rsquo;origine de nos produits. Dans notre magasin, vous trouverez une large gamme de bonbons de No\u00ebl : Mantecados, polvorones, massepains, nougat, chocolats&#8230;, fabriqu\u00e9s...","protected":false},"author":1,"featured_media":0,"parent":0,"menu_order":0,"comment_status":"closed","ping_status":"closed","template":"","meta":{"_joinchat":[],"footnotes":""},"class_list":["post-6984","page","type-page","status-publish","hentry"],"yoast_head":"<!-- This site is optimized with the Yoast SEO plugin v27.2 - https:\/\/yoast.com\/product\/yoast-seo-wordpress\/ -->\n<title>Notre magasin de mantecados et polvorones- Dulces La Ponderosa<\/title>\n<meta name=\"description\" content=\"Dans la boutique La Ponderosa Sweet, vous trouverez une large gamme de bonbons de No\u00ebl artisanaux : Mantecados, polvorones, massepain, nougat...\" \/>\n<meta name=\"robots\" content=\"index, follow, max-snippet:-1, max-image-preview:large, max-video-preview:-1\" \/>\n<link rel=\"canonical\" href=\"https:\/\/www.dulces-laponderosa.com\/fr\/notre-magasin\/\" \/>\n<meta property=\"og:locale\" content=\"fr_FR\" \/>\n<meta property=\"og:type\" content=\"article\" \/>\n<meta property=\"og:title\" content=\"Notre magasin de mantecados et polvorones- Dulces La Ponderosa\" \/>\n<meta property=\"og:description\" content=\"Dans la boutique La Ponderosa Sweet, vous trouverez une large gamme de bonbons de No\u00ebl artisanaux : Mantecados, polvorones, massepain, nougat...\" \/>\n<meta property=\"og:url\" content=\"https:\/\/www.dulces-laponderosa.com\/fr\/notre-magasin\/\" \/>\n<meta property=\"og:site_name\" content=\"Dulces La Ponderosa\" \/>\n<meta property=\"article:modified_time\" content=\"2021-07-27T16:08:54+00:00\" \/>\n<meta name=\"twitter:card\" content=\"summary_large_image\" \/>\n<meta name=\"twitter:label1\" content=\"Dur\u00e9e de lecture estim\u00e9e\" \/>\n\t<meta name=\"twitter:data1\" content=\"1 minute\" \/>\n<script type=\"application\/ld+json\" class=\"yoast-schema-graph\">{\"@context\":\"https:\/\/schema.org\",\"@graph\":[{\"@type\":\"WebPage\",\"@id\":\"https:\/\/www.dulces-laponderosa.com\/fr\/notre-magasin\/\",\"url\":\"https:\/\/www.dulces-laponderosa.com\/fr\/notre-magasin\/\",\"name\":\"Notre magasin de mantecados et polvorones- Dulces La Ponderosa\",\"isPartOf\":{\"@id\":\"https:\/\/www.dulces-laponderosa.com\/fr\/#website\"},\"datePublished\":\"2021-07-27T16:08:46+00:00\",\"dateModified\":\"2021-07-27T16:08:54+00:00\",\"description\":\"Dans la boutique La Ponderosa Sweet, vous trouverez une large gamme de bonbons de No\u00ebl artisanaux : Mantecados, polvorones, massepain, nougat...\",\"breadcrumb\":{\"@id\":\"https:\/\/www.dulces-laponderosa.com\/fr\/notre-magasin\/#breadcrumb\"},\"inLanguage\":\"fr-FR\",\"potentialAction\":[{\"@type\":\"ReadAction\",\"target\":[\"https:\/\/www.dulces-laponderosa.com\/fr\/notre-magasin\/\"]}]},{\"@type\":\"BreadcrumbList\",\"@id\":\"https:\/\/www.dulces-laponderosa.com\/fr\/notre-magasin\/#breadcrumb\",\"itemListElement\":[{\"@type\":\"ListItem\",\"position\":1,\"name\":\"Portada\",\"item\":\"https:\/\/www.dulces-laponderosa.com\/fr\/\"},{\"@type\":\"ListItem\",\"position\":2,\"name\":\"Notre magasin\"}]},{\"@type\":\"WebSite\",\"@id\":\"https:\/\/www.dulces-laponderosa.com\/fr\/#website\",\"url\":\"https:\/\/www.dulces-laponderosa.com\/fr\/\",\"name\":\"Dulces La Ponderosa\",\"description\":\"Dulces de Navidad desde 1955\",\"potentialAction\":[{\"@type\":\"SearchAction\",\"target\":{\"@type\":\"EntryPoint\",\"urlTemplate\":\"https:\/\/www.dulces-laponderosa.com\/fr\/?s={search_term_string}\"},\"query-input\":{\"@type\":\"PropertyValueSpecification\",\"valueRequired\":true,\"valueName\":\"search_term_string\"}}],\"inLanguage\":\"fr-FR\"}]}<\/script>\n<!-- \/ Yoast SEO plugin. -->","yoast_head_json":{"title":"Notre magasin de mantecados et polvorones- Dulces La Ponderosa","description":"Dans la boutique La Ponderosa Sweet, vous trouverez une large gamme de bonbons de No\u00ebl artisanaux : Mantecados, polvorones, massepain, nougat...","robots":{"index":"index","follow":"follow","max-snippet":"max-snippet:-1","max-image-preview":"max-image-preview:large","max-video-preview":"max-video-preview:-1"},"canonical":"https:\/\/www.dulces-laponderosa.com\/fr\/notre-magasin\/","og_locale":"fr_FR","og_type":"article","og_title":"Notre magasin de mantecados et polvorones- Dulces La Ponderosa","og_description":"Dans la boutique La Ponderosa Sweet, vous trouverez une large gamme de bonbons de No\u00ebl artisanaux : Mantecados, polvorones, massepain, nougat...","og_url":"https:\/\/www.dulces-laponderosa.com\/fr\/notre-magasin\/","og_site_name":"Dulces La Ponderosa","article_modified_time":"2021-07-27T16:08:54+00:00","twitter_card":"summary_large_image","twitter_misc":{"Dur\u00e9e de lecture estim\u00e9e":"1 minute"},"schema":{"@context":"https:\/\/schema.org","@graph":[{"@type":"WebPage","@id":"https:\/\/www.dulces-laponderosa.com\/fr\/notre-magasin\/","url":"https:\/\/www.dulces-laponderosa.com\/fr\/notre-magasin\/","name":"Notre magasin de mantecados et polvorones- Dulces La Ponderosa","isPartOf":{"@id":"https:\/\/www.dulces-laponderosa.com\/fr\/#website"},"datePublished":"2021-07-27T16:08:46+00:00","dateModified":"2021-07-27T16:08:54+00:00","description":"Dans la boutique La Ponderosa Sweet, vous trouverez une large gamme de bonbons de No\u00ebl artisanaux : Mantecados, polvorones, massepain, nougat...","breadcrumb":{"@id":"https:\/\/www.dulces-laponderosa.com\/fr\/notre-magasin\/#breadcrumb"},"inLanguage":"fr-FR","potentialAction":[{"@type":"ReadAction","target":["https:\/\/www.dulces-laponderosa.com\/fr\/notre-magasin\/"]}]},{"@type":"BreadcrumbList","@id":"https:\/\/www.dulces-laponderosa.com\/fr\/notre-magasin\/#breadcrumb","itemListElement":[{"@type":"ListItem","position":1,"name":"Portada","item":"https:\/\/www.dulces-laponderosa.com\/fr\/"},{"@type":"ListItem","position":2,"name":"Notre magasin"}]},{"@type":"WebSite","@id":"https:\/\/www.dulces-laponderosa.com\/fr\/#website","url":"https:\/\/www.dulces-laponderosa.com\/fr\/","name":"Dulces La Ponderosa","description":"Dulces de Navidad desde 1955","potentialAction":[{"@type":"SearchAction","target":{"@type":"EntryPoint","urlTemplate":"https:\/\/www.dulces-laponderosa.com\/fr\/?s={search_term_string}"},"query-input":{"@type":"PropertyValueSpecification","valueRequired":true,"valueName":"search_term_string"}}],"inLanguage":"fr-FR"}]}},"_links":{"self":[{"href":"https:\/\/www.dulces-laponderosa.com\/fr\/wp-json\/wp\/v2\/pages\/6984","targetHints":{"allow":["GET"]}}],"collection":[{"href":"https:\/\/www.dulces-laponderosa.com\/fr\/wp-json\/wp\/v2\/pages"}],"about":[{"href":"https:\/\/www.dulces-laponderosa.com\/fr\/wp-json\/wp\/v2\/types\/page"}],"author":[{"embeddable":true,"href":"https:\/\/www.dulces-laponderosa.com\/fr\/wp-json\/wp\/v2\/users\/1"}],"replies":[{"embeddable":true,"href":"https:\/\/www.dulces-laponderosa.com\/fr\/wp-json\/wp\/v2\/comments?post=6984"}],"version-history":[{"count":4,"href":"https:\/\/www.dulces-laponderosa.com\/fr\/wp-json\/wp\/v2\/pages\/6984\/revisions"}],"predecessor-version":[{"id":6988,"href":"https:\/\/www.dulces-laponderosa.com\/fr\/wp-json\/wp\/v2\/pages\/6984\/revisions\/6988"}],"wp:attachment":[{"href":"https:\/\/www.dulces-laponderosa.com\/fr\/wp-json\/wp\/v2\/media?parent=6984"}],"curies":[{"name":"wp","href":"https:\/\/api.w.org\/{rel}","templated":true}]}}