{"id":6998,"date":"2021-07-27T18:10:49","date_gmt":"2021-07-27T16:10:49","guid":{"rendered":"https:\/\/www.dulces-laponderosa.com\/politique-de-cookies\/"},"modified":"2021-07-27T18:10:51","modified_gmt":"2021-07-27T16:10:51","slug":"politique-de-cookies","status":"publish","type":"page","link":"https:\/\/www.dulces-laponderosa.com\/fr\/politique-de-cookies\/","title":{"rendered":"Politique de cookies"},"content":{"rendered":"<section class=\"l-section wpb_row height_custom\"><div class=\"l-section-h i-cf\"><div class=\"g-cols vc_row via_flex valign_top type_default stacking_default\"><div class=\"vc_col-sm-12 wpb_column vc_column_container\"><div class=\"vc_column-inner\"><div class=\"wpb_wrapper\"><div class=\"wpb_text_column\"><div class=\"wpb_wrapper\"><h3>Raison de la politique de cookies<\/h3>\n<p>Dulces La Ponderosa SL, en tant que responsable du site Web www.dulces-laponderosa.com, utilise ses propres cookies et ceux de tiers qui sont t\u00e9l\u00e9charg\u00e9s sur le navigateur de l&rsquo;utilisateur lorsque celui-ci navigue sur le site Web www.dulces-laponderosa.com.<\/p>\n<p>Nous sommes tenus par le r\u00e8glement LSSI-CE (Loi sur la soci\u00e9t\u00e9 de l&rsquo;information et le commerce \u00e9lectronique), de vous donner le plus d&rsquo;informations possible sur ces cookies. Une fois que vous avez toutes les informations, en tant qu&rsquo;utilisateur, vous pouvez:<\/p>\n<p>Refusez le traitement des donn\u00e9es ou des informations en bloquant ces cookies via la configuration de votre navigateur, ce qui fera que notre site ne fonctionnera pas correctement &#8230;<br \/>\nOu, au contraire, continuez \u00e0 naviguer, ce qui signifie que vous donnerez votre consentement \u00e0 l&rsquo;utilisation de ces cookies (nous ne le disons pas, mais l&rsquo;article 22.2 de la loi 34\/2002 sur les services de la soci\u00e9t\u00e9 de l&rsquo;information et du commerce \u00e9lectronique) .<\/p>\n<p>Politique de cookies mise \u00e0 jour au 21 mai 2018.<\/p>\n<h3>Que sont les cookies?<\/h3>\n<p>Les cookies sont de petits fichiers de donn\u00e9es qui sont t\u00e9l\u00e9charg\u00e9s sur l&rsquo;ordinateur \/ l&rsquo;appareil mobile de l&rsquo;utilisateur lors de la visite d&rsquo;une page Web et sont utilis\u00e9s pour enregistrer certaines interactions de navigation Web, en stockant des donn\u00e9es qui peuvent \u00eatre mises \u00e0 jour et r\u00e9cup\u00e9r\u00e9es.<\/p>\n<h3>Quelles informations stocke un cookie?<\/h3>\n<p>Les cookies ne stockent g\u00e9n\u00e9ralement pas d&rsquo;informations sensibles telles que des cartes de cr\u00e9dit ou des coordonn\u00e9es bancaires, des photographies ou des informations personnelles, etc. Les donn\u00e9es qu&rsquo;ils conservent sont techniques, statistiques, pr\u00e9f\u00e9rences personnelles, personnalisation du contenu, etc.<\/p>\n<p>Ils sont utilis\u00e9s pour m\u00e9moriser les pr\u00e9f\u00e9rences de l&rsquo;utilisateur, telles que la langue s\u00e9lectionn\u00e9e, les donn\u00e9es d&rsquo;acc\u00e8s ou la personnalisation de la page. Les cookies peuvent \u00e9galement \u00eatre utilis\u00e9s pour enregistrer des informations anonymes sur la mani\u00e8re dont un visiteur utilise un site. Par exemple, \u00e0 partir de quelle page Web vous avez acc\u00e9d\u00e9, ou si vous avez utilis\u00e9 une \u00ab\u00a0banni\u00e8re\u00a0\u00bb publicitaire pour arriver.<\/p>\n<p>Si vous laissez un commentaire sur notre site, vous pouvez choisir d&rsquo;enregistrer votre nom, votre adresse e-mail et votre site Web dans des cookies. Ceci est pour votre commodit\u00e9, afin que vous n&rsquo;ayez pas \u00e0 ressaisir vos coordonn\u00e9es lorsque vous laissez un autre commentaire. Ces cookies dureront un an.<\/p>\n<p>Si vous avez un compte et que vous vous connectez \u00e0 ce site, nous installerons un cookie temporaire pour d\u00e9terminer si votre navigateur accepte les cookies. Ce cookie ne contient pas de donn\u00e9es personnelles et est supprim\u00e9 \u00e0 la fermeture du navigateur.<\/p>\n<p>Lorsque vous vous connectez, nous installons \u00e9galement divers cookies pour enregistrer vos informations de connexion et vos options d&rsquo;affichage \u00e0 l&rsquo;\u00e9cran. Les cookies de connexion durent deux jours et les cookies d&rsquo;options d&rsquo;\u00e9cran durent un an. Si vous s\u00e9lectionnez \u00ab\u00a0Se souvenir de moi\u00a0\u00bb, votre connexion durera deux semaines. Si vous vous d\u00e9connectez de votre compte, les cookies de connexion seront supprim\u00e9s.<\/p>\n<p>Si vous modifiez ou publiez un article, un cookie suppl\u00e9mentaire sera enregistr\u00e9 dans votre navigateur. Ce cookie n&rsquo;inclut pas de donn\u00e9es personnelles et indique simplement l&rsquo;ID de l&rsquo;article que vous venez de modifier. Il expire apr\u00e8s 1 jour.<\/p>\n<h3>Quel type de cookies existe-t-il?<\/h3>\n<p>Cookies techniques: Ils sont les plus \u00e9l\u00e9mentaires et n\u00e9cessaires au bon fonctionnement d&rsquo;un site Web. Par exemple, ils servent \u00e0 savoir : quand un humain ou une application automatis\u00e9e navigue, quand un utilisateur anonyme et un utilisateur enregistr\u00e9 naviguent, partagent sur les r\u00e9seaux sociaux&#8230;<\/p>\n<p>Cookies d&rsquo;analyse: utilis\u00e9 pour conna\u00eetre les pr\u00e9f\u00e9rences des utilisateurs. Par exemple, les produits les plus consult\u00e9s, le fuseau horaire d&rsquo;utilisation, la langue, etc.<\/p>\n<p>Cookies publicitaires : ils diffusent des publicit\u00e9s en fonction de la navigation de l&rsquo;utilisateur, de la fr\u00e9quence d&rsquo;acc\u00e8s, etc.<\/p>\n<h3>Quels cookies utilise Dulces La Ponderosa ?<\/h3>\n<p>1. Propres cookies<\/p>\n<p>&#8211; Personnalisation : ces cookies permettent de m\u00e9moriser avec quelles personnes ou sites Internet l&rsquo;utilisateur interagit, afin d&rsquo;afficher des contenus associ\u00e9s.<\/p>\n<p>&#8211; Pr\u00e9f\u00e9rences : ces cookies me permettent de m\u00e9moriser les param\u00e8tres et pr\u00e9f\u00e9rences de l&rsquo;utilisateur, tels que la langue pr\u00e9f\u00e9r\u00e9e et les param\u00e8tres de confidentialit\u00e9.<\/p>\n<p>&#8211; S\u00e9curit\u00e9 : ces cookies sont destin\u00e9s \u00e0 \u00e9viter les risques de s\u00e9curit\u00e9.<\/p>\n<p>2. Cookies tiers<\/p>\n<p>Cookies g\u00e9n\u00e9r\u00e9s par les services d&rsquo;analyse:<\/p>\n<p>&#8211; Google Analytics : l&rsquo;outil Google, dont l&rsquo;adresse principale est 1600 Amphitheatre Parkway, Mountain View (Californie), CA 94043, \u00c9tats-Unis, utilise des cookies qui sont install\u00e9s sur l&rsquo;ordinateur de l&rsquo;utilisateur pour analyser l&rsquo;utilisation faite par les utilisateurs du web. Toutes les informations g\u00e9n\u00e9r\u00e9es par les cookies sont transmises et archiv\u00e9es par Google.<\/p>\n<p>Cookies de r\u00e9seaux sociaux : des cookies de r\u00e9seaux sociaux peuvent \u00eatre stock\u00e9s dans votre navigateur lorsque vous naviguez sur www.dulces-laponderosa.com, par exemple lorsque vous utilisez le bouton pour partager un article de www.dulces-laponderosa.com dans un r\u00e9seau social. Les soci\u00e9t\u00e9s qui g\u00e9n\u00e8rent ces cookies correspondant aux r\u00e9seaux sociaux que nous utilisons ont leurs propres politiques de cookies:<\/p>\n<p>&#8211;<a href=\"https:\/\/www.facebook.com\/policies\/cookies\/\" target=\"_blank\" rel=\"noopener noreferrer\"> Facebook<\/a><br \/>\n&#8211;<a href=\"https:\/\/twitter.com\/es\/privacy\" target=\"_blank\" rel=\"noopener noreferrer\"> Twitter<\/a><br \/>\n&#8211;<a href=\"https:\/\/help.instagram.com\/1896641480634370?ref=ig\" target=\"_blank\" rel=\"noopener noreferrer\"> Instagram<\/a><\/p>\n<p>Les implications en mati\u00e8re de confidentialit\u00e9 d\u00e9pendront donc de chaque r\u00e9seau social et des param\u00e8tres de confidentialit\u00e9 de ce r\u00e9seau. En aucun cas, ni Dulces La Ponderosa SL en tant que responsable de www.dulces-laponderosa.com ni les annonceurs, nous ne pouvons obtenir des informations personnellement identifiables \u00e0 partir de ces cookies.<\/p>\n<h3>G\u00e9rer et d\u00e9sactiver les cookies<\/h3>\n<p>En tant qu&rsquo;utilisateur, vous pouvez:<\/p>\n<p>&#8211; Adaptez les param\u00e8tres de votre navigateur pour \u00eatre averti avant tout t\u00e9l\u00e9chargement.<br \/>\n&#8211; Adapter la configuration pour que le navigateur rejette tous les cookies, ou uniquement les cookies tiers.<br \/>\n&#8211; Et vous pouvez \u00e9galement supprimer tous les cookies qui sont d\u00e9j\u00e0 sur votre ordinateur.<\/p>\n<p>Pour cela nous vous laissons les guides de configuration des cookies des navigateurs les plus utilis\u00e9s:<\/p>\n<p>&#8211;<a href=\"https:\/\/support.google.com\/chrome\/answer\/95647?hl=es-419\" target=\"_blank\" rel=\"noopener noreferrer\"> Google Chrome<\/a><br \/>\n&#8211;<a href=\"https:\/\/support.microsoft.com\/es-es\/help\/17442\/windows-internet-explorer-delete-manage-cookies#ie=ie-10\" target=\"_blank\" rel=\"noopener noreferrer\"> Internet Explorer<\/a><br \/>\n&#8211;<a href=\"https:\/\/support.mozilla.org\/es\/kb\/habilitar-y-deshabilitar-cookies-sitios-web-rastrear-preferencias?redirectlocale=es&amp;redirectslug=habilitar-y-deshabilitar-cookies-que-los-sitios-we\" target=\"_blank\" rel=\"noopener noreferrer\"> Mozilla Firefox<\/a><br \/>\n&#8211;<a href=\"https:\/\/support.apple.com\/es-es\/HT201265\" target=\"_blank\" rel=\"noopener noreferrer\"> Safari aux pommes<\/a><\/p>\n<h3>Les donn\u00e9es collect\u00e9es dans les cookies utilis\u00e9s sur des sites Web autres que Dulces La Ponderosa?<\/h3>\n<p>Non. Les cookies utilis\u00e9s sont destin\u00e9s \u00e0 notre usage exclusif, qui en aucun cas ne les commercialise.<\/p>\n<h3>Plus d&rsquo;informations sur les cookies<\/h3>\n<p>Pour plus d&rsquo;informations sur la directive sur les cookies, veuillez consulter le Journal officiel de l&rsquo;\u00c9tat publi\u00e9 le 31 mars 2012 (pour l&rsquo;Espagne) o\u00f9 sont transpos\u00e9es les directives sur les communications \u00e9lectroniques.<\/p>\n<p>Vous pouvez \u00e9galement nous contacter \u00e0 info@dulces-laponderosa.com.<\/p>\n<\/div><\/div><\/div><\/div><\/div><\/div><\/div><\/section>\n","protected":false},"excerpt":{"rendered":"Raison de la politique de cookies Dulces La Ponderosa SL, en tant que responsable du site Web www.dulces-laponderosa.com, utilise ses propres cookies et ceux de tiers qui sont t\u00e9l\u00e9charg\u00e9s sur le navigateur de l&rsquo;utilisateur lorsque celui-ci navigue sur le site Web www.dulces-laponderosa.com. Nous sommes tenus par le r\u00e8glement LSSI-CE (Loi sur la soci\u00e9t\u00e9 de l&rsquo;information...","protected":false},"author":2,"featured_media":0,"parent":0,"menu_order":0,"comment_status":"closed","ping_status":"closed","template":"","meta":{"_joinchat":[],"footnotes":""},"class_list":["post-6998","page","type-page","status-publish","hentry"],"yoast_head":"<!-- This site is optimized with the Yoast SEO plugin v27.2 - https:\/\/yoast.com\/product\/yoast-seo-wordpress\/ -->\n<title>Politique de cookies - Dulces La Ponderosa<\/title>\n<meta name=\"description\" content=\"Politique de cookies, Dulces La Ponderosa Que sont les cookies ? Quel type de cookies le site www.dulces-laponderosa.com utilise-t-il ? ..\" \/>\n<meta name=\"robots\" content=\"index, follow, max-snippet:-1, max-image-preview:large, max-video-preview:-1\" \/>\n<link rel=\"canonical\" href=\"https:\/\/www.dulces-laponderosa.com\/fr\/politique-de-cookies\/\" \/>\n<meta property=\"og:locale\" content=\"fr_FR\" \/>\n<meta property=\"og:type\" content=\"article\" \/>\n<meta property=\"og:title\" content=\"Politique de cookies - Dulces La Ponderosa\" \/>\n<meta property=\"og:description\" content=\"Politique de cookies, Dulces La Ponderosa Que sont les cookies ? Quel type de cookies le site www.dulces-laponderosa.com utilise-t-il ? ..\" \/>\n<meta property=\"og:url\" content=\"https:\/\/www.dulces-laponderosa.com\/fr\/politique-de-cookies\/\" \/>\n<meta property=\"og:site_name\" content=\"Dulces La Ponderosa\" \/>\n<meta property=\"article:modified_time\" content=\"2021-07-27T16:10:51+00:00\" \/>\n<meta name=\"twitter:card\" content=\"summary_large_image\" \/>\n<meta name=\"twitter:label1\" content=\"Dur\u00e9e de lecture estim\u00e9e\" \/>\n\t<meta name=\"twitter:data1\" content=\"6 minutes\" \/>\n<script type=\"application\/ld+json\" class=\"yoast-schema-graph\">{\"@context\":\"https:\/\/schema.org\",\"@graph\":[{\"@type\":\"WebPage\",\"@id\":\"https:\/\/www.dulces-laponderosa.com\/fr\/politique-de-cookies\/\",\"url\":\"https:\/\/www.dulces-laponderosa.com\/fr\/politique-de-cookies\/\",\"name\":\"Politique de cookies - Dulces La Ponderosa\",\"isPartOf\":{\"@id\":\"https:\/\/www.dulces-laponderosa.com\/fr\/#website\"},\"datePublished\":\"2021-07-27T16:10:49+00:00\",\"dateModified\":\"2021-07-27T16:10:51+00:00\",\"description\":\"Politique de cookies, Dulces La Ponderosa Que sont les cookies ? Quel type de cookies le site www.dulces-laponderosa.com utilise-t-il ? ..\",\"breadcrumb\":{\"@id\":\"https:\/\/www.dulces-laponderosa.com\/fr\/politique-de-cookies\/#breadcrumb\"},\"inLanguage\":\"fr-FR\",\"potentialAction\":[{\"@type\":\"ReadAction\",\"target\":[\"https:\/\/www.dulces-laponderosa.com\/fr\/politique-de-cookies\/\"]}]},{\"@type\":\"BreadcrumbList\",\"@id\":\"https:\/\/www.dulces-laponderosa.com\/fr\/politique-de-cookies\/#breadcrumb\",\"itemListElement\":[{\"@type\":\"ListItem\",\"position\":1,\"name\":\"Portada\",\"item\":\"https:\/\/www.dulces-laponderosa.com\/fr\/\"},{\"@type\":\"ListItem\",\"position\":2,\"name\":\"Politique de cookies\"}]},{\"@type\":\"WebSite\",\"@id\":\"https:\/\/www.dulces-laponderosa.com\/fr\/#website\",\"url\":\"https:\/\/www.dulces-laponderosa.com\/fr\/\",\"name\":\"Dulces La Ponderosa\",\"description\":\"Dulces de Navidad desde 1955\",\"potentialAction\":[{\"@type\":\"SearchAction\",\"target\":{\"@type\":\"EntryPoint\",\"urlTemplate\":\"https:\/\/www.dulces-laponderosa.com\/fr\/?s={search_term_string}\"},\"query-input\":{\"@type\":\"PropertyValueSpecification\",\"valueRequired\":true,\"valueName\":\"search_term_string\"}}],\"inLanguage\":\"fr-FR\"}]}<\/script>\n<!-- \/ Yoast SEO plugin. -->","yoast_head_json":{"title":"Politique de cookies - Dulces La Ponderosa","description":"Politique de cookies, Dulces La Ponderosa Que sont les cookies ? Quel type de cookies le site www.dulces-laponderosa.com utilise-t-il ? ..","robots":{"index":"index","follow":"follow","max-snippet":"max-snippet:-1","max-image-preview":"max-image-preview:large","max-video-preview":"max-video-preview:-1"},"canonical":"https:\/\/www.dulces-laponderosa.com\/fr\/politique-de-cookies\/","og_locale":"fr_FR","og_type":"article","og_title":"Politique de cookies - Dulces La Ponderosa","og_description":"Politique de cookies, Dulces La Ponderosa Que sont les cookies ? Quel type de cookies le site www.dulces-laponderosa.com utilise-t-il ? ..","og_url":"https:\/\/www.dulces-laponderosa.com\/fr\/politique-de-cookies\/","og_site_name":"Dulces La Ponderosa","article_modified_time":"2021-07-27T16:10:51+00:00","twitter_card":"summary_large_image","twitter_misc":{"Dur\u00e9e de lecture estim\u00e9e":"6 minutes"},"schema":{"@context":"https:\/\/schema.org","@graph":[{"@type":"WebPage","@id":"https:\/\/www.dulces-laponderosa.com\/fr\/politique-de-cookies\/","url":"https:\/\/www.dulces-laponderosa.com\/fr\/politique-de-cookies\/","name":"Politique de cookies - Dulces La Ponderosa","isPartOf":{"@id":"https:\/\/www.dulces-laponderosa.com\/fr\/#website"},"datePublished":"2021-07-27T16:10:49+00:00","dateModified":"2021-07-27T16:10:51+00:00","description":"Politique de cookies, Dulces La Ponderosa Que sont les cookies ? Quel type de cookies le site www.dulces-laponderosa.com utilise-t-il ? ..","breadcrumb":{"@id":"https:\/\/www.dulces-laponderosa.com\/fr\/politique-de-cookies\/#breadcrumb"},"inLanguage":"fr-FR","potentialAction":[{"@type":"ReadAction","target":["https:\/\/www.dulces-laponderosa.com\/fr\/politique-de-cookies\/"]}]},{"@type":"BreadcrumbList","@id":"https:\/\/www.dulces-laponderosa.com\/fr\/politique-de-cookies\/#breadcrumb","itemListElement":[{"@type":"ListItem","position":1,"name":"Portada","item":"https:\/\/www.dulces-laponderosa.com\/fr\/"},{"@type":"ListItem","position":2,"name":"Politique de cookies"}]},{"@type":"WebSite","@id":"https:\/\/www.dulces-laponderosa.com\/fr\/#website","url":"https:\/\/www.dulces-laponderosa.com\/fr\/","name":"Dulces La Ponderosa","description":"Dulces de Navidad desde 1955","potentialAction":[{"@type":"SearchAction","target":{"@type":"EntryPoint","urlTemplate":"https:\/\/www.dulces-laponderosa.com\/fr\/?s={search_term_string}"},"query-input":{"@type":"PropertyValueSpecification","valueRequired":true,"valueName":"search_term_string"}}],"inLanguage":"fr-FR"}]}},"_links":{"self":[{"href":"https:\/\/www.dulces-laponderosa.com\/fr\/wp-json\/wp\/v2\/pages\/6998","targetHints":{"allow":["GET"]}}],"collection":[{"href":"https:\/\/www.dulces-laponderosa.com\/fr\/wp-json\/wp\/v2\/pages"}],"about":[{"href":"https:\/\/www.dulces-laponderosa.com\/fr\/wp-json\/wp\/v2\/types\/page"}],"author":[{"embeddable":true,"href":"https:\/\/www.dulces-laponderosa.com\/fr\/wp-json\/wp\/v2\/users\/2"}],"replies":[{"embeddable":true,"href":"https:\/\/www.dulces-laponderosa.com\/fr\/wp-json\/wp\/v2\/comments?post=6998"}],"version-history":[{"count":5,"href":"https:\/\/www.dulces-laponderosa.com\/fr\/wp-json\/wp\/v2\/pages\/6998\/revisions"}],"predecessor-version":[{"id":7005,"href":"https:\/\/www.dulces-laponderosa.com\/fr\/wp-json\/wp\/v2\/pages\/6998\/revisions\/7005"}],"wp:attachment":[{"href":"https:\/\/www.dulces-laponderosa.com\/fr\/wp-json\/wp\/v2\/media?parent=6998"}],"curies":[{"name":"wp","href":"https:\/\/api.w.org\/{rel}","templated":true}]}}