{"id":7013,"date":"2021-07-27T18:11:44","date_gmt":"2021-07-27T16:11:44","guid":{"rendered":"https:\/\/www.dulces-laponderosa.com\/politique-de-confidentialite\/"},"modified":"2021-07-27T18:11:48","modified_gmt":"2021-07-27T16:11:48","slug":"politique-de-confidentialite","status":"publish","type":"page","link":"https:\/\/www.dulces-laponderosa.com\/fr\/politique-de-confidentialite\/","title":{"rendered":"Politique de confidentialit\u00e9"},"content":{"rendered":"<section class=\"l-section wpb_row height_custom\"><div class=\"l-section-h i-cf\"><div class=\"g-cols vc_row via_flex valign_top type_default stacking_default\"><div class=\"vc_col-sm-12 wpb_column vc_column_container\"><div class=\"vc_column-inner\"><div class=\"wpb_wrapper\"><div class=\"wpb_text_column\"><div class=\"wpb_wrapper\"><h3>Qui sommes nous<\/h3>\n<p>L&rsquo;adresse de notre site Internet est : https:\/\/www.dulces-laponderosa.com.<\/p>\n<p>L&rsquo;objectif de la communication de notre politique de confidentialit\u00e9 est que vous sachiez de la mani\u00e8re la plus claire et la plus simple possible comment nous traitons les informations personnelles sur notre site Web.<\/p>\n<p>Cette politique de confidentialit\u00e9 est applicable aux donn\u00e9es personnelles collect\u00e9es sur sweets-laponderosa.com, n&rsquo;\u00e9tant pas valable pour les informations collect\u00e9es par des tiers sur d&rsquo;autres pages Web, m\u00eame si elles sont li\u00e9es par sweets-laponderosa.com.<\/p>\n<h3>Quelles donn\u00e9es personnelles nous collectons et pourquoi nous les collectons<\/h3>\n<p><strong>Responsable du traitement de vos donn\u00e9es personnelles<\/strong><\/p>\n<p>Dulces La Ponderosa, SL<br \/>\nNom commercial : dulce-laponderosa.com.<br \/>\nNIF \/ CIF : B-41064767<br \/>\nAdresse : Avenida Andaluc\u00eda, 229.41560, Estepa, Espagne<br \/>\nCourriel : info@dulces-laponderosa.com<\/p>\n<p><strong>commentaires<\/strong><br \/>\nLorsque les visiteurs laissent des commentaires sur le Web, nous collectons les donn\u00e9es affich\u00e9es dans le formulaire de commentaire, ainsi que l&rsquo;adresse IP du visiteur et la cha\u00eene de l&rsquo;agent utilisateur du navigateur pour aider \u00e0 d\u00e9tecter le spam.<\/p>\n<p>Une cha\u00eene anonyme cr\u00e9\u00e9e \u00e0 partir de votre adresse e-mail (\u00e9galement appel\u00e9e hachage) peut \u00eatre fournie au service Gravatar pour voir si vous l&rsquo;utilisez. La politique de confidentialit\u00e9 du service Gravatar est disponible ici : https:\/\/automattic.com\/privacy\/. Apr\u00e8s validation de votre commentaire, votre image de profil est visible publiquement \u00e0 cot\u00e9 de votre commentaire.<\/p>\n<p><strong>M\u00e9dias<\/strong><br \/>\nSi vous t\u00e9l\u00e9chargez des images sur le Web, \u00e9vitez de t\u00e9l\u00e9charger des images avec des donn\u00e9es de localisation (EXIF GPS) incluses. Les visiteurs du Web peuvent t\u00e9l\u00e9charger et extraire toutes les donn\u00e9es de localisation \u00e0 partir d&rsquo;images sur le Web.<\/p>\n<p><strong>Formulaires de contact<\/strong><br \/>\nLorsque l&rsquo;utilisateur contacte Dulces La Ponderosa via nos formulaires de contact, les donn\u00e9es collect\u00e9es sont : nom, e-mail, t\u00e9l\u00e9phone, commune, province, objet et message.<\/p>\n<p>Lorsque l&rsquo;utilisateur ach\u00e8te l&rsquo;un de nos services via le Web, il est directement li\u00e9 \u00e0 la passerelle de paiement, de sorte qu&rsquo;il n&rsquo;a pas acc\u00e8s aux donn\u00e9es de paiement. Les donn\u00e9es fournies telles que nom, adresse, email, t\u00e9l\u00e9phone, seront simplement utilis\u00e9es pour la facturation des produits acquis via la boutique en ligne.<\/p>\n<p>Les cat\u00e9gories de donn\u00e9es trait\u00e9es via les formulaires de contact sont les suivantes: Donn\u00e9es d&rsquo;identification, en particulier le nom et l&rsquo;adresse e-mail.<\/p>\n<p>Les cat\u00e9gories de donn\u00e9es sp\u00e9cialement prot\u00e9g\u00e9es ne sont pas trait\u00e9es.<\/p>\n<p><strong>biscuits<\/strong><br \/>\nPour plus d&rsquo;informations, consultez notre<a href=\"https:\/\/www.dulces-laponderosa.com\/fr\/politique-de-cookies\/\"> Politique de cookies.<\/a><\/p>\n<p><strong>Contenu int\u00e9gr\u00e9 provenant d&rsquo;autres sites Web<\/strong><br \/>\nLes articles de ce site peuvent inclure du contenu int\u00e9gr\u00e9 (par exemple, des vid\u00e9os, des images, des articles, etc.). Le contenu int\u00e9gr\u00e9 d&rsquo;autres sites Web se comporte exactement de la m\u00eame mani\u00e8re que si le visiteur avait visit\u00e9 l&rsquo;autre site Web.<\/p>\n<p>Ces sites Web peuvent collecter des donn\u00e9es vous concernant, utiliser des cookies, int\u00e9grer un suivi tiers suppl\u00e9mentaire et surveiller votre interaction avec ce contenu int\u00e9gr\u00e9, y compris le suivi de votre interaction avec le contenu int\u00e9gr\u00e9 si vous avez un compte et \u00eates connect\u00e9 \u00e0 ce site Web.<\/p>\n<h3>Finalit\u00e9 du traitement de vos donn\u00e9es personnelles<\/h3>\n<p>Concr\u00e8tement, les donn\u00e9es collect\u00e9es seront utilis\u00e9es pour :<\/p>\n<p>R\u00e9pondre aux besoins des utilisateurs. Dans le cas o\u00f9 un utilisateur laisserait ses donn\u00e9es personnelles dans nos formulaires de contact, ces donn\u00e9es pourront \u00eatre utilis\u00e9es pour r\u00e9pondre \u00e0 sa demande, ses doutes ou ses r\u00e9clamations.<\/p>\n<p>Fournir des informations sur nos services dans le cas o\u00f9 ils sont n\u00e9cessaires. Les informations recueillies permettront de solliciter le service correspondant pour un \u00e9ventuel traitement hors ligne. Les demandes seront r\u00e9pondues par e-mail.<\/p>\n<p>G\u00e9rer les commentaires sur le blog.<\/p>\n<p>Garantir le respect des conditions d&rsquo;utilisation et de la loi applicable. Cela peut inclure le d\u00e9veloppement d&rsquo;outils et d&rsquo;algorithmes qui aident ce site Web \u00e0 garantir la confidentialit\u00e9 des donn\u00e9es personnelles qu&rsquo;il collecte.<\/p>\n<p>Pour g\u00e9rer les r\u00e9seaux sociaux. Le traitement des donn\u00e9es des personnes qui deviennent abonn\u00e9es aux r\u00e9seaux sociaux des pages officielles de dulce-laponderosa.com, sera r\u00e9gi par cette section. En plus des conditions d&rsquo;utilisation, des politiques de confidentialit\u00e9 et des r\u00e8gles d&rsquo;acc\u00e8s propres au r\u00e9seau social qui sont appropri\u00e9es dans chaque cas et pr\u00e9alablement accept\u00e9es par l&rsquo;utilisateur de Dulces La Ponderosa SL, je traiterai vos donn\u00e9es dans le but de g\u00e9rer correctement ma pr\u00e9sence dans le r\u00e9seau social, les activit\u00e9s de signalement, les produits ou services de dulce-laponderosa.com .. Ainsi que pour tout autre but que la r\u00e9glementation des r\u00e9seaux sociaux permet. En aucun cas, je n&rsquo;utiliserai les profils des abonn\u00e9s sur les r\u00e9seaux sociaux pour envoyer de la publicit\u00e9 individuellement.<\/p>\n<p>Vos donn\u00e9es personnelles pourront \u00eatre trait\u00e9es ult\u00e9rieurement afin de r\u00e9aliser des statistiques et des actions commerciales sp\u00e9cifiques.<\/p>\n<p>En aucun cas, ce site Web ne transf\u00e9rera les donn\u00e9es personnelles de ses utilisateurs \u00e0 des tiers sans les informer au pr\u00e9alable et sans leur consentement. Vous n&rsquo;avez pas besoin de fournir de donn\u00e9es personnelles pour naviguer sur ce site.<\/p>\n<h3>L\u00e9gitimation pour le traitement de vos donn\u00e9es<\/h3>\n<p>La base l\u00e9gale pour le traitement de vos donn\u00e9es est : le consentement.<\/p>\n<p>Pour contacter ou faire des commentaires sur ce site Web, le consentement est requis avec cette politique de confidentialit\u00e9. L&rsquo;offre prospective ou commerciale de produits et services est fond\u00e9e sur le consentement qui est demand\u00e9, sans en aucun cas le retrait de ce consentement conditionnant l&rsquo;ex\u00e9cution du contrat d&rsquo;abonnement.<\/p>\n<h3>Avec qui partageons-nous vos donn\u00e9es<\/h3>\n<p>Les donn\u00e9es seront communiqu\u00e9es aux soci\u00e9t\u00e9s suivantes pour fournir des services strictement n\u00e9cessaires au d\u00e9veloppement de son activit\u00e9, Dulces La Ponderosa SL partage les donn\u00e9es avec les fournisseurs suivants dans les conditions de confidentialit\u00e9 correspondantes.<\/p>\n<p>H\u00e9bergement : Digital Ocean avec adresse au 101 Avenue of the Americas, 10th Floor<br \/>\nNew York, NY 10013 et num\u00e9ro de TVA : EU528002224.<\/p>\n<p>Conseil \/ Gestion: Blanco Fernadez Asesoria Fiscal SL avec adresse \u00e0 Ja\u00e9n, 2 BAJO, 41560, Estepa (S\u00e9ville) traite les donn\u00e9es afin d&rsquo;effectuer ses services de conseil \/ gestion \u00e0 Dulces La Ponderosa SL<\/p>\n<p>Plateforme Web : WordPress.org.<\/p>\n<p>Plateforme d&rsquo;envoi d&#8217;emails : Mailjet, dont le si\u00e8ge social est situ\u00e9 13-13 bis, rue de l&rsquo;Aubrac 75012 Paris, France.<\/p>\n<p>Google Analytics : L&rsquo;outil Google, dont l&rsquo;adresse principale est 1600 Amphitheatre Parkway, Mountain View (Californie), CA 94043, \u00c9tats-Unis, utilise des cookies qui sont install\u00e9s sur l&rsquo;ordinateur de l&rsquo;utilisateur pour analyser l&rsquo;utilisation faite par les utilisateurs du web. Toutes les informations g\u00e9n\u00e9r\u00e9es par les cookies sont transmises et archiv\u00e9es par Google.<\/p>\n<h3>Combien de temps conservons-nous vos donn\u00e9es<\/h3>\n<p>Si vous laissez un commentaire, le commentaire et ses m\u00e9tadonn\u00e9es sont conserv\u00e9s ind\u00e9finiment. C&rsquo;est pour que nous puissions automatiquement reconna\u00eetre et approuver les commentaires suivants au lieu de les garder dans une file d&rsquo;attente de mod\u00e9ration.<\/p>\n<p>Parmi les utilisateurs qui s&rsquo;inscrivent sur notre site Web, nous stockons \u00e9galement les informations personnelles qu&rsquo;ils fournissent dans leur profil d&rsquo;utilisateur. Tous les utilisateurs peuvent afficher, modifier ou supprimer leurs informations personnelles \u00e0 tout moment (sauf qu&rsquo;ils ne peuvent pas changer leur nom d&rsquo;utilisateur). Les administrateurs de site Web peuvent \u00e9galement afficher et modifier ces informations.<\/p>\n<h3>Quels droits avez-vous sur vos donn\u00e9es<\/h3>\n<p>Si vous avez un compte ou avez laiss\u00e9 des commentaires sur ce site Web, vous pouvez demander \u00e0 recevoir un fichier d&rsquo;exportation des donn\u00e9es personnelles que nous poss\u00e9dons \u00e0 votre sujet, y compris les donn\u00e9es que vous nous avez fournies. Vous pouvez \u00e9galement demander que nous supprimions toutes les donn\u00e9es personnelles que nous avons \u00e0 votre sujet. Cela n&rsquo;inclut pas les donn\u00e9es que nous sommes tenus de conserver \u00e0 des fins administratives, juridiques ou de s\u00e9curit\u00e9. En plus de:<\/p>\n<ul>\n<li>Demander l&rsquo;acc\u00e8s aux donn\u00e9es personnelles relatives \u00e0 l&rsquo;int\u00e9ress\u00e9.<\/li>\n<li>Demander sa rectification ou sa suppression.<\/li>\n<li>Demandez la limitation de votre traitement.<\/li>\n<li>S&rsquo;opposer au traitement.<\/li>\n<li>Vous pouvez mat\u00e9riellement exercer vos droits par courrier \u00e9lectronique \u00e0 : info@dulceslaponderosa.com<\/li>\n<\/ul>\n<h3>O\u00f9 nous envoyons vos donn\u00e9es<\/h3>\n<p>Les commentaires des visiteurs peuvent \u00eatre v\u00e9rifi\u00e9s par un service automatis\u00e9 de d\u00e9tection de spam.<\/p>\n<h3>Comment nous prot\u00e9geons vos donn\u00e9es<\/h3>\n<p>Chez dulce-laponderosa.com, nous traitons les donn\u00e9es personnelles des utilisateurs en respectant leur confidentialit\u00e9 et nous nous engageons \u00e0 les utiliser conform\u00e9ment \u00e0 la finalit\u00e9 pour laquelle elles ont \u00e9t\u00e9 collect\u00e9es. Et aussi pour nous conformer \u00e0 notre obligation de les conserver et d&rsquo;adapter toutes les mesures pour \u00e9viter toute alt\u00e9ration, perte, traitement ou acc\u00e8s non autoris\u00e9, tel qu&rsquo;\u00e9tabli par la r\u00e9glementation en vigueur sur la protection des donn\u00e9es.<\/p>\n<p>C&rsquo;est pourquoi nous utilisons un certificat SSL sur notre site Web. C&rsquo;est un protocole de s\u00e9curit\u00e9 qui fait voyager vos donn\u00e9es de mani\u00e8re compl\u00e8te et s\u00fbre, c&rsquo;est-\u00e0-dire que la transmission des donn\u00e9es entre un serveur et un internaute, et en retour, est enti\u00e8rement crypt\u00e9e ou crypt\u00e9e.<\/p>\n<p>Logiquement, nous ne pouvons garantir l&rsquo;impr\u00e9gnabilit\u00e9 absolue d&rsquo;Internet et donc la violation des donn\u00e9es par le biais d&rsquo;acc\u00e8s frauduleux par des tiers tels que des pirates informatiques et autres.<\/p>\n<p>En ce qui concerne la confidentialit\u00e9 du traitement, Dulces La Ponderosa SL et toute personne autoris\u00e9e par dulce-laponderosa.com \u00e0 traiter les donn\u00e9es des utilisateurs (personnel, collaborateurs&#8230;)<\/p>\n<p>S&rsquo;il y a un incident de s\u00e9curit\u00e9, lorsque nous en aurons connaissance, de Dulces La Ponderosa SL, l&rsquo;utilisateur sera inform\u00e9 et recevra les informations n\u00e9cessaires avec l&rsquo;incident tel qu&rsquo;il est connu ou lorsqu&rsquo;il est raisonnablement demand\u00e9.<\/p>\n<h3>Exactitude et v\u00e9racit\u00e9 des donn\u00e9es<\/h3>\n<p>L&rsquo;Utilisateur garantit que les donn\u00e9es personnelles fournies via les diff\u00e9rents formulaires sont v\u00e9ridiques, \u00e9tant tenu de communiquer toute modification de celles-ci. De m\u00eame, l&rsquo;Utilisateur garantit que toutes les informations fournies correspondent \u00e0 sa situation r\u00e9elle, qu&rsquo;elles sont \u00e0 jour et exactes.<\/p>\n<p>En outre, l&rsquo;utilisateur s&rsquo;engage \u00e0 maintenir ses donn\u00e9es \u00e0 jour \u00e0 tout moment, \u00e9tant seul responsable de l&rsquo;inexactitude ou de la fausset\u00e9 des donn\u00e9es fournies et des dommages qui pourraient en r\u00e9sulter pour Dulces La Ponderosa SL en tant que propri\u00e9taire du site Web Dulces-laponderosa. .com.<\/p>\n<h3>Acceptation et consentement<\/h3>\n<p>La politique de confidentialit\u00e9 est un contrat entre l&rsquo;utilisateur et Dulces La Ponderosa SL, il est n\u00e9cessaire que vous l&rsquo;ayez lu et acceptez ces conditions sur la protection des donn\u00e9es personnelles, en acceptant et en consentant \u00e0 leur traitement par Dulces La Ponderosa SL, sous la forme et aux fins que j&rsquo;ai indiqu\u00e9es dans la pr\u00e9sente politique et dans les mentions l\u00e9gales.<\/p>\n<p>Si vous avez des questions ou des commentaires sur cette politique de confidentialit\u00e9, n&rsquo;h\u00e9sitez pas \u00e0 contacter info@dulceslaponderosa.com<\/p>\n<h3>R\u00e9vocabilit\u00e9<\/h3>\n<p>Le consentement que vous nous donnez \u00e0 la fois pour le traitement et pour le transfert de vos donn\u00e9es, est r\u00e9vocable \u00e0 tout moment en le communiquant \u00e0 Dulces La Ponderosa SL<\/p>\n<p>Cette r\u00e9vocation ne sera en aucun cas r\u00e9troactive.<\/p>\n<h3>Modifications de cette politique de confidentialit\u00e9.<\/h3>\n<p>Dulces La Ponderosa SL se r\u00e9serve le droit de modifier cette politique pour l&rsquo;adapter \u00e0 la nouvelle l\u00e9gislation ou jurisprudence ainsi qu&rsquo;aux pratiques de l&rsquo;industrie. Dans ces cas, le Prestataire annoncera sur cette page les modifications introduites avec une anticipation raisonnable de leur mise en \u0153uvre.<\/p>\n<h3>Courriels commerciaux<\/h3>\n<p>Conform\u00e9ment \u00e0 la LSSICE, Dulces La Ponderosa SL n&rsquo;exerce pas de pratiques de SPAM, elle n&rsquo;envoie donc pas d&rsquo;e-mails commerciaux qui n&rsquo;ont pas \u00e9t\u00e9 pr\u00e9alablement demand\u00e9s ou autoris\u00e9s par l&rsquo;utilisateur, \u00e0 certaines occasions, elle peut envoyer ses propres promotions et offres sp\u00e9cifiques et des tiers, uniquement dans les cas o\u00f9 vous disposez de l&rsquo;autorisation des destinataires.<\/p>\n<h3>Exigences r\u00e9glementaires pour la divulgation d&rsquo;informations dans le secteur<\/h3>\n<p>Les lois qui s&rsquo;appliquent dans cette politique de confidentialit\u00e9 sont :<\/p>\n<p>Le RGPD (R\u00e8glement (UE) 2016\/679 du Parlement europ\u00e9en et du Conseil du 27 avril 2016 relatif \u00e0 la protection des personnes physiques)<\/p>\n<p>La LOPD (Loi organique 15\/1999, du 13 d\u00e9cembre, Protection des donn\u00e9es personnelles et D\u00e9cret royal 1720\/2007, du 21 d\u00e9cembre, R\u00e8glement de d\u00e9veloppement de la LOPD)<\/p>\n<p>La LSSI (Loi 34\/2002, du 11 juillet, Services de la soci\u00e9t\u00e9 de l&rsquo;information et du commerce \u00e9lectronique).<\/p>\n<\/div><\/div><\/div><\/div><\/div><\/div><\/div><\/section>\n","protected":false},"excerpt":{"rendered":"Qui sommes nous L&rsquo;adresse de notre site Internet est : https:\/\/www.dulces-laponderosa.com. L&rsquo;objectif de la communication de notre politique de confidentialit\u00e9 est que vous sachiez de la mani\u00e8re la plus claire et la plus simple possible comment nous traitons les informations personnelles sur notre site Web. Cette politique de confidentialit\u00e9 est applicable aux donn\u00e9es personnelles collect\u00e9es...","protected":false},"author":2,"featured_media":0,"parent":0,"menu_order":0,"comment_status":"closed","ping_status":"closed","template":"","meta":{"_joinchat":[],"footnotes":""},"class_list":["post-7013","page","type-page","status-publish","hentry"],"yoast_head":"<!-- This site is optimized with the Yoast SEO plugin v27.2 - https:\/\/yoast.com\/product\/yoast-seo-wordpress\/ -->\n<title>Politique de confidentialit\u00e9, informations pour l&#039;utilisateur - Dulces La Ponderosa<\/title>\n<meta name=\"description\" content=\"Politique de confidentialit\u00e9 Dulces La Ponderosa; donn\u00e9es personnelles qui sont collect\u00e9es, traitement des donn\u00e9es, retrait, politique des cookies...\" \/>\n<meta name=\"robots\" content=\"index, follow, max-snippet:-1, max-image-preview:large, max-video-preview:-1\" \/>\n<link rel=\"canonical\" href=\"https:\/\/www.dulces-laponderosa.com\/fr\/politique-de-confidentialite\/\" \/>\n<meta property=\"og:locale\" content=\"fr_FR\" \/>\n<meta property=\"og:type\" content=\"article\" \/>\n<meta property=\"og:title\" content=\"Politique de confidentialit\u00e9, informations pour l&#039;utilisateur - Dulces La Ponderosa\" \/>\n<meta property=\"og:description\" content=\"Politique de confidentialit\u00e9 Dulces La Ponderosa; donn\u00e9es personnelles qui sont collect\u00e9es, traitement des donn\u00e9es, retrait, politique des cookies...\" \/>\n<meta property=\"og:url\" content=\"https:\/\/www.dulces-laponderosa.com\/fr\/politique-de-confidentialite\/\" \/>\n<meta property=\"og:site_name\" content=\"Dulces La Ponderosa\" \/>\n<meta property=\"article:modified_time\" content=\"2021-07-27T16:11:48+00:00\" \/>\n<meta name=\"twitter:card\" content=\"summary_large_image\" \/>\n<meta name=\"twitter:label1\" content=\"Dur\u00e9e de lecture estim\u00e9e\" \/>\n\t<meta name=\"twitter:data1\" content=\"10 minutes\" \/>\n<script type=\"application\/ld+json\" class=\"yoast-schema-graph\">{\"@context\":\"https:\/\/schema.org\",\"@graph\":[{\"@type\":\"WebPage\",\"@id\":\"https:\/\/www.dulces-laponderosa.com\/fr\/politique-de-confidentialite\/\",\"url\":\"https:\/\/www.dulces-laponderosa.com\/fr\/politique-de-confidentialite\/\",\"name\":\"Politique de confidentialit\u00e9, informations pour l'utilisateur - Dulces La Ponderosa\",\"isPartOf\":{\"@id\":\"https:\/\/www.dulces-laponderosa.com\/fr\/#website\"},\"datePublished\":\"2021-07-27T16:11:44+00:00\",\"dateModified\":\"2021-07-27T16:11:48+00:00\",\"description\":\"Politique de confidentialit\u00e9 Dulces La Ponderosa; donn\u00e9es personnelles qui sont collect\u00e9es, traitement des donn\u00e9es, retrait, politique des cookies...\",\"breadcrumb\":{\"@id\":\"https:\/\/www.dulces-laponderosa.com\/fr\/politique-de-confidentialite\/#breadcrumb\"},\"inLanguage\":\"fr-FR\",\"potentialAction\":[{\"@type\":\"ReadAction\",\"target\":[\"https:\/\/www.dulces-laponderosa.com\/fr\/politique-de-confidentialite\/\"]}]},{\"@type\":\"BreadcrumbList\",\"@id\":\"https:\/\/www.dulces-laponderosa.com\/fr\/politique-de-confidentialite\/#breadcrumb\",\"itemListElement\":[{\"@type\":\"ListItem\",\"position\":1,\"name\":\"Portada\",\"item\":\"https:\/\/www.dulces-laponderosa.com\/fr\/\"},{\"@type\":\"ListItem\",\"position\":2,\"name\":\"Politique de confidentialit\u00e9\"}]},{\"@type\":\"WebSite\",\"@id\":\"https:\/\/www.dulces-laponderosa.com\/fr\/#website\",\"url\":\"https:\/\/www.dulces-laponderosa.com\/fr\/\",\"name\":\"Dulces La Ponderosa\",\"description\":\"Dulces de Navidad desde 1955\",\"potentialAction\":[{\"@type\":\"SearchAction\",\"target\":{\"@type\":\"EntryPoint\",\"urlTemplate\":\"https:\/\/www.dulces-laponderosa.com\/fr\/?s={search_term_string}\"},\"query-input\":{\"@type\":\"PropertyValueSpecification\",\"valueRequired\":true,\"valueName\":\"search_term_string\"}}],\"inLanguage\":\"fr-FR\"}]}<\/script>\n<!-- \/ Yoast SEO plugin. -->","yoast_head_json":{"title":"Politique de confidentialit\u00e9, informations pour l'utilisateur - Dulces La Ponderosa","description":"Politique de confidentialit\u00e9 Dulces La Ponderosa; donn\u00e9es personnelles qui sont collect\u00e9es, traitement des donn\u00e9es, retrait, politique des cookies...","robots":{"index":"index","follow":"follow","max-snippet":"max-snippet:-1","max-image-preview":"max-image-preview:large","max-video-preview":"max-video-preview:-1"},"canonical":"https:\/\/www.dulces-laponderosa.com\/fr\/politique-de-confidentialite\/","og_locale":"fr_FR","og_type":"article","og_title":"Politique de confidentialit\u00e9, informations pour l'utilisateur - Dulces La Ponderosa","og_description":"Politique de confidentialit\u00e9 Dulces La Ponderosa; donn\u00e9es personnelles qui sont collect\u00e9es, traitement des donn\u00e9es, retrait, politique des cookies...","og_url":"https:\/\/www.dulces-laponderosa.com\/fr\/politique-de-confidentialite\/","og_site_name":"Dulces La Ponderosa","article_modified_time":"2021-07-27T16:11:48+00:00","twitter_card":"summary_large_image","twitter_misc":{"Dur\u00e9e de lecture estim\u00e9e":"10 minutes"},"schema":{"@context":"https:\/\/schema.org","@graph":[{"@type":"WebPage","@id":"https:\/\/www.dulces-laponderosa.com\/fr\/politique-de-confidentialite\/","url":"https:\/\/www.dulces-laponderosa.com\/fr\/politique-de-confidentialite\/","name":"Politique de confidentialit\u00e9, informations pour l'utilisateur - Dulces La Ponderosa","isPartOf":{"@id":"https:\/\/www.dulces-laponderosa.com\/fr\/#website"},"datePublished":"2021-07-27T16:11:44+00:00","dateModified":"2021-07-27T16:11:48+00:00","description":"Politique de confidentialit\u00e9 Dulces La Ponderosa; donn\u00e9es personnelles qui sont collect\u00e9es, traitement des donn\u00e9es, retrait, politique des cookies...","breadcrumb":{"@id":"https:\/\/www.dulces-laponderosa.com\/fr\/politique-de-confidentialite\/#breadcrumb"},"inLanguage":"fr-FR","potentialAction":[{"@type":"ReadAction","target":["https:\/\/www.dulces-laponderosa.com\/fr\/politique-de-confidentialite\/"]}]},{"@type":"BreadcrumbList","@id":"https:\/\/www.dulces-laponderosa.com\/fr\/politique-de-confidentialite\/#breadcrumb","itemListElement":[{"@type":"ListItem","position":1,"name":"Portada","item":"https:\/\/www.dulces-laponderosa.com\/fr\/"},{"@type":"ListItem","position":2,"name":"Politique de confidentialit\u00e9"}]},{"@type":"WebSite","@id":"https:\/\/www.dulces-laponderosa.com\/fr\/#website","url":"https:\/\/www.dulces-laponderosa.com\/fr\/","name":"Dulces La Ponderosa","description":"Dulces de Navidad desde 1955","potentialAction":[{"@type":"SearchAction","target":{"@type":"EntryPoint","urlTemplate":"https:\/\/www.dulces-laponderosa.com\/fr\/?s={search_term_string}"},"query-input":{"@type":"PropertyValueSpecification","valueRequired":true,"valueName":"search_term_string"}}],"inLanguage":"fr-FR"}]}},"_links":{"self":[{"href":"https:\/\/www.dulces-laponderosa.com\/fr\/wp-json\/wp\/v2\/pages\/7013","targetHints":{"allow":["GET"]}}],"collection":[{"href":"https:\/\/www.dulces-laponderosa.com\/fr\/wp-json\/wp\/v2\/pages"}],"about":[{"href":"https:\/\/www.dulces-laponderosa.com\/fr\/wp-json\/wp\/v2\/types\/page"}],"author":[{"embeddable":true,"href":"https:\/\/www.dulces-laponderosa.com\/fr\/wp-json\/wp\/v2\/users\/2"}],"replies":[{"embeddable":true,"href":"https:\/\/www.dulces-laponderosa.com\/fr\/wp-json\/wp\/v2\/comments?post=7013"}],"version-history":[{"count":6,"href":"https:\/\/www.dulces-laponderosa.com\/fr\/wp-json\/wp\/v2\/pages\/7013\/revisions"}],"predecessor-version":[{"id":7019,"href":"https:\/\/www.dulces-laponderosa.com\/fr\/wp-json\/wp\/v2\/pages\/7013\/revisions\/7019"}],"wp:attachment":[{"href":"https:\/\/www.dulces-laponderosa.com\/fr\/wp-json\/wp\/v2\/media?parent=7013"}],"curies":[{"name":"wp","href":"https:\/\/api.w.org\/{rel}","templated":true}]}}