{"id":7043,"date":"2021-07-27T18:16:18","date_gmt":"2021-07-27T16:16:18","guid":{"rendered":"https:\/\/www.dulces-laponderosa.com\/contrat-et-conditions-dachat\/"},"modified":"2021-07-27T18:16:29","modified_gmt":"2021-07-27T16:16:29","slug":"contrat-et-conditions-dachat","status":"publish","type":"page","link":"https:\/\/www.dulces-laponderosa.com\/fr\/contrat-et-conditions-dachat\/","title":{"rendered":"Contrat et conditions d&rsquo;achat"},"content":{"rendered":"<section class=\"l-section wpb_row height_custom\"><div class=\"l-section-h i-cf\"><div class=\"g-cols vc_row via_flex valign_top type_default stacking_default\"><div class=\"vc_col-sm-12 wpb_column vc_column_container\"><div class=\"vc_column-inner\"><div class=\"wpb_wrapper\"><div class=\"wpb_text_column\"><div class=\"wpb_wrapper\"><p>Sur cette page, nous allons vous informer sur les droits que vous avez en tant qu&rsquo;acheteur et les conditions que nous avons d\u00e9finies lors de l&rsquo;achat de nos produits, afin qu&rsquo;ils s&rsquo;adaptent \u00e0 vos droits et puissent vous fournir les garanties maximales dans votre achat.<\/p>\n<p>Conditions contractuelles et d&rsquo;achat mises \u00e0 jour au 4 juin 2018.<\/p>\n<h3><strong>Identification du fournisseur<\/strong><\/h3>\n<p>Dulces La Ponderosa, SL<\/p>\n<p>Nom commercial:<a href=\"http:\/\/dulces-laponderosa.com\" target=\"_blank\" rel=\"noopener noreferrer\" data-saferedirecturl=\"https:\/\/www.google.com\/url?q=http:\/\/dulces-laponderosa.com&amp;source=gmail&amp;ust=1600419747935000&amp;usg=AFQjCNELcDO3pv-JcpB4ZzqGqBAIBOzRKA\"> bonbons-laponderosa.com<\/a><\/p>\n<p>NIF \/ CIF : B-41064767<\/p>\n<p>Adresse : Avenida de Andaluc\u00eda, 227 \u00b7 41560 ESTEPA (S\u00e9ville) &#8211; ESPAGNE.<\/p>\n<p>Courriel : <a href=\"mailto:info@dulces-laponderosa.com\" target=\"_blank\" rel=\"noopener noreferrer\">info@dulces-laponderosa.com<\/a><\/p>\n<p>Num\u00e9ro de t\u00e9l\u00e9phone de contact : 95 591 27 20<\/p>\n<p>T\u00e9l\u00e9copieur : 95 591 28 37<\/p>\n<p>Et cela est enregistr\u00e9 au Registre du Commerce de S\u00e9ville, dans le Volume 418, Livre 61 de la Section 2, Folio 232, Page 6.092, 1er Enregistrement en date du 28\/06\/79.<\/p>\n<p>En tant que client et utilisateur de Dulces La Ponderosa, vous ne pouvez acc\u00e9der et acheter aucun de nos produits qu&rsquo;apr\u00e8s avoir lu et accept\u00e9 les pr\u00e9sentes conditions contractuelles. Les conditions contractuelles et d&rsquo;achat ainsi que la politique de confidentialit\u00e9 r\u00e9gissent notre relation commerciale.<\/p>\n<p>Dulces La Ponderosa, SL en tant que responsable de<a href=\"http:\/\/dulces-laponderosa.com\" target=\"_blank\" rel=\"noopener noreferrer\" data-saferedirecturl=\"https:\/\/www.google.com\/url?q=http:\/\/dulces-laponderosa.com&amp;source=gmail&amp;ust=1600419747935000&amp;usg=AFQjCNELcDO3pv-JcpB4ZzqGqBAIBOzRKA\"> bonbons-laponderosa.com<\/a> se r\u00e9serve le droit de modifier ou de changer ces conditions \u00e0 tout moment. Mais si ladite modification constitue un changement substantiel dans les termes, il le notifiera en publiant une annonce dans<a href=\"http:\/\/dulces-laponderosa.com\" target=\"_blank\" rel=\"noopener noreferrer\" data-saferedirecturl=\"https:\/\/www.google.com\/url?q=http:\/\/dulces-laponderosa.com&amp;source=gmail&amp;ust=1600419747935000&amp;usg=AFQjCNELcDO3pv-JcpB4ZzqGqBAIBOzRKA\"> bonbons-laponderosa.com<\/a> .<\/p>\n<h3><strong>Acceptation et preuve d&rsquo;acceptation<\/strong><\/h3>\n<p>Vous devez vous rendre sur la page de vente correspondante, s\u00e9lectionner le produit choisi et cliquer sur le bouton \u00ab\u00a0AJOUTER AU PANIER\u00a0\u00bb et cela exprime l&rsquo;acceptation totale de chacune et de chacune des conditions contractuelles telles qu&rsquo;indiqu\u00e9es sur cette page avant d&rsquo;acqu\u00e9rir le service. Comme condition pour passer toute commande, vous verrez qu&rsquo;apr\u00e8s avoir s\u00e9lectionn\u00e9 le produit, le paiement est effectu\u00e9 en toute s\u00e9curit\u00e9 par carte de cr\u00e9dit via Stripe, compl\u00e9tant ainsi le processus d&rsquo;achat.<\/p>\n<p>Le client doit s&rsquo;inscrire sur le site indiqu\u00e9, et indiquer les donn\u00e9es suivantes, n\u00e9cessaires pour consid\u00e9rer la commande correctement effectu\u00e9e :<\/p>\n<p>Inscrivez-vous en tant que client en donnant :<\/p>\n<ul>\n<li>nom<\/li>\n<li>E-mail<\/li>\n<li>Utilisateur<\/li>\n<li>Adresse compl\u00e8te<\/li>\n<\/ul>\n<p>\u00c0 partir du moment de l&rsquo;acceptation de l&rsquo;achat, l&rsquo;utilisateur acquiert le statut de client de Dulces La Ponderosa SL Le co\u00fbt total de la commande (prix de vente au public du ou des produits qui le composent plus les frais suppl\u00e9mentaires correspondants) sera communiqu\u00e9e au client au moment de la passation de votre commande pr\u00e9alablement \u00e0 son acceptation. Le prix des produits est celui qui figure sur le site au moment de la commande.<\/p>\n<h3><strong>Validation de l&rsquo;achat ou du contrat<\/strong><\/h3>\n<p>L&rsquo;offre de La Ponderosa sera r\u00e9put\u00e9e accept\u00e9e lorsque le client accepte les pr\u00e9sentes conditions g\u00e9n\u00e9rales et formalise la commande, dans les conditions exprim\u00e9es dans les pr\u00e9sentes conditions g\u00e9n\u00e9rales, en cliquant sur la rubrique de formalisation de la commande. Ainsi, le processus de validation des achats est automatique. D\u00e8s que vous effectuez le paiement, vous recevrez une confirmation de Stripe et un re\u00e7u de votre achat qui comprend les instructions pour effectuer votre service, et nous vous contacterons \u00e9galement personnellement par e-mail.<\/p>\n<h3><strong>D\u00e9lais de livraison<\/strong><\/h3>\n<p>Les envois sont exp\u00e9di\u00e9s, sauf indication contraire du client, en port pay\u00e9, ceux-ci \u00e9tant factur\u00e9s sur la facture. Les conditions g\u00e9n\u00e9rales sont :<\/p>\n<ul>\n<li>Les commandes sup\u00e9rieures \u00e0 50 euros d&rsquo;assiette fiscale sur le territoire p\u00e9ninsulaire incluront les frais de port pay\u00e9s. Si le minimum n&rsquo;est pas atteint, le montant du transport sera automatiquement factur\u00e9 en fonction du poids de la commande.<\/li>\n<li>Les commandes pour les \u00eeles Canaries, Ceuta et Melilla verront le prix du transport major\u00e9 de la valeur des frais de gestion douani\u00e8re. Le client conna\u00eetra la valeur du prix du transport.<\/li>\n<li>Le d\u00e9lai de livraison pour les colis jusqu&rsquo;\u00e0 40 Kg est de 24 \u00e0 72 heures.<\/li>\n<li>Les commandes qui atteignent 250 euros de base fiscale, auront les frais de port pay\u00e9s pour les \u00eeles Canaries, Ceuta et Melilla (n&rsquo;inclut pas les tarifs)<\/li>\n<li>La Ponderosa se r\u00e9serve le droit, en fonction des caract\u00e9ristiques de chaque commande, de pouvoir modifier ces tarifs, \u00e9tant toujours notre pr\u00e9misse que les int\u00e9r\u00eats des clients et ceux de La Ponderosa ne sont pas l\u00e9s\u00e9s.<\/li>\n<\/ul>\n<p>Les d\u00e9lais de livraison des commandes d\u00e9pendent de la disponibilit\u00e9 du ou des produits qui les composent.<\/p>\n<p>Bien que la disponibilit\u00e9 puisse \u00eatre indiqu\u00e9e sur le site Web lui-m\u00eame, La Ponderosa ne peut garantir la disponibilit\u00e9 des produits et certains produits peuvent ne pas \u00eatre disponibles pour une livraison imm\u00e9diate.<\/p>\n<p>La livraison sera effectu\u00e9e \u00e0 l&rsquo;adresse de livraison indiqu\u00e9e par le client dans la section donn\u00e9es pour l&rsquo;exp\u00e9dition de la commande.<\/p>\n<h3><strong>Conditions et modes de paiement<\/strong><\/h3>\n<p>Deux modes de paiement sont accept\u00e9s :<\/p>\n<p>&#8211; Carte de cr\u00e9dit, pour les achats en ligne.<\/p>\n<p>&#8211; Virements bancaires, pour les achats via le formulaire de contact.<\/p>\n<p>En cas d&rsquo;acquisition de services via le formulaire de contact, le paiement sera comme convenu avant de commencer. G\u00e9n\u00e9ralement, il est toujours convenu de payer 50% \u00e0 l&rsquo;avance et 50% \u00e0 la fin de la prestation.<\/p>\n<h3><strong>Des prix<\/strong><\/h3>\n<p>Les prix appliqu\u00e9s \u00e0 chaque service sont ceux indiqu\u00e9s sur sa page correspondante ou ceux convenus par contrat, qui incluent tous la TVA (taxe sur la valeur ajout\u00e9e) pour les transactions sur le territoire espagnol.<\/p>\n<h3><strong>Syst\u00e8me commun de TVA de l&rsquo;Union europ\u00e9enne<\/strong><\/h3>\n<p>Si vous habitez en dehors de l&rsquo;Espagne. Conform\u00e9ment aux dispositions de la loi 37\/1992, du 28 d\u00e9cembre, r\u00e9glementant la TVA et de la directive europ\u00e9enne 2008\/8\/CE, l&rsquo;op\u00e9ration peut en \u00eatre exon\u00e9r\u00e9e ou ne pas y \u00eatre soumise selon le pays de r\u00e9sidence de l&rsquo;acheteur et la condition dans laquelle il agit (employeur\/professionnel ou particulier).<\/p>\n<p>En cons\u00e9quence, dans certains cas, le prix final de la commande pourra \u00eatre modifi\u00e9 par rapport \u00e0 celui figurant sur la page correspondante.<\/p>\n<p>Le prix des produits et services propos\u00e9s<a href=\"http:\/\/dulces-laponderosa.com\" target=\"_blank\" rel=\"noopener noreferrer\" data-saferedirecturl=\"https:\/\/www.google.com\/url?q=http:\/\/dulces-laponderosa.com&amp;source=gmail&amp;ust=1600419747935000&amp;usg=AFQjCNELcDO3pv-JcpB4ZzqGqBAIBOzRKA\"> bonbons-laponderosa.com<\/a> inclure la TVA espagnole.<\/p>\n<h3><strong>langues<\/strong><\/h3>\n<p>La langue du contenu propos\u00e9 dans les produits est l&rsquo;espagnol, le castillan, l&rsquo;anglais et le fran\u00e7ais.<\/p>\n<h3><strong>Droits de l&rsquo;acheteur : Garantie, r\u00e9tractation commerciale et protection des donn\u00e9es<\/strong><\/h3>\n<p><strong>1. Garantie<\/strong><\/p>\n<p>Le client dispose d&rsquo;un d\u00e9lai de 24 heures, \u00e0 compter de la r\u00e9ception, pour exercer ses droits de retour du produit achet\u00e9, lorsqu&rsquo;il n&rsquo;est pas conforme au contrat, le tout conform\u00e9ment \u00e0 la loi 23\/2003, du 10 juillet, de garanties dans la vente de biens de consommation.<\/p>\n<p>Les cas de retour seront accept\u00e9s lorsque les produits ont subi une d\u00e9t\u00e9rioration due \u00e0 une manipulation lors de l&rsquo;exp\u00e9dition ou \u00e0 leur conservation non conforme \u00e0 leurs caract\u00e9ristiques optimales telles qu&rsquo;elles sont propos\u00e9es sur le Web.<\/p>\n<p><strong>2. Retours<\/strong><\/p>\n<p>Toute marchandise qui arrive d\u00e9fectueuse ou si le nombre de colis ne correspond pas, doit \u00eatre refl\u00e9t\u00e9e dans le bon de livraison du transporteur et communiqu\u00e9e dans les prochaines 24 heures \u00e0 La Ponderosa pour traiter la r\u00e9clamation correspondante.<\/p>\n<p>Il est recommand\u00e9 de revoir le mat\u00e9riel avant de signer le bon de livraison.<\/p>\n<p>En cas d&rsquo;appr\u00e9ciation d&rsquo;un certain type de dommage dans les colis, il est n\u00e9cessaire de l&rsquo;indiquer dans le bon de livraison afin de pouvoir pr\u00e9tendre \u00e0 l&rsquo;assurance du transporteur.<\/p>\n<p>Hormis les dommages occasionn\u00e9s lors du transport, tout produit d\u00e9fectueux encore sous garantie doit \u00eatre envoy\u00e9, avec pr\u00e9avis, \u00e0 l&rsquo;entrep\u00f4t de La Ponderosa d\u00fbment emball\u00e9.<\/p>\n<p>Les frais d&rsquo;exp\u00e9dition en fonction de la raison du retour. La Ponderosa sera responsable du remplacement du produit ainsi que des frais d&rsquo;exp\u00e9dition tant qu&rsquo;il s&rsquo;agit de d\u00e9fauts inh\u00e9rents au produit et non dus \u00e0 une mauvaise utilisation, une mauvaise manipulation ou des d\u00e9faillances r\u00e9sultant des effets de l&rsquo;eau ou des coups.<\/p>\n<p><strong>3. Retrait<\/strong><\/p>\n<p>Le client dispose d&rsquo;un d\u00e9lai de 14 jours calendaires pour exercer son droit de r\u00e9tractation. Le montant correspondant sera rembours\u00e9, y compris les frais de port. Le remboursement sera effectu\u00e9 par le m\u00eame moyen de paiement avec lequel il a \u00e9t\u00e9 pay\u00e9. Nous pouvons retenir le remboursement jusqu&rsquo;\u00e0 ce que nous ayons re\u00e7u les marchandises, ou jusqu&rsquo;\u00e0 ce que la preuve du retour des marchandises soit pr\u00e9sent\u00e9e.<\/p>\n<p><b>Retrait en magasin physique<\/b> : Pr\u00e9sentez dans notre magasin situ\u00e9 \u00e0 Avenida de Andaluc\u00eda, 229, le billet ou la facture avec le produit.<\/p>\n<p><b>Retrait en ligne<\/b> : Remplir<a href=\"https:\/\/www.dulces-laponderosa.com\/wp-content\/uploads\/2019\/05\/Cambios-devoluciones-o-desistimiento-La-Ponderosa.pdf\" target=\"_blank\" rel=\"noopener noreferrer\"> ce document<\/a> avec les donn\u00e9es de l&rsquo;acheteur et du produit. Envoyez \u00e0 l&rsquo;adresse en ligne suivante :<a href=\"mailto:info@dulces-laponderosa.com\" target=\"_blank\" rel=\"noopener noreferrer\"> info@dulces-laponderosa.com<\/a> .<\/p>\n<p><strong>4. Protection des donn\u00e9es<\/strong><\/p>\n<p>Aux fins des dispositions de la loi organique 15\/1999 du 13 d\u00e9cembre sur la protection des donn\u00e9es personnelles, La Ponderosa informe le client que, \u00e0 la suite de l&rsquo;achat, les donn\u00e9es personnelles fournies par lui seront trait\u00e9es et int\u00e9gr\u00e9es dans un fichier de donn\u00e9es cr\u00e9\u00e9 sous la responsabilit\u00e9 de ladite entit\u00e9, notifi\u00e9 et enregistr\u00e9 aupr\u00e8s de l&rsquo;Agence espagnole de protection des donn\u00e9es. Ce fichier a pour objet l&rsquo;administration et la gestion de la commande pass\u00e9e par le client. La livraison de toutes les donn\u00e9es n\u00e9cessaires \u00e0 cet achat est obligatoire, de sorte que l&rsquo;absence d&rsquo;indication ou l&rsquo;inexactitude desdites donn\u00e9es autorisera La Ponderosa \u00e0 ne pas accepter la commande ou, le cas \u00e9ch\u00e9ant, \u00e0 proc\u00e9der \u00e0 sa suspension.<\/p>\n<p>El Cliente otorga su consentimiento para que los datos por \u00e9l facilitados a La Ponderosa, sean igualmente utilizados por \u00e9sta para el env\u00edo de de comunicaciones comerciales de sus productos, ya sea por correo postal, e-mail, o cualquier otro m\u00e9todo de comunicaci\u00f3n, electr\u00f3nico ou non.<\/p>\n<p>Les donn\u00e9es du client seront conserv\u00e9es par La Ponderosa tant que la relation avec celui-ci restera en vigueur. Une fois cette op\u00e9ration termin\u00e9e, La Ponderosa conservera les donn\u00e9es pendant le temps n\u00e9cessaire pour se conformer \u00e0 toute autre obligation \u00e9tablie par la r\u00e9glementation en vigueur.<\/p>\n<p>Le client peut exercer les droits d&rsquo;acc\u00e8s, de rectification, d&rsquo;annulation et d&rsquo;opposition en \u00e9crivant \u00e0 La Ponderosa, dont le si\u00e8ge social est situ\u00e9 Avenida de Andaluc\u00eda, 227 \u00b7 41560 ESTEPA (S\u00e9ville) &#8211; ESPAGNE. Sin perjuicio de lo anterior, no proceder\u00e1, en su caso, la cancelaci\u00f3n de los datos personales del cliente hasta transcurridos 12 meses desde le fecha efectiva de la entrega del producto adquirido, a efectos de poder tratar y gestionar las eventuales reclamaciones que pudieran surgir derivadas du m\u00eame.<\/p>\n<p>La Ponderosa s&rsquo;engage \u00e0 prot\u00e9ger toutes les donn\u00e9es collect\u00e9es via la page, o\u00f9 les mesures de s\u00e9curit\u00e9 appropri\u00e9es seront adopt\u00e9es conform\u00e9ment \u00e0 la l\u00e9gislation applicable, afin qu&rsquo;elles ne soient pas manipul\u00e9es de mani\u00e8re illicite, ni sujettes \u00e0 une perte ou \u00e0 un d\u00e9placement.<\/p>\n<h3><strong>Attention au client<\/strong><\/h3>\n<p>Pour tout doute, suggestion, question ou r\u00e9clamation concernant la boutique en ligne, vous pouvez contacter le Service Clients, par l&rsquo;un des moyens suivants :<\/p>\n<p>Courriel : <a href=\"mailto:info@dulces-laponderosa.com\" target=\"_blank\" rel=\"noopener noreferrer\">info@dulces-laponderosa.com<\/a><\/p>\n<p>Num\u00e9ro de t\u00e9l\u00e9phone de contact : 95 591 27 20<\/p>\n<p>Courrier postal : Avenida de Andaluc\u00eda, 227 \u00b7 41560 ESTEPA (S\u00e9ville) &#8211; ESPAGNE.<\/p>\n<p>De plus, nous mettons \u00e0 la disposition des consommateurs et des utilisateurs des fiches de r\u00e9clamation officielles, qui peuvent \u00eatre pr\u00e9sent\u00e9es \u00e0 l&rsquo;adresse postale et \u00e0 l&rsquo;e-mail indiqu\u00e9s ci-dessus, ou dans notre magasin physique. Vous pouvez les demander en appelant le 95 591 27 20 (uniquement en Espagne) ou ici :<a href=\"http:\/\/www.juntadeandalucia.es\/administracionlocalyrelacionesinstitucionales\/ocms\/export\/sites\/default\/OficinaVirtual\/OficinaVirtual\/galerias\/descargaaplicaciones\/hoja_quejas_reclamaciones.pdf\" target=\"_blank\" rel=\"noopener noreferrer\" data-saferedirecturl=\"https:\/\/www.google.com\/url?q=https:\/\/web.archive.org\/web\/20200803091517\/http:\/\/www.juntadeandalucia.es\/administracionlocalyrelacionesinstitucionales\/ocms\/export\/sites\/default\/OficinaVirtual\/OficinaVirtual\/galerias\/descargaaplicaciones\/hoja_quejas_reclamaciones.pdf&amp;source=gmail&amp;ust=1600419747935000&amp;usg=AFQjCNH-LVwGSK8wbPNFEEslKPfhviEtQQ\"> T\u00e9l\u00e9charger la feuille de r\u00e9clamation officielle<\/a><\/p>\n<p>Le Service Clients assistera et r\u00e9pondra \u00e0 votre r\u00e9clamation dans les meilleurs d\u00e9lais, et en tout \u00e9tat de cause dans un d\u00e9lai maximum d&rsquo;un mois. Dans le cas o\u00f9 votre demande n&rsquo;est pas r\u00e9solue de mani\u00e8re satisfaisante, vous pouvez vous adresser \u00e0 la juridiction ordinaire ou traiter votre r\u00e9clamation via le site.<a href=\"https:\/\/ec.europa.eu\/consumers\/odr\/main\/index.cfm?event=main.home2.show&amp;lng=ES\" target=\"_blank\" rel=\"noopener noreferrer\" data-saferedirecturl=\"https:\/\/www.google.com\/url?q=https:\/\/web.archive.org\/web\/20200803091517\/https:\/\/ec.europa.eu\/consumers\/odr\/main\/index.cfm?event%3Dmain.home2.show%26lng%3DES&amp;source=gmail&amp;ust=1600419747935000&amp;usg=AFQjCNHtBfMvFM05VJ0Y36T7CMUP6cADgQ\"> http:\/\/ec.europa.eu\/odr<\/a> , qui offrira gratuitement un point d&rsquo;acc\u00e8s unique pour la r\u00e9solution extrajudiciaire.<\/p>\n<h3><strong>Propri\u00e9t\u00e9 intellectuelle<\/strong><\/h3>\n<p>Le client reconna\u00eet que les \u00e9l\u00e9ments int\u00e9gr\u00e9s dans le site sont la propri\u00e9t\u00e9 de La Ponderosa.<\/p>\n<p>Le client reconna\u00eet les droits de propri\u00e9t\u00e9 industrielle ou intellectuelle que La Ponderosa d\u00e9tient sur le site.<\/p>\n<\/div><\/div><\/div><\/div><\/div><\/div><\/div><\/section>\n","protected":false},"excerpt":{"rendered":"Sur cette page, nous allons vous informer sur les droits que vous avez en tant qu&rsquo;acheteur et les conditions que nous avons d\u00e9finies lors de l&rsquo;achat de nos produits, afin qu&rsquo;ils s&rsquo;adaptent \u00e0 vos droits et puissent vous fournir les garanties maximales dans votre achat. Conditions contractuelles et d&rsquo;achat mises \u00e0 jour au 4 juin...","protected":false},"author":1,"featured_media":0,"parent":0,"menu_order":2,"comment_status":"closed","ping_status":"closed","template":"","meta":{"_joinchat":[],"footnotes":""},"class_list":["post-7043","page","type-page","status-publish","hentry"],"yoast_head":"<!-- This site is optimized with the Yoast SEO plugin v27.2 - https:\/\/yoast.com\/product\/yoast-seo-wordpress\/ -->\n<title>Conditions d&#039;achat, informations pour les utilisateurs - La Ponderosa<\/title>\n<meta name=\"description\" content=\"Consultez les conditions g\u00e9n\u00e9rales d&#039;achat des produits Dulces La Ponderosa, SL via son site Web www.dulces-laponderosa.com\" \/>\n<meta name=\"robots\" content=\"index, follow, max-snippet:-1, max-image-preview:large, max-video-preview:-1\" \/>\n<link rel=\"canonical\" href=\"https:\/\/www.dulces-laponderosa.com\/fr\/contrat-et-conditions-dachat\/\" \/>\n<meta property=\"og:locale\" content=\"fr_FR\" \/>\n<meta property=\"og:type\" content=\"article\" \/>\n<meta property=\"og:title\" content=\"Conditions d&#039;achat, informations pour les utilisateurs - La Ponderosa\" \/>\n<meta property=\"og:description\" content=\"Consultez les conditions g\u00e9n\u00e9rales d&#039;achat des produits Dulces La Ponderosa, SL via son site Web www.dulces-laponderosa.com\" \/>\n<meta property=\"og:url\" content=\"https:\/\/www.dulces-laponderosa.com\/fr\/contrat-et-conditions-dachat\/\" \/>\n<meta property=\"og:site_name\" content=\"Dulces La Ponderosa\" \/>\n<meta property=\"article:modified_time\" content=\"2021-07-27T16:16:29+00:00\" \/>\n<meta name=\"twitter:card\" content=\"summary_large_image\" \/>\n<meta name=\"twitter:label1\" content=\"Dur\u00e9e de lecture estim\u00e9e\" \/>\n\t<meta name=\"twitter:data1\" content=\"10 minutes\" \/>\n<script type=\"application\/ld+json\" class=\"yoast-schema-graph\">{\"@context\":\"https:\/\/schema.org\",\"@graph\":[{\"@type\":\"WebPage\",\"@id\":\"https:\/\/www.dulces-laponderosa.com\/fr\/contrat-et-conditions-dachat\/\",\"url\":\"https:\/\/www.dulces-laponderosa.com\/fr\/contrat-et-conditions-dachat\/\",\"name\":\"Conditions d'achat, informations pour les utilisateurs - La Ponderosa\",\"isPartOf\":{\"@id\":\"https:\/\/www.dulces-laponderosa.com\/fr\/#website\"},\"datePublished\":\"2021-07-27T16:16:18+00:00\",\"dateModified\":\"2021-07-27T16:16:29+00:00\",\"description\":\"Consultez les conditions g\u00e9n\u00e9rales d'achat des produits Dulces La Ponderosa, SL via son site Web www.dulces-laponderosa.com\",\"breadcrumb\":{\"@id\":\"https:\/\/www.dulces-laponderosa.com\/fr\/contrat-et-conditions-dachat\/#breadcrumb\"},\"inLanguage\":\"fr-FR\",\"potentialAction\":[{\"@type\":\"ReadAction\",\"target\":[\"https:\/\/www.dulces-laponderosa.com\/fr\/contrat-et-conditions-dachat\/\"]}]},{\"@type\":\"BreadcrumbList\",\"@id\":\"https:\/\/www.dulces-laponderosa.com\/fr\/contrat-et-conditions-dachat\/#breadcrumb\",\"itemListElement\":[{\"@type\":\"ListItem\",\"position\":1,\"name\":\"Portada\",\"item\":\"https:\/\/www.dulces-laponderosa.com\/fr\/\"},{\"@type\":\"ListItem\",\"position\":2,\"name\":\"Contrat et conditions d&rsquo;achat\"}]},{\"@type\":\"WebSite\",\"@id\":\"https:\/\/www.dulces-laponderosa.com\/fr\/#website\",\"url\":\"https:\/\/www.dulces-laponderosa.com\/fr\/\",\"name\":\"Dulces La Ponderosa\",\"description\":\"Dulces de Navidad desde 1955\",\"potentialAction\":[{\"@type\":\"SearchAction\",\"target\":{\"@type\":\"EntryPoint\",\"urlTemplate\":\"https:\/\/www.dulces-laponderosa.com\/fr\/?s={search_term_string}\"},\"query-input\":{\"@type\":\"PropertyValueSpecification\",\"valueRequired\":true,\"valueName\":\"search_term_string\"}}],\"inLanguage\":\"fr-FR\"}]}<\/script>\n<!-- \/ Yoast SEO plugin. -->","yoast_head_json":{"title":"Conditions d'achat, informations pour les utilisateurs - La Ponderosa","description":"Consultez les conditions g\u00e9n\u00e9rales d'achat des produits Dulces La Ponderosa, SL via son site Web www.dulces-laponderosa.com","robots":{"index":"index","follow":"follow","max-snippet":"max-snippet:-1","max-image-preview":"max-image-preview:large","max-video-preview":"max-video-preview:-1"},"canonical":"https:\/\/www.dulces-laponderosa.com\/fr\/contrat-et-conditions-dachat\/","og_locale":"fr_FR","og_type":"article","og_title":"Conditions d'achat, informations pour les utilisateurs - La Ponderosa","og_description":"Consultez les conditions g\u00e9n\u00e9rales d'achat des produits Dulces La Ponderosa, SL via son site Web www.dulces-laponderosa.com","og_url":"https:\/\/www.dulces-laponderosa.com\/fr\/contrat-et-conditions-dachat\/","og_site_name":"Dulces La Ponderosa","article_modified_time":"2021-07-27T16:16:29+00:00","twitter_card":"summary_large_image","twitter_misc":{"Dur\u00e9e de lecture estim\u00e9e":"10 minutes"},"schema":{"@context":"https:\/\/schema.org","@graph":[{"@type":"WebPage","@id":"https:\/\/www.dulces-laponderosa.com\/fr\/contrat-et-conditions-dachat\/","url":"https:\/\/www.dulces-laponderosa.com\/fr\/contrat-et-conditions-dachat\/","name":"Conditions d'achat, informations pour les utilisateurs - La Ponderosa","isPartOf":{"@id":"https:\/\/www.dulces-laponderosa.com\/fr\/#website"},"datePublished":"2021-07-27T16:16:18+00:00","dateModified":"2021-07-27T16:16:29+00:00","description":"Consultez les conditions g\u00e9n\u00e9rales d'achat des produits Dulces La Ponderosa, SL via son site Web www.dulces-laponderosa.com","breadcrumb":{"@id":"https:\/\/www.dulces-laponderosa.com\/fr\/contrat-et-conditions-dachat\/#breadcrumb"},"inLanguage":"fr-FR","potentialAction":[{"@type":"ReadAction","target":["https:\/\/www.dulces-laponderosa.com\/fr\/contrat-et-conditions-dachat\/"]}]},{"@type":"BreadcrumbList","@id":"https:\/\/www.dulces-laponderosa.com\/fr\/contrat-et-conditions-dachat\/#breadcrumb","itemListElement":[{"@type":"ListItem","position":1,"name":"Portada","item":"https:\/\/www.dulces-laponderosa.com\/fr\/"},{"@type":"ListItem","position":2,"name":"Contrat et conditions d&rsquo;achat"}]},{"@type":"WebSite","@id":"https:\/\/www.dulces-laponderosa.com\/fr\/#website","url":"https:\/\/www.dulces-laponderosa.com\/fr\/","name":"Dulces La Ponderosa","description":"Dulces de Navidad desde 1955","potentialAction":[{"@type":"SearchAction","target":{"@type":"EntryPoint","urlTemplate":"https:\/\/www.dulces-laponderosa.com\/fr\/?s={search_term_string}"},"query-input":{"@type":"PropertyValueSpecification","valueRequired":true,"valueName":"search_term_string"}}],"inLanguage":"fr-FR"}]}},"_links":{"self":[{"href":"https:\/\/www.dulces-laponderosa.com\/fr\/wp-json\/wp\/v2\/pages\/7043","targetHints":{"allow":["GET"]}}],"collection":[{"href":"https:\/\/www.dulces-laponderosa.com\/fr\/wp-json\/wp\/v2\/pages"}],"about":[{"href":"https:\/\/www.dulces-laponderosa.com\/fr\/wp-json\/wp\/v2\/types\/page"}],"author":[{"embeddable":true,"href":"https:\/\/www.dulces-laponderosa.com\/fr\/wp-json\/wp\/v2\/users\/1"}],"replies":[{"embeddable":true,"href":"https:\/\/www.dulces-laponderosa.com\/fr\/wp-json\/wp\/v2\/comments?post=7043"}],"version-history":[{"count":7,"href":"https:\/\/www.dulces-laponderosa.com\/fr\/wp-json\/wp\/v2\/pages\/7043\/revisions"}],"predecessor-version":[{"id":7052,"href":"https:\/\/www.dulces-laponderosa.com\/fr\/wp-json\/wp\/v2\/pages\/7043\/revisions\/7052"}],"wp:attachment":[{"href":"https:\/\/www.dulces-laponderosa.com\/fr\/wp-json\/wp\/v2\/media?parent=7043"}],"curies":[{"name":"wp","href":"https:\/\/api.w.org\/{rel}","templated":true}]}}