{"id":7198,"date":"2020-09-24T12:02:22","date_gmt":"2020-09-24T10:02:22","guid":{"rendered":"https:\/\/www.dulces-laponderosa.com\/producto\/polvoron-aux-noix-sac-350g\/"},"modified":"2025-12-11T20:11:32","modified_gmt":"2025-12-11T19:11:32","slug":"polvoron-aux-noix-sac-350g","status":"publish","type":"product","link":"https:\/\/www.dulces-laponderosa.com\/fr\/acheter-estepa\/polvoron-aux-noix-sac-350g\/","title":{"rendered":"Polvor\u00f3n aux noix. Sac 350G"},"content":{"rendered":"<section class=\"l-section wpb_row height_custom\"><div class=\"l-section-h i-cf\"><div class=\"g-cols vc_row via_flex valign_top type_default stacking_default\"><div class=\"vc_col-sm-12 wpb_column vc_column_container\"><div class=\"vc_column-inner\"><div class=\"wpb_wrapper\"><div class=\"wpb_text_column\"><div class=\"wpb_wrapper\"><h2>Ingr\u00e9dients<\/h2>\n<p>Produit de p\u00e2tisserie. Ingr\u00e9dients : Farine<strong> bl\u00e9<\/strong> , sucre, saindoux ib\u00e9rique (antioxydant : E-320),<strong> noix<\/strong> (11%) et la vanilline.<\/p>\n<\/div><\/div><div class=\"w-separator size_medium\"><\/div><div class=\"wpb_text_column\"><div class=\"wpb_wrapper\"><h2>Allerg\u00e8nes<\/h2>\n<p><strong>Peut contenir des traces d&rsquo;autres fruits \u00e0 coque, arachides, s\u00e9same et sulfites.<\/strong><\/p>\n<\/div><\/div><div class=\"w-separator size_medium\"><\/div><div class=\"wpb_text_column\"><div class=\"wpb_wrapper\"><h2>Tableau nutritionnel<\/h2>\n<p><iframe src=\"https:\/\/docs.google.com\/spreadsheets\/d\/e\/2PACX-1vT9OdDAmz161xIxgc0bPRZvx02DMV0YHSghnO7dcm6ZjO1CyzGy0EZWYn1pcw_J1hodyfgYlLOWuSd8\/pubhtml?gid=1627847238&amp;single=true&amp;widget=true&amp;headers=false\" width=\"100%\" height=\"350\"><\/iframe><\/p>\n<\/div><\/div><\/div><\/div><\/div><\/div><\/div><\/section>\n","protected":false},"excerpt":{"rendered":"<p style=\"text-align: justify;\">Exquis<strong> polvoron aux noix<\/strong> qui ravira tous ceux qui l&rsquo;essayeront. Id\u00e9al pour accompagner un caf\u00e9 ou un th\u00e9 ou \u00e0 prendre seul en dessert. C&rsquo;est une valeur s\u00fbre pour ce No\u00ebl puisque ses ingr\u00e9dients de<strong> qualit\u00e9 maximale<\/strong> ils vous donnent un<strong> saveur unique et sp\u00e9ciale<\/strong> .<\/p>\n<p style=\"text-align: justify;\">Nos polvorones aux noix sont pr\u00e9sent\u00e9es dans un<strong> emballage durable<\/strong> .<\/p>\n","protected":false},"featured_media":6210,"comment_status":"closed","ping_status":"closed","template":"","meta":{"_joinchat":[]},"product_brand":[],"product_cat":[877],"product_tag":[],"class_list":{"0":"post-7198","1":"product","2":"type-product","3":"status-publish","4":"has-post-thumbnail","6":"product_cat-selection-speciale","8":"first","9":"instock","10":"taxable","11":"shipping-taxable","12":"purchasable","13":"product-type-simple"},"yoast_head":"<!-- This site is optimized with the Yoast SEO plugin v27.2 - https:\/\/yoast.com\/product\/yoast-seo-wordpress\/ -->\n<title>Polvor\u00f3n aux noix. Sac 350G - Dulces La Ponderosa<\/title>\n<meta name=\"description\" content=\"Polvor\u00f3n aux noix. Sac 350G. Si nous combinons la tradition du polvor\u00f3n avec les noix de la plus haute qualit\u00e9, nous avons ce d\u00e9licieux produit gastronomique\" \/>\n<meta name=\"robots\" content=\"index, follow, max-snippet:-1, max-image-preview:large, max-video-preview:-1\" \/>\n<link rel=\"canonical\" href=\"https:\/\/www.dulces-laponderosa.com\/fr\/acheter-estepa\/polvoron-aux-noix-sac-350g\/\" \/>\n<meta property=\"og:locale\" content=\"fr_FR\" \/>\n<meta property=\"og:type\" content=\"article\" \/>\n<meta property=\"og:title\" content=\"Polvor\u00f3n aux noix. Sac 350G - Dulces La Ponderosa\" \/>\n<meta property=\"og:description\" content=\"Polvor\u00f3n aux noix. Sac 350G. Si nous combinons la tradition du polvor\u00f3n avec les noix de la plus haute qualit\u00e9, nous avons ce d\u00e9licieux produit gastronomique\" \/>\n<meta property=\"og:url\" content=\"https:\/\/www.dulces-laponderosa.com\/fr\/acheter-estepa\/polvoron-aux-noix-sac-350g\/\" \/>\n<meta property=\"og:site_name\" content=\"Dulces La Ponderosa\" \/>\n<meta property=\"article:modified_time\" content=\"2025-12-11T19:11:32+00:00\" \/>\n<meta property=\"og:image\" content=\"https:\/\/www.dulces-laponderosa.com\/wp-content\/uploads\/2020\/09\/Dulces-La-Ponderosa.-Polvoron-con-nueces.-Bolsa-350G.Seleccion-especial.png\" \/>\n\t<meta property=\"og:image:width\" content=\"600\" \/>\n\t<meta property=\"og:image:height\" content=\"1060\" \/>\n\t<meta property=\"og:image:type\" content=\"image\/png\" \/>\n<meta name=\"twitter:card\" content=\"summary_large_image\" \/>\n<script type=\"application\/ld+json\" class=\"yoast-schema-graph\">{\"@context\":\"https:\/\/schema.org\",\"@graph\":[{\"@type\":\"WebPage\",\"@id\":\"https:\/\/www.dulces-laponderosa.com\/fr\/acheter-estepa\/polvoron-aux-noix-sac-350g\/\",\"url\":\"https:\/\/www.dulces-laponderosa.com\/fr\/acheter-estepa\/polvoron-aux-noix-sac-350g\/\",\"name\":\"Polvor\u00f3n aux noix. Sac 350G - Dulces La Ponderosa\",\"isPartOf\":{\"@id\":\"https:\/\/www.dulces-laponderosa.com\/fr\/#website\"},\"primaryImageOfPage\":{\"@id\":\"https:\/\/www.dulces-laponderosa.com\/fr\/acheter-estepa\/polvoron-aux-noix-sac-350g\/#primaryimage\"},\"image\":{\"@id\":\"https:\/\/www.dulces-laponderosa.com\/fr\/acheter-estepa\/polvoron-aux-noix-sac-350g\/#primaryimage\"},\"thumbnailUrl\":\"https:\/\/www.dulces-laponderosa.com\/wp-content\/uploads\/2020\/09\/Dulces-La-Ponderosa.-Polvoron-con-nueces.-Bolsa-350G.Seleccion-especial.png\",\"datePublished\":\"2020-09-24T10:02:22+00:00\",\"dateModified\":\"2025-12-11T19:11:32+00:00\",\"description\":\"Polvor\u00f3n aux noix. Sac 350G. Si nous combinons la tradition du polvor\u00f3n avec les noix de la plus haute qualit\u00e9, nous avons ce d\u00e9licieux produit gastronomique\",\"breadcrumb\":{\"@id\":\"https:\/\/www.dulces-laponderosa.com\/fr\/acheter-estepa\/polvoron-aux-noix-sac-350g\/#breadcrumb\"},\"inLanguage\":\"fr-FR\",\"potentialAction\":[{\"@type\":\"ReadAction\",\"target\":[\"https:\/\/www.dulces-laponderosa.com\/fr\/acheter-estepa\/polvoron-aux-noix-sac-350g\/\"]}]},{\"@type\":\"ImageObject\",\"inLanguage\":\"fr-FR\",\"@id\":\"https:\/\/www.dulces-laponderosa.com\/fr\/acheter-estepa\/polvoron-aux-noix-sac-350g\/#primaryimage\",\"url\":\"https:\/\/www.dulces-laponderosa.com\/wp-content\/uploads\/2020\/09\/Dulces-La-Ponderosa.-Polvoron-con-nueces.-Bolsa-350G.Seleccion-especial.png\",\"contentUrl\":\"https:\/\/www.dulces-laponderosa.com\/wp-content\/uploads\/2020\/09\/Dulces-La-Ponderosa.-Polvoron-con-nueces.-Bolsa-350G.Seleccion-especial.png\",\"width\":600,\"height\":1060,\"caption\":\"Polvoron aux noix\"},{\"@type\":\"BreadcrumbList\",\"@id\":\"https:\/\/www.dulces-laponderosa.com\/fr\/acheter-estepa\/polvoron-aux-noix-sac-350g\/#breadcrumb\",\"itemListElement\":[{\"@type\":\"ListItem\",\"position\":1,\"name\":\"Portada\",\"item\":\"https:\/\/www.dulces-laponderosa.com\/fr\/\"},{\"@type\":\"ListItem\",\"position\":2,\"name\":\"Boutique\",\"item\":\"https:\/\/www.dulces-laponderosa.com\/fr\/boutique\/\"},{\"@type\":\"ListItem\",\"position\":3,\"name\":\"Polvor\u00f3n aux noix. Sac 350G\"}]},{\"@type\":\"WebSite\",\"@id\":\"https:\/\/www.dulces-laponderosa.com\/fr\/#website\",\"url\":\"https:\/\/www.dulces-laponderosa.com\/fr\/\",\"name\":\"Dulces La Ponderosa\",\"description\":\"Dulces de Navidad desde 1955\",\"potentialAction\":[{\"@type\":\"SearchAction\",\"target\":{\"@type\":\"EntryPoint\",\"urlTemplate\":\"https:\/\/www.dulces-laponderosa.com\/fr\/?s={search_term_string}\"},\"query-input\":{\"@type\":\"PropertyValueSpecification\",\"valueRequired\":true,\"valueName\":\"search_term_string\"}}],\"inLanguage\":\"fr-FR\"}]}<\/script>\n<!-- \/ Yoast SEO plugin. -->","yoast_head_json":{"title":"Polvor\u00f3n aux noix. Sac 350G - Dulces La Ponderosa","description":"Polvor\u00f3n aux noix. Sac 350G. Si nous combinons la tradition du polvor\u00f3n avec les noix de la plus haute qualit\u00e9, nous avons ce d\u00e9licieux produit gastronomique","robots":{"index":"index","follow":"follow","max-snippet":"max-snippet:-1","max-image-preview":"max-image-preview:large","max-video-preview":"max-video-preview:-1"},"canonical":"https:\/\/www.dulces-laponderosa.com\/fr\/acheter-estepa\/polvoron-aux-noix-sac-350g\/","og_locale":"fr_FR","og_type":"article","og_title":"Polvor\u00f3n aux noix. Sac 350G - Dulces La Ponderosa","og_description":"Polvor\u00f3n aux noix. Sac 350G. Si nous combinons la tradition du polvor\u00f3n avec les noix de la plus haute qualit\u00e9, nous avons ce d\u00e9licieux produit gastronomique","og_url":"https:\/\/www.dulces-laponderosa.com\/fr\/acheter-estepa\/polvoron-aux-noix-sac-350g\/","og_site_name":"Dulces La Ponderosa","article_modified_time":"2025-12-11T19:11:32+00:00","og_image":[{"width":600,"height":1060,"url":"https:\/\/www.dulces-laponderosa.com\/wp-content\/uploads\/2020\/09\/Dulces-La-Ponderosa.-Polvoron-con-nueces.-Bolsa-350G.Seleccion-especial.png","type":"image\/png"}],"twitter_card":"summary_large_image","schema":{"@context":"https:\/\/schema.org","@graph":[{"@type":"WebPage","@id":"https:\/\/www.dulces-laponderosa.com\/fr\/acheter-estepa\/polvoron-aux-noix-sac-350g\/","url":"https:\/\/www.dulces-laponderosa.com\/fr\/acheter-estepa\/polvoron-aux-noix-sac-350g\/","name":"Polvor\u00f3n aux noix. Sac 350G - Dulces La Ponderosa","isPartOf":{"@id":"https:\/\/www.dulces-laponderosa.com\/fr\/#website"},"primaryImageOfPage":{"@id":"https:\/\/www.dulces-laponderosa.com\/fr\/acheter-estepa\/polvoron-aux-noix-sac-350g\/#primaryimage"},"image":{"@id":"https:\/\/www.dulces-laponderosa.com\/fr\/acheter-estepa\/polvoron-aux-noix-sac-350g\/#primaryimage"},"thumbnailUrl":"https:\/\/www.dulces-laponderosa.com\/wp-content\/uploads\/2020\/09\/Dulces-La-Ponderosa.-Polvoron-con-nueces.-Bolsa-350G.Seleccion-especial.png","datePublished":"2020-09-24T10:02:22+00:00","dateModified":"2025-12-11T19:11:32+00:00","description":"Polvor\u00f3n aux noix. Sac 350G. Si nous combinons la tradition du polvor\u00f3n avec les noix de la plus haute qualit\u00e9, nous avons ce d\u00e9licieux produit gastronomique","breadcrumb":{"@id":"https:\/\/www.dulces-laponderosa.com\/fr\/acheter-estepa\/polvoron-aux-noix-sac-350g\/#breadcrumb"},"inLanguage":"fr-FR","potentialAction":[{"@type":"ReadAction","target":["https:\/\/www.dulces-laponderosa.com\/fr\/acheter-estepa\/polvoron-aux-noix-sac-350g\/"]}]},{"@type":"ImageObject","inLanguage":"fr-FR","@id":"https:\/\/www.dulces-laponderosa.com\/fr\/acheter-estepa\/polvoron-aux-noix-sac-350g\/#primaryimage","url":"https:\/\/www.dulces-laponderosa.com\/wp-content\/uploads\/2020\/09\/Dulces-La-Ponderosa.-Polvoron-con-nueces.-Bolsa-350G.Seleccion-especial.png","contentUrl":"https:\/\/www.dulces-laponderosa.com\/wp-content\/uploads\/2020\/09\/Dulces-La-Ponderosa.-Polvoron-con-nueces.-Bolsa-350G.Seleccion-especial.png","width":600,"height":1060,"caption":"Polvoron aux noix"},{"@type":"BreadcrumbList","@id":"https:\/\/www.dulces-laponderosa.com\/fr\/acheter-estepa\/polvoron-aux-noix-sac-350g\/#breadcrumb","itemListElement":[{"@type":"ListItem","position":1,"name":"Portada","item":"https:\/\/www.dulces-laponderosa.com\/fr\/"},{"@type":"ListItem","position":2,"name":"Boutique","item":"https:\/\/www.dulces-laponderosa.com\/fr\/boutique\/"},{"@type":"ListItem","position":3,"name":"Polvor\u00f3n aux noix. Sac 350G"}]},{"@type":"WebSite","@id":"https:\/\/www.dulces-laponderosa.com\/fr\/#website","url":"https:\/\/www.dulces-laponderosa.com\/fr\/","name":"Dulces La Ponderosa","description":"Dulces de Navidad desde 1955","potentialAction":[{"@type":"SearchAction","target":{"@type":"EntryPoint","urlTemplate":"https:\/\/www.dulces-laponderosa.com\/fr\/?s={search_term_string}"},"query-input":{"@type":"PropertyValueSpecification","valueRequired":true,"valueName":"search_term_string"}}],"inLanguage":"fr-FR"}]}},"_links":{"self":[{"href":"https:\/\/www.dulces-laponderosa.com\/fr\/wp-json\/wp\/v2\/product\/7198","targetHints":{"allow":["GET"]}}],"collection":[{"href":"https:\/\/www.dulces-laponderosa.com\/fr\/wp-json\/wp\/v2\/product"}],"about":[{"href":"https:\/\/www.dulces-laponderosa.com\/fr\/wp-json\/wp\/v2\/types\/product"}],"replies":[{"embeddable":true,"href":"https:\/\/www.dulces-laponderosa.com\/fr\/wp-json\/wp\/v2\/comments?post=7198"}],"wp:featuredmedia":[{"embeddable":true,"href":"https:\/\/www.dulces-laponderosa.com\/fr\/wp-json\/wp\/v2\/media\/6210"}],"wp:attachment":[{"href":"https:\/\/www.dulces-laponderosa.com\/fr\/wp-json\/wp\/v2\/media?parent=7198"}],"wp:term":[{"taxonomy":"product_brand","embeddable":true,"href":"https:\/\/www.dulces-laponderosa.com\/fr\/wp-json\/wp\/v2\/product_brand?post=7198"},{"taxonomy":"product_cat","embeddable":true,"href":"https:\/\/www.dulces-laponderosa.com\/fr\/wp-json\/wp\/v2\/product_cat?post=7198"},{"taxonomy":"product_tag","embeddable":true,"href":"https:\/\/www.dulces-laponderosa.com\/fr\/wp-json\/wp\/v2\/product_tag?post=7198"}],"curies":[{"name":"wp","href":"https:\/\/api.w.org\/{rel}","templated":true}]}}