{"id":7199,"date":"2020-10-06T10:22:21","date_gmt":"2020-10-06T08:22:21","guid":{"rendered":"https:\/\/www.dulces-laponderosa.com\/producto\/rouleaux-danis-sachet-350g\/"},"modified":"2026-01-30T09:05:28","modified_gmt":"2026-01-30T08:05:28","slug":"rouleaux-danis-sachet-350g","status":"publish","type":"product","link":"https:\/\/www.dulces-laponderosa.com\/fr\/acheter-estepa\/rouleaux-danis-sachet-350g\/","title":{"rendered":"Rouleaux d&rsquo;anis. Sachet 350g"},"content":{"rendered":"<section class=\"l-section wpb_row height_custom\"><div class=\"l-section-h i-cf\"><div class=\"g-cols vc_row via_flex valign_top type_default stacking_default\"><div class=\"vc_col-sm-12 wpb_column vc_column_container\"><div class=\"vc_column-inner\"><div class=\"wpb_wrapper\"><div class=\"wpb_text_column\"><div class=\"wpb_wrapper\"><h2>Ingr\u00e9dients<\/h2>\n<p>Farine de<strong> bl\u00e9<\/strong> , saindoux raffin\u00e9 (antioxydant : E-320), sucre, vin (contient<strong> sulfites<\/strong> ) (8%), anis (1,5%), cannelle, graines de<strong> s\u00e9same<\/strong> et ar\u00f4me d&rsquo;anis.<\/p>\n<\/div><\/div><div class=\"w-separator size_medium\"><\/div><div class=\"wpb_text_column\"><div class=\"wpb_wrapper\"><h2>Allerg\u00e8nes<\/h2>\n<p><strong>Peut contenir des traces de fruits \u00e0 coque, arachides, \u0153ufs, lait et leurs d\u00e9riv\u00e9s (dont lactose) et soja.<\/strong><\/p>\n<\/div><\/div><div class=\"w-separator size_medium\"><\/div><div class=\"wpb_text_column\"><div class=\"wpb_wrapper\"><h2>Tableau nutritionnel<\/h2>\n<\/div><\/div><\/div><\/div><\/div><\/div><\/div><\/section>\n","protected":false},"excerpt":{"rendered":"<p style=\"text-align: justify\">Les petits pains \u00e0 l&rsquo;anis sont un produit traditionnel de nos f\u00eates de No\u00ebl. Si nous combinons la d\u00e9licieuse saveur sucr\u00e9e de nos beignets avec la saveur traditionnelle d&rsquo;anis, le r\u00e9sultat est ce bonbon de No\u00ebl unique qui ravira vos invit\u00e9s \u00e0 chaque bouch\u00e9e.<\/p>\n<p style=\"text-align: justify\">Dulces La Ponderosa apporte saveur et tradition \u00e0 votre table \u00e0 ces dates sp\u00e9ciales.<\/p>\n","protected":false},"featured_media":5889,"comment_status":"closed","ping_status":"closed","template":"","meta":{"_joinchat":[]},"product_brand":[],"product_cat":[878],"product_tag":[],"class_list":{"0":"post-7199","1":"product","2":"type-product","3":"status-publish","4":"has-post-thumbnail","6":"product_cat-bagels-a-lanis","8":"first","9":"instock","10":"taxable","11":"shipping-taxable","12":"purchasable","13":"product-type-simple"},"yoast_head":"<!-- This site is optimized with the Yoast SEO plugin v27.2 - https:\/\/yoast.com\/product\/yoast-seo-wordpress\/ -->\n<title>Rouleaux d&#039;anis. Sachet 350g - Dulces La Ponderosa<\/title>\n<meta name=\"description\" content=\"Rouleaux d&#039;anis. Achetez en ligne de d\u00e9licieux petits pains \u00e0 l&#039;anis faits \u00e0 la main, qui m\u00e9langent le sucr\u00e9 avec la saveur traditionnelle d&#039;anis.\" \/>\n<meta name=\"robots\" content=\"index, follow, max-snippet:-1, max-image-preview:large, max-video-preview:-1\" \/>\n<link rel=\"canonical\" href=\"https:\/\/www.dulces-laponderosa.com\/fr\/acheter-estepa\/rouleaux-danis-sachet-350g\/\" \/>\n<meta property=\"og:locale\" content=\"fr_FR\" \/>\n<meta property=\"og:type\" content=\"article\" \/>\n<meta property=\"og:title\" content=\"Rouleaux d&#039;anis. Sachet 350g - Dulces La Ponderosa\" \/>\n<meta property=\"og:description\" content=\"Rouleaux d&#039;anis. Achetez en ligne de d\u00e9licieux petits pains \u00e0 l&#039;anis faits \u00e0 la main, qui m\u00e9langent le sucr\u00e9 avec la saveur traditionnelle d&#039;anis.\" \/>\n<meta property=\"og:url\" content=\"https:\/\/www.dulces-laponderosa.com\/fr\/acheter-estepa\/rouleaux-danis-sachet-350g\/\" \/>\n<meta property=\"og:site_name\" content=\"Dulces La Ponderosa\" \/>\n<meta property=\"article:modified_time\" content=\"2026-01-30T08:05:28+00:00\" \/>\n<meta property=\"og:image\" content=\"https:\/\/www.dulces-laponderosa.com\/wp-content\/uploads\/2020\/09\/Roscos-de-anis.jpg\" \/>\n\t<meta property=\"og:image:width\" content=\"800\" \/>\n\t<meta property=\"og:image:height\" content=\"929\" \/>\n\t<meta property=\"og:image:type\" content=\"image\/jpeg\" \/>\n<meta name=\"twitter:card\" content=\"summary_large_image\" \/>\n<script type=\"application\/ld+json\" class=\"yoast-schema-graph\">{\"@context\":\"https:\/\/schema.org\",\"@graph\":[{\"@type\":\"WebPage\",\"@id\":\"https:\/\/www.dulces-laponderosa.com\/fr\/acheter-estepa\/rouleaux-danis-sachet-350g\/\",\"url\":\"https:\/\/www.dulces-laponderosa.com\/fr\/acheter-estepa\/rouleaux-danis-sachet-350g\/\",\"name\":\"Rouleaux d'anis. Sachet 350g - Dulces La Ponderosa\",\"isPartOf\":{\"@id\":\"https:\/\/www.dulces-laponderosa.com\/fr\/#website\"},\"primaryImageOfPage\":{\"@id\":\"https:\/\/www.dulces-laponderosa.com\/fr\/acheter-estepa\/rouleaux-danis-sachet-350g\/#primaryimage\"},\"image\":{\"@id\":\"https:\/\/www.dulces-laponderosa.com\/fr\/acheter-estepa\/rouleaux-danis-sachet-350g\/#primaryimage\"},\"thumbnailUrl\":\"https:\/\/www.dulces-laponderosa.com\/wp-content\/uploads\/2020\/09\/Roscos-de-anis.jpg\",\"datePublished\":\"2020-10-06T08:22:21+00:00\",\"dateModified\":\"2026-01-30T08:05:28+00:00\",\"description\":\"Rouleaux d'anis. Achetez en ligne de d\u00e9licieux petits pains \u00e0 l'anis faits \u00e0 la main, qui m\u00e9langent le sucr\u00e9 avec la saveur traditionnelle d'anis.\",\"breadcrumb\":{\"@id\":\"https:\/\/www.dulces-laponderosa.com\/fr\/acheter-estepa\/rouleaux-danis-sachet-350g\/#breadcrumb\"},\"inLanguage\":\"fr-FR\",\"potentialAction\":[{\"@type\":\"ReadAction\",\"target\":[\"https:\/\/www.dulces-laponderosa.com\/fr\/acheter-estepa\/rouleaux-danis-sachet-350g\/\"]}]},{\"@type\":\"ImageObject\",\"inLanguage\":\"fr-FR\",\"@id\":\"https:\/\/www.dulces-laponderosa.com\/fr\/acheter-estepa\/rouleaux-danis-sachet-350g\/#primaryimage\",\"url\":\"https:\/\/www.dulces-laponderosa.com\/wp-content\/uploads\/2020\/09\/Roscos-de-anis.jpg\",\"contentUrl\":\"https:\/\/www.dulces-laponderosa.com\/wp-content\/uploads\/2020\/09\/Roscos-de-anis.jpg\",\"width\":800,\"height\":929,\"caption\":\"Rouleaux d'anis. sachet de 350g\"},{\"@type\":\"BreadcrumbList\",\"@id\":\"https:\/\/www.dulces-laponderosa.com\/fr\/acheter-estepa\/rouleaux-danis-sachet-350g\/#breadcrumb\",\"itemListElement\":[{\"@type\":\"ListItem\",\"position\":1,\"name\":\"Portada\",\"item\":\"https:\/\/www.dulces-laponderosa.com\/fr\/\"},{\"@type\":\"ListItem\",\"position\":2,\"name\":\"Boutique\",\"item\":\"https:\/\/www.dulces-laponderosa.com\/fr\/boutique\/\"},{\"@type\":\"ListItem\",\"position\":3,\"name\":\"Rouleaux d&#8217;anis. Sachet 350g\"}]},{\"@type\":\"WebSite\",\"@id\":\"https:\/\/www.dulces-laponderosa.com\/fr\/#website\",\"url\":\"https:\/\/www.dulces-laponderosa.com\/fr\/\",\"name\":\"Dulces La Ponderosa\",\"description\":\"Dulces de Navidad desde 1955\",\"potentialAction\":[{\"@type\":\"SearchAction\",\"target\":{\"@type\":\"EntryPoint\",\"urlTemplate\":\"https:\/\/www.dulces-laponderosa.com\/fr\/?s={search_term_string}\"},\"query-input\":{\"@type\":\"PropertyValueSpecification\",\"valueRequired\":true,\"valueName\":\"search_term_string\"}}],\"inLanguage\":\"fr-FR\"}]}<\/script>\n<!-- \/ Yoast SEO plugin. -->","yoast_head_json":{"title":"Rouleaux d'anis. Sachet 350g - Dulces La Ponderosa","description":"Rouleaux d'anis. Achetez en ligne de d\u00e9licieux petits pains \u00e0 l'anis faits \u00e0 la main, qui m\u00e9langent le sucr\u00e9 avec la saveur traditionnelle d'anis.","robots":{"index":"index","follow":"follow","max-snippet":"max-snippet:-1","max-image-preview":"max-image-preview:large","max-video-preview":"max-video-preview:-1"},"canonical":"https:\/\/www.dulces-laponderosa.com\/fr\/acheter-estepa\/rouleaux-danis-sachet-350g\/","og_locale":"fr_FR","og_type":"article","og_title":"Rouleaux d'anis. Sachet 350g - Dulces La Ponderosa","og_description":"Rouleaux d'anis. Achetez en ligne de d\u00e9licieux petits pains \u00e0 l'anis faits \u00e0 la main, qui m\u00e9langent le sucr\u00e9 avec la saveur traditionnelle d'anis.","og_url":"https:\/\/www.dulces-laponderosa.com\/fr\/acheter-estepa\/rouleaux-danis-sachet-350g\/","og_site_name":"Dulces La Ponderosa","article_modified_time":"2026-01-30T08:05:28+00:00","og_image":[{"width":800,"height":929,"url":"https:\/\/www.dulces-laponderosa.com\/wp-content\/uploads\/2020\/09\/Roscos-de-anis.jpg","type":"image\/jpeg"}],"twitter_card":"summary_large_image","schema":{"@context":"https:\/\/schema.org","@graph":[{"@type":"WebPage","@id":"https:\/\/www.dulces-laponderosa.com\/fr\/acheter-estepa\/rouleaux-danis-sachet-350g\/","url":"https:\/\/www.dulces-laponderosa.com\/fr\/acheter-estepa\/rouleaux-danis-sachet-350g\/","name":"Rouleaux d'anis. Sachet 350g - Dulces La Ponderosa","isPartOf":{"@id":"https:\/\/www.dulces-laponderosa.com\/fr\/#website"},"primaryImageOfPage":{"@id":"https:\/\/www.dulces-laponderosa.com\/fr\/acheter-estepa\/rouleaux-danis-sachet-350g\/#primaryimage"},"image":{"@id":"https:\/\/www.dulces-laponderosa.com\/fr\/acheter-estepa\/rouleaux-danis-sachet-350g\/#primaryimage"},"thumbnailUrl":"https:\/\/www.dulces-laponderosa.com\/wp-content\/uploads\/2020\/09\/Roscos-de-anis.jpg","datePublished":"2020-10-06T08:22:21+00:00","dateModified":"2026-01-30T08:05:28+00:00","description":"Rouleaux d'anis. Achetez en ligne de d\u00e9licieux petits pains \u00e0 l'anis faits \u00e0 la main, qui m\u00e9langent le sucr\u00e9 avec la saveur traditionnelle d'anis.","breadcrumb":{"@id":"https:\/\/www.dulces-laponderosa.com\/fr\/acheter-estepa\/rouleaux-danis-sachet-350g\/#breadcrumb"},"inLanguage":"fr-FR","potentialAction":[{"@type":"ReadAction","target":["https:\/\/www.dulces-laponderosa.com\/fr\/acheter-estepa\/rouleaux-danis-sachet-350g\/"]}]},{"@type":"ImageObject","inLanguage":"fr-FR","@id":"https:\/\/www.dulces-laponderosa.com\/fr\/acheter-estepa\/rouleaux-danis-sachet-350g\/#primaryimage","url":"https:\/\/www.dulces-laponderosa.com\/wp-content\/uploads\/2020\/09\/Roscos-de-anis.jpg","contentUrl":"https:\/\/www.dulces-laponderosa.com\/wp-content\/uploads\/2020\/09\/Roscos-de-anis.jpg","width":800,"height":929,"caption":"Rouleaux d'anis. sachet de 350g"},{"@type":"BreadcrumbList","@id":"https:\/\/www.dulces-laponderosa.com\/fr\/acheter-estepa\/rouleaux-danis-sachet-350g\/#breadcrumb","itemListElement":[{"@type":"ListItem","position":1,"name":"Portada","item":"https:\/\/www.dulces-laponderosa.com\/fr\/"},{"@type":"ListItem","position":2,"name":"Boutique","item":"https:\/\/www.dulces-laponderosa.com\/fr\/boutique\/"},{"@type":"ListItem","position":3,"name":"Rouleaux d&#8217;anis. Sachet 350g"}]},{"@type":"WebSite","@id":"https:\/\/www.dulces-laponderosa.com\/fr\/#website","url":"https:\/\/www.dulces-laponderosa.com\/fr\/","name":"Dulces La Ponderosa","description":"Dulces de Navidad desde 1955","potentialAction":[{"@type":"SearchAction","target":{"@type":"EntryPoint","urlTemplate":"https:\/\/www.dulces-laponderosa.com\/fr\/?s={search_term_string}"},"query-input":{"@type":"PropertyValueSpecification","valueRequired":true,"valueName":"search_term_string"}}],"inLanguage":"fr-FR"}]}},"_links":{"self":[{"href":"https:\/\/www.dulces-laponderosa.com\/fr\/wp-json\/wp\/v2\/product\/7199","targetHints":{"allow":["GET"]}}],"collection":[{"href":"https:\/\/www.dulces-laponderosa.com\/fr\/wp-json\/wp\/v2\/product"}],"about":[{"href":"https:\/\/www.dulces-laponderosa.com\/fr\/wp-json\/wp\/v2\/types\/product"}],"replies":[{"embeddable":true,"href":"https:\/\/www.dulces-laponderosa.com\/fr\/wp-json\/wp\/v2\/comments?post=7199"}],"wp:featuredmedia":[{"embeddable":true,"href":"https:\/\/www.dulces-laponderosa.com\/fr\/wp-json\/wp\/v2\/media\/5889"}],"wp:attachment":[{"href":"https:\/\/www.dulces-laponderosa.com\/fr\/wp-json\/wp\/v2\/media?parent=7199"}],"wp:term":[{"taxonomy":"product_brand","embeddable":true,"href":"https:\/\/www.dulces-laponderosa.com\/fr\/wp-json\/wp\/v2\/product_brand?post=7199"},{"taxonomy":"product_cat","embeddable":true,"href":"https:\/\/www.dulces-laponderosa.com\/fr\/wp-json\/wp\/v2\/product_cat?post=7199"},{"taxonomy":"product_tag","embeddable":true,"href":"https:\/\/www.dulces-laponderosa.com\/fr\/wp-json\/wp\/v2\/product_tag?post=7199"}],"curies":[{"name":"wp","href":"https:\/\/api.w.org\/{rel}","templated":true}]}}