{"id":7202,"date":"2020-10-01T13:48:42","date_gmt":"2020-10-01T11:48:42","guid":{"rendered":"https:\/\/www.dulces-laponderosa.com\/producto\/roscos-au-vin-doux-et-aux-amandes-sac-350g\/"},"modified":"2026-01-02T20:17:00","modified_gmt":"2026-01-02T19:17:00","slug":"roscos-au-vin-doux-et-aux-amandes-sac-350g","status":"publish","type":"product","link":"https:\/\/www.dulces-laponderosa.com\/fr\/acheter-estepa\/roscos-au-vin-doux-et-aux-amandes-sac-350g\/","title":{"rendered":"Roscos au vin doux et aux amandes. Sac 350G"},"content":{"rendered":"<section class=\"l-section wpb_row height_custom\"><div class=\"l-section-h i-cf\"><div class=\"g-cols vc_row via_flex valign_top type_default stacking_default\"><div class=\"vc_col-sm-12 wpb_column vc_column_container\"><div class=\"vc_column-inner\"><div class=\"wpb_wrapper\"><div class=\"wpb_text_column\"><div class=\"wpb_wrapper\"><h2>Ingr\u00e9dients<\/h2>\n<p>Farine de<strong> bl\u00e9<\/strong> , saindoux raffin\u00e9 (antioxydant : E &#8211; 320) sucre, vin doux (contient<strong> sulfites<\/strong> ) (8%),<strong> amande<\/strong> (7%), graines de<strong> s\u00e9same<\/strong> , cannelle, clou de girofle et ar\u00f4me de cannelle.<\/p>\n<\/div><\/div><div class=\"w-separator size_medium\"><\/div><div class=\"wpb_text_column\"><div class=\"wpb_wrapper\"><h2>Allerg\u00e8nes<\/h2>\n<p><strong>Il peut contenir des traces d&rsquo;autres fruits \u00e0 coque, arachides, \u0153ufs, lait et leurs d\u00e9riv\u00e9s (dont lactose) et soja.<\/strong><\/p>\n<\/div><\/div><div class=\"w-separator size_medium\"><\/div><div class=\"wpb_text_column\"><div class=\"wpb_wrapper\"><h2>Tableau nutritionnel<\/h2>\n<\/div><\/div><\/div><\/div><\/div><\/div><\/div><\/section>\n","protected":false},"excerpt":{"rendered":"<p>Nos beignets au vin doux et aux amandes pr\u00e9sent\u00e9s dans un sachet de 350 gr. Fabriqu\u00e9 selon la recette traditionnelle et avec les meilleures mati\u00e8res premi\u00e8res. Savourez dans chaque bouch\u00e9e sa texture tendre et le go\u00fbt du vin doux. Dulces La Ponderosa apporte la saveur de No\u00ebl dans votre maison, n&rsquo;h\u00e9sitez pas et surprenez vos invit\u00e9s avec des bonbons de la plus haute qualit\u00e9 \u00e0 ces dates sp\u00e9ciales.<\/p>\n","protected":false},"featured_media":5884,"comment_status":"closed","ping_status":"closed","template":"","meta":{"_joinchat":[]},"product_brand":[],"product_cat":[881],"product_tag":[],"class_list":{"0":"post-7202","1":"product","2":"type-product","3":"status-publish","4":"has-post-thumbnail","6":"product_cat-beignets-au-vin-doux-et-aux-amandes","8":"first","9":"instock","10":"taxable","11":"shipping-taxable","12":"purchasable","13":"product-type-simple"},"yoast_head":"<!-- This site is optimized with the Yoast SEO plugin v27.2 - https:\/\/yoast.com\/product\/yoast-seo-wordpress\/ -->\n<title>Roscos au vin doux et aux amandes. Sac 350G - Dulces La Ponderosa<\/title>\n<meta name=\"description\" content=\"Vin Doux et Roscos aux Amandes. Sac 350G. Achetez en ligne et profitez de la tradition sucr\u00e9e \u00e0 ces dates sp\u00e9ciales.\" \/>\n<meta name=\"robots\" content=\"index, follow, max-snippet:-1, max-image-preview:large, max-video-preview:-1\" \/>\n<link rel=\"canonical\" href=\"https:\/\/www.dulces-laponderosa.com\/fr\/acheter-estepa\/roscos-au-vin-doux-et-aux-amandes-sac-350g\/\" \/>\n<meta property=\"og:locale\" content=\"fr_FR\" \/>\n<meta property=\"og:type\" content=\"article\" \/>\n<meta property=\"og:title\" content=\"Roscos au vin doux et aux amandes. Sac 350G - Dulces La Ponderosa\" \/>\n<meta property=\"og:description\" content=\"Vin Doux et Roscos aux Amandes. Sac 350G. Achetez en ligne et profitez de la tradition sucr\u00e9e \u00e0 ces dates sp\u00e9ciales.\" \/>\n<meta property=\"og:url\" content=\"https:\/\/www.dulces-laponderosa.com\/fr\/acheter-estepa\/roscos-au-vin-doux-et-aux-amandes-sac-350g\/\" \/>\n<meta property=\"og:site_name\" content=\"Dulces La Ponderosa\" \/>\n<meta property=\"article:modified_time\" content=\"2026-01-02T19:17:00+00:00\" \/>\n<meta property=\"og:image\" content=\"https:\/\/www.dulces-laponderosa.com\/wp-content\/uploads\/2020\/10\/mantecados-de-vino-dulce-e1601553007176.jpg\" \/>\n\t<meta property=\"og:image:width\" content=\"800\" \/>\n\t<meta property=\"og:image:height\" content=\"913\" \/>\n\t<meta property=\"og:image:type\" content=\"image\/jpeg\" \/>\n<meta name=\"twitter:card\" content=\"summary_large_image\" \/>\n<script type=\"application\/ld+json\" class=\"yoast-schema-graph\">{\"@context\":\"https:\/\/schema.org\",\"@graph\":[{\"@type\":\"WebPage\",\"@id\":\"https:\/\/www.dulces-laponderosa.com\/fr\/acheter-estepa\/roscos-au-vin-doux-et-aux-amandes-sac-350g\/\",\"url\":\"https:\/\/www.dulces-laponderosa.com\/fr\/acheter-estepa\/roscos-au-vin-doux-et-aux-amandes-sac-350g\/\",\"name\":\"Roscos au vin doux et aux amandes. Sac 350G - Dulces La Ponderosa\",\"isPartOf\":{\"@id\":\"https:\/\/www.dulces-laponderosa.com\/fr\/#website\"},\"primaryImageOfPage\":{\"@id\":\"https:\/\/www.dulces-laponderosa.com\/fr\/acheter-estepa\/roscos-au-vin-doux-et-aux-amandes-sac-350g\/#primaryimage\"},\"image\":{\"@id\":\"https:\/\/www.dulces-laponderosa.com\/fr\/acheter-estepa\/roscos-au-vin-doux-et-aux-amandes-sac-350g\/#primaryimage\"},\"thumbnailUrl\":\"https:\/\/www.dulces-laponderosa.com\/wp-content\/uploads\/2020\/10\/mantecados-de-vino-dulce-e1601553007176.jpg\",\"datePublished\":\"2020-10-01T11:48:42+00:00\",\"dateModified\":\"2026-01-02T19:17:00+00:00\",\"description\":\"Vin Doux et Roscos aux Amandes. Sac 350G. Achetez en ligne et profitez de la tradition sucr\u00e9e \u00e0 ces dates sp\u00e9ciales.\",\"breadcrumb\":{\"@id\":\"https:\/\/www.dulces-laponderosa.com\/fr\/acheter-estepa\/roscos-au-vin-doux-et-aux-amandes-sac-350g\/#breadcrumb\"},\"inLanguage\":\"fr-FR\",\"potentialAction\":[{\"@type\":\"ReadAction\",\"target\":[\"https:\/\/www.dulces-laponderosa.com\/fr\/acheter-estepa\/roscos-au-vin-doux-et-aux-amandes-sac-350g\/\"]}]},{\"@type\":\"ImageObject\",\"inLanguage\":\"fr-FR\",\"@id\":\"https:\/\/www.dulces-laponderosa.com\/fr\/acheter-estepa\/roscos-au-vin-doux-et-aux-amandes-sac-350g\/#primaryimage\",\"url\":\"https:\/\/www.dulces-laponderosa.com\/wp-content\/uploads\/2020\/10\/mantecados-de-vino-dulce-e1601553007176.jpg\",\"contentUrl\":\"https:\/\/www.dulces-laponderosa.com\/wp-content\/uploads\/2020\/10\/mantecados-de-vino-dulce-e1601553007176.jpg\",\"width\":800,\"height\":913,\"caption\":\"Beignets au vin doux et aux amandes. Sachet 350g\"},{\"@type\":\"BreadcrumbList\",\"@id\":\"https:\/\/www.dulces-laponderosa.com\/fr\/acheter-estepa\/roscos-au-vin-doux-et-aux-amandes-sac-350g\/#breadcrumb\",\"itemListElement\":[{\"@type\":\"ListItem\",\"position\":1,\"name\":\"Portada\",\"item\":\"https:\/\/www.dulces-laponderosa.com\/fr\/\"},{\"@type\":\"ListItem\",\"position\":2,\"name\":\"Boutique\",\"item\":\"https:\/\/www.dulces-laponderosa.com\/fr\/boutique\/\"},{\"@type\":\"ListItem\",\"position\":3,\"name\":\"Roscos au vin doux et aux amandes. Sac 350G\"}]},{\"@type\":\"WebSite\",\"@id\":\"https:\/\/www.dulces-laponderosa.com\/fr\/#website\",\"url\":\"https:\/\/www.dulces-laponderosa.com\/fr\/\",\"name\":\"Dulces La Ponderosa\",\"description\":\"Dulces de Navidad desde 1955\",\"potentialAction\":[{\"@type\":\"SearchAction\",\"target\":{\"@type\":\"EntryPoint\",\"urlTemplate\":\"https:\/\/www.dulces-laponderosa.com\/fr\/?s={search_term_string}\"},\"query-input\":{\"@type\":\"PropertyValueSpecification\",\"valueRequired\":true,\"valueName\":\"search_term_string\"}}],\"inLanguage\":\"fr-FR\"}]}<\/script>\n<!-- \/ Yoast SEO plugin. -->","yoast_head_json":{"title":"Roscos au vin doux et aux amandes. Sac 350G - Dulces La Ponderosa","description":"Vin Doux et Roscos aux Amandes. Sac 350G. Achetez en ligne et profitez de la tradition sucr\u00e9e \u00e0 ces dates sp\u00e9ciales.","robots":{"index":"index","follow":"follow","max-snippet":"max-snippet:-1","max-image-preview":"max-image-preview:large","max-video-preview":"max-video-preview:-1"},"canonical":"https:\/\/www.dulces-laponderosa.com\/fr\/acheter-estepa\/roscos-au-vin-doux-et-aux-amandes-sac-350g\/","og_locale":"fr_FR","og_type":"article","og_title":"Roscos au vin doux et aux amandes. Sac 350G - Dulces La Ponderosa","og_description":"Vin Doux et Roscos aux Amandes. Sac 350G. Achetez en ligne et profitez de la tradition sucr\u00e9e \u00e0 ces dates sp\u00e9ciales.","og_url":"https:\/\/www.dulces-laponderosa.com\/fr\/acheter-estepa\/roscos-au-vin-doux-et-aux-amandes-sac-350g\/","og_site_name":"Dulces La Ponderosa","article_modified_time":"2026-01-02T19:17:00+00:00","og_image":[{"width":800,"height":913,"url":"https:\/\/www.dulces-laponderosa.com\/wp-content\/uploads\/2020\/10\/mantecados-de-vino-dulce-e1601553007176.jpg","type":"image\/jpeg"}],"twitter_card":"summary_large_image","schema":{"@context":"https:\/\/schema.org","@graph":[{"@type":"WebPage","@id":"https:\/\/www.dulces-laponderosa.com\/fr\/acheter-estepa\/roscos-au-vin-doux-et-aux-amandes-sac-350g\/","url":"https:\/\/www.dulces-laponderosa.com\/fr\/acheter-estepa\/roscos-au-vin-doux-et-aux-amandes-sac-350g\/","name":"Roscos au vin doux et aux amandes. Sac 350G - Dulces La Ponderosa","isPartOf":{"@id":"https:\/\/www.dulces-laponderosa.com\/fr\/#website"},"primaryImageOfPage":{"@id":"https:\/\/www.dulces-laponderosa.com\/fr\/acheter-estepa\/roscos-au-vin-doux-et-aux-amandes-sac-350g\/#primaryimage"},"image":{"@id":"https:\/\/www.dulces-laponderosa.com\/fr\/acheter-estepa\/roscos-au-vin-doux-et-aux-amandes-sac-350g\/#primaryimage"},"thumbnailUrl":"https:\/\/www.dulces-laponderosa.com\/wp-content\/uploads\/2020\/10\/mantecados-de-vino-dulce-e1601553007176.jpg","datePublished":"2020-10-01T11:48:42+00:00","dateModified":"2026-01-02T19:17:00+00:00","description":"Vin Doux et Roscos aux Amandes. Sac 350G. Achetez en ligne et profitez de la tradition sucr\u00e9e \u00e0 ces dates sp\u00e9ciales.","breadcrumb":{"@id":"https:\/\/www.dulces-laponderosa.com\/fr\/acheter-estepa\/roscos-au-vin-doux-et-aux-amandes-sac-350g\/#breadcrumb"},"inLanguage":"fr-FR","potentialAction":[{"@type":"ReadAction","target":["https:\/\/www.dulces-laponderosa.com\/fr\/acheter-estepa\/roscos-au-vin-doux-et-aux-amandes-sac-350g\/"]}]},{"@type":"ImageObject","inLanguage":"fr-FR","@id":"https:\/\/www.dulces-laponderosa.com\/fr\/acheter-estepa\/roscos-au-vin-doux-et-aux-amandes-sac-350g\/#primaryimage","url":"https:\/\/www.dulces-laponderosa.com\/wp-content\/uploads\/2020\/10\/mantecados-de-vino-dulce-e1601553007176.jpg","contentUrl":"https:\/\/www.dulces-laponderosa.com\/wp-content\/uploads\/2020\/10\/mantecados-de-vino-dulce-e1601553007176.jpg","width":800,"height":913,"caption":"Beignets au vin doux et aux amandes. Sachet 350g"},{"@type":"BreadcrumbList","@id":"https:\/\/www.dulces-laponderosa.com\/fr\/acheter-estepa\/roscos-au-vin-doux-et-aux-amandes-sac-350g\/#breadcrumb","itemListElement":[{"@type":"ListItem","position":1,"name":"Portada","item":"https:\/\/www.dulces-laponderosa.com\/fr\/"},{"@type":"ListItem","position":2,"name":"Boutique","item":"https:\/\/www.dulces-laponderosa.com\/fr\/boutique\/"},{"@type":"ListItem","position":3,"name":"Roscos au vin doux et aux amandes. Sac 350G"}]},{"@type":"WebSite","@id":"https:\/\/www.dulces-laponderosa.com\/fr\/#website","url":"https:\/\/www.dulces-laponderosa.com\/fr\/","name":"Dulces La Ponderosa","description":"Dulces de Navidad desde 1955","potentialAction":[{"@type":"SearchAction","target":{"@type":"EntryPoint","urlTemplate":"https:\/\/www.dulces-laponderosa.com\/fr\/?s={search_term_string}"},"query-input":{"@type":"PropertyValueSpecification","valueRequired":true,"valueName":"search_term_string"}}],"inLanguage":"fr-FR"}]}},"_links":{"self":[{"href":"https:\/\/www.dulces-laponderosa.com\/fr\/wp-json\/wp\/v2\/product\/7202","targetHints":{"allow":["GET"]}}],"collection":[{"href":"https:\/\/www.dulces-laponderosa.com\/fr\/wp-json\/wp\/v2\/product"}],"about":[{"href":"https:\/\/www.dulces-laponderosa.com\/fr\/wp-json\/wp\/v2\/types\/product"}],"replies":[{"embeddable":true,"href":"https:\/\/www.dulces-laponderosa.com\/fr\/wp-json\/wp\/v2\/comments?post=7202"}],"wp:featuredmedia":[{"embeddable":true,"href":"https:\/\/www.dulces-laponderosa.com\/fr\/wp-json\/wp\/v2\/media\/5884"}],"wp:attachment":[{"href":"https:\/\/www.dulces-laponderosa.com\/fr\/wp-json\/wp\/v2\/media?parent=7202"}],"wp:term":[{"taxonomy":"product_brand","embeddable":true,"href":"https:\/\/www.dulces-laponderosa.com\/fr\/wp-json\/wp\/v2\/product_brand?post=7202"},{"taxonomy":"product_cat","embeddable":true,"href":"https:\/\/www.dulces-laponderosa.com\/fr\/wp-json\/wp\/v2\/product_cat?post=7202"},{"taxonomy":"product_tag","embeddable":true,"href":"https:\/\/www.dulces-laponderosa.com\/fr\/wp-json\/wp\/v2\/product_tag?post=7202"}],"curies":[{"name":"wp","href":"https:\/\/api.w.org\/{rel}","templated":true}]}}