{"id":7207,"date":"2020-09-24T11:25:53","date_gmt":"2020-09-24T09:25:53","guid":{"rendered":"https:\/\/www.dulces-laponderosa.com\/producto\/millefeuille-a-lorange-sac-300g\/"},"modified":"2026-03-27T16:11:57","modified_gmt":"2026-03-27T15:11:57","slug":"millefeuille-a-lorange-sac-300g","status":"publish","type":"product","link":"https:\/\/www.dulces-laponderosa.com\/fr\/acheter-estepa\/millefeuille-a-lorange-sac-300g\/","title":{"rendered":"Millefeuille \u00e0 l&rsquo;orange. sac 300G"},"content":{"rendered":"<section class=\"l-section wpb_row height_custom\"><div class=\"l-section-h i-cf\"><div class=\"g-cols vc_row via_flex valign_top type_default stacking_default\"><div class=\"vc_col-sm-12 wpb_column vc_column_container\"><div class=\"vc_column-inner\"><div class=\"wpb_wrapper\"><div class=\"wpb_text_column\"><div class=\"wpb_wrapper\"><h2>Ingr\u00e9dients<\/h2>\n<p>Produit de p\u00e2tisserie. Ingr\u00e9dients : Farine <strong>bl\u00e9<\/strong> , saindoux (antioxydant E-320), margarine : (huiles et graisses v\u00e9g\u00e9tales (palme, <strong>soja<\/strong> , tournesol en proportion variable), eau, \u00e9mulsifiant : E-471, sel, ar\u00f4mes, acide citrique, carot\u00e8nes), Garniture : (30% pulpe d&rsquo;orange, sucre, sirop de glucose, \u00e9paississants : E-440, E-410, E- 1442, acidulants : E-330, E-296, conservateur : E-202, colorants : E-100, E-120, ar\u00f4me), eau, vin (contient <strong>sulfites<\/strong> ), sucre, sel, ar\u00f4me vanille et ar\u00f4me orange.<\/p>\n<\/div><\/div><div class=\"w-separator size_medium\"><\/div><div class=\"wpb_text_column\"><div class=\"wpb_wrapper\"><h2>Allerg\u00e8nes<\/h2>\n<p><strong>Peut contenir des traces d&rsquo;arachides. <\/strong><\/p>\n<\/div><\/div><div class=\"w-separator size_medium\"><\/div><div class=\"wpb_text_column\"><div class=\"wpb_wrapper\"><h2>Tableau nutritionnel<\/h2>\n<p><iframe src=\"https:\/\/docs.google.com\/spreadsheets\/d\/e\/2PACX-1vT9OdDAmz161xIxgc0bPRZvx02DMV0YHSghnO7dcm6ZjO1CyzGy0EZWYn1pcw_J1hodyfgYlLOWuSd8\/pubhtml?gid=2096271640&amp;single=true&amp;widget=true&amp;headers=false\" width=\"100%\" height=\"350\"><\/iframe><\/p>\n<\/div><\/div><\/div><\/div><\/div><\/div><\/div><\/section>\n","protected":false},"excerpt":{"rendered":"<p style=\"text-align: justify;\">D\u00e9licieux<strong> millefeuille \u00e0 l&rsquo;orange<\/strong> . Toutes les mati\u00e8res premi\u00e8res proviennent de<strong> qualit\u00e9 maximale<\/strong> , proposant un produit gourmand qui ravira tous ceux qui l&rsquo;essaieront ce No\u00ebl. Avec une saveur et une texture douces, c&rsquo;est une valeur s\u00fbre ce No\u00ebl.<\/p>\n<p style=\"text-align: justify;\">Maintenant, nos produits de s\u00e9lection sp\u00e9ciale arrivent<strong> emballage durable<\/strong> .<\/p>\n","protected":false},"featured_media":6228,"comment_status":"closed","ping_status":"closed","template":"","meta":{"_joinchat":[]},"product_brand":[],"product_cat":[877],"product_tag":[],"class_list":{"0":"post-7207","1":"product","2":"type-product","3":"status-publish","4":"has-post-thumbnail","6":"product_cat-selection-speciale","8":"first","9":"outofstock","10":"taxable","11":"shipping-taxable","12":"purchasable","13":"product-type-simple"},"yoast_head":"<!-- This site is optimized with the Yoast SEO plugin v27.2 - https:\/\/yoast.com\/product\/yoast-seo-wordpress\/ -->\n<title>Millefeuille \u00e0 l&#039;orange. sac 300G - Dulces La Ponderosa<\/title>\n<meta name=\"description\" content=\"Millefeuille \u00e0 l&#039;orange. sac 300G\" \/>\n<meta name=\"robots\" content=\"index, follow, max-snippet:-1, max-image-preview:large, max-video-preview:-1\" \/>\n<link rel=\"canonical\" href=\"https:\/\/www.dulces-laponderosa.com\/fr\/acheter-estepa\/millefeuille-a-lorange-sac-300g\/\" \/>\n<meta property=\"og:locale\" content=\"fr_FR\" \/>\n<meta property=\"og:type\" content=\"article\" \/>\n<meta property=\"og:title\" content=\"Millefeuille \u00e0 l&#039;orange. sac 300G - Dulces La Ponderosa\" \/>\n<meta property=\"og:description\" content=\"Millefeuille \u00e0 l&#039;orange. sac 300G\" \/>\n<meta property=\"og:url\" content=\"https:\/\/www.dulces-laponderosa.com\/fr\/acheter-estepa\/millefeuille-a-lorange-sac-300g\/\" \/>\n<meta property=\"og:site_name\" content=\"Dulces La Ponderosa\" \/>\n<meta property=\"article:modified_time\" content=\"2026-03-27T15:11:57+00:00\" \/>\n<meta property=\"og:image\" content=\"https:\/\/www.dulces-laponderosa.com\/wp-content\/uploads\/2020\/09\/Dulces-La-Ponderosa.-Milhoja-de-naranja.-Bolsa-350G.seleccion-especial.png\" \/>\n\t<meta property=\"og:image:width\" content=\"600\" \/>\n\t<meta property=\"og:image:height\" content=\"1060\" \/>\n\t<meta property=\"og:image:type\" content=\"image\/png\" \/>\n<meta name=\"twitter:card\" content=\"summary_large_image\" \/>\n<meta name=\"twitter:label1\" content=\"Dur\u00e9e de lecture estim\u00e9e\" \/>\n\t<meta name=\"twitter:data1\" content=\"1 minute\" \/>\n<script type=\"application\/ld+json\" class=\"yoast-schema-graph\">{\"@context\":\"https:\/\/schema.org\",\"@graph\":[{\"@type\":\"WebPage\",\"@id\":\"https:\/\/www.dulces-laponderosa.com\/fr\/acheter-estepa\/millefeuille-a-lorange-sac-300g\/\",\"url\":\"https:\/\/www.dulces-laponderosa.com\/fr\/acheter-estepa\/millefeuille-a-lorange-sac-300g\/\",\"name\":\"Millefeuille \u00e0 l'orange. sac 300G - Dulces La Ponderosa\",\"isPartOf\":{\"@id\":\"https:\/\/www.dulces-laponderosa.com\/fr\/#website\"},\"primaryImageOfPage\":{\"@id\":\"https:\/\/www.dulces-laponderosa.com\/fr\/acheter-estepa\/millefeuille-a-lorange-sac-300g\/#primaryimage\"},\"image\":{\"@id\":\"https:\/\/www.dulces-laponderosa.com\/fr\/acheter-estepa\/millefeuille-a-lorange-sac-300g\/#primaryimage\"},\"thumbnailUrl\":\"https:\/\/www.dulces-laponderosa.com\/wp-content\/uploads\/2020\/09\/Dulces-La-Ponderosa.-Milhoja-de-naranja.-Bolsa-350G.seleccion-especial.png\",\"datePublished\":\"2020-09-24T09:25:53+00:00\",\"dateModified\":\"2026-03-27T15:11:57+00:00\",\"description\":\"Millefeuille \u00e0 l'orange. sac 300G\",\"breadcrumb\":{\"@id\":\"https:\/\/www.dulces-laponderosa.com\/fr\/acheter-estepa\/millefeuille-a-lorange-sac-300g\/#breadcrumb\"},\"inLanguage\":\"fr-FR\",\"potentialAction\":[{\"@type\":\"ReadAction\",\"target\":[\"https:\/\/www.dulces-laponderosa.com\/fr\/acheter-estepa\/millefeuille-a-lorange-sac-300g\/\"]}]},{\"@type\":\"ImageObject\",\"inLanguage\":\"fr-FR\",\"@id\":\"https:\/\/www.dulces-laponderosa.com\/fr\/acheter-estepa\/millefeuille-a-lorange-sac-300g\/#primaryimage\",\"url\":\"https:\/\/www.dulces-laponderosa.com\/wp-content\/uploads\/2020\/09\/Dulces-La-Ponderosa.-Milhoja-de-naranja.-Bolsa-350G.seleccion-especial.png\",\"contentUrl\":\"https:\/\/www.dulces-laponderosa.com\/wp-content\/uploads\/2020\/09\/Dulces-La-Ponderosa.-Milhoja-de-naranja.-Bolsa-350G.seleccion-especial.png\",\"width\":600,\"height\":1060,\"caption\":\"Millefeuille \u00e0 l'orange\"},{\"@type\":\"BreadcrumbList\",\"@id\":\"https:\/\/www.dulces-laponderosa.com\/fr\/acheter-estepa\/millefeuille-a-lorange-sac-300g\/#breadcrumb\",\"itemListElement\":[{\"@type\":\"ListItem\",\"position\":1,\"name\":\"Portada\",\"item\":\"https:\/\/www.dulces-laponderosa.com\/fr\/\"},{\"@type\":\"ListItem\",\"position\":2,\"name\":\"Boutique\",\"item\":\"https:\/\/www.dulces-laponderosa.com\/fr\/boutique\/\"},{\"@type\":\"ListItem\",\"position\":3,\"name\":\"Millefeuille \u00e0 l&#8217;orange. sac 300G\"}]},{\"@type\":\"WebSite\",\"@id\":\"https:\/\/www.dulces-laponderosa.com\/fr\/#website\",\"url\":\"https:\/\/www.dulces-laponderosa.com\/fr\/\",\"name\":\"Dulces La Ponderosa\",\"description\":\"Dulces de Navidad desde 1955\",\"potentialAction\":[{\"@type\":\"SearchAction\",\"target\":{\"@type\":\"EntryPoint\",\"urlTemplate\":\"https:\/\/www.dulces-laponderosa.com\/fr\/?s={search_term_string}\"},\"query-input\":{\"@type\":\"PropertyValueSpecification\",\"valueRequired\":true,\"valueName\":\"search_term_string\"}}],\"inLanguage\":\"fr-FR\"}]}<\/script>\n<!-- \/ Yoast SEO plugin. -->","yoast_head_json":{"title":"Millefeuille \u00e0 l'orange. sac 300G - Dulces La Ponderosa","description":"Millefeuille \u00e0 l'orange. sac 300G","robots":{"index":"index","follow":"follow","max-snippet":"max-snippet:-1","max-image-preview":"max-image-preview:large","max-video-preview":"max-video-preview:-1"},"canonical":"https:\/\/www.dulces-laponderosa.com\/fr\/acheter-estepa\/millefeuille-a-lorange-sac-300g\/","og_locale":"fr_FR","og_type":"article","og_title":"Millefeuille \u00e0 l'orange. sac 300G - Dulces La Ponderosa","og_description":"Millefeuille \u00e0 l'orange. sac 300G","og_url":"https:\/\/www.dulces-laponderosa.com\/fr\/acheter-estepa\/millefeuille-a-lorange-sac-300g\/","og_site_name":"Dulces La Ponderosa","article_modified_time":"2026-03-27T15:11:57+00:00","og_image":[{"width":600,"height":1060,"url":"https:\/\/www.dulces-laponderosa.com\/wp-content\/uploads\/2020\/09\/Dulces-La-Ponderosa.-Milhoja-de-naranja.-Bolsa-350G.seleccion-especial.png","type":"image\/png"}],"twitter_card":"summary_large_image","twitter_misc":{"Dur\u00e9e de lecture estim\u00e9e":"1 minute"},"schema":{"@context":"https:\/\/schema.org","@graph":[{"@type":"WebPage","@id":"https:\/\/www.dulces-laponderosa.com\/fr\/acheter-estepa\/millefeuille-a-lorange-sac-300g\/","url":"https:\/\/www.dulces-laponderosa.com\/fr\/acheter-estepa\/millefeuille-a-lorange-sac-300g\/","name":"Millefeuille \u00e0 l'orange. sac 300G - Dulces La Ponderosa","isPartOf":{"@id":"https:\/\/www.dulces-laponderosa.com\/fr\/#website"},"primaryImageOfPage":{"@id":"https:\/\/www.dulces-laponderosa.com\/fr\/acheter-estepa\/millefeuille-a-lorange-sac-300g\/#primaryimage"},"image":{"@id":"https:\/\/www.dulces-laponderosa.com\/fr\/acheter-estepa\/millefeuille-a-lorange-sac-300g\/#primaryimage"},"thumbnailUrl":"https:\/\/www.dulces-laponderosa.com\/wp-content\/uploads\/2020\/09\/Dulces-La-Ponderosa.-Milhoja-de-naranja.-Bolsa-350G.seleccion-especial.png","datePublished":"2020-09-24T09:25:53+00:00","dateModified":"2026-03-27T15:11:57+00:00","description":"Millefeuille \u00e0 l'orange. sac 300G","breadcrumb":{"@id":"https:\/\/www.dulces-laponderosa.com\/fr\/acheter-estepa\/millefeuille-a-lorange-sac-300g\/#breadcrumb"},"inLanguage":"fr-FR","potentialAction":[{"@type":"ReadAction","target":["https:\/\/www.dulces-laponderosa.com\/fr\/acheter-estepa\/millefeuille-a-lorange-sac-300g\/"]}]},{"@type":"ImageObject","inLanguage":"fr-FR","@id":"https:\/\/www.dulces-laponderosa.com\/fr\/acheter-estepa\/millefeuille-a-lorange-sac-300g\/#primaryimage","url":"https:\/\/www.dulces-laponderosa.com\/wp-content\/uploads\/2020\/09\/Dulces-La-Ponderosa.-Milhoja-de-naranja.-Bolsa-350G.seleccion-especial.png","contentUrl":"https:\/\/www.dulces-laponderosa.com\/wp-content\/uploads\/2020\/09\/Dulces-La-Ponderosa.-Milhoja-de-naranja.-Bolsa-350G.seleccion-especial.png","width":600,"height":1060,"caption":"Millefeuille \u00e0 l'orange"},{"@type":"BreadcrumbList","@id":"https:\/\/www.dulces-laponderosa.com\/fr\/acheter-estepa\/millefeuille-a-lorange-sac-300g\/#breadcrumb","itemListElement":[{"@type":"ListItem","position":1,"name":"Portada","item":"https:\/\/www.dulces-laponderosa.com\/fr\/"},{"@type":"ListItem","position":2,"name":"Boutique","item":"https:\/\/www.dulces-laponderosa.com\/fr\/boutique\/"},{"@type":"ListItem","position":3,"name":"Millefeuille \u00e0 l&#8217;orange. sac 300G"}]},{"@type":"WebSite","@id":"https:\/\/www.dulces-laponderosa.com\/fr\/#website","url":"https:\/\/www.dulces-laponderosa.com\/fr\/","name":"Dulces La Ponderosa","description":"Dulces de Navidad desde 1955","potentialAction":[{"@type":"SearchAction","target":{"@type":"EntryPoint","urlTemplate":"https:\/\/www.dulces-laponderosa.com\/fr\/?s={search_term_string}"},"query-input":{"@type":"PropertyValueSpecification","valueRequired":true,"valueName":"search_term_string"}}],"inLanguage":"fr-FR"}]}},"_links":{"self":[{"href":"https:\/\/www.dulces-laponderosa.com\/fr\/wp-json\/wp\/v2\/product\/7207","targetHints":{"allow":["GET"]}}],"collection":[{"href":"https:\/\/www.dulces-laponderosa.com\/fr\/wp-json\/wp\/v2\/product"}],"about":[{"href":"https:\/\/www.dulces-laponderosa.com\/fr\/wp-json\/wp\/v2\/types\/product"}],"replies":[{"embeddable":true,"href":"https:\/\/www.dulces-laponderosa.com\/fr\/wp-json\/wp\/v2\/comments?post=7207"}],"wp:featuredmedia":[{"embeddable":true,"href":"https:\/\/www.dulces-laponderosa.com\/fr\/wp-json\/wp\/v2\/media\/6228"}],"wp:attachment":[{"href":"https:\/\/www.dulces-laponderosa.com\/fr\/wp-json\/wp\/v2\/media?parent=7207"}],"wp:term":[{"taxonomy":"product_brand","embeddable":true,"href":"https:\/\/www.dulces-laponderosa.com\/fr\/wp-json\/wp\/v2\/product_brand?post=7207"},{"taxonomy":"product_cat","embeddable":true,"href":"https:\/\/www.dulces-laponderosa.com\/fr\/wp-json\/wp\/v2\/product_cat?post=7207"},{"taxonomy":"product_tag","embeddable":true,"href":"https:\/\/www.dulces-laponderosa.com\/fr\/wp-json\/wp\/v2\/product_tag?post=7207"}],"curies":[{"name":"wp","href":"https:\/\/api.w.org\/{rel}","templated":true}]}}