{"id":7211,"date":"2020-09-24T10:49:38","date_gmt":"2020-09-24T08:49:38","guid":{"rendered":"https:\/\/www.dulces-laponderosa.com\/producto\/bonbon-polvoron-au-chocolat-et-aux-amandes-sac-350g\/"},"modified":"2025-12-15T08:46:43","modified_gmt":"2025-12-15T07:46:43","slug":"polvoron-bonbon-au-chocolat-et-amande-sachet-350g","status":"publish","type":"product","link":"https:\/\/www.dulces-laponderosa.com\/fr\/acheter-estepa\/polvoron-bonbon-au-chocolat-et-amande-sachet-350g\/","title":{"rendered":"Bonbon Polvor\u00f3n au chocolat et aux amandes. Sac 350G"},"content":{"rendered":"<section class=\"l-section wpb_row height_custom\"><div class=\"l-section-h i-cf\"><div class=\"g-cols vc_row via_flex valign_top type_default stacking_default\"><div class=\"vc_col-sm-12 wpb_column vc_column_container\"><div class=\"vc_column-inner\"><div class=\"wpb_wrapper\"><div class=\"wpb_text_column\"><div class=\"wpb_wrapper\"><h2>Ingr\u00e9dients<\/h2>\n<p>Produit de p\u00e2tisserie. Ingr\u00e9dients : Farine <strong>bl\u00e9<\/strong> , enrobage sp\u00e9cial \u00e0 la graisse v\u00e9g\u00e9tale (sucre, graisse de palmiste totalement hydrog\u00e9n\u00e9e, poudre de cacao d\u00e9graiss\u00e9, \u00e9mulsifiant : E-322 (contient <strong>soja<\/strong> ), ar\u00f4me et cannelle), sucre, saindoux ib\u00e9rique (antioxydant : E-320), chocolat noir (10 %) (sucre, p\u00e2te de cacao, beurre de cacao, \u00e9mulsifiant : E-322 (contient <strong>soja<\/strong> ) et ar\u00f4me naturel de vanille), <strong>amande<\/strong> (9%), poudre de cacao et vanilline.<\/p>\n<\/div><\/div><div class=\"w-separator size_medium\"><\/div><div class=\"wpb_text_column\"><div class=\"wpb_wrapper\"><h2>Allerg\u00e8nes<\/h2>\n<p><strong>Peut contenir des traces d&rsquo;autres fruits \u00e0 coque, arachides, s\u00e9same, sulfites, lait et leurs d\u00e9riv\u00e9s (dont lactose).<\/strong><\/p>\n<\/div><\/div><div class=\"w-separator size_medium\"><\/div><div class=\"wpb_text_column\"><div class=\"wpb_wrapper\"><h2>Tableau nutritionnel<\/h2>\n<p><iframe src=\"https:\/\/docs.google.com\/spreadsheets\/d\/e\/2PACX-1vT9OdDAmz161xIxgc0bPRZvx02DMV0YHSghnO7dcm6ZjO1CyzGy0EZWYn1pcw_J1hodyfgYlLOWuSd8\/pubhtml?gid=1206586723&amp;single=true&amp;widget=true&amp;headers=false\" width=\"100%\" height=\"350\"><\/iframe><\/p>\n<\/div><\/div><\/div><\/div><\/div><\/div><\/div><\/section>\n","protected":false},"excerpt":{"rendered":"<p style=\"text-align: justify;\">Il n&rsquo;y a rien de plus No\u00ebl que les bonbons de chocolat exquis et les polvorones traditionnels. De l\u00e0 vient notre bonbon polvor\u00f3n au chocolat et aux amandes. Un polvor\u00f3n que tout amateur de chocolat appr\u00e9ciera. Son go\u00fbt d\u00e9licieux vient de la<strong> choix des meilleures mati\u00e8res premi\u00e8res<\/strong> que Dulces La Ponderosa a fait avec grand soin. Ce cacao de la meilleure qualit\u00e9 ne se trouve pas seulement dans sa masse accompagn\u00e9e de quelques d\u00e9licieux<strong> amandes<\/strong> , mais c&rsquo;est aussi<strong> recouvert d&rsquo;une fine couche de chocolat<\/strong> .<\/p>\n<p style=\"text-align: justify;\">D\u00e9sormais, nos produits de s\u00e9lection sp\u00e9ciale sont offerts dans un<strong> emballage durable<\/strong> , parce que chez Dulces La Ponderosa, nous nous soucions de notre environnement.<\/p>\n","protected":false},"featured_media":6222,"comment_status":"closed","ping_status":"closed","template":"","meta":{"_joinchat":[]},"product_brand":[],"product_cat":[877],"product_tag":[],"class_list":{"0":"post-7211","1":"product","2":"type-product","3":"status-publish","4":"has-post-thumbnail","6":"product_cat-selection-speciale","8":"first","9":"outofstock","10":"taxable","11":"shipping-taxable","12":"purchasable","13":"product-type-simple"},"yoast_head":"<!-- This site is optimized with the Yoast SEO plugin v27.2 - https:\/\/yoast.com\/product\/yoast-seo-wordpress\/ -->\n<title>Bonbon Polvor\u00f3n au chocolat et aux amandes. Sac 350G - Dulces La Ponderosa<\/title>\n<meta name=\"description\" content=\"Bonbon Polvor\u00f3n au chocolat et aux amandes. Sac 350G. Des douceurs gourmandes de No\u00ebl qui ne laisseront pas indiff\u00e9rents les amateurs de chocolat.\" \/>\n<meta name=\"robots\" content=\"index, follow, max-snippet:-1, max-image-preview:large, max-video-preview:-1\" \/>\n<link rel=\"canonical\" href=\"https:\/\/www.dulces-laponderosa.com\/fr\/acheter-estepa\/polvoron-bonbon-au-chocolat-et-amande-sachet-350g\/\" \/>\n<meta property=\"og:locale\" content=\"fr_FR\" \/>\n<meta property=\"og:type\" content=\"article\" \/>\n<meta property=\"og:title\" content=\"Bonbon Polvor\u00f3n au chocolat et aux amandes. Sac 350G - Dulces La Ponderosa\" \/>\n<meta property=\"og:description\" content=\"Bonbon Polvor\u00f3n au chocolat et aux amandes. Sac 350G. Des douceurs gourmandes de No\u00ebl qui ne laisseront pas indiff\u00e9rents les amateurs de chocolat.\" \/>\n<meta property=\"og:url\" content=\"https:\/\/www.dulces-laponderosa.com\/fr\/acheter-estepa\/polvoron-bonbon-au-chocolat-et-amande-sachet-350g\/\" \/>\n<meta property=\"og:site_name\" content=\"Dulces La Ponderosa\" \/>\n<meta property=\"article:modified_time\" content=\"2025-12-15T07:46:43+00:00\" \/>\n<meta property=\"og:image\" content=\"https:\/\/www.dulces-laponderosa.com\/wp-content\/uploads\/2020\/09\/Dulces-La-Ponderosa.-Polvoron-bombon-con-chocolate-y-almendra.-Bolsa-350G.-Seleccion-especial.png\" \/>\n\t<meta property=\"og:image:width\" content=\"600\" \/>\n\t<meta property=\"og:image:height\" content=\"1060\" \/>\n\t<meta property=\"og:image:type\" content=\"image\/png\" \/>\n<meta name=\"twitter:card\" content=\"summary_large_image\" \/>\n<meta name=\"twitter:label1\" content=\"Dur\u00e9e de lecture estim\u00e9e\" \/>\n\t<meta name=\"twitter:data1\" content=\"1 minute\" \/>\n<script type=\"application\/ld+json\" class=\"yoast-schema-graph\">{\"@context\":\"https:\/\/schema.org\",\"@graph\":[{\"@type\":\"WebPage\",\"@id\":\"https:\/\/www.dulces-laponderosa.com\/fr\/acheter-estepa\/polvoron-bonbon-au-chocolat-et-amande-sachet-350g\/\",\"url\":\"https:\/\/www.dulces-laponderosa.com\/fr\/acheter-estepa\/polvoron-bonbon-au-chocolat-et-amande-sachet-350g\/\",\"name\":\"Bonbon Polvor\u00f3n au chocolat et aux amandes. Sac 350G - Dulces La Ponderosa\",\"isPartOf\":{\"@id\":\"https:\/\/www.dulces-laponderosa.com\/fr\/#website\"},\"primaryImageOfPage\":{\"@id\":\"https:\/\/www.dulces-laponderosa.com\/fr\/acheter-estepa\/polvoron-bonbon-au-chocolat-et-amande-sachet-350g\/#primaryimage\"},\"image\":{\"@id\":\"https:\/\/www.dulces-laponderosa.com\/fr\/acheter-estepa\/polvoron-bonbon-au-chocolat-et-amande-sachet-350g\/#primaryimage\"},\"thumbnailUrl\":\"https:\/\/www.dulces-laponderosa.com\/wp-content\/uploads\/2020\/09\/Dulces-La-Ponderosa.-Polvoron-bombon-con-chocolate-y-almendra.-Bolsa-350G.-Seleccion-especial.png\",\"datePublished\":\"2020-09-24T08:49:38+00:00\",\"dateModified\":\"2025-12-15T07:46:43+00:00\",\"description\":\"Bonbon Polvor\u00f3n au chocolat et aux amandes. Sac 350G. Des douceurs gourmandes de No\u00ebl qui ne laisseront pas indiff\u00e9rents les amateurs de chocolat.\",\"breadcrumb\":{\"@id\":\"https:\/\/www.dulces-laponderosa.com\/fr\/acheter-estepa\/polvoron-bonbon-au-chocolat-et-amande-sachet-350g\/#breadcrumb\"},\"inLanguage\":\"fr-FR\",\"potentialAction\":[{\"@type\":\"ReadAction\",\"target\":[\"https:\/\/www.dulces-laponderosa.com\/fr\/acheter-estepa\/polvoron-bonbon-au-chocolat-et-amande-sachet-350g\/\"]}]},{\"@type\":\"ImageObject\",\"inLanguage\":\"fr-FR\",\"@id\":\"https:\/\/www.dulces-laponderosa.com\/fr\/acheter-estepa\/polvoron-bonbon-au-chocolat-et-amande-sachet-350g\/#primaryimage\",\"url\":\"https:\/\/www.dulces-laponderosa.com\/wp-content\/uploads\/2020\/09\/Dulces-La-Ponderosa.-Polvoron-bombon-con-chocolate-y-almendra.-Bolsa-350G.-Seleccion-especial.png\",\"contentUrl\":\"https:\/\/www.dulces-laponderosa.com\/wp-content\/uploads\/2020\/09\/Dulces-La-Ponderosa.-Polvoron-bombon-con-chocolate-y-almendra.-Bolsa-350G.-Seleccion-especial.png\",\"width\":600,\"height\":1060,\"caption\":\"Bonbon Polvor\u00f3n au chocolat et aux amandes\"},{\"@type\":\"BreadcrumbList\",\"@id\":\"https:\/\/www.dulces-laponderosa.com\/fr\/acheter-estepa\/polvoron-bonbon-au-chocolat-et-amande-sachet-350g\/#breadcrumb\",\"itemListElement\":[{\"@type\":\"ListItem\",\"position\":1,\"name\":\"Portada\",\"item\":\"https:\/\/www.dulces-laponderosa.com\/fr\/\"},{\"@type\":\"ListItem\",\"position\":2,\"name\":\"Boutique\",\"item\":\"https:\/\/www.dulces-laponderosa.com\/fr\/boutique\/\"},{\"@type\":\"ListItem\",\"position\":3,\"name\":\"Bonbon Polvor\u00f3n au chocolat et aux amandes. Sac 350G\"}]},{\"@type\":\"WebSite\",\"@id\":\"https:\/\/www.dulces-laponderosa.com\/fr\/#website\",\"url\":\"https:\/\/www.dulces-laponderosa.com\/fr\/\",\"name\":\"Dulces La Ponderosa\",\"description\":\"Dulces de Navidad desde 1955\",\"potentialAction\":[{\"@type\":\"SearchAction\",\"target\":{\"@type\":\"EntryPoint\",\"urlTemplate\":\"https:\/\/www.dulces-laponderosa.com\/fr\/?s={search_term_string}\"},\"query-input\":{\"@type\":\"PropertyValueSpecification\",\"valueRequired\":true,\"valueName\":\"search_term_string\"}}],\"inLanguage\":\"fr-FR\"}]}<\/script>\n<!-- \/ Yoast SEO plugin. -->","yoast_head_json":{"title":"Bonbon Polvor\u00f3n au chocolat et aux amandes. Sac 350G - Dulces La Ponderosa","description":"Bonbon Polvor\u00f3n au chocolat et aux amandes. Sac 350G. Des douceurs gourmandes de No\u00ebl qui ne laisseront pas indiff\u00e9rents les amateurs de chocolat.","robots":{"index":"index","follow":"follow","max-snippet":"max-snippet:-1","max-image-preview":"max-image-preview:large","max-video-preview":"max-video-preview:-1"},"canonical":"https:\/\/www.dulces-laponderosa.com\/fr\/acheter-estepa\/polvoron-bonbon-au-chocolat-et-amande-sachet-350g\/","og_locale":"fr_FR","og_type":"article","og_title":"Bonbon Polvor\u00f3n au chocolat et aux amandes. Sac 350G - Dulces La Ponderosa","og_description":"Bonbon Polvor\u00f3n au chocolat et aux amandes. Sac 350G. Des douceurs gourmandes de No\u00ebl qui ne laisseront pas indiff\u00e9rents les amateurs de chocolat.","og_url":"https:\/\/www.dulces-laponderosa.com\/fr\/acheter-estepa\/polvoron-bonbon-au-chocolat-et-amande-sachet-350g\/","og_site_name":"Dulces La Ponderosa","article_modified_time":"2025-12-15T07:46:43+00:00","og_image":[{"width":600,"height":1060,"url":"https:\/\/www.dulces-laponderosa.com\/wp-content\/uploads\/2020\/09\/Dulces-La-Ponderosa.-Polvoron-bombon-con-chocolate-y-almendra.-Bolsa-350G.-Seleccion-especial.png","type":"image\/png"}],"twitter_card":"summary_large_image","twitter_misc":{"Dur\u00e9e de lecture estim\u00e9e":"1 minute"},"schema":{"@context":"https:\/\/schema.org","@graph":[{"@type":"WebPage","@id":"https:\/\/www.dulces-laponderosa.com\/fr\/acheter-estepa\/polvoron-bonbon-au-chocolat-et-amande-sachet-350g\/","url":"https:\/\/www.dulces-laponderosa.com\/fr\/acheter-estepa\/polvoron-bonbon-au-chocolat-et-amande-sachet-350g\/","name":"Bonbon Polvor\u00f3n au chocolat et aux amandes. Sac 350G - Dulces La Ponderosa","isPartOf":{"@id":"https:\/\/www.dulces-laponderosa.com\/fr\/#website"},"primaryImageOfPage":{"@id":"https:\/\/www.dulces-laponderosa.com\/fr\/acheter-estepa\/polvoron-bonbon-au-chocolat-et-amande-sachet-350g\/#primaryimage"},"image":{"@id":"https:\/\/www.dulces-laponderosa.com\/fr\/acheter-estepa\/polvoron-bonbon-au-chocolat-et-amande-sachet-350g\/#primaryimage"},"thumbnailUrl":"https:\/\/www.dulces-laponderosa.com\/wp-content\/uploads\/2020\/09\/Dulces-La-Ponderosa.-Polvoron-bombon-con-chocolate-y-almendra.-Bolsa-350G.-Seleccion-especial.png","datePublished":"2020-09-24T08:49:38+00:00","dateModified":"2025-12-15T07:46:43+00:00","description":"Bonbon Polvor\u00f3n au chocolat et aux amandes. Sac 350G. Des douceurs gourmandes de No\u00ebl qui ne laisseront pas indiff\u00e9rents les amateurs de chocolat.","breadcrumb":{"@id":"https:\/\/www.dulces-laponderosa.com\/fr\/acheter-estepa\/polvoron-bonbon-au-chocolat-et-amande-sachet-350g\/#breadcrumb"},"inLanguage":"fr-FR","potentialAction":[{"@type":"ReadAction","target":["https:\/\/www.dulces-laponderosa.com\/fr\/acheter-estepa\/polvoron-bonbon-au-chocolat-et-amande-sachet-350g\/"]}]},{"@type":"ImageObject","inLanguage":"fr-FR","@id":"https:\/\/www.dulces-laponderosa.com\/fr\/acheter-estepa\/polvoron-bonbon-au-chocolat-et-amande-sachet-350g\/#primaryimage","url":"https:\/\/www.dulces-laponderosa.com\/wp-content\/uploads\/2020\/09\/Dulces-La-Ponderosa.-Polvoron-bombon-con-chocolate-y-almendra.-Bolsa-350G.-Seleccion-especial.png","contentUrl":"https:\/\/www.dulces-laponderosa.com\/wp-content\/uploads\/2020\/09\/Dulces-La-Ponderosa.-Polvoron-bombon-con-chocolate-y-almendra.-Bolsa-350G.-Seleccion-especial.png","width":600,"height":1060,"caption":"Bonbon Polvor\u00f3n au chocolat et aux amandes"},{"@type":"BreadcrumbList","@id":"https:\/\/www.dulces-laponderosa.com\/fr\/acheter-estepa\/polvoron-bonbon-au-chocolat-et-amande-sachet-350g\/#breadcrumb","itemListElement":[{"@type":"ListItem","position":1,"name":"Portada","item":"https:\/\/www.dulces-laponderosa.com\/fr\/"},{"@type":"ListItem","position":2,"name":"Boutique","item":"https:\/\/www.dulces-laponderosa.com\/fr\/boutique\/"},{"@type":"ListItem","position":3,"name":"Bonbon Polvor\u00f3n au chocolat et aux amandes. Sac 350G"}]},{"@type":"WebSite","@id":"https:\/\/www.dulces-laponderosa.com\/fr\/#website","url":"https:\/\/www.dulces-laponderosa.com\/fr\/","name":"Dulces La Ponderosa","description":"Dulces de Navidad desde 1955","potentialAction":[{"@type":"SearchAction","target":{"@type":"EntryPoint","urlTemplate":"https:\/\/www.dulces-laponderosa.com\/fr\/?s={search_term_string}"},"query-input":{"@type":"PropertyValueSpecification","valueRequired":true,"valueName":"search_term_string"}}],"inLanguage":"fr-FR"}]}},"_links":{"self":[{"href":"https:\/\/www.dulces-laponderosa.com\/fr\/wp-json\/wp\/v2\/product\/7211","targetHints":{"allow":["GET"]}}],"collection":[{"href":"https:\/\/www.dulces-laponderosa.com\/fr\/wp-json\/wp\/v2\/product"}],"about":[{"href":"https:\/\/www.dulces-laponderosa.com\/fr\/wp-json\/wp\/v2\/types\/product"}],"replies":[{"embeddable":true,"href":"https:\/\/www.dulces-laponderosa.com\/fr\/wp-json\/wp\/v2\/comments?post=7211"}],"wp:featuredmedia":[{"embeddable":true,"href":"https:\/\/www.dulces-laponderosa.com\/fr\/wp-json\/wp\/v2\/media\/6222"}],"wp:attachment":[{"href":"https:\/\/www.dulces-laponderosa.com\/fr\/wp-json\/wp\/v2\/media?parent=7211"}],"wp:term":[{"taxonomy":"product_brand","embeddable":true,"href":"https:\/\/www.dulces-laponderosa.com\/fr\/wp-json\/wp\/v2\/product_brand?post=7211"},{"taxonomy":"product_cat","embeddable":true,"href":"https:\/\/www.dulces-laponderosa.com\/fr\/wp-json\/wp\/v2\/product_cat?post=7211"},{"taxonomy":"product_tag","embeddable":true,"href":"https:\/\/www.dulces-laponderosa.com\/fr\/wp-json\/wp\/v2\/product_tag?post=7211"}],"curies":[{"name":"wp","href":"https:\/\/api.w.org\/{rel}","templated":true}]}}