{"id":7212,"date":"2020-09-23T12:04:09","date_gmt":"2020-09-23T10:04:09","guid":{"rendered":"https:\/\/www.dulces-laponderosa.com\/producto\/polvoron-a-la-noix-de-coco-sac-350g\/"},"modified":"2025-09-18T11:40:08","modified_gmt":"2025-09-18T09:40:08","slug":"polvoron-a-la-noix-de-coco-sac-350g","status":"publish","type":"product","link":"https:\/\/www.dulces-laponderosa.com\/fr\/acheter-estepa\/polvoron-a-la-noix-de-coco-sac-350g\/","title":{"rendered":"Polvor\u00f3n \u00e0 la noix de coco. Sac 350G"},"content":{"rendered":"<section class=\"l-section wpb_row height_custom\"><div class=\"l-section-h i-cf\"><div class=\"g-cols vc_row via_flex valign_top type_default stacking_default\"><div class=\"vc_col-sm-12 wpb_column vc_column_container\"><div class=\"vc_column-inner\"><div class=\"wpb_wrapper\"><div class=\"wpb_text_column\"><div class=\"wpb_wrapper\"><h2>Ingr\u00e9dients<\/h2>\n<p>Produit de p\u00e2tisserie. Ingr\u00e9dients : Farine<strong> bl\u00e9<\/strong> , sucre, saindoux ib\u00e9rique (antioxydant : E-320) et noix de coco (13%).<\/p>\n<\/div><\/div><div class=\"w-separator size_medium\"><\/div><div class=\"wpb_text_column\"><div class=\"wpb_wrapper\"><h2>Allerg\u00e8nes<\/h2>\n<p><strong>Peut contenir des traces de fruits \u00e0 coque, arachides, s\u00e9same et sulfites.<\/strong><\/p>\n<\/div><\/div><div class=\"w-separator size_medium\"><\/div><div class=\"wpb_text_column\"><div class=\"wpb_wrapper\"><h2>Tableau nutritionnel<\/h2>\n<p><iframe src=\"https:\/\/docs.google.com\/spreadsheets\/d\/e\/2PACX-1vT9OdDAmz161xIxgc0bPRZvx02DMV0YHSghnO7dcm6ZjO1CyzGy0EZWYn1pcw_J1hodyfgYlLOWuSd8\/pubhtml?gid=802912324&amp;single=true&amp;widget=true&amp;headers=false\" width=\"100%\" height=\"350\"><\/iframe><\/p>\n<\/div><\/div><\/div><\/div><\/div><\/div><\/div><\/section>\n","protected":false},"excerpt":{"rendered":"<p style=\"text-align: justify;\">Le<strong> noix de coco<\/strong> C&rsquo;est une saveur traditionnelle dans les bonbons de No\u00ebl et ne pouvait donc pas manquer dans notre s\u00e9lection sp\u00e9ciale. Ce polvor\u00f3n \u00e0 la noix de coco ravira petits et grands car nous avons choisi les ingr\u00e9dients pour sa pr\u00e9paration avec les<strong> qualit\u00e9 maximale<\/strong> .<\/p>\n<p style=\"text-align: justify;\">Pour votre pr\u00e9sentation, nous avons choisi un<strong> emballage durable<\/strong> et responsable avec l&rsquo;environnement. Chez Dulces La Ponderosa, nous nous engageons \u00e0 minimiser notre empreinte polluante.<\/p>\n","protected":false},"featured_media":6207,"comment_status":"closed","ping_status":"closed","template":"","meta":{"_joinchat":[]},"product_brand":[],"product_cat":[877],"product_tag":[],"class_list":{"0":"post-7212","1":"product","2":"type-product","3":"status-publish","4":"has-post-thumbnail","6":"product_cat-selection-speciale","8":"first","9":"instock","10":"taxable","11":"shipping-taxable","12":"purchasable","13":"product-type-simple"},"yoast_head":"<!-- This site is optimized with the Yoast SEO plugin v27.2 - https:\/\/yoast.com\/product\/yoast-seo-wordpress\/ -->\n<title>Polvor\u00f3n \u00e0 la noix de coco. Sac 350G - Dulces La Ponderosa<\/title>\n<meta name=\"description\" content=\"Polvor\u00f3n \u00e0 la noix de coco. Sac 350G. Les amateurs de noix de coco ont de la chance car son ar\u00f4me et sa saveur ne laissent personne indiff\u00e9rent.\" \/>\n<meta name=\"robots\" content=\"index, follow, max-snippet:-1, max-image-preview:large, max-video-preview:-1\" \/>\n<link rel=\"canonical\" href=\"https:\/\/www.dulces-laponderosa.com\/fr\/acheter-estepa\/polvoron-a-la-noix-de-coco-sac-350g\/\" \/>\n<meta property=\"og:locale\" content=\"fr_FR\" \/>\n<meta property=\"og:type\" content=\"article\" \/>\n<meta property=\"og:title\" content=\"Polvor\u00f3n \u00e0 la noix de coco. Sac 350G - Dulces La Ponderosa\" \/>\n<meta property=\"og:description\" content=\"Polvor\u00f3n \u00e0 la noix de coco. Sac 350G. Les amateurs de noix de coco ont de la chance car son ar\u00f4me et sa saveur ne laissent personne indiff\u00e9rent.\" \/>\n<meta property=\"og:url\" content=\"https:\/\/www.dulces-laponderosa.com\/fr\/acheter-estepa\/polvoron-a-la-noix-de-coco-sac-350g\/\" \/>\n<meta property=\"og:site_name\" content=\"Dulces La Ponderosa\" \/>\n<meta property=\"article:modified_time\" content=\"2025-09-18T09:40:08+00:00\" \/>\n<meta property=\"og:image\" content=\"https:\/\/www.dulces-laponderosa.com\/wp-content\/uploads\/2020\/09\/Dulces-La-Ponderosa.-Polvoron-con-coco.-Bolsa-350G.Seleccion-especial.png\" \/>\n\t<meta property=\"og:image:width\" content=\"600\" \/>\n\t<meta property=\"og:image:height\" content=\"1060\" \/>\n\t<meta property=\"og:image:type\" content=\"image\/png\" \/>\n<meta name=\"twitter:card\" content=\"summary_large_image\" \/>\n<script type=\"application\/ld+json\" class=\"yoast-schema-graph\">{\"@context\":\"https:\/\/schema.org\",\"@graph\":[{\"@type\":\"WebPage\",\"@id\":\"https:\/\/www.dulces-laponderosa.com\/fr\/acheter-estepa\/polvoron-a-la-noix-de-coco-sac-350g\/\",\"url\":\"https:\/\/www.dulces-laponderosa.com\/fr\/acheter-estepa\/polvoron-a-la-noix-de-coco-sac-350g\/\",\"name\":\"Polvor\u00f3n \u00e0 la noix de coco. Sac 350G - Dulces La Ponderosa\",\"isPartOf\":{\"@id\":\"https:\/\/www.dulces-laponderosa.com\/fr\/#website\"},\"primaryImageOfPage\":{\"@id\":\"https:\/\/www.dulces-laponderosa.com\/fr\/acheter-estepa\/polvoron-a-la-noix-de-coco-sac-350g\/#primaryimage\"},\"image\":{\"@id\":\"https:\/\/www.dulces-laponderosa.com\/fr\/acheter-estepa\/polvoron-a-la-noix-de-coco-sac-350g\/#primaryimage\"},\"thumbnailUrl\":\"https:\/\/www.dulces-laponderosa.com\/wp-content\/uploads\/2020\/09\/Dulces-La-Ponderosa.-Polvoron-con-coco.-Bolsa-350G.Seleccion-especial.png\",\"datePublished\":\"2020-09-23T10:04:09+00:00\",\"dateModified\":\"2025-09-18T09:40:08+00:00\",\"description\":\"Polvor\u00f3n \u00e0 la noix de coco. Sac 350G. Les amateurs de noix de coco ont de la chance car son ar\u00f4me et sa saveur ne laissent personne indiff\u00e9rent.\",\"breadcrumb\":{\"@id\":\"https:\/\/www.dulces-laponderosa.com\/fr\/acheter-estepa\/polvoron-a-la-noix-de-coco-sac-350g\/#breadcrumb\"},\"inLanguage\":\"fr-FR\",\"potentialAction\":[{\"@type\":\"ReadAction\",\"target\":[\"https:\/\/www.dulces-laponderosa.com\/fr\/acheter-estepa\/polvoron-a-la-noix-de-coco-sac-350g\/\"]}]},{\"@type\":\"ImageObject\",\"inLanguage\":\"fr-FR\",\"@id\":\"https:\/\/www.dulces-laponderosa.com\/fr\/acheter-estepa\/polvoron-a-la-noix-de-coco-sac-350g\/#primaryimage\",\"url\":\"https:\/\/www.dulces-laponderosa.com\/wp-content\/uploads\/2020\/09\/Dulces-La-Ponderosa.-Polvoron-con-coco.-Bolsa-350G.Seleccion-especial.png\",\"contentUrl\":\"https:\/\/www.dulces-laponderosa.com\/wp-content\/uploads\/2020\/09\/Dulces-La-Ponderosa.-Polvoron-con-coco.-Bolsa-350G.Seleccion-especial.png\",\"width\":600,\"height\":1060,\"caption\":\"Polvoron \u00e0 la noix de coco\"},{\"@type\":\"BreadcrumbList\",\"@id\":\"https:\/\/www.dulces-laponderosa.com\/fr\/acheter-estepa\/polvoron-a-la-noix-de-coco-sac-350g\/#breadcrumb\",\"itemListElement\":[{\"@type\":\"ListItem\",\"position\":1,\"name\":\"Portada\",\"item\":\"https:\/\/www.dulces-laponderosa.com\/fr\/\"},{\"@type\":\"ListItem\",\"position\":2,\"name\":\"Boutique\",\"item\":\"https:\/\/www.dulces-laponderosa.com\/fr\/boutique\/\"},{\"@type\":\"ListItem\",\"position\":3,\"name\":\"Polvor\u00f3n \u00e0 la noix de coco. Sac 350G\"}]},{\"@type\":\"WebSite\",\"@id\":\"https:\/\/www.dulces-laponderosa.com\/fr\/#website\",\"url\":\"https:\/\/www.dulces-laponderosa.com\/fr\/\",\"name\":\"Dulces La Ponderosa\",\"description\":\"Dulces de Navidad desde 1955\",\"potentialAction\":[{\"@type\":\"SearchAction\",\"target\":{\"@type\":\"EntryPoint\",\"urlTemplate\":\"https:\/\/www.dulces-laponderosa.com\/fr\/?s={search_term_string}\"},\"query-input\":{\"@type\":\"PropertyValueSpecification\",\"valueRequired\":true,\"valueName\":\"search_term_string\"}}],\"inLanguage\":\"fr-FR\"}]}<\/script>\n<!-- \/ Yoast SEO plugin. -->","yoast_head_json":{"title":"Polvor\u00f3n \u00e0 la noix de coco. Sac 350G - Dulces La Ponderosa","description":"Polvor\u00f3n \u00e0 la noix de coco. Sac 350G. Les amateurs de noix de coco ont de la chance car son ar\u00f4me et sa saveur ne laissent personne indiff\u00e9rent.","robots":{"index":"index","follow":"follow","max-snippet":"max-snippet:-1","max-image-preview":"max-image-preview:large","max-video-preview":"max-video-preview:-1"},"canonical":"https:\/\/www.dulces-laponderosa.com\/fr\/acheter-estepa\/polvoron-a-la-noix-de-coco-sac-350g\/","og_locale":"fr_FR","og_type":"article","og_title":"Polvor\u00f3n \u00e0 la noix de coco. Sac 350G - Dulces La Ponderosa","og_description":"Polvor\u00f3n \u00e0 la noix de coco. Sac 350G. Les amateurs de noix de coco ont de la chance car son ar\u00f4me et sa saveur ne laissent personne indiff\u00e9rent.","og_url":"https:\/\/www.dulces-laponderosa.com\/fr\/acheter-estepa\/polvoron-a-la-noix-de-coco-sac-350g\/","og_site_name":"Dulces La Ponderosa","article_modified_time":"2025-09-18T09:40:08+00:00","og_image":[{"width":600,"height":1060,"url":"https:\/\/www.dulces-laponderosa.com\/wp-content\/uploads\/2020\/09\/Dulces-La-Ponderosa.-Polvoron-con-coco.-Bolsa-350G.Seleccion-especial.png","type":"image\/png"}],"twitter_card":"summary_large_image","schema":{"@context":"https:\/\/schema.org","@graph":[{"@type":"WebPage","@id":"https:\/\/www.dulces-laponderosa.com\/fr\/acheter-estepa\/polvoron-a-la-noix-de-coco-sac-350g\/","url":"https:\/\/www.dulces-laponderosa.com\/fr\/acheter-estepa\/polvoron-a-la-noix-de-coco-sac-350g\/","name":"Polvor\u00f3n \u00e0 la noix de coco. Sac 350G - Dulces La Ponderosa","isPartOf":{"@id":"https:\/\/www.dulces-laponderosa.com\/fr\/#website"},"primaryImageOfPage":{"@id":"https:\/\/www.dulces-laponderosa.com\/fr\/acheter-estepa\/polvoron-a-la-noix-de-coco-sac-350g\/#primaryimage"},"image":{"@id":"https:\/\/www.dulces-laponderosa.com\/fr\/acheter-estepa\/polvoron-a-la-noix-de-coco-sac-350g\/#primaryimage"},"thumbnailUrl":"https:\/\/www.dulces-laponderosa.com\/wp-content\/uploads\/2020\/09\/Dulces-La-Ponderosa.-Polvoron-con-coco.-Bolsa-350G.Seleccion-especial.png","datePublished":"2020-09-23T10:04:09+00:00","dateModified":"2025-09-18T09:40:08+00:00","description":"Polvor\u00f3n \u00e0 la noix de coco. Sac 350G. Les amateurs de noix de coco ont de la chance car son ar\u00f4me et sa saveur ne laissent personne indiff\u00e9rent.","breadcrumb":{"@id":"https:\/\/www.dulces-laponderosa.com\/fr\/acheter-estepa\/polvoron-a-la-noix-de-coco-sac-350g\/#breadcrumb"},"inLanguage":"fr-FR","potentialAction":[{"@type":"ReadAction","target":["https:\/\/www.dulces-laponderosa.com\/fr\/acheter-estepa\/polvoron-a-la-noix-de-coco-sac-350g\/"]}]},{"@type":"ImageObject","inLanguage":"fr-FR","@id":"https:\/\/www.dulces-laponderosa.com\/fr\/acheter-estepa\/polvoron-a-la-noix-de-coco-sac-350g\/#primaryimage","url":"https:\/\/www.dulces-laponderosa.com\/wp-content\/uploads\/2020\/09\/Dulces-La-Ponderosa.-Polvoron-con-coco.-Bolsa-350G.Seleccion-especial.png","contentUrl":"https:\/\/www.dulces-laponderosa.com\/wp-content\/uploads\/2020\/09\/Dulces-La-Ponderosa.-Polvoron-con-coco.-Bolsa-350G.Seleccion-especial.png","width":600,"height":1060,"caption":"Polvoron \u00e0 la noix de coco"},{"@type":"BreadcrumbList","@id":"https:\/\/www.dulces-laponderosa.com\/fr\/acheter-estepa\/polvoron-a-la-noix-de-coco-sac-350g\/#breadcrumb","itemListElement":[{"@type":"ListItem","position":1,"name":"Portada","item":"https:\/\/www.dulces-laponderosa.com\/fr\/"},{"@type":"ListItem","position":2,"name":"Boutique","item":"https:\/\/www.dulces-laponderosa.com\/fr\/boutique\/"},{"@type":"ListItem","position":3,"name":"Polvor\u00f3n \u00e0 la noix de coco. Sac 350G"}]},{"@type":"WebSite","@id":"https:\/\/www.dulces-laponderosa.com\/fr\/#website","url":"https:\/\/www.dulces-laponderosa.com\/fr\/","name":"Dulces La Ponderosa","description":"Dulces de Navidad desde 1955","potentialAction":[{"@type":"SearchAction","target":{"@type":"EntryPoint","urlTemplate":"https:\/\/www.dulces-laponderosa.com\/fr\/?s={search_term_string}"},"query-input":{"@type":"PropertyValueSpecification","valueRequired":true,"valueName":"search_term_string"}}],"inLanguage":"fr-FR"}]}},"_links":{"self":[{"href":"https:\/\/www.dulces-laponderosa.com\/fr\/wp-json\/wp\/v2\/product\/7212","targetHints":{"allow":["GET"]}}],"collection":[{"href":"https:\/\/www.dulces-laponderosa.com\/fr\/wp-json\/wp\/v2\/product"}],"about":[{"href":"https:\/\/www.dulces-laponderosa.com\/fr\/wp-json\/wp\/v2\/types\/product"}],"replies":[{"embeddable":true,"href":"https:\/\/www.dulces-laponderosa.com\/fr\/wp-json\/wp\/v2\/comments?post=7212"}],"wp:featuredmedia":[{"embeddable":true,"href":"https:\/\/www.dulces-laponderosa.com\/fr\/wp-json\/wp\/v2\/media\/6207"}],"wp:attachment":[{"href":"https:\/\/www.dulces-laponderosa.com\/fr\/wp-json\/wp\/v2\/media?parent=7212"}],"wp:term":[{"taxonomy":"product_brand","embeddable":true,"href":"https:\/\/www.dulces-laponderosa.com\/fr\/wp-json\/wp\/v2\/product_brand?post=7212"},{"taxonomy":"product_cat","embeddable":true,"href":"https:\/\/www.dulces-laponderosa.com\/fr\/wp-json\/wp\/v2\/product_cat?post=7212"},{"taxonomy":"product_tag","embeddable":true,"href":"https:\/\/www.dulces-laponderosa.com\/fr\/wp-json\/wp\/v2\/product_tag?post=7212"}],"curies":[{"name":"wp","href":"https:\/\/api.w.org\/{rel}","templated":true}]}}