{"id":7219,"date":"2020-09-23T10:57:23","date_gmt":"2020-09-23T08:57:23","guid":{"rendered":"https:\/\/www.dulces-laponderosa.com\/producto\/polvoron-au-chocolat-sac-350g\/"},"modified":"2025-12-11T19:41:33","modified_gmt":"2025-12-11T18:41:33","slug":"polvoron-au-chocolat-sac-350g","status":"publish","type":"product","link":"https:\/\/www.dulces-laponderosa.com\/fr\/acheter-estepa\/polvoron-au-chocolat-sac-350g\/","title":{"rendered":"Polvoron au chocolat. Sac 350G"},"content":{"rendered":"<section class=\"l-section wpb_row height_custom\"><div class=\"l-section-h i-cf\"><div class=\"g-cols vc_row via_flex valign_top type_default stacking_default\"><div class=\"vc_col-sm-12 wpb_column vc_column_container\"><div class=\"vc_column-inner\"><div class=\"wpb_wrapper\"><div class=\"wpb_text_column\"><div class=\"wpb_wrapper\"><h2>Ingr\u00e9dients<\/h2>\n<p>Produit de p\u00e2tisserie. Ingr\u00e9dients : Farine<strong> bl\u00e9<\/strong> , sucre, saindoux ib\u00e9rique (antioxydant : E-320), chocolat noir (10%) (sucre, p\u00e2te de cacao, beurre de cacao, \u00e9mulsifiant : E-322 (contient<strong> soja<\/strong> ) et ar\u00f4me naturel de vanille), poudre de cacao et vanilline.<\/p>\n<\/div><\/div><div class=\"w-separator size_medium\"><\/div><div class=\"wpb_text_column\"><div class=\"wpb_wrapper\"><h2>Allerg\u00e8nes<\/h2>\n<p><strong>Peut contenir des traces de fruits \u00e0 coque, arachides, s\u00e9same, sulfites, lait et leurs d\u00e9riv\u00e9s (dont lactose).<\/strong><\/p>\n<\/div><\/div><div class=\"w-separator size_medium\"><\/div><div class=\"wpb_text_column\"><div class=\"wpb_wrapper\"><h2>Tableau nutritionnel<\/h2>\n<\/div><\/div><\/div><\/div><\/div><\/div><\/div><\/section>\n","protected":false},"excerpt":{"rendered":"<p style=\"text-align: justify\">Ce nouveau produit de la gamme Special Selection va surprendre<strong> amateurs de chocolat<\/strong> . Fabriqu\u00e9 avec<strong> cacao de la meilleure qualit\u00e9<\/strong> et fabriqu\u00e9s selon les recettes traditionnelles de nos anc\u00eatres. Avec une texture l\u00e9g\u00e8re et une saveur intense, il ne laissera personne indiff\u00e9rent. Id\u00e9al pour accompagner un caf\u00e9 ou un th\u00e9, ou m\u00eame \u00e0 d\u00e9guster seul en collation ou en dessert. Surprenez les membres de votre famille ce No\u00ebl avec ce produit gourmand.<\/p>\n<p style=\"text-align: justify\">De plus, nos polvorones au chocolat entrent en<strong> emballage durable<\/strong> , parce que chez Dulces La Ponderosa nous voulons chouchouter notre environnement comme nous chouchoutons nos clients.<\/p>\n","protected":false},"featured_media":6216,"comment_status":"closed","ping_status":"closed","template":"","meta":{"_joinchat":[]},"product_brand":[],"product_cat":[877],"product_tag":[],"class_list":{"0":"post-7219","1":"product","2":"type-product","3":"status-publish","4":"has-post-thumbnail","6":"product_cat-selection-speciale","8":"first","9":"instock","10":"taxable","11":"shipping-taxable","12":"purchasable","13":"product-type-simple"},"yoast_head":"<!-- This site is optimized with the Yoast SEO plugin v27.2 - https:\/\/yoast.com\/product\/yoast-seo-wordpress\/ -->\n<title>Polvoron au chocolat. Sac 350G - Dulces La Ponderosa<\/title>\n<meta name=\"description\" content=\"Polvoron au chocolat. Sac 350G. Pour les amateurs de chocolat, ces polvorones gourmandes arrivent, un d\u00e9lice \u00e0 sucrer en ce No\u00ebl.\" \/>\n<meta name=\"robots\" content=\"index, follow, max-snippet:-1, max-image-preview:large, max-video-preview:-1\" \/>\n<link rel=\"canonical\" href=\"https:\/\/www.dulces-laponderosa.com\/fr\/acheter-estepa\/polvoron-au-chocolat-sac-350g\/\" \/>\n<meta property=\"og:locale\" content=\"fr_FR\" \/>\n<meta property=\"og:type\" content=\"article\" \/>\n<meta property=\"og:title\" content=\"Polvoron au chocolat. Sac 350G - Dulces La Ponderosa\" \/>\n<meta property=\"og:description\" content=\"Polvoron au chocolat. Sac 350G. Pour les amateurs de chocolat, ces polvorones gourmandes arrivent, un d\u00e9lice \u00e0 sucrer en ce No\u00ebl.\" \/>\n<meta property=\"og:url\" content=\"https:\/\/www.dulces-laponderosa.com\/fr\/acheter-estepa\/polvoron-au-chocolat-sac-350g\/\" \/>\n<meta property=\"og:site_name\" content=\"Dulces La Ponderosa\" \/>\n<meta property=\"article:modified_time\" content=\"2025-12-11T18:41:33+00:00\" \/>\n<meta property=\"og:image\" content=\"https:\/\/www.dulces-laponderosa.com\/wp-content\/uploads\/2020\/09\/Dulces-La-Ponderosa.-Polvoron-con-chocolate.-Bolsa-350G.-Seleccion-especial.png\" \/>\n\t<meta property=\"og:image:width\" content=\"600\" \/>\n\t<meta property=\"og:image:height\" content=\"1060\" \/>\n\t<meta property=\"og:image:type\" content=\"image\/png\" \/>\n<meta name=\"twitter:card\" content=\"summary_large_image\" \/>\n<script type=\"application\/ld+json\" class=\"yoast-schema-graph\">{\"@context\":\"https:\/\/schema.org\",\"@graph\":[{\"@type\":\"WebPage\",\"@id\":\"https:\/\/www.dulces-laponderosa.com\/fr\/acheter-estepa\/polvoron-au-chocolat-sac-350g\/\",\"url\":\"https:\/\/www.dulces-laponderosa.com\/fr\/acheter-estepa\/polvoron-au-chocolat-sac-350g\/\",\"name\":\"Polvoron au chocolat. Sac 350G - Dulces La Ponderosa\",\"isPartOf\":{\"@id\":\"https:\/\/www.dulces-laponderosa.com\/fr\/#website\"},\"primaryImageOfPage\":{\"@id\":\"https:\/\/www.dulces-laponderosa.com\/fr\/acheter-estepa\/polvoron-au-chocolat-sac-350g\/#primaryimage\"},\"image\":{\"@id\":\"https:\/\/www.dulces-laponderosa.com\/fr\/acheter-estepa\/polvoron-au-chocolat-sac-350g\/#primaryimage\"},\"thumbnailUrl\":\"https:\/\/www.dulces-laponderosa.com\/wp-content\/uploads\/2020\/09\/Dulces-La-Ponderosa.-Polvoron-con-chocolate.-Bolsa-350G.-Seleccion-especial.png\",\"datePublished\":\"2020-09-23T08:57:23+00:00\",\"dateModified\":\"2025-12-11T18:41:33+00:00\",\"description\":\"Polvoron au chocolat. Sac 350G. Pour les amateurs de chocolat, ces polvorones gourmandes arrivent, un d\u00e9lice \u00e0 sucrer en ce No\u00ebl.\",\"breadcrumb\":{\"@id\":\"https:\/\/www.dulces-laponderosa.com\/fr\/acheter-estepa\/polvoron-au-chocolat-sac-350g\/#breadcrumb\"},\"inLanguage\":\"fr-FR\",\"potentialAction\":[{\"@type\":\"ReadAction\",\"target\":[\"https:\/\/www.dulces-laponderosa.com\/fr\/acheter-estepa\/polvoron-au-chocolat-sac-350g\/\"]}]},{\"@type\":\"ImageObject\",\"inLanguage\":\"fr-FR\",\"@id\":\"https:\/\/www.dulces-laponderosa.com\/fr\/acheter-estepa\/polvoron-au-chocolat-sac-350g\/#primaryimage\",\"url\":\"https:\/\/www.dulces-laponderosa.com\/wp-content\/uploads\/2020\/09\/Dulces-La-Ponderosa.-Polvoron-con-chocolate.-Bolsa-350G.-Seleccion-especial.png\",\"contentUrl\":\"https:\/\/www.dulces-laponderosa.com\/wp-content\/uploads\/2020\/09\/Dulces-La-Ponderosa.-Polvoron-con-chocolate.-Bolsa-350G.-Seleccion-especial.png\",\"width\":600,\"height\":1060,\"caption\":\"Polvoron au chocolat\"},{\"@type\":\"BreadcrumbList\",\"@id\":\"https:\/\/www.dulces-laponderosa.com\/fr\/acheter-estepa\/polvoron-au-chocolat-sac-350g\/#breadcrumb\",\"itemListElement\":[{\"@type\":\"ListItem\",\"position\":1,\"name\":\"Portada\",\"item\":\"https:\/\/www.dulces-laponderosa.com\/fr\/\"},{\"@type\":\"ListItem\",\"position\":2,\"name\":\"Boutique\",\"item\":\"https:\/\/www.dulces-laponderosa.com\/fr\/boutique\/\"},{\"@type\":\"ListItem\",\"position\":3,\"name\":\"Polvoron au chocolat. Sac 350G\"}]},{\"@type\":\"WebSite\",\"@id\":\"https:\/\/www.dulces-laponderosa.com\/fr\/#website\",\"url\":\"https:\/\/www.dulces-laponderosa.com\/fr\/\",\"name\":\"Dulces La Ponderosa\",\"description\":\"Dulces de Navidad desde 1955\",\"potentialAction\":[{\"@type\":\"SearchAction\",\"target\":{\"@type\":\"EntryPoint\",\"urlTemplate\":\"https:\/\/www.dulces-laponderosa.com\/fr\/?s={search_term_string}\"},\"query-input\":{\"@type\":\"PropertyValueSpecification\",\"valueRequired\":true,\"valueName\":\"search_term_string\"}}],\"inLanguage\":\"fr-FR\"}]}<\/script>\n<!-- \/ Yoast SEO plugin. -->","yoast_head_json":{"title":"Polvoron au chocolat. Sac 350G - Dulces La Ponderosa","description":"Polvoron au chocolat. Sac 350G. Pour les amateurs de chocolat, ces polvorones gourmandes arrivent, un d\u00e9lice \u00e0 sucrer en ce No\u00ebl.","robots":{"index":"index","follow":"follow","max-snippet":"max-snippet:-1","max-image-preview":"max-image-preview:large","max-video-preview":"max-video-preview:-1"},"canonical":"https:\/\/www.dulces-laponderosa.com\/fr\/acheter-estepa\/polvoron-au-chocolat-sac-350g\/","og_locale":"fr_FR","og_type":"article","og_title":"Polvoron au chocolat. Sac 350G - Dulces La Ponderosa","og_description":"Polvoron au chocolat. Sac 350G. Pour les amateurs de chocolat, ces polvorones gourmandes arrivent, un d\u00e9lice \u00e0 sucrer en ce No\u00ebl.","og_url":"https:\/\/www.dulces-laponderosa.com\/fr\/acheter-estepa\/polvoron-au-chocolat-sac-350g\/","og_site_name":"Dulces La Ponderosa","article_modified_time":"2025-12-11T18:41:33+00:00","og_image":[{"width":600,"height":1060,"url":"https:\/\/www.dulces-laponderosa.com\/wp-content\/uploads\/2020\/09\/Dulces-La-Ponderosa.-Polvoron-con-chocolate.-Bolsa-350G.-Seleccion-especial.png","type":"image\/png"}],"twitter_card":"summary_large_image","schema":{"@context":"https:\/\/schema.org","@graph":[{"@type":"WebPage","@id":"https:\/\/www.dulces-laponderosa.com\/fr\/acheter-estepa\/polvoron-au-chocolat-sac-350g\/","url":"https:\/\/www.dulces-laponderosa.com\/fr\/acheter-estepa\/polvoron-au-chocolat-sac-350g\/","name":"Polvoron au chocolat. Sac 350G - Dulces La Ponderosa","isPartOf":{"@id":"https:\/\/www.dulces-laponderosa.com\/fr\/#website"},"primaryImageOfPage":{"@id":"https:\/\/www.dulces-laponderosa.com\/fr\/acheter-estepa\/polvoron-au-chocolat-sac-350g\/#primaryimage"},"image":{"@id":"https:\/\/www.dulces-laponderosa.com\/fr\/acheter-estepa\/polvoron-au-chocolat-sac-350g\/#primaryimage"},"thumbnailUrl":"https:\/\/www.dulces-laponderosa.com\/wp-content\/uploads\/2020\/09\/Dulces-La-Ponderosa.-Polvoron-con-chocolate.-Bolsa-350G.-Seleccion-especial.png","datePublished":"2020-09-23T08:57:23+00:00","dateModified":"2025-12-11T18:41:33+00:00","description":"Polvoron au chocolat. Sac 350G. Pour les amateurs de chocolat, ces polvorones gourmandes arrivent, un d\u00e9lice \u00e0 sucrer en ce No\u00ebl.","breadcrumb":{"@id":"https:\/\/www.dulces-laponderosa.com\/fr\/acheter-estepa\/polvoron-au-chocolat-sac-350g\/#breadcrumb"},"inLanguage":"fr-FR","potentialAction":[{"@type":"ReadAction","target":["https:\/\/www.dulces-laponderosa.com\/fr\/acheter-estepa\/polvoron-au-chocolat-sac-350g\/"]}]},{"@type":"ImageObject","inLanguage":"fr-FR","@id":"https:\/\/www.dulces-laponderosa.com\/fr\/acheter-estepa\/polvoron-au-chocolat-sac-350g\/#primaryimage","url":"https:\/\/www.dulces-laponderosa.com\/wp-content\/uploads\/2020\/09\/Dulces-La-Ponderosa.-Polvoron-con-chocolate.-Bolsa-350G.-Seleccion-especial.png","contentUrl":"https:\/\/www.dulces-laponderosa.com\/wp-content\/uploads\/2020\/09\/Dulces-La-Ponderosa.-Polvoron-con-chocolate.-Bolsa-350G.-Seleccion-especial.png","width":600,"height":1060,"caption":"Polvoron au chocolat"},{"@type":"BreadcrumbList","@id":"https:\/\/www.dulces-laponderosa.com\/fr\/acheter-estepa\/polvoron-au-chocolat-sac-350g\/#breadcrumb","itemListElement":[{"@type":"ListItem","position":1,"name":"Portada","item":"https:\/\/www.dulces-laponderosa.com\/fr\/"},{"@type":"ListItem","position":2,"name":"Boutique","item":"https:\/\/www.dulces-laponderosa.com\/fr\/boutique\/"},{"@type":"ListItem","position":3,"name":"Polvoron au chocolat. Sac 350G"}]},{"@type":"WebSite","@id":"https:\/\/www.dulces-laponderosa.com\/fr\/#website","url":"https:\/\/www.dulces-laponderosa.com\/fr\/","name":"Dulces La Ponderosa","description":"Dulces de Navidad desde 1955","potentialAction":[{"@type":"SearchAction","target":{"@type":"EntryPoint","urlTemplate":"https:\/\/www.dulces-laponderosa.com\/fr\/?s={search_term_string}"},"query-input":{"@type":"PropertyValueSpecification","valueRequired":true,"valueName":"search_term_string"}}],"inLanguage":"fr-FR"}]}},"_links":{"self":[{"href":"https:\/\/www.dulces-laponderosa.com\/fr\/wp-json\/wp\/v2\/product\/7219","targetHints":{"allow":["GET"]}}],"collection":[{"href":"https:\/\/www.dulces-laponderosa.com\/fr\/wp-json\/wp\/v2\/product"}],"about":[{"href":"https:\/\/www.dulces-laponderosa.com\/fr\/wp-json\/wp\/v2\/types\/product"}],"replies":[{"embeddable":true,"href":"https:\/\/www.dulces-laponderosa.com\/fr\/wp-json\/wp\/v2\/comments?post=7219"}],"wp:featuredmedia":[{"embeddable":true,"href":"https:\/\/www.dulces-laponderosa.com\/fr\/wp-json\/wp\/v2\/media\/6216"}],"wp:attachment":[{"href":"https:\/\/www.dulces-laponderosa.com\/fr\/wp-json\/wp\/v2\/media?parent=7219"}],"wp:term":[{"taxonomy":"product_brand","embeddable":true,"href":"https:\/\/www.dulces-laponderosa.com\/fr\/wp-json\/wp\/v2\/product_brand?post=7219"},{"taxonomy":"product_cat","embeddable":true,"href":"https:\/\/www.dulces-laponderosa.com\/fr\/wp-json\/wp\/v2\/product_cat?post=7219"},{"taxonomy":"product_tag","embeddable":true,"href":"https:\/\/www.dulces-laponderosa.com\/fr\/wp-json\/wp\/v2\/product_tag?post=7219"}],"curies":[{"name":"wp","href":"https:\/\/api.w.org\/{rel}","templated":true}]}}