{"id":7229,"date":"2019-10-16T11:08:13","date_gmt":"2019-10-16T10:08:13","guid":{"rendered":"https:\/\/www.dulces-laponderosa.com\/producto\/coffret-assortiment-500g\/"},"modified":"2025-09-18T08:49:09","modified_gmt":"2025-09-18T06:49:09","slug":"coffret-assortiment-500g","status":"publish","type":"product","link":"https:\/\/www.dulces-laponderosa.com\/fr\/acheter-estepa\/coffret-assortiment-500g\/","title":{"rendered":"Coffret assortiment 500g"},"content":{"rendered":"<section class=\"l-section wpb_row height_custom\"><div class=\"l-section-h i-cf\"><div class=\"g-cols vc_row via_flex valign_top type_default stacking_default\"><div class=\"vc_col-sm-12 wpb_column vc_column_container\"><div class=\"vc_column-inner\"><div class=\"wpb_wrapper\"><div class=\"wpb_text_column\"><div class=\"wpb_wrapper\"><h4>Ingr\u00e9dients<\/h4>\n<ul>\n<li>Mantecado maison : Farine<strong> bl\u00e9<\/strong> , sucre, saindoux ib\u00e9rique (antioxydant : E-320), cannelle et graines de<strong> s\u00e9same<\/strong> .<strong> Peut contenir des traces de fruits \u00e0 coque, d&rsquo;arachides et de sulfites.<\/strong><\/li>\n<li>Huile d&rsquo;olive extra vierge mantecado: Farine de<strong> bl\u00e9<\/strong> , sucre, huile d&rsquo;olive extra vierge (22%),<strong> amande<\/strong> , cannelle et graines<strong> s\u00e9same<\/strong> .<strong> Peut contenir des traces d&rsquo;arachides et de sulfites.<\/strong><\/li>\n<li>Vin doux et beignet aux amandes : Farine<strong> bl\u00e9<\/strong> , saindoux, sucre, vin (contient<strong> sulfites<\/strong> ) (8%),<strong> amande<\/strong> (7%), graines de<strong> s\u00e9same,<\/strong> ar\u00f4me de cannelle, clou de girofle et cannelle.<strong> Peut contenir des traces d&rsquo;autres fruits \u00e0 coque, \u0153ufs, lait et leurs d\u00e9riv\u00e9s (dont lactose) et soja.<\/strong><\/li>\n<li>Polvor\u00f3n aux amandes maison : Farine<strong> bl\u00e9<\/strong> , sucre, saindoux ib\u00e9rique (antioxydant : E-320),<strong> amande<\/strong> (15%), ar\u00f4me cannelle, clou de girofle et citron.<strong> Peut contenir des traces d&rsquo;arachide, de s\u00e9same et de sulfites<\/strong> .<\/li>\n<\/ul>\n<h4>Allerg\u00e8nes et tableau nutritionnel<\/h4>\n<p>Pour en savoir plus sur les allerg\u00e8nes et les tableaux nutritionnels, consultez chacun des produits que peut contenir votre coffret personnalis\u00e9.<a href=\"https:\/\/www.dulces-laponderosa.com\/producto\/mantecados-caseros-estuche-700-gr\/\"> Mantecado maison<\/a> ,<a href=\"https:\/\/www.dulces-laponderosa.com\/?post_type=product&amp;p=1268\"> huile d&rsquo;olive extra vierge mantecado<\/a> ,<a href=\"https:\/\/www.dulces-laponderosa.com\/producto\/roscos-vino-dulce-almendra-bolsa-500-grs\/\"> beignet au vin doux<\/a> ,<a href=\"https:\/\/www.dulces-laponderosa.com\/producto\/polvorones-caseros-almendra-bolsa-700-grs\/\"> polvor\u00f3n aux amandes maison.<\/a><\/p>\n<\/div><\/div><\/div><\/div><\/div><\/div><\/div><\/section>\n","protected":false},"excerpt":{"rendered":"<h4>La description:<\/h4>\n<p>Mantecados maison, mantecados \u00e0 l&rsquo;huile d&rsquo;olive extra vierge, beignets au vin doux et polvorones aux amandes maison sont les produits que vous trouverez dans notre coffret cadeau assorti La Pondorosa Sweets. Une belle boite d&rsquo;environ 500g parfaite \u00e0 offrir lors d&rsquo;occasions sp\u00e9ciales telles que les d\u00e9jeuners et d\u00eeners de No\u00ebl, les anniversaires&#8230;<\/p>\n","protected":false},"featured_media":4917,"comment_status":"open","ping_status":"closed","template":"","meta":{"_joinchat":[]},"product_brand":[],"product_cat":[886,887],"product_tag":[889,888],"class_list":{"0":"post-7229","1":"product","2":"type-product","3":"status-publish","4":"has-post-thumbnail","6":"product_cat-assortiments","7":"product_cat-coffrets-cadeaux","8":"product_tag-boites-assorties","9":"product_tag-coffrets-cadeaux","11":"first","12":"instock","13":"taxable","14":"shipping-taxable","15":"purchasable","16":"product-type-simple"},"yoast_head":"<!-- This site is optimized with the Yoast SEO plugin v27.2 - https:\/\/yoast.com\/product\/yoast-seo-wordpress\/ -->\n<title>Coffret assortiment 500g - Dulces La Ponderosa<\/title>\n<meta name=\"description\" content=\"Coffret assortiment 500g avec nos produits artisanaux et traditionnels : poudre d&#039;amande, glace maison... Le meilleur cadeau pour ce No\u00ebl\" \/>\n<meta name=\"robots\" content=\"index, follow, max-snippet:-1, max-image-preview:large, max-video-preview:-1\" \/>\n<link rel=\"canonical\" href=\"https:\/\/www.dulces-laponderosa.com\/fr\/acheter-estepa\/coffret-assortiment-500g\/\" \/>\n<meta property=\"og:locale\" content=\"fr_FR\" \/>\n<meta property=\"og:type\" content=\"article\" \/>\n<meta property=\"og:title\" content=\"Coffret assortiment 500g - Dulces La Ponderosa\" \/>\n<meta property=\"og:description\" content=\"Coffret assortiment 500g avec nos produits artisanaux et traditionnels : poudre d&#039;amande, glace maison... Le meilleur cadeau pour ce No\u00ebl\" \/>\n<meta property=\"og:url\" content=\"https:\/\/www.dulces-laponderosa.com\/fr\/acheter-estepa\/coffret-assortiment-500g\/\" \/>\n<meta property=\"og:site_name\" content=\"Dulces La Ponderosa\" \/>\n<meta property=\"article:modified_time\" content=\"2025-09-18T06:49:09+00:00\" \/>\n<meta property=\"og:image\" content=\"https:\/\/www.dulces-laponderosa.com\/wp-content\/uploads\/2019\/10\/Caja-personalizada-500gr.jpg\" \/>\n\t<meta property=\"og:image:width\" content=\"800\" \/>\n\t<meta property=\"og:image:height\" content=\"500\" \/>\n\t<meta property=\"og:image:type\" content=\"image\/jpeg\" \/>\n<meta name=\"twitter:card\" content=\"summary_large_image\" \/>\n<meta name=\"twitter:label1\" content=\"Dur\u00e9e de lecture estim\u00e9e\" \/>\n\t<meta name=\"twitter:data1\" content=\"1 minute\" \/>\n<script type=\"application\/ld+json\" class=\"yoast-schema-graph\">{\"@context\":\"https:\/\/schema.org\",\"@graph\":[{\"@type\":\"WebPage\",\"@id\":\"https:\/\/www.dulces-laponderosa.com\/fr\/acheter-estepa\/coffret-assortiment-500g\/\",\"url\":\"https:\/\/www.dulces-laponderosa.com\/fr\/acheter-estepa\/coffret-assortiment-500g\/\",\"name\":\"Coffret assortiment 500g - Dulces La Ponderosa\",\"isPartOf\":{\"@id\":\"https:\/\/www.dulces-laponderosa.com\/fr\/#website\"},\"primaryImageOfPage\":{\"@id\":\"https:\/\/www.dulces-laponderosa.com\/fr\/acheter-estepa\/coffret-assortiment-500g\/#primaryimage\"},\"image\":{\"@id\":\"https:\/\/www.dulces-laponderosa.com\/fr\/acheter-estepa\/coffret-assortiment-500g\/#primaryimage\"},\"thumbnailUrl\":\"https:\/\/www.dulces-laponderosa.com\/wp-content\/uploads\/2019\/10\/Caja-personalizada-500gr.jpg\",\"datePublished\":\"2019-10-16T10:08:13+00:00\",\"dateModified\":\"2025-09-18T06:49:09+00:00\",\"description\":\"Coffret assortiment 500g avec nos produits artisanaux et traditionnels : poudre d'amande, glace maison... Le meilleur cadeau pour ce No\u00ebl\",\"breadcrumb\":{\"@id\":\"https:\/\/www.dulces-laponderosa.com\/fr\/acheter-estepa\/coffret-assortiment-500g\/#breadcrumb\"},\"inLanguage\":\"fr-FR\",\"potentialAction\":[{\"@type\":\"ReadAction\",\"target\":[\"https:\/\/www.dulces-laponderosa.com\/fr\/acheter-estepa\/coffret-assortiment-500g\/\"]}]},{\"@type\":\"ImageObject\",\"inLanguage\":\"fr-FR\",\"@id\":\"https:\/\/www.dulces-laponderosa.com\/fr\/acheter-estepa\/coffret-assortiment-500g\/#primaryimage\",\"url\":\"https:\/\/www.dulces-laponderosa.com\/wp-content\/uploads\/2019\/10\/Caja-personalizada-500gr.jpg\",\"contentUrl\":\"https:\/\/www.dulces-laponderosa.com\/wp-content\/uploads\/2019\/10\/Caja-personalizada-500gr.jpg\",\"width\":800,\"height\":500},{\"@type\":\"BreadcrumbList\",\"@id\":\"https:\/\/www.dulces-laponderosa.com\/fr\/acheter-estepa\/coffret-assortiment-500g\/#breadcrumb\",\"itemListElement\":[{\"@type\":\"ListItem\",\"position\":1,\"name\":\"Portada\",\"item\":\"https:\/\/www.dulces-laponderosa.com\/fr\/\"},{\"@type\":\"ListItem\",\"position\":2,\"name\":\"Boutique\",\"item\":\"https:\/\/www.dulces-laponderosa.com\/fr\/boutique\/\"},{\"@type\":\"ListItem\",\"position\":3,\"name\":\"Coffret assortiment 500g\"}]},{\"@type\":\"WebSite\",\"@id\":\"https:\/\/www.dulces-laponderosa.com\/fr\/#website\",\"url\":\"https:\/\/www.dulces-laponderosa.com\/fr\/\",\"name\":\"Dulces La Ponderosa\",\"description\":\"Dulces de Navidad desde 1955\",\"potentialAction\":[{\"@type\":\"SearchAction\",\"target\":{\"@type\":\"EntryPoint\",\"urlTemplate\":\"https:\/\/www.dulces-laponderosa.com\/fr\/?s={search_term_string}\"},\"query-input\":{\"@type\":\"PropertyValueSpecification\",\"valueRequired\":true,\"valueName\":\"search_term_string\"}}],\"inLanguage\":\"fr-FR\"}]}<\/script>\n<!-- \/ Yoast SEO plugin. -->","yoast_head_json":{"title":"Coffret assortiment 500g - Dulces La Ponderosa","description":"Coffret assortiment 500g avec nos produits artisanaux et traditionnels : poudre d'amande, glace maison... Le meilleur cadeau pour ce No\u00ebl","robots":{"index":"index","follow":"follow","max-snippet":"max-snippet:-1","max-image-preview":"max-image-preview:large","max-video-preview":"max-video-preview:-1"},"canonical":"https:\/\/www.dulces-laponderosa.com\/fr\/acheter-estepa\/coffret-assortiment-500g\/","og_locale":"fr_FR","og_type":"article","og_title":"Coffret assortiment 500g - Dulces La Ponderosa","og_description":"Coffret assortiment 500g avec nos produits artisanaux et traditionnels : poudre d'amande, glace maison... Le meilleur cadeau pour ce No\u00ebl","og_url":"https:\/\/www.dulces-laponderosa.com\/fr\/acheter-estepa\/coffret-assortiment-500g\/","og_site_name":"Dulces La Ponderosa","article_modified_time":"2025-09-18T06:49:09+00:00","og_image":[{"width":800,"height":500,"url":"https:\/\/www.dulces-laponderosa.com\/wp-content\/uploads\/2019\/10\/Caja-personalizada-500gr.jpg","type":"image\/jpeg"}],"twitter_card":"summary_large_image","twitter_misc":{"Dur\u00e9e de lecture estim\u00e9e":"1 minute"},"schema":{"@context":"https:\/\/schema.org","@graph":[{"@type":"WebPage","@id":"https:\/\/www.dulces-laponderosa.com\/fr\/acheter-estepa\/coffret-assortiment-500g\/","url":"https:\/\/www.dulces-laponderosa.com\/fr\/acheter-estepa\/coffret-assortiment-500g\/","name":"Coffret assortiment 500g - Dulces La Ponderosa","isPartOf":{"@id":"https:\/\/www.dulces-laponderosa.com\/fr\/#website"},"primaryImageOfPage":{"@id":"https:\/\/www.dulces-laponderosa.com\/fr\/acheter-estepa\/coffret-assortiment-500g\/#primaryimage"},"image":{"@id":"https:\/\/www.dulces-laponderosa.com\/fr\/acheter-estepa\/coffret-assortiment-500g\/#primaryimage"},"thumbnailUrl":"https:\/\/www.dulces-laponderosa.com\/wp-content\/uploads\/2019\/10\/Caja-personalizada-500gr.jpg","datePublished":"2019-10-16T10:08:13+00:00","dateModified":"2025-09-18T06:49:09+00:00","description":"Coffret assortiment 500g avec nos produits artisanaux et traditionnels : poudre d'amande, glace maison... Le meilleur cadeau pour ce No\u00ebl","breadcrumb":{"@id":"https:\/\/www.dulces-laponderosa.com\/fr\/acheter-estepa\/coffret-assortiment-500g\/#breadcrumb"},"inLanguage":"fr-FR","potentialAction":[{"@type":"ReadAction","target":["https:\/\/www.dulces-laponderosa.com\/fr\/acheter-estepa\/coffret-assortiment-500g\/"]}]},{"@type":"ImageObject","inLanguage":"fr-FR","@id":"https:\/\/www.dulces-laponderosa.com\/fr\/acheter-estepa\/coffret-assortiment-500g\/#primaryimage","url":"https:\/\/www.dulces-laponderosa.com\/wp-content\/uploads\/2019\/10\/Caja-personalizada-500gr.jpg","contentUrl":"https:\/\/www.dulces-laponderosa.com\/wp-content\/uploads\/2019\/10\/Caja-personalizada-500gr.jpg","width":800,"height":500},{"@type":"BreadcrumbList","@id":"https:\/\/www.dulces-laponderosa.com\/fr\/acheter-estepa\/coffret-assortiment-500g\/#breadcrumb","itemListElement":[{"@type":"ListItem","position":1,"name":"Portada","item":"https:\/\/www.dulces-laponderosa.com\/fr\/"},{"@type":"ListItem","position":2,"name":"Boutique","item":"https:\/\/www.dulces-laponderosa.com\/fr\/boutique\/"},{"@type":"ListItem","position":3,"name":"Coffret assortiment 500g"}]},{"@type":"WebSite","@id":"https:\/\/www.dulces-laponderosa.com\/fr\/#website","url":"https:\/\/www.dulces-laponderosa.com\/fr\/","name":"Dulces La Ponderosa","description":"Dulces de Navidad desde 1955","potentialAction":[{"@type":"SearchAction","target":{"@type":"EntryPoint","urlTemplate":"https:\/\/www.dulces-laponderosa.com\/fr\/?s={search_term_string}"},"query-input":{"@type":"PropertyValueSpecification","valueRequired":true,"valueName":"search_term_string"}}],"inLanguage":"fr-FR"}]}},"_links":{"self":[{"href":"https:\/\/www.dulces-laponderosa.com\/fr\/wp-json\/wp\/v2\/product\/7229","targetHints":{"allow":["GET"]}}],"collection":[{"href":"https:\/\/www.dulces-laponderosa.com\/fr\/wp-json\/wp\/v2\/product"}],"about":[{"href":"https:\/\/www.dulces-laponderosa.com\/fr\/wp-json\/wp\/v2\/types\/product"}],"replies":[{"embeddable":true,"href":"https:\/\/www.dulces-laponderosa.com\/fr\/wp-json\/wp\/v2\/comments?post=7229"}],"wp:featuredmedia":[{"embeddable":true,"href":"https:\/\/www.dulces-laponderosa.com\/fr\/wp-json\/wp\/v2\/media\/4917"}],"wp:attachment":[{"href":"https:\/\/www.dulces-laponderosa.com\/fr\/wp-json\/wp\/v2\/media?parent=7229"}],"wp:term":[{"taxonomy":"product_brand","embeddable":true,"href":"https:\/\/www.dulces-laponderosa.com\/fr\/wp-json\/wp\/v2\/product_brand?post=7229"},{"taxonomy":"product_cat","embeddable":true,"href":"https:\/\/www.dulces-laponderosa.com\/fr\/wp-json\/wp\/v2\/product_cat?post=7229"},{"taxonomy":"product_tag","embeddable":true,"href":"https:\/\/www.dulces-laponderosa.com\/fr\/wp-json\/wp\/v2\/product_tag?post=7229"}],"curies":[{"name":"wp","href":"https:\/\/api.w.org\/{rel}","templated":true}]}}