{"id":7241,"date":"2019-10-15T16:10:04","date_gmt":"2019-10-15T15:10:04","guid":{"rendered":"https:\/\/www.dulces-laponderosa.com\/producto\/coffret-500-g-dhuile-dolive-extra-vierge-mantecados\/"},"modified":"2026-01-13T11:03:06","modified_gmt":"2026-01-13T10:03:06","slug":"coffret-500-g-dhuile-dolive-extra-vierge-mantecados","status":"publish","type":"product","link":"https:\/\/www.dulces-laponderosa.com\/fr\/acheter-estepa\/coffret-500-g-dhuile-dolive-extra-vierge-mantecados\/","title":{"rendered":"Coffret 500 g d&rsquo;huile d&rsquo;olive extra vierge mantecados"},"content":{"rendered":"<section class=\"l-section wpb_row height_custom\"><div class=\"l-section-h i-cf\"><div class=\"g-cols vc_row via_flex valign_top type_default stacking_default\"><div class=\"vc_col-sm-12 wpb_column vc_column_container\"><div class=\"vc_column-inner\"><div class=\"wpb_wrapper\"><div class=\"wpb_text_column\"><div class=\"wpb_wrapper\"><h4>Ingr\u00e9dients<\/h4>\n<p>Farine de<strong> bl\u00e9<\/strong> , sucre, huile d&rsquo;olive extra vierge (22%),<strong> amande<\/strong> , cannelle et graines<strong> s\u00e9same<\/strong> .<strong> Peut contenir des traces d&rsquo;arachides et de sulfites.<\/strong><\/p>\n<h4>Allerg\u00e8nes<\/h4>\n<p>Contient du gluten, des noix et du s\u00e9same. Peut contenir des traces d&rsquo;arachides et de sulfites.<\/p>\n<h4>Tableau nutritionnel<\/h4>\n<\/div><\/div><\/div><\/div><\/div><\/div><\/div><\/section>\n","protected":false},"excerpt":{"rendered":"<h4>La description<\/h4>\n<p>Chez Dulces La Ponderosa, nous pr\u00e9sentons ce nouveau produit: les mantecados traditionnels \u00e0 l&rsquo;huile d&rsquo;olive vierge pr\u00e9sent\u00e9s dans un magnifique coffret cadeau, id\u00e9al comme produit cadeau. Fabriqu\u00e9 selon la recette habituelle afin que m\u00eame si le temps passe, la saveur de nos produits ne change pas.<\/p>\n<h4>Pr\u00e9sentation<\/h4>\n<p>Emball\u00e9 individuellement et pr\u00e9sent\u00e9 dans un coffret cadeau de 500 gr.<\/p>\n","protected":false},"featured_media":4917,"comment_status":"open","ping_status":"closed","template":"","meta":{"_joinchat":[]},"product_brand":[],"product_cat":[887,898],"product_tag":[900,899,901,902,903],"class_list":{"0":"post-7241","1":"product","2":"type-product","3":"status-publish","4":"has-post-thumbnail","6":"product_cat-coffrets-cadeaux","7":"product_cat-mantecados-a-lhuile","8":"product_tag-allergene-darachide","9":"product_tag-allergene-de-gluten","10":"product_tag-allergene-de-noix","11":"product_tag-allergene-de-sesame","12":"product_tag-allergene-sulfite","14":"first","15":"outofstock","16":"taxable","17":"shipping-taxable","18":"purchasable","19":"product-type-simple"},"yoast_head":"<!-- This site is optimized with the Yoast SEO plugin v27.2 - https:\/\/yoast.com\/product\/yoast-seo-wordpress\/ -->\n<title>Coffret 500 g d&#039;huile d&#039;olive extra vierge mantecados - Dulces La Ponderosa<\/title>\n<meta name=\"description\" content=\"Coffret cadeau 500 g Mantecados \u00e0 l&#039;huile d&#039;olive extra vierge. La Ponderosa rapporte \u00e0 la maison les meilleurs bonbons de No\u00ebl !\" \/>\n<meta name=\"robots\" content=\"index, follow, max-snippet:-1, max-image-preview:large, max-video-preview:-1\" \/>\n<link rel=\"canonical\" href=\"https:\/\/www.dulces-laponderosa.com\/fr\/acheter-estepa\/coffret-500-g-dhuile-dolive-extra-vierge-mantecados\/\" \/>\n<meta property=\"og:locale\" content=\"fr_FR\" \/>\n<meta property=\"og:type\" content=\"article\" \/>\n<meta property=\"og:title\" content=\"Coffret 500 g d&#039;huile d&#039;olive extra vierge mantecados - Dulces La Ponderosa\" \/>\n<meta property=\"og:description\" content=\"Coffret cadeau 500 g Mantecados \u00e0 l&#039;huile d&#039;olive extra vierge. La Ponderosa rapporte \u00e0 la maison les meilleurs bonbons de No\u00ebl !\" \/>\n<meta property=\"og:url\" content=\"https:\/\/www.dulces-laponderosa.com\/fr\/acheter-estepa\/coffret-500-g-dhuile-dolive-extra-vierge-mantecados\/\" \/>\n<meta property=\"og:site_name\" content=\"Dulces La Ponderosa\" \/>\n<meta property=\"article:modified_time\" content=\"2026-01-13T10:03:06+00:00\" \/>\n<meta property=\"og:image\" content=\"https:\/\/www.dulces-laponderosa.com\/wp-content\/uploads\/2019\/10\/Caja-personalizada-500gr.jpg\" \/>\n\t<meta property=\"og:image:width\" content=\"800\" \/>\n\t<meta property=\"og:image:height\" content=\"500\" \/>\n\t<meta property=\"og:image:type\" content=\"image\/jpeg\" \/>\n<meta name=\"twitter:card\" content=\"summary_large_image\" \/>\n<script type=\"application\/ld+json\" class=\"yoast-schema-graph\">{\"@context\":\"https:\/\/schema.org\",\"@graph\":[{\"@type\":\"WebPage\",\"@id\":\"https:\/\/www.dulces-laponderosa.com\/fr\/acheter-estepa\/coffret-500-g-dhuile-dolive-extra-vierge-mantecados\/\",\"url\":\"https:\/\/www.dulces-laponderosa.com\/fr\/acheter-estepa\/coffret-500-g-dhuile-dolive-extra-vierge-mantecados\/\",\"name\":\"Coffret 500 g d'huile d'olive extra vierge mantecados - Dulces La Ponderosa\",\"isPartOf\":{\"@id\":\"https:\/\/www.dulces-laponderosa.com\/fr\/#website\"},\"primaryImageOfPage\":{\"@id\":\"https:\/\/www.dulces-laponderosa.com\/fr\/acheter-estepa\/coffret-500-g-dhuile-dolive-extra-vierge-mantecados\/#primaryimage\"},\"image\":{\"@id\":\"https:\/\/www.dulces-laponderosa.com\/fr\/acheter-estepa\/coffret-500-g-dhuile-dolive-extra-vierge-mantecados\/#primaryimage\"},\"thumbnailUrl\":\"https:\/\/www.dulces-laponderosa.com\/wp-content\/uploads\/2019\/10\/Caja-personalizada-500gr.jpg\",\"datePublished\":\"2019-10-15T15:10:04+00:00\",\"dateModified\":\"2026-01-13T10:03:06+00:00\",\"description\":\"Coffret cadeau 500 g Mantecados \u00e0 l'huile d'olive extra vierge. La Ponderosa rapporte \u00e0 la maison les meilleurs bonbons de No\u00ebl !\",\"breadcrumb\":{\"@id\":\"https:\/\/www.dulces-laponderosa.com\/fr\/acheter-estepa\/coffret-500-g-dhuile-dolive-extra-vierge-mantecados\/#breadcrumb\"},\"inLanguage\":\"fr-FR\",\"potentialAction\":[{\"@type\":\"ReadAction\",\"target\":[\"https:\/\/www.dulces-laponderosa.com\/fr\/acheter-estepa\/coffret-500-g-dhuile-dolive-extra-vierge-mantecados\/\"]}]},{\"@type\":\"ImageObject\",\"inLanguage\":\"fr-FR\",\"@id\":\"https:\/\/www.dulces-laponderosa.com\/fr\/acheter-estepa\/coffret-500-g-dhuile-dolive-extra-vierge-mantecados\/#primaryimage\",\"url\":\"https:\/\/www.dulces-laponderosa.com\/wp-content\/uploads\/2019\/10\/Caja-personalizada-500gr.jpg\",\"contentUrl\":\"https:\/\/www.dulces-laponderosa.com\/wp-content\/uploads\/2019\/10\/Caja-personalizada-500gr.jpg\",\"width\":800,\"height\":500},{\"@type\":\"BreadcrumbList\",\"@id\":\"https:\/\/www.dulces-laponderosa.com\/fr\/acheter-estepa\/coffret-500-g-dhuile-dolive-extra-vierge-mantecados\/#breadcrumb\",\"itemListElement\":[{\"@type\":\"ListItem\",\"position\":1,\"name\":\"Portada\",\"item\":\"https:\/\/www.dulces-laponderosa.com\/fr\/\"},{\"@type\":\"ListItem\",\"position\":2,\"name\":\"Boutique\",\"item\":\"https:\/\/www.dulces-laponderosa.com\/fr\/boutique\/\"},{\"@type\":\"ListItem\",\"position\":3,\"name\":\"Coffret 500 g d&#8217;huile d&#8217;olive extra vierge mantecados\"}]},{\"@type\":\"WebSite\",\"@id\":\"https:\/\/www.dulces-laponderosa.com\/fr\/#website\",\"url\":\"https:\/\/www.dulces-laponderosa.com\/fr\/\",\"name\":\"Dulces La Ponderosa\",\"description\":\"Dulces de Navidad desde 1955\",\"potentialAction\":[{\"@type\":\"SearchAction\",\"target\":{\"@type\":\"EntryPoint\",\"urlTemplate\":\"https:\/\/www.dulces-laponderosa.com\/fr\/?s={search_term_string}\"},\"query-input\":{\"@type\":\"PropertyValueSpecification\",\"valueRequired\":true,\"valueName\":\"search_term_string\"}}],\"inLanguage\":\"fr-FR\"}]}<\/script>\n<!-- \/ Yoast SEO plugin. -->","yoast_head_json":{"title":"Coffret 500 g d'huile d'olive extra vierge mantecados - Dulces La Ponderosa","description":"Coffret cadeau 500 g Mantecados \u00e0 l'huile d'olive extra vierge. La Ponderosa rapporte \u00e0 la maison les meilleurs bonbons de No\u00ebl !","robots":{"index":"index","follow":"follow","max-snippet":"max-snippet:-1","max-image-preview":"max-image-preview:large","max-video-preview":"max-video-preview:-1"},"canonical":"https:\/\/www.dulces-laponderosa.com\/fr\/acheter-estepa\/coffret-500-g-dhuile-dolive-extra-vierge-mantecados\/","og_locale":"fr_FR","og_type":"article","og_title":"Coffret 500 g d'huile d'olive extra vierge mantecados - Dulces La Ponderosa","og_description":"Coffret cadeau 500 g Mantecados \u00e0 l'huile d'olive extra vierge. La Ponderosa rapporte \u00e0 la maison les meilleurs bonbons de No\u00ebl !","og_url":"https:\/\/www.dulces-laponderosa.com\/fr\/acheter-estepa\/coffret-500-g-dhuile-dolive-extra-vierge-mantecados\/","og_site_name":"Dulces La Ponderosa","article_modified_time":"2026-01-13T10:03:06+00:00","og_image":[{"width":800,"height":500,"url":"https:\/\/www.dulces-laponderosa.com\/wp-content\/uploads\/2019\/10\/Caja-personalizada-500gr.jpg","type":"image\/jpeg"}],"twitter_card":"summary_large_image","schema":{"@context":"https:\/\/schema.org","@graph":[{"@type":"WebPage","@id":"https:\/\/www.dulces-laponderosa.com\/fr\/acheter-estepa\/coffret-500-g-dhuile-dolive-extra-vierge-mantecados\/","url":"https:\/\/www.dulces-laponderosa.com\/fr\/acheter-estepa\/coffret-500-g-dhuile-dolive-extra-vierge-mantecados\/","name":"Coffret 500 g d'huile d'olive extra vierge mantecados - Dulces La Ponderosa","isPartOf":{"@id":"https:\/\/www.dulces-laponderosa.com\/fr\/#website"},"primaryImageOfPage":{"@id":"https:\/\/www.dulces-laponderosa.com\/fr\/acheter-estepa\/coffret-500-g-dhuile-dolive-extra-vierge-mantecados\/#primaryimage"},"image":{"@id":"https:\/\/www.dulces-laponderosa.com\/fr\/acheter-estepa\/coffret-500-g-dhuile-dolive-extra-vierge-mantecados\/#primaryimage"},"thumbnailUrl":"https:\/\/www.dulces-laponderosa.com\/wp-content\/uploads\/2019\/10\/Caja-personalizada-500gr.jpg","datePublished":"2019-10-15T15:10:04+00:00","dateModified":"2026-01-13T10:03:06+00:00","description":"Coffret cadeau 500 g Mantecados \u00e0 l'huile d'olive extra vierge. La Ponderosa rapporte \u00e0 la maison les meilleurs bonbons de No\u00ebl !","breadcrumb":{"@id":"https:\/\/www.dulces-laponderosa.com\/fr\/acheter-estepa\/coffret-500-g-dhuile-dolive-extra-vierge-mantecados\/#breadcrumb"},"inLanguage":"fr-FR","potentialAction":[{"@type":"ReadAction","target":["https:\/\/www.dulces-laponderosa.com\/fr\/acheter-estepa\/coffret-500-g-dhuile-dolive-extra-vierge-mantecados\/"]}]},{"@type":"ImageObject","inLanguage":"fr-FR","@id":"https:\/\/www.dulces-laponderosa.com\/fr\/acheter-estepa\/coffret-500-g-dhuile-dolive-extra-vierge-mantecados\/#primaryimage","url":"https:\/\/www.dulces-laponderosa.com\/wp-content\/uploads\/2019\/10\/Caja-personalizada-500gr.jpg","contentUrl":"https:\/\/www.dulces-laponderosa.com\/wp-content\/uploads\/2019\/10\/Caja-personalizada-500gr.jpg","width":800,"height":500},{"@type":"BreadcrumbList","@id":"https:\/\/www.dulces-laponderosa.com\/fr\/acheter-estepa\/coffret-500-g-dhuile-dolive-extra-vierge-mantecados\/#breadcrumb","itemListElement":[{"@type":"ListItem","position":1,"name":"Portada","item":"https:\/\/www.dulces-laponderosa.com\/fr\/"},{"@type":"ListItem","position":2,"name":"Boutique","item":"https:\/\/www.dulces-laponderosa.com\/fr\/boutique\/"},{"@type":"ListItem","position":3,"name":"Coffret 500 g d&#8217;huile d&#8217;olive extra vierge mantecados"}]},{"@type":"WebSite","@id":"https:\/\/www.dulces-laponderosa.com\/fr\/#website","url":"https:\/\/www.dulces-laponderosa.com\/fr\/","name":"Dulces La Ponderosa","description":"Dulces de Navidad desde 1955","potentialAction":[{"@type":"SearchAction","target":{"@type":"EntryPoint","urlTemplate":"https:\/\/www.dulces-laponderosa.com\/fr\/?s={search_term_string}"},"query-input":{"@type":"PropertyValueSpecification","valueRequired":true,"valueName":"search_term_string"}}],"inLanguage":"fr-FR"}]}},"_links":{"self":[{"href":"https:\/\/www.dulces-laponderosa.com\/fr\/wp-json\/wp\/v2\/product\/7241","targetHints":{"allow":["GET"]}}],"collection":[{"href":"https:\/\/www.dulces-laponderosa.com\/fr\/wp-json\/wp\/v2\/product"}],"about":[{"href":"https:\/\/www.dulces-laponderosa.com\/fr\/wp-json\/wp\/v2\/types\/product"}],"replies":[{"embeddable":true,"href":"https:\/\/www.dulces-laponderosa.com\/fr\/wp-json\/wp\/v2\/comments?post=7241"}],"wp:featuredmedia":[{"embeddable":true,"href":"https:\/\/www.dulces-laponderosa.com\/fr\/wp-json\/wp\/v2\/media\/4917"}],"wp:attachment":[{"href":"https:\/\/www.dulces-laponderosa.com\/fr\/wp-json\/wp\/v2\/media?parent=7241"}],"wp:term":[{"taxonomy":"product_brand","embeddable":true,"href":"https:\/\/www.dulces-laponderosa.com\/fr\/wp-json\/wp\/v2\/product_brand?post=7241"},{"taxonomy":"product_cat","embeddable":true,"href":"https:\/\/www.dulces-laponderosa.com\/fr\/wp-json\/wp\/v2\/product_cat?post=7241"},{"taxonomy":"product_tag","embeddable":true,"href":"https:\/\/www.dulces-laponderosa.com\/fr\/wp-json\/wp\/v2\/product_tag?post=7241"}],"curies":[{"name":"wp","href":"https:\/\/api.w.org\/{rel}","templated":true}]}}