{"id":7243,"date":"2019-10-15T16:10:09","date_gmt":"2019-10-15T15:10:09","guid":{"rendered":"https:\/\/www.dulces-laponderosa.com\/producto\/coffret-500-g-polvoron-aux-amandes-maison\/"},"modified":"2025-09-18T08:51:30","modified_gmt":"2025-09-18T06:51:30","slug":"coffret-500-g-polvoron-aux-amandes-maison","status":"publish","type":"product","link":"https:\/\/www.dulces-laponderosa.com\/fr\/acheter-estepa\/coffret-500-g-polvoron-aux-amandes-maison\/","title":{"rendered":"Coffret 500 g Polvor\u00f3n aux amandes maison"},"content":{"rendered":"<section class=\"l-section wpb_row height_custom\"><div class=\"l-section-h i-cf\"><div class=\"g-cols vc_row via_flex valign_top type_default stacking_default\"><div class=\"vc_col-sm-12 wpb_column vc_column_container\"><div class=\"vc_column-inner\"><div class=\"wpb_wrapper\"><div class=\"wpb_text_column\"><div class=\"wpb_wrapper\"><h4>Ingr\u00e9dients<\/h4>\n<p align=\"justify\">Farine de<strong> bl\u00e9<\/strong> , sucre, saindoux ib\u00e9rique (antioxydant : E-320),<strong> amande<\/strong> (15%), ar\u00f4me cannelle, clou de girofle et citron.<strong> Peut contenir des traces d&rsquo;arachide, de s\u00e9same et de sulfites<\/strong> .<\/p>\n<h4>Allerg\u00e8nes<\/h4>\n<p>Contient du gluten et des noix. Peut contenir des traces d&rsquo;arachides, de s\u00e9same et de sulfites.<\/p>\n<h4>Tableau nutritionnel<\/h4>\n<\/div><\/div><\/div><\/div><\/div><\/div><\/div><\/section>\n","protected":false},"excerpt":{"rendered":"<h4>La description<\/h4>\n<p align=\"justify\">Notre d\u00e9licieux<strong> Polvorones aux amandes maison<\/strong> Ils sont fabriqu\u00e9s avec du beurre, du sucre, de la farine et des amandes enti\u00e8res. Ils sont saupoudr\u00e9s de sucre, ce qui lui donne cette couleur blanche caract\u00e9ristique. Nous choisissons toujours des mati\u00e8res premi\u00e8res de la plus haute qualit\u00e9, telles que nos amandes, 100% espagnoles, sp\u00e9cifiquement de la province de Malaga. Pr\u00e9sent\u00e9 dans ce magnifique coffret en fait un produit id\u00e9al \u00e0 offrir \u00e0 nos amis les plus proches<\/p>\n<h4>Pr\u00e9sentation<\/h4>\n<p align=\"justify\">Emball\u00e9 individuellement dans du papier de soie et pr\u00e9sent\u00e9 dans un coffret cadeau de 500 gr.<\/p>\n","protected":false},"featured_media":4964,"comment_status":"open","ping_status":"closed","template":"","meta":{"_joinchat":[]},"product_brand":[],"product_cat":[887,907,906],"product_tag":[900,899,901,902,903],"class_list":{"0":"post-7243","1":"product","2":"type-product","3":"status-publish","4":"has-post-thumbnail","6":"product_cat-coffrets-cadeaux","7":"product_cat-fait-a-la-main","8":"product_cat-polvorones-fr","9":"product_tag-allergene-darachide","10":"product_tag-allergene-de-gluten","11":"product_tag-allergene-de-noix","12":"product_tag-allergene-de-sesame","13":"product_tag-allergene-sulfite","15":"first","16":"instock","17":"taxable","18":"shipping-taxable","19":"purchasable","20":"product-type-simple"},"yoast_head":"<!-- This site is optimized with the Yoast SEO plugin v27.2 - https:\/\/yoast.com\/product\/yoast-seo-wordpress\/ -->\n<title>Coffret 500 g Polvor\u00f3n aux amandes maison - Dulces La Ponderosa<\/title>\n<meta name=\"description\" content=\"Coffret 500 g Polvor\u00f3n aux amandes fait maison, id\u00e9al comme cadeau. La Ponderosa rapporte \u00e0 la maison les meilleurs bonbons de No\u00ebl !\" \/>\n<meta name=\"robots\" content=\"index, follow, max-snippet:-1, max-image-preview:large, max-video-preview:-1\" \/>\n<link rel=\"canonical\" href=\"https:\/\/www.dulces-laponderosa.com\/fr\/acheter-estepa\/coffret-500-g-polvoron-aux-amandes-maison\/\" \/>\n<meta property=\"og:locale\" content=\"fr_FR\" \/>\n<meta property=\"og:type\" content=\"article\" \/>\n<meta property=\"og:title\" content=\"Coffret 500 g Polvor\u00f3n aux amandes maison - Dulces La Ponderosa\" \/>\n<meta property=\"og:description\" content=\"Coffret 500 g Polvor\u00f3n aux amandes fait maison, id\u00e9al comme cadeau. La Ponderosa rapporte \u00e0 la maison les meilleurs bonbons de No\u00ebl !\" \/>\n<meta property=\"og:url\" content=\"https:\/\/www.dulces-laponderosa.com\/fr\/acheter-estepa\/coffret-500-g-polvoron-aux-amandes-maison\/\" \/>\n<meta property=\"og:site_name\" content=\"Dulces La Ponderosa\" \/>\n<meta property=\"article:modified_time\" content=\"2025-09-18T06:51:30+00:00\" \/>\n<meta property=\"og:image\" content=\"https:\/\/www.dulces-laponderosa.com\/wp-content\/uploads\/2019\/10\/Caja-personalizada-1kg-abierta.jpg\" \/>\n\t<meta property=\"og:image:width\" content=\"800\" \/>\n\t<meta property=\"og:image:height\" content=\"500\" \/>\n\t<meta property=\"og:image:type\" content=\"image\/jpeg\" \/>\n<meta name=\"twitter:card\" content=\"summary_large_image\" \/>\n<script type=\"application\/ld+json\" class=\"yoast-schema-graph\">{\"@context\":\"https:\/\/schema.org\",\"@graph\":[{\"@type\":\"WebPage\",\"@id\":\"https:\/\/www.dulces-laponderosa.com\/fr\/acheter-estepa\/coffret-500-g-polvoron-aux-amandes-maison\/\",\"url\":\"https:\/\/www.dulces-laponderosa.com\/fr\/acheter-estepa\/coffret-500-g-polvoron-aux-amandes-maison\/\",\"name\":\"Coffret 500 g Polvor\u00f3n aux amandes maison - Dulces La Ponderosa\",\"isPartOf\":{\"@id\":\"https:\/\/www.dulces-laponderosa.com\/fr\/#website\"},\"primaryImageOfPage\":{\"@id\":\"https:\/\/www.dulces-laponderosa.com\/fr\/acheter-estepa\/coffret-500-g-polvoron-aux-amandes-maison\/#primaryimage\"},\"image\":{\"@id\":\"https:\/\/www.dulces-laponderosa.com\/fr\/acheter-estepa\/coffret-500-g-polvoron-aux-amandes-maison\/#primaryimage\"},\"thumbnailUrl\":\"https:\/\/www.dulces-laponderosa.com\/wp-content\/uploads\/2019\/10\/Caja-personalizada-1kg-abierta.jpg\",\"datePublished\":\"2019-10-15T15:10:09+00:00\",\"dateModified\":\"2025-09-18T06:51:30+00:00\",\"description\":\"Coffret 500 g Polvor\u00f3n aux amandes fait maison, id\u00e9al comme cadeau. La Ponderosa rapporte \u00e0 la maison les meilleurs bonbons de No\u00ebl !\",\"breadcrumb\":{\"@id\":\"https:\/\/www.dulces-laponderosa.com\/fr\/acheter-estepa\/coffret-500-g-polvoron-aux-amandes-maison\/#breadcrumb\"},\"inLanguage\":\"fr-FR\",\"potentialAction\":[{\"@type\":\"ReadAction\",\"target\":[\"https:\/\/www.dulces-laponderosa.com\/fr\/acheter-estepa\/coffret-500-g-polvoron-aux-amandes-maison\/\"]}]},{\"@type\":\"ImageObject\",\"inLanguage\":\"fr-FR\",\"@id\":\"https:\/\/www.dulces-laponderosa.com\/fr\/acheter-estepa\/coffret-500-g-polvoron-aux-amandes-maison\/#primaryimage\",\"url\":\"https:\/\/www.dulces-laponderosa.com\/wp-content\/uploads\/2019\/10\/Caja-personalizada-1kg-abierta.jpg\",\"contentUrl\":\"https:\/\/www.dulces-laponderosa.com\/wp-content\/uploads\/2019\/10\/Caja-personalizada-1kg-abierta.jpg\",\"width\":800,\"height\":500},{\"@type\":\"BreadcrumbList\",\"@id\":\"https:\/\/www.dulces-laponderosa.com\/fr\/acheter-estepa\/coffret-500-g-polvoron-aux-amandes-maison\/#breadcrumb\",\"itemListElement\":[{\"@type\":\"ListItem\",\"position\":1,\"name\":\"Portada\",\"item\":\"https:\/\/www.dulces-laponderosa.com\/fr\/\"},{\"@type\":\"ListItem\",\"position\":2,\"name\":\"Boutique\",\"item\":\"https:\/\/www.dulces-laponderosa.com\/fr\/boutique\/\"},{\"@type\":\"ListItem\",\"position\":3,\"name\":\"Coffret 500 g Polvor\u00f3n aux amandes maison\"}]},{\"@type\":\"WebSite\",\"@id\":\"https:\/\/www.dulces-laponderosa.com\/fr\/#website\",\"url\":\"https:\/\/www.dulces-laponderosa.com\/fr\/\",\"name\":\"Dulces La Ponderosa\",\"description\":\"Dulces de Navidad desde 1955\",\"potentialAction\":[{\"@type\":\"SearchAction\",\"target\":{\"@type\":\"EntryPoint\",\"urlTemplate\":\"https:\/\/www.dulces-laponderosa.com\/fr\/?s={search_term_string}\"},\"query-input\":{\"@type\":\"PropertyValueSpecification\",\"valueRequired\":true,\"valueName\":\"search_term_string\"}}],\"inLanguage\":\"fr-FR\"}]}<\/script>\n<!-- \/ Yoast SEO plugin. -->","yoast_head_json":{"title":"Coffret 500 g Polvor\u00f3n aux amandes maison - Dulces La Ponderosa","description":"Coffret 500 g Polvor\u00f3n aux amandes fait maison, id\u00e9al comme cadeau. La Ponderosa rapporte \u00e0 la maison les meilleurs bonbons de No\u00ebl !","robots":{"index":"index","follow":"follow","max-snippet":"max-snippet:-1","max-image-preview":"max-image-preview:large","max-video-preview":"max-video-preview:-1"},"canonical":"https:\/\/www.dulces-laponderosa.com\/fr\/acheter-estepa\/coffret-500-g-polvoron-aux-amandes-maison\/","og_locale":"fr_FR","og_type":"article","og_title":"Coffret 500 g Polvor\u00f3n aux amandes maison - Dulces La Ponderosa","og_description":"Coffret 500 g Polvor\u00f3n aux amandes fait maison, id\u00e9al comme cadeau. La Ponderosa rapporte \u00e0 la maison les meilleurs bonbons de No\u00ebl !","og_url":"https:\/\/www.dulces-laponderosa.com\/fr\/acheter-estepa\/coffret-500-g-polvoron-aux-amandes-maison\/","og_site_name":"Dulces La Ponderosa","article_modified_time":"2025-09-18T06:51:30+00:00","og_image":[{"width":800,"height":500,"url":"https:\/\/www.dulces-laponderosa.com\/wp-content\/uploads\/2019\/10\/Caja-personalizada-1kg-abierta.jpg","type":"image\/jpeg"}],"twitter_card":"summary_large_image","schema":{"@context":"https:\/\/schema.org","@graph":[{"@type":"WebPage","@id":"https:\/\/www.dulces-laponderosa.com\/fr\/acheter-estepa\/coffret-500-g-polvoron-aux-amandes-maison\/","url":"https:\/\/www.dulces-laponderosa.com\/fr\/acheter-estepa\/coffret-500-g-polvoron-aux-amandes-maison\/","name":"Coffret 500 g Polvor\u00f3n aux amandes maison - Dulces La Ponderosa","isPartOf":{"@id":"https:\/\/www.dulces-laponderosa.com\/fr\/#website"},"primaryImageOfPage":{"@id":"https:\/\/www.dulces-laponderosa.com\/fr\/acheter-estepa\/coffret-500-g-polvoron-aux-amandes-maison\/#primaryimage"},"image":{"@id":"https:\/\/www.dulces-laponderosa.com\/fr\/acheter-estepa\/coffret-500-g-polvoron-aux-amandes-maison\/#primaryimage"},"thumbnailUrl":"https:\/\/www.dulces-laponderosa.com\/wp-content\/uploads\/2019\/10\/Caja-personalizada-1kg-abierta.jpg","datePublished":"2019-10-15T15:10:09+00:00","dateModified":"2025-09-18T06:51:30+00:00","description":"Coffret 500 g Polvor\u00f3n aux amandes fait maison, id\u00e9al comme cadeau. La Ponderosa rapporte \u00e0 la maison les meilleurs bonbons de No\u00ebl !","breadcrumb":{"@id":"https:\/\/www.dulces-laponderosa.com\/fr\/acheter-estepa\/coffret-500-g-polvoron-aux-amandes-maison\/#breadcrumb"},"inLanguage":"fr-FR","potentialAction":[{"@type":"ReadAction","target":["https:\/\/www.dulces-laponderosa.com\/fr\/acheter-estepa\/coffret-500-g-polvoron-aux-amandes-maison\/"]}]},{"@type":"ImageObject","inLanguage":"fr-FR","@id":"https:\/\/www.dulces-laponderosa.com\/fr\/acheter-estepa\/coffret-500-g-polvoron-aux-amandes-maison\/#primaryimage","url":"https:\/\/www.dulces-laponderosa.com\/wp-content\/uploads\/2019\/10\/Caja-personalizada-1kg-abierta.jpg","contentUrl":"https:\/\/www.dulces-laponderosa.com\/wp-content\/uploads\/2019\/10\/Caja-personalizada-1kg-abierta.jpg","width":800,"height":500},{"@type":"BreadcrumbList","@id":"https:\/\/www.dulces-laponderosa.com\/fr\/acheter-estepa\/coffret-500-g-polvoron-aux-amandes-maison\/#breadcrumb","itemListElement":[{"@type":"ListItem","position":1,"name":"Portada","item":"https:\/\/www.dulces-laponderosa.com\/fr\/"},{"@type":"ListItem","position":2,"name":"Boutique","item":"https:\/\/www.dulces-laponderosa.com\/fr\/boutique\/"},{"@type":"ListItem","position":3,"name":"Coffret 500 g Polvor\u00f3n aux amandes maison"}]},{"@type":"WebSite","@id":"https:\/\/www.dulces-laponderosa.com\/fr\/#website","url":"https:\/\/www.dulces-laponderosa.com\/fr\/","name":"Dulces La Ponderosa","description":"Dulces de Navidad desde 1955","potentialAction":[{"@type":"SearchAction","target":{"@type":"EntryPoint","urlTemplate":"https:\/\/www.dulces-laponderosa.com\/fr\/?s={search_term_string}"},"query-input":{"@type":"PropertyValueSpecification","valueRequired":true,"valueName":"search_term_string"}}],"inLanguage":"fr-FR"}]}},"_links":{"self":[{"href":"https:\/\/www.dulces-laponderosa.com\/fr\/wp-json\/wp\/v2\/product\/7243","targetHints":{"allow":["GET"]}}],"collection":[{"href":"https:\/\/www.dulces-laponderosa.com\/fr\/wp-json\/wp\/v2\/product"}],"about":[{"href":"https:\/\/www.dulces-laponderosa.com\/fr\/wp-json\/wp\/v2\/types\/product"}],"replies":[{"embeddable":true,"href":"https:\/\/www.dulces-laponderosa.com\/fr\/wp-json\/wp\/v2\/comments?post=7243"}],"wp:featuredmedia":[{"embeddable":true,"href":"https:\/\/www.dulces-laponderosa.com\/fr\/wp-json\/wp\/v2\/media\/4964"}],"wp:attachment":[{"href":"https:\/\/www.dulces-laponderosa.com\/fr\/wp-json\/wp\/v2\/media?parent=7243"}],"wp:term":[{"taxonomy":"product_brand","embeddable":true,"href":"https:\/\/www.dulces-laponderosa.com\/fr\/wp-json\/wp\/v2\/product_brand?post=7243"},{"taxonomy":"product_cat","embeddable":true,"href":"https:\/\/www.dulces-laponderosa.com\/fr\/wp-json\/wp\/v2\/product_cat?post=7243"},{"taxonomy":"product_tag","embeddable":true,"href":"https:\/\/www.dulces-laponderosa.com\/fr\/wp-json\/wp\/v2\/product_tag?post=7243"}],"curies":[{"name":"wp","href":"https:\/\/api.w.org\/{rel}","templated":true}]}}