{"id":7249,"date":"2019-10-15T16:10:13","date_gmt":"2021-07-28T06:53:06","guid":{"rendered":"https:\/\/www.dulces-laponderosa.com\/producto\/bonbonniere-a-double-frange-300-grammes\/"},"modified":"2023-09-28T19:16:58","modified_gmt":"2023-09-28T17:16:58","slug":"bonbonniere-a-double-frange-300-grammes","status":"publish","type":"product","link":"https:\/\/www.dulces-laponderosa.com\/fr\/acheter-estepa\/bonbonniere-a-double-frange-300-grammes\/","title":{"rendered":"Bonbonni\u00e8re \u00e0 double frange. 300 grammes"},"content":{"rendered":"<section class=\"l-section wpb_row height_custom\"><div class=\"l-section-h i-cf\"><div class=\"g-cols vc_row via_flex valign_top type_default stacking_default\"><div class=\"vc_col-sm-12 wpb_column vc_column_container\"><div class=\"vc_column-inner\"><div class=\"wpb_wrapper\"><div class=\"wpb_text_column\"><div class=\"wpb_wrapper\"><h4>Ingr\u00e9dients<\/h4>\n<p>Assortiment de quatre chocolats \u00e0 base de chocolat avec<strong> Le Lait<\/strong> et fourr\u00e9e de cr\u00e8me blanche, cr\u00e8me de noisette, cr\u00e8me \u00e0 la truffe ou cr\u00e8me au caramel. Ingr\u00e9dients : 50% de chocolat avec<strong> Le Lait<\/strong> : sucre, beurre de cacao, lait entier en poudre, p\u00e2te de cacao,<strong> petit lait<\/strong> poudre, graisse<strong> laiteux<\/strong> lanhydra, \u00e9mulsifiant : l\u00e9cithine<strong> soja<\/strong> (E-322) et ar\u00f4me de vanille. Garniture \u00e0 50 % : sucre, graisses et huiles v\u00e9g\u00e9tales (palme, palmiste, coco et tournesol) en proportions variables,<strong> petit lait<\/strong> poudre, poudre de cacao d\u00e9graiss\u00e9,<strong> Le Lait<\/strong> lait entier en poudre, lait \u00e9cr\u00e9m\u00e9 en poudre, 0,5%<strong> noisettes<\/strong> , \u00e9mulsifiant : l\u00e9cithine<strong> soja<\/strong> (E-322), ar\u00f4mes et colorants E-160c. <strong>Peut contenir des traces d&rsquo;autres fruits \u00e0 coque (amandes). SANS GLUTEN<\/strong><\/p>\n<h4>Allerg\u00e8nes<\/h4>\n<p>Contient du lait et ses d\u00e9riv\u00e9s (dont le lactose) et du soja. Peut contenir des traces de fruits \u00e0 coque et d&rsquo;arachides. SANS GLUTEN.<\/p>\n<h4>Tableau nutritionnel<\/h4>\n<\/div><\/div><\/div><\/div><\/div><\/div><\/div><\/section>\n","protected":false},"excerpt":{"rendered":"<h4>La description<\/h4>\n<p>Le seau \u00e0 double frange sera la chute de tous ces amateurs de chocolat. Id\u00e9al en cadeau, il est fourr\u00e9 de chocolats au chocolat au lait et fourr\u00e9 de cr\u00e8me blanche, cr\u00e8me de noisette, cr\u00e8me \u00e0 la truffe ou cr\u00e8me au caramel. Ajoutez-le \u00e0 votre panier et surprenez votre gourmandise !<\/p>\n<h4>Pr\u00e9sentation<\/h4>\n<p>Emball\u00e9 individuellement et pr\u00e9sent\u00e9 dans une bo\u00eete \u00e0 bonbons<\/p>\n","protected":false},"featured_media":4926,"comment_status":"open","ping_status":"closed","template":"","meta":{"_joinchat":[]},"product_brand":[],"product_cat":[918,919],"product_tag":[900,901,915,913],"class_list":{"0":"post-7249","1":"product","2":"type-product","3":"status-publish","4":"has-post-thumbnail","6":"product_cat-chocolats-assortis-a-double-frange","7":"product_cat-sans-gluten","8":"product_tag-allergene-darachide","9":"product_tag-allergene-de-noix","10":"product_tag-allergene-de-soja","11":"product_tag-allergene-du-lait","13":"first","14":"instock","15":"taxable","16":"shipping-taxable","17":"purchasable","18":"product-type-simple"},"yoast_head":"<!-- This site is optimized with the Yoast SEO plugin v27.2 - https:\/\/yoast.com\/product\/yoast-seo-wordpress\/ -->\n<title>Bonbonni\u00e8re \u00e0 double frange. 300 grammes - Dulces La Ponderosa<\/title>\n<meta name=\"description\" content=\"D\u00e9licieux assortiments de chocolats \u00e0 double franges pr\u00e9sent\u00e9s dans un seau de 300 gr. La Ponderosa rapporte \u00e0 la maison les meilleurs bonbons de No\u00ebl !\" \/>\n<meta name=\"robots\" content=\"index, follow, max-snippet:-1, max-image-preview:large, max-video-preview:-1\" \/>\n<link rel=\"canonical\" href=\"https:\/\/www.dulces-laponderosa.com\/fr\/acheter-estepa\/bonbonniere-a-double-frange-300-grammes\/\" \/>\n<meta property=\"og:locale\" content=\"fr_FR\" \/>\n<meta property=\"og:type\" content=\"article\" \/>\n<meta property=\"og:title\" content=\"Bonbonni\u00e8re \u00e0 double frange. 300 grammes - Dulces La Ponderosa\" \/>\n<meta property=\"og:description\" content=\"D\u00e9licieux assortiments de chocolats \u00e0 double franges pr\u00e9sent\u00e9s dans un seau de 300 gr. La Ponderosa rapporte \u00e0 la maison les meilleurs bonbons de No\u00ebl !\" \/>\n<meta property=\"og:url\" content=\"https:\/\/www.dulces-laponderosa.com\/fr\/acheter-estepa\/bonbonniere-a-double-frange-300-grammes\/\" \/>\n<meta property=\"og:site_name\" content=\"Dulces La Ponderosa\" \/>\n<meta property=\"article:modified_time\" content=\"2023-09-28T17:16:58+00:00\" \/>\n<meta property=\"og:image\" content=\"https:\/\/www.dulces-laponderosa.com\/wp-content\/uploads\/2019\/10\/Bombonera-doble-fleco-300-gramos-La-Ponderosa.jpg\" \/>\n\t<meta property=\"og:image:width\" content=\"800\" \/>\n\t<meta property=\"og:image:height\" content=\"500\" \/>\n\t<meta property=\"og:image:type\" content=\"image\/jpeg\" \/>\n<meta name=\"twitter:card\" content=\"summary_large_image\" \/>\n<meta name=\"twitter:label1\" content=\"Dur\u00e9e de lecture estim\u00e9e\" \/>\n\t<meta name=\"twitter:data1\" content=\"1 minute\" \/>\n<script type=\"application\/ld+json\" class=\"yoast-schema-graph\">{\"@context\":\"https:\/\/schema.org\",\"@graph\":[{\"@type\":\"WebPage\",\"@id\":\"https:\/\/www.dulces-laponderosa.com\/fr\/acheter-estepa\/bonbonniere-a-double-frange-300-grammes\/\",\"url\":\"https:\/\/www.dulces-laponderosa.com\/fr\/acheter-estepa\/bonbonniere-a-double-frange-300-grammes\/\",\"name\":\"Bonbonni\u00e8re \u00e0 double frange. 300 grammes - Dulces La Ponderosa\",\"isPartOf\":{\"@id\":\"https:\/\/www.dulces-laponderosa.com\/fr\/#website\"},\"primaryImageOfPage\":{\"@id\":\"https:\/\/www.dulces-laponderosa.com\/fr\/acheter-estepa\/bonbonniere-a-double-frange-300-grammes\/#primaryimage\"},\"image\":{\"@id\":\"https:\/\/www.dulces-laponderosa.com\/fr\/acheter-estepa\/bonbonniere-a-double-frange-300-grammes\/#primaryimage\"},\"thumbnailUrl\":\"https:\/\/www.dulces-laponderosa.com\/wp-content\/uploads\/2019\/10\/Bombonera-doble-fleco-300-gramos-La-Ponderosa.jpg\",\"datePublished\":\"2021-07-28T06:53:06+00:00\",\"dateModified\":\"2023-09-28T17:16:58+00:00\",\"description\":\"D\u00e9licieux assortiments de chocolats \u00e0 double franges pr\u00e9sent\u00e9s dans un seau de 300 gr. La Ponderosa rapporte \u00e0 la maison les meilleurs bonbons de No\u00ebl !\",\"breadcrumb\":{\"@id\":\"https:\/\/www.dulces-laponderosa.com\/fr\/acheter-estepa\/bonbonniere-a-double-frange-300-grammes\/#breadcrumb\"},\"inLanguage\":\"fr-FR\",\"potentialAction\":[{\"@type\":\"ReadAction\",\"target\":[\"https:\/\/www.dulces-laponderosa.com\/fr\/acheter-estepa\/bonbonniere-a-double-frange-300-grammes\/\"]}]},{\"@type\":\"ImageObject\",\"inLanguage\":\"fr-FR\",\"@id\":\"https:\/\/www.dulces-laponderosa.com\/fr\/acheter-estepa\/bonbonniere-a-double-frange-300-grammes\/#primaryimage\",\"url\":\"https:\/\/www.dulces-laponderosa.com\/wp-content\/uploads\/2019\/10\/Bombonera-doble-fleco-300-gramos-La-Ponderosa.jpg\",\"contentUrl\":\"https:\/\/www.dulces-laponderosa.com\/wp-content\/uploads\/2019\/10\/Bombonera-doble-fleco-300-gramos-La-Ponderosa.jpg\",\"width\":800,\"height\":500},{\"@type\":\"BreadcrumbList\",\"@id\":\"https:\/\/www.dulces-laponderosa.com\/fr\/acheter-estepa\/bonbonniere-a-double-frange-300-grammes\/#breadcrumb\",\"itemListElement\":[{\"@type\":\"ListItem\",\"position\":1,\"name\":\"Portada\",\"item\":\"https:\/\/www.dulces-laponderosa.com\/fr\/\"},{\"@type\":\"ListItem\",\"position\":2,\"name\":\"Boutique\",\"item\":\"https:\/\/www.dulces-laponderosa.com\/fr\/boutique\/\"},{\"@type\":\"ListItem\",\"position\":3,\"name\":\"Bonbonni\u00e8re \u00e0 double frange. 300 grammes\"}]},{\"@type\":\"WebSite\",\"@id\":\"https:\/\/www.dulces-laponderosa.com\/fr\/#website\",\"url\":\"https:\/\/www.dulces-laponderosa.com\/fr\/\",\"name\":\"Dulces La Ponderosa\",\"description\":\"Dulces de Navidad desde 1955\",\"potentialAction\":[{\"@type\":\"SearchAction\",\"target\":{\"@type\":\"EntryPoint\",\"urlTemplate\":\"https:\/\/www.dulces-laponderosa.com\/fr\/?s={search_term_string}\"},\"query-input\":{\"@type\":\"PropertyValueSpecification\",\"valueRequired\":true,\"valueName\":\"search_term_string\"}}],\"inLanguage\":\"fr-FR\"}]}<\/script>\n<!-- \/ Yoast SEO plugin. -->","yoast_head_json":{"title":"Bonbonni\u00e8re \u00e0 double frange. 300 grammes - Dulces La Ponderosa","description":"D\u00e9licieux assortiments de chocolats \u00e0 double franges pr\u00e9sent\u00e9s dans un seau de 300 gr. La Ponderosa rapporte \u00e0 la maison les meilleurs bonbons de No\u00ebl !","robots":{"index":"index","follow":"follow","max-snippet":"max-snippet:-1","max-image-preview":"max-image-preview:large","max-video-preview":"max-video-preview:-1"},"canonical":"https:\/\/www.dulces-laponderosa.com\/fr\/acheter-estepa\/bonbonniere-a-double-frange-300-grammes\/","og_locale":"fr_FR","og_type":"article","og_title":"Bonbonni\u00e8re \u00e0 double frange. 300 grammes - Dulces La Ponderosa","og_description":"D\u00e9licieux assortiments de chocolats \u00e0 double franges pr\u00e9sent\u00e9s dans un seau de 300 gr. La Ponderosa rapporte \u00e0 la maison les meilleurs bonbons de No\u00ebl !","og_url":"https:\/\/www.dulces-laponderosa.com\/fr\/acheter-estepa\/bonbonniere-a-double-frange-300-grammes\/","og_site_name":"Dulces La Ponderosa","article_modified_time":"2023-09-28T17:16:58+00:00","og_image":[{"width":800,"height":500,"url":"https:\/\/www.dulces-laponderosa.com\/wp-content\/uploads\/2019\/10\/Bombonera-doble-fleco-300-gramos-La-Ponderosa.jpg","type":"image\/jpeg"}],"twitter_card":"summary_large_image","twitter_misc":{"Dur\u00e9e de lecture estim\u00e9e":"1 minute"},"schema":{"@context":"https:\/\/schema.org","@graph":[{"@type":"WebPage","@id":"https:\/\/www.dulces-laponderosa.com\/fr\/acheter-estepa\/bonbonniere-a-double-frange-300-grammes\/","url":"https:\/\/www.dulces-laponderosa.com\/fr\/acheter-estepa\/bonbonniere-a-double-frange-300-grammes\/","name":"Bonbonni\u00e8re \u00e0 double frange. 300 grammes - Dulces La Ponderosa","isPartOf":{"@id":"https:\/\/www.dulces-laponderosa.com\/fr\/#website"},"primaryImageOfPage":{"@id":"https:\/\/www.dulces-laponderosa.com\/fr\/acheter-estepa\/bonbonniere-a-double-frange-300-grammes\/#primaryimage"},"image":{"@id":"https:\/\/www.dulces-laponderosa.com\/fr\/acheter-estepa\/bonbonniere-a-double-frange-300-grammes\/#primaryimage"},"thumbnailUrl":"https:\/\/www.dulces-laponderosa.com\/wp-content\/uploads\/2019\/10\/Bombonera-doble-fleco-300-gramos-La-Ponderosa.jpg","datePublished":"2021-07-28T06:53:06+00:00","dateModified":"2023-09-28T17:16:58+00:00","description":"D\u00e9licieux assortiments de chocolats \u00e0 double franges pr\u00e9sent\u00e9s dans un seau de 300 gr. La Ponderosa rapporte \u00e0 la maison les meilleurs bonbons de No\u00ebl !","breadcrumb":{"@id":"https:\/\/www.dulces-laponderosa.com\/fr\/acheter-estepa\/bonbonniere-a-double-frange-300-grammes\/#breadcrumb"},"inLanguage":"fr-FR","potentialAction":[{"@type":"ReadAction","target":["https:\/\/www.dulces-laponderosa.com\/fr\/acheter-estepa\/bonbonniere-a-double-frange-300-grammes\/"]}]},{"@type":"ImageObject","inLanguage":"fr-FR","@id":"https:\/\/www.dulces-laponderosa.com\/fr\/acheter-estepa\/bonbonniere-a-double-frange-300-grammes\/#primaryimage","url":"https:\/\/www.dulces-laponderosa.com\/wp-content\/uploads\/2019\/10\/Bombonera-doble-fleco-300-gramos-La-Ponderosa.jpg","contentUrl":"https:\/\/www.dulces-laponderosa.com\/wp-content\/uploads\/2019\/10\/Bombonera-doble-fleco-300-gramos-La-Ponderosa.jpg","width":800,"height":500},{"@type":"BreadcrumbList","@id":"https:\/\/www.dulces-laponderosa.com\/fr\/acheter-estepa\/bonbonniere-a-double-frange-300-grammes\/#breadcrumb","itemListElement":[{"@type":"ListItem","position":1,"name":"Portada","item":"https:\/\/www.dulces-laponderosa.com\/fr\/"},{"@type":"ListItem","position":2,"name":"Boutique","item":"https:\/\/www.dulces-laponderosa.com\/fr\/boutique\/"},{"@type":"ListItem","position":3,"name":"Bonbonni\u00e8re \u00e0 double frange. 300 grammes"}]},{"@type":"WebSite","@id":"https:\/\/www.dulces-laponderosa.com\/fr\/#website","url":"https:\/\/www.dulces-laponderosa.com\/fr\/","name":"Dulces La Ponderosa","description":"Dulces de Navidad desde 1955","potentialAction":[{"@type":"SearchAction","target":{"@type":"EntryPoint","urlTemplate":"https:\/\/www.dulces-laponderosa.com\/fr\/?s={search_term_string}"},"query-input":{"@type":"PropertyValueSpecification","valueRequired":true,"valueName":"search_term_string"}}],"inLanguage":"fr-FR"}]}},"_links":{"self":[{"href":"https:\/\/www.dulces-laponderosa.com\/fr\/wp-json\/wp\/v2\/product\/7249","targetHints":{"allow":["GET"]}}],"collection":[{"href":"https:\/\/www.dulces-laponderosa.com\/fr\/wp-json\/wp\/v2\/product"}],"about":[{"href":"https:\/\/www.dulces-laponderosa.com\/fr\/wp-json\/wp\/v2\/types\/product"}],"replies":[{"embeddable":true,"href":"https:\/\/www.dulces-laponderosa.com\/fr\/wp-json\/wp\/v2\/comments?post=7249"}],"wp:featuredmedia":[{"embeddable":true,"href":"https:\/\/www.dulces-laponderosa.com\/fr\/wp-json\/wp\/v2\/media\/4926"}],"wp:attachment":[{"href":"https:\/\/www.dulces-laponderosa.com\/fr\/wp-json\/wp\/v2\/media?parent=7249"}],"wp:term":[{"taxonomy":"product_brand","embeddable":true,"href":"https:\/\/www.dulces-laponderosa.com\/fr\/wp-json\/wp\/v2\/product_brand?post=7249"},{"taxonomy":"product_cat","embeddable":true,"href":"https:\/\/www.dulces-laponderosa.com\/fr\/wp-json\/wp\/v2\/product_cat?post=7249"},{"taxonomy":"product_tag","embeddable":true,"href":"https:\/\/www.dulces-laponderosa.com\/fr\/wp-json\/wp\/v2\/product_tag?post=7249"}],"curies":[{"name":"wp","href":"https:\/\/api.w.org\/{rel}","templated":true}]}}