{"id":7250,"date":"2019-10-15T16:10:14","date_gmt":"2021-07-28T06:53:16","guid":{"rendered":"https:\/\/www.dulces-laponderosa.com\/producto\/bonbonniere-aux-amandes-fourree-au-praline-et-chocolat-belge\/"},"modified":"2023-05-09T16:17:21","modified_gmt":"2023-05-09T14:17:21","slug":"bonbonniere-aux-amandes-fourree-au-praline-et-chocolat-belge","status":"publish","type":"product","link":"https:\/\/www.dulces-laponderosa.com\/fr\/acheter-estepa\/bonbonniere-aux-amandes-fourree-au-praline-et-chocolat-belge\/","title":{"rendered":"Bonbonni\u00e8re aux amandes fourr\u00e9e au pralin\u00e9 et chocolat belge"},"content":{"rendered":"<section class=\"l-section wpb_row height_custom\"><div class=\"l-section-h i-cf\"><div class=\"g-cols vc_row via_flex valign_top type_default stacking_default\"><div class=\"vc_col-sm-12 wpb_column vc_column_container\"><div class=\"vc_column-inner\"><div class=\"wpb_wrapper\"><div class=\"wpb_text_column\"><div class=\"wpb_wrapper\"><h4>Ingr\u00e9dients<\/h4>\n<p>Farine de <strong>bl\u00e9<\/strong> , sucre, cr\u00e8me de cacao avec <strong>noisettes<\/strong> (sucre, huile v\u00e9g\u00e9tale (tournesol, soja et\/ou colza en proportions variables), poudre de cacao d\u00e9graiss\u00e9, amidon modifi\u00e9, \u00e9mulsifiant : E-322 (contient <strong>soja<\/strong> ), p\u00e2te de <strong>Noisette<\/strong> , ar\u00f4mes et antioxydants : E-306, E-304i), graisse de palme, chocolat noir (10%) (sucre, p\u00e2te de cacao, beurre de cacao, \u00e9mulsifiant : E-322 (contient du soja) et ar\u00f4me naturel de vanille) , gaufrette (farine <strong>bl\u00e9<\/strong> , \u00e9mulsifiant : E-322 (contient <strong>soja<\/strong> ), poudre \u00e0 lever : E-500ii), <strong>amande<\/strong> , poudre de cacao, ar\u00f4me de nougat et ar\u00f4me de <strong>amande<\/strong> .<\/p>\n<h4>Allerg\u00e8nes<\/h4>\n<p>Contient du gluten, des noix et des d\u00e9riv\u00e9s de soja. Peut contenir des traces d&rsquo;arachides, de lait et de leurs d\u00e9riv\u00e9s (dont lactose).<\/p>\n<h4>Tableau nutritionnel<\/h4>\n<\/div><\/div><\/div><\/div><\/div><\/div><\/div><\/section><section class=\"l-section wpb_row height_custom\"><div class=\"l-section-h i-cf\"><div class=\"g-cols vc_row via_flex valign_top type_default stacking_default\"><div class=\"vc_col-sm-12 wpb_column vc_column_container\"><div class=\"vc_column-inner\"><div class=\"wpb_wrapper\"><div class=\"wpb_text_column\"><div class=\"wpb_wrapper\"><\/div><\/div><\/div><\/div><\/div><\/div><\/div><\/section>\n","protected":false},"excerpt":{"rendered":"<h4>La description<\/h4>\n<p>Nouveau produit de La Ponderosa ! Gaufrette fine en forme d&rsquo;amande fourr\u00e9e d&rsquo;une d\u00e9licieuse cr\u00e8me pralin\u00e9e et chocolat belge.<\/p>\n<h4>Pr\u00e9sentation<\/h4>\n<p align=\"justify\">Dans un seau transparent de 300 gr.<\/p>\n","protected":false},"featured_media":4923,"comment_status":"open","ping_status":"closed","template":"","meta":{"_joinchat":[]},"product_brand":[],"product_cat":[921,920],"product_tag":[900,899,901,915,913],"class_list":{"0":"post-7250","1":"product","2":"type-product","3":"status-publish","4":"has-post-thumbnail","6":"product_cat-amandes-farcies-aux-amandes","7":"product_cat-specialites","8":"product_tag-allergene-darachide","9":"product_tag-allergene-de-gluten","10":"product_tag-allergene-de-noix","11":"product_tag-allergene-de-soja","12":"product_tag-allergene-du-lait","14":"first","15":"outofstock","16":"taxable","17":"shipping-taxable","18":"purchasable","19":"product-type-simple"},"yoast_head":"<!-- This site is optimized with the Yoast SEO plugin v27.2 - https:\/\/yoast.com\/product\/yoast-seo-wordpress\/ -->\n<title>Bonbonni\u00e8re aux amandes fourr\u00e9e au pralin\u00e9 et chocolat belge - Dulces La Ponderosa<\/title>\n<meta name=\"description\" content=\"De d\u00e9licieuses amandes fourr\u00e9es au pralin\u00e9 et au chocolat belge dans une bonbonni\u00e8re de 300 gr. La Ponderosa ram\u00e8ne \u00e0 la maison les meilleures douceurs de No\u00ebl !\" \/>\n<meta name=\"robots\" content=\"index, follow, max-snippet:-1, max-image-preview:large, max-video-preview:-1\" \/>\n<link rel=\"canonical\" href=\"https:\/\/www.dulces-laponderosa.com\/fr\/acheter-estepa\/bonbonniere-aux-amandes-fourree-au-praline-et-chocolat-belge\/\" \/>\n<meta property=\"og:locale\" content=\"fr_FR\" \/>\n<meta property=\"og:type\" content=\"article\" \/>\n<meta property=\"og:title\" content=\"Bonbonni\u00e8re aux amandes fourr\u00e9e au pralin\u00e9 et chocolat belge - Dulces La Ponderosa\" \/>\n<meta property=\"og:description\" content=\"De d\u00e9licieuses amandes fourr\u00e9es au pralin\u00e9 et au chocolat belge dans une bonbonni\u00e8re de 300 gr. La Ponderosa ram\u00e8ne \u00e0 la maison les meilleures douceurs de No\u00ebl !\" \/>\n<meta property=\"og:url\" content=\"https:\/\/www.dulces-laponderosa.com\/fr\/acheter-estepa\/bonbonniere-aux-amandes-fourree-au-praline-et-chocolat-belge\/\" \/>\n<meta property=\"og:site_name\" content=\"Dulces La Ponderosa\" \/>\n<meta property=\"article:modified_time\" content=\"2023-05-09T14:17:21+00:00\" \/>\n<meta property=\"og:image\" content=\"https:\/\/www.dulces-laponderosa.com\/wp-content\/uploads\/2019\/10\/Almendra-rellena-de-praline-y-chocolate-belga.-Bombonera-300-gramos-La-Ponderosa.jpg\" \/>\n\t<meta property=\"og:image:width\" content=\"800\" \/>\n\t<meta property=\"og:image:height\" content=\"500\" \/>\n\t<meta property=\"og:image:type\" content=\"image\/jpeg\" \/>\n<meta name=\"twitter:card\" content=\"summary_large_image\" \/>\n<meta name=\"twitter:label1\" content=\"Dur\u00e9e de lecture estim\u00e9e\" \/>\n\t<meta name=\"twitter:data1\" content=\"1 minute\" \/>\n<script type=\"application\/ld+json\" class=\"yoast-schema-graph\">{\"@context\":\"https:\/\/schema.org\",\"@graph\":[{\"@type\":\"WebPage\",\"@id\":\"https:\/\/www.dulces-laponderosa.com\/fr\/acheter-estepa\/bonbonniere-aux-amandes-fourree-au-praline-et-chocolat-belge\/\",\"url\":\"https:\/\/www.dulces-laponderosa.com\/fr\/acheter-estepa\/bonbonniere-aux-amandes-fourree-au-praline-et-chocolat-belge\/\",\"name\":\"Bonbonni\u00e8re aux amandes fourr\u00e9e au pralin\u00e9 et chocolat belge - Dulces La Ponderosa\",\"isPartOf\":{\"@id\":\"https:\/\/www.dulces-laponderosa.com\/fr\/#website\"},\"primaryImageOfPage\":{\"@id\":\"https:\/\/www.dulces-laponderosa.com\/fr\/acheter-estepa\/bonbonniere-aux-amandes-fourree-au-praline-et-chocolat-belge\/#primaryimage\"},\"image\":{\"@id\":\"https:\/\/www.dulces-laponderosa.com\/fr\/acheter-estepa\/bonbonniere-aux-amandes-fourree-au-praline-et-chocolat-belge\/#primaryimage\"},\"thumbnailUrl\":\"https:\/\/www.dulces-laponderosa.com\/wp-content\/uploads\/2019\/10\/Almendra-rellena-de-praline-y-chocolate-belga.-Bombonera-300-gramos-La-Ponderosa.jpg\",\"datePublished\":\"2021-07-28T06:53:16+00:00\",\"dateModified\":\"2023-05-09T14:17:21+00:00\",\"description\":\"De d\u00e9licieuses amandes fourr\u00e9es au pralin\u00e9 et au chocolat belge dans une bonbonni\u00e8re de 300 gr. La Ponderosa ram\u00e8ne \u00e0 la maison les meilleures douceurs de No\u00ebl !\",\"breadcrumb\":{\"@id\":\"https:\/\/www.dulces-laponderosa.com\/fr\/acheter-estepa\/bonbonniere-aux-amandes-fourree-au-praline-et-chocolat-belge\/#breadcrumb\"},\"inLanguage\":\"fr-FR\",\"potentialAction\":[{\"@type\":\"ReadAction\",\"target\":[\"https:\/\/www.dulces-laponderosa.com\/fr\/acheter-estepa\/bonbonniere-aux-amandes-fourree-au-praline-et-chocolat-belge\/\"]}]},{\"@type\":\"ImageObject\",\"inLanguage\":\"fr-FR\",\"@id\":\"https:\/\/www.dulces-laponderosa.com\/fr\/acheter-estepa\/bonbonniere-aux-amandes-fourree-au-praline-et-chocolat-belge\/#primaryimage\",\"url\":\"https:\/\/www.dulces-laponderosa.com\/wp-content\/uploads\/2019\/10\/Almendra-rellena-de-praline-y-chocolate-belga.-Bombonera-300-gramos-La-Ponderosa.jpg\",\"contentUrl\":\"https:\/\/www.dulces-laponderosa.com\/wp-content\/uploads\/2019\/10\/Almendra-rellena-de-praline-y-chocolate-belga.-Bombonera-300-gramos-La-Ponderosa.jpg\",\"width\":800,\"height\":500},{\"@type\":\"BreadcrumbList\",\"@id\":\"https:\/\/www.dulces-laponderosa.com\/fr\/acheter-estepa\/bonbonniere-aux-amandes-fourree-au-praline-et-chocolat-belge\/#breadcrumb\",\"itemListElement\":[{\"@type\":\"ListItem\",\"position\":1,\"name\":\"Portada\",\"item\":\"https:\/\/www.dulces-laponderosa.com\/fr\/\"},{\"@type\":\"ListItem\",\"position\":2,\"name\":\"Boutique\",\"item\":\"https:\/\/www.dulces-laponderosa.com\/fr\/boutique\/\"},{\"@type\":\"ListItem\",\"position\":3,\"name\":\"Bonbonni\u00e8re aux amandes fourr\u00e9e au pralin\u00e9 et chocolat belge\"}]},{\"@type\":\"WebSite\",\"@id\":\"https:\/\/www.dulces-laponderosa.com\/fr\/#website\",\"url\":\"https:\/\/www.dulces-laponderosa.com\/fr\/\",\"name\":\"Dulces La Ponderosa\",\"description\":\"Dulces de Navidad desde 1955\",\"potentialAction\":[{\"@type\":\"SearchAction\",\"target\":{\"@type\":\"EntryPoint\",\"urlTemplate\":\"https:\/\/www.dulces-laponderosa.com\/fr\/?s={search_term_string}\"},\"query-input\":{\"@type\":\"PropertyValueSpecification\",\"valueRequired\":true,\"valueName\":\"search_term_string\"}}],\"inLanguage\":\"fr-FR\"}]}<\/script>\n<!-- \/ Yoast SEO plugin. -->","yoast_head_json":{"title":"Bonbonni\u00e8re aux amandes fourr\u00e9e au pralin\u00e9 et chocolat belge - Dulces La Ponderosa","description":"De d\u00e9licieuses amandes fourr\u00e9es au pralin\u00e9 et au chocolat belge dans une bonbonni\u00e8re de 300 gr. La Ponderosa ram\u00e8ne \u00e0 la maison les meilleures douceurs de No\u00ebl !","robots":{"index":"index","follow":"follow","max-snippet":"max-snippet:-1","max-image-preview":"max-image-preview:large","max-video-preview":"max-video-preview:-1"},"canonical":"https:\/\/www.dulces-laponderosa.com\/fr\/acheter-estepa\/bonbonniere-aux-amandes-fourree-au-praline-et-chocolat-belge\/","og_locale":"fr_FR","og_type":"article","og_title":"Bonbonni\u00e8re aux amandes fourr\u00e9e au pralin\u00e9 et chocolat belge - Dulces La Ponderosa","og_description":"De d\u00e9licieuses amandes fourr\u00e9es au pralin\u00e9 et au chocolat belge dans une bonbonni\u00e8re de 300 gr. La Ponderosa ram\u00e8ne \u00e0 la maison les meilleures douceurs de No\u00ebl !","og_url":"https:\/\/www.dulces-laponderosa.com\/fr\/acheter-estepa\/bonbonniere-aux-amandes-fourree-au-praline-et-chocolat-belge\/","og_site_name":"Dulces La Ponderosa","article_modified_time":"2023-05-09T14:17:21+00:00","og_image":[{"width":800,"height":500,"url":"https:\/\/www.dulces-laponderosa.com\/wp-content\/uploads\/2019\/10\/Almendra-rellena-de-praline-y-chocolate-belga.-Bombonera-300-gramos-La-Ponderosa.jpg","type":"image\/jpeg"}],"twitter_card":"summary_large_image","twitter_misc":{"Dur\u00e9e de lecture estim\u00e9e":"1 minute"},"schema":{"@context":"https:\/\/schema.org","@graph":[{"@type":"WebPage","@id":"https:\/\/www.dulces-laponderosa.com\/fr\/acheter-estepa\/bonbonniere-aux-amandes-fourree-au-praline-et-chocolat-belge\/","url":"https:\/\/www.dulces-laponderosa.com\/fr\/acheter-estepa\/bonbonniere-aux-amandes-fourree-au-praline-et-chocolat-belge\/","name":"Bonbonni\u00e8re aux amandes fourr\u00e9e au pralin\u00e9 et chocolat belge - Dulces La Ponderosa","isPartOf":{"@id":"https:\/\/www.dulces-laponderosa.com\/fr\/#website"},"primaryImageOfPage":{"@id":"https:\/\/www.dulces-laponderosa.com\/fr\/acheter-estepa\/bonbonniere-aux-amandes-fourree-au-praline-et-chocolat-belge\/#primaryimage"},"image":{"@id":"https:\/\/www.dulces-laponderosa.com\/fr\/acheter-estepa\/bonbonniere-aux-amandes-fourree-au-praline-et-chocolat-belge\/#primaryimage"},"thumbnailUrl":"https:\/\/www.dulces-laponderosa.com\/wp-content\/uploads\/2019\/10\/Almendra-rellena-de-praline-y-chocolate-belga.-Bombonera-300-gramos-La-Ponderosa.jpg","datePublished":"2021-07-28T06:53:16+00:00","dateModified":"2023-05-09T14:17:21+00:00","description":"De d\u00e9licieuses amandes fourr\u00e9es au pralin\u00e9 et au chocolat belge dans une bonbonni\u00e8re de 300 gr. La Ponderosa ram\u00e8ne \u00e0 la maison les meilleures douceurs de No\u00ebl !","breadcrumb":{"@id":"https:\/\/www.dulces-laponderosa.com\/fr\/acheter-estepa\/bonbonniere-aux-amandes-fourree-au-praline-et-chocolat-belge\/#breadcrumb"},"inLanguage":"fr-FR","potentialAction":[{"@type":"ReadAction","target":["https:\/\/www.dulces-laponderosa.com\/fr\/acheter-estepa\/bonbonniere-aux-amandes-fourree-au-praline-et-chocolat-belge\/"]}]},{"@type":"ImageObject","inLanguage":"fr-FR","@id":"https:\/\/www.dulces-laponderosa.com\/fr\/acheter-estepa\/bonbonniere-aux-amandes-fourree-au-praline-et-chocolat-belge\/#primaryimage","url":"https:\/\/www.dulces-laponderosa.com\/wp-content\/uploads\/2019\/10\/Almendra-rellena-de-praline-y-chocolate-belga.-Bombonera-300-gramos-La-Ponderosa.jpg","contentUrl":"https:\/\/www.dulces-laponderosa.com\/wp-content\/uploads\/2019\/10\/Almendra-rellena-de-praline-y-chocolate-belga.-Bombonera-300-gramos-La-Ponderosa.jpg","width":800,"height":500},{"@type":"BreadcrumbList","@id":"https:\/\/www.dulces-laponderosa.com\/fr\/acheter-estepa\/bonbonniere-aux-amandes-fourree-au-praline-et-chocolat-belge\/#breadcrumb","itemListElement":[{"@type":"ListItem","position":1,"name":"Portada","item":"https:\/\/www.dulces-laponderosa.com\/fr\/"},{"@type":"ListItem","position":2,"name":"Boutique","item":"https:\/\/www.dulces-laponderosa.com\/fr\/boutique\/"},{"@type":"ListItem","position":3,"name":"Bonbonni\u00e8re aux amandes fourr\u00e9e au pralin\u00e9 et chocolat belge"}]},{"@type":"WebSite","@id":"https:\/\/www.dulces-laponderosa.com\/fr\/#website","url":"https:\/\/www.dulces-laponderosa.com\/fr\/","name":"Dulces La Ponderosa","description":"Dulces de Navidad desde 1955","potentialAction":[{"@type":"SearchAction","target":{"@type":"EntryPoint","urlTemplate":"https:\/\/www.dulces-laponderosa.com\/fr\/?s={search_term_string}"},"query-input":{"@type":"PropertyValueSpecification","valueRequired":true,"valueName":"search_term_string"}}],"inLanguage":"fr-FR"}]}},"_links":{"self":[{"href":"https:\/\/www.dulces-laponderosa.com\/fr\/wp-json\/wp\/v2\/product\/7250","targetHints":{"allow":["GET"]}}],"collection":[{"href":"https:\/\/www.dulces-laponderosa.com\/fr\/wp-json\/wp\/v2\/product"}],"about":[{"href":"https:\/\/www.dulces-laponderosa.com\/fr\/wp-json\/wp\/v2\/types\/product"}],"replies":[{"embeddable":true,"href":"https:\/\/www.dulces-laponderosa.com\/fr\/wp-json\/wp\/v2\/comments?post=7250"}],"wp:featuredmedia":[{"embeddable":true,"href":"https:\/\/www.dulces-laponderosa.com\/fr\/wp-json\/wp\/v2\/media\/4923"}],"wp:attachment":[{"href":"https:\/\/www.dulces-laponderosa.com\/fr\/wp-json\/wp\/v2\/media?parent=7250"}],"wp:term":[{"taxonomy":"product_brand","embeddable":true,"href":"https:\/\/www.dulces-laponderosa.com\/fr\/wp-json\/wp\/v2\/product_brand?post=7250"},{"taxonomy":"product_cat","embeddable":true,"href":"https:\/\/www.dulces-laponderosa.com\/fr\/wp-json\/wp\/v2\/product_cat?post=7250"},{"taxonomy":"product_tag","embeddable":true,"href":"https:\/\/www.dulces-laponderosa.com\/fr\/wp-json\/wp\/v2\/product_tag?post=7250"}],"curies":[{"name":"wp","href":"https:\/\/api.w.org\/{rel}","templated":true}]}}