{"id":7259,"date":"2017-11-02T15:33:53","date_gmt":"2021-07-28T06:54:14","guid":{"rendered":"https:\/\/www.dulces-laponderosa.com\/producto\/centre-dassortiment-artisanal-1kg\/"},"modified":"2023-09-28T19:17:04","modified_gmt":"2023-09-28T17:17:04","slug":"centre-dassortiment-artisanal-1kg","status":"publish","type":"product","link":"https:\/\/www.dulces-laponderosa.com\/fr\/acheter-estepa\/centre-dassortiment-artisanal-1kg\/","title":{"rendered":"Centre d&rsquo;assortiment artisanal 1kg"},"content":{"rendered":"<section class=\"l-section wpb_row height_custom\"><div class=\"l-section-h i-cf\"><div class=\"g-cols vc_row via_flex valign_top type_default stacking_default\"><div class=\"vc_col-sm-12 wpb_column vc_column_container\"><div class=\"vc_column-inner\"><div class=\"wpb_wrapper\"><div class=\"wpb_text_column\"><div class=\"wpb_wrapper\"><h4>Ingr\u00e9dients<\/h4>\n<p><strong>Mantecado maison<\/strong> . Ingr\u00e9dients : Farine de bl\u00e9, sucre, saindoux ib\u00e9rique (antioxydant : E-320), cannelle et s\u00e9same (s\u00e9same). Peut contenir des traces de fruits \u00e0 coque, d&rsquo;arachides et de sulfites.<\/p>\n<p><strong>Mantecado \u00e0 l&rsquo;huile.<\/strong> Ingr\u00e9dients : Farine de bl\u00e9, sucre, huile d&rsquo;olive extra vierge (22%), amande, cannelle et s\u00e9same (s\u00e9same). Peut contenir des traces d&rsquo;arachides et de sulfites.<\/p>\n<p><strong>Mantecado aux amandes.<\/strong> Ingr\u00e9dients : Farine de bl\u00e9, sucre, saindoux ib\u00e9rique (antioxydant : E-320), amande (9%) et cannelle. Peut contenir des traces d&rsquo;arachides, de s\u00e9same et de sulfites.<\/p>\n<p><strong> Polvor\u00f3n aux amandes fait maison.<\/strong> Ingr\u00e9dients : Farine de bl\u00e9, sucre, saindoux ib\u00e9rique (antioxydant : E-320), amande (15%), cannelle moulue, clous de girofle et ar\u00f4me citron. Peut contenir des traces d&rsquo;arachides, de s\u00e9same et de sulfites.<\/p>\n<p><strong>Alfajor d&rsquo;amandes et de miel.<\/strong> Ingr\u00e9dients : Patate douce (pulpe de patate douce, sucre, sirop de glucose, conservateurs : E-200, E-202 et ar\u00f4me), farine de bl\u00e9, amande (16%), sucre, miel (10%), saindoux ib\u00e9rique (antioxydant E- 320), cacao en poudre, cannelle, Matalah\u00fava, s\u00e9same (s\u00e9same) et clous de girofle. Ils peuvent contenir des traces d&rsquo;arachides et de sulfites.<\/p>\n<p><strong>Donut au vin doux et aux amandes<\/strong> . Ingr\u00e9dients : Farine de bl\u00e9, saindoux, sucre, vin (8%) (contient des sulfites), amandes (7%), s\u00e9same (graines de s\u00e9same), cannelle, clous de girofle et essence de cannelle. Peut contenir des traces d&rsquo;autres fruits \u00e0 coque, \u0153ufs, lait et leurs d\u00e9riv\u00e9s (dont lactose) et soja.<\/p>\n<h4>Allerg\u00e8nes et tableau nutritionnel<\/h4>\n<p>Pour plus d&rsquo;informations sur les allerg\u00e8nes et le tableau nutritionnel, consultez la page de chaque produit qui comprend le Centro Surtido Artesan\u00eda :<\/p>\n<p><a href=\"https:\/\/www.dulces-laponderosa.com\/categoria-producto\/mantecados\/\">Mantecado maison<\/a> ,<a href=\"https:\/\/www.dulces-laponderosa.com\/?post_type=product&amp;p=1268\"> glace \u00e0 l&rsquo;huile,<\/a><a href=\"https:\/\/www.dulces-laponderosa.com\/?post_type=product&amp;p=1271\"> glace aux amandes,<\/a><a href=\"https:\/\/www.dulces-laponderosa.com\/producto\/polvorones-caseros-almendra-bolsa-700-grs\/\"> Polvor\u00f3n aux amandes maison,<\/a><a href=\"https:\/\/www.dulces-laponderosa.com\/producto\/alfajores-almendra-miel-bolsa-500-grs\/\"> Alfajor d&rsquo;amandes et de miel,<\/a><a href=\"https:\/\/www.dulces-laponderosa.com\/producto\/roscos-de-vino-y-almendra-caja-3-kgs\/\"> Vin doux et beignet aux amandes.<\/a><\/p>\n<\/div><\/div><\/div><\/div><\/div><\/div><\/div><\/section>\n","protected":false},"excerpt":{"rendered":"<h4>La description<\/h4>\n<p>D\u00e9ballez et partez ! C&rsquo;est la seule chose que vous avez \u00e0 faire pour d\u00e9corer votre table avec notre centre d&rsquo;artisanat assorti. C&rsquo;est un assortiment sp\u00e9cial avec la s\u00e9lection des meilleurs :<\/p>\n<p><strong>-Beurre fait maison<\/strong> .<\/p>\n<p><strong>-Beurre \u00e0 l&rsquo;huile.<\/strong><\/p>\n<p><strong>-Beurre d&rsquo;amande.<\/strong><\/p>\n<p><strong>-Poudre d&rsquo;amande maison.<\/strong><\/p>\n<p><strong>-Alfajor d&rsquo;amandes et de miel.<\/strong><\/p>\n<p><strong>-Rose de vin doux et amande<\/strong> .<\/p>\n<p>Le plus traditionnel de No\u00ebl dans un magnifique centre de table, choisissez le type de centre que vous pr\u00e9f\u00e9rez : Centre Paris ou Centre Boule de No\u00ebl Ne manquez pas votre centre artisanal assorti !<\/p>\n<h4>Pr\u00e9sentation<\/h4>\n<p>Emball\u00e9 individuellement et pr\u00e9sent\u00e9 dans un plat en verre pour la d\u00e9coration. Possibilit\u00e9 de choisir entre deux mod\u00e8les Centro Paris ou Centro Christmas Ball.<br \/>\nUn autre de nos produits exclusifs est<a href=\"https:\/\/www.dulces-laponderosa.com\/producto\/canasto-gran-surtido-2kgs\/\" target=\"_blank\" rel=\"noopener noreferrer\"> Grand panier assorti<\/a> .<\/p>\n","protected":false},"featured_media":2859,"comment_status":"open","ping_status":"closed","template":"","meta":{"_joinchat":[]},"product_brand":[],"product_cat":[886],"product_tag":[914,900,899,901,902,915,913,903],"class_list":{"0":"post-7259","1":"product","2":"type-product","3":"status-publish","4":"has-post-thumbnail","6":"product_cat-assortiments","7":"product_tag-allergene-doeuf","8":"product_tag-allergene-darachide","9":"product_tag-allergene-de-gluten","10":"product_tag-allergene-de-noix","11":"product_tag-allergene-de-sesame","12":"product_tag-allergene-de-soja","13":"product_tag-allergene-du-lait","14":"product_tag-allergene-sulfite","16":"first","17":"instock","18":"taxable","19":"shipping-taxable","20":"purchasable","21":"product-type-variable"},"yoast_head":"<!-- This site is optimized with the Yoast SEO plugin v27.2 - https:\/\/yoast.com\/product\/yoast-seo-wordpress\/ -->\n<title>Centre d&#039;assortiment artisanal 1kg - Bonbons La Ponderosa<\/title>\n<meta name=\"description\" content=\"Centro Surtido Artesan\u00eda vous offre toute la saveur de nos mantecados traditionnels, dans une pr\u00e9sentation originale et diff\u00e9rente\" \/>\n<meta name=\"robots\" content=\"index, follow, max-snippet:-1, max-image-preview:large, max-video-preview:-1\" \/>\n<link rel=\"canonical\" href=\"https:\/\/www.dulces-laponderosa.com\/fr\/acheter-estepa\/centre-dassortiment-artisanal-1kg\/\" \/>\n<meta property=\"og:locale\" content=\"fr_FR\" \/>\n<meta property=\"og:type\" content=\"article\" \/>\n<meta property=\"og:title\" content=\"Centre d&#039;assortiment artisanal 1kg - Bonbons La Ponderosa\" \/>\n<meta property=\"og:description\" content=\"Centro Surtido Artesan\u00eda vous offre toute la saveur de nos mantecados traditionnels, dans une pr\u00e9sentation originale et diff\u00e9rente\" \/>\n<meta property=\"og:url\" content=\"https:\/\/www.dulces-laponderosa.com\/fr\/acheter-estepa\/centre-dassortiment-artisanal-1kg\/\" \/>\n<meta property=\"og:site_name\" content=\"Dulces La Ponderosa\" \/>\n<meta property=\"article:modified_time\" content=\"2023-09-28T17:17:04+00:00\" \/>\n<meta property=\"og:image\" content=\"https:\/\/www.dulces-laponderosa.com\/wp-content\/uploads\/2017\/11\/Centro_Surtido_Artesan\u00eda1.jpg\" \/>\n\t<meta property=\"og:image:width\" content=\"800\" \/>\n\t<meta property=\"og:image:height\" content=\"500\" \/>\n\t<meta property=\"og:image:type\" content=\"image\/jpeg\" \/>\n<meta name=\"twitter:card\" content=\"summary_large_image\" \/>\n<meta name=\"twitter:label1\" content=\"Dur\u00e9e de lecture estim\u00e9e\" \/>\n\t<meta name=\"twitter:data1\" content=\"1 minute\" \/>\n<script type=\"application\/ld+json\" class=\"yoast-schema-graph\">{\"@context\":\"https:\/\/schema.org\",\"@graph\":[{\"@type\":\"WebPage\",\"@id\":\"https:\/\/www.dulces-laponderosa.com\/fr\/acheter-estepa\/centre-dassortiment-artisanal-1kg\/\",\"url\":\"https:\/\/www.dulces-laponderosa.com\/fr\/acheter-estepa\/centre-dassortiment-artisanal-1kg\/\",\"name\":\"Centre d'assortiment artisanal 1kg - Bonbons La Ponderosa\",\"isPartOf\":{\"@id\":\"https:\/\/www.dulces-laponderosa.com\/fr\/#website\"},\"primaryImageOfPage\":{\"@id\":\"https:\/\/www.dulces-laponderosa.com\/fr\/acheter-estepa\/centre-dassortiment-artisanal-1kg\/#primaryimage\"},\"image\":{\"@id\":\"https:\/\/www.dulces-laponderosa.com\/fr\/acheter-estepa\/centre-dassortiment-artisanal-1kg\/#primaryimage\"},\"thumbnailUrl\":\"https:\/\/www.dulces-laponderosa.com\/wp-content\/uploads\/2017\/11\/Centro_Surtido_Artesan\u00eda1.jpg\",\"datePublished\":\"2021-07-28T06:54:14+00:00\",\"dateModified\":\"2023-09-28T17:17:04+00:00\",\"description\":\"Centro Surtido Artesan\u00eda vous offre toute la saveur de nos mantecados traditionnels, dans une pr\u00e9sentation originale et diff\u00e9rente\",\"breadcrumb\":{\"@id\":\"https:\/\/www.dulces-laponderosa.com\/fr\/acheter-estepa\/centre-dassortiment-artisanal-1kg\/#breadcrumb\"},\"inLanguage\":\"fr-FR\",\"potentialAction\":[{\"@type\":\"ReadAction\",\"target\":[\"https:\/\/www.dulces-laponderosa.com\/fr\/acheter-estepa\/centre-dassortiment-artisanal-1kg\/\"]}]},{\"@type\":\"ImageObject\",\"inLanguage\":\"fr-FR\",\"@id\":\"https:\/\/www.dulces-laponderosa.com\/fr\/acheter-estepa\/centre-dassortiment-artisanal-1kg\/#primaryimage\",\"url\":\"https:\/\/www.dulces-laponderosa.com\/wp-content\/uploads\/2017\/11\/Centro_Surtido_Artesan\u00eda1.jpg\",\"contentUrl\":\"https:\/\/www.dulces-laponderosa.com\/wp-content\/uploads\/2017\/11\/Centro_Surtido_Artesan\u00eda1.jpg\",\"width\":800,\"height\":500,\"caption\":\"Centre d'assortiment artisanal\"},{\"@type\":\"BreadcrumbList\",\"@id\":\"https:\/\/www.dulces-laponderosa.com\/fr\/acheter-estepa\/centre-dassortiment-artisanal-1kg\/#breadcrumb\",\"itemListElement\":[{\"@type\":\"ListItem\",\"position\":1,\"name\":\"Portada\",\"item\":\"https:\/\/www.dulces-laponderosa.com\/fr\/\"},{\"@type\":\"ListItem\",\"position\":2,\"name\":\"Boutique\",\"item\":\"https:\/\/www.dulces-laponderosa.com\/fr\/boutique\/\"},{\"@type\":\"ListItem\",\"position\":3,\"name\":\"Centre d&#8217;assortiment artisanal 1kg\"}]},{\"@type\":\"WebSite\",\"@id\":\"https:\/\/www.dulces-laponderosa.com\/fr\/#website\",\"url\":\"https:\/\/www.dulces-laponderosa.com\/fr\/\",\"name\":\"Dulces La Ponderosa\",\"description\":\"Dulces de Navidad desde 1955\",\"potentialAction\":[{\"@type\":\"SearchAction\",\"target\":{\"@type\":\"EntryPoint\",\"urlTemplate\":\"https:\/\/www.dulces-laponderosa.com\/fr\/?s={search_term_string}\"},\"query-input\":{\"@type\":\"PropertyValueSpecification\",\"valueRequired\":true,\"valueName\":\"search_term_string\"}}],\"inLanguage\":\"fr-FR\"}]}<\/script>\n<!-- \/ Yoast SEO plugin. -->","yoast_head_json":{"title":"Centre d'assortiment artisanal 1kg - Bonbons La Ponderosa","description":"Centro Surtido Artesan\u00eda vous offre toute la saveur de nos mantecados traditionnels, dans une pr\u00e9sentation originale et diff\u00e9rente","robots":{"index":"index","follow":"follow","max-snippet":"max-snippet:-1","max-image-preview":"max-image-preview:large","max-video-preview":"max-video-preview:-1"},"canonical":"https:\/\/www.dulces-laponderosa.com\/fr\/acheter-estepa\/centre-dassortiment-artisanal-1kg\/","og_locale":"fr_FR","og_type":"article","og_title":"Centre d'assortiment artisanal 1kg - Bonbons La Ponderosa","og_description":"Centro Surtido Artesan\u00eda vous offre toute la saveur de nos mantecados traditionnels, dans une pr\u00e9sentation originale et diff\u00e9rente","og_url":"https:\/\/www.dulces-laponderosa.com\/fr\/acheter-estepa\/centre-dassortiment-artisanal-1kg\/","og_site_name":"Dulces La Ponderosa","article_modified_time":"2023-09-28T17:17:04+00:00","og_image":[{"width":800,"height":500,"url":"https:\/\/www.dulces-laponderosa.com\/wp-content\/uploads\/2017\/11\/Centro_Surtido_Artesan\u00eda1.jpg","type":"image\/jpeg"}],"twitter_card":"summary_large_image","twitter_misc":{"Dur\u00e9e de lecture estim\u00e9e":"1 minute"},"schema":{"@context":"https:\/\/schema.org","@graph":[{"@type":"WebPage","@id":"https:\/\/www.dulces-laponderosa.com\/fr\/acheter-estepa\/centre-dassortiment-artisanal-1kg\/","url":"https:\/\/www.dulces-laponderosa.com\/fr\/acheter-estepa\/centre-dassortiment-artisanal-1kg\/","name":"Centre d'assortiment artisanal 1kg - Bonbons La Ponderosa","isPartOf":{"@id":"https:\/\/www.dulces-laponderosa.com\/fr\/#website"},"primaryImageOfPage":{"@id":"https:\/\/www.dulces-laponderosa.com\/fr\/acheter-estepa\/centre-dassortiment-artisanal-1kg\/#primaryimage"},"image":{"@id":"https:\/\/www.dulces-laponderosa.com\/fr\/acheter-estepa\/centre-dassortiment-artisanal-1kg\/#primaryimage"},"thumbnailUrl":"https:\/\/www.dulces-laponderosa.com\/wp-content\/uploads\/2017\/11\/Centro_Surtido_Artesan\u00eda1.jpg","datePublished":"2021-07-28T06:54:14+00:00","dateModified":"2023-09-28T17:17:04+00:00","description":"Centro Surtido Artesan\u00eda vous offre toute la saveur de nos mantecados traditionnels, dans une pr\u00e9sentation originale et diff\u00e9rente","breadcrumb":{"@id":"https:\/\/www.dulces-laponderosa.com\/fr\/acheter-estepa\/centre-dassortiment-artisanal-1kg\/#breadcrumb"},"inLanguage":"fr-FR","potentialAction":[{"@type":"ReadAction","target":["https:\/\/www.dulces-laponderosa.com\/fr\/acheter-estepa\/centre-dassortiment-artisanal-1kg\/"]}]},{"@type":"ImageObject","inLanguage":"fr-FR","@id":"https:\/\/www.dulces-laponderosa.com\/fr\/acheter-estepa\/centre-dassortiment-artisanal-1kg\/#primaryimage","url":"https:\/\/www.dulces-laponderosa.com\/wp-content\/uploads\/2017\/11\/Centro_Surtido_Artesan\u00eda1.jpg","contentUrl":"https:\/\/www.dulces-laponderosa.com\/wp-content\/uploads\/2017\/11\/Centro_Surtido_Artesan\u00eda1.jpg","width":800,"height":500,"caption":"Centre d'assortiment artisanal"},{"@type":"BreadcrumbList","@id":"https:\/\/www.dulces-laponderosa.com\/fr\/acheter-estepa\/centre-dassortiment-artisanal-1kg\/#breadcrumb","itemListElement":[{"@type":"ListItem","position":1,"name":"Portada","item":"https:\/\/www.dulces-laponderosa.com\/fr\/"},{"@type":"ListItem","position":2,"name":"Boutique","item":"https:\/\/www.dulces-laponderosa.com\/fr\/boutique\/"},{"@type":"ListItem","position":3,"name":"Centre d&#8217;assortiment artisanal 1kg"}]},{"@type":"WebSite","@id":"https:\/\/www.dulces-laponderosa.com\/fr\/#website","url":"https:\/\/www.dulces-laponderosa.com\/fr\/","name":"Dulces La Ponderosa","description":"Dulces de Navidad desde 1955","potentialAction":[{"@type":"SearchAction","target":{"@type":"EntryPoint","urlTemplate":"https:\/\/www.dulces-laponderosa.com\/fr\/?s={search_term_string}"},"query-input":{"@type":"PropertyValueSpecification","valueRequired":true,"valueName":"search_term_string"}}],"inLanguage":"fr-FR"}]}},"_links":{"self":[{"href":"https:\/\/www.dulces-laponderosa.com\/fr\/wp-json\/wp\/v2\/product\/7259","targetHints":{"allow":["GET"]}}],"collection":[{"href":"https:\/\/www.dulces-laponderosa.com\/fr\/wp-json\/wp\/v2\/product"}],"about":[{"href":"https:\/\/www.dulces-laponderosa.com\/fr\/wp-json\/wp\/v2\/types\/product"}],"replies":[{"embeddable":true,"href":"https:\/\/www.dulces-laponderosa.com\/fr\/wp-json\/wp\/v2\/comments?post=7259"}],"wp:featuredmedia":[{"embeddable":true,"href":"https:\/\/www.dulces-laponderosa.com\/fr\/wp-json\/wp\/v2\/media\/2859"}],"wp:attachment":[{"href":"https:\/\/www.dulces-laponderosa.com\/fr\/wp-json\/wp\/v2\/media?parent=7259"}],"wp:term":[{"taxonomy":"product_brand","embeddable":true,"href":"https:\/\/www.dulces-laponderosa.com\/fr\/wp-json\/wp\/v2\/product_brand?post=7259"},{"taxonomy":"product_cat","embeddable":true,"href":"https:\/\/www.dulces-laponderosa.com\/fr\/wp-json\/wp\/v2\/product_cat?post=7259"},{"taxonomy":"product_tag","embeddable":true,"href":"https:\/\/www.dulces-laponderosa.com\/fr\/wp-json\/wp\/v2\/product_tag?post=7259"}],"curies":[{"name":"wp","href":"https:\/\/api.w.org\/{rel}","templated":true}]}}