{"id":7262,"date":"2017-11-02T12:47:13","date_gmt":"2021-07-28T06:54:36","guid":{"rendered":"https:\/\/www.dulces-laponderosa.com\/producto\/grand-panier-assortiment-2kgs\/"},"modified":"2025-04-08T11:05:52","modified_gmt":"2025-04-08T09:05:52","slug":"grand-panier-assortiment-2kgs","status":"publish","type":"product","link":"https:\/\/www.dulces-laponderosa.com\/fr\/acheter-estepa\/grand-panier-assortiment-2kgs\/","title":{"rendered":"Grand Panier Assortiment 2Kgs"},"content":{"rendered":"<section class=\"l-section wpb_row height_custom\"><div class=\"l-section-h i-cf\"><div class=\"g-cols vc_row via_flex valign_top type_default stacking_default\"><div class=\"vc_col-sm-12 wpb_column vc_column_container\"><div class=\"vc_column-inner\"><div class=\"wpb_wrapper\"><div class=\"wpb_text_column\"><div class=\"wpb_wrapper\"><h4>Ingr\u00e9dients, allerg\u00e8nes et tableau nutritionnel<\/h4>\n<p>Pour plus d&rsquo;informations sur les ingr\u00e9dients, les allerg\u00e8nes et le tableau nutritionnel consultez les pages des produits inclus dans l&rsquo;assortiment :<\/p>\n<p><a href=\"https:\/\/www.dulces-laponderosa.com\/producto\/mantecados-caseros-caja-5-kgs\/\">Mantecado maison<\/a> , <a href=\"https:\/\/www.dulces-laponderosa.com\/?post_type=product&#038;p=1270\">Beurre d&rsquo;amande<\/a> , <a href=\"https:\/\/www.dulces-laponderosa.com\/?post_type=product&#038;p=1241\">Polvoron aux amandes,<\/a><a href=\"https:\/\/www.dulces-laponderosa.com\/producto\/polvorones-caseros-almendra-caja-5-kgs\/\"> Polvoron aux amandes maison,<\/a><a href=\"https:\/\/www.dulces-laponderosa.com\/producto\/chocoalmendra-bolsa-500-grs\/\"> Amande au chocolat<\/a> , <a href=\"https:\/\/www.dulces-laponderosa.com\/producto\/roscochoco-bolsa-500-grs\/\">Roscochoco,<\/a><a href=\"https:\/\/www.dulces-laponderosa.com\/producto\/hojaldradas-bolsa-300-grs\/\"> P\u00e2te feuillet\u00e9e,<\/a><a href=\"https:\/\/www.dulces-laponderosa.com\/?post_type=product&#038;p=1370\"> P\u00e9ladillas<\/a> , <a href=\"https:\/\/www.dulces-laponderosa.com\/?post_type=product&#038;p=1294\">Sabrina aux amandes<\/a> , <a href=\"https:\/\/www.dulces-laponderosa.com\/producto\/bombon-crujiente-bolsa-500-grs\/\">Bonbon croustillant,<\/a><a href=\"https:\/\/www.dulces-laponderosa.com\/producto\/bombon-nueces-bolsa-500-grs\/\"> Bonbon aux noix,<\/a><a href=\"https:\/\/www.dulces-laponderosa.com\/?post_type=product&#038;p=1326\"> Boule de noix de coco,<\/a><a href=\"https:\/\/www.dulces-laponderosa.com\/producto\/bombones-trufados-al-licor-bolsa-500-grs\/\"> Bonbon truff\u00e9<\/a> , <a href=\"https:\/\/www.dulces-laponderosa.com\/producto\/alfajores-almendra-miel-bolsa-500-grs\/\">Alfajor aux amandes et au miel<\/a> , <a href=\"https:\/\/www.dulces-laponderosa.com\/producto\/bombones-de-chocolate-caja-2-kgs\/\">Bonbons au chocolat (croquant, noisette et amande),<\/a><a href=\"https:\/\/www.dulces-laponderosa.com\/?post_type=product&#038;p=1313\"> Frutachoco,<\/a><a href=\"https:\/\/www.dulces-laponderosa.com\/?post_type=product&#038;p=1405\"> Massepain \u00e0 la cerise<\/a> , <a href=\"https:\/\/www.dulces-laponderosa.com\/producto\/pinonate-especial\/\">Pi\u00f1onate,<\/a><a href=\"https:\/\/www.dulces-laponderosa.com\/?post_type=product&#038;p=1398\"> Saint os<\/a> , <a href=\"https:\/\/www.dulces-laponderosa.com\/producto\/pastel-gloria-bolsa-500-grs\/\">G\u00e2teau de gloire<\/a> , <a href=\"https:\/\/www.dulces-laponderosa.com\/producto\/almendras-rellenas-la-ponderosa-caja-3-kgs\/\">Amande farcie aux amandes<\/a> , <a href=\"https:\/\/www.dulces-laponderosa.com\/?post_type=product&#038;p=1431\">Nougat au chocolat et aux amandes,<\/a><a href=\"https:\/\/www.dulces-laponderosa.com\/?post_type=product&#038;p=1427\"> Nougat tendre aux amandes<\/a> , <a href=\"https:\/\/www.dulces-laponderosa.com\/producto\/turron-duro-almendra-bolsa-500-grs\/\">Nougat dur aux amandes<\/a> . Contient tous les allerg\u00e8nes.<\/p>\n<\/div><\/div><\/div><\/div><\/div><\/div><\/div><\/section>\n","protected":false},"excerpt":{"rendered":"<h4>La description<\/h4>\n<p>Beau grand panier assorti, avec une grande vari\u00e9t\u00e9 de produits de Dulces La Ponderosa. Vous devez faire un cadeau \u00e0 ces dates sp\u00e9ciales ? Voulez-vous un produit vari\u00e9 de haute qualit\u00e9? Nous vous proposons ce magnifique panier, envelopp\u00e9 d&rsquo;un magnifique noeud dor\u00e9. Les produits pr\u00e9sent\u00e9s sont :<\/p>\n<p><strong>-Beurre fait maison<\/strong><\/p>\n<p><strong>-Beurre d&rsquo;amande<\/strong><\/p>\n<p><strong>-Poudre d&rsquo;amande<\/strong><\/p>\n<p><strong>-Poudre d&rsquo;amande maison<\/strong><\/p>\n<p><strong>-Amande au chocolat<\/strong><\/p>\n<p><strong>-Roscochoco<\/strong><\/p>\n<p><strong>&#8211; P\u00e2te feuillet\u00e9e<\/strong><\/p>\n<p><strong>-P\u00e9ladilles<\/strong><\/p>\n<p><strong>-Amande Sabrina<\/strong><\/p>\n<p><strong>-Bonbon croustillant<\/strong><\/p>\n<p><strong>-Alfajor d&rsquo;amandes et de miel<\/strong><\/p>\n<p><strong>-Bonbons au chocolat (croquant, noisette et amande)<\/strong><\/p>\n<p><strong>-Frutachoco<\/strong><\/p>\n<p><strong>&#8211; Massepain \u00e0 la cerise<\/strong><\/p>\n<p><strong>-Pi\u00f1onate<\/strong><\/p>\n<p><strong>-Saint os<\/strong><\/p>\n<p><strong>-G\u00e2teau de gloire<\/strong><\/p>\n<p><strong>-Amande farcie aux amandes<\/strong><\/p>\n<p><strong>-Nougat au chocolat et aux amandes<\/strong><\/p>\n<p><strong>-Nougat tendre aux amandes<\/strong><\/p>\n<p><strong>-Nougat dur aux amandes<\/strong><\/p>\n<p>Si vous souhaitez un produit de haute qualit\u00e9, n&rsquo;h\u00e9sitez pas \u00e0 l&rsquo;ajouter au panier, il ne vous laissera pas indiff\u00e9rent !<\/p>\n<h4>Pr\u00e9sentation<\/h4>\n<p>Chaque produit est emball\u00e9 individuellement et pr\u00e9sent\u00e9 dans un panier en osier. Poids total de 2kg.<\/p>\n","protected":false},"featured_media":2862,"comment_status":"open","ping_status":"closed","template":"","meta":{"_joinchat":[]},"product_brand":[],"product_cat":[886],"product_tag":[914,900,899,901,902,915,913,903],"class_list":{"0":"post-7262","1":"product","2":"type-product","3":"status-publish","4":"has-post-thumbnail","6":"product_cat-assortiments","7":"product_tag-allergene-doeuf","8":"product_tag-allergene-darachide","9":"product_tag-allergene-de-gluten","10":"product_tag-allergene-de-noix","11":"product_tag-allergene-de-sesame","12":"product_tag-allergene-de-soja","13":"product_tag-allergene-du-lait","14":"product_tag-allergene-sulfite","16":"first","17":"outofstock","18":"taxable","19":"shipping-taxable","20":"purchasable","21":"product-type-simple"},"yoast_head":"<!-- This site is optimized with the Yoast SEO plugin v27.2 - https:\/\/yoast.com\/product\/yoast-seo-wordpress\/ -->\n<title>Grand Panier Assortiment 2Kgs - Dulces La Ponderosa<\/title>\n<meta name=\"description\" content=\"Panier d\u00e9licieux, grand assortiment avec nos meilleurs produits artisanaux de toute vie pr\u00e9sent\u00e9s dans un panier de 2 kgs\" \/>\n<meta name=\"robots\" content=\"index, follow, max-snippet:-1, max-image-preview:large, max-video-preview:-1\" \/>\n<link rel=\"canonical\" href=\"https:\/\/www.dulces-laponderosa.com\/fr\/acheter-estepa\/grand-panier-assortiment-2kgs\/\" \/>\n<meta property=\"og:locale\" content=\"fr_FR\" \/>\n<meta property=\"og:type\" content=\"article\" \/>\n<meta property=\"og:title\" content=\"Grand Panier Assortiment 2Kgs - Dulces La Ponderosa\" \/>\n<meta property=\"og:description\" content=\"Panier d\u00e9licieux, grand assortiment avec nos meilleurs produits artisanaux de toute vie pr\u00e9sent\u00e9s dans un panier de 2 kgs\" \/>\n<meta property=\"og:url\" content=\"https:\/\/www.dulces-laponderosa.com\/fr\/acheter-estepa\/grand-panier-assortiment-2kgs\/\" \/>\n<meta property=\"og:site_name\" content=\"Dulces La Ponderosa\" \/>\n<meta property=\"article:modified_time\" content=\"2025-04-08T09:05:52+00:00\" \/>\n<meta property=\"og:image\" content=\"https:\/\/www.dulces-laponderosa.com\/wp-content\/uploads\/2017\/11\/Canasto_Gran_Surtido1.jpg\" \/>\n\t<meta property=\"og:image:width\" content=\"800\" \/>\n\t<meta property=\"og:image:height\" content=\"500\" \/>\n\t<meta property=\"og:image:type\" content=\"image\/jpeg\" \/>\n<meta name=\"twitter:card\" content=\"summary_large_image\" \/>\n<meta name=\"twitter:label1\" content=\"Dur\u00e9e de lecture estim\u00e9e\" \/>\n\t<meta name=\"twitter:data1\" content=\"1 minute\" \/>\n<script type=\"application\/ld+json\" class=\"yoast-schema-graph\">{\"@context\":\"https:\/\/schema.org\",\"@graph\":[{\"@type\":\"WebPage\",\"@id\":\"https:\/\/www.dulces-laponderosa.com\/fr\/acheter-estepa\/grand-panier-assortiment-2kgs\/\",\"url\":\"https:\/\/www.dulces-laponderosa.com\/fr\/acheter-estepa\/grand-panier-assortiment-2kgs\/\",\"name\":\"Grand Panier Assortiment 2Kgs - Dulces La Ponderosa\",\"isPartOf\":{\"@id\":\"https:\/\/www.dulces-laponderosa.com\/fr\/#website\"},\"primaryImageOfPage\":{\"@id\":\"https:\/\/www.dulces-laponderosa.com\/fr\/acheter-estepa\/grand-panier-assortiment-2kgs\/#primaryimage\"},\"image\":{\"@id\":\"https:\/\/www.dulces-laponderosa.com\/fr\/acheter-estepa\/grand-panier-assortiment-2kgs\/#primaryimage\"},\"thumbnailUrl\":\"https:\/\/www.dulces-laponderosa.com\/wp-content\/uploads\/2017\/11\/Canasto_Gran_Surtido1.jpg\",\"datePublished\":\"2021-07-28T06:54:36+00:00\",\"dateModified\":\"2025-04-08T09:05:52+00:00\",\"description\":\"Panier d\u00e9licieux, grand assortiment avec nos meilleurs produits artisanaux de toute vie pr\u00e9sent\u00e9s dans un panier de 2 kgs\",\"breadcrumb\":{\"@id\":\"https:\/\/www.dulces-laponderosa.com\/fr\/acheter-estepa\/grand-panier-assortiment-2kgs\/#breadcrumb\"},\"inLanguage\":\"fr-FR\",\"potentialAction\":[{\"@type\":\"ReadAction\",\"target\":[\"https:\/\/www.dulces-laponderosa.com\/fr\/acheter-estepa\/grand-panier-assortiment-2kgs\/\"]}]},{\"@type\":\"ImageObject\",\"inLanguage\":\"fr-FR\",\"@id\":\"https:\/\/www.dulces-laponderosa.com\/fr\/acheter-estepa\/grand-panier-assortiment-2kgs\/#primaryimage\",\"url\":\"https:\/\/www.dulces-laponderosa.com\/wp-content\/uploads\/2017\/11\/Canasto_Gran_Surtido1.jpg\",\"contentUrl\":\"https:\/\/www.dulces-laponderosa.com\/wp-content\/uploads\/2017\/11\/Canasto_Gran_Surtido1.jpg\",\"width\":800,\"height\":500,\"caption\":\"Grand panier assorti\"},{\"@type\":\"BreadcrumbList\",\"@id\":\"https:\/\/www.dulces-laponderosa.com\/fr\/acheter-estepa\/grand-panier-assortiment-2kgs\/#breadcrumb\",\"itemListElement\":[{\"@type\":\"ListItem\",\"position\":1,\"name\":\"Portada\",\"item\":\"https:\/\/www.dulces-laponderosa.com\/fr\/\"},{\"@type\":\"ListItem\",\"position\":2,\"name\":\"Boutique\",\"item\":\"https:\/\/www.dulces-laponderosa.com\/fr\/boutique\/\"},{\"@type\":\"ListItem\",\"position\":3,\"name\":\"Grand Panier Assortiment 2Kgs\"}]},{\"@type\":\"WebSite\",\"@id\":\"https:\/\/www.dulces-laponderosa.com\/fr\/#website\",\"url\":\"https:\/\/www.dulces-laponderosa.com\/fr\/\",\"name\":\"Dulces La Ponderosa\",\"description\":\"Dulces de Navidad desde 1955\",\"potentialAction\":[{\"@type\":\"SearchAction\",\"target\":{\"@type\":\"EntryPoint\",\"urlTemplate\":\"https:\/\/www.dulces-laponderosa.com\/fr\/?s={search_term_string}\"},\"query-input\":{\"@type\":\"PropertyValueSpecification\",\"valueRequired\":true,\"valueName\":\"search_term_string\"}}],\"inLanguage\":\"fr-FR\"}]}<\/script>\n<!-- \/ Yoast SEO plugin. -->","yoast_head_json":{"title":"Grand Panier Assortiment 2Kgs - Dulces La Ponderosa","description":"Panier d\u00e9licieux, grand assortiment avec nos meilleurs produits artisanaux de toute vie pr\u00e9sent\u00e9s dans un panier de 2 kgs","robots":{"index":"index","follow":"follow","max-snippet":"max-snippet:-1","max-image-preview":"max-image-preview:large","max-video-preview":"max-video-preview:-1"},"canonical":"https:\/\/www.dulces-laponderosa.com\/fr\/acheter-estepa\/grand-panier-assortiment-2kgs\/","og_locale":"fr_FR","og_type":"article","og_title":"Grand Panier Assortiment 2Kgs - Dulces La Ponderosa","og_description":"Panier d\u00e9licieux, grand assortiment avec nos meilleurs produits artisanaux de toute vie pr\u00e9sent\u00e9s dans un panier de 2 kgs","og_url":"https:\/\/www.dulces-laponderosa.com\/fr\/acheter-estepa\/grand-panier-assortiment-2kgs\/","og_site_name":"Dulces La Ponderosa","article_modified_time":"2025-04-08T09:05:52+00:00","og_image":[{"width":800,"height":500,"url":"https:\/\/www.dulces-laponderosa.com\/wp-content\/uploads\/2017\/11\/Canasto_Gran_Surtido1.jpg","type":"image\/jpeg"}],"twitter_card":"summary_large_image","twitter_misc":{"Dur\u00e9e de lecture estim\u00e9e":"1 minute"},"schema":{"@context":"https:\/\/schema.org","@graph":[{"@type":"WebPage","@id":"https:\/\/www.dulces-laponderosa.com\/fr\/acheter-estepa\/grand-panier-assortiment-2kgs\/","url":"https:\/\/www.dulces-laponderosa.com\/fr\/acheter-estepa\/grand-panier-assortiment-2kgs\/","name":"Grand Panier Assortiment 2Kgs - Dulces La Ponderosa","isPartOf":{"@id":"https:\/\/www.dulces-laponderosa.com\/fr\/#website"},"primaryImageOfPage":{"@id":"https:\/\/www.dulces-laponderosa.com\/fr\/acheter-estepa\/grand-panier-assortiment-2kgs\/#primaryimage"},"image":{"@id":"https:\/\/www.dulces-laponderosa.com\/fr\/acheter-estepa\/grand-panier-assortiment-2kgs\/#primaryimage"},"thumbnailUrl":"https:\/\/www.dulces-laponderosa.com\/wp-content\/uploads\/2017\/11\/Canasto_Gran_Surtido1.jpg","datePublished":"2021-07-28T06:54:36+00:00","dateModified":"2025-04-08T09:05:52+00:00","description":"Panier d\u00e9licieux, grand assortiment avec nos meilleurs produits artisanaux de toute vie pr\u00e9sent\u00e9s dans un panier de 2 kgs","breadcrumb":{"@id":"https:\/\/www.dulces-laponderosa.com\/fr\/acheter-estepa\/grand-panier-assortiment-2kgs\/#breadcrumb"},"inLanguage":"fr-FR","potentialAction":[{"@type":"ReadAction","target":["https:\/\/www.dulces-laponderosa.com\/fr\/acheter-estepa\/grand-panier-assortiment-2kgs\/"]}]},{"@type":"ImageObject","inLanguage":"fr-FR","@id":"https:\/\/www.dulces-laponderosa.com\/fr\/acheter-estepa\/grand-panier-assortiment-2kgs\/#primaryimage","url":"https:\/\/www.dulces-laponderosa.com\/wp-content\/uploads\/2017\/11\/Canasto_Gran_Surtido1.jpg","contentUrl":"https:\/\/www.dulces-laponderosa.com\/wp-content\/uploads\/2017\/11\/Canasto_Gran_Surtido1.jpg","width":800,"height":500,"caption":"Grand panier assorti"},{"@type":"BreadcrumbList","@id":"https:\/\/www.dulces-laponderosa.com\/fr\/acheter-estepa\/grand-panier-assortiment-2kgs\/#breadcrumb","itemListElement":[{"@type":"ListItem","position":1,"name":"Portada","item":"https:\/\/www.dulces-laponderosa.com\/fr\/"},{"@type":"ListItem","position":2,"name":"Boutique","item":"https:\/\/www.dulces-laponderosa.com\/fr\/boutique\/"},{"@type":"ListItem","position":3,"name":"Grand Panier Assortiment 2Kgs"}]},{"@type":"WebSite","@id":"https:\/\/www.dulces-laponderosa.com\/fr\/#website","url":"https:\/\/www.dulces-laponderosa.com\/fr\/","name":"Dulces La Ponderosa","description":"Dulces de Navidad desde 1955","potentialAction":[{"@type":"SearchAction","target":{"@type":"EntryPoint","urlTemplate":"https:\/\/www.dulces-laponderosa.com\/fr\/?s={search_term_string}"},"query-input":{"@type":"PropertyValueSpecification","valueRequired":true,"valueName":"search_term_string"}}],"inLanguage":"fr-FR"}]}},"_links":{"self":[{"href":"https:\/\/www.dulces-laponderosa.com\/fr\/wp-json\/wp\/v2\/product\/7262","targetHints":{"allow":["GET"]}}],"collection":[{"href":"https:\/\/www.dulces-laponderosa.com\/fr\/wp-json\/wp\/v2\/product"}],"about":[{"href":"https:\/\/www.dulces-laponderosa.com\/fr\/wp-json\/wp\/v2\/types\/product"}],"replies":[{"embeddable":true,"href":"https:\/\/www.dulces-laponderosa.com\/fr\/wp-json\/wp\/v2\/comments?post=7262"}],"wp:featuredmedia":[{"embeddable":true,"href":"https:\/\/www.dulces-laponderosa.com\/fr\/wp-json\/wp\/v2\/media\/2862"}],"wp:attachment":[{"href":"https:\/\/www.dulces-laponderosa.com\/fr\/wp-json\/wp\/v2\/media?parent=7262"}],"wp:term":[{"taxonomy":"product_brand","embeddable":true,"href":"https:\/\/www.dulces-laponderosa.com\/fr\/wp-json\/wp\/v2\/product_brand?post=7262"},{"taxonomy":"product_cat","embeddable":true,"href":"https:\/\/www.dulces-laponderosa.com\/fr\/wp-json\/wp\/v2\/product_cat?post=7262"},{"taxonomy":"product_tag","embeddable":true,"href":"https:\/\/www.dulces-laponderosa.com\/fr\/wp-json\/wp\/v2\/product_tag?post=7262"}],"curies":[{"name":"wp","href":"https:\/\/api.w.org\/{rel}","templated":true}]}}