{"id":7265,"date":"2017-09-06T16:28:43","date_gmt":"2017-09-06T14:28:43","guid":{"rendered":"https:\/\/www.dulces-laponderosa.com\/producto\/rochers-chocolat-et-amandes-carton-2-kgs\/"},"modified":"2021-09-27T12:48:32","modified_gmt":"2021-09-27T10:48:32","slug":"rochers-chocolat-et-amandes-carton-2-kgs","status":"publish","type":"product","link":"https:\/\/www.dulces-laponderosa.com\/fr\/acheter-estepa\/rochers-chocolat-et-amandes-carton-2-kgs\/","title":{"rendered":"Rochers chocolat et amandes Carton 2 kgs."},"content":{"rendered":"<section class=\"l-section wpb_row height_custom\"><div class=\"l-section-h i-cf\"><div class=\"g-cols vc_row via_flex valign_top type_default stacking_default\"><div class=\"vc_col-sm-12 wpb_column vc_column_container\"><div class=\"vc_column-inner\"><div class=\"wpb_wrapper\"><div class=\"wpb_text_column\"><div class=\"wpb_wrapper\"><h4>Ingr\u00e9dients<\/h4>\n<p>Roches de chocolat au lait, flocons de ma\u00efs et amandes. Ingr\u00e9dients : 72% Chocolat avec <strong>Le Lait<\/strong> (sucre, beurre de cacao, <strong>Le Lait<\/strong> poudre enti\u00e8re, p\u00e2te de cacao, <strong>petit lait<\/strong> poudre, graisse <strong>laiteux<\/strong> anhydre, \u00e9mulsifiant : l\u00e9cithine <strong>soja<\/strong> (E-322) et ar\u00f4me vanilline), 20% C\u00e9r\u00e9ales Corn flakes (farine de ma\u00efs, sucre, sel, extrait de malt de <strong>orge<\/strong> et \u00e9mulsifiant : E-471), 5% de b\u00e2tonnets d&rsquo;amandes et 3% d&rsquo;huile v\u00e9g\u00e9tale de tournesol. Cacao minimum dans le chocolat au lait : 30%. <strong>Peut contenir des traces d&rsquo;autres fruits \u00e0 coque \u00e0 coque dure (noisettes).<\/strong><\/p>\n<h4>Allerg\u00e8nes<\/h4>\n<p>Contient des fruits \u00e0 coque, du soja, du lait et leurs d\u00e9riv\u00e9s (dont du lactose). Peut contenir des traces d&rsquo;autres fruits \u00e0 coque, gluten, arachides, s\u00e9same et sulfites.<\/p>\n<h4>Tableau nutritionnel<\/h4>\n<\/div><\/div><\/div><\/div><\/div><\/div><\/div><\/section>\n","protected":false},"excerpt":{"rendered":"<h4>La description<\/h4>\n<p>Nos pierres au chocolat et aux amandes sont fabriqu\u00e9es avec des amandes de la meilleure qualit\u00e9. Grill\u00e9 et coup\u00e9 en petits morceaux pour \u00eatre ensuite recouvert de chocolat. Sa texture croquante et sa saveur de chocolat doux rendent impossible d&rsquo;en essayer un seul. Le meilleur choix pour satisfaire petits et grands !<\/p>\n<h4>Pr\u00e9sentation<\/h4>\n<p>Emball\u00e9 individuellement et pr\u00e9sent\u00e9 dans une bo\u00eete de 2 kg. Existe aussi en<a href=\"https:\/\/www.dulces-laponderosa.com\/producto\/rocas-chocolate-almendras-bolsa-500-grs\/\" target=\"_blank\" rel=\"noopener noreferrer\"> sac de 500gr<\/a> .<\/p>\n","protected":false},"featured_media":2147,"comment_status":"open","ping_status":"closed","template":"","meta":{"_joinchat":[]},"product_brand":[],"product_cat":[927],"product_tag":[901,915,913],"class_list":{"0":"post-7265","1":"product","2":"type-product","3":"status-publish","4":"has-post-thumbnail","6":"product_cat-rochers-au-chocolat-et-aux-amandes","7":"product_tag-allergene-de-noix","8":"product_tag-allergene-de-soja","9":"product_tag-allergene-du-lait","11":"first","12":"instock","13":"featured","14":"taxable","15":"shipping-taxable","16":"purchasable","17":"product-type-simple"},"yoast_head":"<!-- This site is optimized with the Yoast SEO plugin v27.2 - https:\/\/yoast.com\/product\/yoast-seo-wordpress\/ -->\n<title>Rochers chocolat et amandes Carton 2 kgs. - Dulces La Ponderosa<\/title>\n<meta name=\"description\" content=\"De d\u00e9licieux rochers au chocolat et aux amandes pr\u00e9sent\u00e9s dans une bo\u00eete de 2 kg. La Ponderosa rapporte \u00e0 la maison les meilleurs bonbons de No\u00ebl !\" \/>\n<meta name=\"robots\" content=\"index, follow, max-snippet:-1, max-image-preview:large, max-video-preview:-1\" \/>\n<link rel=\"canonical\" href=\"https:\/\/www.dulces-laponderosa.com\/fr\/acheter-estepa\/rochers-chocolat-et-amandes-carton-2-kgs\/\" \/>\n<meta property=\"og:locale\" content=\"fr_FR\" \/>\n<meta property=\"og:type\" content=\"article\" \/>\n<meta property=\"og:title\" content=\"Rochers chocolat et amandes Carton 2 kgs. - Dulces La Ponderosa\" \/>\n<meta property=\"og:description\" content=\"De d\u00e9licieux rochers au chocolat et aux amandes pr\u00e9sent\u00e9s dans une bo\u00eete de 2 kg. La Ponderosa rapporte \u00e0 la maison les meilleurs bonbons de No\u00ebl !\" \/>\n<meta property=\"og:url\" content=\"https:\/\/www.dulces-laponderosa.com\/fr\/acheter-estepa\/rochers-chocolat-et-amandes-carton-2-kgs\/\" \/>\n<meta property=\"og:site_name\" content=\"Dulces La Ponderosa\" \/>\n<meta property=\"article:modified_time\" content=\"2021-09-27T10:48:32+00:00\" \/>\n<meta property=\"og:image\" content=\"https:\/\/www.dulces-laponderosa.com\/wp-content\/uploads\/2017\/09\/rocas-chocolate-y-almendra.jpg\" \/>\n\t<meta property=\"og:image:width\" content=\"800\" \/>\n\t<meta property=\"og:image:height\" content=\"550\" \/>\n\t<meta property=\"og:image:type\" content=\"image\/jpeg\" \/>\n<meta name=\"twitter:card\" content=\"summary_large_image\" \/>\n<meta name=\"twitter:label1\" content=\"Dur\u00e9e de lecture estim\u00e9e\" \/>\n\t<meta name=\"twitter:data1\" content=\"1 minute\" \/>\n<script type=\"application\/ld+json\" class=\"yoast-schema-graph\">{\"@context\":\"https:\/\/schema.org\",\"@graph\":[{\"@type\":\"WebPage\",\"@id\":\"https:\/\/www.dulces-laponderosa.com\/fr\/acheter-estepa\/rochers-chocolat-et-amandes-carton-2-kgs\/\",\"url\":\"https:\/\/www.dulces-laponderosa.com\/fr\/acheter-estepa\/rochers-chocolat-et-amandes-carton-2-kgs\/\",\"name\":\"Rochers chocolat et amandes Carton 2 kgs. - Dulces La Ponderosa\",\"isPartOf\":{\"@id\":\"https:\/\/www.dulces-laponderosa.com\/fr\/#website\"},\"primaryImageOfPage\":{\"@id\":\"https:\/\/www.dulces-laponderosa.com\/fr\/acheter-estepa\/rochers-chocolat-et-amandes-carton-2-kgs\/#primaryimage\"},\"image\":{\"@id\":\"https:\/\/www.dulces-laponderosa.com\/fr\/acheter-estepa\/rochers-chocolat-et-amandes-carton-2-kgs\/#primaryimage\"},\"thumbnailUrl\":\"https:\/\/www.dulces-laponderosa.com\/wp-content\/uploads\/2017\/09\/rocas-chocolate-y-almendra.jpg\",\"datePublished\":\"2017-09-06T14:28:43+00:00\",\"dateModified\":\"2021-09-27T10:48:32+00:00\",\"description\":\"De d\u00e9licieux rochers au chocolat et aux amandes pr\u00e9sent\u00e9s dans une bo\u00eete de 2 kg. La Ponderosa rapporte \u00e0 la maison les meilleurs bonbons de No\u00ebl !\",\"breadcrumb\":{\"@id\":\"https:\/\/www.dulces-laponderosa.com\/fr\/acheter-estepa\/rochers-chocolat-et-amandes-carton-2-kgs\/#breadcrumb\"},\"inLanguage\":\"fr-FR\",\"potentialAction\":[{\"@type\":\"ReadAction\",\"target\":[\"https:\/\/www.dulces-laponderosa.com\/fr\/acheter-estepa\/rochers-chocolat-et-amandes-carton-2-kgs\/\"]}]},{\"@type\":\"ImageObject\",\"inLanguage\":\"fr-FR\",\"@id\":\"https:\/\/www.dulces-laponderosa.com\/fr\/acheter-estepa\/rochers-chocolat-et-amandes-carton-2-kgs\/#primaryimage\",\"url\":\"https:\/\/www.dulces-laponderosa.com\/wp-content\/uploads\/2017\/09\/rocas-chocolate-y-almendra.jpg\",\"contentUrl\":\"https:\/\/www.dulces-laponderosa.com\/wp-content\/uploads\/2017\/09\/rocas-chocolate-y-almendra.jpg\",\"width\":800,\"height\":550,\"caption\":\"Rochers au chocolat et aux amandes\"},{\"@type\":\"BreadcrumbList\",\"@id\":\"https:\/\/www.dulces-laponderosa.com\/fr\/acheter-estepa\/rochers-chocolat-et-amandes-carton-2-kgs\/#breadcrumb\",\"itemListElement\":[{\"@type\":\"ListItem\",\"position\":1,\"name\":\"Portada\",\"item\":\"https:\/\/www.dulces-laponderosa.com\/fr\/\"},{\"@type\":\"ListItem\",\"position\":2,\"name\":\"Boutique\",\"item\":\"https:\/\/www.dulces-laponderosa.com\/fr\/boutique\/\"},{\"@type\":\"ListItem\",\"position\":3,\"name\":\"Rochers chocolat et amandes Carton 2 kgs.\"}]},{\"@type\":\"WebSite\",\"@id\":\"https:\/\/www.dulces-laponderosa.com\/fr\/#website\",\"url\":\"https:\/\/www.dulces-laponderosa.com\/fr\/\",\"name\":\"Dulces La Ponderosa\",\"description\":\"Dulces de Navidad desde 1955\",\"potentialAction\":[{\"@type\":\"SearchAction\",\"target\":{\"@type\":\"EntryPoint\",\"urlTemplate\":\"https:\/\/www.dulces-laponderosa.com\/fr\/?s={search_term_string}\"},\"query-input\":{\"@type\":\"PropertyValueSpecification\",\"valueRequired\":true,\"valueName\":\"search_term_string\"}}],\"inLanguage\":\"fr-FR\"}]}<\/script>\n<!-- \/ Yoast SEO plugin. -->","yoast_head_json":{"title":"Rochers chocolat et amandes Carton 2 kgs. - Dulces La Ponderosa","description":"De d\u00e9licieux rochers au chocolat et aux amandes pr\u00e9sent\u00e9s dans une bo\u00eete de 2 kg. La Ponderosa rapporte \u00e0 la maison les meilleurs bonbons de No\u00ebl !","robots":{"index":"index","follow":"follow","max-snippet":"max-snippet:-1","max-image-preview":"max-image-preview:large","max-video-preview":"max-video-preview:-1"},"canonical":"https:\/\/www.dulces-laponderosa.com\/fr\/acheter-estepa\/rochers-chocolat-et-amandes-carton-2-kgs\/","og_locale":"fr_FR","og_type":"article","og_title":"Rochers chocolat et amandes Carton 2 kgs. - Dulces La Ponderosa","og_description":"De d\u00e9licieux rochers au chocolat et aux amandes pr\u00e9sent\u00e9s dans une bo\u00eete de 2 kg. La Ponderosa rapporte \u00e0 la maison les meilleurs bonbons de No\u00ebl !","og_url":"https:\/\/www.dulces-laponderosa.com\/fr\/acheter-estepa\/rochers-chocolat-et-amandes-carton-2-kgs\/","og_site_name":"Dulces La Ponderosa","article_modified_time":"2021-09-27T10:48:32+00:00","og_image":[{"width":800,"height":550,"url":"https:\/\/www.dulces-laponderosa.com\/wp-content\/uploads\/2017\/09\/rocas-chocolate-y-almendra.jpg","type":"image\/jpeg"}],"twitter_card":"summary_large_image","twitter_misc":{"Dur\u00e9e de lecture estim\u00e9e":"1 minute"},"schema":{"@context":"https:\/\/schema.org","@graph":[{"@type":"WebPage","@id":"https:\/\/www.dulces-laponderosa.com\/fr\/acheter-estepa\/rochers-chocolat-et-amandes-carton-2-kgs\/","url":"https:\/\/www.dulces-laponderosa.com\/fr\/acheter-estepa\/rochers-chocolat-et-amandes-carton-2-kgs\/","name":"Rochers chocolat et amandes Carton 2 kgs. - Dulces La Ponderosa","isPartOf":{"@id":"https:\/\/www.dulces-laponderosa.com\/fr\/#website"},"primaryImageOfPage":{"@id":"https:\/\/www.dulces-laponderosa.com\/fr\/acheter-estepa\/rochers-chocolat-et-amandes-carton-2-kgs\/#primaryimage"},"image":{"@id":"https:\/\/www.dulces-laponderosa.com\/fr\/acheter-estepa\/rochers-chocolat-et-amandes-carton-2-kgs\/#primaryimage"},"thumbnailUrl":"https:\/\/www.dulces-laponderosa.com\/wp-content\/uploads\/2017\/09\/rocas-chocolate-y-almendra.jpg","datePublished":"2017-09-06T14:28:43+00:00","dateModified":"2021-09-27T10:48:32+00:00","description":"De d\u00e9licieux rochers au chocolat et aux amandes pr\u00e9sent\u00e9s dans une bo\u00eete de 2 kg. La Ponderosa rapporte \u00e0 la maison les meilleurs bonbons de No\u00ebl !","breadcrumb":{"@id":"https:\/\/www.dulces-laponderosa.com\/fr\/acheter-estepa\/rochers-chocolat-et-amandes-carton-2-kgs\/#breadcrumb"},"inLanguage":"fr-FR","potentialAction":[{"@type":"ReadAction","target":["https:\/\/www.dulces-laponderosa.com\/fr\/acheter-estepa\/rochers-chocolat-et-amandes-carton-2-kgs\/"]}]},{"@type":"ImageObject","inLanguage":"fr-FR","@id":"https:\/\/www.dulces-laponderosa.com\/fr\/acheter-estepa\/rochers-chocolat-et-amandes-carton-2-kgs\/#primaryimage","url":"https:\/\/www.dulces-laponderosa.com\/wp-content\/uploads\/2017\/09\/rocas-chocolate-y-almendra.jpg","contentUrl":"https:\/\/www.dulces-laponderosa.com\/wp-content\/uploads\/2017\/09\/rocas-chocolate-y-almendra.jpg","width":800,"height":550,"caption":"Rochers au chocolat et aux amandes"},{"@type":"BreadcrumbList","@id":"https:\/\/www.dulces-laponderosa.com\/fr\/acheter-estepa\/rochers-chocolat-et-amandes-carton-2-kgs\/#breadcrumb","itemListElement":[{"@type":"ListItem","position":1,"name":"Portada","item":"https:\/\/www.dulces-laponderosa.com\/fr\/"},{"@type":"ListItem","position":2,"name":"Boutique","item":"https:\/\/www.dulces-laponderosa.com\/fr\/boutique\/"},{"@type":"ListItem","position":3,"name":"Rochers chocolat et amandes Carton 2 kgs."}]},{"@type":"WebSite","@id":"https:\/\/www.dulces-laponderosa.com\/fr\/#website","url":"https:\/\/www.dulces-laponderosa.com\/fr\/","name":"Dulces La Ponderosa","description":"Dulces de Navidad desde 1955","potentialAction":[{"@type":"SearchAction","target":{"@type":"EntryPoint","urlTemplate":"https:\/\/www.dulces-laponderosa.com\/fr\/?s={search_term_string}"},"query-input":{"@type":"PropertyValueSpecification","valueRequired":true,"valueName":"search_term_string"}}],"inLanguage":"fr-FR"}]}},"_links":{"self":[{"href":"https:\/\/www.dulces-laponderosa.com\/fr\/wp-json\/wp\/v2\/product\/7265","targetHints":{"allow":["GET"]}}],"collection":[{"href":"https:\/\/www.dulces-laponderosa.com\/fr\/wp-json\/wp\/v2\/product"}],"about":[{"href":"https:\/\/www.dulces-laponderosa.com\/fr\/wp-json\/wp\/v2\/types\/product"}],"replies":[{"embeddable":true,"href":"https:\/\/www.dulces-laponderosa.com\/fr\/wp-json\/wp\/v2\/comments?post=7265"}],"wp:featuredmedia":[{"embeddable":true,"href":"https:\/\/www.dulces-laponderosa.com\/fr\/wp-json\/wp\/v2\/media\/2147"}],"wp:attachment":[{"href":"https:\/\/www.dulces-laponderosa.com\/fr\/wp-json\/wp\/v2\/media?parent=7265"}],"wp:term":[{"taxonomy":"product_brand","embeddable":true,"href":"https:\/\/www.dulces-laponderosa.com\/fr\/wp-json\/wp\/v2\/product_brand?post=7265"},{"taxonomy":"product_cat","embeddable":true,"href":"https:\/\/www.dulces-laponderosa.com\/fr\/wp-json\/wp\/v2\/product_cat?post=7265"},{"taxonomy":"product_tag","embeddable":true,"href":"https:\/\/www.dulces-laponderosa.com\/fr\/wp-json\/wp\/v2\/product_tag?post=7265"}],"curies":[{"name":"wp","href":"https:\/\/api.w.org\/{rel}","templated":true}]}}