{"id":7275,"date":"2017-09-06T15:52:45","date_gmt":"2017-09-06T13:52:45","guid":{"rendered":"https:\/\/www.dulces-laponderosa.com\/producto\/chocolats-assortis-double-frange-sachet-500-grs\/"},"modified":"2025-09-17T18:52:39","modified_gmt":"2025-09-17T16:52:39","slug":"chocolats-assortis-double-frange-sachet-500-grs","status":"publish","type":"product","link":"https:\/\/www.dulces-laponderosa.com\/fr\/acheter-estepa\/chocolats-assortis-double-frange-sachet-500-grs\/","title":{"rendered":"Chocolats assortis double frange Sachet 500 grs."},"content":{"rendered":"<section class=\"l-section wpb_row height_custom\"><div class=\"l-section-h i-cf\"><div class=\"g-cols vc_row via_flex valign_top type_default stacking_default\"><div class=\"vc_col-sm-12 wpb_column vc_column_container\"><div class=\"vc_column-inner\"><div class=\"wpb_wrapper\"><div class=\"wpb_text_column\"><div class=\"wpb_wrapper\"><h4>Ingr\u00e9dients<\/h4>\n<p>Assortiment de quatre chocolats \u00e0 base de chocolat avec<strong> Le Lait<\/strong> et fourr\u00e9e de cr\u00e8me blanche, cr\u00e8me de noisette, cr\u00e8me \u00e0 la truffe ou cr\u00e8me au caramel. Ingr\u00e9dients : 50% de chocolat avec<strong> Le Lait<\/strong> : sucre, beurre de cacao, lait entier en poudre, p\u00e2te de cacao,<strong> petit lait<\/strong> poudre, graisse<strong> laiteux<\/strong> lanhydra, \u00e9mulsifiant : l\u00e9cithine<strong> soja<\/strong> (E-322) et ar\u00f4me de vanille. Garniture \u00e0 50 % : sucre, graisses et huiles v\u00e9g\u00e9tales (palme, palmiste, coco et tournesol) en proportions variables,<strong> petit lait<\/strong> poudre, poudre de cacao d\u00e9graiss\u00e9,<strong> Le Lait<\/strong> lait entier en poudre, lait \u00e9cr\u00e9m\u00e9 en poudre, 0,5%<strong> noisettes<\/strong> , \u00e9mulsifiant : l\u00e9cithine<strong> soja<\/strong> (E-322), ar\u00f4mes et colorants E-160c. <strong>Peut contenir des traces d&rsquo;autres fruits \u00e0 coque (amandes). SANS GLUTEN<\/strong><\/p>\n<h4>Allerg\u00e8nes<\/h4>\n<p>Contient du lait et ses d\u00e9riv\u00e9s (dont le lactose), des fruits \u00e0 coque et du soja. Peut contenir des traces d&rsquo;autres fruits \u00e0 coque. SANS GLUTEN<\/p>\n<h4>Tableau nutritionnel<\/h4>\n<\/div><\/div><\/div><\/div><\/div><\/div><\/div><\/section>\n","protected":false},"excerpt":{"rendered":"<h4>La description<\/h4>\n<p>Pour les fid\u00e8les du chocolat, Dulces La Ponderosa pr\u00e9sente ces chocolats \u00e0 base de chocolat au lait et fourr\u00e9s de :<\/p>\n<p><strong>&#8211; Cr\u00e8me blanche.<\/strong><br \/>\n<strong>&#8211; Cr\u00e8me de noisette.<\/strong><br \/>\n<strong>&#8211; Cr\u00e8me aromatis\u00e9e \u00e0 la truffe.<\/strong><br \/>\n<strong>&#8211; Cr\u00e8me au go\u00fbt de caramel.<\/strong><\/p>\n<p>Des chocolats ronds et croquants qui fondront dans la bouche d\u00e8s la premi\u00e8re bouch\u00e9e. Pourquoi n&rsquo;en choisir qu&rsquo;un seul ? Vous pouvez les d\u00e9guster les uns apr\u00e8s les autres. Ajoutez-les au panier ! Il sera la touche finale aux d\u00e9jeuners ou d\u00eeners de ces dates importantes.<\/p>\n<h4>Pr\u00e9sentation<\/h4>\n<p>Emball\u00e9 individuellement dans du plastique \u00e0 double franges et pr\u00e9sent\u00e9 dans un sachet de 500 gr. Existe aussi en<a href=\"https:\/\/www.dulces-laponderosa.com\/producto\/bombones-surtidos-doble-fleco-bombonera-700-grs\/\" target=\"_blank\" rel=\"noopener noreferrer\"> bo\u00eete de bonbons de 700 gr<\/a> ,<a href=\"https:\/\/www.dulces-laponderosa.com\/producto\/bombones-surtidos-doble-fleco-caja-2-kgs\/\" target=\"_blank\" rel=\"noopener noreferrer\"> carton de 2kg<\/a> Oui<a href=\"https:\/\/www.dulces-laponderosa.com\/producto\/bombones-surtidos-doble-fleco-bote-25-kgs\/\" target=\"_blank\" rel=\"noopener noreferrer\"> bidon de 2,5 kg<\/a> .<\/p>\n","protected":false},"featured_media":4932,"comment_status":"open","ping_status":"closed","template":"","meta":{"_joinchat":[]},"product_brand":[],"product_cat":[918,919],"product_tag":[900,901,915,913],"class_list":{"0":"post-7275","1":"product","2":"type-product","3":"status-publish","4":"has-post-thumbnail","6":"product_cat-chocolats-assortis-a-double-frange","7":"product_cat-sans-gluten","8":"product_tag-allergene-darachide","9":"product_tag-allergene-de-noix","10":"product_tag-allergene-de-soja","11":"product_tag-allergene-du-lait","13":"first","14":"instock","15":"taxable","16":"shipping-taxable","17":"purchasable","18":"product-type-simple"},"yoast_head":"<!-- This site is optimized with the Yoast SEO plugin v27.2 - https:\/\/yoast.com\/product\/yoast-seo-wordpress\/ -->\n<title>Chocolats assortis double frange Sachet 500 grs. - Dulces La Ponderosa<\/title>\n<meta name=\"description\" content=\"D\u00e9licieux chocolats assortis \u00e0 double franges pr\u00e9sent\u00e9s en sachet de 500 g. La Ponderosa rapporte \u00e0 la maison les meilleurs bonbons de No\u00ebl !\" \/>\n<meta name=\"robots\" content=\"index, follow, max-snippet:-1, max-image-preview:large, max-video-preview:-1\" \/>\n<link rel=\"canonical\" href=\"https:\/\/www.dulces-laponderosa.com\/fr\/acheter-estepa\/chocolats-assortis-double-frange-sachet-500-grs\/\" \/>\n<meta property=\"og:locale\" content=\"fr_FR\" \/>\n<meta property=\"og:type\" content=\"article\" \/>\n<meta property=\"og:title\" content=\"Chocolats assortis double frange Sachet 500 grs. - Dulces La Ponderosa\" \/>\n<meta property=\"og:description\" content=\"D\u00e9licieux chocolats assortis \u00e0 double franges pr\u00e9sent\u00e9s en sachet de 500 g. La Ponderosa rapporte \u00e0 la maison les meilleurs bonbons de No\u00ebl !\" \/>\n<meta property=\"og:url\" content=\"https:\/\/www.dulces-laponderosa.com\/fr\/acheter-estepa\/chocolats-assortis-double-frange-sachet-500-grs\/\" \/>\n<meta property=\"og:site_name\" content=\"Dulces La Ponderosa\" \/>\n<meta property=\"article:modified_time\" content=\"2025-09-17T16:52:39+00:00\" \/>\n<meta property=\"og:image\" content=\"https:\/\/www.dulces-laponderosa.com\/wp-content\/uploads\/2019\/10\/Bombones-surtidos-doble-fleco-La-Ponderosa.jpg\" \/>\n\t<meta property=\"og:image:width\" content=\"800\" \/>\n\t<meta property=\"og:image:height\" content=\"500\" \/>\n\t<meta property=\"og:image:type\" content=\"image\/jpeg\" \/>\n<meta name=\"twitter:card\" content=\"summary_large_image\" \/>\n<meta name=\"twitter:label1\" content=\"Dur\u00e9e de lecture estim\u00e9e\" \/>\n\t<meta name=\"twitter:data1\" content=\"1 minute\" \/>\n<script type=\"application\/ld+json\" class=\"yoast-schema-graph\">{\"@context\":\"https:\/\/schema.org\",\"@graph\":[{\"@type\":\"WebPage\",\"@id\":\"https:\/\/www.dulces-laponderosa.com\/fr\/acheter-estepa\/chocolats-assortis-double-frange-sachet-500-grs\/\",\"url\":\"https:\/\/www.dulces-laponderosa.com\/fr\/acheter-estepa\/chocolats-assortis-double-frange-sachet-500-grs\/\",\"name\":\"Chocolats assortis double frange Sachet 500 grs. - Dulces La Ponderosa\",\"isPartOf\":{\"@id\":\"https:\/\/www.dulces-laponderosa.com\/fr\/#website\"},\"primaryImageOfPage\":{\"@id\":\"https:\/\/www.dulces-laponderosa.com\/fr\/acheter-estepa\/chocolats-assortis-double-frange-sachet-500-grs\/#primaryimage\"},\"image\":{\"@id\":\"https:\/\/www.dulces-laponderosa.com\/fr\/acheter-estepa\/chocolats-assortis-double-frange-sachet-500-grs\/#primaryimage\"},\"thumbnailUrl\":\"https:\/\/www.dulces-laponderosa.com\/wp-content\/uploads\/2019\/10\/Bombones-surtidos-doble-fleco-La-Ponderosa.jpg\",\"datePublished\":\"2017-09-06T13:52:45+00:00\",\"dateModified\":\"2025-09-17T16:52:39+00:00\",\"description\":\"D\u00e9licieux chocolats assortis \u00e0 double franges pr\u00e9sent\u00e9s en sachet de 500 g. La Ponderosa rapporte \u00e0 la maison les meilleurs bonbons de No\u00ebl !\",\"breadcrumb\":{\"@id\":\"https:\/\/www.dulces-laponderosa.com\/fr\/acheter-estepa\/chocolats-assortis-double-frange-sachet-500-grs\/#breadcrumb\"},\"inLanguage\":\"fr-FR\",\"potentialAction\":[{\"@type\":\"ReadAction\",\"target\":[\"https:\/\/www.dulces-laponderosa.com\/fr\/acheter-estepa\/chocolats-assortis-double-frange-sachet-500-grs\/\"]}]},{\"@type\":\"ImageObject\",\"inLanguage\":\"fr-FR\",\"@id\":\"https:\/\/www.dulces-laponderosa.com\/fr\/acheter-estepa\/chocolats-assortis-double-frange-sachet-500-grs\/#primaryimage\",\"url\":\"https:\/\/www.dulces-laponderosa.com\/wp-content\/uploads\/2019\/10\/Bombones-surtidos-doble-fleco-La-Ponderosa.jpg\",\"contentUrl\":\"https:\/\/www.dulces-laponderosa.com\/wp-content\/uploads\/2019\/10\/Bombones-surtidos-doble-fleco-La-Ponderosa.jpg\",\"width\":800,\"height\":500},{\"@type\":\"BreadcrumbList\",\"@id\":\"https:\/\/www.dulces-laponderosa.com\/fr\/acheter-estepa\/chocolats-assortis-double-frange-sachet-500-grs\/#breadcrumb\",\"itemListElement\":[{\"@type\":\"ListItem\",\"position\":1,\"name\":\"Portada\",\"item\":\"https:\/\/www.dulces-laponderosa.com\/fr\/\"},{\"@type\":\"ListItem\",\"position\":2,\"name\":\"Boutique\",\"item\":\"https:\/\/www.dulces-laponderosa.com\/fr\/boutique\/\"},{\"@type\":\"ListItem\",\"position\":3,\"name\":\"Chocolats assortis double frange Sachet 500 grs.\"}]},{\"@type\":\"WebSite\",\"@id\":\"https:\/\/www.dulces-laponderosa.com\/fr\/#website\",\"url\":\"https:\/\/www.dulces-laponderosa.com\/fr\/\",\"name\":\"Dulces La Ponderosa\",\"description\":\"Dulces de Navidad desde 1955\",\"potentialAction\":[{\"@type\":\"SearchAction\",\"target\":{\"@type\":\"EntryPoint\",\"urlTemplate\":\"https:\/\/www.dulces-laponderosa.com\/fr\/?s={search_term_string}\"},\"query-input\":{\"@type\":\"PropertyValueSpecification\",\"valueRequired\":true,\"valueName\":\"search_term_string\"}}],\"inLanguage\":\"fr-FR\"}]}<\/script>\n<!-- \/ Yoast SEO plugin. -->","yoast_head_json":{"title":"Chocolats assortis double frange Sachet 500 grs. - Dulces La Ponderosa","description":"D\u00e9licieux chocolats assortis \u00e0 double franges pr\u00e9sent\u00e9s en sachet de 500 g. La Ponderosa rapporte \u00e0 la maison les meilleurs bonbons de No\u00ebl !","robots":{"index":"index","follow":"follow","max-snippet":"max-snippet:-1","max-image-preview":"max-image-preview:large","max-video-preview":"max-video-preview:-1"},"canonical":"https:\/\/www.dulces-laponderosa.com\/fr\/acheter-estepa\/chocolats-assortis-double-frange-sachet-500-grs\/","og_locale":"fr_FR","og_type":"article","og_title":"Chocolats assortis double frange Sachet 500 grs. - Dulces La Ponderosa","og_description":"D\u00e9licieux chocolats assortis \u00e0 double franges pr\u00e9sent\u00e9s en sachet de 500 g. La Ponderosa rapporte \u00e0 la maison les meilleurs bonbons de No\u00ebl !","og_url":"https:\/\/www.dulces-laponderosa.com\/fr\/acheter-estepa\/chocolats-assortis-double-frange-sachet-500-grs\/","og_site_name":"Dulces La Ponderosa","article_modified_time":"2025-09-17T16:52:39+00:00","og_image":[{"width":800,"height":500,"url":"https:\/\/www.dulces-laponderosa.com\/wp-content\/uploads\/2019\/10\/Bombones-surtidos-doble-fleco-La-Ponderosa.jpg","type":"image\/jpeg"}],"twitter_card":"summary_large_image","twitter_misc":{"Dur\u00e9e de lecture estim\u00e9e":"1 minute"},"schema":{"@context":"https:\/\/schema.org","@graph":[{"@type":"WebPage","@id":"https:\/\/www.dulces-laponderosa.com\/fr\/acheter-estepa\/chocolats-assortis-double-frange-sachet-500-grs\/","url":"https:\/\/www.dulces-laponderosa.com\/fr\/acheter-estepa\/chocolats-assortis-double-frange-sachet-500-grs\/","name":"Chocolats assortis double frange Sachet 500 grs. - Dulces La Ponderosa","isPartOf":{"@id":"https:\/\/www.dulces-laponderosa.com\/fr\/#website"},"primaryImageOfPage":{"@id":"https:\/\/www.dulces-laponderosa.com\/fr\/acheter-estepa\/chocolats-assortis-double-frange-sachet-500-grs\/#primaryimage"},"image":{"@id":"https:\/\/www.dulces-laponderosa.com\/fr\/acheter-estepa\/chocolats-assortis-double-frange-sachet-500-grs\/#primaryimage"},"thumbnailUrl":"https:\/\/www.dulces-laponderosa.com\/wp-content\/uploads\/2019\/10\/Bombones-surtidos-doble-fleco-La-Ponderosa.jpg","datePublished":"2017-09-06T13:52:45+00:00","dateModified":"2025-09-17T16:52:39+00:00","description":"D\u00e9licieux chocolats assortis \u00e0 double franges pr\u00e9sent\u00e9s en sachet de 500 g. La Ponderosa rapporte \u00e0 la maison les meilleurs bonbons de No\u00ebl !","breadcrumb":{"@id":"https:\/\/www.dulces-laponderosa.com\/fr\/acheter-estepa\/chocolats-assortis-double-frange-sachet-500-grs\/#breadcrumb"},"inLanguage":"fr-FR","potentialAction":[{"@type":"ReadAction","target":["https:\/\/www.dulces-laponderosa.com\/fr\/acheter-estepa\/chocolats-assortis-double-frange-sachet-500-grs\/"]}]},{"@type":"ImageObject","inLanguage":"fr-FR","@id":"https:\/\/www.dulces-laponderosa.com\/fr\/acheter-estepa\/chocolats-assortis-double-frange-sachet-500-grs\/#primaryimage","url":"https:\/\/www.dulces-laponderosa.com\/wp-content\/uploads\/2019\/10\/Bombones-surtidos-doble-fleco-La-Ponderosa.jpg","contentUrl":"https:\/\/www.dulces-laponderosa.com\/wp-content\/uploads\/2019\/10\/Bombones-surtidos-doble-fleco-La-Ponderosa.jpg","width":800,"height":500},{"@type":"BreadcrumbList","@id":"https:\/\/www.dulces-laponderosa.com\/fr\/acheter-estepa\/chocolats-assortis-double-frange-sachet-500-grs\/#breadcrumb","itemListElement":[{"@type":"ListItem","position":1,"name":"Portada","item":"https:\/\/www.dulces-laponderosa.com\/fr\/"},{"@type":"ListItem","position":2,"name":"Boutique","item":"https:\/\/www.dulces-laponderosa.com\/fr\/boutique\/"},{"@type":"ListItem","position":3,"name":"Chocolats assortis double frange Sachet 500 grs."}]},{"@type":"WebSite","@id":"https:\/\/www.dulces-laponderosa.com\/fr\/#website","url":"https:\/\/www.dulces-laponderosa.com\/fr\/","name":"Dulces La Ponderosa","description":"Dulces de Navidad desde 1955","potentialAction":[{"@type":"SearchAction","target":{"@type":"EntryPoint","urlTemplate":"https:\/\/www.dulces-laponderosa.com\/fr\/?s={search_term_string}"},"query-input":{"@type":"PropertyValueSpecification","valueRequired":true,"valueName":"search_term_string"}}],"inLanguage":"fr-FR"}]}},"_links":{"self":[{"href":"https:\/\/www.dulces-laponderosa.com\/fr\/wp-json\/wp\/v2\/product\/7275","targetHints":{"allow":["GET"]}}],"collection":[{"href":"https:\/\/www.dulces-laponderosa.com\/fr\/wp-json\/wp\/v2\/product"}],"about":[{"href":"https:\/\/www.dulces-laponderosa.com\/fr\/wp-json\/wp\/v2\/types\/product"}],"replies":[{"embeddable":true,"href":"https:\/\/www.dulces-laponderosa.com\/fr\/wp-json\/wp\/v2\/comments?post=7275"}],"wp:featuredmedia":[{"embeddable":true,"href":"https:\/\/www.dulces-laponderosa.com\/fr\/wp-json\/wp\/v2\/media\/4932"}],"wp:attachment":[{"href":"https:\/\/www.dulces-laponderosa.com\/fr\/wp-json\/wp\/v2\/media?parent=7275"}],"wp:term":[{"taxonomy":"product_brand","embeddable":true,"href":"https:\/\/www.dulces-laponderosa.com\/fr\/wp-json\/wp\/v2\/product_brand?post=7275"},{"taxonomy":"product_cat","embeddable":true,"href":"https:\/\/www.dulces-laponderosa.com\/fr\/wp-json\/wp\/v2\/product_cat?post=7275"},{"taxonomy":"product_tag","embeddable":true,"href":"https:\/\/www.dulces-laponderosa.com\/fr\/wp-json\/wp\/v2\/product_tag?post=7275"}],"curies":[{"name":"wp","href":"https:\/\/api.w.org\/{rel}","templated":true}]}}