{"id":7281,"date":"2017-09-06T15:44:09","date_gmt":"2017-09-06T13:44:09","guid":{"rendered":"https:\/\/www.dulces-laponderosa.com\/producto\/chocolat-fourre-au-dulce-de-leche-boite-2-kgs\/"},"modified":"2021-09-22T16:37:34","modified_gmt":"2021-09-22T14:37:34","slug":"chocolat-fourre-au-dulce-de-leche-boite-2-kgs","status":"publish","type":"product","link":"https:\/\/www.dulces-laponderosa.com\/fr\/acheter-estepa\/chocolat-fourre-au-dulce-de-leche-boite-2-kgs\/","title":{"rendered":"Chocolat fourr\u00e9 au dulce de leche Bo\u00eete 2 kgs."},"content":{"rendered":"<section class=\"l-section wpb_row height_custom\"><div class=\"l-section-h i-cf\"><div class=\"g-cols vc_row via_flex valign_top type_default stacking_default\"><div class=\"vc_col-sm-12 wpb_column vc_column_container\"><div class=\"vc_column-inner\"><div class=\"wpb_wrapper\"><div class=\"wpb_text_column\"><div class=\"wpb_wrapper\"><h4>Ingr\u00e9dients<\/h4>\n<p>Chocolat recouvert de lait et fourr\u00e9 de dulce de leche. Ingr\u00e9dients : Sucre, graisse v\u00e9g\u00e9tale (palme), beurre de cacao, cr\u00e8me sucr\u00e9e <strong>Le Lait<\/strong> (15%) (eau, sucre, poudre de lait entier, sirop de glucose, poudre de lait \u00e9cr\u00e9m\u00e9 et conservateur : E-202), <strong>Le Lait<\/strong> poudre \u00e9cr\u00e9m\u00e9e, <strong>Le Lait<\/strong> poudre enti\u00e8re, p\u00e2te de cacao, babeurre <strong>Le Lait,<\/strong> \u00e9mulsifiants (l\u00e9cithine de <strong>soja<\/strong> : E-322, E-472c et E-492) et des ar\u00f4mes naturels (vanille et lait). % cacao minimum &#8211; Chocolat au lait : 35%. <strong>Peut contenir des traces de fruits \u00e0 coque et d&rsquo;arachides. SANS GLUTEN. <\/strong><\/p>\n<h4>Allerg\u00e8nes<\/h4>\n<p>Contient du lait et ses d\u00e9riv\u00e9s (dont le lactose) et du soja. Peut contenir des traces de fruits \u00e0 coque et d&rsquo;arachides. SANS GLUTEN.<\/p>\n<h4>Tableau nutritionnel<\/h4>\n<p><iframe src=\"https:\/\/docs.google.com\/spreadsheets\/d\/e\/2PACX-1vT9OdDAmz161xIxgc0bPRZvx02DMV0YHSghnO7dcm6ZjO1CyzGy0EZWYn1pcw_J1hodyfgYlLOWuSd8\/pubhtml?gid=28351286&amp;single=true&amp;widget=true&amp;headers=false\" width=\"100%\" height=\"350\"><\/iframe><\/p>\n<\/div><\/div><\/div><\/div><\/div><\/div><\/div><\/section>\n","protected":false},"excerpt":{"rendered":"<h4>La description<\/h4>\n<p>Ces chocolats fourr\u00e9s au dulce de leche sont la cerise parfaite sur les d\u00eeners de No\u00ebl \u00e0 offrir aux gourmands. Lait irr\u00e9sistible dulce de leche recouvert de chocolat au lait. Ils ne peuvent pas manquer dans votre assortiment de No\u00ebl. Ajoutez-les au panier, vous ne le regretterez pas !<\/p>\n<h4>Pr\u00e9sentation<\/h4>\n<p>Emball\u00e9 individuellement et pr\u00e9sent\u00e9 dans une bo\u00eete de 2 kg. Existe aussi en sac de 500gr .<\/p>\n","protected":false},"featured_media":2129,"comment_status":"open","ping_status":"closed","template":"","meta":{"_joinchat":[]},"product_brand":[],"product_cat":[933,919],"product_tag":[900,901,915,913],"class_list":{"0":"post-7281","1":"product","2":"type-product","3":"status-publish","4":"has-post-thumbnail","6":"product_cat-chocolat-fourre-au-dulce-de-leche","7":"product_cat-sans-gluten","8":"product_tag-allergene-darachide","9":"product_tag-allergene-de-noix","10":"product_tag-allergene-de-soja","11":"product_tag-allergene-du-lait","13":"first","14":"instock","15":"taxable","16":"shipping-taxable","17":"purchasable","18":"product-type-simple"},"yoast_head":"<!-- This site is optimized with the Yoast SEO plugin v27.2 - https:\/\/yoast.com\/product\/yoast-seo-wordpress\/ -->\n<title>Chocolat fourr\u00e9 au dulce de leche Bo\u00eete 2 kgs. - Dulces La Ponderosa<\/title>\n<meta name=\"description\" content=\"D\u00e9licieux chocolats fourr\u00e9s au dulce de leche pr\u00e9sent\u00e9s dans une bo\u00eete de 2 kg. La Ponderosa rapporte \u00e0 la maison les meilleurs bonbons de No\u00ebl !\" \/>\n<meta name=\"robots\" content=\"index, follow, max-snippet:-1, max-image-preview:large, max-video-preview:-1\" \/>\n<link rel=\"canonical\" href=\"https:\/\/www.dulces-laponderosa.com\/fr\/acheter-estepa\/chocolat-fourre-au-dulce-de-leche-boite-2-kgs\/\" \/>\n<meta property=\"og:locale\" content=\"fr_FR\" \/>\n<meta property=\"og:type\" content=\"article\" \/>\n<meta property=\"og:title\" content=\"Chocolat fourr\u00e9 au dulce de leche Bo\u00eete 2 kgs. - Dulces La Ponderosa\" \/>\n<meta property=\"og:description\" content=\"D\u00e9licieux chocolats fourr\u00e9s au dulce de leche pr\u00e9sent\u00e9s dans une bo\u00eete de 2 kg. La Ponderosa rapporte \u00e0 la maison les meilleurs bonbons de No\u00ebl !\" \/>\n<meta property=\"og:url\" content=\"https:\/\/www.dulces-laponderosa.com\/fr\/acheter-estepa\/chocolat-fourre-au-dulce-de-leche-boite-2-kgs\/\" \/>\n<meta property=\"og:site_name\" content=\"Dulces La Ponderosa\" \/>\n<meta property=\"article:modified_time\" content=\"2021-09-22T14:37:34+00:00\" \/>\n<meta property=\"og:image\" content=\"https:\/\/www.dulces-laponderosa.com\/wp-content\/uploads\/2017\/09\/bombones_sueltos_dulce_leche_IMG_0184.jpg\" \/>\n\t<meta property=\"og:image:width\" content=\"800\" \/>\n\t<meta property=\"og:image:height\" content=\"550\" \/>\n\t<meta property=\"og:image:type\" content=\"image\/jpeg\" \/>\n<meta name=\"twitter:card\" content=\"summary_large_image\" \/>\n<meta name=\"twitter:label1\" content=\"Dur\u00e9e de lecture estim\u00e9e\" \/>\n\t<meta name=\"twitter:data1\" content=\"1 minute\" \/>\n<script type=\"application\/ld+json\" class=\"yoast-schema-graph\">{\"@context\":\"https:\/\/schema.org\",\"@graph\":[{\"@type\":\"WebPage\",\"@id\":\"https:\/\/www.dulces-laponderosa.com\/fr\/acheter-estepa\/chocolat-fourre-au-dulce-de-leche-boite-2-kgs\/\",\"url\":\"https:\/\/www.dulces-laponderosa.com\/fr\/acheter-estepa\/chocolat-fourre-au-dulce-de-leche-boite-2-kgs\/\",\"name\":\"Chocolat fourr\u00e9 au dulce de leche Bo\u00eete 2 kgs. - Dulces La Ponderosa\",\"isPartOf\":{\"@id\":\"https:\/\/www.dulces-laponderosa.com\/fr\/#website\"},\"primaryImageOfPage\":{\"@id\":\"https:\/\/www.dulces-laponderosa.com\/fr\/acheter-estepa\/chocolat-fourre-au-dulce-de-leche-boite-2-kgs\/#primaryimage\"},\"image\":{\"@id\":\"https:\/\/www.dulces-laponderosa.com\/fr\/acheter-estepa\/chocolat-fourre-au-dulce-de-leche-boite-2-kgs\/#primaryimage\"},\"thumbnailUrl\":\"https:\/\/www.dulces-laponderosa.com\/wp-content\/uploads\/2017\/09\/bombones_sueltos_dulce_leche_IMG_0184.jpg\",\"datePublished\":\"2017-09-06T13:44:09+00:00\",\"dateModified\":\"2021-09-22T14:37:34+00:00\",\"description\":\"D\u00e9licieux chocolats fourr\u00e9s au dulce de leche pr\u00e9sent\u00e9s dans une bo\u00eete de 2 kg. La Ponderosa rapporte \u00e0 la maison les meilleurs bonbons de No\u00ebl !\",\"breadcrumb\":{\"@id\":\"https:\/\/www.dulces-laponderosa.com\/fr\/acheter-estepa\/chocolat-fourre-au-dulce-de-leche-boite-2-kgs\/#breadcrumb\"},\"inLanguage\":\"fr-FR\",\"potentialAction\":[{\"@type\":\"ReadAction\",\"target\":[\"https:\/\/www.dulces-laponderosa.com\/fr\/acheter-estepa\/chocolat-fourre-au-dulce-de-leche-boite-2-kgs\/\"]}]},{\"@type\":\"ImageObject\",\"inLanguage\":\"fr-FR\",\"@id\":\"https:\/\/www.dulces-laponderosa.com\/fr\/acheter-estepa\/chocolat-fourre-au-dulce-de-leche-boite-2-kgs\/#primaryimage\",\"url\":\"https:\/\/www.dulces-laponderosa.com\/wp-content\/uploads\/2017\/09\/bombones_sueltos_dulce_leche_IMG_0184.jpg\",\"contentUrl\":\"https:\/\/www.dulces-laponderosa.com\/wp-content\/uploads\/2017\/09\/bombones_sueltos_dulce_leche_IMG_0184.jpg\",\"width\":800,\"height\":550,\"caption\":\"Chocolat fourr\u00e9 au dulce de leche\"},{\"@type\":\"BreadcrumbList\",\"@id\":\"https:\/\/www.dulces-laponderosa.com\/fr\/acheter-estepa\/chocolat-fourre-au-dulce-de-leche-boite-2-kgs\/#breadcrumb\",\"itemListElement\":[{\"@type\":\"ListItem\",\"position\":1,\"name\":\"Portada\",\"item\":\"https:\/\/www.dulces-laponderosa.com\/fr\/\"},{\"@type\":\"ListItem\",\"position\":2,\"name\":\"Boutique\",\"item\":\"https:\/\/www.dulces-laponderosa.com\/fr\/boutique\/\"},{\"@type\":\"ListItem\",\"position\":3,\"name\":\"Chocolat fourr\u00e9 au dulce de leche Bo\u00eete 2 kgs.\"}]},{\"@type\":\"WebSite\",\"@id\":\"https:\/\/www.dulces-laponderosa.com\/fr\/#website\",\"url\":\"https:\/\/www.dulces-laponderosa.com\/fr\/\",\"name\":\"Dulces La Ponderosa\",\"description\":\"Dulces de Navidad desde 1955\",\"potentialAction\":[{\"@type\":\"SearchAction\",\"target\":{\"@type\":\"EntryPoint\",\"urlTemplate\":\"https:\/\/www.dulces-laponderosa.com\/fr\/?s={search_term_string}\"},\"query-input\":{\"@type\":\"PropertyValueSpecification\",\"valueRequired\":true,\"valueName\":\"search_term_string\"}}],\"inLanguage\":\"fr-FR\"}]}<\/script>\n<!-- \/ Yoast SEO plugin. -->","yoast_head_json":{"title":"Chocolat fourr\u00e9 au dulce de leche Bo\u00eete 2 kgs. - Dulces La Ponderosa","description":"D\u00e9licieux chocolats fourr\u00e9s au dulce de leche pr\u00e9sent\u00e9s dans une bo\u00eete de 2 kg. La Ponderosa rapporte \u00e0 la maison les meilleurs bonbons de No\u00ebl !","robots":{"index":"index","follow":"follow","max-snippet":"max-snippet:-1","max-image-preview":"max-image-preview:large","max-video-preview":"max-video-preview:-1"},"canonical":"https:\/\/www.dulces-laponderosa.com\/fr\/acheter-estepa\/chocolat-fourre-au-dulce-de-leche-boite-2-kgs\/","og_locale":"fr_FR","og_type":"article","og_title":"Chocolat fourr\u00e9 au dulce de leche Bo\u00eete 2 kgs. - Dulces La Ponderosa","og_description":"D\u00e9licieux chocolats fourr\u00e9s au dulce de leche pr\u00e9sent\u00e9s dans une bo\u00eete de 2 kg. La Ponderosa rapporte \u00e0 la maison les meilleurs bonbons de No\u00ebl !","og_url":"https:\/\/www.dulces-laponderosa.com\/fr\/acheter-estepa\/chocolat-fourre-au-dulce-de-leche-boite-2-kgs\/","og_site_name":"Dulces La Ponderosa","article_modified_time":"2021-09-22T14:37:34+00:00","og_image":[{"width":800,"height":550,"url":"https:\/\/www.dulces-laponderosa.com\/wp-content\/uploads\/2017\/09\/bombones_sueltos_dulce_leche_IMG_0184.jpg","type":"image\/jpeg"}],"twitter_card":"summary_large_image","twitter_misc":{"Dur\u00e9e de lecture estim\u00e9e":"1 minute"},"schema":{"@context":"https:\/\/schema.org","@graph":[{"@type":"WebPage","@id":"https:\/\/www.dulces-laponderosa.com\/fr\/acheter-estepa\/chocolat-fourre-au-dulce-de-leche-boite-2-kgs\/","url":"https:\/\/www.dulces-laponderosa.com\/fr\/acheter-estepa\/chocolat-fourre-au-dulce-de-leche-boite-2-kgs\/","name":"Chocolat fourr\u00e9 au dulce de leche Bo\u00eete 2 kgs. - Dulces La Ponderosa","isPartOf":{"@id":"https:\/\/www.dulces-laponderosa.com\/fr\/#website"},"primaryImageOfPage":{"@id":"https:\/\/www.dulces-laponderosa.com\/fr\/acheter-estepa\/chocolat-fourre-au-dulce-de-leche-boite-2-kgs\/#primaryimage"},"image":{"@id":"https:\/\/www.dulces-laponderosa.com\/fr\/acheter-estepa\/chocolat-fourre-au-dulce-de-leche-boite-2-kgs\/#primaryimage"},"thumbnailUrl":"https:\/\/www.dulces-laponderosa.com\/wp-content\/uploads\/2017\/09\/bombones_sueltos_dulce_leche_IMG_0184.jpg","datePublished":"2017-09-06T13:44:09+00:00","dateModified":"2021-09-22T14:37:34+00:00","description":"D\u00e9licieux chocolats fourr\u00e9s au dulce de leche pr\u00e9sent\u00e9s dans une bo\u00eete de 2 kg. La Ponderosa rapporte \u00e0 la maison les meilleurs bonbons de No\u00ebl !","breadcrumb":{"@id":"https:\/\/www.dulces-laponderosa.com\/fr\/acheter-estepa\/chocolat-fourre-au-dulce-de-leche-boite-2-kgs\/#breadcrumb"},"inLanguage":"fr-FR","potentialAction":[{"@type":"ReadAction","target":["https:\/\/www.dulces-laponderosa.com\/fr\/acheter-estepa\/chocolat-fourre-au-dulce-de-leche-boite-2-kgs\/"]}]},{"@type":"ImageObject","inLanguage":"fr-FR","@id":"https:\/\/www.dulces-laponderosa.com\/fr\/acheter-estepa\/chocolat-fourre-au-dulce-de-leche-boite-2-kgs\/#primaryimage","url":"https:\/\/www.dulces-laponderosa.com\/wp-content\/uploads\/2017\/09\/bombones_sueltos_dulce_leche_IMG_0184.jpg","contentUrl":"https:\/\/www.dulces-laponderosa.com\/wp-content\/uploads\/2017\/09\/bombones_sueltos_dulce_leche_IMG_0184.jpg","width":800,"height":550,"caption":"Chocolat fourr\u00e9 au dulce de leche"},{"@type":"BreadcrumbList","@id":"https:\/\/www.dulces-laponderosa.com\/fr\/acheter-estepa\/chocolat-fourre-au-dulce-de-leche-boite-2-kgs\/#breadcrumb","itemListElement":[{"@type":"ListItem","position":1,"name":"Portada","item":"https:\/\/www.dulces-laponderosa.com\/fr\/"},{"@type":"ListItem","position":2,"name":"Boutique","item":"https:\/\/www.dulces-laponderosa.com\/fr\/boutique\/"},{"@type":"ListItem","position":3,"name":"Chocolat fourr\u00e9 au dulce de leche Bo\u00eete 2 kgs."}]},{"@type":"WebSite","@id":"https:\/\/www.dulces-laponderosa.com\/fr\/#website","url":"https:\/\/www.dulces-laponderosa.com\/fr\/","name":"Dulces La Ponderosa","description":"Dulces de Navidad desde 1955","potentialAction":[{"@type":"SearchAction","target":{"@type":"EntryPoint","urlTemplate":"https:\/\/www.dulces-laponderosa.com\/fr\/?s={search_term_string}"},"query-input":{"@type":"PropertyValueSpecification","valueRequired":true,"valueName":"search_term_string"}}],"inLanguage":"fr-FR"}]}},"_links":{"self":[{"href":"https:\/\/www.dulces-laponderosa.com\/fr\/wp-json\/wp\/v2\/product\/7281","targetHints":{"allow":["GET"]}}],"collection":[{"href":"https:\/\/www.dulces-laponderosa.com\/fr\/wp-json\/wp\/v2\/product"}],"about":[{"href":"https:\/\/www.dulces-laponderosa.com\/fr\/wp-json\/wp\/v2\/types\/product"}],"replies":[{"embeddable":true,"href":"https:\/\/www.dulces-laponderosa.com\/fr\/wp-json\/wp\/v2\/comments?post=7281"}],"wp:featuredmedia":[{"embeddable":true,"href":"https:\/\/www.dulces-laponderosa.com\/fr\/wp-json\/wp\/v2\/media\/2129"}],"wp:attachment":[{"href":"https:\/\/www.dulces-laponderosa.com\/fr\/wp-json\/wp\/v2\/media?parent=7281"}],"wp:term":[{"taxonomy":"product_brand","embeddable":true,"href":"https:\/\/www.dulces-laponderosa.com\/fr\/wp-json\/wp\/v2\/product_brand?post=7281"},{"taxonomy":"product_cat","embeddable":true,"href":"https:\/\/www.dulces-laponderosa.com\/fr\/wp-json\/wp\/v2\/product_cat?post=7281"},{"taxonomy":"product_tag","embeddable":true,"href":"https:\/\/www.dulces-laponderosa.com\/fr\/wp-json\/wp\/v2\/product_tag?post=7281"}],"curies":[{"name":"wp","href":"https:\/\/api.w.org\/{rel}","templated":true}]}}