{"id":7289,"date":"2017-09-06T15:06:30","date_gmt":"2017-09-06T13:06:30","guid":{"rendered":"https:\/\/www.dulces-laponderosa.com\/producto\/nougats-assortis-carton-3-kg\/"},"modified":"2025-09-17T18:01:13","modified_gmt":"2025-09-17T16:01:13","slug":"nougats-assortis-carton-3-kg","status":"publish","type":"product","link":"https:\/\/www.dulces-laponderosa.com\/fr\/acheter-estepa\/nougats-assortis-carton-3-kg\/","title":{"rendered":"Nougats assortis. Carton 3 kg."},"content":{"rendered":"<section class=\"l-section wpb_row height_custom\"><div class=\"l-section-h i-cf\"><div class=\"g-cols vc_row via_flex valign_top type_default stacking_default\"><div class=\"vc_col-sm-12 wpb_column vc_column_container\"><div class=\"vc_column-inner\"><div class=\"wpb_wrapper\"><div class=\"wpb_text_column\"><div class=\"wpb_wrapper\"><h4>Ingr\u00e9dients et tableau nutritionnel<\/h4>\n<p>Parce que nos nougats assortis comprennent des nougats de diff\u00e9rents types, il peut contenir \u00e0 la fois des ingr\u00e9dients et des traces de : lait, \u0153uf, gluten, arachide, noix, soja, s\u00e9same et sulfites. Pour voir les ingr\u00e9dients et le tableau nutritionnel de chaque produit :<\/p>\n<ul>\n<li><a href=\"https:\/\/www.dulces-laponderosa.com\/producto\/turron-blando-bolsa-500-grs\/\" target=\"_blank\" rel=\"noopener noreferrer\">Nougat tendre aux amandes<\/a><\/li>\n<li><a href=\"https:\/\/www.dulces-laponderosa.com\/producto\/turron-chocolate-almendras-bolsa-500-grs\/\" target=\"_blank\" rel=\"noopener noreferrer\">Nougat au chocolat et aux amandes<\/a><\/li>\n<li><a href=\"https:\/\/www.dulces-laponderosa.com\/producto\/turron-chocolate-crujiente-bolsa-500-grs\/\" target=\"_blank\" rel=\"noopener noreferrer\">Nougat croustillant au chocolat<\/a><\/li>\n<li><a href=\"https:\/\/www.dulces-laponderosa.com\/producto\/turron-duro-almendra-bolsa-500-grs\/\" target=\"_blank\" rel=\"noopener noreferrer\">Nougat dur aux amandes<\/a><\/li>\n<li><a href=\"https:\/\/www.dulces-laponderosa.com\/fr\/produit\/nougat-au-jaune-doeuf-grille-sachet-500-gr\/\" target=\"_blank\" rel=\"noopener noreferrer\">Nougat au jaune d&rsquo;oeuf grill\u00e9.<\/a><\/li>\n<\/ul>\n<\/div><\/div><\/div><\/div><\/div><\/div><\/div><\/section>\n","protected":false},"excerpt":{"rendered":"<h4>Produits inclus<\/h4>\n<p>Notre coffret nougat assorti est incontestablement une r\u00e9ussite pour pr\u00e9parer un beau plateau avec une vari\u00e9t\u00e9 de nougat diff\u00e9rent pour vos invit\u00e9s. La meilleure s\u00e9lection de nos nougats pour nos clients. Au sein de l&rsquo;assortiment de nougat vous trouverez : nougat tendre, nougat chocolat et amandes, nougat dur, nougat jaune toast\u00e9, nougat chocolat croquant<\/p>\n<h4>Pr\u00e9sentation<\/h4>\n<p>En emballage individuel en carton de 3kgs<\/p>\n","protected":false},"featured_media":2027,"comment_status":"open","ping_status":"closed","template":"","meta":{"_joinchat":[]},"product_brand":[],"product_cat":[937],"product_tag":[914,900,899,901,902,915,913,903],"class_list":{"0":"post-7289","1":"product","2":"type-product","3":"status-publish","4":"has-post-thumbnail","6":"product_cat-nougats-assortis","7":"product_tag-allergene-doeuf","8":"product_tag-allergene-darachide","9":"product_tag-allergene-de-gluten","10":"product_tag-allergene-de-noix","11":"product_tag-allergene-de-sesame","12":"product_tag-allergene-de-soja","13":"product_tag-allergene-du-lait","14":"product_tag-allergene-sulfite","16":"first","17":"instock","18":"taxable","19":"shipping-taxable","20":"purchasable","21":"product-type-simple"},"yoast_head":"<!-- This site is optimized with the Yoast SEO plugin v27.2 - https:\/\/yoast.com\/product\/yoast-seo-wordpress\/ -->\n<title>Nougats assortis. Carton 3 kg. - Dulces La Ponderosa<\/title>\n<meta name=\"description\" content=\"D\u00e9licieuse vari\u00e9t\u00e9 de nougat assortie pr\u00e9sent\u00e9e dans une bo\u00eete de 3 kg. La Ponderosa rapporte \u00e0 la maison les meilleurs bonbons de No\u00ebl !\" \/>\n<meta name=\"robots\" content=\"index, follow, max-snippet:-1, max-image-preview:large, max-video-preview:-1\" \/>\n<link rel=\"canonical\" href=\"https:\/\/www.dulces-laponderosa.com\/fr\/acheter-estepa\/nougats-assortis-carton-3-kg\/\" \/>\n<meta property=\"og:locale\" content=\"fr_FR\" \/>\n<meta property=\"og:type\" content=\"article\" \/>\n<meta property=\"og:title\" content=\"Nougats assortis. Carton 3 kg. - Dulces La Ponderosa\" \/>\n<meta property=\"og:description\" content=\"D\u00e9licieuse vari\u00e9t\u00e9 de nougat assortie pr\u00e9sent\u00e9e dans une bo\u00eete de 3 kg. La Ponderosa rapporte \u00e0 la maison les meilleurs bonbons de No\u00ebl !\" \/>\n<meta property=\"og:url\" content=\"https:\/\/www.dulces-laponderosa.com\/fr\/acheter-estepa\/nougats-assortis-carton-3-kg\/\" \/>\n<meta property=\"og:site_name\" content=\"Dulces La Ponderosa\" \/>\n<meta property=\"article:modified_time\" content=\"2025-09-17T16:01:13+00:00\" \/>\n<meta property=\"og:image\" content=\"https:\/\/www.dulces-laponderosa.com\/wp-content\/uploads\/2017\/09\/Turrones_surtidos_con_azucar..jpg\" \/>\n\t<meta property=\"og:image:width\" content=\"800\" \/>\n\t<meta property=\"og:image:height\" content=\"490\" \/>\n\t<meta property=\"og:image:type\" content=\"image\/jpeg\" \/>\n<meta name=\"twitter:card\" content=\"summary_large_image\" \/>\n<script type=\"application\/ld+json\" class=\"yoast-schema-graph\">{\"@context\":\"https:\/\/schema.org\",\"@graph\":[{\"@type\":\"WebPage\",\"@id\":\"https:\/\/www.dulces-laponderosa.com\/fr\/acheter-estepa\/nougats-assortis-carton-3-kg\/\",\"url\":\"https:\/\/www.dulces-laponderosa.com\/fr\/acheter-estepa\/nougats-assortis-carton-3-kg\/\",\"name\":\"Nougats assortis. Carton 3 kg. - Dulces La Ponderosa\",\"isPartOf\":{\"@id\":\"https:\/\/www.dulces-laponderosa.com\/fr\/#website\"},\"primaryImageOfPage\":{\"@id\":\"https:\/\/www.dulces-laponderosa.com\/fr\/acheter-estepa\/nougats-assortis-carton-3-kg\/#primaryimage\"},\"image\":{\"@id\":\"https:\/\/www.dulces-laponderosa.com\/fr\/acheter-estepa\/nougats-assortis-carton-3-kg\/#primaryimage\"},\"thumbnailUrl\":\"https:\/\/www.dulces-laponderosa.com\/wp-content\/uploads\/2017\/09\/Turrones_surtidos_con_azucar..jpg\",\"datePublished\":\"2017-09-06T13:06:30+00:00\",\"dateModified\":\"2025-09-17T16:01:13+00:00\",\"description\":\"D\u00e9licieuse vari\u00e9t\u00e9 de nougat assortie pr\u00e9sent\u00e9e dans une bo\u00eete de 3 kg. La Ponderosa rapporte \u00e0 la maison les meilleurs bonbons de No\u00ebl !\",\"breadcrumb\":{\"@id\":\"https:\/\/www.dulces-laponderosa.com\/fr\/acheter-estepa\/nougats-assortis-carton-3-kg\/#breadcrumb\"},\"inLanguage\":\"fr-FR\",\"potentialAction\":[{\"@type\":\"ReadAction\",\"target\":[\"https:\/\/www.dulces-laponderosa.com\/fr\/acheter-estepa\/nougats-assortis-carton-3-kg\/\"]}]},{\"@type\":\"ImageObject\",\"inLanguage\":\"fr-FR\",\"@id\":\"https:\/\/www.dulces-laponderosa.com\/fr\/acheter-estepa\/nougats-assortis-carton-3-kg\/#primaryimage\",\"url\":\"https:\/\/www.dulces-laponderosa.com\/wp-content\/uploads\/2017\/09\/Turrones_surtidos_con_azucar..jpg\",\"contentUrl\":\"https:\/\/www.dulces-laponderosa.com\/wp-content\/uploads\/2017\/09\/Turrones_surtidos_con_azucar..jpg\",\"width\":800,\"height\":490},{\"@type\":\"BreadcrumbList\",\"@id\":\"https:\/\/www.dulces-laponderosa.com\/fr\/acheter-estepa\/nougats-assortis-carton-3-kg\/#breadcrumb\",\"itemListElement\":[{\"@type\":\"ListItem\",\"position\":1,\"name\":\"Portada\",\"item\":\"https:\/\/www.dulces-laponderosa.com\/fr\/\"},{\"@type\":\"ListItem\",\"position\":2,\"name\":\"Boutique\",\"item\":\"https:\/\/www.dulces-laponderosa.com\/fr\/boutique\/\"},{\"@type\":\"ListItem\",\"position\":3,\"name\":\"Nougats assortis. Carton 3 kg.\"}]},{\"@type\":\"WebSite\",\"@id\":\"https:\/\/www.dulces-laponderosa.com\/fr\/#website\",\"url\":\"https:\/\/www.dulces-laponderosa.com\/fr\/\",\"name\":\"Dulces La Ponderosa\",\"description\":\"Dulces de Navidad desde 1955\",\"potentialAction\":[{\"@type\":\"SearchAction\",\"target\":{\"@type\":\"EntryPoint\",\"urlTemplate\":\"https:\/\/www.dulces-laponderosa.com\/fr\/?s={search_term_string}\"},\"query-input\":{\"@type\":\"PropertyValueSpecification\",\"valueRequired\":true,\"valueName\":\"search_term_string\"}}],\"inLanguage\":\"fr-FR\"}]}<\/script>\n<!-- \/ Yoast SEO plugin. -->","yoast_head_json":{"title":"Nougats assortis. Carton 3 kg. - Dulces La Ponderosa","description":"D\u00e9licieuse vari\u00e9t\u00e9 de nougat assortie pr\u00e9sent\u00e9e dans une bo\u00eete de 3 kg. La Ponderosa rapporte \u00e0 la maison les meilleurs bonbons de No\u00ebl !","robots":{"index":"index","follow":"follow","max-snippet":"max-snippet:-1","max-image-preview":"max-image-preview:large","max-video-preview":"max-video-preview:-1"},"canonical":"https:\/\/www.dulces-laponderosa.com\/fr\/acheter-estepa\/nougats-assortis-carton-3-kg\/","og_locale":"fr_FR","og_type":"article","og_title":"Nougats assortis. Carton 3 kg. - Dulces La Ponderosa","og_description":"D\u00e9licieuse vari\u00e9t\u00e9 de nougat assortie pr\u00e9sent\u00e9e dans une bo\u00eete de 3 kg. La Ponderosa rapporte \u00e0 la maison les meilleurs bonbons de No\u00ebl !","og_url":"https:\/\/www.dulces-laponderosa.com\/fr\/acheter-estepa\/nougats-assortis-carton-3-kg\/","og_site_name":"Dulces La Ponderosa","article_modified_time":"2025-09-17T16:01:13+00:00","og_image":[{"width":800,"height":490,"url":"https:\/\/www.dulces-laponderosa.com\/wp-content\/uploads\/2017\/09\/Turrones_surtidos_con_azucar..jpg","type":"image\/jpeg"}],"twitter_card":"summary_large_image","schema":{"@context":"https:\/\/schema.org","@graph":[{"@type":"WebPage","@id":"https:\/\/www.dulces-laponderosa.com\/fr\/acheter-estepa\/nougats-assortis-carton-3-kg\/","url":"https:\/\/www.dulces-laponderosa.com\/fr\/acheter-estepa\/nougats-assortis-carton-3-kg\/","name":"Nougats assortis. Carton 3 kg. - Dulces La Ponderosa","isPartOf":{"@id":"https:\/\/www.dulces-laponderosa.com\/fr\/#website"},"primaryImageOfPage":{"@id":"https:\/\/www.dulces-laponderosa.com\/fr\/acheter-estepa\/nougats-assortis-carton-3-kg\/#primaryimage"},"image":{"@id":"https:\/\/www.dulces-laponderosa.com\/fr\/acheter-estepa\/nougats-assortis-carton-3-kg\/#primaryimage"},"thumbnailUrl":"https:\/\/www.dulces-laponderosa.com\/wp-content\/uploads\/2017\/09\/Turrones_surtidos_con_azucar..jpg","datePublished":"2017-09-06T13:06:30+00:00","dateModified":"2025-09-17T16:01:13+00:00","description":"D\u00e9licieuse vari\u00e9t\u00e9 de nougat assortie pr\u00e9sent\u00e9e dans une bo\u00eete de 3 kg. La Ponderosa rapporte \u00e0 la maison les meilleurs bonbons de No\u00ebl !","breadcrumb":{"@id":"https:\/\/www.dulces-laponderosa.com\/fr\/acheter-estepa\/nougats-assortis-carton-3-kg\/#breadcrumb"},"inLanguage":"fr-FR","potentialAction":[{"@type":"ReadAction","target":["https:\/\/www.dulces-laponderosa.com\/fr\/acheter-estepa\/nougats-assortis-carton-3-kg\/"]}]},{"@type":"ImageObject","inLanguage":"fr-FR","@id":"https:\/\/www.dulces-laponderosa.com\/fr\/acheter-estepa\/nougats-assortis-carton-3-kg\/#primaryimage","url":"https:\/\/www.dulces-laponderosa.com\/wp-content\/uploads\/2017\/09\/Turrones_surtidos_con_azucar..jpg","contentUrl":"https:\/\/www.dulces-laponderosa.com\/wp-content\/uploads\/2017\/09\/Turrones_surtidos_con_azucar..jpg","width":800,"height":490},{"@type":"BreadcrumbList","@id":"https:\/\/www.dulces-laponderosa.com\/fr\/acheter-estepa\/nougats-assortis-carton-3-kg\/#breadcrumb","itemListElement":[{"@type":"ListItem","position":1,"name":"Portada","item":"https:\/\/www.dulces-laponderosa.com\/fr\/"},{"@type":"ListItem","position":2,"name":"Boutique","item":"https:\/\/www.dulces-laponderosa.com\/fr\/boutique\/"},{"@type":"ListItem","position":3,"name":"Nougats assortis. Carton 3 kg."}]},{"@type":"WebSite","@id":"https:\/\/www.dulces-laponderosa.com\/fr\/#website","url":"https:\/\/www.dulces-laponderosa.com\/fr\/","name":"Dulces La Ponderosa","description":"Dulces de Navidad desde 1955","potentialAction":[{"@type":"SearchAction","target":{"@type":"EntryPoint","urlTemplate":"https:\/\/www.dulces-laponderosa.com\/fr\/?s={search_term_string}"},"query-input":{"@type":"PropertyValueSpecification","valueRequired":true,"valueName":"search_term_string"}}],"inLanguage":"fr-FR"}]}},"_links":{"self":[{"href":"https:\/\/www.dulces-laponderosa.com\/fr\/wp-json\/wp\/v2\/product\/7289","targetHints":{"allow":["GET"]}}],"collection":[{"href":"https:\/\/www.dulces-laponderosa.com\/fr\/wp-json\/wp\/v2\/product"}],"about":[{"href":"https:\/\/www.dulces-laponderosa.com\/fr\/wp-json\/wp\/v2\/types\/product"}],"replies":[{"embeddable":true,"href":"https:\/\/www.dulces-laponderosa.com\/fr\/wp-json\/wp\/v2\/comments?post=7289"}],"wp:featuredmedia":[{"embeddable":true,"href":"https:\/\/www.dulces-laponderosa.com\/fr\/wp-json\/wp\/v2\/media\/2027"}],"wp:attachment":[{"href":"https:\/\/www.dulces-laponderosa.com\/fr\/wp-json\/wp\/v2\/media?parent=7289"}],"wp:term":[{"taxonomy":"product_brand","embeddable":true,"href":"https:\/\/www.dulces-laponderosa.com\/fr\/wp-json\/wp\/v2\/product_brand?post=7289"},{"taxonomy":"product_cat","embeddable":true,"href":"https:\/\/www.dulces-laponderosa.com\/fr\/wp-json\/wp\/v2\/product_cat?post=7289"},{"taxonomy":"product_tag","embeddable":true,"href":"https:\/\/www.dulces-laponderosa.com\/fr\/wp-json\/wp\/v2\/product_tag?post=7289"}],"curies":[{"name":"wp","href":"https:\/\/api.w.org\/{rel}","templated":true}]}}