{"id":7297,"date":"2017-09-06T12:07:58","date_gmt":"2017-09-06T10:07:58","guid":{"rendered":"https:\/\/www.dulces-laponderosa.com\/producto\/chocolats-aux-fruits-de-la-mer-carton-2-kgs\/"},"modified":"2026-03-01T09:37:14","modified_gmt":"2026-03-01T08:37:14","slug":"chocolats-aux-fruits-de-la-mer-carton-2-kgs","status":"publish","type":"product","link":"https:\/\/www.dulces-laponderosa.com\/fr\/acheter-estepa\/chocolats-aux-fruits-de-la-mer-carton-2-kgs\/","title":{"rendered":"Chocolats aux fruits de la mer Carton 2 kgs."},"content":{"rendered":"<section class=\"l-section wpb_row height_custom\"><div class=\"l-section-h i-cf\"><div class=\"g-cols vc_row via_flex valign_top type_default stacking_default\"><div class=\"vc_col-sm-12 wpb_column vc_column_container\"><div class=\"vc_column-inner\"><div class=\"wpb_wrapper\"><div class=\"wpb_text_column\"><div class=\"wpb_wrapper\"><h4>Ingr\u00e9dients<\/h4>\n<p>Bonbon au chocolat avec<strong> Le Lait<\/strong> et m\u00e9lang\u00e9 avec du chocolat blanc fourr\u00e9 aux noisettes. Ingr\u00e9dients : Sucre, graisse v\u00e9g\u00e9tale (palme), beurre de cacao,<strong> Le Lait<\/strong> poudre enti\u00e8re, lactos\u00e9rum, poudre de cacao d\u00e9graiss\u00e9, huile de tournesol, p\u00e2te de cacao,<strong> Noisette<\/strong> (2%), \u00e9mulsifiants (l\u00e9cithine de soja E-322 et E-476), ar\u00f4mes naturels (noisette et vanille),<strong> Le Lait<\/strong> poudre \u00e9cr\u00e9m\u00e9e et mati\u00e8re grasse laiti\u00e8re anhydre. % cacao min. &#8211; Chocolat au <strong>lait<\/strong> : 35%. Chocolat blanc : 28 %. <strong>Peut contenir des traces d&rsquo;autres fruits \u00e0 coque et arachides. SANS GLUTEN.<\/strong><\/p>\n<h4>Allerg\u00e8nes<\/h4>\n<p>Contient du lait et ses d\u00e9riv\u00e9s (dont le lactose), des fruits \u00e0 coque et du soja. Peut contenir des traces d&rsquo;autres fruits \u00e0 coque et arachides. SANS GLUTEN.<\/p>\n<h4>Tableau nutritionnel<\/h4>\n<\/div><\/div><\/div><\/div><\/div><\/div><\/div><\/section>\n","protected":false},"excerpt":{"rendered":"<h4>La description<\/h4>\n<p>Les chocolats aux fruits de mer sont des chocolats pralin\u00e9s aux amandes et un enrobage de chocolat au lait et blanc. Avec ce bonbon vous ravirez tous vos convives, notamment les amateurs de chocolat. Ne quittez pas votre table sans ces d\u00e9lices !<\/p>\n<h4>Pr\u00e9sentation<\/h4>\n<p>Emball\u00e9 individuellement et pr\u00e9sent\u00e9 dans une bo\u00eete de 2 kg. Existe aussi dans d&rsquo;autres formats : sac de 500 gr et carton de 3 kg.<\/p>\n","protected":false},"featured_media":2114,"comment_status":"open","ping_status":"closed","template":"","meta":{"_joinchat":[]},"product_brand":[],"product_cat":[943],"product_tag":[900,901,915,913],"class_list":{"0":"post-7297","1":"product","2":"type-product","3":"status-publish","4":"has-post-thumbnail","6":"product_cat-chocolats-aux-fruits-de-la-mer","7":"product_tag-allergene-darachide","8":"product_tag-allergene-de-noix","9":"product_tag-allergene-de-soja","10":"product_tag-allergene-du-lait","12":"first","13":"outofstock","14":"taxable","15":"shipping-taxable","16":"purchasable","17":"product-type-simple"},"yoast_head":"<!-- This site is optimized with the Yoast SEO plugin v27.2 - https:\/\/yoast.com\/product\/yoast-seo-wordpress\/ -->\n<title>Chocolats aux fruits de la mer Carton 2 kgs. - Dulces La Ponderosa<\/title>\n<meta name=\"description\" content=\"De d\u00e9licieux chocolats aux fruits de mer pr\u00e9sent\u00e9s dans une bo\u00eete de 2 kg. La Ponderosa rapporte \u00e0 la maison les meilleurs bonbons de No\u00ebl !\" \/>\n<meta name=\"robots\" content=\"index, follow, max-snippet:-1, max-image-preview:large, max-video-preview:-1\" \/>\n<link rel=\"canonical\" href=\"https:\/\/www.dulces-laponderosa.com\/fr\/acheter-estepa\/chocolats-aux-fruits-de-la-mer-carton-2-kgs\/\" \/>\n<meta property=\"og:locale\" content=\"fr_FR\" \/>\n<meta property=\"og:type\" content=\"article\" \/>\n<meta property=\"og:title\" content=\"Chocolats aux fruits de la mer Carton 2 kgs. - Dulces La Ponderosa\" \/>\n<meta property=\"og:description\" content=\"De d\u00e9licieux chocolats aux fruits de mer pr\u00e9sent\u00e9s dans une bo\u00eete de 2 kg. La Ponderosa rapporte \u00e0 la maison les meilleurs bonbons de No\u00ebl !\" \/>\n<meta property=\"og:url\" content=\"https:\/\/www.dulces-laponderosa.com\/fr\/acheter-estepa\/chocolats-aux-fruits-de-la-mer-carton-2-kgs\/\" \/>\n<meta property=\"og:site_name\" content=\"Dulces La Ponderosa\" \/>\n<meta property=\"article:modified_time\" content=\"2026-03-01T08:37:14+00:00\" \/>\n<meta property=\"og:image\" content=\"https:\/\/www.dulces-laponderosa.com\/wp-content\/uploads\/2017\/09\/bombones-frutos-del-mar.jpg\" \/>\n\t<meta property=\"og:image:width\" content=\"800\" \/>\n\t<meta property=\"og:image:height\" content=\"550\" \/>\n\t<meta property=\"og:image:type\" content=\"image\/jpeg\" \/>\n<meta name=\"twitter:card\" content=\"summary_large_image\" \/>\n<meta name=\"twitter:label1\" content=\"Dur\u00e9e de lecture estim\u00e9e\" \/>\n\t<meta name=\"twitter:data1\" content=\"1 minute\" \/>\n<script type=\"application\/ld+json\" class=\"yoast-schema-graph\">{\"@context\":\"https:\/\/schema.org\",\"@graph\":[{\"@type\":\"WebPage\",\"@id\":\"https:\/\/www.dulces-laponderosa.com\/fr\/acheter-estepa\/chocolats-aux-fruits-de-la-mer-carton-2-kgs\/\",\"url\":\"https:\/\/www.dulces-laponderosa.com\/fr\/acheter-estepa\/chocolats-aux-fruits-de-la-mer-carton-2-kgs\/\",\"name\":\"Chocolats aux fruits de la mer Carton 2 kgs. - Dulces La Ponderosa\",\"isPartOf\":{\"@id\":\"https:\/\/www.dulces-laponderosa.com\/fr\/#website\"},\"primaryImageOfPage\":{\"@id\":\"https:\/\/www.dulces-laponderosa.com\/fr\/acheter-estepa\/chocolats-aux-fruits-de-la-mer-carton-2-kgs\/#primaryimage\"},\"image\":{\"@id\":\"https:\/\/www.dulces-laponderosa.com\/fr\/acheter-estepa\/chocolats-aux-fruits-de-la-mer-carton-2-kgs\/#primaryimage\"},\"thumbnailUrl\":\"https:\/\/www.dulces-laponderosa.com\/wp-content\/uploads\/2017\/09\/bombones-frutos-del-mar.jpg\",\"datePublished\":\"2017-09-06T10:07:58+00:00\",\"dateModified\":\"2026-03-01T08:37:14+00:00\",\"description\":\"De d\u00e9licieux chocolats aux fruits de mer pr\u00e9sent\u00e9s dans une bo\u00eete de 2 kg. La Ponderosa rapporte \u00e0 la maison les meilleurs bonbons de No\u00ebl !\",\"breadcrumb\":{\"@id\":\"https:\/\/www.dulces-laponderosa.com\/fr\/acheter-estepa\/chocolats-aux-fruits-de-la-mer-carton-2-kgs\/#breadcrumb\"},\"inLanguage\":\"fr-FR\",\"potentialAction\":[{\"@type\":\"ReadAction\",\"target\":[\"https:\/\/www.dulces-laponderosa.com\/fr\/acheter-estepa\/chocolats-aux-fruits-de-la-mer-carton-2-kgs\/\"]}]},{\"@type\":\"ImageObject\",\"inLanguage\":\"fr-FR\",\"@id\":\"https:\/\/www.dulces-laponderosa.com\/fr\/acheter-estepa\/chocolats-aux-fruits-de-la-mer-carton-2-kgs\/#primaryimage\",\"url\":\"https:\/\/www.dulces-laponderosa.com\/wp-content\/uploads\/2017\/09\/bombones-frutos-del-mar.jpg\",\"contentUrl\":\"https:\/\/www.dulces-laponderosa.com\/wp-content\/uploads\/2017\/09\/bombones-frutos-del-mar.jpg\",\"width\":800,\"height\":550,\"caption\":\"Chocolats aux fruits de la mer\"},{\"@type\":\"BreadcrumbList\",\"@id\":\"https:\/\/www.dulces-laponderosa.com\/fr\/acheter-estepa\/chocolats-aux-fruits-de-la-mer-carton-2-kgs\/#breadcrumb\",\"itemListElement\":[{\"@type\":\"ListItem\",\"position\":1,\"name\":\"Portada\",\"item\":\"https:\/\/www.dulces-laponderosa.com\/fr\/\"},{\"@type\":\"ListItem\",\"position\":2,\"name\":\"Boutique\",\"item\":\"https:\/\/www.dulces-laponderosa.com\/fr\/boutique\/\"},{\"@type\":\"ListItem\",\"position\":3,\"name\":\"Chocolats aux fruits de la mer Carton 2 kgs.\"}]},{\"@type\":\"WebSite\",\"@id\":\"https:\/\/www.dulces-laponderosa.com\/fr\/#website\",\"url\":\"https:\/\/www.dulces-laponderosa.com\/fr\/\",\"name\":\"Dulces La Ponderosa\",\"description\":\"Dulces de Navidad desde 1955\",\"potentialAction\":[{\"@type\":\"SearchAction\",\"target\":{\"@type\":\"EntryPoint\",\"urlTemplate\":\"https:\/\/www.dulces-laponderosa.com\/fr\/?s={search_term_string}\"},\"query-input\":{\"@type\":\"PropertyValueSpecification\",\"valueRequired\":true,\"valueName\":\"search_term_string\"}}],\"inLanguage\":\"fr-FR\"}]}<\/script>\n<!-- \/ Yoast SEO plugin. -->","yoast_head_json":{"title":"Chocolats aux fruits de la mer Carton 2 kgs. - Dulces La Ponderosa","description":"De d\u00e9licieux chocolats aux fruits de mer pr\u00e9sent\u00e9s dans une bo\u00eete de 2 kg. La Ponderosa rapporte \u00e0 la maison les meilleurs bonbons de No\u00ebl !","robots":{"index":"index","follow":"follow","max-snippet":"max-snippet:-1","max-image-preview":"max-image-preview:large","max-video-preview":"max-video-preview:-1"},"canonical":"https:\/\/www.dulces-laponderosa.com\/fr\/acheter-estepa\/chocolats-aux-fruits-de-la-mer-carton-2-kgs\/","og_locale":"fr_FR","og_type":"article","og_title":"Chocolats aux fruits de la mer Carton 2 kgs. - Dulces La Ponderosa","og_description":"De d\u00e9licieux chocolats aux fruits de mer pr\u00e9sent\u00e9s dans une bo\u00eete de 2 kg. La Ponderosa rapporte \u00e0 la maison les meilleurs bonbons de No\u00ebl !","og_url":"https:\/\/www.dulces-laponderosa.com\/fr\/acheter-estepa\/chocolats-aux-fruits-de-la-mer-carton-2-kgs\/","og_site_name":"Dulces La Ponderosa","article_modified_time":"2026-03-01T08:37:14+00:00","og_image":[{"width":800,"height":550,"url":"https:\/\/www.dulces-laponderosa.com\/wp-content\/uploads\/2017\/09\/bombones-frutos-del-mar.jpg","type":"image\/jpeg"}],"twitter_card":"summary_large_image","twitter_misc":{"Dur\u00e9e de lecture estim\u00e9e":"1 minute"},"schema":{"@context":"https:\/\/schema.org","@graph":[{"@type":"WebPage","@id":"https:\/\/www.dulces-laponderosa.com\/fr\/acheter-estepa\/chocolats-aux-fruits-de-la-mer-carton-2-kgs\/","url":"https:\/\/www.dulces-laponderosa.com\/fr\/acheter-estepa\/chocolats-aux-fruits-de-la-mer-carton-2-kgs\/","name":"Chocolats aux fruits de la mer Carton 2 kgs. - Dulces La Ponderosa","isPartOf":{"@id":"https:\/\/www.dulces-laponderosa.com\/fr\/#website"},"primaryImageOfPage":{"@id":"https:\/\/www.dulces-laponderosa.com\/fr\/acheter-estepa\/chocolats-aux-fruits-de-la-mer-carton-2-kgs\/#primaryimage"},"image":{"@id":"https:\/\/www.dulces-laponderosa.com\/fr\/acheter-estepa\/chocolats-aux-fruits-de-la-mer-carton-2-kgs\/#primaryimage"},"thumbnailUrl":"https:\/\/www.dulces-laponderosa.com\/wp-content\/uploads\/2017\/09\/bombones-frutos-del-mar.jpg","datePublished":"2017-09-06T10:07:58+00:00","dateModified":"2026-03-01T08:37:14+00:00","description":"De d\u00e9licieux chocolats aux fruits de mer pr\u00e9sent\u00e9s dans une bo\u00eete de 2 kg. La Ponderosa rapporte \u00e0 la maison les meilleurs bonbons de No\u00ebl !","breadcrumb":{"@id":"https:\/\/www.dulces-laponderosa.com\/fr\/acheter-estepa\/chocolats-aux-fruits-de-la-mer-carton-2-kgs\/#breadcrumb"},"inLanguage":"fr-FR","potentialAction":[{"@type":"ReadAction","target":["https:\/\/www.dulces-laponderosa.com\/fr\/acheter-estepa\/chocolats-aux-fruits-de-la-mer-carton-2-kgs\/"]}]},{"@type":"ImageObject","inLanguage":"fr-FR","@id":"https:\/\/www.dulces-laponderosa.com\/fr\/acheter-estepa\/chocolats-aux-fruits-de-la-mer-carton-2-kgs\/#primaryimage","url":"https:\/\/www.dulces-laponderosa.com\/wp-content\/uploads\/2017\/09\/bombones-frutos-del-mar.jpg","contentUrl":"https:\/\/www.dulces-laponderosa.com\/wp-content\/uploads\/2017\/09\/bombones-frutos-del-mar.jpg","width":800,"height":550,"caption":"Chocolats aux fruits de la mer"},{"@type":"BreadcrumbList","@id":"https:\/\/www.dulces-laponderosa.com\/fr\/acheter-estepa\/chocolats-aux-fruits-de-la-mer-carton-2-kgs\/#breadcrumb","itemListElement":[{"@type":"ListItem","position":1,"name":"Portada","item":"https:\/\/www.dulces-laponderosa.com\/fr\/"},{"@type":"ListItem","position":2,"name":"Boutique","item":"https:\/\/www.dulces-laponderosa.com\/fr\/boutique\/"},{"@type":"ListItem","position":3,"name":"Chocolats aux fruits de la mer Carton 2 kgs."}]},{"@type":"WebSite","@id":"https:\/\/www.dulces-laponderosa.com\/fr\/#website","url":"https:\/\/www.dulces-laponderosa.com\/fr\/","name":"Dulces La Ponderosa","description":"Dulces de Navidad desde 1955","potentialAction":[{"@type":"SearchAction","target":{"@type":"EntryPoint","urlTemplate":"https:\/\/www.dulces-laponderosa.com\/fr\/?s={search_term_string}"},"query-input":{"@type":"PropertyValueSpecification","valueRequired":true,"valueName":"search_term_string"}}],"inLanguage":"fr-FR"}]}},"_links":{"self":[{"href":"https:\/\/www.dulces-laponderosa.com\/fr\/wp-json\/wp\/v2\/product\/7297","targetHints":{"allow":["GET"]}}],"collection":[{"href":"https:\/\/www.dulces-laponderosa.com\/fr\/wp-json\/wp\/v2\/product"}],"about":[{"href":"https:\/\/www.dulces-laponderosa.com\/fr\/wp-json\/wp\/v2\/types\/product"}],"replies":[{"embeddable":true,"href":"https:\/\/www.dulces-laponderosa.com\/fr\/wp-json\/wp\/v2\/comments?post=7297"}],"wp:featuredmedia":[{"embeddable":true,"href":"https:\/\/www.dulces-laponderosa.com\/fr\/wp-json\/wp\/v2\/media\/2114"}],"wp:attachment":[{"href":"https:\/\/www.dulces-laponderosa.com\/fr\/wp-json\/wp\/v2\/media?parent=7297"}],"wp:term":[{"taxonomy":"product_brand","embeddable":true,"href":"https:\/\/www.dulces-laponderosa.com\/fr\/wp-json\/wp\/v2\/product_brand?post=7297"},{"taxonomy":"product_cat","embeddable":true,"href":"https:\/\/www.dulces-laponderosa.com\/fr\/wp-json\/wp\/v2\/product_cat?post=7297"},{"taxonomy":"product_tag","embeddable":true,"href":"https:\/\/www.dulces-laponderosa.com\/fr\/wp-json\/wp\/v2\/product_tag?post=7297"}],"curies":[{"name":"wp","href":"https:\/\/api.w.org\/{rel}","templated":true}]}}