{"id":7306,"date":"2017-09-06T11:44:27","date_gmt":"2017-09-06T09:44:27","guid":{"rendered":"https:\/\/www.dulces-laponderosa.com\/producto\/bonbons-au-chocolat-sachet-500-grs\/"},"modified":"2025-12-15T20:46:05","modified_gmt":"2025-12-15T19:46:05","slug":"bonbons-au-chocolat-sachet-500-grs","status":"publish","type":"product","link":"https:\/\/www.dulces-laponderosa.com\/fr\/acheter-estepa\/bonbons-au-chocolat-sachet-500-grs\/","title":{"rendered":"Bonbons au chocolat Sachet 500 grs."},"content":{"rendered":"<section class=\"l-section wpb_row height_custom\"><div class=\"l-section-h i-cf\"><div class=\"g-cols vc_row via_flex valign_top type_default stacking_default\"><div class=\"vc_col-sm-12 wpb_column vc_column_container\"><div class=\"vc_column-inner\"><div class=\"wpb_wrapper\"><div class=\"wpb_text_column\"><div class=\"wpb_wrapper\"><h4>Ingr\u00e9dients<\/h4>\n<p>Bonbon au chocolat noir fourr\u00e9 \u00e0 la cr\u00e8me amande et des <strong>morceaux<\/strong> d&rsquo;amande. Ingr\u00e9dients : P\u00e2te de cacao, sucre, graisse v\u00e9g\u00e9tale (palme), beurre de cacao, amande (7%), poudre de cacao d\u00e9graiss\u00e9, lactos\u00e9rum<strong> Le Lait<\/strong> , huile de tournesol, \u00e9mulsifiants (l\u00e9cithine de<strong> soja<\/strong> E-322 et E-476) et d&rsquo;ar\u00f4mes naturels (vanille et amande). % cacao min. &#8211; Chocolat noir : 55%. Bonbon au chocolat avec Le <strong>Lait<\/strong> rempli avec Noisette . Ingr\u00e9dients : Sucre, graisse v\u00e9g\u00e9tale (palme), beurre de cacao, Le <strong>Lait<\/strong> poudre enti\u00e8re, lactos\u00e9rum Le <strong>Lait<\/strong> , huile de tournesol, poudre de cacao d\u00e9graiss\u00e9, p\u00e2te de cacao, Noisette (2%), \u00e9mulsifiant E-322 (l\u00e9cithine de <strong>soja<\/strong> ) et des ar\u00f4mes naturels ( Noisette et vanille). % cacao min. &#8211; Chocolat au <strong>lait<\/strong> : 35%. Chocolat recouvert de <strong>lait<\/strong> et fourr\u00e9 de cr\u00e8me au cacao et c\u00e9r\u00e9ales. Ingr\u00e9dients : Sucre, beurre de cacao, graisse v\u00e9g\u00e9tale (palme), Le <strong>Lait<\/strong> poudre enti\u00e8re, c\u00e9r\u00e9ales sans gluten (5%) (farine de riz, sucre et sel), cacao en poudre d\u00e9graiss\u00e9, lactos\u00e9rum,<strong>lait\u00e9cr\u00e9m\u00e9<\/strong> en poudre, p\u00e2te de cacao, huile de tournesol, \u00e9mulsifiant E-322 (l\u00e9cithine de soja) et ar\u00f4mes naturels (chocolat) et vanille). % cacao min. &#8211; Chocolat au <strong>lait<\/strong> : 35%.<strong> Peut contenir des traces d&rsquo;autres fruits \u00e0 coque et arachides. SANS GLUTEN.<\/strong><\/p>\n<h4>Allerg\u00e8nes<\/h4>\n<p>Composition : Bonbon Amande, Bonbon Noisette et Bonbon Croustillant. Allerg\u00e8nes : Contient du lait et ses d\u00e9riv\u00e9s (dont le lactose), des fruits \u00e0 coque et du soja. Peut contenir des traces d&rsquo;autres fruits \u00e0 coque et arachides. SANS GLUTEN.<\/p>\n<h4>Tableau nutritionnel<\/h4>\n<\/div><\/div><\/div><\/div><\/div><\/div><\/div><\/section>\n","protected":false},"excerpt":{"rendered":"<h4>La description<\/h4>\n<p>Si l&rsquo;une de vos obsessions est le chocolat, vous ne pouvez pas manquer ce produit. Dulces La Ponderosa vous propose ces d\u00e9licieux chocolats de diff\u00e9rentes vari\u00e9t\u00e9s \u00e0 la saveur authentique du chocolat :<\/p>\n<p>&#8211; <strong>Chocolats aux amandes<\/strong>. Portion au chocolat et aux amandes, recouverte d&rsquo;un d\u00e9licieux chocolat.<br \/>\n&#8211;<strong> Chocolats aux noisettes<\/strong> . Bonbon au chocolat au lait qui cache une d\u00e9licieuse noisette enti\u00e8re \u00e0 l&rsquo;int\u00e9rieur.<br \/>\n&#8211; <strong>Bonbons croquants<\/strong>. Authentique saveur de chocolat fourr\u00e9 de c\u00e9r\u00e9ales croquantes.<\/p>\n<p>Pourquoi choisir une seule saveur quand vous pouvez profiter de diff\u00e9rentes garnitures aux amandes, aux noisettes et aux croquants dans un seul produit ?<\/p>\n<h4>Pr\u00e9sentation<\/h4>\n<p>Emball\u00e9 individuellement et pr\u00e9sent\u00e9 dans un sachet de 500 gr. Egalement disponible dans d&rsquo;autres formats:<a href=\"https:\/\/www.dulces-laponderosa.com\/producto\/bombones-chocolate-canasto-400-grs\/\" target=\"_blank\" rel=\"noopener noreferrer\"> panier de 400<\/a> gr et<a href=\"https:\/\/www.dulces-laponderosa.com\/producto\/bombones-de-chocolate-caja-2-kgs\/\" target=\"_blank\" rel=\"noopener noreferrer\"> Bo\u00eete de 2kg.<\/a><\/p>\n","protected":false},"featured_media":2094,"comment_status":"open","ping_status":"closed","template":"","meta":{"_joinchat":[]},"product_brand":[],"product_cat":[947,919],"product_tag":[900,901,915,913],"class_list":{"0":"post-7306","1":"product","2":"type-product","3":"status-publish","4":"has-post-thumbnail","6":"product_cat-bonbons-au-chocolat","7":"product_cat-sans-gluten","8":"product_tag-allergene-darachide","9":"product_tag-allergene-de-noix","10":"product_tag-allergene-de-soja","11":"product_tag-allergene-du-lait","13":"first","14":"instock","15":"taxable","16":"shipping-taxable","17":"purchasable","18":"product-type-simple"},"yoast_head":"<!-- This site is optimized with the Yoast SEO plugin v27.2 - https:\/\/yoast.com\/product\/yoast-seo-wordpress\/ -->\n<title>Bonbons au chocolat Sachet 500 grs. - Dulces La Ponderosa<\/title>\n<meta name=\"description\" content=\"D\u00e9licieux bonbons au chocolat pr\u00e9sent\u00e9s en sachet de 500 g. La Ponderosa rapporte \u00e0 la maison les meilleurs bonbons de No\u00ebl !\" \/>\n<meta name=\"robots\" content=\"index, follow, max-snippet:-1, max-image-preview:large, max-video-preview:-1\" \/>\n<link rel=\"canonical\" href=\"https:\/\/www.dulces-laponderosa.com\/fr\/acheter-estepa\/bonbons-au-chocolat-sachet-500-grs\/\" \/>\n<meta property=\"og:locale\" content=\"fr_FR\" \/>\n<meta property=\"og:type\" content=\"article\" \/>\n<meta property=\"og:title\" content=\"Bonbons au chocolat Sachet 500 grs. - Dulces La Ponderosa\" \/>\n<meta property=\"og:description\" content=\"D\u00e9licieux bonbons au chocolat pr\u00e9sent\u00e9s en sachet de 500 g. La Ponderosa rapporte \u00e0 la maison les meilleurs bonbons de No\u00ebl !\" \/>\n<meta property=\"og:url\" content=\"https:\/\/www.dulces-laponderosa.com\/fr\/acheter-estepa\/bonbons-au-chocolat-sachet-500-grs\/\" \/>\n<meta property=\"og:site_name\" content=\"Dulces La Ponderosa\" \/>\n<meta property=\"article:modified_time\" content=\"2025-12-15T19:46:05+00:00\" \/>\n<meta property=\"og:image\" content=\"https:\/\/www.dulces-laponderosa.com\/wp-content\/uploads\/2017\/09\/bombones-de-chocolate.jpg\" \/>\n\t<meta property=\"og:image:width\" content=\"800\" \/>\n\t<meta property=\"og:image:height\" content=\"533\" \/>\n\t<meta property=\"og:image:type\" content=\"image\/jpeg\" \/>\n<meta name=\"twitter:card\" content=\"summary_large_image\" \/>\n<meta name=\"twitter:label1\" content=\"Dur\u00e9e de lecture estim\u00e9e\" \/>\n\t<meta name=\"twitter:data1\" content=\"1 minute\" \/>\n<script type=\"application\/ld+json\" class=\"yoast-schema-graph\">{\"@context\":\"https:\/\/schema.org\",\"@graph\":[{\"@type\":\"WebPage\",\"@id\":\"https:\/\/www.dulces-laponderosa.com\/fr\/acheter-estepa\/bonbons-au-chocolat-sachet-500-grs\/\",\"url\":\"https:\/\/www.dulces-laponderosa.com\/fr\/acheter-estepa\/bonbons-au-chocolat-sachet-500-grs\/\",\"name\":\"Bonbons au chocolat Sachet 500 grs. - Dulces La Ponderosa\",\"isPartOf\":{\"@id\":\"https:\/\/www.dulces-laponderosa.com\/fr\/#website\"},\"primaryImageOfPage\":{\"@id\":\"https:\/\/www.dulces-laponderosa.com\/fr\/acheter-estepa\/bonbons-au-chocolat-sachet-500-grs\/#primaryimage\"},\"image\":{\"@id\":\"https:\/\/www.dulces-laponderosa.com\/fr\/acheter-estepa\/bonbons-au-chocolat-sachet-500-grs\/#primaryimage\"},\"thumbnailUrl\":\"https:\/\/www.dulces-laponderosa.com\/wp-content\/uploads\/2017\/09\/bombones-de-chocolate.jpg\",\"datePublished\":\"2017-09-06T09:44:27+00:00\",\"dateModified\":\"2025-12-15T19:46:05+00:00\",\"description\":\"D\u00e9licieux bonbons au chocolat pr\u00e9sent\u00e9s en sachet de 500 g. La Ponderosa rapporte \u00e0 la maison les meilleurs bonbons de No\u00ebl !\",\"breadcrumb\":{\"@id\":\"https:\/\/www.dulces-laponderosa.com\/fr\/acheter-estepa\/bonbons-au-chocolat-sachet-500-grs\/#breadcrumb\"},\"inLanguage\":\"fr-FR\",\"potentialAction\":[{\"@type\":\"ReadAction\",\"target\":[\"https:\/\/www.dulces-laponderosa.com\/fr\/acheter-estepa\/bonbons-au-chocolat-sachet-500-grs\/\"]}]},{\"@type\":\"ImageObject\",\"inLanguage\":\"fr-FR\",\"@id\":\"https:\/\/www.dulces-laponderosa.com\/fr\/acheter-estepa\/bonbons-au-chocolat-sachet-500-grs\/#primaryimage\",\"url\":\"https:\/\/www.dulces-laponderosa.com\/wp-content\/uploads\/2017\/09\/bombones-de-chocolate.jpg\",\"contentUrl\":\"https:\/\/www.dulces-laponderosa.com\/wp-content\/uploads\/2017\/09\/bombones-de-chocolate.jpg\",\"width\":800,\"height\":533},{\"@type\":\"BreadcrumbList\",\"@id\":\"https:\/\/www.dulces-laponderosa.com\/fr\/acheter-estepa\/bonbons-au-chocolat-sachet-500-grs\/#breadcrumb\",\"itemListElement\":[{\"@type\":\"ListItem\",\"position\":1,\"name\":\"Portada\",\"item\":\"https:\/\/www.dulces-laponderosa.com\/fr\/\"},{\"@type\":\"ListItem\",\"position\":2,\"name\":\"Boutique\",\"item\":\"https:\/\/www.dulces-laponderosa.com\/fr\/boutique\/\"},{\"@type\":\"ListItem\",\"position\":3,\"name\":\"Bonbons au chocolat Sachet 500 grs.\"}]},{\"@type\":\"WebSite\",\"@id\":\"https:\/\/www.dulces-laponderosa.com\/fr\/#website\",\"url\":\"https:\/\/www.dulces-laponderosa.com\/fr\/\",\"name\":\"Dulces La Ponderosa\",\"description\":\"Dulces de Navidad desde 1955\",\"potentialAction\":[{\"@type\":\"SearchAction\",\"target\":{\"@type\":\"EntryPoint\",\"urlTemplate\":\"https:\/\/www.dulces-laponderosa.com\/fr\/?s={search_term_string}\"},\"query-input\":{\"@type\":\"PropertyValueSpecification\",\"valueRequired\":true,\"valueName\":\"search_term_string\"}}],\"inLanguage\":\"fr-FR\"}]}<\/script>\n<!-- \/ Yoast SEO plugin. -->","yoast_head_json":{"title":"Bonbons au chocolat Sachet 500 grs. - Dulces La Ponderosa","description":"D\u00e9licieux bonbons au chocolat pr\u00e9sent\u00e9s en sachet de 500 g. La Ponderosa rapporte \u00e0 la maison les meilleurs bonbons de No\u00ebl !","robots":{"index":"index","follow":"follow","max-snippet":"max-snippet:-1","max-image-preview":"max-image-preview:large","max-video-preview":"max-video-preview:-1"},"canonical":"https:\/\/www.dulces-laponderosa.com\/fr\/acheter-estepa\/bonbons-au-chocolat-sachet-500-grs\/","og_locale":"fr_FR","og_type":"article","og_title":"Bonbons au chocolat Sachet 500 grs. - Dulces La Ponderosa","og_description":"D\u00e9licieux bonbons au chocolat pr\u00e9sent\u00e9s en sachet de 500 g. La Ponderosa rapporte \u00e0 la maison les meilleurs bonbons de No\u00ebl !","og_url":"https:\/\/www.dulces-laponderosa.com\/fr\/acheter-estepa\/bonbons-au-chocolat-sachet-500-grs\/","og_site_name":"Dulces La Ponderosa","article_modified_time":"2025-12-15T19:46:05+00:00","og_image":[{"width":800,"height":533,"url":"https:\/\/www.dulces-laponderosa.com\/wp-content\/uploads\/2017\/09\/bombones-de-chocolate.jpg","type":"image\/jpeg"}],"twitter_card":"summary_large_image","twitter_misc":{"Dur\u00e9e de lecture estim\u00e9e":"1 minute"},"schema":{"@context":"https:\/\/schema.org","@graph":[{"@type":"WebPage","@id":"https:\/\/www.dulces-laponderosa.com\/fr\/acheter-estepa\/bonbons-au-chocolat-sachet-500-grs\/","url":"https:\/\/www.dulces-laponderosa.com\/fr\/acheter-estepa\/bonbons-au-chocolat-sachet-500-grs\/","name":"Bonbons au chocolat Sachet 500 grs. - Dulces La Ponderosa","isPartOf":{"@id":"https:\/\/www.dulces-laponderosa.com\/fr\/#website"},"primaryImageOfPage":{"@id":"https:\/\/www.dulces-laponderosa.com\/fr\/acheter-estepa\/bonbons-au-chocolat-sachet-500-grs\/#primaryimage"},"image":{"@id":"https:\/\/www.dulces-laponderosa.com\/fr\/acheter-estepa\/bonbons-au-chocolat-sachet-500-grs\/#primaryimage"},"thumbnailUrl":"https:\/\/www.dulces-laponderosa.com\/wp-content\/uploads\/2017\/09\/bombones-de-chocolate.jpg","datePublished":"2017-09-06T09:44:27+00:00","dateModified":"2025-12-15T19:46:05+00:00","description":"D\u00e9licieux bonbons au chocolat pr\u00e9sent\u00e9s en sachet de 500 g. La Ponderosa rapporte \u00e0 la maison les meilleurs bonbons de No\u00ebl !","breadcrumb":{"@id":"https:\/\/www.dulces-laponderosa.com\/fr\/acheter-estepa\/bonbons-au-chocolat-sachet-500-grs\/#breadcrumb"},"inLanguage":"fr-FR","potentialAction":[{"@type":"ReadAction","target":["https:\/\/www.dulces-laponderosa.com\/fr\/acheter-estepa\/bonbons-au-chocolat-sachet-500-grs\/"]}]},{"@type":"ImageObject","inLanguage":"fr-FR","@id":"https:\/\/www.dulces-laponderosa.com\/fr\/acheter-estepa\/bonbons-au-chocolat-sachet-500-grs\/#primaryimage","url":"https:\/\/www.dulces-laponderosa.com\/wp-content\/uploads\/2017\/09\/bombones-de-chocolate.jpg","contentUrl":"https:\/\/www.dulces-laponderosa.com\/wp-content\/uploads\/2017\/09\/bombones-de-chocolate.jpg","width":800,"height":533},{"@type":"BreadcrumbList","@id":"https:\/\/www.dulces-laponderosa.com\/fr\/acheter-estepa\/bonbons-au-chocolat-sachet-500-grs\/#breadcrumb","itemListElement":[{"@type":"ListItem","position":1,"name":"Portada","item":"https:\/\/www.dulces-laponderosa.com\/fr\/"},{"@type":"ListItem","position":2,"name":"Boutique","item":"https:\/\/www.dulces-laponderosa.com\/fr\/boutique\/"},{"@type":"ListItem","position":3,"name":"Bonbons au chocolat Sachet 500 grs."}]},{"@type":"WebSite","@id":"https:\/\/www.dulces-laponderosa.com\/fr\/#website","url":"https:\/\/www.dulces-laponderosa.com\/fr\/","name":"Dulces La Ponderosa","description":"Dulces de Navidad desde 1955","potentialAction":[{"@type":"SearchAction","target":{"@type":"EntryPoint","urlTemplate":"https:\/\/www.dulces-laponderosa.com\/fr\/?s={search_term_string}"},"query-input":{"@type":"PropertyValueSpecification","valueRequired":true,"valueName":"search_term_string"}}],"inLanguage":"fr-FR"}]}},"_links":{"self":[{"href":"https:\/\/www.dulces-laponderosa.com\/fr\/wp-json\/wp\/v2\/product\/7306","targetHints":{"allow":["GET"]}}],"collection":[{"href":"https:\/\/www.dulces-laponderosa.com\/fr\/wp-json\/wp\/v2\/product"}],"about":[{"href":"https:\/\/www.dulces-laponderosa.com\/fr\/wp-json\/wp\/v2\/types\/product"}],"replies":[{"embeddable":true,"href":"https:\/\/www.dulces-laponderosa.com\/fr\/wp-json\/wp\/v2\/comments?post=7306"}],"wp:featuredmedia":[{"embeddable":true,"href":"https:\/\/www.dulces-laponderosa.com\/fr\/wp-json\/wp\/v2\/media\/2094"}],"wp:attachment":[{"href":"https:\/\/www.dulces-laponderosa.com\/fr\/wp-json\/wp\/v2\/media?parent=7306"}],"wp:term":[{"taxonomy":"product_brand","embeddable":true,"href":"https:\/\/www.dulces-laponderosa.com\/fr\/wp-json\/wp\/v2\/product_brand?post=7306"},{"taxonomy":"product_cat","embeddable":true,"href":"https:\/\/www.dulces-laponderosa.com\/fr\/wp-json\/wp\/v2\/product_cat?post=7306"},{"taxonomy":"product_tag","embeddable":true,"href":"https:\/\/www.dulces-laponderosa.com\/fr\/wp-json\/wp\/v2\/product_tag?post=7306"}],"curies":[{"name":"wp","href":"https:\/\/api.w.org\/{rel}","templated":true}]}}