{"id":7308,"date":"2017-09-06T11:42:44","date_gmt":"2017-09-06T09:42:44","guid":{"rendered":"https:\/\/www.dulces-laponderosa.com\/producto\/chocolats-aux-noisettes-carton-2-kgs\/"},"modified":"2021-09-27T12:48:33","modified_gmt":"2021-09-27T10:48:33","slug":"chocolats-aux-noisettes-carton-2-kgs","status":"publish","type":"product","link":"https:\/\/www.dulces-laponderosa.com\/fr\/acheter-estepa\/chocolats-aux-noisettes-carton-2-kgs\/","title":{"rendered":"Chocolats aux noisettes Carton 2 kgs."},"content":{"rendered":"<section class=\"l-section wpb_row height_custom\"><div class=\"l-section-h i-cf\"><div class=\"g-cols vc_row via_flex valign_top type_default stacking_default\"><div class=\"vc_col-sm-12 wpb_column vc_column_container\"><div class=\"vc_column-inner\"><div class=\"wpb_wrapper\"><div class=\"wpb_text_column\"><div class=\"wpb_wrapper\"><h4>Ingr\u00e9dients<\/h4>\n<p><span>Sucre, beurre de cacao, graisse v\u00e9g\u00e9tale (palme),<strong> Le Lait<\/strong> entier en poudre,<strong> Noisette<\/strong> (9%), s\u00e9rum<strong> Le Lait<\/strong> , p\u00e2te de cacao, poudre de cacao d\u00e9graiss\u00e9, huile de tournesol, \u00e9mulsifiant E-322 (l\u00e9cithine de<strong> soja<\/strong> ) et des ar\u00f4mes naturels (noisette et vanille). % cacao minimum &#8211; Chocolat au lait : 35%. <strong>Peut contenir des traces d&rsquo;autres fruits \u00e0 coque et arachides. SANS GLUTEN.<\/strong><\/span><\/p>\n<h4>Allerg\u00e8nes<\/h4>\n<p>Contient du lait et ses d\u00e9riv\u00e9s (dont le lactose), des fruits \u00e0 coque et du soja. Peut contenir des traces d&rsquo;autres fruits \u00e0 coque et arachides. SANS GLUTEN.<\/p>\n<h4>Tableau nutritionnel<\/h4>\n<\/div><\/div><\/div><\/div><\/div><\/div><\/div><\/section>\n","protected":false},"excerpt":{"rendered":"<h4>La description<\/h4>\n<p>Les amateurs de chocolat ne pourront pas essayer un seul de ces chocolats aux noisettes. D\u00e9licieuse portion de chocolat qui cache une noisette enti\u00e8re \u00e0 l&rsquo;int\u00e9rieur. Id\u00e9al comme dessert et l&rsquo;un des favoris des plus petits. Ne quittez pas votre plateau de desserts de No\u00ebl sans ce d\u00e9lice !<\/p>\n<h4>Pr\u00e9sentation<\/h4>\n<p>Emball\u00e9 individuellement et pr\u00e9sent\u00e9 dans une bo\u00eete de 2 kg. Existe aussi en sac de 500gr .<\/p>\n","protected":false},"featured_media":2080,"comment_status":"open","ping_status":"closed","template":"","meta":{"_joinchat":[]},"product_brand":[],"product_cat":[949,919],"product_tag":[900,901,915,913],"class_list":{"0":"post-7308","1":"product","2":"type-product","3":"status-publish","4":"has-post-thumbnail","6":"product_cat-chocolats-aux-noisettes","7":"product_cat-sans-gluten","8":"product_tag-allergene-darachide","9":"product_tag-allergene-de-noix","10":"product_tag-allergene-de-soja","11":"product_tag-allergene-du-lait","13":"first","14":"instock","15":"taxable","16":"shipping-taxable","17":"purchasable","18":"product-type-simple"},"yoast_head":"<!-- This site is optimized with the Yoast SEO plugin v27.2 - https:\/\/yoast.com\/product\/yoast-seo-wordpress\/ -->\n<title>Chocolats aux noisettes Carton 2 kgs. - Dulces La Ponderosa<\/title>\n<meta name=\"description\" content=\"D\u00e9licieux chocolats aux noisettes pr\u00e9sent\u00e9s dans une bo\u00eete de 2 kg. La Ponderosa rapporte \u00e0 la maison les meilleurs bonbons de No\u00ebl !\" \/>\n<meta name=\"robots\" content=\"index, follow, max-snippet:-1, max-image-preview:large, max-video-preview:-1\" \/>\n<link rel=\"canonical\" href=\"https:\/\/www.dulces-laponderosa.com\/fr\/acheter-estepa\/chocolats-aux-noisettes-carton-2-kgs\/\" \/>\n<meta property=\"og:locale\" content=\"fr_FR\" \/>\n<meta property=\"og:type\" content=\"article\" \/>\n<meta property=\"og:title\" content=\"Chocolats aux noisettes Carton 2 kgs. - Dulces La Ponderosa\" \/>\n<meta property=\"og:description\" content=\"D\u00e9licieux chocolats aux noisettes pr\u00e9sent\u00e9s dans une bo\u00eete de 2 kg. La Ponderosa rapporte \u00e0 la maison les meilleurs bonbons de No\u00ebl !\" \/>\n<meta property=\"og:url\" content=\"https:\/\/www.dulces-laponderosa.com\/fr\/acheter-estepa\/chocolats-aux-noisettes-carton-2-kgs\/\" \/>\n<meta property=\"og:site_name\" content=\"Dulces La Ponderosa\" \/>\n<meta property=\"article:modified_time\" content=\"2021-09-27T10:48:33+00:00\" \/>\n<meta property=\"og:image\" content=\"https:\/\/www.dulces-laponderosa.com\/wp-content\/uploads\/2017\/09\/bombones-avellana.jpg\" \/>\n\t<meta property=\"og:image:width\" content=\"800\" \/>\n\t<meta property=\"og:image:height\" content=\"550\" \/>\n\t<meta property=\"og:image:type\" content=\"image\/jpeg\" \/>\n<meta name=\"twitter:card\" content=\"summary_large_image\" \/>\n<meta name=\"twitter:label1\" content=\"Dur\u00e9e de lecture estim\u00e9e\" \/>\n\t<meta name=\"twitter:data1\" content=\"1 minute\" \/>\n<script type=\"application\/ld+json\" class=\"yoast-schema-graph\">{\"@context\":\"https:\/\/schema.org\",\"@graph\":[{\"@type\":\"WebPage\",\"@id\":\"https:\/\/www.dulces-laponderosa.com\/fr\/acheter-estepa\/chocolats-aux-noisettes-carton-2-kgs\/\",\"url\":\"https:\/\/www.dulces-laponderosa.com\/fr\/acheter-estepa\/chocolats-aux-noisettes-carton-2-kgs\/\",\"name\":\"Chocolats aux noisettes Carton 2 kgs. - Dulces La Ponderosa\",\"isPartOf\":{\"@id\":\"https:\/\/www.dulces-laponderosa.com\/fr\/#website\"},\"primaryImageOfPage\":{\"@id\":\"https:\/\/www.dulces-laponderosa.com\/fr\/acheter-estepa\/chocolats-aux-noisettes-carton-2-kgs\/#primaryimage\"},\"image\":{\"@id\":\"https:\/\/www.dulces-laponderosa.com\/fr\/acheter-estepa\/chocolats-aux-noisettes-carton-2-kgs\/#primaryimage\"},\"thumbnailUrl\":\"https:\/\/www.dulces-laponderosa.com\/wp-content\/uploads\/2017\/09\/bombones-avellana.jpg\",\"datePublished\":\"2017-09-06T09:42:44+00:00\",\"dateModified\":\"2021-09-27T10:48:33+00:00\",\"description\":\"D\u00e9licieux chocolats aux noisettes pr\u00e9sent\u00e9s dans une bo\u00eete de 2 kg. La Ponderosa rapporte \u00e0 la maison les meilleurs bonbons de No\u00ebl !\",\"breadcrumb\":{\"@id\":\"https:\/\/www.dulces-laponderosa.com\/fr\/acheter-estepa\/chocolats-aux-noisettes-carton-2-kgs\/#breadcrumb\"},\"inLanguage\":\"fr-FR\",\"potentialAction\":[{\"@type\":\"ReadAction\",\"target\":[\"https:\/\/www.dulces-laponderosa.com\/fr\/acheter-estepa\/chocolats-aux-noisettes-carton-2-kgs\/\"]}]},{\"@type\":\"ImageObject\",\"inLanguage\":\"fr-FR\",\"@id\":\"https:\/\/www.dulces-laponderosa.com\/fr\/acheter-estepa\/chocolats-aux-noisettes-carton-2-kgs\/#primaryimage\",\"url\":\"https:\/\/www.dulces-laponderosa.com\/wp-content\/uploads\/2017\/09\/bombones-avellana.jpg\",\"contentUrl\":\"https:\/\/www.dulces-laponderosa.com\/wp-content\/uploads\/2017\/09\/bombones-avellana.jpg\",\"width\":800,\"height\":550,\"caption\":\"Chocolats aux noisettes\"},{\"@type\":\"BreadcrumbList\",\"@id\":\"https:\/\/www.dulces-laponderosa.com\/fr\/acheter-estepa\/chocolats-aux-noisettes-carton-2-kgs\/#breadcrumb\",\"itemListElement\":[{\"@type\":\"ListItem\",\"position\":1,\"name\":\"Portada\",\"item\":\"https:\/\/www.dulces-laponderosa.com\/fr\/\"},{\"@type\":\"ListItem\",\"position\":2,\"name\":\"Boutique\",\"item\":\"https:\/\/www.dulces-laponderosa.com\/fr\/boutique\/\"},{\"@type\":\"ListItem\",\"position\":3,\"name\":\"Chocolats aux noisettes Carton 2 kgs.\"}]},{\"@type\":\"WebSite\",\"@id\":\"https:\/\/www.dulces-laponderosa.com\/fr\/#website\",\"url\":\"https:\/\/www.dulces-laponderosa.com\/fr\/\",\"name\":\"Dulces La Ponderosa\",\"description\":\"Dulces de Navidad desde 1955\",\"potentialAction\":[{\"@type\":\"SearchAction\",\"target\":{\"@type\":\"EntryPoint\",\"urlTemplate\":\"https:\/\/www.dulces-laponderosa.com\/fr\/?s={search_term_string}\"},\"query-input\":{\"@type\":\"PropertyValueSpecification\",\"valueRequired\":true,\"valueName\":\"search_term_string\"}}],\"inLanguage\":\"fr-FR\"}]}<\/script>\n<!-- \/ Yoast SEO plugin. -->","yoast_head_json":{"title":"Chocolats aux noisettes Carton 2 kgs. - Dulces La Ponderosa","description":"D\u00e9licieux chocolats aux noisettes pr\u00e9sent\u00e9s dans une bo\u00eete de 2 kg. La Ponderosa rapporte \u00e0 la maison les meilleurs bonbons de No\u00ebl !","robots":{"index":"index","follow":"follow","max-snippet":"max-snippet:-1","max-image-preview":"max-image-preview:large","max-video-preview":"max-video-preview:-1"},"canonical":"https:\/\/www.dulces-laponderosa.com\/fr\/acheter-estepa\/chocolats-aux-noisettes-carton-2-kgs\/","og_locale":"fr_FR","og_type":"article","og_title":"Chocolats aux noisettes Carton 2 kgs. - Dulces La Ponderosa","og_description":"D\u00e9licieux chocolats aux noisettes pr\u00e9sent\u00e9s dans une bo\u00eete de 2 kg. La Ponderosa rapporte \u00e0 la maison les meilleurs bonbons de No\u00ebl !","og_url":"https:\/\/www.dulces-laponderosa.com\/fr\/acheter-estepa\/chocolats-aux-noisettes-carton-2-kgs\/","og_site_name":"Dulces La Ponderosa","article_modified_time":"2021-09-27T10:48:33+00:00","og_image":[{"width":800,"height":550,"url":"https:\/\/www.dulces-laponderosa.com\/wp-content\/uploads\/2017\/09\/bombones-avellana.jpg","type":"image\/jpeg"}],"twitter_card":"summary_large_image","twitter_misc":{"Dur\u00e9e de lecture estim\u00e9e":"1 minute"},"schema":{"@context":"https:\/\/schema.org","@graph":[{"@type":"WebPage","@id":"https:\/\/www.dulces-laponderosa.com\/fr\/acheter-estepa\/chocolats-aux-noisettes-carton-2-kgs\/","url":"https:\/\/www.dulces-laponderosa.com\/fr\/acheter-estepa\/chocolats-aux-noisettes-carton-2-kgs\/","name":"Chocolats aux noisettes Carton 2 kgs. - Dulces La Ponderosa","isPartOf":{"@id":"https:\/\/www.dulces-laponderosa.com\/fr\/#website"},"primaryImageOfPage":{"@id":"https:\/\/www.dulces-laponderosa.com\/fr\/acheter-estepa\/chocolats-aux-noisettes-carton-2-kgs\/#primaryimage"},"image":{"@id":"https:\/\/www.dulces-laponderosa.com\/fr\/acheter-estepa\/chocolats-aux-noisettes-carton-2-kgs\/#primaryimage"},"thumbnailUrl":"https:\/\/www.dulces-laponderosa.com\/wp-content\/uploads\/2017\/09\/bombones-avellana.jpg","datePublished":"2017-09-06T09:42:44+00:00","dateModified":"2021-09-27T10:48:33+00:00","description":"D\u00e9licieux chocolats aux noisettes pr\u00e9sent\u00e9s dans une bo\u00eete de 2 kg. La Ponderosa rapporte \u00e0 la maison les meilleurs bonbons de No\u00ebl !","breadcrumb":{"@id":"https:\/\/www.dulces-laponderosa.com\/fr\/acheter-estepa\/chocolats-aux-noisettes-carton-2-kgs\/#breadcrumb"},"inLanguage":"fr-FR","potentialAction":[{"@type":"ReadAction","target":["https:\/\/www.dulces-laponderosa.com\/fr\/acheter-estepa\/chocolats-aux-noisettes-carton-2-kgs\/"]}]},{"@type":"ImageObject","inLanguage":"fr-FR","@id":"https:\/\/www.dulces-laponderosa.com\/fr\/acheter-estepa\/chocolats-aux-noisettes-carton-2-kgs\/#primaryimage","url":"https:\/\/www.dulces-laponderosa.com\/wp-content\/uploads\/2017\/09\/bombones-avellana.jpg","contentUrl":"https:\/\/www.dulces-laponderosa.com\/wp-content\/uploads\/2017\/09\/bombones-avellana.jpg","width":800,"height":550,"caption":"Chocolats aux noisettes"},{"@type":"BreadcrumbList","@id":"https:\/\/www.dulces-laponderosa.com\/fr\/acheter-estepa\/chocolats-aux-noisettes-carton-2-kgs\/#breadcrumb","itemListElement":[{"@type":"ListItem","position":1,"name":"Portada","item":"https:\/\/www.dulces-laponderosa.com\/fr\/"},{"@type":"ListItem","position":2,"name":"Boutique","item":"https:\/\/www.dulces-laponderosa.com\/fr\/boutique\/"},{"@type":"ListItem","position":3,"name":"Chocolats aux noisettes Carton 2 kgs."}]},{"@type":"WebSite","@id":"https:\/\/www.dulces-laponderosa.com\/fr\/#website","url":"https:\/\/www.dulces-laponderosa.com\/fr\/","name":"Dulces La Ponderosa","description":"Dulces de Navidad desde 1955","potentialAction":[{"@type":"SearchAction","target":{"@type":"EntryPoint","urlTemplate":"https:\/\/www.dulces-laponderosa.com\/fr\/?s={search_term_string}"},"query-input":{"@type":"PropertyValueSpecification","valueRequired":true,"valueName":"search_term_string"}}],"inLanguage":"fr-FR"}]}},"_links":{"self":[{"href":"https:\/\/www.dulces-laponderosa.com\/fr\/wp-json\/wp\/v2\/product\/7308","targetHints":{"allow":["GET"]}}],"collection":[{"href":"https:\/\/www.dulces-laponderosa.com\/fr\/wp-json\/wp\/v2\/product"}],"about":[{"href":"https:\/\/www.dulces-laponderosa.com\/fr\/wp-json\/wp\/v2\/types\/product"}],"replies":[{"embeddable":true,"href":"https:\/\/www.dulces-laponderosa.com\/fr\/wp-json\/wp\/v2\/comments?post=7308"}],"wp:featuredmedia":[{"embeddable":true,"href":"https:\/\/www.dulces-laponderosa.com\/fr\/wp-json\/wp\/v2\/media\/2080"}],"wp:attachment":[{"href":"https:\/\/www.dulces-laponderosa.com\/fr\/wp-json\/wp\/v2\/media?parent=7308"}],"wp:term":[{"taxonomy":"product_brand","embeddable":true,"href":"https:\/\/www.dulces-laponderosa.com\/fr\/wp-json\/wp\/v2\/product_brand?post=7308"},{"taxonomy":"product_cat","embeddable":true,"href":"https:\/\/www.dulces-laponderosa.com\/fr\/wp-json\/wp\/v2\/product_cat?post=7308"},{"taxonomy":"product_tag","embeddable":true,"href":"https:\/\/www.dulces-laponderosa.com\/fr\/wp-json\/wp\/v2\/product_tag?post=7308"}],"curies":[{"name":"wp","href":"https:\/\/api.w.org\/{rel}","templated":true}]}}