{"id":7316,"date":"2017-09-06T11:27:07","date_gmt":"2017-09-06T09:27:07","guid":{"rendered":"https:\/\/www.dulces-laponderosa.com\/producto\/barres-farcies-sachet-500-grs\/"},"modified":"2025-12-15T23:59:12","modified_gmt":"2025-12-15T22:59:12","slug":"barres-farcies-sachet-500-grs","status":"publish","type":"product","link":"https:\/\/www.dulces-laponderosa.com\/fr\/acheter-estepa\/barres-farcies-sachet-500-grs\/","title":{"rendered":"Barres farcies Sachet 500 grs."},"content":{"rendered":"<section class=\"l-section wpb_row height_custom\"><div class=\"l-section-h i-cf\"><div class=\"g-cols vc_row via_flex valign_top type_default stacking_default\"><div class=\"vc_col-sm-12 wpb_column vc_column_container\"><div class=\"vc_column-inner\"><div class=\"wpb_wrapper\"><div class=\"wpb_text_column\"><div class=\"wpb_wrapper\"><h4>Ingr\u00e9dients<\/h4>\n<p>Cr\u00e8me (47,6%) (sucre,<strong> noisettes<\/strong> (16%), graisses v\u00e9g\u00e9tales non hydrog\u00e9n\u00e9es (palme et palmiste en proportions variables), huile v\u00e9g\u00e9tale raffin\u00e9e de tournesol,<strong> petit lait<\/strong> en poudre,<strong> Le Lait<\/strong> poudre, amidon de ma\u00efs, \u00e9mulsifiant : l\u00e9cithine<strong> soja,<\/strong> ar\u00f4mes, vanilline et antioxydants : E-306, E-304i). Couverture sp\u00e9ciale aux graisses v\u00e9g\u00e9tales et couverture noire (sucre, graisses v\u00e9g\u00e9tales non hydrog\u00e9n\u00e9es (palmiste et palme en proportions variables),<strong> petit lait<\/strong> poudre, poudre de cacao d\u00e9graiss\u00e9, \u00e9mulsifiant : l\u00e9cithine<strong> soja<\/strong> et ar\u00f4me). Gaufrette (Farine<strong> bl\u00e9,<\/strong> amidon de ma\u00efs, \u00e9mulsifiant : l\u00e9cithine<strong> soja<\/strong> , huile v\u00e9g\u00e9tale raffin\u00e9e de tournesol, sucre,<strong> petit lait<\/strong> poudre, poudre \u00e0 lever : bicarbonate de sodium, sel, antioxydants : E-306, E-304i).<strong> Peut contenir des traces d&rsquo;autres fruits \u00e0 coque, arachides et s\u00e9same.<\/strong><\/p>\n<h4>Allerg\u00e8nes<\/h4>\n<p>Allerg\u00e8nes : Contient des fruits \u00e0 coque, du gluten, du lait et ses d\u00e9riv\u00e9s (dont le lactose) et du soja. Peut contenir des traces d&rsquo;autres fruits \u00e0 coque, arachides et s\u00e9same.<\/p>\n<h4>Tableau nutritionnel<\/h4>\n<p><span data-mce-type=\"bookmark\" style=\"width: 0px;overflow: hidden;line-height: 0\" class=\"mce_SELRES_start\">\ufeff<\/span><\/p>\n<\/div><\/div><\/div><\/div><\/div><\/div><\/div><\/section>\n","protected":false},"excerpt":{"rendered":"<h4>La description<\/h4>\n<p>Barres farcies. Produit incontournable \u00e0 No\u00ebl pour satisfaire les amateurs de chocolat. Un choix d\u00e9licieux pour les enfants et les adultes pour profiter de cette d\u00e9licieuse barre fourr\u00e9e \u00e0 la cr\u00e8me de noisette et recouverte de chocolat au lait. Ne restez pas ce No\u00ebl sans les essayer !<\/p>\n<h4>Pr\u00e9sentation<\/h4>\n<p>Petites barres emball\u00e9es individuellement et pr\u00e9sent\u00e9es dans un sachet de 500 gr. Existe aussi en<a href=\"https:\/\/www.dulces-laponderosa.com\/producto\/barritas-rellenas-caja-2-kgs\/\" target=\"_blank\" rel=\"noopener noreferrer\"> carton de 2kg<\/a> .<\/p>\n","protected":false},"featured_media":2066,"comment_status":"open","ping_status":"closed","template":"","meta":{"_joinchat":[]},"product_brand":[],"product_cat":[953],"product_tag":[900,901,902,915,913],"class_list":{"0":"post-7316","1":"product","2":"type-product","3":"status-publish","4":"has-post-thumbnail","6":"product_cat-barres-farcies","7":"product_tag-allergene-darachide","8":"product_tag-allergene-de-noix","9":"product_tag-allergene-de-sesame","10":"product_tag-allergene-de-soja","11":"product_tag-allergene-du-lait","13":"first","14":"instock","15":"taxable","16":"shipping-taxable","17":"purchasable","18":"product-type-simple"},"yoast_head":"<!-- This site is optimized with the Yoast SEO plugin v27.2 - https:\/\/yoast.com\/product\/yoast-seo-wordpress\/ -->\n<title>Barres farcies Sachet 500 grs. - Dulces La Ponderosa<\/title>\n<meta name=\"description\" content=\"D\u00e9licieuses barres farcies pr\u00e9sent\u00e9es en sachet de 500 g. La Ponderosa rapporte \u00e0 la maison les meilleurs bonbons de No\u00ebl !\" \/>\n<meta name=\"robots\" content=\"index, follow, max-snippet:-1, max-image-preview:large, max-video-preview:-1\" \/>\n<link rel=\"canonical\" href=\"https:\/\/www.dulces-laponderosa.com\/fr\/acheter-estepa\/barres-farcies-sachet-500-grs\/\" \/>\n<meta property=\"og:locale\" content=\"fr_FR\" \/>\n<meta property=\"og:type\" content=\"article\" \/>\n<meta property=\"og:title\" content=\"Barres farcies Sachet 500 grs. - Dulces La Ponderosa\" \/>\n<meta property=\"og:description\" content=\"D\u00e9licieuses barres farcies pr\u00e9sent\u00e9es en sachet de 500 g. La Ponderosa rapporte \u00e0 la maison les meilleurs bonbons de No\u00ebl !\" \/>\n<meta property=\"og:url\" content=\"https:\/\/www.dulces-laponderosa.com\/fr\/acheter-estepa\/barres-farcies-sachet-500-grs\/\" \/>\n<meta property=\"og:site_name\" content=\"Dulces La Ponderosa\" \/>\n<meta property=\"article:modified_time\" content=\"2025-12-15T22:59:12+00:00\" \/>\n<meta property=\"og:image\" content=\"https:\/\/www.dulces-laponderosa.com\/wp-content\/uploads\/2017\/09\/barrita-rellena-crema-avellana-vestida.jpg\" \/>\n\t<meta property=\"og:image:width\" content=\"800\" \/>\n\t<meta property=\"og:image:height\" content=\"533\" \/>\n\t<meta property=\"og:image:type\" content=\"image\/jpeg\" \/>\n<meta name=\"twitter:card\" content=\"summary_large_image\" \/>\n<meta name=\"twitter:label1\" content=\"Dur\u00e9e de lecture estim\u00e9e\" \/>\n\t<meta name=\"twitter:data1\" content=\"1 minute\" \/>\n<script type=\"application\/ld+json\" class=\"yoast-schema-graph\">{\"@context\":\"https:\/\/schema.org\",\"@graph\":[{\"@type\":\"WebPage\",\"@id\":\"https:\/\/www.dulces-laponderosa.com\/fr\/acheter-estepa\/barres-farcies-sachet-500-grs\/\",\"url\":\"https:\/\/www.dulces-laponderosa.com\/fr\/acheter-estepa\/barres-farcies-sachet-500-grs\/\",\"name\":\"Barres farcies Sachet 500 grs. - Dulces La Ponderosa\",\"isPartOf\":{\"@id\":\"https:\/\/www.dulces-laponderosa.com\/fr\/#website\"},\"primaryImageOfPage\":{\"@id\":\"https:\/\/www.dulces-laponderosa.com\/fr\/acheter-estepa\/barres-farcies-sachet-500-grs\/#primaryimage\"},\"image\":{\"@id\":\"https:\/\/www.dulces-laponderosa.com\/fr\/acheter-estepa\/barres-farcies-sachet-500-grs\/#primaryimage\"},\"thumbnailUrl\":\"https:\/\/www.dulces-laponderosa.com\/wp-content\/uploads\/2017\/09\/barrita-rellena-crema-avellana-vestida.jpg\",\"datePublished\":\"2017-09-06T09:27:07+00:00\",\"dateModified\":\"2025-12-15T22:59:12+00:00\",\"description\":\"D\u00e9licieuses barres farcies pr\u00e9sent\u00e9es en sachet de 500 g. La Ponderosa rapporte \u00e0 la maison les meilleurs bonbons de No\u00ebl !\",\"breadcrumb\":{\"@id\":\"https:\/\/www.dulces-laponderosa.com\/fr\/acheter-estepa\/barres-farcies-sachet-500-grs\/#breadcrumb\"},\"inLanguage\":\"fr-FR\",\"potentialAction\":[{\"@type\":\"ReadAction\",\"target\":[\"https:\/\/www.dulces-laponderosa.com\/fr\/acheter-estepa\/barres-farcies-sachet-500-grs\/\"]}]},{\"@type\":\"ImageObject\",\"inLanguage\":\"fr-FR\",\"@id\":\"https:\/\/www.dulces-laponderosa.com\/fr\/acheter-estepa\/barres-farcies-sachet-500-grs\/#primaryimage\",\"url\":\"https:\/\/www.dulces-laponderosa.com\/wp-content\/uploads\/2017\/09\/barrita-rellena-crema-avellana-vestida.jpg\",\"contentUrl\":\"https:\/\/www.dulces-laponderosa.com\/wp-content\/uploads\/2017\/09\/barrita-rellena-crema-avellana-vestida.jpg\",\"width\":800,\"height\":533,\"caption\":\"barres remplies\"},{\"@type\":\"BreadcrumbList\",\"@id\":\"https:\/\/www.dulces-laponderosa.com\/fr\/acheter-estepa\/barres-farcies-sachet-500-grs\/#breadcrumb\",\"itemListElement\":[{\"@type\":\"ListItem\",\"position\":1,\"name\":\"Portada\",\"item\":\"https:\/\/www.dulces-laponderosa.com\/fr\/\"},{\"@type\":\"ListItem\",\"position\":2,\"name\":\"Boutique\",\"item\":\"https:\/\/www.dulces-laponderosa.com\/fr\/boutique\/\"},{\"@type\":\"ListItem\",\"position\":3,\"name\":\"Barres farcies Sachet 500 grs.\"}]},{\"@type\":\"WebSite\",\"@id\":\"https:\/\/www.dulces-laponderosa.com\/fr\/#website\",\"url\":\"https:\/\/www.dulces-laponderosa.com\/fr\/\",\"name\":\"Dulces La Ponderosa\",\"description\":\"Dulces de Navidad desde 1955\",\"potentialAction\":[{\"@type\":\"SearchAction\",\"target\":{\"@type\":\"EntryPoint\",\"urlTemplate\":\"https:\/\/www.dulces-laponderosa.com\/fr\/?s={search_term_string}\"},\"query-input\":{\"@type\":\"PropertyValueSpecification\",\"valueRequired\":true,\"valueName\":\"search_term_string\"}}],\"inLanguage\":\"fr-FR\"}]}<\/script>\n<!-- \/ Yoast SEO plugin. -->","yoast_head_json":{"title":"Barres farcies Sachet 500 grs. - Dulces La Ponderosa","description":"D\u00e9licieuses barres farcies pr\u00e9sent\u00e9es en sachet de 500 g. La Ponderosa rapporte \u00e0 la maison les meilleurs bonbons de No\u00ebl !","robots":{"index":"index","follow":"follow","max-snippet":"max-snippet:-1","max-image-preview":"max-image-preview:large","max-video-preview":"max-video-preview:-1"},"canonical":"https:\/\/www.dulces-laponderosa.com\/fr\/acheter-estepa\/barres-farcies-sachet-500-grs\/","og_locale":"fr_FR","og_type":"article","og_title":"Barres farcies Sachet 500 grs. - Dulces La Ponderosa","og_description":"D\u00e9licieuses barres farcies pr\u00e9sent\u00e9es en sachet de 500 g. La Ponderosa rapporte \u00e0 la maison les meilleurs bonbons de No\u00ebl !","og_url":"https:\/\/www.dulces-laponderosa.com\/fr\/acheter-estepa\/barres-farcies-sachet-500-grs\/","og_site_name":"Dulces La Ponderosa","article_modified_time":"2025-12-15T22:59:12+00:00","og_image":[{"width":800,"height":533,"url":"https:\/\/www.dulces-laponderosa.com\/wp-content\/uploads\/2017\/09\/barrita-rellena-crema-avellana-vestida.jpg","type":"image\/jpeg"}],"twitter_card":"summary_large_image","twitter_misc":{"Dur\u00e9e de lecture estim\u00e9e":"1 minute"},"schema":{"@context":"https:\/\/schema.org","@graph":[{"@type":"WebPage","@id":"https:\/\/www.dulces-laponderosa.com\/fr\/acheter-estepa\/barres-farcies-sachet-500-grs\/","url":"https:\/\/www.dulces-laponderosa.com\/fr\/acheter-estepa\/barres-farcies-sachet-500-grs\/","name":"Barres farcies Sachet 500 grs. - Dulces La Ponderosa","isPartOf":{"@id":"https:\/\/www.dulces-laponderosa.com\/fr\/#website"},"primaryImageOfPage":{"@id":"https:\/\/www.dulces-laponderosa.com\/fr\/acheter-estepa\/barres-farcies-sachet-500-grs\/#primaryimage"},"image":{"@id":"https:\/\/www.dulces-laponderosa.com\/fr\/acheter-estepa\/barres-farcies-sachet-500-grs\/#primaryimage"},"thumbnailUrl":"https:\/\/www.dulces-laponderosa.com\/wp-content\/uploads\/2017\/09\/barrita-rellena-crema-avellana-vestida.jpg","datePublished":"2017-09-06T09:27:07+00:00","dateModified":"2025-12-15T22:59:12+00:00","description":"D\u00e9licieuses barres farcies pr\u00e9sent\u00e9es en sachet de 500 g. La Ponderosa rapporte \u00e0 la maison les meilleurs bonbons de No\u00ebl !","breadcrumb":{"@id":"https:\/\/www.dulces-laponderosa.com\/fr\/acheter-estepa\/barres-farcies-sachet-500-grs\/#breadcrumb"},"inLanguage":"fr-FR","potentialAction":[{"@type":"ReadAction","target":["https:\/\/www.dulces-laponderosa.com\/fr\/acheter-estepa\/barres-farcies-sachet-500-grs\/"]}]},{"@type":"ImageObject","inLanguage":"fr-FR","@id":"https:\/\/www.dulces-laponderosa.com\/fr\/acheter-estepa\/barres-farcies-sachet-500-grs\/#primaryimage","url":"https:\/\/www.dulces-laponderosa.com\/wp-content\/uploads\/2017\/09\/barrita-rellena-crema-avellana-vestida.jpg","contentUrl":"https:\/\/www.dulces-laponderosa.com\/wp-content\/uploads\/2017\/09\/barrita-rellena-crema-avellana-vestida.jpg","width":800,"height":533,"caption":"barres remplies"},{"@type":"BreadcrumbList","@id":"https:\/\/www.dulces-laponderosa.com\/fr\/acheter-estepa\/barres-farcies-sachet-500-grs\/#breadcrumb","itemListElement":[{"@type":"ListItem","position":1,"name":"Portada","item":"https:\/\/www.dulces-laponderosa.com\/fr\/"},{"@type":"ListItem","position":2,"name":"Boutique","item":"https:\/\/www.dulces-laponderosa.com\/fr\/boutique\/"},{"@type":"ListItem","position":3,"name":"Barres farcies Sachet 500 grs."}]},{"@type":"WebSite","@id":"https:\/\/www.dulces-laponderosa.com\/fr\/#website","url":"https:\/\/www.dulces-laponderosa.com\/fr\/","name":"Dulces La Ponderosa","description":"Dulces de Navidad desde 1955","potentialAction":[{"@type":"SearchAction","target":{"@type":"EntryPoint","urlTemplate":"https:\/\/www.dulces-laponderosa.com\/fr\/?s={search_term_string}"},"query-input":{"@type":"PropertyValueSpecification","valueRequired":true,"valueName":"search_term_string"}}],"inLanguage":"fr-FR"}]}},"_links":{"self":[{"href":"https:\/\/www.dulces-laponderosa.com\/fr\/wp-json\/wp\/v2\/product\/7316","targetHints":{"allow":["GET"]}}],"collection":[{"href":"https:\/\/www.dulces-laponderosa.com\/fr\/wp-json\/wp\/v2\/product"}],"about":[{"href":"https:\/\/www.dulces-laponderosa.com\/fr\/wp-json\/wp\/v2\/types\/product"}],"replies":[{"embeddable":true,"href":"https:\/\/www.dulces-laponderosa.com\/fr\/wp-json\/wp\/v2\/comments?post=7316"}],"wp:featuredmedia":[{"embeddable":true,"href":"https:\/\/www.dulces-laponderosa.com\/fr\/wp-json\/wp\/v2\/media\/2066"}],"wp:attachment":[{"href":"https:\/\/www.dulces-laponderosa.com\/fr\/wp-json\/wp\/v2\/media?parent=7316"}],"wp:term":[{"taxonomy":"product_brand","embeddable":true,"href":"https:\/\/www.dulces-laponderosa.com\/fr\/wp-json\/wp\/v2\/product_brand?post=7316"},{"taxonomy":"product_cat","embeddable":true,"href":"https:\/\/www.dulces-laponderosa.com\/fr\/wp-json\/wp\/v2\/product_cat?post=7316"},{"taxonomy":"product_tag","embeddable":true,"href":"https:\/\/www.dulces-laponderosa.com\/fr\/wp-json\/wp\/v2\/product_tag?post=7316"}],"curies":[{"name":"wp","href":"https:\/\/api.w.org\/{rel}","templated":true}]}}