{"id":7318,"date":"2017-09-06T10:03:53","date_gmt":"2017-09-06T10:03:53","guid":{"rendered":"https:\/\/www.dulces-laponderosa.com\/producto\/etui-assorti-sans-sucre-550-grs\/"},"modified":"2025-12-28T07:10:12","modified_gmt":"2025-12-28T06:10:12","slug":"etui-assorti-sans-sucre-550-grs","status":"publish","type":"product","link":"https:\/\/www.dulces-laponderosa.com\/fr\/acheter-estepa\/etui-assorti-sans-sucre-550-grs\/","title":{"rendered":"Etui assorti sans sucre 550 grs."},"content":{"rendered":"<section class=\"l-section wpb_row height_custom\"><div class=\"l-section-h i-cf\"><div class=\"g-cols vc_row via_flex valign_top type_default stacking_default\"><div class=\"vc_col-sm-12 wpb_column vc_column_container\"><div class=\"vc_column-inner\"><div class=\"wpb_wrapper\"><div class=\"wpb_text_column\"><div class=\"wpb_wrapper\"><h4>Ingr\u00e9dients<\/h4>\n<p><strong>Polvor\u00f3n aux amandes sans sucre.<\/strong> Ingr\u00e9dients : Farine<strong> bl\u00e9<\/strong> , saindoux ib\u00e9rique (antioxydant : E-320), 20% \u00e9dulcorant (E-965i), amande (8%), cannelle et clou de girofle.<\/p>\n<p><strong>Mantecado sans sucre.<\/strong> Ingr\u00e9dients : Farine de bl\u00e9, saindoux ib\u00e9rique (antioxydant : E-320), \u00e9dulcorant (E-965i), amande, cannelle et<strong> s\u00e9same.<\/strong><\/p>\n<p><strong>Donut au vin sans sucre.<\/strong> Ingr\u00e9dients : Farine<strong> bl\u00e9,<\/strong> Saindoux ib\u00e9rique (antioxydant : E-320), vin de Malaga (10 %) (contient<strong> sulfites<\/strong> ), \u00e9dulcorant (E-965i, E-965ii),<strong> amande<\/strong> , anis<strong> , s\u00e9same,<\/strong> cannelle, ar\u00f4me d&rsquo;anis, poudres \u00e0 lever (E-450i, E-500ii) et clous de girofle.<\/p>\n<p> <strong>P\u00e2te feuillet\u00e9e sans sucre.<\/strong> Ingr\u00e9dients : Farine de bl\u00e9, saindoux ib\u00e9rique (antioxydant : extrait de romarin et synergiste : E-330), vin (contient<strong> sulfites<\/strong> ), graisse v\u00e9g\u00e9tale[aceites y grasas vegetales (palma)] , 4% d&rsquo;\u00e9dulcorant (maltitol), sel et ar\u00f4me citron.<\/p>\n<p><strong>Amande farcie aux amandes sans sucre.<\/strong> Ingr\u00e9dients : Farine<strong> bl\u00e9, amande<\/strong> (19%), \u00e9dulcorant (maltitol), mati\u00e8re grasse[aceites y grasas vegetales (palma)] , galette [farine de bl\u00e9, \u00e9mulsifiant : l\u00e9cithine<strong> soja<\/strong> , poudre \u00e0 lever (E-500ii) et colorant (E-171)] et ar\u00f4me de nougat.<\/p>\n<p><strong> Boule de noix de coco sans sucre.<\/strong> Ingr\u00e9dients : Noix de coco (38%), \u00e9dulcorants (maltitol et isomalt), couverture sp\u00e9ciale en graisse v\u00e9g\u00e9tale (20%) [\u00e9dulcorant (maltitol), graisse v\u00e9g\u00e9tale totalement hydrog\u00e9n\u00e9e (palmiste), cacao en poudre d\u00e9graiss\u00e9, \u00e9mulsifiant (l\u00e9cithine de <strong>soja<\/strong> (E-322) et E-476), huile v\u00e9g\u00e9tale de tournesol, conservateur (E-200) et vanilline]<strong>, Le Lait,<\/strong> conservateur (E-202) et ar\u00f4me de noix de coco.<\/p>\n<p><strong>Nougat tendre aux amandes sans sucre<\/strong> . Ingr\u00e9dients:<strong> Amandes<\/strong> toasts (50%), \u00e9dulcorant (sirop de maltite : E-965iil), riz (1,6%), blanc d&rsquo;\u0153uf, \u00e9mulsifiant (E-471) et \u00e9dulcorant (sucralose : E-955).<\/p>\n<p><strong>Nougat dur aux amandes sans sucre<\/strong> . Ingr\u00e9dients:<strong> Amandes<\/strong> pain grill\u00e9 (50%), \u00e9dulcorant (sirop de maltitol : E-965ii), riz, blanc d&rsquo;\u0153uf<strong> Oeuf,<\/strong> plaquette et \u00e9dulcorant (sucralose : E-955).<\/p>\n<p><strong>Nougat croustillant au chocolat sans sucre<\/strong> . Ingr\u00e9dients : Couverture sp\u00e9ciale en mati\u00e8re grasse v\u00e9g\u00e9tale (\u00e9dulcorant (maltitol : E-965i), mati\u00e8re grasse v\u00e9g\u00e9tale totalement hydrog\u00e9n\u00e9e (palmiste), cacao en poudre d\u00e9graiss\u00e9,<strong> Le Lait<\/strong> poudre \u00e9cr\u00e9m\u00e9e,<strong> petit lait<\/strong> poudre, \u00e9mulsifiants (E-322, E-492) et ar\u00f4me) et riz souffl\u00e9 (farine de riz, farine de bl\u00e9, sucre, extrait de malt d&rsquo;orge et sel). Teneur maximale en sucre 2%.<\/p>\n<p> <strong>Nougat au chocolat et aux amandes sans sucre<\/strong> . Ingr\u00e9dients : Couverture sp\u00e9ciale en mati\u00e8re grasse v\u00e9g\u00e9tale (\u00e9dulcorant (maltitol : E-965i), mati\u00e8re grasse v\u00e9g\u00e9tale totalement hydrog\u00e9n\u00e9e (palmiste), cacao en poudre d\u00e9graiss\u00e9,<strong> Le Lait<\/strong> poudre \u00e9cr\u00e9m\u00e9e,<strong> petit lait<\/strong> poudre, \u00e9mulsifiants (E-322, E-492) et ar\u00f4me), amande (40%) et noisette (2%).<\/p>\n<p><strong>Bonbon au chocolat au lait fourr\u00e9 aux noisettes.<\/strong> Ingr\u00e9dients : Edulcorant E-965 (maltitol), beurre de cacao, graisse v\u00e9g\u00e9tale (palme), Le <strong>Lait<\/strong> poudre \u00e9cr\u00e9m\u00e9e, <strong>Le Lait<\/strong> poudre enti\u00e8re, p\u00e2te de cacao, poudre de cacao d\u00e9graiss\u00e9, lactos\u00e9rum, huile de tournesol, noisette (1%), \u00e9mulsifiant E-322 (l\u00e9cithine de soja), ar\u00f4mes naturels (vanille et noisette) et \u00e9dulcorant E-960 (glycosides de st\u00e9viol) (0&rsquo;010 %). % cacao min. &#8211; Chocolat au lait : 37%. <strong>Peut contenir des traces d&rsquo;arachides.<\/strong><\/p>\n<h4>Allerg\u00e8nes<\/h4>\n<p>Contient gluten, fruits \u00e0 coque, s\u00e9same, sulfites, soja, lait et ses d\u00e9riv\u00e9s (dont lactose) et \u0153uf. Peut contenir des traces d&rsquo;arachides.<\/p>\n<h4>Tableau nutritionnel<\/h4>\n<p><a href=\"https:\/\/www.dulces-laponderosa.com\/?post_type=product&amp;p=1241\">Poudre d&rsquo;amande<\/a> ,<a href=\"https:\/\/www.dulces-laponderosa.com\/producto\/mantecados-sin-azucar-bolsa-500-grs\/\"> Mdo.Fait maison,<\/a><a href=\"https:\/\/www.dulces-laponderosa.com\/?post_type=product&amp;p=1416\"> Rosco de vin<\/a> ,<a href=\"https:\/\/www.dulces-laponderosa.com\/?post_type=product&amp;p=1410\"> P\u00e2te feuillet\u00e9e,<\/a><a href=\"https:\/\/www.dulces-laponderosa.com\/producto\/almendras-rellenas-almendra-sin-azucar-bolsa-500-grs\/\"> Amande farcie aux amandes,<\/a><a href=\"https:\/\/www.dulces-laponderosa.com\/producto\/bolas-coco-sin-azucar-bolsa-500-grs\/\"> Boule de noix de coco<\/a> ,<a href=\"https:\/\/www.dulces-laponderosa.com\/producto\/turron-blando-almendra-sin-azucar-bolsa-500-grs\/\"> Nougat tendre aux amandes,<\/a><a href=\"https:\/\/www.dulces-laponderosa.com\/producto\/turron-duro-almendra-sin-azucar-bolsa-500-grs\/\"> Nougat dur aux amandes,<\/a><a href=\"https:\/\/www.dulces-laponderosa.com\/producto\/turron-chocolate-crujiente-sin-azucar-bolsa-500-grs\/\"> Nougat croustillant au chocolat,<\/a><a href=\"https:\/\/www.dulces-laponderosa.com\/producto\/turron-chocolate-almendras-sin-azucar\/\"> Nougat au chocolat et aux amandes,<\/a><a href=\"https:\/\/www.dulces-laponderosa.com\/fr\/produit\/chocolats-aux-noisettes-sachet-500-grs\/\"> Bonbon aux noisettes.<\/a><\/p>\n<\/div><\/div><\/div><\/div><\/div><\/div><\/div><\/section>\n","protected":false},"excerpt":{"rendered":"<h4>La description<\/h4>\n<p>Dulces La Ponderosa pr\u00e9sente la bo\u00eete assortie sans sucre. Coffret compos\u00e9 d&rsquo;une s\u00e9lection de produits sans sucre, entre autres :<\/p>\n<p>&#8211;<strong> Polvoron sans sucre<\/strong> . Version sans sucre du traditionnel polvor\u00f3n, un bonbon \u00e0 p\u00e2te longue \u00e0 base de beurre, de farine et d&rsquo;amandes<\/p>\n<p>&#8211;<strong> Mantecado non sucr\u00e9<\/strong> . Redonditos, avec du s\u00e9same et du s\u00e9same sur le dessus. Le classique de No\u00ebl sans sucre.<\/p>\n<p>&#8211;<strong> Bagels au vin sans sucre<\/strong> . Doux qui m\u00e9lange le vin doux avec l&rsquo;intensit\u00e9 des amandes grill\u00e9es, mais sans sucre.<\/p>\n<p><strong>-P\u00e2te feuillet\u00e9e sans sucre. <\/strong><br \/>\n&#8211;<strong> Amande farcie aux amandes non sucr\u00e9es<\/strong> . Gaufrette fine fourr\u00e9e d&rsquo;une d\u00e9licieuse cr\u00e8me \u00e0 base des meilleures amandes sans sucre.<\/p>\n<p><strong>-Boule de noix de coco sans sucre. <\/strong>D\u00e9licieuse boule de noix de coco recouverte d&rsquo;une fine couche de chocolat<br \/>\n&#8211;<strong> Chocolats sans sucre<\/strong> . Fondant au chocolat recouvert de chocolat non sucr\u00e9.<br \/>\n&#8211;<strong> Nougat dur aux amandes<\/strong> . A base d&rsquo;amandes grill\u00e9es sans sucre.<br \/>\n&#8211;<strong> Nougat tendre aux amandes<\/strong> . Bonbon de No\u00ebl classique sans sucre.<br \/>\n<strong>-Nougat au chocolat croustillant. <\/strong>Nougat au chocolat avec des boulettes de riz \u00e0 l&rsquo;int\u00e9rieur, ce qui fait de ce nougat le plus croustillant de tous.<\/p>\n<p><strong>-Nougat au chocolat et aux amandes. <\/strong>Le meilleur m\u00e9lange de chocolat et d&rsquo;amandes grill\u00e9es.<\/p>\n<p>Pourquoi choisir un seul produit quand vous pouvez profiter d&rsquo;une grande vari\u00e9t\u00e9 ? Et maintenant sans sucre pour que vous puissiez profiter de ce No\u00ebl sans soucis !<\/p>\n<h4>Pr\u00e9sentation<\/h4>\n<p>Emball\u00e9 individuellement et pr\u00e9sent\u00e9 dans un \u00e9tui de 550 gr.<\/p>\n","protected":false},"featured_media":2035,"comment_status":"open","ping_status":"closed","template":"","meta":{"_joinchat":[]},"product_brand":[],"product_cat":[886,955],"product_tag":[914,900,899,901,902,915,913,903],"class_list":{"0":"post-7318","1":"product","2":"type-product","3":"status-publish","4":"has-post-thumbnail","6":"product_cat-assortiments","7":"product_cat-caisse-550-assortis-sans-sucre","8":"product_tag-allergene-doeuf","9":"product_tag-allergene-darachide","10":"product_tag-allergene-de-gluten","11":"product_tag-allergene-de-noix","12":"product_tag-allergene-de-sesame","13":"product_tag-allergene-de-soja","14":"product_tag-allergene-du-lait","15":"product_tag-allergene-sulfite","17":"first","18":"instock","19":"taxable","20":"shipping-taxable","21":"purchasable","22":"product-type-simple"},"yoast_head":"<!-- This site is optimized with the Yoast SEO plugin v27.2 - https:\/\/yoast.com\/product\/yoast-seo-wordpress\/ -->\n<title>Etui assorti sans sucre 550 grs. - Dulces La Ponderosa<\/title>\n<meta name=\"description\" content=\"D\u00e9licieux assortiment assorti d&#039;un assortiment sans sucre pr\u00e9sent\u00e9 dans un \u00e9tui de 550 g. La Ponderosa rapporte \u00e0 la maison les meilleurs bonbons de No\u00ebl !\" \/>\n<meta name=\"robots\" content=\"index, follow, max-snippet:-1, max-image-preview:large, max-video-preview:-1\" \/>\n<link rel=\"canonical\" href=\"https:\/\/www.dulces-laponderosa.com\/fr\/acheter-estepa\/etui-assorti-sans-sucre-550-grs\/\" \/>\n<meta property=\"og:locale\" content=\"fr_FR\" \/>\n<meta property=\"og:type\" content=\"article\" \/>\n<meta property=\"og:title\" content=\"Etui assorti sans sucre 550 grs. - Dulces La Ponderosa\" \/>\n<meta property=\"og:description\" content=\"D\u00e9licieux assortiment assorti d&#039;un assortiment sans sucre pr\u00e9sent\u00e9 dans un \u00e9tui de 550 g. La Ponderosa rapporte \u00e0 la maison les meilleurs bonbons de No\u00ebl !\" \/>\n<meta property=\"og:url\" content=\"https:\/\/www.dulces-laponderosa.com\/fr\/acheter-estepa\/etui-assorti-sans-sucre-550-grs\/\" \/>\n<meta property=\"og:site_name\" content=\"Dulces La Ponderosa\" \/>\n<meta property=\"article:modified_time\" content=\"2025-12-28T06:10:12+00:00\" \/>\n<meta property=\"og:image\" content=\"https:\/\/www.dulces-laponderosa.com\/wp-content\/uploads\/2017\/09\/surtido-sin-azucar.jpg\" \/>\n\t<meta property=\"og:image:width\" content=\"800\" \/>\n\t<meta property=\"og:image:height\" content=\"550\" \/>\n\t<meta property=\"og:image:type\" content=\"image\/jpeg\" \/>\n<meta name=\"twitter:card\" content=\"summary_large_image\" \/>\n<meta name=\"twitter:label1\" content=\"Dur\u00e9e de lecture estim\u00e9e\" \/>\n\t<meta name=\"twitter:data1\" content=\"3 minutes\" \/>\n<script type=\"application\/ld+json\" class=\"yoast-schema-graph\">{\"@context\":\"https:\/\/schema.org\",\"@graph\":[{\"@type\":\"WebPage\",\"@id\":\"https:\/\/www.dulces-laponderosa.com\/fr\/acheter-estepa\/etui-assorti-sans-sucre-550-grs\/\",\"url\":\"https:\/\/www.dulces-laponderosa.com\/fr\/acheter-estepa\/etui-assorti-sans-sucre-550-grs\/\",\"name\":\"Etui assorti sans sucre 550 grs. - Dulces La Ponderosa\",\"isPartOf\":{\"@id\":\"https:\/\/www.dulces-laponderosa.com\/fr\/#website\"},\"primaryImageOfPage\":{\"@id\":\"https:\/\/www.dulces-laponderosa.com\/fr\/acheter-estepa\/etui-assorti-sans-sucre-550-grs\/#primaryimage\"},\"image\":{\"@id\":\"https:\/\/www.dulces-laponderosa.com\/fr\/acheter-estepa\/etui-assorti-sans-sucre-550-grs\/#primaryimage\"},\"thumbnailUrl\":\"https:\/\/www.dulces-laponderosa.com\/wp-content\/uploads\/2017\/09\/surtido-sin-azucar.jpg\",\"datePublished\":\"2017-09-06T10:03:53+00:00\",\"dateModified\":\"2025-12-28T06:10:12+00:00\",\"description\":\"D\u00e9licieux assortiment assorti d'un assortiment sans sucre pr\u00e9sent\u00e9 dans un \u00e9tui de 550 g. La Ponderosa rapporte \u00e0 la maison les meilleurs bonbons de No\u00ebl !\",\"breadcrumb\":{\"@id\":\"https:\/\/www.dulces-laponderosa.com\/fr\/acheter-estepa\/etui-assorti-sans-sucre-550-grs\/#breadcrumb\"},\"inLanguage\":\"fr-FR\",\"potentialAction\":[{\"@type\":\"ReadAction\",\"target\":[\"https:\/\/www.dulces-laponderosa.com\/fr\/acheter-estepa\/etui-assorti-sans-sucre-550-grs\/\"]}]},{\"@type\":\"ImageObject\",\"inLanguage\":\"fr-FR\",\"@id\":\"https:\/\/www.dulces-laponderosa.com\/fr\/acheter-estepa\/etui-assorti-sans-sucre-550-grs\/#primaryimage\",\"url\":\"https:\/\/www.dulces-laponderosa.com\/wp-content\/uploads\/2017\/09\/surtido-sin-azucar.jpg\",\"contentUrl\":\"https:\/\/www.dulces-laponderosa.com\/wp-content\/uploads\/2017\/09\/surtido-sin-azucar.jpg\",\"width\":800,\"height\":550,\"caption\":\"\u00e9tui d'assortiment sans sucre\"},{\"@type\":\"BreadcrumbList\",\"@id\":\"https:\/\/www.dulces-laponderosa.com\/fr\/acheter-estepa\/etui-assorti-sans-sucre-550-grs\/#breadcrumb\",\"itemListElement\":[{\"@type\":\"ListItem\",\"position\":1,\"name\":\"Portada\",\"item\":\"https:\/\/www.dulces-laponderosa.com\/fr\/\"},{\"@type\":\"ListItem\",\"position\":2,\"name\":\"Boutique\",\"item\":\"https:\/\/www.dulces-laponderosa.com\/fr\/boutique\/\"},{\"@type\":\"ListItem\",\"position\":3,\"name\":\"Etui assorti sans sucre 550 grs.\"}]},{\"@type\":\"WebSite\",\"@id\":\"https:\/\/www.dulces-laponderosa.com\/fr\/#website\",\"url\":\"https:\/\/www.dulces-laponderosa.com\/fr\/\",\"name\":\"Dulces La Ponderosa\",\"description\":\"Dulces de Navidad desde 1955\",\"potentialAction\":[{\"@type\":\"SearchAction\",\"target\":{\"@type\":\"EntryPoint\",\"urlTemplate\":\"https:\/\/www.dulces-laponderosa.com\/fr\/?s={search_term_string}\"},\"query-input\":{\"@type\":\"PropertyValueSpecification\",\"valueRequired\":true,\"valueName\":\"search_term_string\"}}],\"inLanguage\":\"fr-FR\"}]}<\/script>\n<!-- \/ Yoast SEO plugin. -->","yoast_head_json":{"title":"Etui assorti sans sucre 550 grs. - Dulces La Ponderosa","description":"D\u00e9licieux assortiment assorti d'un assortiment sans sucre pr\u00e9sent\u00e9 dans un \u00e9tui de 550 g. La Ponderosa rapporte \u00e0 la maison les meilleurs bonbons de No\u00ebl !","robots":{"index":"index","follow":"follow","max-snippet":"max-snippet:-1","max-image-preview":"max-image-preview:large","max-video-preview":"max-video-preview:-1"},"canonical":"https:\/\/www.dulces-laponderosa.com\/fr\/acheter-estepa\/etui-assorti-sans-sucre-550-grs\/","og_locale":"fr_FR","og_type":"article","og_title":"Etui assorti sans sucre 550 grs. - Dulces La Ponderosa","og_description":"D\u00e9licieux assortiment assorti d'un assortiment sans sucre pr\u00e9sent\u00e9 dans un \u00e9tui de 550 g. La Ponderosa rapporte \u00e0 la maison les meilleurs bonbons de No\u00ebl !","og_url":"https:\/\/www.dulces-laponderosa.com\/fr\/acheter-estepa\/etui-assorti-sans-sucre-550-grs\/","og_site_name":"Dulces La Ponderosa","article_modified_time":"2025-12-28T06:10:12+00:00","og_image":[{"width":800,"height":550,"url":"https:\/\/www.dulces-laponderosa.com\/wp-content\/uploads\/2017\/09\/surtido-sin-azucar.jpg","type":"image\/jpeg"}],"twitter_card":"summary_large_image","twitter_misc":{"Dur\u00e9e de lecture estim\u00e9e":"3 minutes"},"schema":{"@context":"https:\/\/schema.org","@graph":[{"@type":"WebPage","@id":"https:\/\/www.dulces-laponderosa.com\/fr\/acheter-estepa\/etui-assorti-sans-sucre-550-grs\/","url":"https:\/\/www.dulces-laponderosa.com\/fr\/acheter-estepa\/etui-assorti-sans-sucre-550-grs\/","name":"Etui assorti sans sucre 550 grs. - Dulces La Ponderosa","isPartOf":{"@id":"https:\/\/www.dulces-laponderosa.com\/fr\/#website"},"primaryImageOfPage":{"@id":"https:\/\/www.dulces-laponderosa.com\/fr\/acheter-estepa\/etui-assorti-sans-sucre-550-grs\/#primaryimage"},"image":{"@id":"https:\/\/www.dulces-laponderosa.com\/fr\/acheter-estepa\/etui-assorti-sans-sucre-550-grs\/#primaryimage"},"thumbnailUrl":"https:\/\/www.dulces-laponderosa.com\/wp-content\/uploads\/2017\/09\/surtido-sin-azucar.jpg","datePublished":"2017-09-06T10:03:53+00:00","dateModified":"2025-12-28T06:10:12+00:00","description":"D\u00e9licieux assortiment assorti d'un assortiment sans sucre pr\u00e9sent\u00e9 dans un \u00e9tui de 550 g. La Ponderosa rapporte \u00e0 la maison les meilleurs bonbons de No\u00ebl !","breadcrumb":{"@id":"https:\/\/www.dulces-laponderosa.com\/fr\/acheter-estepa\/etui-assorti-sans-sucre-550-grs\/#breadcrumb"},"inLanguage":"fr-FR","potentialAction":[{"@type":"ReadAction","target":["https:\/\/www.dulces-laponderosa.com\/fr\/acheter-estepa\/etui-assorti-sans-sucre-550-grs\/"]}]},{"@type":"ImageObject","inLanguage":"fr-FR","@id":"https:\/\/www.dulces-laponderosa.com\/fr\/acheter-estepa\/etui-assorti-sans-sucre-550-grs\/#primaryimage","url":"https:\/\/www.dulces-laponderosa.com\/wp-content\/uploads\/2017\/09\/surtido-sin-azucar.jpg","contentUrl":"https:\/\/www.dulces-laponderosa.com\/wp-content\/uploads\/2017\/09\/surtido-sin-azucar.jpg","width":800,"height":550,"caption":"\u00e9tui d'assortiment sans sucre"},{"@type":"BreadcrumbList","@id":"https:\/\/www.dulces-laponderosa.com\/fr\/acheter-estepa\/etui-assorti-sans-sucre-550-grs\/#breadcrumb","itemListElement":[{"@type":"ListItem","position":1,"name":"Portada","item":"https:\/\/www.dulces-laponderosa.com\/fr\/"},{"@type":"ListItem","position":2,"name":"Boutique","item":"https:\/\/www.dulces-laponderosa.com\/fr\/boutique\/"},{"@type":"ListItem","position":3,"name":"Etui assorti sans sucre 550 grs."}]},{"@type":"WebSite","@id":"https:\/\/www.dulces-laponderosa.com\/fr\/#website","url":"https:\/\/www.dulces-laponderosa.com\/fr\/","name":"Dulces La Ponderosa","description":"Dulces de Navidad desde 1955","potentialAction":[{"@type":"SearchAction","target":{"@type":"EntryPoint","urlTemplate":"https:\/\/www.dulces-laponderosa.com\/fr\/?s={search_term_string}"},"query-input":{"@type":"PropertyValueSpecification","valueRequired":true,"valueName":"search_term_string"}}],"inLanguage":"fr-FR"}]}},"_links":{"self":[{"href":"https:\/\/www.dulces-laponderosa.com\/fr\/wp-json\/wp\/v2\/product\/7318","targetHints":{"allow":["GET"]}}],"collection":[{"href":"https:\/\/www.dulces-laponderosa.com\/fr\/wp-json\/wp\/v2\/product"}],"about":[{"href":"https:\/\/www.dulces-laponderosa.com\/fr\/wp-json\/wp\/v2\/types\/product"}],"replies":[{"embeddable":true,"href":"https:\/\/www.dulces-laponderosa.com\/fr\/wp-json\/wp\/v2\/comments?post=7318"}],"wp:featuredmedia":[{"embeddable":true,"href":"https:\/\/www.dulces-laponderosa.com\/fr\/wp-json\/wp\/v2\/media\/2035"}],"wp:attachment":[{"href":"https:\/\/www.dulces-laponderosa.com\/fr\/wp-json\/wp\/v2\/media?parent=7318"}],"wp:term":[{"taxonomy":"product_brand","embeddable":true,"href":"https:\/\/www.dulces-laponderosa.com\/fr\/wp-json\/wp\/v2\/product_brand?post=7318"},{"taxonomy":"product_cat","embeddable":true,"href":"https:\/\/www.dulces-laponderosa.com\/fr\/wp-json\/wp\/v2\/product_cat?post=7318"},{"taxonomy":"product_tag","embeddable":true,"href":"https:\/\/www.dulces-laponderosa.com\/fr\/wp-json\/wp\/v2\/product_tag?post=7318"}],"curies":[{"name":"wp","href":"https:\/\/api.w.org\/{rel}","templated":true}]}}