{"id":7324,"date":"2017-09-06T09:42:22","date_gmt":"2017-09-06T07:42:22","guid":{"rendered":"https:\/\/www.dulces-laponderosa.com\/producto\/nougat-croustillant-au-chocolat-sans-sucre-sachet-500-grs\/"},"modified":"2025-12-05T11:13:53","modified_gmt":"2025-12-05T10:13:53","slug":"nougat-croustillant-au-chocolat-sans-sucre-sachet-500-grs","status":"publish","type":"product","link":"https:\/\/www.dulces-laponderosa.com\/fr\/acheter-estepa\/nougat-croustillant-au-chocolat-sans-sucre-sachet-500-grs\/","title":{"rendered":"Nougat croustillant au chocolat sans sucre Sachet 500 grs."},"content":{"rendered":"<section class=\"l-section wpb_row height_custom\"><div class=\"l-section-h i-cf\"><div class=\"g-cols vc_row via_flex valign_top type_default stacking_default\"><div class=\"vc_col-sm-12 wpb_column vc_column_container\"><div class=\"vc_column-inner\"><div class=\"wpb_wrapper\"><div class=\"wpb_text_column\"><div class=\"wpb_wrapper\"><h4>Ingr\u00e9dients<\/h4>\n<p>Garniture sp\u00e9ciale \u00e0 la graisse v\u00e9g\u00e9tale (\u00e9dulcorant (maltitol : E-965i), graisse v\u00e9g\u00e9tale totalement hydrog\u00e9n\u00e9e (palmiste), cacao en poudre d\u00e9graiss\u00e9,<strong> Le Lait<\/strong> poudre \u00e9cr\u00e9m\u00e9e,<strong> petit lait<\/strong> poudre, \u00e9mulsifiants (E-322, E-492) et ar\u00f4me) et riz souffl\u00e9 (farine de riz,<strong> bl\u00e9,<\/strong> sucre, extrait de malt d&rsquo;orge et sel). Teneur maximale en sucre 2%. <strong>Peut contenir des traces de fruits \u00e0 coque, \u0153ufs, arachides, soja, s\u00e9same et sulfites.<\/strong><\/p>\n<h4>Allerg\u00e8nes<\/h4>\n<p>Contient du lait et ses d\u00e9riv\u00e9s (dont le lactose) et du gluten. Peut contenir des traces de fruits \u00e0 coque, \u0153ufs, arachides, soja, s\u00e9same et sulfites.<\/p>\n<h4>Tableau nutritionnel<\/h4>\n<\/div><\/div><\/div><\/div><\/div><\/div><\/div><\/section>\n","protected":false},"excerpt":{"rendered":"<h4>La description<\/h4>\n<p>Pour les amateurs de chocolat, Dulces La Ponderosa propose notre nougat croustillant au chocolat. Avec un enrobage de chocolat au lait \u00e0 l&rsquo;int\u00e9rieur, il abrite de petites c\u00e9r\u00e9ales de riz grill\u00e9es au chocolat qui sont une explosion de saveur.<\/p>\n<h4>Pr\u00e9sentation<\/h4>\n<p>Emball\u00e9 individuellement et pr\u00e9sent\u00e9 dans un sachet de 500g.<\/p>\n","protected":false},"featured_media":1984,"comment_status":"open","ping_status":"closed","template":"","meta":{"_joinchat":[]},"product_brand":[],"product_cat":[958,963],"product_tag":[914,900,901,902,915,913,903],"class_list":{"0":"post-7324","1":"product","2":"type-product","3":"status-publish","4":"has-post-thumbnail","6":"product_cat-nougat-fr","7":"product_cat-nougat-croustillant-au-chocolat-sans-sucre","8":"product_tag-allergene-doeuf","9":"product_tag-allergene-darachide","10":"product_tag-allergene-de-noix","11":"product_tag-allergene-de-sesame","12":"product_tag-allergene-de-soja","13":"product_tag-allergene-du-lait","14":"product_tag-allergene-sulfite","16":"first","17":"instock","18":"taxable","19":"shipping-taxable","20":"purchasable","21":"product-type-simple"},"yoast_head":"<!-- This site is optimized with the Yoast SEO plugin v27.2 - https:\/\/yoast.com\/product\/yoast-seo-wordpress\/ -->\n<title>Nougat croustillant au chocolat sans sucre Sachet 500 grs. - Dulces La Ponderosa<\/title>\n<meta name=\"description\" content=\"D\u00e9licieux nougat croustillant au chocolat sans sucre pr\u00e9sent\u00e9 en sachet de 500 g. La Ponderosa rapporte \u00e0 la maison les meilleurs bonbons de No\u00ebl !\" \/>\n<meta name=\"robots\" content=\"index, follow, max-snippet:-1, max-image-preview:large, max-video-preview:-1\" \/>\n<link rel=\"canonical\" href=\"https:\/\/www.dulces-laponderosa.com\/fr\/acheter-estepa\/nougat-croustillant-au-chocolat-sans-sucre-sachet-500-grs\/\" \/>\n<meta property=\"og:locale\" content=\"fr_FR\" \/>\n<meta property=\"og:type\" content=\"article\" \/>\n<meta property=\"og:title\" content=\"Nougat croustillant au chocolat sans sucre Sachet 500 grs. - Dulces La Ponderosa\" \/>\n<meta property=\"og:description\" content=\"D\u00e9licieux nougat croustillant au chocolat sans sucre pr\u00e9sent\u00e9 en sachet de 500 g. La Ponderosa rapporte \u00e0 la maison les meilleurs bonbons de No\u00ebl !\" \/>\n<meta property=\"og:url\" content=\"https:\/\/www.dulces-laponderosa.com\/fr\/acheter-estepa\/nougat-croustillant-au-chocolat-sans-sucre-sachet-500-grs\/\" \/>\n<meta property=\"og:site_name\" content=\"Dulces La Ponderosa\" \/>\n<meta property=\"article:modified_time\" content=\"2025-12-05T10:13:53+00:00\" \/>\n<meta property=\"og:image\" content=\"https:\/\/www.dulces-laponderosa.com\/wp-content\/uploads\/2017\/09\/urron_crujiente2.jpg\" \/>\n\t<meta property=\"og:image:width\" content=\"800\" \/>\n\t<meta property=\"og:image:height\" content=\"642\" \/>\n\t<meta property=\"og:image:type\" content=\"image\/jpeg\" \/>\n<meta name=\"twitter:card\" content=\"summary_large_image\" \/>\n<meta name=\"twitter:label1\" content=\"Dur\u00e9e de lecture estim\u00e9e\" \/>\n\t<meta name=\"twitter:data1\" content=\"1 minute\" \/>\n<script type=\"application\/ld+json\" class=\"yoast-schema-graph\">{\"@context\":\"https:\/\/schema.org\",\"@graph\":[{\"@type\":\"WebPage\",\"@id\":\"https:\/\/www.dulces-laponderosa.com\/fr\/acheter-estepa\/nougat-croustillant-au-chocolat-sans-sucre-sachet-500-grs\/\",\"url\":\"https:\/\/www.dulces-laponderosa.com\/fr\/acheter-estepa\/nougat-croustillant-au-chocolat-sans-sucre-sachet-500-grs\/\",\"name\":\"Nougat croustillant au chocolat sans sucre Sachet 500 grs. - Dulces La Ponderosa\",\"isPartOf\":{\"@id\":\"https:\/\/www.dulces-laponderosa.com\/fr\/#website\"},\"primaryImageOfPage\":{\"@id\":\"https:\/\/www.dulces-laponderosa.com\/fr\/acheter-estepa\/nougat-croustillant-au-chocolat-sans-sucre-sachet-500-grs\/#primaryimage\"},\"image\":{\"@id\":\"https:\/\/www.dulces-laponderosa.com\/fr\/acheter-estepa\/nougat-croustillant-au-chocolat-sans-sucre-sachet-500-grs\/#primaryimage\"},\"thumbnailUrl\":\"https:\/\/www.dulces-laponderosa.com\/wp-content\/uploads\/2017\/09\/urron_crujiente2.jpg\",\"datePublished\":\"2017-09-06T07:42:22+00:00\",\"dateModified\":\"2025-12-05T10:13:53+00:00\",\"description\":\"D\u00e9licieux nougat croustillant au chocolat sans sucre pr\u00e9sent\u00e9 en sachet de 500 g. La Ponderosa rapporte \u00e0 la maison les meilleurs bonbons de No\u00ebl !\",\"breadcrumb\":{\"@id\":\"https:\/\/www.dulces-laponderosa.com\/fr\/acheter-estepa\/nougat-croustillant-au-chocolat-sans-sucre-sachet-500-grs\/#breadcrumb\"},\"inLanguage\":\"fr-FR\",\"potentialAction\":[{\"@type\":\"ReadAction\",\"target\":[\"https:\/\/www.dulces-laponderosa.com\/fr\/acheter-estepa\/nougat-croustillant-au-chocolat-sans-sucre-sachet-500-grs\/\"]}]},{\"@type\":\"ImageObject\",\"inLanguage\":\"fr-FR\",\"@id\":\"https:\/\/www.dulces-laponderosa.com\/fr\/acheter-estepa\/nougat-croustillant-au-chocolat-sans-sucre-sachet-500-grs\/#primaryimage\",\"url\":\"https:\/\/www.dulces-laponderosa.com\/wp-content\/uploads\/2017\/09\/urron_crujiente2.jpg\",\"contentUrl\":\"https:\/\/www.dulces-laponderosa.com\/wp-content\/uploads\/2017\/09\/urron_crujiente2.jpg\",\"width\":800,\"height\":642},{\"@type\":\"BreadcrumbList\",\"@id\":\"https:\/\/www.dulces-laponderosa.com\/fr\/acheter-estepa\/nougat-croustillant-au-chocolat-sans-sucre-sachet-500-grs\/#breadcrumb\",\"itemListElement\":[{\"@type\":\"ListItem\",\"position\":1,\"name\":\"Portada\",\"item\":\"https:\/\/www.dulces-laponderosa.com\/fr\/\"},{\"@type\":\"ListItem\",\"position\":2,\"name\":\"Boutique\",\"item\":\"https:\/\/www.dulces-laponderosa.com\/fr\/boutique\/\"},{\"@type\":\"ListItem\",\"position\":3,\"name\":\"Nougat croustillant au chocolat sans sucre Sachet 500 grs.\"}]},{\"@type\":\"WebSite\",\"@id\":\"https:\/\/www.dulces-laponderosa.com\/fr\/#website\",\"url\":\"https:\/\/www.dulces-laponderosa.com\/fr\/\",\"name\":\"Dulces La Ponderosa\",\"description\":\"Dulces de Navidad desde 1955\",\"potentialAction\":[{\"@type\":\"SearchAction\",\"target\":{\"@type\":\"EntryPoint\",\"urlTemplate\":\"https:\/\/www.dulces-laponderosa.com\/fr\/?s={search_term_string}\"},\"query-input\":{\"@type\":\"PropertyValueSpecification\",\"valueRequired\":true,\"valueName\":\"search_term_string\"}}],\"inLanguage\":\"fr-FR\"}]}<\/script>\n<!-- \/ Yoast SEO plugin. -->","yoast_head_json":{"title":"Nougat croustillant au chocolat sans sucre Sachet 500 grs. - Dulces La Ponderosa","description":"D\u00e9licieux nougat croustillant au chocolat sans sucre pr\u00e9sent\u00e9 en sachet de 500 g. La Ponderosa rapporte \u00e0 la maison les meilleurs bonbons de No\u00ebl !","robots":{"index":"index","follow":"follow","max-snippet":"max-snippet:-1","max-image-preview":"max-image-preview:large","max-video-preview":"max-video-preview:-1"},"canonical":"https:\/\/www.dulces-laponderosa.com\/fr\/acheter-estepa\/nougat-croustillant-au-chocolat-sans-sucre-sachet-500-grs\/","og_locale":"fr_FR","og_type":"article","og_title":"Nougat croustillant au chocolat sans sucre Sachet 500 grs. - Dulces La Ponderosa","og_description":"D\u00e9licieux nougat croustillant au chocolat sans sucre pr\u00e9sent\u00e9 en sachet de 500 g. La Ponderosa rapporte \u00e0 la maison les meilleurs bonbons de No\u00ebl !","og_url":"https:\/\/www.dulces-laponderosa.com\/fr\/acheter-estepa\/nougat-croustillant-au-chocolat-sans-sucre-sachet-500-grs\/","og_site_name":"Dulces La Ponderosa","article_modified_time":"2025-12-05T10:13:53+00:00","og_image":[{"width":800,"height":642,"url":"https:\/\/www.dulces-laponderosa.com\/wp-content\/uploads\/2017\/09\/urron_crujiente2.jpg","type":"image\/jpeg"}],"twitter_card":"summary_large_image","twitter_misc":{"Dur\u00e9e de lecture estim\u00e9e":"1 minute"},"schema":{"@context":"https:\/\/schema.org","@graph":[{"@type":"WebPage","@id":"https:\/\/www.dulces-laponderosa.com\/fr\/acheter-estepa\/nougat-croustillant-au-chocolat-sans-sucre-sachet-500-grs\/","url":"https:\/\/www.dulces-laponderosa.com\/fr\/acheter-estepa\/nougat-croustillant-au-chocolat-sans-sucre-sachet-500-grs\/","name":"Nougat croustillant au chocolat sans sucre Sachet 500 grs. - Dulces La Ponderosa","isPartOf":{"@id":"https:\/\/www.dulces-laponderosa.com\/fr\/#website"},"primaryImageOfPage":{"@id":"https:\/\/www.dulces-laponderosa.com\/fr\/acheter-estepa\/nougat-croustillant-au-chocolat-sans-sucre-sachet-500-grs\/#primaryimage"},"image":{"@id":"https:\/\/www.dulces-laponderosa.com\/fr\/acheter-estepa\/nougat-croustillant-au-chocolat-sans-sucre-sachet-500-grs\/#primaryimage"},"thumbnailUrl":"https:\/\/www.dulces-laponderosa.com\/wp-content\/uploads\/2017\/09\/urron_crujiente2.jpg","datePublished":"2017-09-06T07:42:22+00:00","dateModified":"2025-12-05T10:13:53+00:00","description":"D\u00e9licieux nougat croustillant au chocolat sans sucre pr\u00e9sent\u00e9 en sachet de 500 g. La Ponderosa rapporte \u00e0 la maison les meilleurs bonbons de No\u00ebl !","breadcrumb":{"@id":"https:\/\/www.dulces-laponderosa.com\/fr\/acheter-estepa\/nougat-croustillant-au-chocolat-sans-sucre-sachet-500-grs\/#breadcrumb"},"inLanguage":"fr-FR","potentialAction":[{"@type":"ReadAction","target":["https:\/\/www.dulces-laponderosa.com\/fr\/acheter-estepa\/nougat-croustillant-au-chocolat-sans-sucre-sachet-500-grs\/"]}]},{"@type":"ImageObject","inLanguage":"fr-FR","@id":"https:\/\/www.dulces-laponderosa.com\/fr\/acheter-estepa\/nougat-croustillant-au-chocolat-sans-sucre-sachet-500-grs\/#primaryimage","url":"https:\/\/www.dulces-laponderosa.com\/wp-content\/uploads\/2017\/09\/urron_crujiente2.jpg","contentUrl":"https:\/\/www.dulces-laponderosa.com\/wp-content\/uploads\/2017\/09\/urron_crujiente2.jpg","width":800,"height":642},{"@type":"BreadcrumbList","@id":"https:\/\/www.dulces-laponderosa.com\/fr\/acheter-estepa\/nougat-croustillant-au-chocolat-sans-sucre-sachet-500-grs\/#breadcrumb","itemListElement":[{"@type":"ListItem","position":1,"name":"Portada","item":"https:\/\/www.dulces-laponderosa.com\/fr\/"},{"@type":"ListItem","position":2,"name":"Boutique","item":"https:\/\/www.dulces-laponderosa.com\/fr\/boutique\/"},{"@type":"ListItem","position":3,"name":"Nougat croustillant au chocolat sans sucre Sachet 500 grs."}]},{"@type":"WebSite","@id":"https:\/\/www.dulces-laponderosa.com\/fr\/#website","url":"https:\/\/www.dulces-laponderosa.com\/fr\/","name":"Dulces La Ponderosa","description":"Dulces de Navidad desde 1955","potentialAction":[{"@type":"SearchAction","target":{"@type":"EntryPoint","urlTemplate":"https:\/\/www.dulces-laponderosa.com\/fr\/?s={search_term_string}"},"query-input":{"@type":"PropertyValueSpecification","valueRequired":true,"valueName":"search_term_string"}}],"inLanguage":"fr-FR"}]}},"_links":{"self":[{"href":"https:\/\/www.dulces-laponderosa.com\/fr\/wp-json\/wp\/v2\/product\/7324","targetHints":{"allow":["GET"]}}],"collection":[{"href":"https:\/\/www.dulces-laponderosa.com\/fr\/wp-json\/wp\/v2\/product"}],"about":[{"href":"https:\/\/www.dulces-laponderosa.com\/fr\/wp-json\/wp\/v2\/types\/product"}],"replies":[{"embeddable":true,"href":"https:\/\/www.dulces-laponderosa.com\/fr\/wp-json\/wp\/v2\/comments?post=7324"}],"wp:featuredmedia":[{"embeddable":true,"href":"https:\/\/www.dulces-laponderosa.com\/fr\/wp-json\/wp\/v2\/media\/1984"}],"wp:attachment":[{"href":"https:\/\/www.dulces-laponderosa.com\/fr\/wp-json\/wp\/v2\/media?parent=7324"}],"wp:term":[{"taxonomy":"product_brand","embeddable":true,"href":"https:\/\/www.dulces-laponderosa.com\/fr\/wp-json\/wp\/v2\/product_brand?post=7324"},{"taxonomy":"product_cat","embeddable":true,"href":"https:\/\/www.dulces-laponderosa.com\/fr\/wp-json\/wp\/v2\/product_cat?post=7324"},{"taxonomy":"product_tag","embeddable":true,"href":"https:\/\/www.dulces-laponderosa.com\/fr\/wp-json\/wp\/v2\/product_tag?post=7324"}],"curies":[{"name":"wp","href":"https:\/\/api.w.org\/{rel}","templated":true}]}}