{"id":7349,"date":"2017-09-05T14:30:49","date_gmt":"2017-09-05T12:30:49","guid":{"rendered":"https:\/\/www.dulces-laponderosa.com\/producto\/assortiment-sans-sucre-sachet-300-grs\/"},"modified":"2026-01-02T12:29:25","modified_gmt":"2026-01-02T11:29:25","slug":"assortiment-sans-sucre-sachet-300-grs","status":"publish","type":"product","link":"https:\/\/www.dulces-laponderosa.com\/fr\/acheter-estepa\/assortiment-sans-sucre-sachet-300-grs\/","title":{"rendered":"Assortiment sans sucre Sachet 300 grs."},"content":{"rendered":"<section class=\"l-section wpb_row height_custom\"><div class=\"l-section-h i-cf\"><div class=\"g-cols vc_row via_flex valign_top type_default stacking_default\"><div class=\"vc_col-sm-12 wpb_column vc_column_container\"><div class=\"vc_column-inner\"><div class=\"wpb_wrapper\"><div class=\"wpb_text_column\"><div class=\"wpb_wrapper\"><h4>Ingr\u00e9dients, allerg\u00e8nes et tableau nutritionnel<\/h4>\n<p>Si vous avez une intol\u00e9rance quelconque, d\u00e9couvrez les informations sur les ingr\u00e9dients, les allerg\u00e8nes et le tableau nutritionnel des produits contenus dans l&rsquo;assortiment sans sucre sachet 300g :<a href=\"https:\/\/www.dulces-laponderosa.com\/producto\/hojaldradas-sin-azucar-bolsa-500-grs\/\"> P\u00e2te feuillet\u00e9e<\/a> .<a href=\"https:\/\/www.dulces-laponderosa.com\/producto\/mantecados-sin-azucar-bolsa-500-grs\/\"> Mantecado maison<\/a> ,<a href=\"https:\/\/www.dulces-laponderosa.com\/producto\/roscos-sin-azucar-bolsa-500-grs\/\"> Rosco de vin<\/a> ,<a href=\"https:\/\/www.dulces-laponderosa.com\/producto\/polvorones-sin-azucar-bolsa-500-grs\/\"> Polvoron aux amandes<\/a> Oui<strong> Sans sucre<\/strong><\/p>\n<p>Contient du gluten, des noix, du s\u00e9same et des sulfites. Peut contenir des traces de fruits \u00e0 coque, arachides, \u0153ufs, lait et leurs d\u00e9riv\u00e9s (dont lactose).<\/p>\n<\/div><\/div><\/div><\/div><\/div><\/div><\/div><\/section>\n","protected":false},"excerpt":{"rendered":"<h4>La description<\/h4>\n<p>Comme il ne pouvait pas manquer \u00e0 Dulces La Ponderosa, nous avons cr\u00e9\u00e9 un assortiment sans sucre avec notre meilleure s\u00e9lection de produits afin que tout le monde puisse profiter de la qualit\u00e9 et de la saveur des bonbons Dulces La Ponderosa ce No\u00ebl. Parmi les produits que vous pouvez trouver dans cet assortiment sont :<\/p>\n<p><strong>-Rosco de Vino<br \/>\n&#8211; P\u00e2te feuillet\u00e9e<br \/>\n-Beurre fait maison<br \/>\n-Poudre d&rsquo;amande<\/strong><\/p>\n<h4>Pr\u00e9sentation<\/h4>\n<p>Tous les produits sont emball\u00e9s individuellement et pr\u00e9sent\u00e9s dans un sachet de 300g<\/p>\n","protected":false},"featured_media":623,"comment_status":"open","ping_status":"closed","template":"","meta":{"_joinchat":[]},"product_brand":[],"product_cat":[991],"product_tag":[914,900,899,901,902,915,913,903],"class_list":{"0":"post-7349","1":"product","2":"type-product","3":"status-publish","4":"has-post-thumbnail","6":"product_cat-assortiment-sans-sucre","7":"product_tag-allergene-doeuf","8":"product_tag-allergene-darachide","9":"product_tag-allergene-de-gluten","10":"product_tag-allergene-de-noix","11":"product_tag-allergene-de-sesame","12":"product_tag-allergene-de-soja","13":"product_tag-allergene-du-lait","14":"product_tag-allergene-sulfite","16":"first","17":"instock","18":"taxable","19":"shipping-taxable","20":"purchasable","21":"product-type-simple"},"yoast_head":"<!-- This site is optimized with the Yoast SEO plugin v27.2 - https:\/\/yoast.com\/product\/yoast-seo-wordpress\/ -->\n<title>Assortiment sans sucre Sachet 300 grs. - Dulces La Ponderosa<\/title>\n<meta name=\"description\" content=\"Assortiment exquis de bonbons de No\u00ebl sans sucre pr\u00e9sent\u00e9s dans un sachet de 300 g. La Ponderosa rapporte \u00e0 la maison les meilleurs bonbons de No\u00ebl !\" \/>\n<meta name=\"robots\" content=\"index, follow, max-snippet:-1, max-image-preview:large, max-video-preview:-1\" \/>\n<link rel=\"canonical\" href=\"https:\/\/www.dulces-laponderosa.com\/fr\/acheter-estepa\/assortiment-sans-sucre-sachet-300-grs\/\" \/>\n<meta property=\"og:locale\" content=\"fr_FR\" \/>\n<meta property=\"og:type\" content=\"article\" \/>\n<meta property=\"og:title\" content=\"Assortiment sans sucre Sachet 300 grs. - Dulces La Ponderosa\" \/>\n<meta property=\"og:description\" content=\"Assortiment exquis de bonbons de No\u00ebl sans sucre pr\u00e9sent\u00e9s dans un sachet de 300 g. La Ponderosa rapporte \u00e0 la maison les meilleurs bonbons de No\u00ebl !\" \/>\n<meta property=\"og:url\" content=\"https:\/\/www.dulces-laponderosa.com\/fr\/acheter-estepa\/assortiment-sans-sucre-sachet-300-grs\/\" \/>\n<meta property=\"og:site_name\" content=\"Dulces La Ponderosa\" \/>\n<meta property=\"article:modified_time\" content=\"2026-01-02T11:29:25+00:00\" \/>\n<meta property=\"og:image\" content=\"https:\/\/www.dulces-laponderosa.com\/wp-content\/uploads\/2017\/03\/surtido-sin-azucar-e1494316654661.jpg\" \/>\n\t<meta property=\"og:image:width\" content=\"200\" \/>\n\t<meta property=\"og:image:height\" content=\"200\" \/>\n\t<meta property=\"og:image:type\" content=\"image\/jpeg\" \/>\n<meta name=\"twitter:card\" content=\"summary_large_image\" \/>\n<script type=\"application\/ld+json\" class=\"yoast-schema-graph\">{\"@context\":\"https:\/\/schema.org\",\"@graph\":[{\"@type\":\"WebPage\",\"@id\":\"https:\/\/www.dulces-laponderosa.com\/fr\/acheter-estepa\/assortiment-sans-sucre-sachet-300-grs\/\",\"url\":\"https:\/\/www.dulces-laponderosa.com\/fr\/acheter-estepa\/assortiment-sans-sucre-sachet-300-grs\/\",\"name\":\"Assortiment sans sucre Sachet 300 grs. - Dulces La Ponderosa\",\"isPartOf\":{\"@id\":\"https:\/\/www.dulces-laponderosa.com\/fr\/#website\"},\"primaryImageOfPage\":{\"@id\":\"https:\/\/www.dulces-laponderosa.com\/fr\/acheter-estepa\/assortiment-sans-sucre-sachet-300-grs\/#primaryimage\"},\"image\":{\"@id\":\"https:\/\/www.dulces-laponderosa.com\/fr\/acheter-estepa\/assortiment-sans-sucre-sachet-300-grs\/#primaryimage\"},\"thumbnailUrl\":\"https:\/\/www.dulces-laponderosa.com\/wp-content\/uploads\/2017\/03\/surtido-sin-azucar-e1494316654661.jpg\",\"datePublished\":\"2017-09-05T12:30:49+00:00\",\"dateModified\":\"2026-01-02T11:29:25+00:00\",\"description\":\"Assortiment exquis de bonbons de No\u00ebl sans sucre pr\u00e9sent\u00e9s dans un sachet de 300 g. La Ponderosa rapporte \u00e0 la maison les meilleurs bonbons de No\u00ebl !\",\"breadcrumb\":{\"@id\":\"https:\/\/www.dulces-laponderosa.com\/fr\/acheter-estepa\/assortiment-sans-sucre-sachet-300-grs\/#breadcrumb\"},\"inLanguage\":\"fr-FR\",\"potentialAction\":[{\"@type\":\"ReadAction\",\"target\":[\"https:\/\/www.dulces-laponderosa.com\/fr\/acheter-estepa\/assortiment-sans-sucre-sachet-300-grs\/\"]}]},{\"@type\":\"ImageObject\",\"inLanguage\":\"fr-FR\",\"@id\":\"https:\/\/www.dulces-laponderosa.com\/fr\/acheter-estepa\/assortiment-sans-sucre-sachet-300-grs\/#primaryimage\",\"url\":\"https:\/\/www.dulces-laponderosa.com\/wp-content\/uploads\/2017\/03\/surtido-sin-azucar-e1494316654661.jpg\",\"contentUrl\":\"https:\/\/www.dulces-laponderosa.com\/wp-content\/uploads\/2017\/03\/surtido-sin-azucar-e1494316654661.jpg\",\"width\":200,\"height\":200},{\"@type\":\"BreadcrumbList\",\"@id\":\"https:\/\/www.dulces-laponderosa.com\/fr\/acheter-estepa\/assortiment-sans-sucre-sachet-300-grs\/#breadcrumb\",\"itemListElement\":[{\"@type\":\"ListItem\",\"position\":1,\"name\":\"Portada\",\"item\":\"https:\/\/www.dulces-laponderosa.com\/fr\/\"},{\"@type\":\"ListItem\",\"position\":2,\"name\":\"Boutique\",\"item\":\"https:\/\/www.dulces-laponderosa.com\/fr\/boutique\/\"},{\"@type\":\"ListItem\",\"position\":3,\"name\":\"Assortiment sans sucre Sachet 300 grs.\"}]},{\"@type\":\"WebSite\",\"@id\":\"https:\/\/www.dulces-laponderosa.com\/fr\/#website\",\"url\":\"https:\/\/www.dulces-laponderosa.com\/fr\/\",\"name\":\"Dulces La Ponderosa\",\"description\":\"Dulces de Navidad desde 1955\",\"potentialAction\":[{\"@type\":\"SearchAction\",\"target\":{\"@type\":\"EntryPoint\",\"urlTemplate\":\"https:\/\/www.dulces-laponderosa.com\/fr\/?s={search_term_string}\"},\"query-input\":{\"@type\":\"PropertyValueSpecification\",\"valueRequired\":true,\"valueName\":\"search_term_string\"}}],\"inLanguage\":\"fr-FR\"}]}<\/script>\n<!-- \/ Yoast SEO plugin. -->","yoast_head_json":{"title":"Assortiment sans sucre Sachet 300 grs. - Dulces La Ponderosa","description":"Assortiment exquis de bonbons de No\u00ebl sans sucre pr\u00e9sent\u00e9s dans un sachet de 300 g. La Ponderosa rapporte \u00e0 la maison les meilleurs bonbons de No\u00ebl !","robots":{"index":"index","follow":"follow","max-snippet":"max-snippet:-1","max-image-preview":"max-image-preview:large","max-video-preview":"max-video-preview:-1"},"canonical":"https:\/\/www.dulces-laponderosa.com\/fr\/acheter-estepa\/assortiment-sans-sucre-sachet-300-grs\/","og_locale":"fr_FR","og_type":"article","og_title":"Assortiment sans sucre Sachet 300 grs. - Dulces La Ponderosa","og_description":"Assortiment exquis de bonbons de No\u00ebl sans sucre pr\u00e9sent\u00e9s dans un sachet de 300 g. La Ponderosa rapporte \u00e0 la maison les meilleurs bonbons de No\u00ebl !","og_url":"https:\/\/www.dulces-laponderosa.com\/fr\/acheter-estepa\/assortiment-sans-sucre-sachet-300-grs\/","og_site_name":"Dulces La Ponderosa","article_modified_time":"2026-01-02T11:29:25+00:00","og_image":[{"width":200,"height":200,"url":"https:\/\/www.dulces-laponderosa.com\/wp-content\/uploads\/2017\/03\/surtido-sin-azucar-e1494316654661.jpg","type":"image\/jpeg"}],"twitter_card":"summary_large_image","schema":{"@context":"https:\/\/schema.org","@graph":[{"@type":"WebPage","@id":"https:\/\/www.dulces-laponderosa.com\/fr\/acheter-estepa\/assortiment-sans-sucre-sachet-300-grs\/","url":"https:\/\/www.dulces-laponderosa.com\/fr\/acheter-estepa\/assortiment-sans-sucre-sachet-300-grs\/","name":"Assortiment sans sucre Sachet 300 grs. - Dulces La Ponderosa","isPartOf":{"@id":"https:\/\/www.dulces-laponderosa.com\/fr\/#website"},"primaryImageOfPage":{"@id":"https:\/\/www.dulces-laponderosa.com\/fr\/acheter-estepa\/assortiment-sans-sucre-sachet-300-grs\/#primaryimage"},"image":{"@id":"https:\/\/www.dulces-laponderosa.com\/fr\/acheter-estepa\/assortiment-sans-sucre-sachet-300-grs\/#primaryimage"},"thumbnailUrl":"https:\/\/www.dulces-laponderosa.com\/wp-content\/uploads\/2017\/03\/surtido-sin-azucar-e1494316654661.jpg","datePublished":"2017-09-05T12:30:49+00:00","dateModified":"2026-01-02T11:29:25+00:00","description":"Assortiment exquis de bonbons de No\u00ebl sans sucre pr\u00e9sent\u00e9s dans un sachet de 300 g. La Ponderosa rapporte \u00e0 la maison les meilleurs bonbons de No\u00ebl !","breadcrumb":{"@id":"https:\/\/www.dulces-laponderosa.com\/fr\/acheter-estepa\/assortiment-sans-sucre-sachet-300-grs\/#breadcrumb"},"inLanguage":"fr-FR","potentialAction":[{"@type":"ReadAction","target":["https:\/\/www.dulces-laponderosa.com\/fr\/acheter-estepa\/assortiment-sans-sucre-sachet-300-grs\/"]}]},{"@type":"ImageObject","inLanguage":"fr-FR","@id":"https:\/\/www.dulces-laponderosa.com\/fr\/acheter-estepa\/assortiment-sans-sucre-sachet-300-grs\/#primaryimage","url":"https:\/\/www.dulces-laponderosa.com\/wp-content\/uploads\/2017\/03\/surtido-sin-azucar-e1494316654661.jpg","contentUrl":"https:\/\/www.dulces-laponderosa.com\/wp-content\/uploads\/2017\/03\/surtido-sin-azucar-e1494316654661.jpg","width":200,"height":200},{"@type":"BreadcrumbList","@id":"https:\/\/www.dulces-laponderosa.com\/fr\/acheter-estepa\/assortiment-sans-sucre-sachet-300-grs\/#breadcrumb","itemListElement":[{"@type":"ListItem","position":1,"name":"Portada","item":"https:\/\/www.dulces-laponderosa.com\/fr\/"},{"@type":"ListItem","position":2,"name":"Boutique","item":"https:\/\/www.dulces-laponderosa.com\/fr\/boutique\/"},{"@type":"ListItem","position":3,"name":"Assortiment sans sucre Sachet 300 grs."}]},{"@type":"WebSite","@id":"https:\/\/www.dulces-laponderosa.com\/fr\/#website","url":"https:\/\/www.dulces-laponderosa.com\/fr\/","name":"Dulces La Ponderosa","description":"Dulces de Navidad desde 1955","potentialAction":[{"@type":"SearchAction","target":{"@type":"EntryPoint","urlTemplate":"https:\/\/www.dulces-laponderosa.com\/fr\/?s={search_term_string}"},"query-input":{"@type":"PropertyValueSpecification","valueRequired":true,"valueName":"search_term_string"}}],"inLanguage":"fr-FR"}]}},"_links":{"self":[{"href":"https:\/\/www.dulces-laponderosa.com\/fr\/wp-json\/wp\/v2\/product\/7349","targetHints":{"allow":["GET"]}}],"collection":[{"href":"https:\/\/www.dulces-laponderosa.com\/fr\/wp-json\/wp\/v2\/product"}],"about":[{"href":"https:\/\/www.dulces-laponderosa.com\/fr\/wp-json\/wp\/v2\/types\/product"}],"replies":[{"embeddable":true,"href":"https:\/\/www.dulces-laponderosa.com\/fr\/wp-json\/wp\/v2\/comments?post=7349"}],"wp:featuredmedia":[{"embeddable":true,"href":"https:\/\/www.dulces-laponderosa.com\/fr\/wp-json\/wp\/v2\/media\/623"}],"wp:attachment":[{"href":"https:\/\/www.dulces-laponderosa.com\/fr\/wp-json\/wp\/v2\/media?parent=7349"}],"wp:term":[{"taxonomy":"product_brand","embeddable":true,"href":"https:\/\/www.dulces-laponderosa.com\/fr\/wp-json\/wp\/v2\/product_brand?post=7349"},{"taxonomy":"product_cat","embeddable":true,"href":"https:\/\/www.dulces-laponderosa.com\/fr\/wp-json\/wp\/v2\/product_cat?post=7349"},{"taxonomy":"product_tag","embeddable":true,"href":"https:\/\/www.dulces-laponderosa.com\/fr\/wp-json\/wp\/v2\/product_tag?post=7349"}],"curies":[{"name":"wp","href":"https:\/\/api.w.org\/{rel}","templated":true}]}}