{"id":7353,"date":"2017-09-05T14:19:14","date_gmt":"2017-09-05T12:19:14","guid":{"rendered":"https:\/\/www.dulces-laponderosa.com\/producto\/polvorones-sans-sucre-sachet-500-grs\/"},"modified":"2025-12-11T19:16:38","modified_gmt":"2025-12-11T18:16:38","slug":"polvorones-sans-sucre-sachet-500-grs","status":"publish","type":"product","link":"https:\/\/www.dulces-laponderosa.com\/fr\/acheter-estepa\/polvorones-sans-sucre-sachet-500-grs\/","title":{"rendered":"Polvorones sans sucre Sachet 500 grs."},"content":{"rendered":"<section class=\"l-section wpb_row height_custom\"><div class=\"l-section-h i-cf\"><div class=\"g-cols vc_row via_flex valign_top type_default stacking_default\"><div class=\"vc_col-sm-12 wpb_column vc_column_container\"><div class=\"vc_column-inner\"><div class=\"wpb_wrapper\"><div class=\"wpb_text_column\"><div class=\"wpb_wrapper\"><h4 align=\"justify\">Ingr\u00e9dients:<\/h4>\n<p>Farine de<strong> bl\u00e9<\/strong> , saindoux ib\u00e9rique (antioxydant E-320), \u00e9dulcorant (20%) (maltitol E-965i),<strong> amande<\/strong> (8%), cannelle et clou de girofle.<strong> Peut contenir des traces d&rsquo;\u0153uf, lait et ses d\u00e9riv\u00e9s (dont lactose), s\u00e9same et sulfites.<\/strong><\/p>\n<h4 align=\"justify\">Allerg\u00e8nes:<\/h4>\n<p>Contient du gluten et des noix. Peut contenir des traces d&rsquo;\u0153uf, lait et ses d\u00e9riv\u00e9s (dont lactose), s\u00e9same et sulfites.<\/p>\n<h4 align=\"justify\">Tableau nutritionnel<\/h4>\n<\/div><\/div><\/div><\/div><\/div><\/div><\/div><\/section><section class=\"l-section wpb_row height_custom\"><div class=\"l-section-h i-cf\"><div class=\"g-cols vc_row via_flex valign_top type_default stacking_default\"><div class=\"vc_col-sm-12 wpb_column vc_column_container\"><div class=\"vc_column-inner\"><div class=\"wpb_wrapper\"><div class=\"wpb_text_column\"><div class=\"wpb_wrapper\"><\/div><\/div><\/div><\/div><\/div><\/div><\/div><\/section>\n","protected":false},"excerpt":{"rendered":"<h4>La description:<\/h4>\n<p align=\"justify\">Les polvorones sans sucre sont les douceurs typiques de No\u00ebl qui ne peuvent manquer \u00e0 ces dates sp\u00e9ciales. P\u00e2te longue sucr\u00e9e \u00e0 base de beurre, farine et amandes.<\/p>\n<p align=\"justify\">Chez Dulces La Ponderosa, nous revendiquons nos mati\u00e8res premi\u00e8res comme un symbole de qualit\u00e9. Dans le cas des polvorones sans sucre, ils conservent toute la saveur d&rsquo;un polvor\u00f3n traditionnel.<\/p>\n<p align=\"justify\">Tout cela combin\u00e9 au fait que nous continuons \u00e0 respecter les recettes d&rsquo;antan fait de ce produit un gage de qualit\u00e9 et de saveur.<\/p>\n<h4>Pr\u00e9sentation:<\/h4>\n<p align=\"justify\">Emball\u00e9es individuellement, elles sont pr\u00e9sent\u00e9es dans un sachet de 500 g.<\/p>\n","protected":false},"featured_media":1039,"comment_status":"open","ping_status":"closed","template":"","meta":{"_joinchat":[]},"product_brand":[],"product_cat":[906,997],"product_tag":[900,899,901,902,903],"class_list":{"0":"post-7353","1":"product","2":"type-product","3":"status-publish","4":"has-post-thumbnail","6":"product_cat-polvorones-fr","7":"product_cat-polvorones-sans-sucre","8":"product_tag-allergene-darachide","9":"product_tag-allergene-de-gluten","10":"product_tag-allergene-de-noix","11":"product_tag-allergene-de-sesame","12":"product_tag-allergene-sulfite","14":"first","15":"instock","16":"taxable","17":"shipping-taxable","18":"purchasable","19":"product-type-simple"},"yoast_head":"<!-- This site is optimized with the Yoast SEO plugin v27.2 - https:\/\/yoast.com\/product\/yoast-seo-wordpress\/ -->\n<title>Polvorones sans sucre Sachet 500 grs. - Dulces La Ponderosa<\/title>\n<meta name=\"description\" content=\"De d\u00e9licieuses polvorones sans sucre pr\u00e9sent\u00e9es en sachet de 500 g. La Ponderosa rapporte \u00e0 la maison les meilleurs bonbons de No\u00ebl !\" \/>\n<meta name=\"robots\" content=\"index, follow, max-snippet:-1, max-image-preview:large, max-video-preview:-1\" \/>\n<link rel=\"canonical\" href=\"https:\/\/www.dulces-laponderosa.com\/fr\/acheter-estepa\/polvorones-sans-sucre-sachet-500-grs\/\" \/>\n<meta property=\"og:locale\" content=\"fr_FR\" \/>\n<meta property=\"og:type\" content=\"article\" \/>\n<meta property=\"og:title\" content=\"Polvorones sans sucre Sachet 500 grs. - Dulces La Ponderosa\" \/>\n<meta property=\"og:description\" content=\"De d\u00e9licieuses polvorones sans sucre pr\u00e9sent\u00e9es en sachet de 500 g. La Ponderosa rapporte \u00e0 la maison les meilleurs bonbons de No\u00ebl !\" \/>\n<meta property=\"og:url\" content=\"https:\/\/www.dulces-laponderosa.com\/fr\/acheter-estepa\/polvorones-sans-sucre-sachet-500-grs\/\" \/>\n<meta property=\"og:site_name\" content=\"Dulces La Ponderosa\" \/>\n<meta property=\"article:modified_time\" content=\"2025-12-11T18:16:38+00:00\" \/>\n<meta property=\"og:image\" content=\"https:\/\/www.dulces-laponderosa.com\/wp-content\/uploads\/2017\/08\/Polvoron_desnudo_IMG_0570.jpg\" \/>\n\t<meta property=\"og:image:width\" content=\"800\" \/>\n\t<meta property=\"og:image:height\" content=\"550\" \/>\n\t<meta property=\"og:image:type\" content=\"image\/jpeg\" \/>\n<meta name=\"twitter:card\" content=\"summary_large_image\" \/>\n<script type=\"application\/ld+json\" class=\"yoast-schema-graph\">{\"@context\":\"https:\/\/schema.org\",\"@graph\":[{\"@type\":\"WebPage\",\"@id\":\"https:\/\/www.dulces-laponderosa.com\/fr\/acheter-estepa\/polvorones-sans-sucre-sachet-500-grs\/\",\"url\":\"https:\/\/www.dulces-laponderosa.com\/fr\/acheter-estepa\/polvorones-sans-sucre-sachet-500-grs\/\",\"name\":\"Polvorones sans sucre Sachet 500 grs. - Dulces La Ponderosa\",\"isPartOf\":{\"@id\":\"https:\/\/www.dulces-laponderosa.com\/fr\/#website\"},\"primaryImageOfPage\":{\"@id\":\"https:\/\/www.dulces-laponderosa.com\/fr\/acheter-estepa\/polvorones-sans-sucre-sachet-500-grs\/#primaryimage\"},\"image\":{\"@id\":\"https:\/\/www.dulces-laponderosa.com\/fr\/acheter-estepa\/polvorones-sans-sucre-sachet-500-grs\/#primaryimage\"},\"thumbnailUrl\":\"https:\/\/www.dulces-laponderosa.com\/wp-content\/uploads\/2017\/08\/Polvoron_desnudo_IMG_0570.jpg\",\"datePublished\":\"2017-09-05T12:19:14+00:00\",\"dateModified\":\"2025-12-11T18:16:38+00:00\",\"description\":\"De d\u00e9licieuses polvorones sans sucre pr\u00e9sent\u00e9es en sachet de 500 g. La Ponderosa rapporte \u00e0 la maison les meilleurs bonbons de No\u00ebl !\",\"breadcrumb\":{\"@id\":\"https:\/\/www.dulces-laponderosa.com\/fr\/acheter-estepa\/polvorones-sans-sucre-sachet-500-grs\/#breadcrumb\"},\"inLanguage\":\"fr-FR\",\"potentialAction\":[{\"@type\":\"ReadAction\",\"target\":[\"https:\/\/www.dulces-laponderosa.com\/fr\/acheter-estepa\/polvorones-sans-sucre-sachet-500-grs\/\"]}]},{\"@type\":\"ImageObject\",\"inLanguage\":\"fr-FR\",\"@id\":\"https:\/\/www.dulces-laponderosa.com\/fr\/acheter-estepa\/polvorones-sans-sucre-sachet-500-grs\/#primaryimage\",\"url\":\"https:\/\/www.dulces-laponderosa.com\/wp-content\/uploads\/2017\/08\/Polvoron_desnudo_IMG_0570.jpg\",\"contentUrl\":\"https:\/\/www.dulces-laponderosa.com\/wp-content\/uploads\/2017\/08\/Polvoron_desnudo_IMG_0570.jpg\",\"width\":800,\"height\":550},{\"@type\":\"BreadcrumbList\",\"@id\":\"https:\/\/www.dulces-laponderosa.com\/fr\/acheter-estepa\/polvorones-sans-sucre-sachet-500-grs\/#breadcrumb\",\"itemListElement\":[{\"@type\":\"ListItem\",\"position\":1,\"name\":\"Portada\",\"item\":\"https:\/\/www.dulces-laponderosa.com\/fr\/\"},{\"@type\":\"ListItem\",\"position\":2,\"name\":\"Boutique\",\"item\":\"https:\/\/www.dulces-laponderosa.com\/fr\/boutique\/\"},{\"@type\":\"ListItem\",\"position\":3,\"name\":\"Polvorones sans sucre Sachet 500 grs.\"}]},{\"@type\":\"WebSite\",\"@id\":\"https:\/\/www.dulces-laponderosa.com\/fr\/#website\",\"url\":\"https:\/\/www.dulces-laponderosa.com\/fr\/\",\"name\":\"Dulces La Ponderosa\",\"description\":\"Dulces de Navidad desde 1955\",\"potentialAction\":[{\"@type\":\"SearchAction\",\"target\":{\"@type\":\"EntryPoint\",\"urlTemplate\":\"https:\/\/www.dulces-laponderosa.com\/fr\/?s={search_term_string}\"},\"query-input\":{\"@type\":\"PropertyValueSpecification\",\"valueRequired\":true,\"valueName\":\"search_term_string\"}}],\"inLanguage\":\"fr-FR\"}]}<\/script>\n<!-- \/ Yoast SEO plugin. -->","yoast_head_json":{"title":"Polvorones sans sucre Sachet 500 grs. - Dulces La Ponderosa","description":"De d\u00e9licieuses polvorones sans sucre pr\u00e9sent\u00e9es en sachet de 500 g. La Ponderosa rapporte \u00e0 la maison les meilleurs bonbons de No\u00ebl !","robots":{"index":"index","follow":"follow","max-snippet":"max-snippet:-1","max-image-preview":"max-image-preview:large","max-video-preview":"max-video-preview:-1"},"canonical":"https:\/\/www.dulces-laponderosa.com\/fr\/acheter-estepa\/polvorones-sans-sucre-sachet-500-grs\/","og_locale":"fr_FR","og_type":"article","og_title":"Polvorones sans sucre Sachet 500 grs. - Dulces La Ponderosa","og_description":"De d\u00e9licieuses polvorones sans sucre pr\u00e9sent\u00e9es en sachet de 500 g. La Ponderosa rapporte \u00e0 la maison les meilleurs bonbons de No\u00ebl !","og_url":"https:\/\/www.dulces-laponderosa.com\/fr\/acheter-estepa\/polvorones-sans-sucre-sachet-500-grs\/","og_site_name":"Dulces La Ponderosa","article_modified_time":"2025-12-11T18:16:38+00:00","og_image":[{"width":800,"height":550,"url":"https:\/\/www.dulces-laponderosa.com\/wp-content\/uploads\/2017\/08\/Polvoron_desnudo_IMG_0570.jpg","type":"image\/jpeg"}],"twitter_card":"summary_large_image","schema":{"@context":"https:\/\/schema.org","@graph":[{"@type":"WebPage","@id":"https:\/\/www.dulces-laponderosa.com\/fr\/acheter-estepa\/polvorones-sans-sucre-sachet-500-grs\/","url":"https:\/\/www.dulces-laponderosa.com\/fr\/acheter-estepa\/polvorones-sans-sucre-sachet-500-grs\/","name":"Polvorones sans sucre Sachet 500 grs. - Dulces La Ponderosa","isPartOf":{"@id":"https:\/\/www.dulces-laponderosa.com\/fr\/#website"},"primaryImageOfPage":{"@id":"https:\/\/www.dulces-laponderosa.com\/fr\/acheter-estepa\/polvorones-sans-sucre-sachet-500-grs\/#primaryimage"},"image":{"@id":"https:\/\/www.dulces-laponderosa.com\/fr\/acheter-estepa\/polvorones-sans-sucre-sachet-500-grs\/#primaryimage"},"thumbnailUrl":"https:\/\/www.dulces-laponderosa.com\/wp-content\/uploads\/2017\/08\/Polvoron_desnudo_IMG_0570.jpg","datePublished":"2017-09-05T12:19:14+00:00","dateModified":"2025-12-11T18:16:38+00:00","description":"De d\u00e9licieuses polvorones sans sucre pr\u00e9sent\u00e9es en sachet de 500 g. La Ponderosa rapporte \u00e0 la maison les meilleurs bonbons de No\u00ebl !","breadcrumb":{"@id":"https:\/\/www.dulces-laponderosa.com\/fr\/acheter-estepa\/polvorones-sans-sucre-sachet-500-grs\/#breadcrumb"},"inLanguage":"fr-FR","potentialAction":[{"@type":"ReadAction","target":["https:\/\/www.dulces-laponderosa.com\/fr\/acheter-estepa\/polvorones-sans-sucre-sachet-500-grs\/"]}]},{"@type":"ImageObject","inLanguage":"fr-FR","@id":"https:\/\/www.dulces-laponderosa.com\/fr\/acheter-estepa\/polvorones-sans-sucre-sachet-500-grs\/#primaryimage","url":"https:\/\/www.dulces-laponderosa.com\/wp-content\/uploads\/2017\/08\/Polvoron_desnudo_IMG_0570.jpg","contentUrl":"https:\/\/www.dulces-laponderosa.com\/wp-content\/uploads\/2017\/08\/Polvoron_desnudo_IMG_0570.jpg","width":800,"height":550},{"@type":"BreadcrumbList","@id":"https:\/\/www.dulces-laponderosa.com\/fr\/acheter-estepa\/polvorones-sans-sucre-sachet-500-grs\/#breadcrumb","itemListElement":[{"@type":"ListItem","position":1,"name":"Portada","item":"https:\/\/www.dulces-laponderosa.com\/fr\/"},{"@type":"ListItem","position":2,"name":"Boutique","item":"https:\/\/www.dulces-laponderosa.com\/fr\/boutique\/"},{"@type":"ListItem","position":3,"name":"Polvorones sans sucre Sachet 500 grs."}]},{"@type":"WebSite","@id":"https:\/\/www.dulces-laponderosa.com\/fr\/#website","url":"https:\/\/www.dulces-laponderosa.com\/fr\/","name":"Dulces La Ponderosa","description":"Dulces de Navidad desde 1955","potentialAction":[{"@type":"SearchAction","target":{"@type":"EntryPoint","urlTemplate":"https:\/\/www.dulces-laponderosa.com\/fr\/?s={search_term_string}"},"query-input":{"@type":"PropertyValueSpecification","valueRequired":true,"valueName":"search_term_string"}}],"inLanguage":"fr-FR"}]}},"_links":{"self":[{"href":"https:\/\/www.dulces-laponderosa.com\/fr\/wp-json\/wp\/v2\/product\/7353","targetHints":{"allow":["GET"]}}],"collection":[{"href":"https:\/\/www.dulces-laponderosa.com\/fr\/wp-json\/wp\/v2\/product"}],"about":[{"href":"https:\/\/www.dulces-laponderosa.com\/fr\/wp-json\/wp\/v2\/types\/product"}],"replies":[{"embeddable":true,"href":"https:\/\/www.dulces-laponderosa.com\/fr\/wp-json\/wp\/v2\/comments?post=7353"}],"wp:featuredmedia":[{"embeddable":true,"href":"https:\/\/www.dulces-laponderosa.com\/fr\/wp-json\/wp\/v2\/media\/1039"}],"wp:attachment":[{"href":"https:\/\/www.dulces-laponderosa.com\/fr\/wp-json\/wp\/v2\/media?parent=7353"}],"wp:term":[{"taxonomy":"product_brand","embeddable":true,"href":"https:\/\/www.dulces-laponderosa.com\/fr\/wp-json\/wp\/v2\/product_brand?post=7353"},{"taxonomy":"product_cat","embeddable":true,"href":"https:\/\/www.dulces-laponderosa.com\/fr\/wp-json\/wp\/v2\/product_cat?post=7353"},{"taxonomy":"product_tag","embeddable":true,"href":"https:\/\/www.dulces-laponderosa.com\/fr\/wp-json\/wp\/v2\/product_tag?post=7353"}],"curies":[{"name":"wp","href":"https:\/\/api.w.org\/{rel}","templated":true}]}}