{"id":7361,"date":"2017-09-05T13:37:51","date_gmt":"2017-09-05T11:37:51","guid":{"rendered":"https:\/\/www.dulces-laponderosa.com\/producto\/soupirs-damande-massepain-a-la-cerise-sachet-500-grs\/"},"modified":"2025-12-24T10:06:01","modified_gmt":"2025-12-24T09:06:01","slug":"soupirs-damande-massepain-a-la-cerise-sachet-500-grs","status":"publish","type":"product","link":"https:\/\/www.dulces-laponderosa.com\/fr\/acheter-estepa\/soupirs-damande-massepain-a-la-cerise-sachet-500-grs\/","title":{"rendered":"Soupirs d&rsquo;amande &#8211; Massepain \u00e0 la cerise Sachet 500 grs."},"content":{"rendered":"<section class=\"l-section wpb_row height_custom\"><div class=\"l-section-h i-cf\"><div class=\"g-cols vc_row via_flex valign_top type_default stacking_default\"><div class=\"vc_col-sm-12 wpb_column vc_column_container\"><div class=\"vc_column-inner\"><div class=\"wpb_wrapper\"><div class=\"wpb_text_column\"><div class=\"wpb_wrapper\"><h4>Ingr\u00e9dients<\/h4>\n<p><strong>Amande<\/strong> (38%), sucre, amidon, cheveux d&rsquo;ange (pulpe de potiron, sirop de glucose et fructose, amidon de ma\u00efs modifi\u00e9 : E-1442, gomme de caroube : E-407, E-410, acidulants : E-330, E-331 et conservateurs : E-202, E-223), glucose, cerise confite (cerises, sucre, sirop de glucose, fructose, acidifiant : E-330, conservateurs : E-202 et E-223), ar\u00f4me citron, conservateur : E-202 et antioxydant : E-334. <strong>Peut contenir des traces d&rsquo;autres fruits \u00e0 coque, gluten, \u0153ufs, arachides, soja, lait, s\u00e9same et sulfites.<\/strong><\/p>\n<h4>Allerg\u00e8nes<\/h4>\n<p>Contient des noix et des sulfites. Peut contenir des traces d&rsquo;autres fruits \u00e0 coque, gluten, \u0153ufs, arachides, soja, lait et leurs d\u00e9riv\u00e9s (dont lactose) et s\u00e9same.<\/p>\n<h4>Tableau nutritionnel<\/h4>\n<\/div><\/div><\/div><\/div><\/div><\/div><\/div><\/section><section class=\"l-section wpb_row height_custom\"><div class=\"l-section-h i-cf\"><div class=\"g-cols vc_row via_flex valign_top type_default stacking_default\"><div class=\"vc_col-sm-12 wpb_column vc_column_container\"><div class=\"vc_column-inner\"><div class=\"wpb_wrapper\"><div class=\"wpb_text_column\"><div class=\"wpb_wrapper\"><\/div><\/div><\/div><\/div><\/div><\/div><\/div><\/section>\n","protected":false},"excerpt":{"rendered":"<h4>La description<\/h4>\n<p>Les soupirs aux amandes sont des g\u00e2teaux de massepain d\u00e9cor\u00e9s de cerises confites. L&rsquo;une de nos maximes est de choisir des mati\u00e8res premi\u00e8res de la meilleure qualit\u00e9. Tout cela, associ\u00e9 \u00e0 notre production artisanale, fait de ces soupirs aux amandes une bouch\u00e9e de saveur exquise.<\/p>\n<h4>Pr\u00e9sentation<\/h4>\n<p>Emball\u00e9 individuellement et pr\u00e9sent\u00e9 dans un sachet de 500 gr. Existe aussi en<a href=\"https:\/\/www.dulces-laponderosa.com\/producto\/suspiros-almendra-mazapan-guinda-caja-3-kgs\/\" target=\"_blank\" rel=\"noopener noreferrer\"> bo\u00eete de 3kg<\/a> .<\/p>\n","protected":false},"featured_media":1919,"comment_status":"open","ping_status":"closed","template":"","meta":{"_joinchat":[]},"product_brand":[],"product_cat":[1007],"product_tag":[914,900,899,901,902,915,913,903],"class_list":{"0":"post-7361","1":"product","2":"type-product","3":"status-publish","4":"has-post-thumbnail","6":"product_cat-soupirs-aux-amandes-massepain-a-la-cerise","7":"product_tag-allergene-doeuf","8":"product_tag-allergene-darachide","9":"product_tag-allergene-de-gluten","10":"product_tag-allergene-de-noix","11":"product_tag-allergene-de-sesame","12":"product_tag-allergene-de-soja","13":"product_tag-allergene-du-lait","14":"product_tag-allergene-sulfite","16":"first","17":"instock","18":"taxable","19":"shipping-taxable","20":"purchasable","21":"product-type-simple"},"yoast_head":"<!-- This site is optimized with the Yoast SEO plugin v27.2 - https:\/\/yoast.com\/product\/yoast-seo-wordpress\/ -->\n<title>Soupirs d&#039;amande - Massepain \u00e0 la cerise Sachet 500 grs. - Dulces La Ponderosa<\/title>\n<meta name=\"description\" content=\"De d\u00e9licieux soupirs aux amandes pr\u00e9sent\u00e9s dans un sachet de 500 g. La Ponderosa rapporte \u00e0 la maison les meilleurs bonbons de No\u00ebl !\" \/>\n<meta name=\"robots\" content=\"index, follow, max-snippet:-1, max-image-preview:large, max-video-preview:-1\" \/>\n<link rel=\"canonical\" href=\"https:\/\/www.dulces-laponderosa.com\/fr\/acheter-estepa\/soupirs-damande-massepain-a-la-cerise-sachet-500-grs\/\" \/>\n<meta property=\"og:locale\" content=\"fr_FR\" \/>\n<meta property=\"og:type\" content=\"article\" \/>\n<meta property=\"og:title\" content=\"Soupirs d&#039;amande - Massepain \u00e0 la cerise Sachet 500 grs. - Dulces La Ponderosa\" \/>\n<meta property=\"og:description\" content=\"De d\u00e9licieux soupirs aux amandes pr\u00e9sent\u00e9s dans un sachet de 500 g. La Ponderosa rapporte \u00e0 la maison les meilleurs bonbons de No\u00ebl !\" \/>\n<meta property=\"og:url\" content=\"https:\/\/www.dulces-laponderosa.com\/fr\/acheter-estepa\/soupirs-damande-massepain-a-la-cerise-sachet-500-grs\/\" \/>\n<meta property=\"og:site_name\" content=\"Dulces La Ponderosa\" \/>\n<meta property=\"article:modified_time\" content=\"2025-12-24T09:06:01+00:00\" \/>\n<meta property=\"og:image\" content=\"https:\/\/www.dulces-laponderosa.com\/wp-content\/uploads\/2017\/09\/mazapan-guinda.jpg\" \/>\n\t<meta property=\"og:image:width\" content=\"800\" \/>\n\t<meta property=\"og:image:height\" content=\"534\" \/>\n\t<meta property=\"og:image:type\" content=\"image\/jpeg\" \/>\n<meta name=\"twitter:card\" content=\"summary_large_image\" \/>\n<meta name=\"twitter:label1\" content=\"Dur\u00e9e de lecture estim\u00e9e\" \/>\n\t<meta name=\"twitter:data1\" content=\"1 minute\" \/>\n<script type=\"application\/ld+json\" class=\"yoast-schema-graph\">{\"@context\":\"https:\/\/schema.org\",\"@graph\":[{\"@type\":\"WebPage\",\"@id\":\"https:\/\/www.dulces-laponderosa.com\/fr\/acheter-estepa\/soupirs-damande-massepain-a-la-cerise-sachet-500-grs\/\",\"url\":\"https:\/\/www.dulces-laponderosa.com\/fr\/acheter-estepa\/soupirs-damande-massepain-a-la-cerise-sachet-500-grs\/\",\"name\":\"Soupirs d'amande - Massepain \u00e0 la cerise Sachet 500 grs. - Dulces La Ponderosa\",\"isPartOf\":{\"@id\":\"https:\/\/www.dulces-laponderosa.com\/fr\/#website\"},\"primaryImageOfPage\":{\"@id\":\"https:\/\/www.dulces-laponderosa.com\/fr\/acheter-estepa\/soupirs-damande-massepain-a-la-cerise-sachet-500-grs\/#primaryimage\"},\"image\":{\"@id\":\"https:\/\/www.dulces-laponderosa.com\/fr\/acheter-estepa\/soupirs-damande-massepain-a-la-cerise-sachet-500-grs\/#primaryimage\"},\"thumbnailUrl\":\"https:\/\/www.dulces-laponderosa.com\/wp-content\/uploads\/2017\/09\/mazapan-guinda.jpg\",\"datePublished\":\"2017-09-05T11:37:51+00:00\",\"dateModified\":\"2025-12-24T09:06:01+00:00\",\"description\":\"De d\u00e9licieux soupirs aux amandes pr\u00e9sent\u00e9s dans un sachet de 500 g. La Ponderosa rapporte \u00e0 la maison les meilleurs bonbons de No\u00ebl !\",\"breadcrumb\":{\"@id\":\"https:\/\/www.dulces-laponderosa.com\/fr\/acheter-estepa\/soupirs-damande-massepain-a-la-cerise-sachet-500-grs\/#breadcrumb\"},\"inLanguage\":\"fr-FR\",\"potentialAction\":[{\"@type\":\"ReadAction\",\"target\":[\"https:\/\/www.dulces-laponderosa.com\/fr\/acheter-estepa\/soupirs-damande-massepain-a-la-cerise-sachet-500-grs\/\"]}]},{\"@type\":\"ImageObject\",\"inLanguage\":\"fr-FR\",\"@id\":\"https:\/\/www.dulces-laponderosa.com\/fr\/acheter-estepa\/soupirs-damande-massepain-a-la-cerise-sachet-500-grs\/#primaryimage\",\"url\":\"https:\/\/www.dulces-laponderosa.com\/wp-content\/uploads\/2017\/09\/mazapan-guinda.jpg\",\"contentUrl\":\"https:\/\/www.dulces-laponderosa.com\/wp-content\/uploads\/2017\/09\/mazapan-guinda.jpg\",\"width\":800,\"height\":534,\"caption\":\"amande soupire\"},{\"@type\":\"BreadcrumbList\",\"@id\":\"https:\/\/www.dulces-laponderosa.com\/fr\/acheter-estepa\/soupirs-damande-massepain-a-la-cerise-sachet-500-grs\/#breadcrumb\",\"itemListElement\":[{\"@type\":\"ListItem\",\"position\":1,\"name\":\"Portada\",\"item\":\"https:\/\/www.dulces-laponderosa.com\/fr\/\"},{\"@type\":\"ListItem\",\"position\":2,\"name\":\"Boutique\",\"item\":\"https:\/\/www.dulces-laponderosa.com\/fr\/boutique\/\"},{\"@type\":\"ListItem\",\"position\":3,\"name\":\"Soupirs d&#8217;amande &#8211; Massepain \u00e0 la cerise Sachet 500 grs.\"}]},{\"@type\":\"WebSite\",\"@id\":\"https:\/\/www.dulces-laponderosa.com\/fr\/#website\",\"url\":\"https:\/\/www.dulces-laponderosa.com\/fr\/\",\"name\":\"Dulces La Ponderosa\",\"description\":\"Dulces de Navidad desde 1955\",\"potentialAction\":[{\"@type\":\"SearchAction\",\"target\":{\"@type\":\"EntryPoint\",\"urlTemplate\":\"https:\/\/www.dulces-laponderosa.com\/fr\/?s={search_term_string}\"},\"query-input\":{\"@type\":\"PropertyValueSpecification\",\"valueRequired\":true,\"valueName\":\"search_term_string\"}}],\"inLanguage\":\"fr-FR\"}]}<\/script>\n<!-- \/ Yoast SEO plugin. -->","yoast_head_json":{"title":"Soupirs d'amande - Massepain \u00e0 la cerise Sachet 500 grs. - Dulces La Ponderosa","description":"De d\u00e9licieux soupirs aux amandes pr\u00e9sent\u00e9s dans un sachet de 500 g. La Ponderosa rapporte \u00e0 la maison les meilleurs bonbons de No\u00ebl !","robots":{"index":"index","follow":"follow","max-snippet":"max-snippet:-1","max-image-preview":"max-image-preview:large","max-video-preview":"max-video-preview:-1"},"canonical":"https:\/\/www.dulces-laponderosa.com\/fr\/acheter-estepa\/soupirs-damande-massepain-a-la-cerise-sachet-500-grs\/","og_locale":"fr_FR","og_type":"article","og_title":"Soupirs d'amande - Massepain \u00e0 la cerise Sachet 500 grs. - Dulces La Ponderosa","og_description":"De d\u00e9licieux soupirs aux amandes pr\u00e9sent\u00e9s dans un sachet de 500 g. La Ponderosa rapporte \u00e0 la maison les meilleurs bonbons de No\u00ebl !","og_url":"https:\/\/www.dulces-laponderosa.com\/fr\/acheter-estepa\/soupirs-damande-massepain-a-la-cerise-sachet-500-grs\/","og_site_name":"Dulces La Ponderosa","article_modified_time":"2025-12-24T09:06:01+00:00","og_image":[{"width":800,"height":534,"url":"https:\/\/www.dulces-laponderosa.com\/wp-content\/uploads\/2017\/09\/mazapan-guinda.jpg","type":"image\/jpeg"}],"twitter_card":"summary_large_image","twitter_misc":{"Dur\u00e9e de lecture estim\u00e9e":"1 minute"},"schema":{"@context":"https:\/\/schema.org","@graph":[{"@type":"WebPage","@id":"https:\/\/www.dulces-laponderosa.com\/fr\/acheter-estepa\/soupirs-damande-massepain-a-la-cerise-sachet-500-grs\/","url":"https:\/\/www.dulces-laponderosa.com\/fr\/acheter-estepa\/soupirs-damande-massepain-a-la-cerise-sachet-500-grs\/","name":"Soupirs d'amande - Massepain \u00e0 la cerise Sachet 500 grs. - Dulces La Ponderosa","isPartOf":{"@id":"https:\/\/www.dulces-laponderosa.com\/fr\/#website"},"primaryImageOfPage":{"@id":"https:\/\/www.dulces-laponderosa.com\/fr\/acheter-estepa\/soupirs-damande-massepain-a-la-cerise-sachet-500-grs\/#primaryimage"},"image":{"@id":"https:\/\/www.dulces-laponderosa.com\/fr\/acheter-estepa\/soupirs-damande-massepain-a-la-cerise-sachet-500-grs\/#primaryimage"},"thumbnailUrl":"https:\/\/www.dulces-laponderosa.com\/wp-content\/uploads\/2017\/09\/mazapan-guinda.jpg","datePublished":"2017-09-05T11:37:51+00:00","dateModified":"2025-12-24T09:06:01+00:00","description":"De d\u00e9licieux soupirs aux amandes pr\u00e9sent\u00e9s dans un sachet de 500 g. La Ponderosa rapporte \u00e0 la maison les meilleurs bonbons de No\u00ebl !","breadcrumb":{"@id":"https:\/\/www.dulces-laponderosa.com\/fr\/acheter-estepa\/soupirs-damande-massepain-a-la-cerise-sachet-500-grs\/#breadcrumb"},"inLanguage":"fr-FR","potentialAction":[{"@type":"ReadAction","target":["https:\/\/www.dulces-laponderosa.com\/fr\/acheter-estepa\/soupirs-damande-massepain-a-la-cerise-sachet-500-grs\/"]}]},{"@type":"ImageObject","inLanguage":"fr-FR","@id":"https:\/\/www.dulces-laponderosa.com\/fr\/acheter-estepa\/soupirs-damande-massepain-a-la-cerise-sachet-500-grs\/#primaryimage","url":"https:\/\/www.dulces-laponderosa.com\/wp-content\/uploads\/2017\/09\/mazapan-guinda.jpg","contentUrl":"https:\/\/www.dulces-laponderosa.com\/wp-content\/uploads\/2017\/09\/mazapan-guinda.jpg","width":800,"height":534,"caption":"amande soupire"},{"@type":"BreadcrumbList","@id":"https:\/\/www.dulces-laponderosa.com\/fr\/acheter-estepa\/soupirs-damande-massepain-a-la-cerise-sachet-500-grs\/#breadcrumb","itemListElement":[{"@type":"ListItem","position":1,"name":"Portada","item":"https:\/\/www.dulces-laponderosa.com\/fr\/"},{"@type":"ListItem","position":2,"name":"Boutique","item":"https:\/\/www.dulces-laponderosa.com\/fr\/boutique\/"},{"@type":"ListItem","position":3,"name":"Soupirs d&#8217;amande &#8211; Massepain \u00e0 la cerise Sachet 500 grs."}]},{"@type":"WebSite","@id":"https:\/\/www.dulces-laponderosa.com\/fr\/#website","url":"https:\/\/www.dulces-laponderosa.com\/fr\/","name":"Dulces La Ponderosa","description":"Dulces de Navidad desde 1955","potentialAction":[{"@type":"SearchAction","target":{"@type":"EntryPoint","urlTemplate":"https:\/\/www.dulces-laponderosa.com\/fr\/?s={search_term_string}"},"query-input":{"@type":"PropertyValueSpecification","valueRequired":true,"valueName":"search_term_string"}}],"inLanguage":"fr-FR"}]}},"_links":{"self":[{"href":"https:\/\/www.dulces-laponderosa.com\/fr\/wp-json\/wp\/v2\/product\/7361","targetHints":{"allow":["GET"]}}],"collection":[{"href":"https:\/\/www.dulces-laponderosa.com\/fr\/wp-json\/wp\/v2\/product"}],"about":[{"href":"https:\/\/www.dulces-laponderosa.com\/fr\/wp-json\/wp\/v2\/types\/product"}],"replies":[{"embeddable":true,"href":"https:\/\/www.dulces-laponderosa.com\/fr\/wp-json\/wp\/v2\/comments?post=7361"}],"wp:featuredmedia":[{"embeddable":true,"href":"https:\/\/www.dulces-laponderosa.com\/fr\/wp-json\/wp\/v2\/media\/1919"}],"wp:attachment":[{"href":"https:\/\/www.dulces-laponderosa.com\/fr\/wp-json\/wp\/v2\/media?parent=7361"}],"wp:term":[{"taxonomy":"product_brand","embeddable":true,"href":"https:\/\/www.dulces-laponderosa.com\/fr\/wp-json\/wp\/v2\/product_brand?post=7361"},{"taxonomy":"product_cat","embeddable":true,"href":"https:\/\/www.dulces-laponderosa.com\/fr\/wp-json\/wp\/v2\/product_cat?post=7361"},{"taxonomy":"product_tag","embeddable":true,"href":"https:\/\/www.dulces-laponderosa.com\/fr\/wp-json\/wp\/v2\/product_tag?post=7361"}],"curies":[{"name":"wp","href":"https:\/\/api.w.org\/{rel}","templated":true}]}}