{"id":7366,"date":"2017-09-05T12:05:04","date_gmt":"2017-09-05T12:05:04","guid":{"rendered":"https:\/\/www.dulces-laponderosa.com\/producto\/figurines-en-massepain-sachet-500-grs\/"},"modified":"2025-09-17T19:09:34","modified_gmt":"2025-09-17T17:09:34","slug":"figurines-en-massepain-sachet-500-grs","status":"publish","type":"product","link":"https:\/\/www.dulces-laponderosa.com\/fr\/acheter-estepa\/figurines-en-massepain-sachet-500-grs\/","title":{"rendered":"Figurines en massepain Sachet 500 grs."},"content":{"rendered":"<section class=\"l-section wpb_row height_custom\"><div class=\"l-section-h i-cf\"><div class=\"g-cols vc_row via_flex valign_top type_default stacking_default\"><div class=\"vc_col-sm-12 wpb_column vc_column_container\"><div class=\"vc_column-inner\"><div class=\"wpb_wrapper\"><div class=\"wpb_text_column\"><div class=\"wpb_wrapper\"><h4>Ingr\u00e9dients<\/h4>\n<p><strong>Amande<\/strong> 45%, sucre, sirop de glucose et fructose, conservateur : E-200 et acidifiant : E-330.<strong> Peut contenir des traces de gluten, d&rsquo;\u0153uf, d&rsquo;arachide et de soja.<\/strong><\/p>\n<h4>Allerg\u00e8nes<\/h4>\n<p>Contient des noix. Peut contenir des traces de gluten, d&rsquo;\u0153uf, d&rsquo;arachide et de soja.<\/p>\n<h4>Tableau nutritionnel<\/h4>\n<\/div><\/div><\/div><\/div><\/div><\/div><\/div><\/section><section class=\"l-section wpb_row height_custom\"><div class=\"l-section-h i-cf\"><div class=\"g-cols vc_row via_flex valign_top type_default stacking_default\"><div class=\"vc_col-sm-12 wpb_column vc_column_container\"><div class=\"vc_column-inner\"><div class=\"wpb_wrapper\"><div class=\"wpb_text_column\"><div class=\"wpb_wrapper\"><p><iframe src=\"https:\/\/docs.google.com\/spreadsheets\/d\/e\/2PACX-1vT9OdDAmz161xIxgc0bPRZvx02DMV0YHSghnO7dcm6ZjO1CyzGy0EZWYn1pcw_J1hodyfgYlLOWuSd8\/pubhtml?gid=1949017562&amp;single=true&amp;widget=true&amp;headers=false\" width=\"100%\" height=\"350\"><\/iframe><\/p>\n<\/div><\/div><\/div><\/div><\/div><\/div><\/div><\/section>\n","protected":false},"excerpt":{"rendered":"<h4>La description<\/h4>\n<p>A ces dates aussi importantes que No\u00ebl, les figurines en p\u00e2te d&rsquo;amande sont des douceurs qui ne peuvent jamais manquer sur nos tables. Avec sa p\u00e2te \u00e0 base d&rsquo;\u0153ufs, d&rsquo;amandes et de sucre, diff\u00e9rentes figures sont r\u00e9alis\u00e9es. Bien que ce qui ne change pas, c&rsquo;est sa saveur exquise. Ne manquez pas ces d\u00e9lices !<\/p>\n<h4>Pr\u00e9sentation<\/h4>\n<p>Emball\u00e9 individuellement et pr\u00e9sent\u00e9 dans un sachet de 500 gr. Ils sont \u00e9galement disponibles dans d&rsquo;autres formats :<a href=\"https:\/\/www.dulces-laponderosa.com\/producto\/figuritas-mazapan-estuche-200-grs\/\" target=\"_blank\" rel=\"noopener noreferrer\"> \u00e9tui de 200 grammes<\/a> Oui<a href=\"https:\/\/www.dulces-laponderosa.com\/producto\/figuritas-aazapan-caja-3-kgs\/\" target=\"_blank\" rel=\"noopener noreferrer\"> bo\u00eete de 3kg<\/a> .<\/p>\n","protected":false},"featured_media":619,"comment_status":"open","ping_status":"closed","template":"","meta":{"_joinchat":[]},"product_brand":[],"product_cat":[1012],"product_tag":[914,900,899,901,915],"class_list":{"0":"post-7366","1":"product","2":"type-product","3":"status-publish","4":"has-post-thumbnail","6":"product_cat-chiffres-de-massepain","7":"product_tag-allergene-doeuf","8":"product_tag-allergene-darachide","9":"product_tag-allergene-de-gluten","10":"product_tag-allergene-de-noix","11":"product_tag-allergene-de-soja","13":"first","14":"instock","15":"taxable","16":"shipping-taxable","17":"purchasable","18":"product-type-simple"},"yoast_head":"<!-- This site is optimized with the Yoast SEO plugin v27.2 - https:\/\/yoast.com\/product\/yoast-seo-wordpress\/ -->\n<title>Figurines en massepain Sachet 500 grs. - Dulces La Ponderosa<\/title>\n<meta name=\"description\" content=\"D\u00e9licieuses figurines en p\u00e2te d&#039;amande pr\u00e9sent\u00e9es dans un sachet de 500 g. La Ponderosa rapporte \u00e0 la maison les meilleurs bonbons de No\u00ebl !\" \/>\n<meta name=\"robots\" content=\"index, follow, max-snippet:-1, max-image-preview:large, max-video-preview:-1\" \/>\n<link rel=\"canonical\" href=\"https:\/\/www.dulces-laponderosa.com\/fr\/acheter-estepa\/figurines-en-massepain-sachet-500-grs\/\" \/>\n<meta property=\"og:locale\" content=\"fr_FR\" \/>\n<meta property=\"og:type\" content=\"article\" \/>\n<meta property=\"og:title\" content=\"Figurines en massepain Sachet 500 grs. - Dulces La Ponderosa\" \/>\n<meta property=\"og:description\" content=\"D\u00e9licieuses figurines en p\u00e2te d&#039;amande pr\u00e9sent\u00e9es dans un sachet de 500 g. La Ponderosa rapporte \u00e0 la maison les meilleurs bonbons de No\u00ebl !\" \/>\n<meta property=\"og:url\" content=\"https:\/\/www.dulces-laponderosa.com\/fr\/acheter-estepa\/figurines-en-massepain-sachet-500-grs\/\" \/>\n<meta property=\"og:site_name\" content=\"Dulces La Ponderosa\" \/>\n<meta property=\"article:modified_time\" content=\"2025-09-17T17:09:34+00:00\" \/>\n<meta property=\"og:image\" content=\"https:\/\/www.dulces-laponderosa.com\/wp-content\/uploads\/2017\/03\/mazapanes-surtidos-e1494316567374.jpg\" \/>\n\t<meta property=\"og:image:width\" content=\"200\" \/>\n\t<meta property=\"og:image:height\" content=\"200\" \/>\n\t<meta property=\"og:image:type\" content=\"image\/jpeg\" \/>\n<meta name=\"twitter:card\" content=\"summary_large_image\" \/>\n<script type=\"application\/ld+json\" class=\"yoast-schema-graph\">{\"@context\":\"https:\/\/schema.org\",\"@graph\":[{\"@type\":\"WebPage\",\"@id\":\"https:\/\/www.dulces-laponderosa.com\/fr\/acheter-estepa\/figurines-en-massepain-sachet-500-grs\/\",\"url\":\"https:\/\/www.dulces-laponderosa.com\/fr\/acheter-estepa\/figurines-en-massepain-sachet-500-grs\/\",\"name\":\"Figurines en massepain Sachet 500 grs. - Dulces La Ponderosa\",\"isPartOf\":{\"@id\":\"https:\/\/www.dulces-laponderosa.com\/fr\/#website\"},\"primaryImageOfPage\":{\"@id\":\"https:\/\/www.dulces-laponderosa.com\/fr\/acheter-estepa\/figurines-en-massepain-sachet-500-grs\/#primaryimage\"},\"image\":{\"@id\":\"https:\/\/www.dulces-laponderosa.com\/fr\/acheter-estepa\/figurines-en-massepain-sachet-500-grs\/#primaryimage\"},\"thumbnailUrl\":\"https:\/\/www.dulces-laponderosa.com\/wp-content\/uploads\/2017\/03\/mazapanes-surtidos-e1494316567374.jpg\",\"datePublished\":\"2017-09-05T12:05:04+00:00\",\"dateModified\":\"2025-09-17T17:09:34+00:00\",\"description\":\"D\u00e9licieuses figurines en p\u00e2te d'amande pr\u00e9sent\u00e9es dans un sachet de 500 g. La Ponderosa rapporte \u00e0 la maison les meilleurs bonbons de No\u00ebl !\",\"breadcrumb\":{\"@id\":\"https:\/\/www.dulces-laponderosa.com\/fr\/acheter-estepa\/figurines-en-massepain-sachet-500-grs\/#breadcrumb\"},\"inLanguage\":\"fr-FR\",\"potentialAction\":[{\"@type\":\"ReadAction\",\"target\":[\"https:\/\/www.dulces-laponderosa.com\/fr\/acheter-estepa\/figurines-en-massepain-sachet-500-grs\/\"]}]},{\"@type\":\"ImageObject\",\"inLanguage\":\"fr-FR\",\"@id\":\"https:\/\/www.dulces-laponderosa.com\/fr\/acheter-estepa\/figurines-en-massepain-sachet-500-grs\/#primaryimage\",\"url\":\"https:\/\/www.dulces-laponderosa.com\/wp-content\/uploads\/2017\/03\/mazapanes-surtidos-e1494316567374.jpg\",\"contentUrl\":\"https:\/\/www.dulces-laponderosa.com\/wp-content\/uploads\/2017\/03\/mazapanes-surtidos-e1494316567374.jpg\",\"width\":200,\"height\":200},{\"@type\":\"BreadcrumbList\",\"@id\":\"https:\/\/www.dulces-laponderosa.com\/fr\/acheter-estepa\/figurines-en-massepain-sachet-500-grs\/#breadcrumb\",\"itemListElement\":[{\"@type\":\"ListItem\",\"position\":1,\"name\":\"Portada\",\"item\":\"https:\/\/www.dulces-laponderosa.com\/fr\/\"},{\"@type\":\"ListItem\",\"position\":2,\"name\":\"Boutique\",\"item\":\"https:\/\/www.dulces-laponderosa.com\/fr\/boutique\/\"},{\"@type\":\"ListItem\",\"position\":3,\"name\":\"Figurines en massepain Sachet 500 grs.\"}]},{\"@type\":\"WebSite\",\"@id\":\"https:\/\/www.dulces-laponderosa.com\/fr\/#website\",\"url\":\"https:\/\/www.dulces-laponderosa.com\/fr\/\",\"name\":\"Dulces La Ponderosa\",\"description\":\"Dulces de Navidad desde 1955\",\"potentialAction\":[{\"@type\":\"SearchAction\",\"target\":{\"@type\":\"EntryPoint\",\"urlTemplate\":\"https:\/\/www.dulces-laponderosa.com\/fr\/?s={search_term_string}\"},\"query-input\":{\"@type\":\"PropertyValueSpecification\",\"valueRequired\":true,\"valueName\":\"search_term_string\"}}],\"inLanguage\":\"fr-FR\"}]}<\/script>\n<!-- \/ Yoast SEO plugin. -->","yoast_head_json":{"title":"Figurines en massepain Sachet 500 grs. - Dulces La Ponderosa","description":"D\u00e9licieuses figurines en p\u00e2te d'amande pr\u00e9sent\u00e9es dans un sachet de 500 g. La Ponderosa rapporte \u00e0 la maison les meilleurs bonbons de No\u00ebl !","robots":{"index":"index","follow":"follow","max-snippet":"max-snippet:-1","max-image-preview":"max-image-preview:large","max-video-preview":"max-video-preview:-1"},"canonical":"https:\/\/www.dulces-laponderosa.com\/fr\/acheter-estepa\/figurines-en-massepain-sachet-500-grs\/","og_locale":"fr_FR","og_type":"article","og_title":"Figurines en massepain Sachet 500 grs. - Dulces La Ponderosa","og_description":"D\u00e9licieuses figurines en p\u00e2te d'amande pr\u00e9sent\u00e9es dans un sachet de 500 g. La Ponderosa rapporte \u00e0 la maison les meilleurs bonbons de No\u00ebl !","og_url":"https:\/\/www.dulces-laponderosa.com\/fr\/acheter-estepa\/figurines-en-massepain-sachet-500-grs\/","og_site_name":"Dulces La Ponderosa","article_modified_time":"2025-09-17T17:09:34+00:00","og_image":[{"width":200,"height":200,"url":"https:\/\/www.dulces-laponderosa.com\/wp-content\/uploads\/2017\/03\/mazapanes-surtidos-e1494316567374.jpg","type":"image\/jpeg"}],"twitter_card":"summary_large_image","schema":{"@context":"https:\/\/schema.org","@graph":[{"@type":"WebPage","@id":"https:\/\/www.dulces-laponderosa.com\/fr\/acheter-estepa\/figurines-en-massepain-sachet-500-grs\/","url":"https:\/\/www.dulces-laponderosa.com\/fr\/acheter-estepa\/figurines-en-massepain-sachet-500-grs\/","name":"Figurines en massepain Sachet 500 grs. - Dulces La Ponderosa","isPartOf":{"@id":"https:\/\/www.dulces-laponderosa.com\/fr\/#website"},"primaryImageOfPage":{"@id":"https:\/\/www.dulces-laponderosa.com\/fr\/acheter-estepa\/figurines-en-massepain-sachet-500-grs\/#primaryimage"},"image":{"@id":"https:\/\/www.dulces-laponderosa.com\/fr\/acheter-estepa\/figurines-en-massepain-sachet-500-grs\/#primaryimage"},"thumbnailUrl":"https:\/\/www.dulces-laponderosa.com\/wp-content\/uploads\/2017\/03\/mazapanes-surtidos-e1494316567374.jpg","datePublished":"2017-09-05T12:05:04+00:00","dateModified":"2025-09-17T17:09:34+00:00","description":"D\u00e9licieuses figurines en p\u00e2te d'amande pr\u00e9sent\u00e9es dans un sachet de 500 g. La Ponderosa rapporte \u00e0 la maison les meilleurs bonbons de No\u00ebl !","breadcrumb":{"@id":"https:\/\/www.dulces-laponderosa.com\/fr\/acheter-estepa\/figurines-en-massepain-sachet-500-grs\/#breadcrumb"},"inLanguage":"fr-FR","potentialAction":[{"@type":"ReadAction","target":["https:\/\/www.dulces-laponderosa.com\/fr\/acheter-estepa\/figurines-en-massepain-sachet-500-grs\/"]}]},{"@type":"ImageObject","inLanguage":"fr-FR","@id":"https:\/\/www.dulces-laponderosa.com\/fr\/acheter-estepa\/figurines-en-massepain-sachet-500-grs\/#primaryimage","url":"https:\/\/www.dulces-laponderosa.com\/wp-content\/uploads\/2017\/03\/mazapanes-surtidos-e1494316567374.jpg","contentUrl":"https:\/\/www.dulces-laponderosa.com\/wp-content\/uploads\/2017\/03\/mazapanes-surtidos-e1494316567374.jpg","width":200,"height":200},{"@type":"BreadcrumbList","@id":"https:\/\/www.dulces-laponderosa.com\/fr\/acheter-estepa\/figurines-en-massepain-sachet-500-grs\/#breadcrumb","itemListElement":[{"@type":"ListItem","position":1,"name":"Portada","item":"https:\/\/www.dulces-laponderosa.com\/fr\/"},{"@type":"ListItem","position":2,"name":"Boutique","item":"https:\/\/www.dulces-laponderosa.com\/fr\/boutique\/"},{"@type":"ListItem","position":3,"name":"Figurines en massepain Sachet 500 grs."}]},{"@type":"WebSite","@id":"https:\/\/www.dulces-laponderosa.com\/fr\/#website","url":"https:\/\/www.dulces-laponderosa.com\/fr\/","name":"Dulces La Ponderosa","description":"Dulces de Navidad desde 1955","potentialAction":[{"@type":"SearchAction","target":{"@type":"EntryPoint","urlTemplate":"https:\/\/www.dulces-laponderosa.com\/fr\/?s={search_term_string}"},"query-input":{"@type":"PropertyValueSpecification","valueRequired":true,"valueName":"search_term_string"}}],"inLanguage":"fr-FR"}]}},"_links":{"self":[{"href":"https:\/\/www.dulces-laponderosa.com\/fr\/wp-json\/wp\/v2\/product\/7366","targetHints":{"allow":["GET"]}}],"collection":[{"href":"https:\/\/www.dulces-laponderosa.com\/fr\/wp-json\/wp\/v2\/product"}],"about":[{"href":"https:\/\/www.dulces-laponderosa.com\/fr\/wp-json\/wp\/v2\/types\/product"}],"replies":[{"embeddable":true,"href":"https:\/\/www.dulces-laponderosa.com\/fr\/wp-json\/wp\/v2\/comments?post=7366"}],"wp:featuredmedia":[{"embeddable":true,"href":"https:\/\/www.dulces-laponderosa.com\/fr\/wp-json\/wp\/v2\/media\/619"}],"wp:attachment":[{"href":"https:\/\/www.dulces-laponderosa.com\/fr\/wp-json\/wp\/v2\/media?parent=7366"}],"wp:term":[{"taxonomy":"product_brand","embeddable":true,"href":"https:\/\/www.dulces-laponderosa.com\/fr\/wp-json\/wp\/v2\/product_brand?post=7366"},{"taxonomy":"product_cat","embeddable":true,"href":"https:\/\/www.dulces-laponderosa.com\/fr\/wp-json\/wp\/v2\/product_cat?post=7366"},{"taxonomy":"product_tag","embeddable":true,"href":"https:\/\/www.dulces-laponderosa.com\/fr\/wp-json\/wp\/v2\/product_tag?post=7366"}],"curies":[{"name":"wp","href":"https:\/\/api.w.org\/{rel}","templated":true}]}}