{"id":7371,"date":"2017-09-05T11:53:42","date_gmt":"2017-09-05T09:53:42","guid":{"rendered":"https:\/\/www.dulces-laponderosa.com\/producto\/amandes-caprices-massepain-de-soto-sachet-500-grs\/"},"modified":"2025-12-15T20:36:05","modified_gmt":"2025-12-15T19:36:05","slug":"amandes-caprices-massepain-de-soto-sachet-500-grs","status":"publish","type":"product","link":"https:\/\/www.dulces-laponderosa.com\/fr\/acheter-estepa\/amandes-caprices-massepain-de-soto-sachet-500-grs\/","title":{"rendered":"Amandes caprices &#8211; Massepain de Soto Sachet 500 grs."},"content":{"rendered":"<section class=\"l-section wpb_row height_custom\"><div class=\"l-section-h i-cf\"><div class=\"g-cols vc_row via_flex valign_top type_default stacking_default\"><div class=\"vc_col-sm-12 wpb_column vc_column_container\"><div class=\"vc_column-inner\"><div class=\"wpb_wrapper\"><div class=\"wpb_text_column\"><div class=\"wpb_wrapper\"><h4>Ingr\u00e9dients<\/h4>\n<p><strong>Amande<\/strong> (40%), sucre, amidon, cheveux d&rsquo;ange (pulpe de citrouille, sirop de glucose et de fructose, amidon de ma\u00efs modifi\u00e9 (E-1442), gomme de caroube (E-407, E-410), acidulants (E- 330, E- 331) et conservateurs (E-202, E-223)), glucose, ar\u00f4me citron, conservateur (E-202) et antioxydant (E-334). <strong>Peut contenir des traces d&rsquo;autres fruits \u00e0 coque, gluten, \u0153ufs, arachides, soja, lait, s\u00e9same et sulfites.<\/strong><\/p>\n<h4>Allerg\u00e8nes<\/h4>\n<p>Contient des noix et des sulfites. Peut contenir des traces d&rsquo;autres fruits \u00e0 coque, gluten, \u0153ufs, arachides, soja, lait et leurs d\u00e9riv\u00e9s (dont lactose) et s\u00e9same.<\/p>\n<h4>Tableau nutritionnel<\/h4>\n<\/div><\/div><\/div><\/div><\/div><\/div><\/div><\/section><section class=\"l-section wpb_row height_custom\"><div class=\"l-section-h i-cf\"><div class=\"g-cols vc_row via_flex valign_top type_default stacking_default\"><div class=\"vc_col-sm-12 wpb_column vc_column_container\"><div class=\"vc_column-inner\"><div class=\"wpb_wrapper\"><div class=\"wpb_text_column\"><div class=\"wpb_wrapper\"><p><iframe src=\"https:\/\/docs.google.com\/spreadsheets\/d\/e\/2PACX-1vT9OdDAmz161xIxgc0bPRZvx02DMV0YHSghnO7dcm6ZjO1CyzGy0EZWYn1pcw_J1hodyfgYlLOWuSd8\/pubhtml?gid=490854647&amp;single=true&amp;widget=true&amp;headers=false\" width=\"100%\" height=\"350\"><\/iframe><\/p>\n<\/div><\/div><\/div><\/div><\/div><\/div><\/div><\/section>\n","protected":false},"excerpt":{"rendered":"<h4>La description<\/h4>\n<p>De d\u00e9licieux cupcakes de No\u00ebl \u00e0 base d&rsquo;amandes, d&rsquo;\u0153ufs et de sucre. Cette vari\u00e9t\u00e9, le soto massepain, comprend en plus de ses ingr\u00e9dients traditionnels : du citron, du sirop et une base de gaufrette. Le dessert id\u00e9al pour les d\u00e9jeuners ou d\u00eeners de No\u00ebl que toute votre famille appr\u00e9ciera. Ne restez pas sans les essayer !<\/p>\n<h4>Pr\u00e9sentation<\/h4>\n<p>Emball\u00e9 individuellement pour ne pas perdre son essence et pr\u00e9sent\u00e9 plus tard dans un sac de 500 gr. Il est \u00e9galement disponible en<a href=\"https:\/\/www.dulces-laponderosa.com\/producto\/caprichos-almendra-mazapan-soto-caja-3-kgs\/\" target=\"_blank\" rel=\"noopener noreferrer\"> Bo\u00eete de 3kg.<\/a><\/p>\n","protected":false},"featured_media":1879,"comment_status":"open","ping_status":"closed","template":"","meta":{"_joinchat":[]},"product_brand":[],"product_cat":[1017],"product_tag":[914,900,899,901,902,915,913,903],"class_list":{"0":"post-7371","1":"product","2":"type-product","3":"status-publish","4":"has-post-thumbnail","6":"product_cat-caprices-damandes-massepain-de-soto","7":"product_tag-allergene-doeuf","8":"product_tag-allergene-darachide","9":"product_tag-allergene-de-gluten","10":"product_tag-allergene-de-noix","11":"product_tag-allergene-de-sesame","12":"product_tag-allergene-de-soja","13":"product_tag-allergene-du-lait","14":"product_tag-allergene-sulfite","16":"first","17":"instock","18":"taxable","19":"shipping-taxable","20":"purchasable","21":"product-type-simple"},"yoast_head":"<!-- This site is optimized with the Yoast SEO plugin v27.2 - https:\/\/yoast.com\/product\/yoast-seo-wordpress\/ -->\n<title>Amandes caprices - Massepain de Soto Sachet 500 grs. - Dulces La Ponderosa<\/title>\n<meta name=\"description\" content=\"D\u00e9licieux caprices aux amandes (Soto massepain) pr\u00e9sent\u00e9s en sachet de 500 g. La Ponderosa rapporte \u00e0 la maison les meilleurs bonbons de No\u00ebl !\" \/>\n<meta name=\"robots\" content=\"index, follow, max-snippet:-1, max-image-preview:large, max-video-preview:-1\" \/>\n<link rel=\"canonical\" href=\"https:\/\/www.dulces-laponderosa.com\/fr\/acheter-estepa\/amandes-caprices-massepain-de-soto-sachet-500-grs\/\" \/>\n<meta property=\"og:locale\" content=\"fr_FR\" \/>\n<meta property=\"og:type\" content=\"article\" \/>\n<meta property=\"og:title\" content=\"Amandes caprices - Massepain de Soto Sachet 500 grs. - Dulces La Ponderosa\" \/>\n<meta property=\"og:description\" content=\"D\u00e9licieux caprices aux amandes (Soto massepain) pr\u00e9sent\u00e9s en sachet de 500 g. La Ponderosa rapporte \u00e0 la maison les meilleurs bonbons de No\u00ebl !\" \/>\n<meta property=\"og:url\" content=\"https:\/\/www.dulces-laponderosa.com\/fr\/acheter-estepa\/amandes-caprices-massepain-de-soto-sachet-500-grs\/\" \/>\n<meta property=\"og:site_name\" content=\"Dulces La Ponderosa\" \/>\n<meta property=\"article:modified_time\" content=\"2025-12-15T19:36:05+00:00\" \/>\n<meta property=\"og:image\" content=\"https:\/\/www.dulces-laponderosa.com\/wp-content\/uploads\/2017\/09\/mazapanIMG_1094.jpg\" \/>\n\t<meta property=\"og:image:width\" content=\"800\" \/>\n\t<meta property=\"og:image:height\" content=\"657\" \/>\n\t<meta property=\"og:image:type\" content=\"image\/jpeg\" \/>\n<meta name=\"twitter:card\" content=\"summary_large_image\" \/>\n<meta name=\"twitter:label1\" content=\"Dur\u00e9e de lecture estim\u00e9e\" \/>\n\t<meta name=\"twitter:data1\" content=\"1 minute\" \/>\n<script type=\"application\/ld+json\" class=\"yoast-schema-graph\">{\"@context\":\"https:\/\/schema.org\",\"@graph\":[{\"@type\":\"WebPage\",\"@id\":\"https:\/\/www.dulces-laponderosa.com\/fr\/acheter-estepa\/amandes-caprices-massepain-de-soto-sachet-500-grs\/\",\"url\":\"https:\/\/www.dulces-laponderosa.com\/fr\/acheter-estepa\/amandes-caprices-massepain-de-soto-sachet-500-grs\/\",\"name\":\"Amandes caprices - Massepain de Soto Sachet 500 grs. - Dulces La Ponderosa\",\"isPartOf\":{\"@id\":\"https:\/\/www.dulces-laponderosa.com\/fr\/#website\"},\"primaryImageOfPage\":{\"@id\":\"https:\/\/www.dulces-laponderosa.com\/fr\/acheter-estepa\/amandes-caprices-massepain-de-soto-sachet-500-grs\/#primaryimage\"},\"image\":{\"@id\":\"https:\/\/www.dulces-laponderosa.com\/fr\/acheter-estepa\/amandes-caprices-massepain-de-soto-sachet-500-grs\/#primaryimage\"},\"thumbnailUrl\":\"https:\/\/www.dulces-laponderosa.com\/wp-content\/uploads\/2017\/09\/mazapanIMG_1094.jpg\",\"datePublished\":\"2017-09-05T09:53:42+00:00\",\"dateModified\":\"2025-12-15T19:36:05+00:00\",\"description\":\"D\u00e9licieux caprices aux amandes (Soto massepain) pr\u00e9sent\u00e9s en sachet de 500 g. La Ponderosa rapporte \u00e0 la maison les meilleurs bonbons de No\u00ebl !\",\"breadcrumb\":{\"@id\":\"https:\/\/www.dulces-laponderosa.com\/fr\/acheter-estepa\/amandes-caprices-massepain-de-soto-sachet-500-grs\/#breadcrumb\"},\"inLanguage\":\"fr-FR\",\"potentialAction\":[{\"@type\":\"ReadAction\",\"target\":[\"https:\/\/www.dulces-laponderosa.com\/fr\/acheter-estepa\/amandes-caprices-massepain-de-soto-sachet-500-grs\/\"]}]},{\"@type\":\"ImageObject\",\"inLanguage\":\"fr-FR\",\"@id\":\"https:\/\/www.dulces-laponderosa.com\/fr\/acheter-estepa\/amandes-caprices-massepain-de-soto-sachet-500-grs\/#primaryimage\",\"url\":\"https:\/\/www.dulces-laponderosa.com\/wp-content\/uploads\/2017\/09\/mazapanIMG_1094.jpg\",\"contentUrl\":\"https:\/\/www.dulces-laponderosa.com\/wp-content\/uploads\/2017\/09\/mazapanIMG_1094.jpg\",\"width\":800,\"height\":657,\"caption\":\"caprices d'amande\"},{\"@type\":\"BreadcrumbList\",\"@id\":\"https:\/\/www.dulces-laponderosa.com\/fr\/acheter-estepa\/amandes-caprices-massepain-de-soto-sachet-500-grs\/#breadcrumb\",\"itemListElement\":[{\"@type\":\"ListItem\",\"position\":1,\"name\":\"Portada\",\"item\":\"https:\/\/www.dulces-laponderosa.com\/fr\/\"},{\"@type\":\"ListItem\",\"position\":2,\"name\":\"Boutique\",\"item\":\"https:\/\/www.dulces-laponderosa.com\/fr\/boutique\/\"},{\"@type\":\"ListItem\",\"position\":3,\"name\":\"Amandes caprices &#8211; Massepain de Soto Sachet 500 grs.\"}]},{\"@type\":\"WebSite\",\"@id\":\"https:\/\/www.dulces-laponderosa.com\/fr\/#website\",\"url\":\"https:\/\/www.dulces-laponderosa.com\/fr\/\",\"name\":\"Dulces La Ponderosa\",\"description\":\"Dulces de Navidad desde 1955\",\"potentialAction\":[{\"@type\":\"SearchAction\",\"target\":{\"@type\":\"EntryPoint\",\"urlTemplate\":\"https:\/\/www.dulces-laponderosa.com\/fr\/?s={search_term_string}\"},\"query-input\":{\"@type\":\"PropertyValueSpecification\",\"valueRequired\":true,\"valueName\":\"search_term_string\"}}],\"inLanguage\":\"fr-FR\"}]}<\/script>\n<!-- \/ Yoast SEO plugin. -->","yoast_head_json":{"title":"Amandes caprices - Massepain de Soto Sachet 500 grs. - Dulces La Ponderosa","description":"D\u00e9licieux caprices aux amandes (Soto massepain) pr\u00e9sent\u00e9s en sachet de 500 g. La Ponderosa rapporte \u00e0 la maison les meilleurs bonbons de No\u00ebl !","robots":{"index":"index","follow":"follow","max-snippet":"max-snippet:-1","max-image-preview":"max-image-preview:large","max-video-preview":"max-video-preview:-1"},"canonical":"https:\/\/www.dulces-laponderosa.com\/fr\/acheter-estepa\/amandes-caprices-massepain-de-soto-sachet-500-grs\/","og_locale":"fr_FR","og_type":"article","og_title":"Amandes caprices - Massepain de Soto Sachet 500 grs. - Dulces La Ponderosa","og_description":"D\u00e9licieux caprices aux amandes (Soto massepain) pr\u00e9sent\u00e9s en sachet de 500 g. La Ponderosa rapporte \u00e0 la maison les meilleurs bonbons de No\u00ebl !","og_url":"https:\/\/www.dulces-laponderosa.com\/fr\/acheter-estepa\/amandes-caprices-massepain-de-soto-sachet-500-grs\/","og_site_name":"Dulces La Ponderosa","article_modified_time":"2025-12-15T19:36:05+00:00","og_image":[{"width":800,"height":657,"url":"https:\/\/www.dulces-laponderosa.com\/wp-content\/uploads\/2017\/09\/mazapanIMG_1094.jpg","type":"image\/jpeg"}],"twitter_card":"summary_large_image","twitter_misc":{"Dur\u00e9e de lecture estim\u00e9e":"1 minute"},"schema":{"@context":"https:\/\/schema.org","@graph":[{"@type":"WebPage","@id":"https:\/\/www.dulces-laponderosa.com\/fr\/acheter-estepa\/amandes-caprices-massepain-de-soto-sachet-500-grs\/","url":"https:\/\/www.dulces-laponderosa.com\/fr\/acheter-estepa\/amandes-caprices-massepain-de-soto-sachet-500-grs\/","name":"Amandes caprices - Massepain de Soto Sachet 500 grs. - Dulces La Ponderosa","isPartOf":{"@id":"https:\/\/www.dulces-laponderosa.com\/fr\/#website"},"primaryImageOfPage":{"@id":"https:\/\/www.dulces-laponderosa.com\/fr\/acheter-estepa\/amandes-caprices-massepain-de-soto-sachet-500-grs\/#primaryimage"},"image":{"@id":"https:\/\/www.dulces-laponderosa.com\/fr\/acheter-estepa\/amandes-caprices-massepain-de-soto-sachet-500-grs\/#primaryimage"},"thumbnailUrl":"https:\/\/www.dulces-laponderosa.com\/wp-content\/uploads\/2017\/09\/mazapanIMG_1094.jpg","datePublished":"2017-09-05T09:53:42+00:00","dateModified":"2025-12-15T19:36:05+00:00","description":"D\u00e9licieux caprices aux amandes (Soto massepain) pr\u00e9sent\u00e9s en sachet de 500 g. La Ponderosa rapporte \u00e0 la maison les meilleurs bonbons de No\u00ebl !","breadcrumb":{"@id":"https:\/\/www.dulces-laponderosa.com\/fr\/acheter-estepa\/amandes-caprices-massepain-de-soto-sachet-500-grs\/#breadcrumb"},"inLanguage":"fr-FR","potentialAction":[{"@type":"ReadAction","target":["https:\/\/www.dulces-laponderosa.com\/fr\/acheter-estepa\/amandes-caprices-massepain-de-soto-sachet-500-grs\/"]}]},{"@type":"ImageObject","inLanguage":"fr-FR","@id":"https:\/\/www.dulces-laponderosa.com\/fr\/acheter-estepa\/amandes-caprices-massepain-de-soto-sachet-500-grs\/#primaryimage","url":"https:\/\/www.dulces-laponderosa.com\/wp-content\/uploads\/2017\/09\/mazapanIMG_1094.jpg","contentUrl":"https:\/\/www.dulces-laponderosa.com\/wp-content\/uploads\/2017\/09\/mazapanIMG_1094.jpg","width":800,"height":657,"caption":"caprices d'amande"},{"@type":"BreadcrumbList","@id":"https:\/\/www.dulces-laponderosa.com\/fr\/acheter-estepa\/amandes-caprices-massepain-de-soto-sachet-500-grs\/#breadcrumb","itemListElement":[{"@type":"ListItem","position":1,"name":"Portada","item":"https:\/\/www.dulces-laponderosa.com\/fr\/"},{"@type":"ListItem","position":2,"name":"Boutique","item":"https:\/\/www.dulces-laponderosa.com\/fr\/boutique\/"},{"@type":"ListItem","position":3,"name":"Amandes caprices &#8211; Massepain de Soto Sachet 500 grs."}]},{"@type":"WebSite","@id":"https:\/\/www.dulces-laponderosa.com\/fr\/#website","url":"https:\/\/www.dulces-laponderosa.com\/fr\/","name":"Dulces La Ponderosa","description":"Dulces de Navidad desde 1955","potentialAction":[{"@type":"SearchAction","target":{"@type":"EntryPoint","urlTemplate":"https:\/\/www.dulces-laponderosa.com\/fr\/?s={search_term_string}"},"query-input":{"@type":"PropertyValueSpecification","valueRequired":true,"valueName":"search_term_string"}}],"inLanguage":"fr-FR"}]}},"_links":{"self":[{"href":"https:\/\/www.dulces-laponderosa.com\/fr\/wp-json\/wp\/v2\/product\/7371","targetHints":{"allow":["GET"]}}],"collection":[{"href":"https:\/\/www.dulces-laponderosa.com\/fr\/wp-json\/wp\/v2\/product"}],"about":[{"href":"https:\/\/www.dulces-laponderosa.com\/fr\/wp-json\/wp\/v2\/types\/product"}],"replies":[{"embeddable":true,"href":"https:\/\/www.dulces-laponderosa.com\/fr\/wp-json\/wp\/v2\/comments?post=7371"}],"wp:featuredmedia":[{"embeddable":true,"href":"https:\/\/www.dulces-laponderosa.com\/fr\/wp-json\/wp\/v2\/media\/1879"}],"wp:attachment":[{"href":"https:\/\/www.dulces-laponderosa.com\/fr\/wp-json\/wp\/v2\/media?parent=7371"}],"wp:term":[{"taxonomy":"product_brand","embeddable":true,"href":"https:\/\/www.dulces-laponderosa.com\/fr\/wp-json\/wp\/v2\/product_brand?post=7371"},{"taxonomy":"product_cat","embeddable":true,"href":"https:\/\/www.dulces-laponderosa.com\/fr\/wp-json\/wp\/v2\/product_cat?post=7371"},{"taxonomy":"product_tag","embeddable":true,"href":"https:\/\/www.dulces-laponderosa.com\/fr\/wp-json\/wp\/v2\/product_tag?post=7371"}],"curies":[{"name":"wp","href":"https:\/\/api.w.org\/{rel}","templated":true}]}}