{"id":7388,"date":"2017-09-05T10:48:28","date_gmt":"2017-09-05T08:48:28","guid":{"rendered":"https:\/\/www.dulces-laponderosa.com\/producto\/assortiment-minis-carton-25-kgs\/"},"modified":"2025-09-17T16:29:04","modified_gmt":"2025-09-17T14:29:04","slug":"assortiment-minis-carton-25-kgs","status":"publish","type":"product","link":"https:\/\/www.dulces-laponderosa.com\/fr\/acheter-estepa\/assortiment-minis-carton-25-kgs\/","title":{"rendered":"Assortiment minis Carton 2,5 kgs."},"content":{"rendered":"<section class=\"l-section wpb_row height_custom\"><div class=\"l-section-h i-cf\"><div class=\"g-cols vc_row via_flex valign_top type_default stacking_default\"><div class=\"vc_col-sm-12 wpb_column vc_column_container\"><div class=\"vc_column-inner\"><div class=\"wpb_wrapper\"><div class=\"wpb_text_column\"><div class=\"wpb_wrapper\"><h4>Ingr\u00e9dients<\/h4>\n<p><strong><a href=\"https:\/\/www.dulces-laponderosa.com\/?post_type=product&amp;p=1257\">Mini glace \u00e0 la cannelle :<\/a><\/strong> Farine de<strong> bl\u00e9<\/strong> , sucre, saindoux ib\u00e9rique (antioxydant : E-320), cannelle (1%) et graines de <strong>s\u00e9same. Peut contenir des traces de fruits \u00e0 coque, d&rsquo;arachides et de sulfites<\/strong>.<\/p>\n<p><a href=\"https:\/\/www.dulces-laponderosa.com\/?post_type=product&amp;p=1242\"><strong>Mini polvor\u00f3n aux amandes:<\/strong><\/a> Farine de<strong> bl\u00e9<\/strong> , sucre, saindoux ib\u00e9rique (antioxydant : E-320),<strong> amande<\/strong> (8%), ar\u00f4me cannelle, clou de girofle et citron. Peut contenir des traces d&rsquo;<strong>arachides<\/strong>, de s\u00e9same et de <strong>sulfites<\/strong>.<\/p>\n<p> <a href=\"https:\/\/www.dulces-laponderosa.com\/?post_type=product&amp;p=1221\"><strong>Mini beignet au vin et aux amandes :<\/strong><\/a> Farine de<strong> bl\u00e9,<\/strong> Saindoux ib\u00e9rique (antioxydant : E-320), sucre, vin (contient des sulfites) (12%),<strong> amande<\/strong> (5%), Matalah\u00fava, cannelle, graines de s\u00e9same, ar\u00f4me d&rsquo;anis et ar\u00f4me de citron.<strong> Peut contenir des traces d&rsquo;arachides.<\/strong><\/p>\n<h4>Allerg\u00e8nes<\/h4>\n<p>Contient du gluten, des noix, du s\u00e9same et des sulfites. Peut contenir des traces d&rsquo;arachides.<\/p>\n<h4>Tableau nutritionnel<\/h4>\n<p> <a href=\"https:\/\/www.dulces-laponderosa.com\/?post_type=product&amp;p=1257\">Mini glace \u00e0 la cannelle<\/a> ,<a href=\"https:\/\/www.dulces-laponderosa.com\/?post_type=product&amp;p=1257\"> Mini polvor\u00f3n aux amandes,<\/a><a href=\"https:\/\/www.dulces-laponderosa.com\/?post_type=product&amp;p=1221\"> Mini beignet au vin et aux amandes.<\/a><\/p>\n<\/div><\/div><\/div><\/div><\/div><\/div><\/div><\/section>\n","protected":false},"excerpt":{"rendered":"<h4>La description<\/h4>\n<p>Dans cet assortiment la mini boite de 2,5 kgs est la plus traditionnelle de No\u00ebl. Dans un seul produit, vous trouverez une s\u00e9lection de :<\/p>\n<p><strong>&#8211; Beignets au vin et aux amandes.<\/strong> La version mini de notre exquis rosco de vino. De forme arrondie, avec un trou au centre, fait de vin doux, d&rsquo;amandes, de s\u00e9same et d&rsquo;un enrobage de sucre glace.<br \/>\n<strong>&#8211; Poudre d&rsquo;amande.<\/strong> Que serait No\u00ebl sans les traditionnelles polvorones ? Bien que plus petits que les originaux, nos rev\u00eatements en poudre conservent cette saveur d&rsquo;amande caract\u00e9ristique.<br \/>\n<strong>&#8211; Beurre \u00e0 la cannelle.<\/strong> Le roi de No\u00ebl avec le polvor\u00f3n. La version mini de nos glaces est compos\u00e9e des m\u00eames ingr\u00e9dients : beurre, farine, poudre d&rsquo;amandes, s\u00e9same et cannelle.<\/p>\n<h4>Pr\u00e9sentation<\/h4>\n<p>Emball\u00e9 individuellement et pr\u00e9sent\u00e9 dans une bo\u00eete de 2,5 kg. Il est \u00e9galement disponible dans un autre format :<a href=\"https:\/\/www.dulces-laponderosa.com\/producto\/surtido-minis-bolsa-400-grs\/\" target=\"_blank\" rel=\"noopener noreferrer\"> sachet de 400gr<\/a> .<\/p>\n","protected":false},"featured_media":1813,"comment_status":"open","ping_status":"closed","template":"","meta":{"_joinchat":[]},"product_brand":[],"product_cat":[1025],"product_tag":[],"class_list":{"0":"post-7388","1":"product","2":"type-product","3":"status-publish","4":"has-post-thumbnail","6":"product_cat-mini-assortiment","8":"first","9":"instock","10":"taxable","11":"shipping-taxable","12":"purchasable","13":"product-type-simple"},"yoast_head":"<!-- This site is optimized with the Yoast SEO plugin v27.2 - https:\/\/yoast.com\/product\/yoast-seo-wordpress\/ -->\n<title>Assortiment minis Carton 2,5 kgs. - Dulces La Ponderosa<\/title>\n<meta name=\"description\" content=\"Assortiment exquis de petites douceurs de No\u00ebl pr\u00e9sent\u00e9es dans une bo\u00eete de 2,65 kg. La Ponderosa rapporte \u00e0 la maison les meilleurs bonbons de No\u00ebl !\" \/>\n<meta name=\"robots\" content=\"index, follow, max-snippet:-1, max-image-preview:large, max-video-preview:-1\" \/>\n<link rel=\"canonical\" href=\"https:\/\/www.dulces-laponderosa.com\/fr\/acheter-estepa\/assortiment-minis-carton-25-kgs\/\" \/>\n<meta property=\"og:locale\" content=\"fr_FR\" \/>\n<meta property=\"og:type\" content=\"article\" \/>\n<meta property=\"og:title\" content=\"Assortiment minis Carton 2,5 kgs. - Dulces La Ponderosa\" \/>\n<meta property=\"og:description\" content=\"Assortiment exquis de petites douceurs de No\u00ebl pr\u00e9sent\u00e9es dans une bo\u00eete de 2,65 kg. La Ponderosa rapporte \u00e0 la maison les meilleurs bonbons de No\u00ebl !\" \/>\n<meta property=\"og:url\" content=\"https:\/\/www.dulces-laponderosa.com\/fr\/acheter-estepa\/assortiment-minis-carton-25-kgs\/\" \/>\n<meta property=\"og:site_name\" content=\"Dulces La Ponderosa\" \/>\n<meta property=\"article:modified_time\" content=\"2025-09-17T14:29:04+00:00\" \/>\n<meta property=\"og:image\" content=\"https:\/\/www.dulces-laponderosa.com\/wp-content\/uploads\/2017\/09\/Polvoroncito-Almendra_IMG_0090.jpg\" \/>\n\t<meta property=\"og:image:width\" content=\"800\" \/>\n\t<meta property=\"og:image:height\" content=\"550\" \/>\n\t<meta property=\"og:image:type\" content=\"image\/jpeg\" \/>\n<meta name=\"twitter:card\" content=\"summary_large_image\" \/>\n<meta name=\"twitter:label1\" content=\"Dur\u00e9e de lecture estim\u00e9e\" \/>\n\t<meta name=\"twitter:data1\" content=\"1 minute\" \/>\n<script type=\"application\/ld+json\" class=\"yoast-schema-graph\">{\"@context\":\"https:\/\/schema.org\",\"@graph\":[{\"@type\":\"WebPage\",\"@id\":\"https:\/\/www.dulces-laponderosa.com\/fr\/acheter-estepa\/assortiment-minis-carton-25-kgs\/\",\"url\":\"https:\/\/www.dulces-laponderosa.com\/fr\/acheter-estepa\/assortiment-minis-carton-25-kgs\/\",\"name\":\"Assortiment minis Carton 2,5 kgs. - Dulces La Ponderosa\",\"isPartOf\":{\"@id\":\"https:\/\/www.dulces-laponderosa.com\/fr\/#website\"},\"primaryImageOfPage\":{\"@id\":\"https:\/\/www.dulces-laponderosa.com\/fr\/acheter-estepa\/assortiment-minis-carton-25-kgs\/#primaryimage\"},\"image\":{\"@id\":\"https:\/\/www.dulces-laponderosa.com\/fr\/acheter-estepa\/assortiment-minis-carton-25-kgs\/#primaryimage\"},\"thumbnailUrl\":\"https:\/\/www.dulces-laponderosa.com\/wp-content\/uploads\/2017\/09\/Polvoroncito-Almendra_IMG_0090.jpg\",\"datePublished\":\"2017-09-05T08:48:28+00:00\",\"dateModified\":\"2025-09-17T14:29:04+00:00\",\"description\":\"Assortiment exquis de petites douceurs de No\u00ebl pr\u00e9sent\u00e9es dans une bo\u00eete de 2,65 kg. La Ponderosa rapporte \u00e0 la maison les meilleurs bonbons de No\u00ebl !\",\"breadcrumb\":{\"@id\":\"https:\/\/www.dulces-laponderosa.com\/fr\/acheter-estepa\/assortiment-minis-carton-25-kgs\/#breadcrumb\"},\"inLanguage\":\"fr-FR\",\"potentialAction\":[{\"@type\":\"ReadAction\",\"target\":[\"https:\/\/www.dulces-laponderosa.com\/fr\/acheter-estepa\/assortiment-minis-carton-25-kgs\/\"]}]},{\"@type\":\"ImageObject\",\"inLanguage\":\"fr-FR\",\"@id\":\"https:\/\/www.dulces-laponderosa.com\/fr\/acheter-estepa\/assortiment-minis-carton-25-kgs\/#primaryimage\",\"url\":\"https:\/\/www.dulces-laponderosa.com\/wp-content\/uploads\/2017\/09\/Polvoroncito-Almendra_IMG_0090.jpg\",\"contentUrl\":\"https:\/\/www.dulces-laponderosa.com\/wp-content\/uploads\/2017\/09\/Polvoroncito-Almendra_IMG_0090.jpg\",\"width\":800,\"height\":550,\"caption\":\"polvorones\"},{\"@type\":\"BreadcrumbList\",\"@id\":\"https:\/\/www.dulces-laponderosa.com\/fr\/acheter-estepa\/assortiment-minis-carton-25-kgs\/#breadcrumb\",\"itemListElement\":[{\"@type\":\"ListItem\",\"position\":1,\"name\":\"Portada\",\"item\":\"https:\/\/www.dulces-laponderosa.com\/fr\/\"},{\"@type\":\"ListItem\",\"position\":2,\"name\":\"Boutique\",\"item\":\"https:\/\/www.dulces-laponderosa.com\/fr\/boutique\/\"},{\"@type\":\"ListItem\",\"position\":3,\"name\":\"Assortiment minis Carton 2,5 kgs.\"}]},{\"@type\":\"WebSite\",\"@id\":\"https:\/\/www.dulces-laponderosa.com\/fr\/#website\",\"url\":\"https:\/\/www.dulces-laponderosa.com\/fr\/\",\"name\":\"Dulces La Ponderosa\",\"description\":\"Dulces de Navidad desde 1955\",\"potentialAction\":[{\"@type\":\"SearchAction\",\"target\":{\"@type\":\"EntryPoint\",\"urlTemplate\":\"https:\/\/www.dulces-laponderosa.com\/fr\/?s={search_term_string}\"},\"query-input\":{\"@type\":\"PropertyValueSpecification\",\"valueRequired\":true,\"valueName\":\"search_term_string\"}}],\"inLanguage\":\"fr-FR\"}]}<\/script>\n<!-- \/ Yoast SEO plugin. -->","yoast_head_json":{"title":"Assortiment minis Carton 2,5 kgs. - Dulces La Ponderosa","description":"Assortiment exquis de petites douceurs de No\u00ebl pr\u00e9sent\u00e9es dans une bo\u00eete de 2,65 kg. La Ponderosa rapporte \u00e0 la maison les meilleurs bonbons de No\u00ebl !","robots":{"index":"index","follow":"follow","max-snippet":"max-snippet:-1","max-image-preview":"max-image-preview:large","max-video-preview":"max-video-preview:-1"},"canonical":"https:\/\/www.dulces-laponderosa.com\/fr\/acheter-estepa\/assortiment-minis-carton-25-kgs\/","og_locale":"fr_FR","og_type":"article","og_title":"Assortiment minis Carton 2,5 kgs. - Dulces La Ponderosa","og_description":"Assortiment exquis de petites douceurs de No\u00ebl pr\u00e9sent\u00e9es dans une bo\u00eete de 2,65 kg. La Ponderosa rapporte \u00e0 la maison les meilleurs bonbons de No\u00ebl !","og_url":"https:\/\/www.dulces-laponderosa.com\/fr\/acheter-estepa\/assortiment-minis-carton-25-kgs\/","og_site_name":"Dulces La Ponderosa","article_modified_time":"2025-09-17T14:29:04+00:00","og_image":[{"width":800,"height":550,"url":"https:\/\/www.dulces-laponderosa.com\/wp-content\/uploads\/2017\/09\/Polvoroncito-Almendra_IMG_0090.jpg","type":"image\/jpeg"}],"twitter_card":"summary_large_image","twitter_misc":{"Dur\u00e9e de lecture estim\u00e9e":"1 minute"},"schema":{"@context":"https:\/\/schema.org","@graph":[{"@type":"WebPage","@id":"https:\/\/www.dulces-laponderosa.com\/fr\/acheter-estepa\/assortiment-minis-carton-25-kgs\/","url":"https:\/\/www.dulces-laponderosa.com\/fr\/acheter-estepa\/assortiment-minis-carton-25-kgs\/","name":"Assortiment minis Carton 2,5 kgs. - Dulces La Ponderosa","isPartOf":{"@id":"https:\/\/www.dulces-laponderosa.com\/fr\/#website"},"primaryImageOfPage":{"@id":"https:\/\/www.dulces-laponderosa.com\/fr\/acheter-estepa\/assortiment-minis-carton-25-kgs\/#primaryimage"},"image":{"@id":"https:\/\/www.dulces-laponderosa.com\/fr\/acheter-estepa\/assortiment-minis-carton-25-kgs\/#primaryimage"},"thumbnailUrl":"https:\/\/www.dulces-laponderosa.com\/wp-content\/uploads\/2017\/09\/Polvoroncito-Almendra_IMG_0090.jpg","datePublished":"2017-09-05T08:48:28+00:00","dateModified":"2025-09-17T14:29:04+00:00","description":"Assortiment exquis de petites douceurs de No\u00ebl pr\u00e9sent\u00e9es dans une bo\u00eete de 2,65 kg. La Ponderosa rapporte \u00e0 la maison les meilleurs bonbons de No\u00ebl !","breadcrumb":{"@id":"https:\/\/www.dulces-laponderosa.com\/fr\/acheter-estepa\/assortiment-minis-carton-25-kgs\/#breadcrumb"},"inLanguage":"fr-FR","potentialAction":[{"@type":"ReadAction","target":["https:\/\/www.dulces-laponderosa.com\/fr\/acheter-estepa\/assortiment-minis-carton-25-kgs\/"]}]},{"@type":"ImageObject","inLanguage":"fr-FR","@id":"https:\/\/www.dulces-laponderosa.com\/fr\/acheter-estepa\/assortiment-minis-carton-25-kgs\/#primaryimage","url":"https:\/\/www.dulces-laponderosa.com\/wp-content\/uploads\/2017\/09\/Polvoroncito-Almendra_IMG_0090.jpg","contentUrl":"https:\/\/www.dulces-laponderosa.com\/wp-content\/uploads\/2017\/09\/Polvoroncito-Almendra_IMG_0090.jpg","width":800,"height":550,"caption":"polvorones"},{"@type":"BreadcrumbList","@id":"https:\/\/www.dulces-laponderosa.com\/fr\/acheter-estepa\/assortiment-minis-carton-25-kgs\/#breadcrumb","itemListElement":[{"@type":"ListItem","position":1,"name":"Portada","item":"https:\/\/www.dulces-laponderosa.com\/fr\/"},{"@type":"ListItem","position":2,"name":"Boutique","item":"https:\/\/www.dulces-laponderosa.com\/fr\/boutique\/"},{"@type":"ListItem","position":3,"name":"Assortiment minis Carton 2,5 kgs."}]},{"@type":"WebSite","@id":"https:\/\/www.dulces-laponderosa.com\/fr\/#website","url":"https:\/\/www.dulces-laponderosa.com\/fr\/","name":"Dulces La Ponderosa","description":"Dulces de Navidad desde 1955","potentialAction":[{"@type":"SearchAction","target":{"@type":"EntryPoint","urlTemplate":"https:\/\/www.dulces-laponderosa.com\/fr\/?s={search_term_string}"},"query-input":{"@type":"PropertyValueSpecification","valueRequired":true,"valueName":"search_term_string"}}],"inLanguage":"fr-FR"}]}},"_links":{"self":[{"href":"https:\/\/www.dulces-laponderosa.com\/fr\/wp-json\/wp\/v2\/product\/7388","targetHints":{"allow":["GET"]}}],"collection":[{"href":"https:\/\/www.dulces-laponderosa.com\/fr\/wp-json\/wp\/v2\/product"}],"about":[{"href":"https:\/\/www.dulces-laponderosa.com\/fr\/wp-json\/wp\/v2\/types\/product"}],"replies":[{"embeddable":true,"href":"https:\/\/www.dulces-laponderosa.com\/fr\/wp-json\/wp\/v2\/comments?post=7388"}],"wp:featuredmedia":[{"embeddable":true,"href":"https:\/\/www.dulces-laponderosa.com\/fr\/wp-json\/wp\/v2\/media\/1813"}],"wp:attachment":[{"href":"https:\/\/www.dulces-laponderosa.com\/fr\/wp-json\/wp\/v2\/media?parent=7388"}],"wp:term":[{"taxonomy":"product_brand","embeddable":true,"href":"https:\/\/www.dulces-laponderosa.com\/fr\/wp-json\/wp\/v2\/product_brand?post=7388"},{"taxonomy":"product_cat","embeddable":true,"href":"https:\/\/www.dulces-laponderosa.com\/fr\/wp-json\/wp\/v2\/product_cat?post=7388"},{"taxonomy":"product_tag","embeddable":true,"href":"https:\/\/www.dulces-laponderosa.com\/fr\/wp-json\/wp\/v2\/product_tag?post=7388"}],"curies":[{"name":"wp","href":"https:\/\/api.w.org\/{rel}","templated":true}]}}