{"id":7390,"date":"2017-09-05T10:44:42","date_gmt":"2017-09-05T08:44:42","guid":{"rendered":"https:\/\/www.dulces-laponderosa.com\/producto\/bonbon-croustillant-sachet-500-gr\/"},"modified":"2026-03-10T17:21:25","modified_gmt":"2026-03-10T16:21:25","slug":"bonbon-croustillant-sachet-500-gr","status":"publish","type":"product","link":"https:\/\/www.dulces-laponderosa.com\/fr\/acheter-estepa\/bonbon-croustillant-sachet-500-gr\/","title":{"rendered":"Bonbon croustillant. Sachet 500 gr."},"content":{"rendered":"<section class=\"l-section wpb_row height_custom\"><div class=\"l-section-h i-cf\"><div class=\"g-cols vc_row via_flex valign_top type_default stacking_default\"><div class=\"vc_col-sm-12 wpb_column vc_column_container\"><div class=\"vc_column-inner\"><div class=\"wpb_wrapper\"><div class=\"wpb_text_column\"><div class=\"wpb_wrapper\"><h4>Ingr\u00e9dients<\/h4>\n<p>Farine de <strong>bl\u00e9<\/strong> , enrobage sp\u00e9cial \u00e0 la graisse v\u00e9g\u00e9tale (sucre, graisse de palmiste totalement hydrog\u00e9n\u00e9e, poudre de cacao d\u00e9graiss\u00e9, \u00e9mulsifiant : E-322 (contient <strong>soja<\/strong> ), ar\u00f4me et cannelle), sucre, graisse de palme, boulettes de riz (farine de riz, <strong>bl\u00e9<\/strong> , sucre, malt <strong>bl\u00e9<\/strong> poudre et sel) et de la poudre de cacao. <strong>Peut contenir des traces de fruits \u00e0 coque, arachides, lait et ses d\u00e9riv\u00e9s (dont lactose), s\u00e9same et sulfites.<\/strong><\/p>\n<h4>Allerg\u00e8nes<\/h4>\n<p>Contient du gluten et du soja. Peut contenir des traces de fruits \u00e0 coque, arachides, lait et ses d\u00e9riv\u00e9s (dont lactose), s\u00e9same et sulfites.<\/p>\n<h4>Tableau nutritionnel<\/h4>\n<\/div><\/div><\/div><\/div><\/div><\/div><\/div><\/section><section class=\"l-section wpb_row height_custom\"><div class=\"l-section-h i-cf\"><div class=\"g-cols vc_row via_flex valign_top type_default stacking_default\"><div class=\"vc_col-sm-12 wpb_column vc_column_container\"><div class=\"vc_column-inner\"><div class=\"wpb_wrapper\"><div class=\"wpb_text_column\"><div class=\"wpb_wrapper\"><\/div><\/div><\/div><\/div><\/div><\/div><\/div><\/section>\n","protected":false},"excerpt":{"rendered":"<h4>La description<\/h4>\n<p>Chez Dulces La Ponderosa, outre la confection des traditionnelles douceurs de No\u00ebl, nous misons \u00e9galement sur les sp\u00e9cialit\u00e9s, et c&rsquo;est en elles que s&rsquo;encadre notre bonbon au chocolat croustillant.<\/p>\n<p>Passez votre commande maintenant via notre boutique en ligne et nous vous les enverrons directement \u00e0 votre domicile.<\/p>\n<h4>Pr\u00e9sentation<\/h4>\n<p>Notre bonbon croustillant est pr\u00e9sent\u00e9 emball\u00e9 individuellement, ce qui permet \u00e0 ce produit de conserver toutes ses propri\u00e9t\u00e9s plus longtemps. En sachet de 500grs. Oui, nous le vendons \u00e9galement dans d&rsquo;autres tailles,<strong> Bo\u00eete de 300grs et bo\u00eete de 3kgs.<\/strong> <\/p>\n","protected":false},"featured_media":1978,"comment_status":"open","ping_status":"closed","template":"","meta":{"_joinchat":[]},"product_brand":[],"product_cat":[1023,920],"product_tag":[900,899,901,902,915,913,903],"class_list":{"0":"post-7390","1":"product","2":"type-product","3":"status-publish","4":"has-post-thumbnail","6":"product_cat-bonbon-croustillant","7":"product_cat-specialites","8":"product_tag-allergene-darachide","9":"product_tag-allergene-de-gluten","10":"product_tag-allergene-de-noix","11":"product_tag-allergene-de-sesame","12":"product_tag-allergene-de-soja","13":"product_tag-allergene-du-lait","14":"product_tag-allergene-sulfite","16":"first","17":"outofstock","18":"taxable","19":"shipping-taxable","20":"purchasable","21":"product-type-simple"},"yoast_head":"<!-- This site is optimized with the Yoast SEO plugin v27.2 - https:\/\/yoast.com\/product\/yoast-seo-wordpress\/ -->\n<title>Bonbon croustillant. Sachet 500 gr. - Dulces La Ponderosa<\/title>\n<meta name=\"description\" content=\"D\u00e9licieux chocolats croquants pr\u00e9sent\u00e9s en sachet de 500 g. La Ponderosa rapporte \u00e0 la maison les meilleurs bonbons de No\u00ebl !\" \/>\n<meta name=\"robots\" content=\"index, follow, max-snippet:-1, max-image-preview:large, max-video-preview:-1\" \/>\n<link rel=\"canonical\" href=\"https:\/\/www.dulces-laponderosa.com\/fr\/acheter-estepa\/bonbon-croustillant-sachet-500-gr\/\" \/>\n<meta property=\"og:locale\" content=\"fr_FR\" \/>\n<meta property=\"og:type\" content=\"article\" \/>\n<meta property=\"og:title\" content=\"Bonbon croustillant. Sachet 500 gr. - Dulces La Ponderosa\" \/>\n<meta property=\"og:description\" content=\"D\u00e9licieux chocolats croquants pr\u00e9sent\u00e9s en sachet de 500 g. La Ponderosa rapporte \u00e0 la maison les meilleurs bonbons de No\u00ebl !\" \/>\n<meta property=\"og:url\" content=\"https:\/\/www.dulces-laponderosa.com\/fr\/acheter-estepa\/bonbon-croustillant-sachet-500-gr\/\" \/>\n<meta property=\"og:site_name\" content=\"Dulces La Ponderosa\" \/>\n<meta property=\"article:modified_time\" content=\"2026-03-10T16:21:25+00:00\" \/>\n<meta property=\"og:image\" content=\"https:\/\/www.dulces-laponderosa.com\/wp-content\/uploads\/2017\/09\/Bombon-crujiente.jpg\" \/>\n\t<meta property=\"og:image:width\" content=\"800\" \/>\n\t<meta property=\"og:image:height\" content=\"550\" \/>\n\t<meta property=\"og:image:type\" content=\"image\/jpeg\" \/>\n<meta name=\"twitter:card\" content=\"summary_large_image\" \/>\n<meta name=\"twitter:label1\" content=\"Dur\u00e9e de lecture estim\u00e9e\" \/>\n\t<meta name=\"twitter:data1\" content=\"1 minute\" \/>\n<script type=\"application\/ld+json\" class=\"yoast-schema-graph\">{\"@context\":\"https:\/\/schema.org\",\"@graph\":[{\"@type\":\"WebPage\",\"@id\":\"https:\/\/www.dulces-laponderosa.com\/fr\/acheter-estepa\/bonbon-croustillant-sachet-500-gr\/\",\"url\":\"https:\/\/www.dulces-laponderosa.com\/fr\/acheter-estepa\/bonbon-croustillant-sachet-500-gr\/\",\"name\":\"Bonbon croustillant. Sachet 500 gr. - Dulces La Ponderosa\",\"isPartOf\":{\"@id\":\"https:\/\/www.dulces-laponderosa.com\/fr\/#website\"},\"primaryImageOfPage\":{\"@id\":\"https:\/\/www.dulces-laponderosa.com\/fr\/acheter-estepa\/bonbon-croustillant-sachet-500-gr\/#primaryimage\"},\"image\":{\"@id\":\"https:\/\/www.dulces-laponderosa.com\/fr\/acheter-estepa\/bonbon-croustillant-sachet-500-gr\/#primaryimage\"},\"thumbnailUrl\":\"https:\/\/www.dulces-laponderosa.com\/wp-content\/uploads\/2017\/09\/Bombon-crujiente.jpg\",\"datePublished\":\"2017-09-05T08:44:42+00:00\",\"dateModified\":\"2026-03-10T16:21:25+00:00\",\"description\":\"D\u00e9licieux chocolats croquants pr\u00e9sent\u00e9s en sachet de 500 g. La Ponderosa rapporte \u00e0 la maison les meilleurs bonbons de No\u00ebl !\",\"breadcrumb\":{\"@id\":\"https:\/\/www.dulces-laponderosa.com\/fr\/acheter-estepa\/bonbon-croustillant-sachet-500-gr\/#breadcrumb\"},\"inLanguage\":\"fr-FR\",\"potentialAction\":[{\"@type\":\"ReadAction\",\"target\":[\"https:\/\/www.dulces-laponderosa.com\/fr\/acheter-estepa\/bonbon-croustillant-sachet-500-gr\/\"]}]},{\"@type\":\"ImageObject\",\"inLanguage\":\"fr-FR\",\"@id\":\"https:\/\/www.dulces-laponderosa.com\/fr\/acheter-estepa\/bonbon-croustillant-sachet-500-gr\/#primaryimage\",\"url\":\"https:\/\/www.dulces-laponderosa.com\/wp-content\/uploads\/2017\/09\/Bombon-crujiente.jpg\",\"contentUrl\":\"https:\/\/www.dulces-laponderosa.com\/wp-content\/uploads\/2017\/09\/Bombon-crujiente.jpg\",\"width\":800,\"height\":550},{\"@type\":\"BreadcrumbList\",\"@id\":\"https:\/\/www.dulces-laponderosa.com\/fr\/acheter-estepa\/bonbon-croustillant-sachet-500-gr\/#breadcrumb\",\"itemListElement\":[{\"@type\":\"ListItem\",\"position\":1,\"name\":\"Portada\",\"item\":\"https:\/\/www.dulces-laponderosa.com\/fr\/\"},{\"@type\":\"ListItem\",\"position\":2,\"name\":\"Boutique\",\"item\":\"https:\/\/www.dulces-laponderosa.com\/fr\/boutique\/\"},{\"@type\":\"ListItem\",\"position\":3,\"name\":\"Bonbon croustillant. Sachet 500 gr.\"}]},{\"@type\":\"WebSite\",\"@id\":\"https:\/\/www.dulces-laponderosa.com\/fr\/#website\",\"url\":\"https:\/\/www.dulces-laponderosa.com\/fr\/\",\"name\":\"Dulces La Ponderosa\",\"description\":\"Dulces de Navidad desde 1955\",\"potentialAction\":[{\"@type\":\"SearchAction\",\"target\":{\"@type\":\"EntryPoint\",\"urlTemplate\":\"https:\/\/www.dulces-laponderosa.com\/fr\/?s={search_term_string}\"},\"query-input\":{\"@type\":\"PropertyValueSpecification\",\"valueRequired\":true,\"valueName\":\"search_term_string\"}}],\"inLanguage\":\"fr-FR\"}]}<\/script>\n<!-- \/ Yoast SEO plugin. -->","yoast_head_json":{"title":"Bonbon croustillant. Sachet 500 gr. - Dulces La Ponderosa","description":"D\u00e9licieux chocolats croquants pr\u00e9sent\u00e9s en sachet de 500 g. La Ponderosa rapporte \u00e0 la maison les meilleurs bonbons de No\u00ebl !","robots":{"index":"index","follow":"follow","max-snippet":"max-snippet:-1","max-image-preview":"max-image-preview:large","max-video-preview":"max-video-preview:-1"},"canonical":"https:\/\/www.dulces-laponderosa.com\/fr\/acheter-estepa\/bonbon-croustillant-sachet-500-gr\/","og_locale":"fr_FR","og_type":"article","og_title":"Bonbon croustillant. Sachet 500 gr. - Dulces La Ponderosa","og_description":"D\u00e9licieux chocolats croquants pr\u00e9sent\u00e9s en sachet de 500 g. La Ponderosa rapporte \u00e0 la maison les meilleurs bonbons de No\u00ebl !","og_url":"https:\/\/www.dulces-laponderosa.com\/fr\/acheter-estepa\/bonbon-croustillant-sachet-500-gr\/","og_site_name":"Dulces La Ponderosa","article_modified_time":"2026-03-10T16:21:25+00:00","og_image":[{"width":800,"height":550,"url":"https:\/\/www.dulces-laponderosa.com\/wp-content\/uploads\/2017\/09\/Bombon-crujiente.jpg","type":"image\/jpeg"}],"twitter_card":"summary_large_image","twitter_misc":{"Dur\u00e9e de lecture estim\u00e9e":"1 minute"},"schema":{"@context":"https:\/\/schema.org","@graph":[{"@type":"WebPage","@id":"https:\/\/www.dulces-laponderosa.com\/fr\/acheter-estepa\/bonbon-croustillant-sachet-500-gr\/","url":"https:\/\/www.dulces-laponderosa.com\/fr\/acheter-estepa\/bonbon-croustillant-sachet-500-gr\/","name":"Bonbon croustillant. Sachet 500 gr. - Dulces La Ponderosa","isPartOf":{"@id":"https:\/\/www.dulces-laponderosa.com\/fr\/#website"},"primaryImageOfPage":{"@id":"https:\/\/www.dulces-laponderosa.com\/fr\/acheter-estepa\/bonbon-croustillant-sachet-500-gr\/#primaryimage"},"image":{"@id":"https:\/\/www.dulces-laponderosa.com\/fr\/acheter-estepa\/bonbon-croustillant-sachet-500-gr\/#primaryimage"},"thumbnailUrl":"https:\/\/www.dulces-laponderosa.com\/wp-content\/uploads\/2017\/09\/Bombon-crujiente.jpg","datePublished":"2017-09-05T08:44:42+00:00","dateModified":"2026-03-10T16:21:25+00:00","description":"D\u00e9licieux chocolats croquants pr\u00e9sent\u00e9s en sachet de 500 g. La Ponderosa rapporte \u00e0 la maison les meilleurs bonbons de No\u00ebl !","breadcrumb":{"@id":"https:\/\/www.dulces-laponderosa.com\/fr\/acheter-estepa\/bonbon-croustillant-sachet-500-gr\/#breadcrumb"},"inLanguage":"fr-FR","potentialAction":[{"@type":"ReadAction","target":["https:\/\/www.dulces-laponderosa.com\/fr\/acheter-estepa\/bonbon-croustillant-sachet-500-gr\/"]}]},{"@type":"ImageObject","inLanguage":"fr-FR","@id":"https:\/\/www.dulces-laponderosa.com\/fr\/acheter-estepa\/bonbon-croustillant-sachet-500-gr\/#primaryimage","url":"https:\/\/www.dulces-laponderosa.com\/wp-content\/uploads\/2017\/09\/Bombon-crujiente.jpg","contentUrl":"https:\/\/www.dulces-laponderosa.com\/wp-content\/uploads\/2017\/09\/Bombon-crujiente.jpg","width":800,"height":550},{"@type":"BreadcrumbList","@id":"https:\/\/www.dulces-laponderosa.com\/fr\/acheter-estepa\/bonbon-croustillant-sachet-500-gr\/#breadcrumb","itemListElement":[{"@type":"ListItem","position":1,"name":"Portada","item":"https:\/\/www.dulces-laponderosa.com\/fr\/"},{"@type":"ListItem","position":2,"name":"Boutique","item":"https:\/\/www.dulces-laponderosa.com\/fr\/boutique\/"},{"@type":"ListItem","position":3,"name":"Bonbon croustillant. Sachet 500 gr."}]},{"@type":"WebSite","@id":"https:\/\/www.dulces-laponderosa.com\/fr\/#website","url":"https:\/\/www.dulces-laponderosa.com\/fr\/","name":"Dulces La Ponderosa","description":"Dulces de Navidad desde 1955","potentialAction":[{"@type":"SearchAction","target":{"@type":"EntryPoint","urlTemplate":"https:\/\/www.dulces-laponderosa.com\/fr\/?s={search_term_string}"},"query-input":{"@type":"PropertyValueSpecification","valueRequired":true,"valueName":"search_term_string"}}],"inLanguage":"fr-FR"}]}},"_links":{"self":[{"href":"https:\/\/www.dulces-laponderosa.com\/fr\/wp-json\/wp\/v2\/product\/7390","targetHints":{"allow":["GET"]}}],"collection":[{"href":"https:\/\/www.dulces-laponderosa.com\/fr\/wp-json\/wp\/v2\/product"}],"about":[{"href":"https:\/\/www.dulces-laponderosa.com\/fr\/wp-json\/wp\/v2\/types\/product"}],"replies":[{"embeddable":true,"href":"https:\/\/www.dulces-laponderosa.com\/fr\/wp-json\/wp\/v2\/comments?post=7390"}],"wp:featuredmedia":[{"embeddable":true,"href":"https:\/\/www.dulces-laponderosa.com\/fr\/wp-json\/wp\/v2\/media\/1978"}],"wp:attachment":[{"href":"https:\/\/www.dulces-laponderosa.com\/fr\/wp-json\/wp\/v2\/media?parent=7390"}],"wp:term":[{"taxonomy":"product_brand","embeddable":true,"href":"https:\/\/www.dulces-laponderosa.com\/fr\/wp-json\/wp\/v2\/product_brand?post=7390"},{"taxonomy":"product_cat","embeddable":true,"href":"https:\/\/www.dulces-laponderosa.com\/fr\/wp-json\/wp\/v2\/product_cat?post=7390"},{"taxonomy":"product_tag","embeddable":true,"href":"https:\/\/www.dulces-laponderosa.com\/fr\/wp-json\/wp\/v2\/product_tag?post=7390"}],"curies":[{"name":"wp","href":"https:\/\/api.w.org\/{rel}","templated":true}]}}