{"id":7394,"date":"2017-09-05T10:27:02","date_gmt":"2017-09-05T08:27:02","guid":{"rendered":"https:\/\/www.dulces-laponderosa.com\/producto\/boite-dassortiment-5-kgs\/"},"modified":"2025-12-12T09:25:19","modified_gmt":"2025-12-12T08:25:19","slug":"boite-dassortiment-5-kgs","status":"publish","type":"product","link":"https:\/\/www.dulces-laponderosa.com\/fr\/acheter-estepa\/boite-dassortiment-5-kgs\/","title":{"rendered":"Bo\u00eete d&rsquo;assortiment 5 kgs."},"content":{"rendered":"<section class=\"l-section wpb_row height_custom\"><div class=\"l-section-h i-cf\"><div class=\"g-cols vc_row via_flex valign_top type_default stacking_default\"><div class=\"vc_col-sm-12 wpb_column vc_column_container\"><div class=\"vc_column-inner\"><div class=\"wpb_wrapper\"><div class=\"wpb_text_column\"><div class=\"wpb_wrapper\"><h4>Ingr\u00e9dients, allerg\u00e8nes et tableau nutritionnel<\/h4>\n<p>Consultez les informations sur les ingr\u00e9dients, les allerg\u00e8nes et le tableau nutritionnel de chacun des produits qui composent l&rsquo;assortiment :<\/p>\n<p><a href=\"https:\/\/www.dulces-laponderosa.com\/producto\/mantecados-caseros-bolsa-500-grs\/\">Mantecado maison,<\/a><a href=\"https:\/\/www.dulces-laponderosa.com\/?post_type=product&amp;p=1241\"> Polvoron aux amandes,<\/a><a href=\"https:\/\/www.dulces-laponderosa.com\/producto\/roscos-vino-dulce-almendra-bolsa-500-grs\/\"> Donut au vin et aux amandes<\/a> , <a href=\"https:\/\/www.dulces-laponderosa.com\/?post_type=product&amp;p=1271\">Beurre d&rsquo;amande,<\/a><a href=\"https:\/\/www.dulces-laponderosa.com\/?post_type=product&amp;p=1302\"> Glace \u00e0 la cannelle,<\/a><a href=\"https:\/\/www.dulces-laponderosa.com\/?post_type=product&amp;p=1273\"> Le beurre de cacao,<\/a><a href=\"https:\/\/www.dulces-laponderosa.com\/?post_type=product&amp;p=1311\"> Sabl\u00e9s au citron<\/a> , <a href=\"https:\/\/www.dulces-laponderosa.com\/?post_type=product&amp;p=1308\">Beurre de noix de coco<\/a> , <a href=\"https:\/\/www.dulces-laponderosa.com\/producto\/alfajores-de-almendra\/\">Alfajore aux amandes<\/a> , <a href=\"https:\/\/www.dulces-laponderosa.com\/producto\/chocoalmendra-bolsa-500-grs\/\">Amande au chocolat<\/a> , <a href=\"https:\/\/www.dulces-laponderosa.com\/producto\/roscochoco-bolsa-500-grs\/\">Roscochoco,<\/a><a href=\"https:\/\/www.dulces-laponderosa.com\/?post_type=product&amp;p=1326\"> Boule de noix de coco,<\/a><a href=\"https:\/\/www.dulces-laponderosa.com\/fr\/produit\/bonbon-aux-noix-sachet-500-gr\/\"> Bonbon aux noix,<\/a><a href=\"https:\/\/www.dulces-laponderosa.com\/?post_type=product&amp;p=1335\"> Bonbon croustillant<\/a> , <a href=\"https:\/\/www.dulces-laponderosa.com\/?post_type=product&amp;p=1368\">Bonbon aux raisins secs,<\/a><a href=\"https:\/\/www.dulces-laponderosa.com\/?post_type=product&amp;p=1294\"> Sabrina aux amandes<\/a> Oui <a href=\"https:\/\/www.dulces-laponderosa.com\/producto\/almendras-rellenas-la-ponderosa-caja-3-kgs\/\">Amande farcie aux amandes.<\/a><\/p>\n<p>Contient du gluten, des fruits \u00e0 coque, du s\u00e9same, des sulfites, du lait et ses d\u00e9riv\u00e9s (dont le lactose) et du soja. Peut contenir des traces d&rsquo;arachides.<\/p>\n<\/div><\/div><\/div><\/div><\/div><\/div><\/div><\/section>\n","protected":false},"excerpt":{"rendered":"<h4>La description<\/h4>\n<p>Allez-vous organiser des r\u00e9unions de famille ou d&rsquo;amis ce No\u00ebl? Profitez des saveurs et des textures de No\u00ebl sans rien abandonner avec cette grande bo\u00eete d&rsquo;assortiment 5 kgs. Dans cet assortiment soign\u00e9, vous trouverez entre autres :<\/p>\n<p><strong>Mantecado maison<\/strong><\/p>\n<p><strong>Polvoron aux amandes<\/strong><\/p>\n<p><strong> Donut au vin et aux amandes<\/strong><\/p>\n<p><strong> Beurre d&rsquo;amande<\/strong><\/p>\n<p><strong>Glace \u00e0 la cannelle<\/strong><\/p>\n<p><strong> Le beurre de cacao<\/strong><\/p>\n<p><strong>Sabl\u00e9s au citron<\/strong><\/p>\n<p><strong> Beurre de noix de coco<\/strong><\/p>\n<p><strong> Alfajore aux amandes<\/strong><\/p>\n<p><strong>Amande au chocolat<\/strong><\/p>\n<p><strong>Roscochoco<\/strong><\/p>\n<p><strong>Boule de noix de coco<\/strong><\/p>\n<p><strong>Bonbon aux noix<\/strong><\/p>\n<p><strong>Bonbon croustillant<\/strong><\/p>\n<p><strong>Bonbon aux raisins secs<\/strong><\/p>\n<p><strong> Sabrina aux amandes<\/strong><\/p>\n<p><strong>Amande farcie aux amandes<\/strong><\/p>\n<p>Nos mantecados et polvorones ont le label de qualit\u00e9 de l&rsquo;IGP Mantecados y Polvorones de Estepa.<\/p>\n<h4>Pr\u00e9sentation<\/h4>\n<p>Toutes ces gourmandises sont pr\u00e9sent\u00e9es dans un \u00e9tui de 400 gr. Il est \u00e9galement disponible dans d&rsquo;autres tailles telles que<a href=\"https:\/\/www.dulces-laponderosa.com\/producto\/surtido-bolsa-650-grs\/\" target=\"_blank\" rel=\"noopener noreferrer\"> sac de 650gr<\/a> ,<a href=\"https:\/\/www.dulces-laponderosa.com\/producto\/surtido-estuche-650-grs\/\" target=\"_blank\" rel=\"noopener noreferrer\"> caisse 650 gr<\/a> ,<a href=\"https:\/\/www.dulces-laponderosa.com\/producto\/surtido-estuche-400-grs\/\"> caisse 400 gr<\/a> Oui<a href=\"https:\/\/www.dulces-laponderosa.com\/producto\/surtido-estuche-2-kgs\/\" target=\"_blank\" rel=\"noopener noreferrer\"> caisse 2kg<\/a> .<\/p>\n","protected":false},"featured_media":1855,"comment_status":"open","ping_status":"closed","template":"","meta":{"_joinchat":[]},"product_brand":[],"product_cat":[1027],"product_tag":[914,900,899,901,902,915,913,903],"class_list":{"0":"post-7394","1":"product","2":"type-product","3":"status-publish","4":"has-post-thumbnail","6":"product_cat-assortiment","7":"product_tag-allergene-doeuf","8":"product_tag-allergene-darachide","9":"product_tag-allergene-de-gluten","10":"product_tag-allergene-de-noix","11":"product_tag-allergene-de-sesame","12":"product_tag-allergene-de-soja","13":"product_tag-allergene-du-lait","14":"product_tag-allergene-sulfite","16":"first","17":"instock","18":"taxable","19":"shipping-taxable","20":"purchasable","21":"product-type-simple"},"yoast_head":"<!-- This site is optimized with the Yoast SEO plugin v27.2 - https:\/\/yoast.com\/product\/yoast-seo-wordpress\/ -->\n<title>Bo\u00eete d&#039;assortiment 5 kgs. - Dulces La Ponderosa<\/title>\n<meta name=\"description\" content=\"Assortiment exquis de bonbons de No\u00ebl pr\u00e9sent\u00e9s dans une bo\u00eete de 5 kg. La Ponderosa rapporte \u00e0 la maison les meilleurs bonbons de No\u00ebl !\" \/>\n<meta name=\"robots\" content=\"index, follow, max-snippet:-1, max-image-preview:large, max-video-preview:-1\" \/>\n<link rel=\"canonical\" href=\"https:\/\/www.dulces-laponderosa.com\/fr\/acheter-estepa\/boite-dassortiment-5-kgs\/\" \/>\n<meta property=\"og:locale\" content=\"fr_FR\" \/>\n<meta property=\"og:type\" content=\"article\" \/>\n<meta property=\"og:title\" content=\"Bo\u00eete d&#039;assortiment 5 kgs. - Dulces La Ponderosa\" \/>\n<meta property=\"og:description\" content=\"Assortiment exquis de bonbons de No\u00ebl pr\u00e9sent\u00e9s dans une bo\u00eete de 5 kg. La Ponderosa rapporte \u00e0 la maison les meilleurs bonbons de No\u00ebl !\" \/>\n<meta property=\"og:url\" content=\"https:\/\/www.dulces-laponderosa.com\/fr\/acheter-estepa\/boite-dassortiment-5-kgs\/\" \/>\n<meta property=\"og:site_name\" content=\"Dulces La Ponderosa\" \/>\n<meta property=\"article:modified_time\" content=\"2025-12-12T08:25:19+00:00\" \/>\n<meta property=\"og:image\" content=\"https:\/\/www.dulces-laponderosa.com\/wp-content\/uploads\/2017\/09\/Caja-Granel_IMG_0528.jpg\" \/>\n\t<meta property=\"og:image:width\" content=\"800\" \/>\n\t<meta property=\"og:image:height\" content=\"550\" \/>\n\t<meta property=\"og:image:type\" content=\"image\/jpeg\" \/>\n<meta name=\"twitter:card\" content=\"summary_large_image\" \/>\n<meta name=\"twitter:label1\" content=\"Dur\u00e9e de lecture estim\u00e9e\" \/>\n\t<meta name=\"twitter:data1\" content=\"1 minute\" \/>\n<script type=\"application\/ld+json\" class=\"yoast-schema-graph\">{\"@context\":\"https:\/\/schema.org\",\"@graph\":[{\"@type\":\"WebPage\",\"@id\":\"https:\/\/www.dulces-laponderosa.com\/fr\/acheter-estepa\/boite-dassortiment-5-kgs\/\",\"url\":\"https:\/\/www.dulces-laponderosa.com\/fr\/acheter-estepa\/boite-dassortiment-5-kgs\/\",\"name\":\"Bo\u00eete d'assortiment 5 kgs. - Dulces La Ponderosa\",\"isPartOf\":{\"@id\":\"https:\/\/www.dulces-laponderosa.com\/fr\/#website\"},\"primaryImageOfPage\":{\"@id\":\"https:\/\/www.dulces-laponderosa.com\/fr\/acheter-estepa\/boite-dassortiment-5-kgs\/#primaryimage\"},\"image\":{\"@id\":\"https:\/\/www.dulces-laponderosa.com\/fr\/acheter-estepa\/boite-dassortiment-5-kgs\/#primaryimage\"},\"thumbnailUrl\":\"https:\/\/www.dulces-laponderosa.com\/wp-content\/uploads\/2017\/09\/Caja-Granel_IMG_0528.jpg\",\"datePublished\":\"2017-09-05T08:27:02+00:00\",\"dateModified\":\"2025-12-12T08:25:19+00:00\",\"description\":\"Assortiment exquis de bonbons de No\u00ebl pr\u00e9sent\u00e9s dans une bo\u00eete de 5 kg. La Ponderosa rapporte \u00e0 la maison les meilleurs bonbons de No\u00ebl !\",\"breadcrumb\":{\"@id\":\"https:\/\/www.dulces-laponderosa.com\/fr\/acheter-estepa\/boite-dassortiment-5-kgs\/#breadcrumb\"},\"inLanguage\":\"fr-FR\",\"potentialAction\":[{\"@type\":\"ReadAction\",\"target\":[\"https:\/\/www.dulces-laponderosa.com\/fr\/acheter-estepa\/boite-dassortiment-5-kgs\/\"]}]},{\"@type\":\"ImageObject\",\"inLanguage\":\"fr-FR\",\"@id\":\"https:\/\/www.dulces-laponderosa.com\/fr\/acheter-estepa\/boite-dassortiment-5-kgs\/#primaryimage\",\"url\":\"https:\/\/www.dulces-laponderosa.com\/wp-content\/uploads\/2017\/09\/Caja-Granel_IMG_0528.jpg\",\"contentUrl\":\"https:\/\/www.dulces-laponderosa.com\/wp-content\/uploads\/2017\/09\/Caja-Granel_IMG_0528.jpg\",\"width\":800,\"height\":550},{\"@type\":\"BreadcrumbList\",\"@id\":\"https:\/\/www.dulces-laponderosa.com\/fr\/acheter-estepa\/boite-dassortiment-5-kgs\/#breadcrumb\",\"itemListElement\":[{\"@type\":\"ListItem\",\"position\":1,\"name\":\"Portada\",\"item\":\"https:\/\/www.dulces-laponderosa.com\/fr\/\"},{\"@type\":\"ListItem\",\"position\":2,\"name\":\"Boutique\",\"item\":\"https:\/\/www.dulces-laponderosa.com\/fr\/boutique\/\"},{\"@type\":\"ListItem\",\"position\":3,\"name\":\"Bo\u00eete d&#8217;assortiment 5 kgs.\"}]},{\"@type\":\"WebSite\",\"@id\":\"https:\/\/www.dulces-laponderosa.com\/fr\/#website\",\"url\":\"https:\/\/www.dulces-laponderosa.com\/fr\/\",\"name\":\"Dulces La Ponderosa\",\"description\":\"Dulces de Navidad desde 1955\",\"potentialAction\":[{\"@type\":\"SearchAction\",\"target\":{\"@type\":\"EntryPoint\",\"urlTemplate\":\"https:\/\/www.dulces-laponderosa.com\/fr\/?s={search_term_string}\"},\"query-input\":{\"@type\":\"PropertyValueSpecification\",\"valueRequired\":true,\"valueName\":\"search_term_string\"}}],\"inLanguage\":\"fr-FR\"}]}<\/script>\n<!-- \/ Yoast SEO plugin. -->","yoast_head_json":{"title":"Bo\u00eete d'assortiment 5 kgs. - Dulces La Ponderosa","description":"Assortiment exquis de bonbons de No\u00ebl pr\u00e9sent\u00e9s dans une bo\u00eete de 5 kg. La Ponderosa rapporte \u00e0 la maison les meilleurs bonbons de No\u00ebl !","robots":{"index":"index","follow":"follow","max-snippet":"max-snippet:-1","max-image-preview":"max-image-preview:large","max-video-preview":"max-video-preview:-1"},"canonical":"https:\/\/www.dulces-laponderosa.com\/fr\/acheter-estepa\/boite-dassortiment-5-kgs\/","og_locale":"fr_FR","og_type":"article","og_title":"Bo\u00eete d'assortiment 5 kgs. - Dulces La Ponderosa","og_description":"Assortiment exquis de bonbons de No\u00ebl pr\u00e9sent\u00e9s dans une bo\u00eete de 5 kg. La Ponderosa rapporte \u00e0 la maison les meilleurs bonbons de No\u00ebl !","og_url":"https:\/\/www.dulces-laponderosa.com\/fr\/acheter-estepa\/boite-dassortiment-5-kgs\/","og_site_name":"Dulces La Ponderosa","article_modified_time":"2025-12-12T08:25:19+00:00","og_image":[{"width":800,"height":550,"url":"https:\/\/www.dulces-laponderosa.com\/wp-content\/uploads\/2017\/09\/Caja-Granel_IMG_0528.jpg","type":"image\/jpeg"}],"twitter_card":"summary_large_image","twitter_misc":{"Dur\u00e9e de lecture estim\u00e9e":"1 minute"},"schema":{"@context":"https:\/\/schema.org","@graph":[{"@type":"WebPage","@id":"https:\/\/www.dulces-laponderosa.com\/fr\/acheter-estepa\/boite-dassortiment-5-kgs\/","url":"https:\/\/www.dulces-laponderosa.com\/fr\/acheter-estepa\/boite-dassortiment-5-kgs\/","name":"Bo\u00eete d'assortiment 5 kgs. - Dulces La Ponderosa","isPartOf":{"@id":"https:\/\/www.dulces-laponderosa.com\/fr\/#website"},"primaryImageOfPage":{"@id":"https:\/\/www.dulces-laponderosa.com\/fr\/acheter-estepa\/boite-dassortiment-5-kgs\/#primaryimage"},"image":{"@id":"https:\/\/www.dulces-laponderosa.com\/fr\/acheter-estepa\/boite-dassortiment-5-kgs\/#primaryimage"},"thumbnailUrl":"https:\/\/www.dulces-laponderosa.com\/wp-content\/uploads\/2017\/09\/Caja-Granel_IMG_0528.jpg","datePublished":"2017-09-05T08:27:02+00:00","dateModified":"2025-12-12T08:25:19+00:00","description":"Assortiment exquis de bonbons de No\u00ebl pr\u00e9sent\u00e9s dans une bo\u00eete de 5 kg. La Ponderosa rapporte \u00e0 la maison les meilleurs bonbons de No\u00ebl !","breadcrumb":{"@id":"https:\/\/www.dulces-laponderosa.com\/fr\/acheter-estepa\/boite-dassortiment-5-kgs\/#breadcrumb"},"inLanguage":"fr-FR","potentialAction":[{"@type":"ReadAction","target":["https:\/\/www.dulces-laponderosa.com\/fr\/acheter-estepa\/boite-dassortiment-5-kgs\/"]}]},{"@type":"ImageObject","inLanguage":"fr-FR","@id":"https:\/\/www.dulces-laponderosa.com\/fr\/acheter-estepa\/boite-dassortiment-5-kgs\/#primaryimage","url":"https:\/\/www.dulces-laponderosa.com\/wp-content\/uploads\/2017\/09\/Caja-Granel_IMG_0528.jpg","contentUrl":"https:\/\/www.dulces-laponderosa.com\/wp-content\/uploads\/2017\/09\/Caja-Granel_IMG_0528.jpg","width":800,"height":550},{"@type":"BreadcrumbList","@id":"https:\/\/www.dulces-laponderosa.com\/fr\/acheter-estepa\/boite-dassortiment-5-kgs\/#breadcrumb","itemListElement":[{"@type":"ListItem","position":1,"name":"Portada","item":"https:\/\/www.dulces-laponderosa.com\/fr\/"},{"@type":"ListItem","position":2,"name":"Boutique","item":"https:\/\/www.dulces-laponderosa.com\/fr\/boutique\/"},{"@type":"ListItem","position":3,"name":"Bo\u00eete d&#8217;assortiment 5 kgs."}]},{"@type":"WebSite","@id":"https:\/\/www.dulces-laponderosa.com\/fr\/#website","url":"https:\/\/www.dulces-laponderosa.com\/fr\/","name":"Dulces La Ponderosa","description":"Dulces de Navidad desde 1955","potentialAction":[{"@type":"SearchAction","target":{"@type":"EntryPoint","urlTemplate":"https:\/\/www.dulces-laponderosa.com\/fr\/?s={search_term_string}"},"query-input":{"@type":"PropertyValueSpecification","valueRequired":true,"valueName":"search_term_string"}}],"inLanguage":"fr-FR"}]}},"_links":{"self":[{"href":"https:\/\/www.dulces-laponderosa.com\/fr\/wp-json\/wp\/v2\/product\/7394","targetHints":{"allow":["GET"]}}],"collection":[{"href":"https:\/\/www.dulces-laponderosa.com\/fr\/wp-json\/wp\/v2\/product"}],"about":[{"href":"https:\/\/www.dulces-laponderosa.com\/fr\/wp-json\/wp\/v2\/types\/product"}],"replies":[{"embeddable":true,"href":"https:\/\/www.dulces-laponderosa.com\/fr\/wp-json\/wp\/v2\/comments?post=7394"}],"wp:featuredmedia":[{"embeddable":true,"href":"https:\/\/www.dulces-laponderosa.com\/fr\/wp-json\/wp\/v2\/media\/1855"}],"wp:attachment":[{"href":"https:\/\/www.dulces-laponderosa.com\/fr\/wp-json\/wp\/v2\/media?parent=7394"}],"wp:term":[{"taxonomy":"product_brand","embeddable":true,"href":"https:\/\/www.dulces-laponderosa.com\/fr\/wp-json\/wp\/v2\/product_brand?post=7394"},{"taxonomy":"product_cat","embeddable":true,"href":"https:\/\/www.dulces-laponderosa.com\/fr\/wp-json\/wp\/v2\/product_cat?post=7394"},{"taxonomy":"product_tag","embeddable":true,"href":"https:\/\/www.dulces-laponderosa.com\/fr\/wp-json\/wp\/v2\/product_tag?post=7394"}],"curies":[{"name":"wp","href":"https:\/\/api.w.org\/{rel}","templated":true}]}}