{"id":7402,"date":"2017-09-05T10:18:31","date_gmt":"2017-09-05T08:18:31","guid":{"rendered":"https:\/\/www.dulces-laponderosa.com\/producto\/boule-de-noix-de-coco-sachet-300-gr\/"},"modified":"2025-12-29T18:52:43","modified_gmt":"2025-12-29T17:52:43","slug":"boule-de-noix-de-coco-sachet-300-gr","status":"publish","type":"product","link":"https:\/\/www.dulces-laponderosa.com\/fr\/acheter-estepa\/boule-de-noix-de-coco-sachet-300-gr\/","title":{"rendered":"Boule de noix de coco. Sachet 300 gr."},"content":{"rendered":"<section class=\"l-section wpb_row height_custom\"><div class=\"l-section-h i-cf\"><div class=\"g-cols vc_row via_flex valign_top type_default stacking_default\"><div class=\"vc_col-sm-12 wpb_column vc_column_container\"><div class=\"vc_column-inner\"><div class=\"wpb_wrapper\"><div class=\"wpb_text_column\"><div class=\"wpb_wrapper\"><h4>Ingr\u00e9dients<\/h4>\n<p>Noix de coco r\u00e2p\u00e9e (35%), couverture sp\u00e9ciale en graisse v\u00e9g\u00e9tale (sucre, graisse de palmiste totalement hydrog\u00e9n\u00e9e, poudre de cacao d\u00e9graiss\u00e9, \u00e9mulsifiant : E-322 (contient <strong>soja<\/strong> ), ar\u00f4me et cannelle), fondant (sucre, sirop de glucose et eau), sirop de glucose, sirop de glucose et de fructose, sirop de sucre inverti, \u00e9dulcorant : E-420, lait concentr\u00e9 (<strong>Le Lait<\/strong> pasteuris\u00e9, sucre et <strong>lactose<\/strong> ), conservateurs : E-202, E-281 ; stabilisant : E-466 et acidulants : E-330, E-341. <strong>Peut contenir des traces de gluten, fruits \u00e0 coque, arachides, s\u00e9same et sulfites.<\/strong><\/p>\n<h4>Allerg\u00e8nes<\/h4>\n<p>Contient du soja et du lait. Peut contenir des traces de gluten, fruits \u00e0 coque, arachides, s\u00e9same et sulfites.<\/p>\n<h4>Tableau nutritionnel<\/h4>\n<\/div><\/div><\/div><\/div><\/div><\/div><\/div><\/section><section class=\"l-section wpb_row height_custom\"><div class=\"l-section-h i-cf\"><div class=\"g-cols vc_row via_flex valign_top type_default stacking_default\"><div class=\"vc_col-sm-12 wpb_column vc_column_container\"><div class=\"vc_column-inner\"><div class=\"wpb_wrapper\"><div class=\"wpb_text_column\"><div class=\"wpb_wrapper\"><\/div><\/div><\/div><\/div><\/div><\/div><\/div><\/section>\n","protected":false},"excerpt":{"rendered":"<h4>La description<\/h4>\n<p>Au sein de nos sp\u00e9cialit\u00e9s, les boules coco sont un succ\u00e8s ann\u00e9e apr\u00e8s ann\u00e9e. Une bouch\u00e9e au go\u00fbt de noix de coco dont les amateurs de ce fruit tombent amoureux. Avec une fine couche de chocolat qui recouvre une masse de noix de coco et de lait, les boules de noix de coco de Dulces La Ponderosa sont l&rsquo;un des bonbons les plus typiques qui sont consomm\u00e9s \u00e0 la maison \u00e0 ces dates.<\/p>\n<p>Sans aucun doute, une autre caract\u00e9ristique principale de ce produit est son odeur incomparable, ce doux ar\u00f4me de noix de coco qui vous enivrera juste au moment o\u00f9 vous ouvrirez son emballage.<\/p>\n<h4>Pr\u00e9sentation<\/h4>\n<p>Toutes nos boules coco sont emball\u00e9es individuellement, pr\u00e9sent\u00e9es dans un sachet de 300 g.<\/p>\n","protected":false},"featured_media":1957,"comment_status":"open","ping_status":"closed","template":"","meta":{"_joinchat":[]},"product_brand":[],"product_cat":[1029],"product_tag":[900,899,901,902,915,913,903],"class_list":{"0":"post-7402","1":"product","2":"type-product","3":"status-publish","4":"has-post-thumbnail","6":"product_cat-boule-de-noix-de-coco","7":"product_tag-allergene-darachide","8":"product_tag-allergene-de-gluten","9":"product_tag-allergene-de-noix","10":"product_tag-allergene-de-sesame","11":"product_tag-allergene-de-soja","12":"product_tag-allergene-du-lait","13":"product_tag-allergene-sulfite","15":"first","16":"instock","17":"taxable","18":"shipping-taxable","19":"purchasable","20":"product-type-simple"},"yoast_head":"<!-- This site is optimized with the Yoast SEO plugin v27.2 - https:\/\/yoast.com\/product\/yoast-seo-wordpress\/ -->\n<title>Boule de noix de coco. Sachet 300 gr. - Dulces La Ponderosa<\/title>\n<meta name=\"description\" content=\"D\u00e9licieuses boules de noix de coco pr\u00e9sent\u00e9es dans un sachet de 300 g. La Ponderosa rapporte \u00e0 la maison les meilleurs bonbons de No\u00ebl !\" \/>\n<meta name=\"robots\" content=\"index, follow, max-snippet:-1, max-image-preview:large, max-video-preview:-1\" \/>\n<link rel=\"canonical\" href=\"https:\/\/www.dulces-laponderosa.com\/fr\/acheter-estepa\/boule-de-noix-de-coco-sachet-300-gr\/\" \/>\n<meta property=\"og:locale\" content=\"fr_FR\" \/>\n<meta property=\"og:type\" content=\"article\" \/>\n<meta property=\"og:title\" content=\"Boule de noix de coco. Sachet 300 gr. - Dulces La Ponderosa\" \/>\n<meta property=\"og:description\" content=\"D\u00e9licieuses boules de noix de coco pr\u00e9sent\u00e9es dans un sachet de 300 g. La Ponderosa rapporte \u00e0 la maison les meilleurs bonbons de No\u00ebl !\" \/>\n<meta property=\"og:url\" content=\"https:\/\/www.dulces-laponderosa.com\/fr\/acheter-estepa\/boule-de-noix-de-coco-sachet-300-gr\/\" \/>\n<meta property=\"og:site_name\" content=\"Dulces La Ponderosa\" \/>\n<meta property=\"article:modified_time\" content=\"2025-12-29T17:52:43+00:00\" \/>\n<meta property=\"og:image\" content=\"https:\/\/www.dulces-laponderosa.com\/wp-content\/uploads\/2017\/09\/Bolas-de-coco.-Bolsa-500-.jpg\" \/>\n\t<meta property=\"og:image:width\" content=\"800\" \/>\n\t<meta property=\"og:image:height\" content=\"550\" \/>\n\t<meta property=\"og:image:type\" content=\"image\/jpeg\" \/>\n<meta name=\"twitter:card\" content=\"summary_large_image\" \/>\n<meta name=\"twitter:label1\" content=\"Dur\u00e9e de lecture estim\u00e9e\" \/>\n\t<meta name=\"twitter:data1\" content=\"1 minute\" \/>\n<script type=\"application\/ld+json\" class=\"yoast-schema-graph\">{\"@context\":\"https:\/\/schema.org\",\"@graph\":[{\"@type\":\"WebPage\",\"@id\":\"https:\/\/www.dulces-laponderosa.com\/fr\/acheter-estepa\/boule-de-noix-de-coco-sachet-300-gr\/\",\"url\":\"https:\/\/www.dulces-laponderosa.com\/fr\/acheter-estepa\/boule-de-noix-de-coco-sachet-300-gr\/\",\"name\":\"Boule de noix de coco. Sachet 300 gr. - Dulces La Ponderosa\",\"isPartOf\":{\"@id\":\"https:\/\/www.dulces-laponderosa.com\/fr\/#website\"},\"primaryImageOfPage\":{\"@id\":\"https:\/\/www.dulces-laponderosa.com\/fr\/acheter-estepa\/boule-de-noix-de-coco-sachet-300-gr\/#primaryimage\"},\"image\":{\"@id\":\"https:\/\/www.dulces-laponderosa.com\/fr\/acheter-estepa\/boule-de-noix-de-coco-sachet-300-gr\/#primaryimage\"},\"thumbnailUrl\":\"https:\/\/www.dulces-laponderosa.com\/wp-content\/uploads\/2017\/09\/Bolas-de-coco.-Bolsa-500-.jpg\",\"datePublished\":\"2017-09-05T08:18:31+00:00\",\"dateModified\":\"2025-12-29T17:52:43+00:00\",\"description\":\"D\u00e9licieuses boules de noix de coco pr\u00e9sent\u00e9es dans un sachet de 300 g. La Ponderosa rapporte \u00e0 la maison les meilleurs bonbons de No\u00ebl !\",\"breadcrumb\":{\"@id\":\"https:\/\/www.dulces-laponderosa.com\/fr\/acheter-estepa\/boule-de-noix-de-coco-sachet-300-gr\/#breadcrumb\"},\"inLanguage\":\"fr-FR\",\"potentialAction\":[{\"@type\":\"ReadAction\",\"target\":[\"https:\/\/www.dulces-laponderosa.com\/fr\/acheter-estepa\/boule-de-noix-de-coco-sachet-300-gr\/\"]}]},{\"@type\":\"ImageObject\",\"inLanguage\":\"fr-FR\",\"@id\":\"https:\/\/www.dulces-laponderosa.com\/fr\/acheter-estepa\/boule-de-noix-de-coco-sachet-300-gr\/#primaryimage\",\"url\":\"https:\/\/www.dulces-laponderosa.com\/wp-content\/uploads\/2017\/09\/Bolas-de-coco.-Bolsa-500-.jpg\",\"contentUrl\":\"https:\/\/www.dulces-laponderosa.com\/wp-content\/uploads\/2017\/09\/Bolas-de-coco.-Bolsa-500-.jpg\",\"width\":800,\"height\":550},{\"@type\":\"BreadcrumbList\",\"@id\":\"https:\/\/www.dulces-laponderosa.com\/fr\/acheter-estepa\/boule-de-noix-de-coco-sachet-300-gr\/#breadcrumb\",\"itemListElement\":[{\"@type\":\"ListItem\",\"position\":1,\"name\":\"Portada\",\"item\":\"https:\/\/www.dulces-laponderosa.com\/fr\/\"},{\"@type\":\"ListItem\",\"position\":2,\"name\":\"Boutique\",\"item\":\"https:\/\/www.dulces-laponderosa.com\/fr\/boutique\/\"},{\"@type\":\"ListItem\",\"position\":3,\"name\":\"Boule de noix de coco. Sachet 300 gr.\"}]},{\"@type\":\"WebSite\",\"@id\":\"https:\/\/www.dulces-laponderosa.com\/fr\/#website\",\"url\":\"https:\/\/www.dulces-laponderosa.com\/fr\/\",\"name\":\"Dulces La Ponderosa\",\"description\":\"Dulces de Navidad desde 1955\",\"potentialAction\":[{\"@type\":\"SearchAction\",\"target\":{\"@type\":\"EntryPoint\",\"urlTemplate\":\"https:\/\/www.dulces-laponderosa.com\/fr\/?s={search_term_string}\"},\"query-input\":{\"@type\":\"PropertyValueSpecification\",\"valueRequired\":true,\"valueName\":\"search_term_string\"}}],\"inLanguage\":\"fr-FR\"}]}<\/script>\n<!-- \/ Yoast SEO plugin. -->","yoast_head_json":{"title":"Boule de noix de coco. Sachet 300 gr. - Dulces La Ponderosa","description":"D\u00e9licieuses boules de noix de coco pr\u00e9sent\u00e9es dans un sachet de 300 g. La Ponderosa rapporte \u00e0 la maison les meilleurs bonbons de No\u00ebl !","robots":{"index":"index","follow":"follow","max-snippet":"max-snippet:-1","max-image-preview":"max-image-preview:large","max-video-preview":"max-video-preview:-1"},"canonical":"https:\/\/www.dulces-laponderosa.com\/fr\/acheter-estepa\/boule-de-noix-de-coco-sachet-300-gr\/","og_locale":"fr_FR","og_type":"article","og_title":"Boule de noix de coco. Sachet 300 gr. - Dulces La Ponderosa","og_description":"D\u00e9licieuses boules de noix de coco pr\u00e9sent\u00e9es dans un sachet de 300 g. La Ponderosa rapporte \u00e0 la maison les meilleurs bonbons de No\u00ebl !","og_url":"https:\/\/www.dulces-laponderosa.com\/fr\/acheter-estepa\/boule-de-noix-de-coco-sachet-300-gr\/","og_site_name":"Dulces La Ponderosa","article_modified_time":"2025-12-29T17:52:43+00:00","og_image":[{"width":800,"height":550,"url":"https:\/\/www.dulces-laponderosa.com\/wp-content\/uploads\/2017\/09\/Bolas-de-coco.-Bolsa-500-.jpg","type":"image\/jpeg"}],"twitter_card":"summary_large_image","twitter_misc":{"Dur\u00e9e de lecture estim\u00e9e":"1 minute"},"schema":{"@context":"https:\/\/schema.org","@graph":[{"@type":"WebPage","@id":"https:\/\/www.dulces-laponderosa.com\/fr\/acheter-estepa\/boule-de-noix-de-coco-sachet-300-gr\/","url":"https:\/\/www.dulces-laponderosa.com\/fr\/acheter-estepa\/boule-de-noix-de-coco-sachet-300-gr\/","name":"Boule de noix de coco. Sachet 300 gr. - Dulces La Ponderosa","isPartOf":{"@id":"https:\/\/www.dulces-laponderosa.com\/fr\/#website"},"primaryImageOfPage":{"@id":"https:\/\/www.dulces-laponderosa.com\/fr\/acheter-estepa\/boule-de-noix-de-coco-sachet-300-gr\/#primaryimage"},"image":{"@id":"https:\/\/www.dulces-laponderosa.com\/fr\/acheter-estepa\/boule-de-noix-de-coco-sachet-300-gr\/#primaryimage"},"thumbnailUrl":"https:\/\/www.dulces-laponderosa.com\/wp-content\/uploads\/2017\/09\/Bolas-de-coco.-Bolsa-500-.jpg","datePublished":"2017-09-05T08:18:31+00:00","dateModified":"2025-12-29T17:52:43+00:00","description":"D\u00e9licieuses boules de noix de coco pr\u00e9sent\u00e9es dans un sachet de 300 g. La Ponderosa rapporte \u00e0 la maison les meilleurs bonbons de No\u00ebl !","breadcrumb":{"@id":"https:\/\/www.dulces-laponderosa.com\/fr\/acheter-estepa\/boule-de-noix-de-coco-sachet-300-gr\/#breadcrumb"},"inLanguage":"fr-FR","potentialAction":[{"@type":"ReadAction","target":["https:\/\/www.dulces-laponderosa.com\/fr\/acheter-estepa\/boule-de-noix-de-coco-sachet-300-gr\/"]}]},{"@type":"ImageObject","inLanguage":"fr-FR","@id":"https:\/\/www.dulces-laponderosa.com\/fr\/acheter-estepa\/boule-de-noix-de-coco-sachet-300-gr\/#primaryimage","url":"https:\/\/www.dulces-laponderosa.com\/wp-content\/uploads\/2017\/09\/Bolas-de-coco.-Bolsa-500-.jpg","contentUrl":"https:\/\/www.dulces-laponderosa.com\/wp-content\/uploads\/2017\/09\/Bolas-de-coco.-Bolsa-500-.jpg","width":800,"height":550},{"@type":"BreadcrumbList","@id":"https:\/\/www.dulces-laponderosa.com\/fr\/acheter-estepa\/boule-de-noix-de-coco-sachet-300-gr\/#breadcrumb","itemListElement":[{"@type":"ListItem","position":1,"name":"Portada","item":"https:\/\/www.dulces-laponderosa.com\/fr\/"},{"@type":"ListItem","position":2,"name":"Boutique","item":"https:\/\/www.dulces-laponderosa.com\/fr\/boutique\/"},{"@type":"ListItem","position":3,"name":"Boule de noix de coco. Sachet 300 gr."}]},{"@type":"WebSite","@id":"https:\/\/www.dulces-laponderosa.com\/fr\/#website","url":"https:\/\/www.dulces-laponderosa.com\/fr\/","name":"Dulces La Ponderosa","description":"Dulces de Navidad desde 1955","potentialAction":[{"@type":"SearchAction","target":{"@type":"EntryPoint","urlTemplate":"https:\/\/www.dulces-laponderosa.com\/fr\/?s={search_term_string}"},"query-input":{"@type":"PropertyValueSpecification","valueRequired":true,"valueName":"search_term_string"}}],"inLanguage":"fr-FR"}]}},"_links":{"self":[{"href":"https:\/\/www.dulces-laponderosa.com\/fr\/wp-json\/wp\/v2\/product\/7402","targetHints":{"allow":["GET"]}}],"collection":[{"href":"https:\/\/www.dulces-laponderosa.com\/fr\/wp-json\/wp\/v2\/product"}],"about":[{"href":"https:\/\/www.dulces-laponderosa.com\/fr\/wp-json\/wp\/v2\/types\/product"}],"replies":[{"embeddable":true,"href":"https:\/\/www.dulces-laponderosa.com\/fr\/wp-json\/wp\/v2\/comments?post=7402"}],"wp:featuredmedia":[{"embeddable":true,"href":"https:\/\/www.dulces-laponderosa.com\/fr\/wp-json\/wp\/v2\/media\/1957"}],"wp:attachment":[{"href":"https:\/\/www.dulces-laponderosa.com\/fr\/wp-json\/wp\/v2\/media?parent=7402"}],"wp:term":[{"taxonomy":"product_brand","embeddable":true,"href":"https:\/\/www.dulces-laponderosa.com\/fr\/wp-json\/wp\/v2\/product_brand?post=7402"},{"taxonomy":"product_cat","embeddable":true,"href":"https:\/\/www.dulces-laponderosa.com\/fr\/wp-json\/wp\/v2\/product_cat?post=7402"},{"taxonomy":"product_tag","embeddable":true,"href":"https:\/\/www.dulces-laponderosa.com\/fr\/wp-json\/wp\/v2\/product_tag?post=7402"}],"curies":[{"name":"wp","href":"https:\/\/api.w.org\/{rel}","templated":true}]}}