{"id":7412,"date":"2017-09-04T15:19:03","date_gmt":"2017-09-04T13:19:03","guid":{"rendered":"https:\/\/www.dulces-laponderosa.com\/producto\/sabrinas-aux-amandes-sachet-500-gr\/"},"modified":"2025-12-22T09:15:39","modified_gmt":"2025-12-22T08:15:39","slug":"sabrinas-aux-amandes-sachet-500-gr","status":"publish","type":"product","link":"https:\/\/www.dulces-laponderosa.com\/fr\/acheter-estepa\/sabrinas-aux-amandes-sachet-500-gr\/","title":{"rendered":"Sabrinas aux amandes. Sachet 500 gr."},"content":{"rendered":"<section class=\"l-section wpb_row height_custom\"><div class=\"l-section-h i-cf\"><div class=\"g-cols vc_row via_flex valign_top type_default stacking_default\"><div class=\"vc_col-sm-12 wpb_column vc_column_container\"><div class=\"vc_column-inner\"><div class=\"wpb_wrapper\"><div class=\"wpb_text_column\"><div class=\"wpb_wrapper\"><h4>Ingr\u00e9dients<\/h4>\n<p>Farine de<strong> bl\u00e9<\/strong> , sucre,<strong> amande<\/strong> (21%), saindoux raffin\u00e9 (antioxydants E-304, E-306, E-310), ar\u00f4me de cannelle, de nougat et de citron.<strong> Peut contenir des traces de s\u00e9same, d&rsquo;arachides et de sulfites.<\/strong><\/p>\n<h4>Allerg\u00e8nes<\/h4>\n<p>Contient du gluten et des noix. Peut contenir des traces de s\u00e9same, d&rsquo;arachides et de sulfites.<\/p>\n<h4>Tableau nutritionnel<\/h4>\n<\/div><\/div><\/div><\/div><\/div><\/div><\/div><\/section><section class=\"l-section wpb_row height_custom\"><div class=\"l-section-h i-cf\"><div class=\"g-cols vc_row via_flex valign_top type_default stacking_default\"><div class=\"vc_col-sm-12 wpb_column vc_column_container\"><div class=\"vc_column-inner\"><div class=\"wpb_wrapper\"><div class=\"wpb_text_column\"><div class=\"wpb_wrapper\"><\/div><\/div><\/div><\/div><\/div><\/div><\/div><\/section>\n","protected":false},"excerpt":{"rendered":"<h4>La description<\/h4>\n<p>Les sabrinas aux amandes sont des douceurs typiques de No\u00ebl. Avec leur forme allong\u00e9e, ces d\u00e9licieux g\u00e2teaux aux amandes sont fabriqu\u00e9s avec les meilleures mati\u00e8res premi\u00e8res, telles que les amandes, les amandes espagnoles de haute qualit\u00e9 de Malaga.<\/p>\n<p>Une caract\u00e9ristique principale de nos sabrinas aux amandes est en dehors de sa forme, la saveur, des amandes grill\u00e9es, qui ann\u00e9e apr\u00e8s ann\u00e9e continue \u00e0 se conserver gr\u00e2ce \u00e0 sa recette traditionnelle, qui durera dans le temps.<\/p>\n<h4>Pr\u00e9sentation<\/h4>\n<p>Emball\u00e9es individuellement elles sont incluses dans le sachet de 500grs.<\/p>\n","protected":false},"featured_media":1914,"comment_status":"open","ping_status":"closed","template":"","meta":{"_joinchat":[]},"product_brand":[],"product_cat":[1035],"product_tag":[900,901,902,903],"class_list":{"0":"post-7412","1":"product","2":"type-product","3":"status-publish","4":"has-post-thumbnail","6":"product_cat-sabrinas-aux-amandes","7":"product_tag-allergene-darachide","8":"product_tag-allergene-de-noix","9":"product_tag-allergene-de-sesame","10":"product_tag-allergene-sulfite","12":"first","13":"outofstock","14":"taxable","15":"shipping-taxable","16":"purchasable","17":"product-type-simple"},"yoast_head":"<!-- This site is optimized with the Yoast SEO plugin v27.2 - https:\/\/yoast.com\/product\/yoast-seo-wordpress\/ -->\n<title>Sabrinas aux amandes. Sachet 500 gr. - Dulces La Ponderosa<\/title>\n<meta name=\"description\" content=\"D\u00e9licieuses sabrinas aux amandes pr\u00e9sent\u00e9es en sachet de 500 g. La Ponderosa rapporte \u00e0 la maison les meilleurs bonbons de No\u00ebl !\" \/>\n<meta name=\"robots\" content=\"index, follow, max-snippet:-1, max-image-preview:large, max-video-preview:-1\" \/>\n<link rel=\"canonical\" href=\"https:\/\/www.dulces-laponderosa.com\/fr\/acheter-estepa\/sabrinas-aux-amandes-sachet-500-gr\/\" \/>\n<meta property=\"og:locale\" content=\"fr_FR\" \/>\n<meta property=\"og:type\" content=\"article\" \/>\n<meta property=\"og:title\" content=\"Sabrinas aux amandes. Sachet 500 gr. - Dulces La Ponderosa\" \/>\n<meta property=\"og:description\" content=\"D\u00e9licieuses sabrinas aux amandes pr\u00e9sent\u00e9es en sachet de 500 g. La Ponderosa rapporte \u00e0 la maison les meilleurs bonbons de No\u00ebl !\" \/>\n<meta property=\"og:url\" content=\"https:\/\/www.dulces-laponderosa.com\/fr\/acheter-estepa\/sabrinas-aux-amandes-sachet-500-gr\/\" \/>\n<meta property=\"og:site_name\" content=\"Dulces La Ponderosa\" \/>\n<meta property=\"article:modified_time\" content=\"2025-12-22T08:15:39+00:00\" \/>\n<meta property=\"og:image\" content=\"https:\/\/www.dulces-laponderosa.com\/wp-content\/uploads\/2017\/09\/sabrinas-de-almendra.jpg\" \/>\n\t<meta property=\"og:image:width\" content=\"800\" \/>\n\t<meta property=\"og:image:height\" content=\"550\" \/>\n\t<meta property=\"og:image:type\" content=\"image\/jpeg\" \/>\n<meta name=\"twitter:card\" content=\"summary_large_image\" \/>\n<script type=\"application\/ld+json\" class=\"yoast-schema-graph\">{\"@context\":\"https:\/\/schema.org\",\"@graph\":[{\"@type\":\"WebPage\",\"@id\":\"https:\/\/www.dulces-laponderosa.com\/fr\/acheter-estepa\/sabrinas-aux-amandes-sachet-500-gr\/\",\"url\":\"https:\/\/www.dulces-laponderosa.com\/fr\/acheter-estepa\/sabrinas-aux-amandes-sachet-500-gr\/\",\"name\":\"Sabrinas aux amandes. Sachet 500 gr. - Dulces La Ponderosa\",\"isPartOf\":{\"@id\":\"https:\/\/www.dulces-laponderosa.com\/fr\/#website\"},\"primaryImageOfPage\":{\"@id\":\"https:\/\/www.dulces-laponderosa.com\/fr\/acheter-estepa\/sabrinas-aux-amandes-sachet-500-gr\/#primaryimage\"},\"image\":{\"@id\":\"https:\/\/www.dulces-laponderosa.com\/fr\/acheter-estepa\/sabrinas-aux-amandes-sachet-500-gr\/#primaryimage\"},\"thumbnailUrl\":\"https:\/\/www.dulces-laponderosa.com\/wp-content\/uploads\/2017\/09\/sabrinas-de-almendra.jpg\",\"datePublished\":\"2017-09-04T13:19:03+00:00\",\"dateModified\":\"2025-12-22T08:15:39+00:00\",\"description\":\"D\u00e9licieuses sabrinas aux amandes pr\u00e9sent\u00e9es en sachet de 500 g. La Ponderosa rapporte \u00e0 la maison les meilleurs bonbons de No\u00ebl !\",\"breadcrumb\":{\"@id\":\"https:\/\/www.dulces-laponderosa.com\/fr\/acheter-estepa\/sabrinas-aux-amandes-sachet-500-gr\/#breadcrumb\"},\"inLanguage\":\"fr-FR\",\"potentialAction\":[{\"@type\":\"ReadAction\",\"target\":[\"https:\/\/www.dulces-laponderosa.com\/fr\/acheter-estepa\/sabrinas-aux-amandes-sachet-500-gr\/\"]}]},{\"@type\":\"ImageObject\",\"inLanguage\":\"fr-FR\",\"@id\":\"https:\/\/www.dulces-laponderosa.com\/fr\/acheter-estepa\/sabrinas-aux-amandes-sachet-500-gr\/#primaryimage\",\"url\":\"https:\/\/www.dulces-laponderosa.com\/wp-content\/uploads\/2017\/09\/sabrinas-de-almendra.jpg\",\"contentUrl\":\"https:\/\/www.dulces-laponderosa.com\/wp-content\/uploads\/2017\/09\/sabrinas-de-almendra.jpg\",\"width\":800,\"height\":550},{\"@type\":\"BreadcrumbList\",\"@id\":\"https:\/\/www.dulces-laponderosa.com\/fr\/acheter-estepa\/sabrinas-aux-amandes-sachet-500-gr\/#breadcrumb\",\"itemListElement\":[{\"@type\":\"ListItem\",\"position\":1,\"name\":\"Portada\",\"item\":\"https:\/\/www.dulces-laponderosa.com\/fr\/\"},{\"@type\":\"ListItem\",\"position\":2,\"name\":\"Boutique\",\"item\":\"https:\/\/www.dulces-laponderosa.com\/fr\/boutique\/\"},{\"@type\":\"ListItem\",\"position\":3,\"name\":\"Sabrinas aux amandes. Sachet 500 gr.\"}]},{\"@type\":\"WebSite\",\"@id\":\"https:\/\/www.dulces-laponderosa.com\/fr\/#website\",\"url\":\"https:\/\/www.dulces-laponderosa.com\/fr\/\",\"name\":\"Dulces La Ponderosa\",\"description\":\"Dulces de Navidad desde 1955\",\"potentialAction\":[{\"@type\":\"SearchAction\",\"target\":{\"@type\":\"EntryPoint\",\"urlTemplate\":\"https:\/\/www.dulces-laponderosa.com\/fr\/?s={search_term_string}\"},\"query-input\":{\"@type\":\"PropertyValueSpecification\",\"valueRequired\":true,\"valueName\":\"search_term_string\"}}],\"inLanguage\":\"fr-FR\"}]}<\/script>\n<!-- \/ Yoast SEO plugin. -->","yoast_head_json":{"title":"Sabrinas aux amandes. Sachet 500 gr. - Dulces La Ponderosa","description":"D\u00e9licieuses sabrinas aux amandes pr\u00e9sent\u00e9es en sachet de 500 g. La Ponderosa rapporte \u00e0 la maison les meilleurs bonbons de No\u00ebl !","robots":{"index":"index","follow":"follow","max-snippet":"max-snippet:-1","max-image-preview":"max-image-preview:large","max-video-preview":"max-video-preview:-1"},"canonical":"https:\/\/www.dulces-laponderosa.com\/fr\/acheter-estepa\/sabrinas-aux-amandes-sachet-500-gr\/","og_locale":"fr_FR","og_type":"article","og_title":"Sabrinas aux amandes. Sachet 500 gr. - Dulces La Ponderosa","og_description":"D\u00e9licieuses sabrinas aux amandes pr\u00e9sent\u00e9es en sachet de 500 g. La Ponderosa rapporte \u00e0 la maison les meilleurs bonbons de No\u00ebl !","og_url":"https:\/\/www.dulces-laponderosa.com\/fr\/acheter-estepa\/sabrinas-aux-amandes-sachet-500-gr\/","og_site_name":"Dulces La Ponderosa","article_modified_time":"2025-12-22T08:15:39+00:00","og_image":[{"width":800,"height":550,"url":"https:\/\/www.dulces-laponderosa.com\/wp-content\/uploads\/2017\/09\/sabrinas-de-almendra.jpg","type":"image\/jpeg"}],"twitter_card":"summary_large_image","schema":{"@context":"https:\/\/schema.org","@graph":[{"@type":"WebPage","@id":"https:\/\/www.dulces-laponderosa.com\/fr\/acheter-estepa\/sabrinas-aux-amandes-sachet-500-gr\/","url":"https:\/\/www.dulces-laponderosa.com\/fr\/acheter-estepa\/sabrinas-aux-amandes-sachet-500-gr\/","name":"Sabrinas aux amandes. Sachet 500 gr. - Dulces La Ponderosa","isPartOf":{"@id":"https:\/\/www.dulces-laponderosa.com\/fr\/#website"},"primaryImageOfPage":{"@id":"https:\/\/www.dulces-laponderosa.com\/fr\/acheter-estepa\/sabrinas-aux-amandes-sachet-500-gr\/#primaryimage"},"image":{"@id":"https:\/\/www.dulces-laponderosa.com\/fr\/acheter-estepa\/sabrinas-aux-amandes-sachet-500-gr\/#primaryimage"},"thumbnailUrl":"https:\/\/www.dulces-laponderosa.com\/wp-content\/uploads\/2017\/09\/sabrinas-de-almendra.jpg","datePublished":"2017-09-04T13:19:03+00:00","dateModified":"2025-12-22T08:15:39+00:00","description":"D\u00e9licieuses sabrinas aux amandes pr\u00e9sent\u00e9es en sachet de 500 g. La Ponderosa rapporte \u00e0 la maison les meilleurs bonbons de No\u00ebl !","breadcrumb":{"@id":"https:\/\/www.dulces-laponderosa.com\/fr\/acheter-estepa\/sabrinas-aux-amandes-sachet-500-gr\/#breadcrumb"},"inLanguage":"fr-FR","potentialAction":[{"@type":"ReadAction","target":["https:\/\/www.dulces-laponderosa.com\/fr\/acheter-estepa\/sabrinas-aux-amandes-sachet-500-gr\/"]}]},{"@type":"ImageObject","inLanguage":"fr-FR","@id":"https:\/\/www.dulces-laponderosa.com\/fr\/acheter-estepa\/sabrinas-aux-amandes-sachet-500-gr\/#primaryimage","url":"https:\/\/www.dulces-laponderosa.com\/wp-content\/uploads\/2017\/09\/sabrinas-de-almendra.jpg","contentUrl":"https:\/\/www.dulces-laponderosa.com\/wp-content\/uploads\/2017\/09\/sabrinas-de-almendra.jpg","width":800,"height":550},{"@type":"BreadcrumbList","@id":"https:\/\/www.dulces-laponderosa.com\/fr\/acheter-estepa\/sabrinas-aux-amandes-sachet-500-gr\/#breadcrumb","itemListElement":[{"@type":"ListItem","position":1,"name":"Portada","item":"https:\/\/www.dulces-laponderosa.com\/fr\/"},{"@type":"ListItem","position":2,"name":"Boutique","item":"https:\/\/www.dulces-laponderosa.com\/fr\/boutique\/"},{"@type":"ListItem","position":3,"name":"Sabrinas aux amandes. Sachet 500 gr."}]},{"@type":"WebSite","@id":"https:\/\/www.dulces-laponderosa.com\/fr\/#website","url":"https:\/\/www.dulces-laponderosa.com\/fr\/","name":"Dulces La Ponderosa","description":"Dulces de Navidad desde 1955","potentialAction":[{"@type":"SearchAction","target":{"@type":"EntryPoint","urlTemplate":"https:\/\/www.dulces-laponderosa.com\/fr\/?s={search_term_string}"},"query-input":{"@type":"PropertyValueSpecification","valueRequired":true,"valueName":"search_term_string"}}],"inLanguage":"fr-FR"}]}},"_links":{"self":[{"href":"https:\/\/www.dulces-laponderosa.com\/fr\/wp-json\/wp\/v2\/product\/7412","targetHints":{"allow":["GET"]}}],"collection":[{"href":"https:\/\/www.dulces-laponderosa.com\/fr\/wp-json\/wp\/v2\/product"}],"about":[{"href":"https:\/\/www.dulces-laponderosa.com\/fr\/wp-json\/wp\/v2\/types\/product"}],"replies":[{"embeddable":true,"href":"https:\/\/www.dulces-laponderosa.com\/fr\/wp-json\/wp\/v2\/comments?post=7412"}],"wp:featuredmedia":[{"embeddable":true,"href":"https:\/\/www.dulces-laponderosa.com\/fr\/wp-json\/wp\/v2\/media\/1914"}],"wp:attachment":[{"href":"https:\/\/www.dulces-laponderosa.com\/fr\/wp-json\/wp\/v2\/media?parent=7412"}],"wp:term":[{"taxonomy":"product_brand","embeddable":true,"href":"https:\/\/www.dulces-laponderosa.com\/fr\/wp-json\/wp\/v2\/product_brand?post=7412"},{"taxonomy":"product_cat","embeddable":true,"href":"https:\/\/www.dulces-laponderosa.com\/fr\/wp-json\/wp\/v2\/product_cat?post=7412"},{"taxonomy":"product_tag","embeddable":true,"href":"https:\/\/www.dulces-laponderosa.com\/fr\/wp-json\/wp\/v2\/product_tag?post=7412"}],"curies":[{"name":"wp","href":"https:\/\/api.w.org\/{rel}","templated":true}]}}