{"id":7434,"date":"2017-09-04T10:48:31","date_gmt":"2017-09-04T08:48:31","guid":{"rendered":"https:\/\/www.dulces-laponderosa.com\/producto\/beignets-au-vin-doux-et-aux-amandes-boite-4-kgs\/"},"modified":"2025-09-18T08:28:36","modified_gmt":"2025-09-18T06:28:36","slug":"beignets-au-vin-doux-et-aux-amandes-boite-4-kgs","status":"publish","type":"product","link":"https:\/\/www.dulces-laponderosa.com\/fr\/acheter-estepa\/beignets-au-vin-doux-et-aux-amandes-boite-4-kgs\/","title":{"rendered":"Beignets au vin doux et aux amandes Bo\u00eete 4 kgs."},"content":{"rendered":"<section class=\"l-section wpb_row height_custom\"><div class=\"l-section-h i-cf\"><div class=\"g-cols vc_row via_flex valign_top type_default stacking_default\"><div class=\"vc_col-sm-12 wpb_column vc_column_container\"><div class=\"vc_column-inner\"><div class=\"wpb_wrapper\"><div class=\"wpb_text_column\"><div class=\"wpb_wrapper\"><h4>Ingr\u00e9dients:<\/h4>\n<p>Farine de<strong> bl\u00e9<\/strong> , saindoux, sucre, vin (contient<strong> sulfites<\/strong> ) (8%),<strong> amande<\/strong> (7%), graines de<strong> s\u00e9same,<\/strong> ar\u00f4me de cannelle, clou de girofle et cannelle.<strong> Peut contenir des traces d&rsquo;autres fruits \u00e0 coque, \u0153ufs, lait et leurs d\u00e9riv\u00e9s (dont lactose) et soja.<\/strong><\/p>\n<h4>Allerg\u00e8nes:<\/h4>\n<p>Contient du gluten, des noix, du s\u00e9same et des sulfites. Peut contenir des traces d&rsquo;autres fruits \u00e0 coque, \u0153ufs, lait et leurs d\u00e9riv\u00e9s (dont lactose) et soja.<\/p>\n<h4>Tableau nutritionnel :<\/h4>\n<\/div><\/div><\/div><\/div><\/div><\/div><\/div><\/section><section class=\"l-section wpb_row height_custom\"><div class=\"l-section-h i-cf\"><div class=\"g-cols vc_row via_flex valign_top type_default stacking_default\"><div class=\"vc_col-sm-12 wpb_column vc_column_container\"><div class=\"vc_column-inner\"><div class=\"wpb_wrapper\"><div class=\"wpb_text_column\"><div class=\"wpb_wrapper\"><\/div><\/div><\/div><\/div><\/div><\/div><\/div><\/section>\n","protected":false},"excerpt":{"rendered":"<h4>La description:<\/h4>\n<p>Il existe de nombreuses recettes pour faire du vin doux et des bagels aux amandes, bien que chez Dulces La Ponderosa, nous parions une fois de plus sur la tradition pour cr\u00e9er ce produit, qui conna\u00eet sans aucun doute un grand succ\u00e8s \u00e0 No\u00ebl.<\/p>\n<p>Si sa forme est caract\u00e9ristique, c&rsquo;est plus sa saveur puissante, qui m\u00eale le vin doux aux amandes, et la douceur apport\u00e9e par son enrobage de sucre glace, provoquant un festin de sensations sur notre palais.<\/p>\n<h4>Pr\u00e9sentation:<\/h4>\n<p>Individuellement, emball\u00e9 dans du papier de soie, dans notre bo\u00eete de 3kgs.<\/p>\n","protected":false},"featured_media":1012,"comment_status":"open","ping_status":"closed","template":"","meta":{"_joinchat":[]},"product_brand":[],"product_cat":[881],"product_tag":[900,899,901,903],"class_list":{"0":"post-7434","1":"product","2":"type-product","3":"status-publish","4":"has-post-thumbnail","6":"product_cat-beignets-au-vin-doux-et-aux-amandes","7":"product_tag-allergene-darachide","8":"product_tag-allergene-de-gluten","9":"product_tag-allergene-de-noix","10":"product_tag-allergene-sulfite","12":"first","13":"instock","14":"featured","15":"taxable","16":"shipping-taxable","17":"purchasable","18":"product-type-simple"},"yoast_head":"<!-- This site is optimized with the Yoast SEO plugin v27.2 - https:\/\/yoast.com\/product\/yoast-seo-wordpress\/ -->\n<title>Beignets au vin doux et aux amandes Bo\u00eete 4 kgs. - Dulces La Ponderosa<\/title>\n<meta name=\"description\" content=\"D\u00e9licieux beignets au vin doux et aux amandes pr\u00e9sent\u00e9s dans une bo\u00eete de 3 kg. La Ponderosa rapporte \u00e0 la maison les meilleurs bonbons de No\u00ebl !\" \/>\n<meta name=\"robots\" content=\"index, follow, max-snippet:-1, max-image-preview:large, max-video-preview:-1\" \/>\n<link rel=\"canonical\" href=\"https:\/\/www.dulces-laponderosa.com\/fr\/acheter-estepa\/beignets-au-vin-doux-et-aux-amandes-boite-4-kgs\/\" \/>\n<meta property=\"og:locale\" content=\"fr_FR\" \/>\n<meta property=\"og:type\" content=\"article\" \/>\n<meta property=\"og:title\" content=\"Beignets au vin doux et aux amandes Bo\u00eete 4 kgs. - Dulces La Ponderosa\" \/>\n<meta property=\"og:description\" content=\"D\u00e9licieux beignets au vin doux et aux amandes pr\u00e9sent\u00e9s dans une bo\u00eete de 3 kg. La Ponderosa rapporte \u00e0 la maison les meilleurs bonbons de No\u00ebl !\" \/>\n<meta property=\"og:url\" content=\"https:\/\/www.dulces-laponderosa.com\/fr\/acheter-estepa\/beignets-au-vin-doux-et-aux-amandes-boite-4-kgs\/\" \/>\n<meta property=\"og:site_name\" content=\"Dulces La Ponderosa\" \/>\n<meta property=\"article:modified_time\" content=\"2025-09-18T06:28:36+00:00\" \/>\n<meta property=\"og:image\" content=\"https:\/\/www.dulces-laponderosa.com\/wp-content\/uploads\/2017\/08\/Rosco-de-Vino-Ma\u0301laga_IMG_0147.jpg\" \/>\n\t<meta property=\"og:image:width\" content=\"800\" \/>\n\t<meta property=\"og:image:height\" content=\"550\" \/>\n\t<meta property=\"og:image:type\" content=\"image\/jpeg\" \/>\n<meta name=\"twitter:card\" content=\"summary_large_image\" \/>\n<meta name=\"twitter:label1\" content=\"Dur\u00e9e de lecture estim\u00e9e\" \/>\n\t<meta name=\"twitter:data1\" content=\"1 minute\" \/>\n<script type=\"application\/ld+json\" class=\"yoast-schema-graph\">{\"@context\":\"https:\/\/schema.org\",\"@graph\":[{\"@type\":\"WebPage\",\"@id\":\"https:\/\/www.dulces-laponderosa.com\/fr\/acheter-estepa\/beignets-au-vin-doux-et-aux-amandes-boite-4-kgs\/\",\"url\":\"https:\/\/www.dulces-laponderosa.com\/fr\/acheter-estepa\/beignets-au-vin-doux-et-aux-amandes-boite-4-kgs\/\",\"name\":\"Beignets au vin doux et aux amandes Bo\u00eete 4 kgs. - Dulces La Ponderosa\",\"isPartOf\":{\"@id\":\"https:\/\/www.dulces-laponderosa.com\/fr\/#website\"},\"primaryImageOfPage\":{\"@id\":\"https:\/\/www.dulces-laponderosa.com\/fr\/acheter-estepa\/beignets-au-vin-doux-et-aux-amandes-boite-4-kgs\/#primaryimage\"},\"image\":{\"@id\":\"https:\/\/www.dulces-laponderosa.com\/fr\/acheter-estepa\/beignets-au-vin-doux-et-aux-amandes-boite-4-kgs\/#primaryimage\"},\"thumbnailUrl\":\"https:\/\/www.dulces-laponderosa.com\/wp-content\/uploads\/2017\/08\/Rosco-de-Vino-Ma\u0301laga_IMG_0147.jpg\",\"datePublished\":\"2017-09-04T08:48:31+00:00\",\"dateModified\":\"2025-09-18T06:28:36+00:00\",\"description\":\"D\u00e9licieux beignets au vin doux et aux amandes pr\u00e9sent\u00e9s dans une bo\u00eete de 3 kg. La Ponderosa rapporte \u00e0 la maison les meilleurs bonbons de No\u00ebl !\",\"breadcrumb\":{\"@id\":\"https:\/\/www.dulces-laponderosa.com\/fr\/acheter-estepa\/beignets-au-vin-doux-et-aux-amandes-boite-4-kgs\/#breadcrumb\"},\"inLanguage\":\"fr-FR\",\"potentialAction\":[{\"@type\":\"ReadAction\",\"target\":[\"https:\/\/www.dulces-laponderosa.com\/fr\/acheter-estepa\/beignets-au-vin-doux-et-aux-amandes-boite-4-kgs\/\"]}]},{\"@type\":\"ImageObject\",\"inLanguage\":\"fr-FR\",\"@id\":\"https:\/\/www.dulces-laponderosa.com\/fr\/acheter-estepa\/beignets-au-vin-doux-et-aux-amandes-boite-4-kgs\/#primaryimage\",\"url\":\"https:\/\/www.dulces-laponderosa.com\/wp-content\/uploads\/2017\/08\/Rosco-de-Vino-Ma\u0301laga_IMG_0147.jpg\",\"contentUrl\":\"https:\/\/www.dulces-laponderosa.com\/wp-content\/uploads\/2017\/08\/Rosco-de-Vino-Ma\u0301laga_IMG_0147.jpg\",\"width\":800,\"height\":550},{\"@type\":\"BreadcrumbList\",\"@id\":\"https:\/\/www.dulces-laponderosa.com\/fr\/acheter-estepa\/beignets-au-vin-doux-et-aux-amandes-boite-4-kgs\/#breadcrumb\",\"itemListElement\":[{\"@type\":\"ListItem\",\"position\":1,\"name\":\"Portada\",\"item\":\"https:\/\/www.dulces-laponderosa.com\/fr\/\"},{\"@type\":\"ListItem\",\"position\":2,\"name\":\"Boutique\",\"item\":\"https:\/\/www.dulces-laponderosa.com\/fr\/boutique\/\"},{\"@type\":\"ListItem\",\"position\":3,\"name\":\"Beignets au vin doux et aux amandes Bo\u00eete 4 kgs.\"}]},{\"@type\":\"WebSite\",\"@id\":\"https:\/\/www.dulces-laponderosa.com\/fr\/#website\",\"url\":\"https:\/\/www.dulces-laponderosa.com\/fr\/\",\"name\":\"Dulces La Ponderosa\",\"description\":\"Dulces de Navidad desde 1955\",\"potentialAction\":[{\"@type\":\"SearchAction\",\"target\":{\"@type\":\"EntryPoint\",\"urlTemplate\":\"https:\/\/www.dulces-laponderosa.com\/fr\/?s={search_term_string}\"},\"query-input\":{\"@type\":\"PropertyValueSpecification\",\"valueRequired\":true,\"valueName\":\"search_term_string\"}}],\"inLanguage\":\"fr-FR\"}]}<\/script>\n<!-- \/ Yoast SEO plugin. -->","yoast_head_json":{"title":"Beignets au vin doux et aux amandes Bo\u00eete 4 kgs. - Dulces La Ponderosa","description":"D\u00e9licieux beignets au vin doux et aux amandes pr\u00e9sent\u00e9s dans une bo\u00eete de 3 kg. La Ponderosa rapporte \u00e0 la maison les meilleurs bonbons de No\u00ebl !","robots":{"index":"index","follow":"follow","max-snippet":"max-snippet:-1","max-image-preview":"max-image-preview:large","max-video-preview":"max-video-preview:-1"},"canonical":"https:\/\/www.dulces-laponderosa.com\/fr\/acheter-estepa\/beignets-au-vin-doux-et-aux-amandes-boite-4-kgs\/","og_locale":"fr_FR","og_type":"article","og_title":"Beignets au vin doux et aux amandes Bo\u00eete 4 kgs. - Dulces La Ponderosa","og_description":"D\u00e9licieux beignets au vin doux et aux amandes pr\u00e9sent\u00e9s dans une bo\u00eete de 3 kg. La Ponderosa rapporte \u00e0 la maison les meilleurs bonbons de No\u00ebl !","og_url":"https:\/\/www.dulces-laponderosa.com\/fr\/acheter-estepa\/beignets-au-vin-doux-et-aux-amandes-boite-4-kgs\/","og_site_name":"Dulces La Ponderosa","article_modified_time":"2025-09-18T06:28:36+00:00","og_image":[{"width":800,"height":550,"url":"https:\/\/www.dulces-laponderosa.com\/wp-content\/uploads\/2017\/08\/Rosco-de-Vino-Ma\u0301laga_IMG_0147.jpg","type":"image\/jpeg"}],"twitter_card":"summary_large_image","twitter_misc":{"Dur\u00e9e de lecture estim\u00e9e":"1 minute"},"schema":{"@context":"https:\/\/schema.org","@graph":[{"@type":"WebPage","@id":"https:\/\/www.dulces-laponderosa.com\/fr\/acheter-estepa\/beignets-au-vin-doux-et-aux-amandes-boite-4-kgs\/","url":"https:\/\/www.dulces-laponderosa.com\/fr\/acheter-estepa\/beignets-au-vin-doux-et-aux-amandes-boite-4-kgs\/","name":"Beignets au vin doux et aux amandes Bo\u00eete 4 kgs. - Dulces La Ponderosa","isPartOf":{"@id":"https:\/\/www.dulces-laponderosa.com\/fr\/#website"},"primaryImageOfPage":{"@id":"https:\/\/www.dulces-laponderosa.com\/fr\/acheter-estepa\/beignets-au-vin-doux-et-aux-amandes-boite-4-kgs\/#primaryimage"},"image":{"@id":"https:\/\/www.dulces-laponderosa.com\/fr\/acheter-estepa\/beignets-au-vin-doux-et-aux-amandes-boite-4-kgs\/#primaryimage"},"thumbnailUrl":"https:\/\/www.dulces-laponderosa.com\/wp-content\/uploads\/2017\/08\/Rosco-de-Vino-Ma\u0301laga_IMG_0147.jpg","datePublished":"2017-09-04T08:48:31+00:00","dateModified":"2025-09-18T06:28:36+00:00","description":"D\u00e9licieux beignets au vin doux et aux amandes pr\u00e9sent\u00e9s dans une bo\u00eete de 3 kg. La Ponderosa rapporte \u00e0 la maison les meilleurs bonbons de No\u00ebl !","breadcrumb":{"@id":"https:\/\/www.dulces-laponderosa.com\/fr\/acheter-estepa\/beignets-au-vin-doux-et-aux-amandes-boite-4-kgs\/#breadcrumb"},"inLanguage":"fr-FR","potentialAction":[{"@type":"ReadAction","target":["https:\/\/www.dulces-laponderosa.com\/fr\/acheter-estepa\/beignets-au-vin-doux-et-aux-amandes-boite-4-kgs\/"]}]},{"@type":"ImageObject","inLanguage":"fr-FR","@id":"https:\/\/www.dulces-laponderosa.com\/fr\/acheter-estepa\/beignets-au-vin-doux-et-aux-amandes-boite-4-kgs\/#primaryimage","url":"https:\/\/www.dulces-laponderosa.com\/wp-content\/uploads\/2017\/08\/Rosco-de-Vino-Ma\u0301laga_IMG_0147.jpg","contentUrl":"https:\/\/www.dulces-laponderosa.com\/wp-content\/uploads\/2017\/08\/Rosco-de-Vino-Ma\u0301laga_IMG_0147.jpg","width":800,"height":550},{"@type":"BreadcrumbList","@id":"https:\/\/www.dulces-laponderosa.com\/fr\/acheter-estepa\/beignets-au-vin-doux-et-aux-amandes-boite-4-kgs\/#breadcrumb","itemListElement":[{"@type":"ListItem","position":1,"name":"Portada","item":"https:\/\/www.dulces-laponderosa.com\/fr\/"},{"@type":"ListItem","position":2,"name":"Boutique","item":"https:\/\/www.dulces-laponderosa.com\/fr\/boutique\/"},{"@type":"ListItem","position":3,"name":"Beignets au vin doux et aux amandes Bo\u00eete 4 kgs."}]},{"@type":"WebSite","@id":"https:\/\/www.dulces-laponderosa.com\/fr\/#website","url":"https:\/\/www.dulces-laponderosa.com\/fr\/","name":"Dulces La Ponderosa","description":"Dulces de Navidad desde 1955","potentialAction":[{"@type":"SearchAction","target":{"@type":"EntryPoint","urlTemplate":"https:\/\/www.dulces-laponderosa.com\/fr\/?s={search_term_string}"},"query-input":{"@type":"PropertyValueSpecification","valueRequired":true,"valueName":"search_term_string"}}],"inLanguage":"fr-FR"}]}},"_links":{"self":[{"href":"https:\/\/www.dulces-laponderosa.com\/fr\/wp-json\/wp\/v2\/product\/7434","targetHints":{"allow":["GET"]}}],"collection":[{"href":"https:\/\/www.dulces-laponderosa.com\/fr\/wp-json\/wp\/v2\/product"}],"about":[{"href":"https:\/\/www.dulces-laponderosa.com\/fr\/wp-json\/wp\/v2\/types\/product"}],"replies":[{"embeddable":true,"href":"https:\/\/www.dulces-laponderosa.com\/fr\/wp-json\/wp\/v2\/comments?post=7434"}],"wp:featuredmedia":[{"embeddable":true,"href":"https:\/\/www.dulces-laponderosa.com\/fr\/wp-json\/wp\/v2\/media\/1012"}],"wp:attachment":[{"href":"https:\/\/www.dulces-laponderosa.com\/fr\/wp-json\/wp\/v2\/media?parent=7434"}],"wp:term":[{"taxonomy":"product_brand","embeddable":true,"href":"https:\/\/www.dulces-laponderosa.com\/fr\/wp-json\/wp\/v2\/product_brand?post=7434"},{"taxonomy":"product_cat","embeddable":true,"href":"https:\/\/www.dulces-laponderosa.com\/fr\/wp-json\/wp\/v2\/product_cat?post=7434"},{"taxonomy":"product_tag","embeddable":true,"href":"https:\/\/www.dulces-laponderosa.com\/fr\/wp-json\/wp\/v2\/product_tag?post=7434"}],"curies":[{"name":"wp","href":"https:\/\/api.w.org\/{rel}","templated":true}]}}