{"id":8338,"date":"2021-10-21T12:27:28","date_gmt":"2021-10-21T10:27:28","guid":{"rendered":"https:\/\/www.dulces-laponderosa.com\/?post_type=product&#038;p=8338"},"modified":"2025-09-17T16:50:37","modified_gmt":"2025-09-17T14:50:37","slug":"coffret-assortiment-sans-gluten-450g","status":"publish","type":"product","link":"https:\/\/www.dulces-laponderosa.com\/fr\/acheter-estepa\/coffret-assortiment-sans-gluten-450g\/","title":{"rendered":"Coffret Assortiment Sans Gluten 450G"},"content":{"rendered":"<section class=\"l-section wpb_row height_custom\"><div class=\"l-section-h i-cf\"><div class=\"g-cols vc_row via_flex valign_top type_default stacking_default\"><div class=\"vc_col-sm-12 wpb_column vc_column_container\"><div class=\"vc_column-inner\"><div class=\"wpb_wrapper\"><div class=\"wpb_text_column\"><div class=\"wpb_wrapper\"><h2>Ingr\u00e9dients<\/h2>\n<p><b>Glace \u00e0 la cannelle <\/b><\/p>\n<p><span style=\"font-weight: 400;\">Ingr\u00e9dients : Farines (riz, pois chiche), sucre, saindoux ib\u00e9rique (antioxydant : extrait de romarin et synergiste : E-330), amidon de ma\u00efs, grains de<\/span><b> s\u00e9same<\/b><span style=\"font-weight: 400;\"> et cannelle (1%).<\/span><\/p>\n<p><b>Le beurre de cacao<\/b><\/p>\n<p><span style=\"font-weight: 400;\">Ingr\u00e9dients : Farines (riz, pois chiche), sucre, saindoux ib\u00e9rique (antioxydant : extrait de romarin et synergiste : E-330), poudre de cacao (5%) et amidon de ma\u00efs.<\/span><\/p>\n<p><b>Sabl\u00e9s au citron<\/b><\/p>\n<p><span style=\"font-weight: 400;\">Ingr\u00e9dients : Farines (riz, pois chiche), sucre, saindoux ib\u00e9rique (antioxydant : extrait de romarin et synergiste : E-330), amidon de ma\u00efs et ar\u00f4me citron 0,1 %).<\/span><\/p>\n<p><b>Roscos au vin<\/b><\/p>\n<p><span style=\"font-weight: 400;\">Ingr\u00e9dients : Farines (ma\u00efs, pois chiche, avoine sans gluten), saindoux ib\u00e9rique (antioxydant : extrait de romarin et synergique : E-330), sucre,<\/span><b> venu<\/b><span style=\"font-weight: 400;\"> (7 %) (contient<\/span><b> sulfites<\/b><span style=\"font-weight: 400;\"> ), anis, cannelle, haricots<\/span><b> s\u00e9same<\/b><span style=\"font-weight: 400;\"> , poudre \u00e0 lever (E-50ii), ar\u00f4me de clou de girofle et de citron.<\/span><\/p>\n<\/div><\/div><div class=\"w-separator size_medium\"><\/div><div class=\"wpb_text_column\"><div class=\"wpb_wrapper\"><h2>Allerg\u00e8nes<\/h2>\n<p><b>Cannelle Mantecado : Peut contenir des traces d&rsquo;\u0153uf, de lait et ses d\u00e9riv\u00e9s (dont le lactose) et de fruits \u00e0 coque.<\/b><\/p>\n<p><b>Le beurre de cacao:<\/b><b> Peut contenir des traces d&rsquo;\u0153uf, lait et ses d\u00e9riv\u00e9s (dont lactose), fruits \u00e0 coque et s\u00e9same.<\/b><\/p>\n<p><b>Beurre de citron : Peut contenir des traces d&rsquo;\u0153uf, de lait et ses d\u00e9riv\u00e9s (dont le lactose), de fruits \u00e0 coque et de s\u00e9same.<\/b><\/p>\n<p><b>Beignets au vin : Peut contenir des traces d&rsquo;\u0153uf, de lait et ses d\u00e9riv\u00e9s (dont le lactose) et de fruits \u00e0 coque.<\/b><\/p>\n<\/div><\/div><div class=\"w-separator size_medium\"><\/div><div class=\"wpb_text_column\"><div class=\"wpb_wrapper\"><h2>Tableau nutritionnel<\/h2>\n<p><iframe src=\"https:\/\/docs.google.com\/spreadsheets\/d\/e\/2PACX-1vT9OdDAmz161xIxgc0bPRZvx02DMV0YHSghnO7dcm6ZjO1CyzGy0EZWYn1pcw_J1hodyfgYlLOWuSd8\/pubhtml?gid=393457100&amp;single=true&amp;widget=true&amp;headers=false\" width=\"100%\" height=\"350\"><\/iframe><\/p>\n<\/div><\/div><\/div><\/div><\/div><\/div><\/div><\/section>\n","protected":false},"excerpt":{"rendered":"<p style=\"text-align: justify;\">Assortiment Sp\u00e9cial No\u00ebl Bonbons La Ponderosa<strong> sans gluten<\/strong> Compos\u00e9 de : bagels cannelle, cacao, citron et vin.<\/p>\n<p>Pr\u00e9sent\u00e9 en sachet individuel en \u00e9tui de 450gr<\/p>\n","protected":false},"featured_media":8345,"comment_status":"closed","ping_status":"closed","template":"","meta":{"_joinchat":[]},"product_brand":[],"product_cat":[886,919],"product_tag":[],"class_list":{"0":"post-8338","1":"product","2":"type-product","3":"status-publish","4":"has-post-thumbnail","6":"product_cat-assortiments","7":"product_cat-sans-gluten","9":"first","10":"instock","11":"taxable","12":"shipping-taxable","13":"purchasable","14":"product-type-simple"},"yoast_head":"<!-- This site is optimized with the Yoast SEO plugin v27.2 - https:\/\/yoast.com\/product\/yoast-seo-wordpress\/ -->\n<title>Coffret Assortiment Sans Gluten 450G - Dulces La Ponderosa<\/title>\n<meta name=\"description\" content=\"Coffret assorti sans gluten. Notre s\u00e9lection de produits sans gluten plus traditionnels : beurre de cannelle, cacao, citron...\" \/>\n<meta name=\"robots\" content=\"index, follow, max-snippet:-1, max-image-preview:large, max-video-preview:-1\" \/>\n<link rel=\"canonical\" href=\"https:\/\/www.dulces-laponderosa.com\/fr\/acheter-estepa\/coffret-assortiment-sans-gluten-450g\/\" \/>\n<meta property=\"og:locale\" content=\"fr_FR\" \/>\n<meta property=\"og:type\" content=\"article\" \/>\n<meta property=\"og:title\" content=\"Coffret Assortiment Sans Gluten 450G - Dulces La Ponderosa\" \/>\n<meta property=\"og:description\" content=\"Coffret assorti sans gluten. Notre s\u00e9lection de produits sans gluten plus traditionnels : beurre de cannelle, cacao, citron...\" \/>\n<meta property=\"og:url\" content=\"https:\/\/www.dulces-laponderosa.com\/fr\/acheter-estepa\/coffret-assortiment-sans-gluten-450g\/\" \/>\n<meta property=\"og:site_name\" content=\"Dulces La Ponderosa\" \/>\n<meta property=\"article:modified_time\" content=\"2025-09-17T14:50:37+00:00\" \/>\n<meta property=\"og:image\" content=\"https:\/\/www.dulces-laponderosa.com\/wp-content\/uploads\/2021\/10\/estuche_singluten-1-scaled-e1635146377829.jpg\" \/>\n\t<meta property=\"og:image:width\" content=\"2560\" \/>\n\t<meta property=\"og:image:height\" content=\"1707\" \/>\n\t<meta property=\"og:image:type\" content=\"image\/jpeg\" \/>\n<meta name=\"twitter:card\" content=\"summary_large_image\" \/>\n<meta name=\"twitter:label1\" content=\"Dur\u00e9e de lecture estim\u00e9e\" \/>\n\t<meta name=\"twitter:data1\" content=\"1 minute\" \/>\n<script type=\"application\/ld+json\" class=\"yoast-schema-graph\">{\"@context\":\"https:\/\/schema.org\",\"@graph\":[{\"@type\":\"WebPage\",\"@id\":\"https:\/\/www.dulces-laponderosa.com\/fr\/acheter-estepa\/coffret-assortiment-sans-gluten-450g\/\",\"url\":\"https:\/\/www.dulces-laponderosa.com\/fr\/acheter-estepa\/coffret-assortiment-sans-gluten-450g\/\",\"name\":\"Coffret Assortiment Sans Gluten 450G - Dulces La Ponderosa\",\"isPartOf\":{\"@id\":\"https:\/\/www.dulces-laponderosa.com\/fr\/#website\"},\"primaryImageOfPage\":{\"@id\":\"https:\/\/www.dulces-laponderosa.com\/fr\/acheter-estepa\/coffret-assortiment-sans-gluten-450g\/#primaryimage\"},\"image\":{\"@id\":\"https:\/\/www.dulces-laponderosa.com\/fr\/acheter-estepa\/coffret-assortiment-sans-gluten-450g\/#primaryimage\"},\"thumbnailUrl\":\"https:\/\/www.dulces-laponderosa.com\/wp-content\/uploads\/2021\/10\/estuche_singluten-1-scaled-e1635146377829.jpg\",\"datePublished\":\"2021-10-21T10:27:28+00:00\",\"dateModified\":\"2025-09-17T14:50:37+00:00\",\"description\":\"Coffret assorti sans gluten. Notre s\u00e9lection de produits sans gluten plus traditionnels : beurre de cannelle, cacao, citron...\",\"breadcrumb\":{\"@id\":\"https:\/\/www.dulces-laponderosa.com\/fr\/acheter-estepa\/coffret-assortiment-sans-gluten-450g\/#breadcrumb\"},\"inLanguage\":\"fr-FR\",\"potentialAction\":[{\"@type\":\"ReadAction\",\"target\":[\"https:\/\/www.dulces-laponderosa.com\/fr\/acheter-estepa\/coffret-assortiment-sans-gluten-450g\/\"]}]},{\"@type\":\"ImageObject\",\"inLanguage\":\"fr-FR\",\"@id\":\"https:\/\/www.dulces-laponderosa.com\/fr\/acheter-estepa\/coffret-assortiment-sans-gluten-450g\/#primaryimage\",\"url\":\"https:\/\/www.dulces-laponderosa.com\/wp-content\/uploads\/2021\/10\/estuche_singluten-1-scaled-e1635146377829.jpg\",\"contentUrl\":\"https:\/\/www.dulces-laponderosa.com\/wp-content\/uploads\/2021\/10\/estuche_singluten-1-scaled-e1635146377829.jpg\",\"width\":2560,\"height\":1707},{\"@type\":\"BreadcrumbList\",\"@id\":\"https:\/\/www.dulces-laponderosa.com\/fr\/acheter-estepa\/coffret-assortiment-sans-gluten-450g\/#breadcrumb\",\"itemListElement\":[{\"@type\":\"ListItem\",\"position\":1,\"name\":\"Portada\",\"item\":\"https:\/\/www.dulces-laponderosa.com\/fr\/\"},{\"@type\":\"ListItem\",\"position\":2,\"name\":\"Boutique\",\"item\":\"https:\/\/www.dulces-laponderosa.com\/fr\/boutique\/\"},{\"@type\":\"ListItem\",\"position\":3,\"name\":\"Coffret Assortiment Sans Gluten 450G\"}]},{\"@type\":\"WebSite\",\"@id\":\"https:\/\/www.dulces-laponderosa.com\/fr\/#website\",\"url\":\"https:\/\/www.dulces-laponderosa.com\/fr\/\",\"name\":\"Dulces La Ponderosa\",\"description\":\"Dulces de Navidad desde 1955\",\"potentialAction\":[{\"@type\":\"SearchAction\",\"target\":{\"@type\":\"EntryPoint\",\"urlTemplate\":\"https:\/\/www.dulces-laponderosa.com\/fr\/?s={search_term_string}\"},\"query-input\":{\"@type\":\"PropertyValueSpecification\",\"valueRequired\":true,\"valueName\":\"search_term_string\"}}],\"inLanguage\":\"fr-FR\"}]}<\/script>\n<!-- \/ Yoast SEO plugin. -->","yoast_head_json":{"title":"Coffret Assortiment Sans Gluten 450G - Dulces La Ponderosa","description":"Coffret assorti sans gluten. Notre s\u00e9lection de produits sans gluten plus traditionnels : beurre de cannelle, cacao, citron...","robots":{"index":"index","follow":"follow","max-snippet":"max-snippet:-1","max-image-preview":"max-image-preview:large","max-video-preview":"max-video-preview:-1"},"canonical":"https:\/\/www.dulces-laponderosa.com\/fr\/acheter-estepa\/coffret-assortiment-sans-gluten-450g\/","og_locale":"fr_FR","og_type":"article","og_title":"Coffret Assortiment Sans Gluten 450G - Dulces La Ponderosa","og_description":"Coffret assorti sans gluten. Notre s\u00e9lection de produits sans gluten plus traditionnels : beurre de cannelle, cacao, citron...","og_url":"https:\/\/www.dulces-laponderosa.com\/fr\/acheter-estepa\/coffret-assortiment-sans-gluten-450g\/","og_site_name":"Dulces La Ponderosa","article_modified_time":"2025-09-17T14:50:37+00:00","og_image":[{"width":2560,"height":1707,"url":"https:\/\/www.dulces-laponderosa.com\/wp-content\/uploads\/2021\/10\/estuche_singluten-1-scaled-e1635146377829.jpg","type":"image\/jpeg"}],"twitter_card":"summary_large_image","twitter_misc":{"Dur\u00e9e de lecture estim\u00e9e":"1 minute"},"schema":{"@context":"https:\/\/schema.org","@graph":[{"@type":"WebPage","@id":"https:\/\/www.dulces-laponderosa.com\/fr\/acheter-estepa\/coffret-assortiment-sans-gluten-450g\/","url":"https:\/\/www.dulces-laponderosa.com\/fr\/acheter-estepa\/coffret-assortiment-sans-gluten-450g\/","name":"Coffret Assortiment Sans Gluten 450G - Dulces La Ponderosa","isPartOf":{"@id":"https:\/\/www.dulces-laponderosa.com\/fr\/#website"},"primaryImageOfPage":{"@id":"https:\/\/www.dulces-laponderosa.com\/fr\/acheter-estepa\/coffret-assortiment-sans-gluten-450g\/#primaryimage"},"image":{"@id":"https:\/\/www.dulces-laponderosa.com\/fr\/acheter-estepa\/coffret-assortiment-sans-gluten-450g\/#primaryimage"},"thumbnailUrl":"https:\/\/www.dulces-laponderosa.com\/wp-content\/uploads\/2021\/10\/estuche_singluten-1-scaled-e1635146377829.jpg","datePublished":"2021-10-21T10:27:28+00:00","dateModified":"2025-09-17T14:50:37+00:00","description":"Coffret assorti sans gluten. Notre s\u00e9lection de produits sans gluten plus traditionnels : beurre de cannelle, cacao, citron...","breadcrumb":{"@id":"https:\/\/www.dulces-laponderosa.com\/fr\/acheter-estepa\/coffret-assortiment-sans-gluten-450g\/#breadcrumb"},"inLanguage":"fr-FR","potentialAction":[{"@type":"ReadAction","target":["https:\/\/www.dulces-laponderosa.com\/fr\/acheter-estepa\/coffret-assortiment-sans-gluten-450g\/"]}]},{"@type":"ImageObject","inLanguage":"fr-FR","@id":"https:\/\/www.dulces-laponderosa.com\/fr\/acheter-estepa\/coffret-assortiment-sans-gluten-450g\/#primaryimage","url":"https:\/\/www.dulces-laponderosa.com\/wp-content\/uploads\/2021\/10\/estuche_singluten-1-scaled-e1635146377829.jpg","contentUrl":"https:\/\/www.dulces-laponderosa.com\/wp-content\/uploads\/2021\/10\/estuche_singluten-1-scaled-e1635146377829.jpg","width":2560,"height":1707},{"@type":"BreadcrumbList","@id":"https:\/\/www.dulces-laponderosa.com\/fr\/acheter-estepa\/coffret-assortiment-sans-gluten-450g\/#breadcrumb","itemListElement":[{"@type":"ListItem","position":1,"name":"Portada","item":"https:\/\/www.dulces-laponderosa.com\/fr\/"},{"@type":"ListItem","position":2,"name":"Boutique","item":"https:\/\/www.dulces-laponderosa.com\/fr\/boutique\/"},{"@type":"ListItem","position":3,"name":"Coffret Assortiment Sans Gluten 450G"}]},{"@type":"WebSite","@id":"https:\/\/www.dulces-laponderosa.com\/fr\/#website","url":"https:\/\/www.dulces-laponderosa.com\/fr\/","name":"Dulces La Ponderosa","description":"Dulces de Navidad desde 1955","potentialAction":[{"@type":"SearchAction","target":{"@type":"EntryPoint","urlTemplate":"https:\/\/www.dulces-laponderosa.com\/fr\/?s={search_term_string}"},"query-input":{"@type":"PropertyValueSpecification","valueRequired":true,"valueName":"search_term_string"}}],"inLanguage":"fr-FR"}]}},"_links":{"self":[{"href":"https:\/\/www.dulces-laponderosa.com\/fr\/wp-json\/wp\/v2\/product\/8338","targetHints":{"allow":["GET"]}}],"collection":[{"href":"https:\/\/www.dulces-laponderosa.com\/fr\/wp-json\/wp\/v2\/product"}],"about":[{"href":"https:\/\/www.dulces-laponderosa.com\/fr\/wp-json\/wp\/v2\/types\/product"}],"replies":[{"embeddable":true,"href":"https:\/\/www.dulces-laponderosa.com\/fr\/wp-json\/wp\/v2\/comments?post=8338"}],"wp:featuredmedia":[{"embeddable":true,"href":"https:\/\/www.dulces-laponderosa.com\/fr\/wp-json\/wp\/v2\/media\/8345"}],"wp:attachment":[{"href":"https:\/\/www.dulces-laponderosa.com\/fr\/wp-json\/wp\/v2\/media?parent=8338"}],"wp:term":[{"taxonomy":"product_brand","embeddable":true,"href":"https:\/\/www.dulces-laponderosa.com\/fr\/wp-json\/wp\/v2\/product_brand?post=8338"},{"taxonomy":"product_cat","embeddable":true,"href":"https:\/\/www.dulces-laponderosa.com\/fr\/wp-json\/wp\/v2\/product_cat?post=8338"},{"taxonomy":"product_tag","embeddable":true,"href":"https:\/\/www.dulces-laponderosa.com\/fr\/wp-json\/wp\/v2\/product_tag?post=8338"}],"curies":[{"name":"wp","href":"https:\/\/api.w.org\/{rel}","templated":true}]}}